{"id":30938,"date":"2025-02-03T20:36:28","date_gmt":"2025-02-03T19:36:28","guid":{"rendered":"https:\/\/truckned.nl\/?post_type=product&#038;p=30938"},"modified":"2026-03-09T09:41:30","modified_gmt":"2026-03-09T08:41:30","slug":"strands-for9t-scale-positielicht-oranje","status":"publish","type":"product","link":"https:\/\/truckned.nl\/de\/produkt\/strands-for9t-scale-positielicht-oranje\/","title":{"rendered":"Strands FOR9T Scale Positionslicht orange"},"content":{"rendered":"<p><span style=\"color: #000000;\"><strong>SStrands FOR9T Scale Positionslicht ORANGE, f\u00fcr 12 &amp; 24 Volt.\u00a0 \u00a0<\/strong><\/span><\/p>\n<p><span style=\"color: #000000;\">Suchen Sie nach einer stylischen Begrenzungsleuchte mit Rauchglas, die leuchtend orangefarbenes LED-Licht ausstrahlt? Dann ist das Strands FOR9T Scale Positionslicht ORANGE mit Rauchglas genau das Richtige f\u00fcr Sie. Diese vollst\u00e4ndig ledig-zugelassene LED-Lampe wird mit einem praktischen Befestigungsgummi und einem extra langen 5-Meter-Anschlusskabel geliefert. Dank der Kompatibilit\u00e4t mit 12 und 24 Volt k\u00f6nnen Sie diese Lampe problemlos an einem Auto, LKW, Anh\u00e4nger oder anderen Fahrzeug montieren.<\/span><\/p>\n<p><span style=\"color: #000000;\">Diese Begrenzungsleuchte gen\u00fcgt h\u00f6chsten Qualit\u00e4tsanspr\u00fcchen. Das Rauchglas sorgt f\u00fcr ein elegantes und modernes Aussehen, w\u00e4hrend die leistungsstarke orange LED-Beleuchtung optimale Sichtbarkeit bietet. Mit dem ECE R10 und ECE R148 G\u00fctezeichen ist diese Lampe offiziell als Konturbeleuchtung zugelassen und f\u00fcr den professionellen Einsatz geeignet. Die Waage Strands FOR9T wird einzeln und mit Handbuch geliefert, sodass Sie sofort loslegen k\u00f6nnen.<\/span><\/p>\n<div class=\"truncated\">\n<h5><span style=\"color: #000000;\"><strong>Abmessungen:<\/strong><\/span><\/h5>\n<p><span style=\"color: #000000;\">Damit Sie die Konturenbeleuchtung mit dunklem Glas \u00fcberall anbringen k\u00f6nnen, wo Sie m\u00f6chten, haben wir im Folgenden die Ma\u00dfe f\u00fcr Sie aufgelistet. Das Strands FOR9T Scale Positionslicht ORANGE mit Rauchglas hat folgende Abmessungen:<\/span><\/p>\n<\/div>\n<div class=\"truncated\">\n<ul>\n<li><span style=\"color: #000000;\">L\u00e4nge: 116,5 mm<\/span><\/li>\n<li><span style=\"color: #000000;\">H\u00f6he: 54,0 mm<\/span><\/li>\n<li><span style=\"color: #000000;\">Dicke: 22,0 mm<\/span><\/li>\n<li><span style=\"color: #000000;\">HoH: 90,0 mm<\/span><\/li>\n<\/ul>\n<h5><span style=\"color: #000000;\"><strong>Andere Versionen:<\/strong><\/span><\/h5>\n<p><span style=\"color: #000000;\">Sie suchen eine LED Lampe aus der Strands FOR9T Reihe, aber die FOR9T Scale Positionslampe ORANGE ist nicht genau das was Sie brauchen? Keine Sorge, innerhalb dieser Linie finden Sie verschiedene Modelle, sodass es immer eine Version gibt, die Ihren Anforderungen entspricht. Dann sehen Sie sich hier die alternativen Optionen an:<\/span><\/p>\n<\/div>\n<ul>\n<li><a href=\"https:\/\/truckned.nl\/de\/produkt\/strands-for9t-no-glare-werklamp-78w\/\"><span style=\"color: #000000;\"><strong>For9t Arbeitsscheinwerfer 78w<\/strong><\/span><\/a><\/li>\n<li><a href=\"https:\/\/truckned.nl\/de\/produkt\/strands-for9t-no-glare-werklamp-31w\/\"><span style=\"color: #000000;\"><strong>For9t Arbeitsscheinwerfer 31w<\/strong><\/span><\/a><\/li>\n<li><a href=\"https:\/\/truckned.nl\/de\/produkt\/strands-for9t-scale-positielicht-rood\/\"><span style=\"color: #000000;\"><strong>For9t Scale rot<\/strong><\/span><\/a><\/li>\n<li><a href=\"https:\/\/truckned.nl\/de\/produkt\/strands-for9t-scale-positielicht-wit\/\"><span style=\"color: #000000;\"><strong>For9t Scale wei\u00df<\/strong><\/span><\/a><\/li>\n<\/ul>\n<p><span style=\"color: #000000;\">Sie sind immer noch nicht v\u00f6llig \u00fcberzeugt, nachdem Sie sich alle Spezifikationen und Bilder des Strands FOR9T Scale-Positionslichts ORANGE angesehen haben? Dies kann daran liegen, dass Form, Lichtleistung oder Farbe nicht ganz Ihren W\u00fcnschen entsprechen. Kein Problem! Sehen Sie sich die komplette <a style=\"color: #000000;\" href=\"https:\/\/truckned.nl\/de\/merk\/produkt-strands-beleuchtungsabteilung\/\" target=\"_blank\" rel=\"noopener\">Strands<\/a> Sortiment und finden Sie heraus, ob die perfekte Lampe f\u00fcr Sie dabei ist.<\/span><\/p>","protected":false},"excerpt":{"rendered":"<p>Strands FOR9T Scale Positionsleuchte ORANGE, f\u00fcr 12 &amp; 24 Volt. Suchen Sie eine stylische Positionsleuchte mit Rauchglas, die leuchtend orangefarbenes LED Licht ausstrahlt? Dann ist die Strands FOR9T Scale Positionsleuchte ORANGE mit Rauchglas genau das Richtige f\u00fcr Sie. Diese vollst\u00e4ndig ledig-zugelassene LED Leuchte wird mit einem praktischen Befestigungsgummi und einem extralangen Anschlusskabel geliefert [\u2026]<\/p>","protected":false},"featured_media":33452,"comment_status":"open","ping_status":"closed","template":"","meta":{"_acf_changed":false,"site-sidebar-layout":"default","site-content-layout":"default","ast-site-content-layout":"default","site-content-style":"default","site-sidebar-style":"default","ast-global-header-display":"","ast-banner-title-visibility":"","ast-main-header-display":"","ast-hfb-above-header-display":"","ast-hfb-below-header-display":"","ast-hfb-mobile-header-display":"","site-post-title":"","ast-breadcrumbs-content":"","ast-featured-img":"","footer-sml-layout":"","ast-disable-related-posts":"","theme-transparent-header-meta":"default","adv-header-id-meta":"","stick-header-meta":"","header-above-stick-meta":"","header-main-stick-meta":"","header-below-stick-meta":"","astra-migrate-meta-layouts":"set","ast-page-background-enabled":"default","ast-page-background-meta":{"desktop":{"background-color":"","background-image":"","background-repeat":"repeat","background-position":"center center","background-size":"auto","background-attachment":"scroll","background-type":"","background-media":"","overlay-type":"","overlay-color":"","overlay-opacity":"","overlay-gradient":""},"tablet":{"background-color":"","background-image":"","background-repeat":"repeat","background-position":"center center","background-size":"auto","background-attachment":"scroll","background-type":"","background-media":"","overlay-type":"","overlay-color":"","overlay-opacity":"","overlay-gradient":""},"mobile":{"background-color":"","background-image":"","background-repeat":"repeat","background-position":"center center","background-size":"auto","background-attachment":"scroll","background-type":"","background-media":"","overlay-type":"","overlay-color":"","overlay-opacity":"","overlay-gradient":""}},"ast-content-background-meta":{"desktop":{"background-color":"var(--ast-global-color-5)","background-image":"","background-repeat":"repeat","background-position":"center center","background-size":"auto","background-attachment":"scroll","background-type":"","background-media":"","overlay-type":"","overlay-color":"","overlay-opacity":"","overlay-gradient":""},"tablet":{"background-color":"var(--ast-global-color-5)","background-image":"","background-repeat":"repeat","background-position":"center center","background-size":"auto","background-attachment":"scroll","background-type":"","background-media":"","overlay-type":"","overlay-color":"","overlay-opacity":"","overlay-gradient":""},"mobile":{"background-color":"var(--ast-global-color-5)","background-image":"","background-repeat":"repeat","background-position":"center center","background-size":"auto","background-attachment":"scroll","background-type":"","background-media":"","overlay-type":"","overlay-color":"","overlay-opacity":"","overlay-gradient":""}}},"product_brand":[],"product_cat":[7529],"product_tag":[],"class_list":{"0":"post-30938","1":"product","2":"type-product","3":"status-publish","4":"has-post-thumbnail","6":"product_cat-verlichting-markeringslampen","7":"pa_merkk-product-strands-lighting-division","8":"desktop-align-left","9":"tablet-align-left","10":"mobile-align-left","12":"first","13":"instock","14":"taxable","15":"shipping-taxable","16":"purchasable","17":"product-type-simple"},"acf":[],"yoast_head":"<!-- This site is optimized with the Yoast SEO Premium plugin v26.5 (Yoast SEO v26.5) - https:\/\/yoast.com\/wordpress\/plugins\/seo\/ -->\n<title>Strands FOR9T SCALE positielicht oranje - Truckned - voor truck &amp; trailer<\/title>\n<meta name=\"description\" content=\"Strands FOR9T Scale LED positielicht oranje - ECE R148 keurmerk - contourverlichting - markeringslamp met SMOKE lens - vrachtwagen, aanhanger en meer\" \/>\n<meta name=\"robots\" content=\"index, follow, max-snippet:-1, max-image-preview:large, max-video-preview:-1\" \/>\n<link rel=\"canonical\" href=\"https:\/\/truckned.nl\/de\/produkt\/strands-for9t-scale-positielicht-oranje\/\" \/>\n<meta property=\"og:locale\" content=\"de_DE\" \/>\n<meta property=\"og:type\" content=\"article\" \/>\n<meta property=\"og:title\" content=\"Strands FOR9T SCALE positielicht oranje - Truckned - voor truck &amp; trailer\" \/>\n<meta property=\"og:description\" content=\"Strands FOR9T Scale LED positielicht oranje - ECE R148 keurmerk - contourverlichting - markeringslamp met SMOKE lens - vrachtwagen, aanhanger en meer\" \/>\n<meta property=\"og:url\" content=\"https:\/\/truckned.nl\/de\/produkt\/strands-for9t-scale-positielicht-oranje\/\" \/>\n<meta property=\"og:site_name\" content=\"Truckned\" \/>\n<meta property=\"article:publisher\" content=\"https:\/\/www.facebook.com\/truckned\/\" \/>\n<meta property=\"article:modified_time\" content=\"2026-03-09T08:41:30+00:00\" \/>\n<meta property=\"og:image\" content=\"https:\/\/truckned.nl\/wp-content\/uploads\/2025\/02\/TN-850452-SM-1.png\" \/>\n\t<meta property=\"og:image:width\" content=\"800\" \/>\n\t<meta property=\"og:image:height\" content=\"800\" \/>\n\t<meta property=\"og:image:type\" content=\"image\/png\" \/>\n<meta name=\"twitter:label1\" content=\"Preis\" \/>\n\t<meta name=\"twitter:data1\" content=\"&euro;19,00\" \/>\n\t<meta name=\"twitter:label2\" content=\"Verf\u00fcgbarkeit\" \/>\n\t<meta name=\"twitter:data2\" content=\"Auf Lager\" \/>\n<script type=\"application\/ld+json\" class=\"yoast-schema-graph\">{\"@context\":\"https:\/\/schema.org\",\"@graph\":[{\"@type\":[\"WebPage\",\"ItemPage\"],\"@id\":\"https:\/\/truckned.nl\/product\/strands-for9t-scale-positielicht-oranje\/\",\"url\":\"https:\/\/truckned.nl\/product\/strands-for9t-scale-positielicht-oranje\/\",\"name\":\"Strands FOR9T SCALE positielicht oranje - Truckned - voor truck & trailer\",\"isPartOf\":{\"@id\":\"https:\/\/truckned.nl\/nl\/#website\"},\"primaryImageOfPage\":{\"@id\":\"https:\/\/truckned.nl\/product\/strands-for9t-scale-positielicht-oranje\/#primaryimage\"},\"image\":{\"@id\":\"https:\/\/truckned.nl\/product\/strands-for9t-scale-positielicht-oranje\/#primaryimage\"},\"thumbnailUrl\":\"https:\/\/truckned.nl\/wp-content\/uploads\/2025\/02\/TN-850452-00.png\",\"datePublished\":\"2025-02-03T19:36:28+00:00\",\"dateModified\":\"2026-03-09T08:41:30+00:00\",\"description\":\"Strands FOR9T Scale LED positielicht oranje - ECE R148 keurmerk - contourverlichting - markeringslamp met SMOKE lens - vrachtwagen, aanhanger en meer\",\"breadcrumb\":{\"@id\":\"https:\/\/truckned.nl\/product\/strands-for9t-scale-positielicht-oranje\/#breadcrumb\"},\"inLanguage\":\"de\",\"potentialAction\":[{\"@type\":\"ReadAction\",\"target\":[\"https:\/\/truckned.nl\/product\/strands-for9t-scale-positielicht-oranje\/\"]}]},{\"@type\":\"ImageObject\",\"inLanguage\":\"de\",\"@id\":\"https:\/\/truckned.nl\/product\/strands-for9t-scale-positielicht-oranje\/#primaryimage\",\"url\":\"https:\/\/truckned.nl\/wp-content\/uploads\/2025\/02\/TN-850452-00.png\",\"contentUrl\":\"https:\/\/truckned.nl\/wp-content\/uploads\/2025\/02\/TN-850452-00.png\",\"width\":800,\"height\":800,\"caption\":\"Strands 850452\"},{\"@type\":\"BreadcrumbList\",\"@id\":\"https:\/\/truckned.nl\/product\/strands-for9t-scale-positielicht-oranje\/#breadcrumb\",\"itemListElement\":[{\"@type\":\"ListItem\",\"position\":1,\"name\":\"Home\",\"item\":\"https:\/\/truckned.nl\/\"},{\"@type\":\"ListItem\",\"position\":2,\"name\":\"Shop\",\"item\":\"https:\/\/truckned.nl\/nl\/shop\/\"},{\"@type\":\"ListItem\",\"position\":3,\"name\":\"Verlichting\",\"item\":\"https:\/\/truckned.nl\/de\/produkt-kategorie\/verlichting\/\"},{\"@type\":\"ListItem\",\"position\":4,\"name\":\"Markeringslampen\",\"item\":\"https:\/\/truckned.nl\/nl\/product-categorie\/verlichting\/verlichting-markeringslampen\/\"},{\"@type\":\"ListItem\",\"position\":5,\"name\":\"Strands FOR9T Scale positielicht oranje\"}]},{\"@type\":\"WebSite\",\"@id\":\"https:\/\/truckned.nl\/nl\/#website\",\"url\":\"https:\/\/truckned.nl\/nl\/\",\"name\":\"Truckned\",\"description\":\"\",\"publisher\":{\"@id\":\"https:\/\/truckned.nl\/nl\/#organization\"},\"potentialAction\":[{\"@type\":\"SearchAction\",\"target\":{\"@type\":\"EntryPoint\",\"urlTemplate\":\"https:\/\/truckned.nl\/nl\/?s={search_term_string}\"},\"query-input\":{\"@type\":\"PropertyValueSpecification\",\"valueRequired\":true,\"valueName\":\"search_term_string\"}}],\"inLanguage\":\"de\"},{\"@type\":\"Organization\",\"@id\":\"https:\/\/truckned.nl\/nl\/#organization\",\"name\":\"Truckned\",\"url\":\"https:\/\/truckned.nl\/nl\/\",\"logo\":{\"@type\":\"ImageObject\",\"inLanguage\":\"de\",\"@id\":\"https:\/\/truckned.nl\/nl\/#\/schema\/logo\/image\/\",\"url\":\"https:\/\/truckned.nl\/wp-content\/uploads\/2022\/10\/800x800-Truckned-logo-zonder-tekst-ZWART.png\",\"contentUrl\":\"https:\/\/truckned.nl\/wp-content\/uploads\/2022\/10\/800x800-Truckned-logo-zonder-tekst-ZWART.png\",\"width\":801,\"height\":801,\"caption\":\"Truckned\"},\"image\":{\"@id\":\"https:\/\/truckned.nl\/nl\/#\/schema\/logo\/image\/\"},\"sameAs\":[\"https:\/\/www.facebook.com\/truckned\/\",\"https:\/\/www.instagram.com\/truckned\/\"],\"vatID\":\"NL863960509B01\",\"taxID\":\"86417487\",\"hasMerchantReturnPolicy\":{\"@type\":\"MerchantReturnPolicy\",\"merchantReturnLink\":\"https:\/\/truckned.nl\/de\/versand-rucksendungen\/\"}}]}<\/script>\n<meta property=\"product:brand\" content=\"Strands\" \/>\n<meta property=\"product:price:amount\" content=\"19.00\" \/>\n<meta property=\"product:price:currency\" content=\"EUR\" \/>\n<meta property=\"og:availability\" content=\"instock\" \/>\n<meta property=\"product:availability\" content=\"instock\" \/>\n<meta property=\"product:retailer_item_id\" content=\"TN-850452\" \/>\n<meta property=\"product:condition\" content=\"new\" \/>\n<!-- \/ Yoast SEO Premium plugin. -->","yoast_head_json":{"title":"Strands FOR9T SCALE Positionslicht orange - Truckned - f\u00fcr LKW &amp; Anh\u00e4nger","description":"Strands FOR9T Scale LED Positionslicht orange - ECE R148 Zulassung - Umrissbeleuchtung - Markierungsleuchte mit SMOKE Linse - LKW, Anh\u00e4nger und mehr","robots":{"index":"index","follow":"follow","max-snippet":"max-snippet:-1","max-image-preview":"max-image-preview:large","max-video-preview":"max-video-preview:-1"},"canonical":"https:\/\/truckned.nl\/de\/produkt\/strands-for9t-scale-positielicht-oranje\/","og_locale":"de_DE","og_type":"article","og_title":"Strands FOR9T SCALE positielicht oranje - Truckned - voor truck & trailer","og_description":"Strands FOR9T Scale LED positielicht oranje - ECE R148 keurmerk - contourverlichting - markeringslamp met SMOKE lens - vrachtwagen, aanhanger en meer","og_url":"https:\/\/truckned.nl\/de\/produkt\/strands-for9t-scale-positielicht-oranje\/","og_site_name":"Truckned","article_publisher":"https:\/\/www.facebook.com\/truckned\/","article_modified_time":"2026-03-09T08:41:30+00:00","og_image":[{"width":800,"height":800,"url":"https:\/\/truckned.nl\/wp-content\/uploads\/2025\/02\/TN-850452-SM-1.png","type":"image\/png"}],"twitter_misc":{"Preis":"&euro;19,00","Verf\u00fcgbarkeit":"Auf Lager"},"schema":{"@context":"https:\/\/schema.org","@graph":[{"@type":["WebPage","ItemPage"],"@id":"https:\/\/truckned.nl\/product\/strands-for9t-scale-positielicht-oranje\/","url":"https:\/\/truckned.nl\/product\/strands-for9t-scale-positielicht-oranje\/","name":"Strands FOR9T SCALE Positionslicht orange - Truckned - f\u00fcr LKW &amp; Anh\u00e4nger","isPartOf":{"@id":"https:\/\/truckned.nl\/nl\/#website"},"primaryImageOfPage":{"@id":"https:\/\/truckned.nl\/product\/strands-for9t-scale-positielicht-oranje\/#primaryimage"},"image":{"@id":"https:\/\/truckned.nl\/product\/strands-for9t-scale-positielicht-oranje\/#primaryimage"},"thumbnailUrl":"https:\/\/truckned.nl\/wp-content\/uploads\/2025\/02\/TN-850452-00.png","datePublished":"2025-02-03T19:36:28+00:00","dateModified":"2026-03-09T08:41:30+00:00","description":"Strands FOR9T Scale LED Positionslicht orange - ECE R148 Zulassung - Umrissbeleuchtung - Markierungsleuchte mit SMOKE Linse - LKW, Anh\u00e4nger und mehr","breadcrumb":{"@id":"https:\/\/truckned.nl\/product\/strands-for9t-scale-positielicht-oranje\/#breadcrumb"},"inLanguage":"de","potentialAction":[{"@type":"ReadAction","target":["https:\/\/truckned.nl\/product\/strands-for9t-scale-positielicht-oranje\/"]}]},{"@type":"ImageObject","inLanguage":"de","@id":"https:\/\/truckned.nl\/product\/strands-for9t-scale-positielicht-oranje\/#primaryimage","url":"https:\/\/truckned.nl\/wp-content\/uploads\/2025\/02\/TN-850452-00.png","contentUrl":"https:\/\/truckned.nl\/wp-content\/uploads\/2025\/02\/TN-850452-00.png","width":800,"height":800,"caption":"Strands 850452"},{"@type":"BreadcrumbList","@id":"https:\/\/truckned.nl\/product\/strands-for9t-scale-positielicht-oranje\/#breadcrumb","itemListElement":[{"@type":"ListItem","position":1,"name":"Home","item":"https:\/\/truckned.nl\/"},{"@type":"ListItem","position":2,"name":"Shop","item":"https:\/\/truckned.nl\/nl\/shop\/"},{"@type":"ListItem","position":3,"name":"Verlichting","item":"https:\/\/truckned.nl\/de\/produkt-kategorie\/verlichting\/"},{"@type":"ListItem","position":4,"name":"Markeringslampen","item":"https:\/\/truckned.nl\/nl\/product-categorie\/verlichting\/verlichting-markeringslampen\/"},{"@type":"ListItem","position":5,"name":"Strands FOR9T Scale positielicht oranje"}]},{"@type":"WebSite","@id":"https:\/\/truckned.nl\/nl\/#website","url":"https:\/\/truckned.nl\/nl\/","name":"Truckned","description":"","publisher":{"@id":"https:\/\/truckned.nl\/nl\/#organization"},"potentialAction":[{"@type":"SearchAction","target":{"@type":"EntryPoint","urlTemplate":"https:\/\/truckned.nl\/nl\/?s={search_term_string}"},"query-input":{"@type":"PropertyValueSpecification","valueRequired":true,"valueName":"search_term_string"}}],"inLanguage":"de"},{"@type":"Organization","@id":"https:\/\/truckned.nl\/nl\/#organization","name":"Truckned","url":"https:\/\/truckned.nl\/nl\/","logo":{"@type":"ImageObject","inLanguage":"de","@id":"https:\/\/truckned.nl\/nl\/#\/schema\/logo\/image\/","url":"https:\/\/truckned.nl\/wp-content\/uploads\/2022\/10\/800x800-Truckned-logo-zonder-tekst-ZWART.png","contentUrl":"https:\/\/truckned.nl\/wp-content\/uploads\/2022\/10\/800x800-Truckned-logo-zonder-tekst-ZWART.png","width":801,"height":801,"caption":"Truckned"},"image":{"@id":"https:\/\/truckned.nl\/nl\/#\/schema\/logo\/image\/"},"sameAs":["https:\/\/www.facebook.com\/truckned\/","https:\/\/www.instagram.com\/truckned\/"],"vatID":"NL863960509B01","taxID":"86417487","hasMerchantReturnPolicy":{"@type":"MerchantReturnPolicy","merchantReturnLink":"https:\/\/truckned.nl\/de\/versand-rucksendungen\/"}}]},"product_brand":"Strands","product_price_amount":"19.00","product_price_currency":"EUR","og_availability":"instock","product_availability":"instock","product_retailer_item_id":"TN-850452","product_condition":"new"},"_links":{"self":[{"href":"https:\/\/truckned.nl\/de\/wp-json\/wp\/v2\/product\/30938","targetHints":{"allow":["GET"]}}],"collection":[{"href":"https:\/\/truckned.nl\/de\/wp-json\/wp\/v2\/product"}],"about":[{"href":"https:\/\/truckned.nl\/de\/wp-json\/wp\/v2\/types\/product"}],"replies":[{"embeddable":true,"href":"https:\/\/truckned.nl\/de\/wp-json\/wp\/v2\/comments?post=30938"}],"wp:featuredmedia":[{"embeddable":true,"href":"https:\/\/truckned.nl\/de\/wp-json\/wp\/v2\/media\/33452"}],"wp:attachment":[{"href":"https:\/\/truckned.nl\/de\/wp-json\/wp\/v2\/media?parent=30938"}],"wp:term":[{"taxonomy":"product_brand","embeddable":true,"href":"https:\/\/truckned.nl\/de\/wp-json\/wp\/v2\/product_brand?post=30938"},{"taxonomy":"product_cat","embeddable":true,"href":"https:\/\/truckned.nl\/de\/wp-json\/wp\/v2\/product_cat?post=30938"},{"taxonomy":"product_tag","embeddable":true,"href":"https:\/\/truckned.nl\/de\/wp-json\/wp\/v2\/product_tag?post=30938"}],"curies":[{"name":"wp","href":"https:\/\/api.w.org\/{rel}","templated":true}]}}