{"id":31214,"date":"2025-03-11T11:38:39","date_gmt":"2025-03-11T10:38:39","guid":{"rendered":"https:\/\/truckned.nl\/?post_type=product&#038;p=31214"},"modified":"2025-12-24T11:46:51","modified_gmt":"2025-12-24T10:46:51","slug":"strands-unity-edge-37w","status":"publish","type":"product","link":"https:\/\/truckned.nl\/de\/produkt\/strands-unity-edge-37w\/","title":{"rendered":"Strands Unity EDGE 37w"},"content":{"rendered":"<p><span style=\"color: #000000;\"><strong>Strands Unity EDGE Arbeitsscheinwerfer 37w, f\u00fcr 12 und 24 Volt.\u00a0<\/strong><\/span><\/p>\n<p><span style=\"color: #000000;\">Suchen Sie nach einem kompakten und leistungsstarken Arbeitsscheinwerfer LED von Strands? Dann ist die Arbeitsleuchte Strands Unity EDGE 37W eine ausgezeichnete Wahl. Mit 6 leistungsstarken LED-Punkten und einer theoretischen Lichtleistung von 5670 Lumen sorgt diese kleine Arbeitsleuchte f\u00fcr helles wei\u00dfes Licht. Dank der 12- und 24-Volt-Kompatibilit\u00e4t k\u00f6nnen Sie es problemlos auf einem LKW, Anh\u00e4nger, Sattelauflieger oder anderen Arbeitsfahrzeugen montieren. Aufgrund ihres geringen Gewichts und ihrer kompakten Gr\u00f6\u00dfe ist diese Lampe ideal f\u00fcr Situationen, in denen Sie eine leistungsstarke Beleuchtung ben\u00f6tigen, ohne viel Platz einzunehmen.<\/span><\/p>\n<p><span style=\"color: #000000;\">Damit diese Arbeitsleuchte LED Ihren Anspr\u00fcchen gerecht wird, ist sie mit verschiedenen G\u00fctesiegeln ausgestattet. Durch die ECE R10 und CISPR25 CLASS 3 Zertifizierung wird garantiert, dass die Lampe beispielsweise keine St\u00f6rungen Ihres Radios verursacht. Dar\u00fcber hinaus stellen die IP68- und IP69K-Zertifizierungen sicher, dass die Lampe vollst\u00e4ndig staub- und wasserdicht ist und somit auch unter h\u00e4rtesten Bedingungen reibungslos funktioniert. F\u00fcr eine stabile und langlebige Befestigung wird die Arbeitsleuchte mit Edelstahl-Befestigungsmaterial geliefert. Dar\u00fcber hinaus k\u00f6nnen Sie die Lampe ganz einfach mit dem praktischen DT-2-Stecker anschlie\u00dfen, sodass Sie schnell und unkompliziert loslegen k\u00f6nnen. Mit dieser Strands Unity EDGE-Arbeitsleuchte entscheiden Sie sich f\u00fcr eine kompakte, zuverl\u00e4ssige und leistungsstarke Beleuchtungsl\u00f6sung.<\/span><\/p>\n<div class=\"truncated\">\n<h5><span style=\"color: #000000;\"><strong>Abmessungen:<\/strong><\/span><\/h5>\n<p><span style=\"color: #000000;\">Vor dem Kauf der Arbeitsleuchte LED m\u00f6chten Sie sicherstellen, dass sie perfekt an den gew\u00fcnschten Montageort passt. Daher ist es hilfreich, die genauen Abmessungen der Arbeitsleuchte Strands Unity EDGE 20W zu kennen. Diese haben wir im Folgenden f\u00fcr Sie aufgelistet:<\/span><\/p>\n<ul>\n<li><span style=\"color: #000000;\">H\u00f6he: 92 mm (109,5 mm inkl. Halterung)\u00a0<\/span><\/li>\n<li><span style=\"color: #000000;\">Breite: 92,6 mm<\/span><\/li>\n<li><span style=\"color: #000000;\">Dicke: 48,1 mm<\/span><\/li>\n<\/ul>\n<h5><span style=\"color: #000000;\"><strong>Andere Versionen:<\/strong><\/span><\/h5>\n<p><span style=\"color: #000000;\">Sie m\u00f6chten einen Arbeitsscheinwerfer LED aus der EDGE-Serie Strands einbauen, aber die 37W-Variante ist nicht genau das, was Sie suchen? Kein Problem! Strands bietet diese Arbeitsleuchte in mehreren Lichtst\u00e4rken an, sodass Sie immer ein Modell finden, das perfekt zu Ihren Anforderungen passt. Sehen Sie sich unten die verschiedenen Optionen an, die wir in unserem Sortiment haben, und w\u00e4hlen Sie die Version aus, die am besten zu Ihrer Anwendung passt.<\/span><\/p>\n<\/div>\n<ul>\n<li><a href=\"https:\/\/truckned.nl\/de\/produkt\/strands-unity-edge-20w\/\"><span style=\"color: #000000;\"><strong>Strands Arbeitsscheinwerfer 20w<\/strong><\/span><\/a><\/li>\n<\/ul>\n<p><span style=\"color: #000000;\">Sind Sie nach dem Lesen der Spezifikationen und dem Betrachten der Fotos immer noch nicht vollst\u00e4ndig \u00fcberzeugt? Dies kann daran liegen, dass Form, Lichtleistung oder Farbe der Strands Unity EDGE 37W Arbeitsleuchte nicht genau Ihren W\u00fcnschen entsprechen. Dann sehen Sie sich hier das komplette Sortiment an <a style=\"color: #000000;\" href=\"https:\/\/truckned.nl\/de\/merk\/produkt-strands-beleuchtungsabteilung\/\" target=\"_blank\" rel=\"noopener\">Strands<\/a>. M\u00f6glicherweise finden Sie hier das Lampenmodell, das Sie suchen.<\/span><\/p>","protected":false},"excerpt":{"rendered":"<p>Strands Unity EDGE Arbeitsleuchte 37W, f\u00fcr 12 und 24 Volt. Suchen Sie eine kompakte und leistungsstarke LED Arbeitsleuchte von Strands? Dann ist die Strands Unity EDGE 37W Arbeitsleuchte eine ausgezeichnete Wahl. Mit 6 leistungsstarken LED-Punkten und einer theoretischen Lichtleistung von 5670 Lumen sorgt diese kompakte Arbeitsleuchte f\u00fcr helles wei\u00dfes Licht. Dank der 12- und 24-Volt-Stromversorgung [\u2026]<\/p>","protected":false},"featured_media":33428,"comment_status":"open","ping_status":"closed","template":"","meta":{"_acf_changed":false,"site-sidebar-layout":"default","site-content-layout":"default","ast-site-content-layout":"default","site-content-style":"default","site-sidebar-style":"default","ast-global-header-display":"","ast-banner-title-visibility":"","ast-main-header-display":"","ast-hfb-above-header-display":"","ast-hfb-below-header-display":"","ast-hfb-mobile-header-display":"","site-post-title":"","ast-breadcrumbs-content":"","ast-featured-img":"","footer-sml-layout":"","ast-disable-related-posts":"","theme-transparent-header-meta":"default","adv-header-id-meta":"","stick-header-meta":"","header-above-stick-meta":"","header-main-stick-meta":"","header-below-stick-meta":"","astra-migrate-meta-layouts":"set","ast-page-background-enabled":"default","ast-page-background-meta":{"desktop":{"background-color":"","background-image":"","background-repeat":"repeat","background-position":"center center","background-size":"auto","background-attachment":"scroll","background-type":"","background-media":"","overlay-type":"","overlay-color":"","overlay-opacity":"","overlay-gradient":""},"tablet":{"background-color":"","background-image":"","background-repeat":"repeat","background-position":"center center","background-size":"auto","background-attachment":"scroll","background-type":"","background-media":"","overlay-type":"","overlay-color":"","overlay-opacity":"","overlay-gradient":""},"mobile":{"background-color":"","background-image":"","background-repeat":"repeat","background-position":"center center","background-size":"auto","background-attachment":"scroll","background-type":"","background-media":"","overlay-type":"","overlay-color":"","overlay-opacity":"","overlay-gradient":""}},"ast-content-background-meta":{"desktop":{"background-color":"var(--ast-global-color-5)","background-image":"","background-repeat":"repeat","background-position":"center center","background-size":"auto","background-attachment":"scroll","background-type":"","background-media":"","overlay-type":"","overlay-color":"","overlay-opacity":"","overlay-gradient":""},"tablet":{"background-color":"var(--ast-global-color-5)","background-image":"","background-repeat":"repeat","background-position":"center center","background-size":"auto","background-attachment":"scroll","background-type":"","background-media":"","overlay-type":"","overlay-color":"","overlay-opacity":"","overlay-gradient":""},"mobile":{"background-color":"var(--ast-global-color-5)","background-image":"","background-repeat":"repeat","background-position":"center center","background-size":"auto","background-attachment":"scroll","background-type":"","background-media":"","overlay-type":"","overlay-color":"","overlay-opacity":"","overlay-gradient":""}}},"product_brand":[],"product_cat":[7206],"product_tag":[373,2426,3787,2427,2419,2421,2422,2423,2420,2418],"class_list":{"0":"post-31214","1":"product","2":"type-product","3":"status-publish","4":"has-post-thumbnail","6":"product_cat-werklampen","7":"product_tag-led-werklamp","8":"product_tag-strands-led-verlichting","9":"product_tag-strands-werklamp","10":"product_tag-strands-lighting-division","11":"product_tag-werklamp-aanhanger","12":"product_tag-werklamp-heftruck","13":"product_tag-werklamp-kooiaap","14":"product_tag-werklamp-tractor","15":"product_tag-werklamp-trailer","16":"product_tag-werklamp-vrachtwagen","17":"pa_merkk-product-strands-lighting-division","18":"desktop-align-left","19":"tablet-align-left","20":"mobile-align-left","22":"first","23":"instock","24":"taxable","25":"shipping-taxable","26":"purchasable","27":"product-type-simple"},"acf":[],"yoast_head":"<!-- This site is optimized with the Yoast SEO Premium plugin v26.5 (Yoast SEO v26.5) - https:\/\/yoast.com\/wordpress\/plugins\/seo\/ -->\n<title>Strands Unity EDGE 37w - Truckned - verlichting voor truck en trailer<\/title>\n<meta name=\"description\" content=\"Strands Unity EDGE 37w - STRANDS 809276 - voorzien van een DT2 aansluitstekker - voor 12 en 24 volt - geschikt voor vrachtwagen, trailer en aanhanger.\" \/>\n<meta name=\"robots\" content=\"index, follow, max-snippet:-1, max-image-preview:large, max-video-preview:-1\" \/>\n<link rel=\"canonical\" href=\"https:\/\/truckned.nl\/de\/produkt\/strands-unity-edge-37w\/\" \/>\n<meta property=\"og:locale\" content=\"de_DE\" \/>\n<meta property=\"og:type\" content=\"article\" \/>\n<meta property=\"og:title\" content=\"Strands Unity EDGE 37w - Truckned - verlichting voor truck en trailer\" \/>\n<meta property=\"og:description\" content=\"Strands Unity EDGE 37w - STRANDS 809276 - voorzien van een DT2 aansluitstekker - voor 12 en 24 volt - geschikt voor vrachtwagen, trailer en aanhanger.\" \/>\n<meta property=\"og:url\" content=\"https:\/\/truckned.nl\/de\/produkt\/strands-unity-edge-37w\/\" \/>\n<meta property=\"og:site_name\" content=\"Truckned\" \/>\n<meta property=\"article:publisher\" content=\"https:\/\/www.facebook.com\/truckned\/\" \/>\n<meta property=\"article:modified_time\" content=\"2025-12-24T10:46:51+00:00\" \/>\n<meta property=\"og:image\" content=\"https:\/\/truckned.nl\/wp-content\/uploads\/2025\/03\/TN-809276-SM-1.png\" \/>\n\t<meta property=\"og:image:width\" content=\"800\" \/>\n\t<meta property=\"og:image:height\" content=\"800\" \/>\n\t<meta property=\"og:image:type\" content=\"image\/png\" \/>\n<meta name=\"twitter:label1\" content=\"Preis\" \/>\n\t<meta name=\"twitter:data1\" content=\"&euro;49,95\" \/>\n\t<meta name=\"twitter:label2\" content=\"Verf\u00fcgbarkeit\" \/>\n\t<meta name=\"twitter:data2\" content=\"Auf Lager\" \/>\n<script type=\"application\/ld+json\" class=\"yoast-schema-graph\">{\"@context\":\"https:\/\/schema.org\",\"@graph\":[{\"@type\":[\"WebPage\",\"ItemPage\"],\"@id\":\"https:\/\/truckned.nl\/product\/strands-unity-edge-37w\/\",\"url\":\"https:\/\/truckned.nl\/product\/strands-unity-edge-37w\/\",\"name\":\"Strands Unity EDGE 37w - Truckned - verlichting voor truck en trailer\",\"isPartOf\":{\"@id\":\"https:\/\/truckned.nl\/nl\/#website\"},\"primaryImageOfPage\":{\"@id\":\"https:\/\/truckned.nl\/product\/strands-unity-edge-37w\/#primaryimage\"},\"image\":{\"@id\":\"https:\/\/truckned.nl\/product\/strands-unity-edge-37w\/#primaryimage\"},\"thumbnailUrl\":\"https:\/\/truckned.nl\/wp-content\/uploads\/2025\/03\/TN-809276-1.png\",\"datePublished\":\"2025-03-11T10:38:39+00:00\",\"dateModified\":\"2025-12-24T10:46:51+00:00\",\"description\":\"Strands Unity EDGE 37w - STRANDS 809276 - voorzien van een DT2 aansluitstekker - voor 12 en 24 volt - geschikt voor vrachtwagen, trailer en aanhanger.\",\"breadcrumb\":{\"@id\":\"https:\/\/truckned.nl\/product\/strands-unity-edge-37w\/#breadcrumb\"},\"inLanguage\":\"de\",\"potentialAction\":[{\"@type\":\"ReadAction\",\"target\":[\"https:\/\/truckned.nl\/product\/strands-unity-edge-37w\/\"]}]},{\"@type\":\"ImageObject\",\"inLanguage\":\"de\",\"@id\":\"https:\/\/truckned.nl\/product\/strands-unity-edge-37w\/#primaryimage\",\"url\":\"https:\/\/truckned.nl\/wp-content\/uploads\/2025\/03\/TN-809276-1.png\",\"contentUrl\":\"https:\/\/truckned.nl\/wp-content\/uploads\/2025\/03\/TN-809276-1.png\",\"width\":800,\"height\":800,\"caption\":\"Strands 809276\"},{\"@type\":\"BreadcrumbList\",\"@id\":\"https:\/\/truckned.nl\/product\/strands-unity-edge-37w\/#breadcrumb\",\"itemListElement\":[{\"@type\":\"ListItem\",\"position\":1,\"name\":\"Home\",\"item\":\"https:\/\/truckned.nl\/\"},{\"@type\":\"ListItem\",\"position\":2,\"name\":\"Shop\",\"item\":\"https:\/\/truckned.nl\/nl\/shop\/\"},{\"@type\":\"ListItem\",\"position\":3,\"name\":\"Werklampen\",\"item\":\"https:\/\/truckned.nl\/de\/produkt-kategorie\/werklampen\/\"},{\"@type\":\"ListItem\",\"position\":4,\"name\":\"Strands Unity EDGE 37w\"}]},{\"@type\":\"WebSite\",\"@id\":\"https:\/\/truckned.nl\/nl\/#website\",\"url\":\"https:\/\/truckned.nl\/nl\/\",\"name\":\"Truckned\",\"description\":\"\",\"publisher\":{\"@id\":\"https:\/\/truckned.nl\/nl\/#organization\"},\"potentialAction\":[{\"@type\":\"SearchAction\",\"target\":{\"@type\":\"EntryPoint\",\"urlTemplate\":\"https:\/\/truckned.nl\/nl\/?s={search_term_string}\"},\"query-input\":{\"@type\":\"PropertyValueSpecification\",\"valueRequired\":true,\"valueName\":\"search_term_string\"}}],\"inLanguage\":\"de\"},{\"@type\":\"Organization\",\"@id\":\"https:\/\/truckned.nl\/nl\/#organization\",\"name\":\"Truckned\",\"url\":\"https:\/\/truckned.nl\/nl\/\",\"logo\":{\"@type\":\"ImageObject\",\"inLanguage\":\"de\",\"@id\":\"https:\/\/truckned.nl\/nl\/#\/schema\/logo\/image\/\",\"url\":\"https:\/\/truckned.nl\/wp-content\/uploads\/2022\/10\/800x800-Truckned-logo-zonder-tekst-ZWART.png\",\"contentUrl\":\"https:\/\/truckned.nl\/wp-content\/uploads\/2022\/10\/800x800-Truckned-logo-zonder-tekst-ZWART.png\",\"width\":801,\"height\":801,\"caption\":\"Truckned\"},\"image\":{\"@id\":\"https:\/\/truckned.nl\/nl\/#\/schema\/logo\/image\/\"},\"sameAs\":[\"https:\/\/www.facebook.com\/truckned\/\",\"https:\/\/www.instagram.com\/truckned\/\"],\"vatID\":\"NL863960509B01\",\"taxID\":\"86417487\",\"hasMerchantReturnPolicy\":{\"@type\":\"MerchantReturnPolicy\",\"merchantReturnLink\":\"https:\/\/truckned.nl\/de\/versand-rucksendungen\/\"}}]}<\/script>\n<meta property=\"product:brand\" content=\"Strands\" \/>\n<meta property=\"product:price:amount\" content=\"49.95\" \/>\n<meta property=\"product:price:currency\" content=\"EUR\" \/>\n<meta property=\"og:availability\" content=\"instock\" \/>\n<meta property=\"product:availability\" content=\"instock\" \/>\n<meta property=\"product:retailer_item_id\" content=\"TN-809276\" \/>\n<meta property=\"product:condition\" content=\"new\" \/>\n<!-- \/ Yoast SEO Premium plugin. -->","yoast_head_json":{"title":"Strands Unity EDGE 37w \u2013 Truckned \u2013 Beleuchtung f\u00fcr LKW und Anh\u00e4nger","description":"Strands Unity EDGE 37 W \u2013 STRANDS 809276 \u2013 ausgestattet mit einem DT2-Anschlussstecker \u2013 f\u00fcr 12 und 24 Volt \u2013 geeignet f\u00fcr LKW, Anh\u00e4nger und Sattelauflieger.","robots":{"index":"index","follow":"follow","max-snippet":"max-snippet:-1","max-image-preview":"max-image-preview:large","max-video-preview":"max-video-preview:-1"},"canonical":"https:\/\/truckned.nl\/de\/produkt\/strands-unity-edge-37w\/","og_locale":"de_DE","og_type":"article","og_title":"Strands Unity EDGE 37w - Truckned - verlichting voor truck en trailer","og_description":"Strands Unity EDGE 37w - STRANDS 809276 - voorzien van een DT2 aansluitstekker - voor 12 en 24 volt - geschikt voor vrachtwagen, trailer en aanhanger.","og_url":"https:\/\/truckned.nl\/de\/produkt\/strands-unity-edge-37w\/","og_site_name":"Truckned","article_publisher":"https:\/\/www.facebook.com\/truckned\/","article_modified_time":"2025-12-24T10:46:51+00:00","og_image":[{"width":800,"height":800,"url":"https:\/\/truckned.nl\/wp-content\/uploads\/2025\/03\/TN-809276-SM-1.png","type":"image\/png"}],"twitter_misc":{"Preis":"&euro;49,95","Verf\u00fcgbarkeit":"Auf Lager"},"schema":{"@context":"https:\/\/schema.org","@graph":[{"@type":["WebPage","ItemPage"],"@id":"https:\/\/truckned.nl\/product\/strands-unity-edge-37w\/","url":"https:\/\/truckned.nl\/product\/strands-unity-edge-37w\/","name":"Strands Unity EDGE 37w \u2013 Truckned \u2013 Beleuchtung f\u00fcr LKW und Anh\u00e4nger","isPartOf":{"@id":"https:\/\/truckned.nl\/nl\/#website"},"primaryImageOfPage":{"@id":"https:\/\/truckned.nl\/product\/strands-unity-edge-37w\/#primaryimage"},"image":{"@id":"https:\/\/truckned.nl\/product\/strands-unity-edge-37w\/#primaryimage"},"thumbnailUrl":"https:\/\/truckned.nl\/wp-content\/uploads\/2025\/03\/TN-809276-1.png","datePublished":"2025-03-11T10:38:39+00:00","dateModified":"2025-12-24T10:46:51+00:00","description":"Strands Unity EDGE 37 W \u2013 STRANDS 809276 \u2013 ausgestattet mit einem DT2-Anschlussstecker \u2013 f\u00fcr 12 und 24 Volt \u2013 geeignet f\u00fcr LKW, Anh\u00e4nger und Sattelauflieger.","breadcrumb":{"@id":"https:\/\/truckned.nl\/product\/strands-unity-edge-37w\/#breadcrumb"},"inLanguage":"de","potentialAction":[{"@type":"ReadAction","target":["https:\/\/truckned.nl\/product\/strands-unity-edge-37w\/"]}]},{"@type":"ImageObject","inLanguage":"de","@id":"https:\/\/truckned.nl\/product\/strands-unity-edge-37w\/#primaryimage","url":"https:\/\/truckned.nl\/wp-content\/uploads\/2025\/03\/TN-809276-1.png","contentUrl":"https:\/\/truckned.nl\/wp-content\/uploads\/2025\/03\/TN-809276-1.png","width":800,"height":800,"caption":"Strands 809276"},{"@type":"BreadcrumbList","@id":"https:\/\/truckned.nl\/product\/strands-unity-edge-37w\/#breadcrumb","itemListElement":[{"@type":"ListItem","position":1,"name":"Home","item":"https:\/\/truckned.nl\/"},{"@type":"ListItem","position":2,"name":"Shop","item":"https:\/\/truckned.nl\/nl\/shop\/"},{"@type":"ListItem","position":3,"name":"Werklampen","item":"https:\/\/truckned.nl\/de\/produkt-kategorie\/werklampen\/"},{"@type":"ListItem","position":4,"name":"Strands Unity EDGE 37w"}]},{"@type":"WebSite","@id":"https:\/\/truckned.nl\/nl\/#website","url":"https:\/\/truckned.nl\/nl\/","name":"Truckned","description":"","publisher":{"@id":"https:\/\/truckned.nl\/nl\/#organization"},"potentialAction":[{"@type":"SearchAction","target":{"@type":"EntryPoint","urlTemplate":"https:\/\/truckned.nl\/nl\/?s={search_term_string}"},"query-input":{"@type":"PropertyValueSpecification","valueRequired":true,"valueName":"search_term_string"}}],"inLanguage":"de"},{"@type":"Organization","@id":"https:\/\/truckned.nl\/nl\/#organization","name":"Truckned","url":"https:\/\/truckned.nl\/nl\/","logo":{"@type":"ImageObject","inLanguage":"de","@id":"https:\/\/truckned.nl\/nl\/#\/schema\/logo\/image\/","url":"https:\/\/truckned.nl\/wp-content\/uploads\/2022\/10\/800x800-Truckned-logo-zonder-tekst-ZWART.png","contentUrl":"https:\/\/truckned.nl\/wp-content\/uploads\/2022\/10\/800x800-Truckned-logo-zonder-tekst-ZWART.png","width":801,"height":801,"caption":"Truckned"},"image":{"@id":"https:\/\/truckned.nl\/nl\/#\/schema\/logo\/image\/"},"sameAs":["https:\/\/www.facebook.com\/truckned\/","https:\/\/www.instagram.com\/truckned\/"],"vatID":"NL863960509B01","taxID":"86417487","hasMerchantReturnPolicy":{"@type":"MerchantReturnPolicy","merchantReturnLink":"https:\/\/truckned.nl\/de\/versand-rucksendungen\/"}}]},"product_brand":"Strands","product_price_amount":"49.95","product_price_currency":"EUR","og_availability":"instock","product_availability":"instock","product_retailer_item_id":"TN-809276","product_condition":"new"},"_links":{"self":[{"href":"https:\/\/truckned.nl\/de\/wp-json\/wp\/v2\/product\/31214","targetHints":{"allow":["GET"]}}],"collection":[{"href":"https:\/\/truckned.nl\/de\/wp-json\/wp\/v2\/product"}],"about":[{"href":"https:\/\/truckned.nl\/de\/wp-json\/wp\/v2\/types\/product"}],"replies":[{"embeddable":true,"href":"https:\/\/truckned.nl\/de\/wp-json\/wp\/v2\/comments?post=31214"}],"wp:featuredmedia":[{"embeddable":true,"href":"https:\/\/truckned.nl\/de\/wp-json\/wp\/v2\/media\/33428"}],"wp:attachment":[{"href":"https:\/\/truckned.nl\/de\/wp-json\/wp\/v2\/media?parent=31214"}],"wp:term":[{"taxonomy":"product_brand","embeddable":true,"href":"https:\/\/truckned.nl\/de\/wp-json\/wp\/v2\/product_brand?post=31214"},{"taxonomy":"product_cat","embeddable":true,"href":"https:\/\/truckned.nl\/de\/wp-json\/wp\/v2\/product_cat?post=31214"},{"taxonomy":"product_tag","embeddable":true,"href":"https:\/\/truckned.nl\/de\/wp-json\/wp\/v2\/product_tag?post=31214"}],"curies":[{"name":"wp","href":"https:\/\/api.w.org\/{rel}","templated":true}]}}