{"id":31571,"date":"2025-04-14T13:23:28","date_gmt":"2025-04-14T12:23:28","guid":{"rendered":"https:\/\/truckned.nl\/?post_type=product&#038;p=31571"},"modified":"2026-05-03T22:38:26","modified_gmt":"2026-05-03T20:38:26","slug":"pin-michelin","status":"publish","type":"product","link":"https:\/\/truckned.nl\/de\/produkt\/pin-michelin\/","title":{"rendered":"PIN - Michelin"},"content":{"rendered":"<p><span style=\"color: #000000\"><strong>PIN - Michelin.<\/strong><\/span><\/p>\n<p><span style=\"color: #000000\">Holen Sie sich mit dem PIN - Michelin einen echten Klassiker in Ihre Kabine! Diese Anstecknadel ist eine Hommage an die ikonische Michelin-Figur. Seit Jahren ist es das Symbol f\u00fcr Qualit\u00e4t und Zuverl\u00e4ssigkeit auf der Stra\u00dfe. Mit dem wiedererkennbaren Design verleihen Sie Ihrem Lkw nicht nur Charakter, sondern auch ein St\u00fcck Geschichte, das jeder Fahrer sofort erkennt. Perfekt f\u00fcr Ihr Armaturenbrett, Ihre Sonnenblende oder Ihre Sitzecke, damit Sie unterwegs immer ein St\u00fcck Tradition mit sich tragen k\u00f6nnen.<\/span><\/p>\n<p><span style=\"color: #000000\">Der Pin ist aus stabilem Metall gefertigt und wundersch\u00f6n im 3D-Stil verarbeitet, sodass er sofort ins Auge f\u00e4llt. Egal, ob Sie ein Fan der langen Michelin-Geschichte sind, das Aussehen der ber\u00fchmten Figur m\u00f6gen oder einfach echte Trucker-Ikonen lieben: Dieser Michelin-Pin von Nedking geh\u00f6rt einfach in Ihre Sammlung. Es passt auch perfekt zu Ihren anderen Accessoires! Dies zeigt, dass Sie stolz auf das Leben auf der Stra\u00dfe sind. Machen Sie Ihren Truck noch pers\u00f6nlicher und zeigen Sie, dass Sie mit Sinn f\u00fcr Tradition und Stil unterwegs sind!<\/span><\/p>\n<div class=\"truncated\">\n<h5><span style=\"color: #000000\"><strong>Vervollst\u00e4ndigen Sie Ihre Pin-Sammlung!<\/strong><\/span><\/h5>\n<p><span style=\"color: #000000\">Ist die Variante Poppy Grace Mate Jasmin nur der Anfang Ihrer Sammlung? Erweitern Sie Ihre Sammlung mit anderen coolen Nedking-Pins, wie zum Beispiel:<\/span><\/p>\n<ul>\n<li><a href=\"https:\/\/truckned.nl\/de\/produkt\/pin-poppy-grace-mate-jasmin\/\"><span style=\"color: #000000\"><strong>PIN - Poppy Grace Mate Jasmin<\/strong><\/span><\/a><\/li>\n<li><a href=\"https:\/\/truckned.nl\/de\/produkt\/pin-white-steering-wheel\/\"><span style=\"color: #000000\"><strong>PIN - White Steering Wheel<\/strong><\/span><\/a><\/li>\n<\/ul>\n<p><span style=\"color: #000000\">Sie m\u00f6chten Ihre Kabine noch pers\u00f6nlicher gestalten? Schauen Sie sich in diesem Fall unser komplettes Sortiment an <a style=\"color: #000000\" href=\"https:\/\/truckned.nl\/de\/produkt-kategorie\/cabine-binnenzijden\/\">LKW-Zubeh\u00f6r<\/a> und finden Sie die perfekten Artikel, um Ihrem Truck ein einzigartiges Aussehen zu verleihen.<\/span><\/p>\n<\/div>","protected":false},"excerpt":{"rendered":"<p>PIN \u2013 Michelin. Bringen Sie mit der PIN \u2013 Michelin einen echten Klassiker in Ihre Kabine! Diese Anstecknadel ist eine Hommage an die legend\u00e4re Michelin-Figur. Seit Jahren ist sie ein Symbol f\u00fcr Qualit\u00e4t und Zuverl\u00e4ssigkeit auf der Stra\u00dfe. Mit dem wiedererkennbaren Design verleihen Sie Ihrem Lkw nicht nur Charakter, sondern auch ein St\u00fcck Geschichte [\u2026]<\/p>","protected":false},"featured_media":31572,"comment_status":"open","ping_status":"closed","template":"","meta":{"_acf_changed":false,"site-sidebar-layout":"default","site-content-layout":"","ast-site-content-layout":"default","site-content-style":"default","site-sidebar-style":"default","ast-global-header-display":"","ast-banner-title-visibility":"","ast-main-header-display":"","ast-hfb-above-header-display":"","ast-hfb-below-header-display":"","ast-hfb-mobile-header-display":"","site-post-title":"","ast-breadcrumbs-content":"","ast-featured-img":"","footer-sml-layout":"","ast-disable-related-posts":"","theme-transparent-header-meta":"default","adv-header-id-meta":"","stick-header-meta":"","header-above-stick-meta":"","header-main-stick-meta":"","header-below-stick-meta":"","astra-migrate-meta-layouts":"set","ast-page-background-enabled":"default","ast-page-background-meta":{"desktop":{"background-color":"","background-image":"","background-repeat":"repeat","background-position":"center center","background-size":"auto","background-attachment":"scroll","background-type":"","background-media":"","overlay-type":"","overlay-color":"","overlay-opacity":"","overlay-gradient":""},"tablet":{"background-color":"","background-image":"","background-repeat":"repeat","background-position":"center center","background-size":"auto","background-attachment":"scroll","background-type":"","background-media":"","overlay-type":"","overlay-color":"","overlay-opacity":"","overlay-gradient":""},"mobile":{"background-color":"","background-image":"","background-repeat":"repeat","background-position":"center center","background-size":"auto","background-attachment":"scroll","background-type":"","background-media":"","overlay-type":"","overlay-color":"","overlay-opacity":"","overlay-gradient":""}},"ast-content-background-meta":{"desktop":{"background-color":"var(--ast-global-color-5)","background-image":"","background-repeat":"repeat","background-position":"center center","background-size":"auto","background-attachment":"scroll","background-type":"","background-media":"","overlay-type":"","overlay-color":"","overlay-opacity":"","overlay-gradient":""},"tablet":{"background-color":"var(--ast-global-color-5)","background-image":"","background-repeat":"repeat","background-position":"center center","background-size":"auto","background-attachment":"scroll","background-type":"","background-media":"","overlay-type":"","overlay-color":"","overlay-opacity":"","overlay-gradient":""},"mobile":{"background-color":"var(--ast-global-color-5)","background-image":"","background-repeat":"repeat","background-position":"center center","background-size":"auto","background-attachment":"scroll","background-type":"","background-media":"","overlay-type":"","overlay-color":"","overlay-opacity":"","overlay-gradient":""}}},"product_brand":[],"product_cat":[7537],"product_tag":[],"class_list":{"0":"post-31571","1":"product","2":"type-product","3":"status-publish","4":"has-post-thumbnail","6":"product_cat-cabine-accessoires","7":"pa_merkk-product-nedking","8":"desktop-align-left","9":"tablet-align-left","10":"mobile-align-left","12":"first","13":"instock","14":"taxable","15":"shipping-taxable","16":"purchasable","17":"product-type-simple"},"acf":[],"yoast_head":"<!-- This site is optimized with the Yoast SEO Premium plugin v26.5 (Yoast SEO v26.5) - https:\/\/yoast.com\/wordpress\/plugins\/seo\/ -->\n<title>PIN - Michelin - Truckned - truck accessoires en meer<\/title>\n<meta name=\"description\" content=\"PIN - Michelin - Scandinavische truckstijl - hoogwaardige metalen pin - perfecte accessoire voor je cabine - verzamel alle pins\" \/>\n<meta name=\"robots\" content=\"index, follow, max-snippet:-1, max-image-preview:large, max-video-preview:-1\" \/>\n<link rel=\"canonical\" href=\"https:\/\/truckned.nl\/de\/produkt\/pin-michelin\/\" \/>\n<meta property=\"og:locale\" content=\"de_DE\" \/>\n<meta property=\"og:type\" content=\"article\" \/>\n<meta property=\"og:title\" content=\"PIN - Michelin - Truckned - truck accessoires en meer\" \/>\n<meta property=\"og:description\" content=\"PIN - Michelin - Scandinavische truckstijl - hoogwaardige metalen pin - perfecte accessoire voor je cabine - verzamel alle pins\" \/>\n<meta property=\"og:url\" content=\"https:\/\/truckned.nl\/de\/produkt\/pin-michelin\/\" \/>\n<meta property=\"og:site_name\" content=\"Truckned\" \/>\n<meta property=\"article:publisher\" content=\"https:\/\/www.facebook.com\/truckned\/\" \/>\n<meta property=\"article:modified_time\" content=\"2026-05-03T20:38:26+00:00\" \/>\n<meta property=\"og:image\" content=\"https:\/\/truckned.nl\/wp-content\/uploads\/2025\/04\/TN-501013-SM.png\" \/>\n\t<meta property=\"og:image:width\" content=\"800\" \/>\n\t<meta property=\"og:image:height\" content=\"800\" \/>\n\t<meta property=\"og:image:type\" content=\"image\/png\" \/>\n<meta name=\"twitter:label1\" content=\"Preis\" \/>\n\t<meta name=\"twitter:data1\" content=\"&euro;7,95\" \/>\n\t<meta name=\"twitter:label2\" content=\"Verf\u00fcgbarkeit\" \/>\n\t<meta name=\"twitter:data2\" content=\"Auf Lager\" \/>\n<script type=\"application\/ld+json\" class=\"yoast-schema-graph\">{\"@context\":\"https:\/\/schema.org\",\"@graph\":[{\"@type\":[\"WebPage\",\"ItemPage\"],\"@id\":\"https:\/\/truckned.nl\/product\/pin-michelin\/\",\"url\":\"https:\/\/truckned.nl\/product\/pin-michelin\/\",\"name\":\"PIN - Michelin - Truckned - truck accessoires en meer\",\"isPartOf\":{\"@id\":\"https:\/\/truckned.nl\/nl\/#website\"},\"primaryImageOfPage\":{\"@id\":\"https:\/\/truckned.nl\/product\/pin-michelin\/#primaryimage\"},\"image\":{\"@id\":\"https:\/\/truckned.nl\/product\/pin-michelin\/#primaryimage\"},\"thumbnailUrl\":\"https:\/\/truckned.nl\/wp-content\/uploads\/2025\/04\/TN-501013.png\",\"datePublished\":\"2025-04-14T12:23:28+00:00\",\"dateModified\":\"2026-05-03T20:38:26+00:00\",\"description\":\"PIN - Michelin - Scandinavische truckstijl - hoogwaardige metalen pin - perfecte accessoire voor je cabine - verzamel alle pins\",\"breadcrumb\":{\"@id\":\"https:\/\/truckned.nl\/product\/pin-michelin\/#breadcrumb\"},\"inLanguage\":\"de\",\"potentialAction\":[{\"@type\":\"ReadAction\",\"target\":[\"https:\/\/truckned.nl\/product\/pin-michelin\/\"]}]},{\"@type\":\"ImageObject\",\"inLanguage\":\"de\",\"@id\":\"https:\/\/truckned.nl\/product\/pin-michelin\/#primaryimage\",\"url\":\"https:\/\/truckned.nl\/wp-content\/uploads\/2025\/04\/TN-501013.png\",\"contentUrl\":\"https:\/\/truckned.nl\/wp-content\/uploads\/2025\/04\/TN-501013.png\",\"width\":800,\"height\":800,\"caption\":\"PIN - Michelin - TN-501013 - nostalgie op je dashboard - metalen pin - Nedking\"},{\"@type\":\"BreadcrumbList\",\"@id\":\"https:\/\/truckned.nl\/product\/pin-michelin\/#breadcrumb\",\"itemListElement\":[{\"@type\":\"ListItem\",\"position\":1,\"name\":\"Home\",\"item\":\"https:\/\/truckned.nl\/\"},{\"@type\":\"ListItem\",\"position\":2,\"name\":\"Shop\",\"item\":\"https:\/\/truckned.nl\/nl\/shop\/\"},{\"@type\":\"ListItem\",\"position\":3,\"name\":\"Cabine - accessoires\",\"item\":\"https:\/\/truckned.nl\/product-categorie\/cabine-accessoires\/\"},{\"@type\":\"ListItem\",\"position\":4,\"name\":\"PIN &#8211; Michelin\"}]},{\"@type\":\"WebSite\",\"@id\":\"https:\/\/truckned.nl\/nl\/#website\",\"url\":\"https:\/\/truckned.nl\/nl\/\",\"name\":\"Truckned\",\"description\":\"\",\"publisher\":{\"@id\":\"https:\/\/truckned.nl\/nl\/#organization\"},\"potentialAction\":[{\"@type\":\"SearchAction\",\"target\":{\"@type\":\"EntryPoint\",\"urlTemplate\":\"https:\/\/truckned.nl\/nl\/?s={search_term_string}\"},\"query-input\":{\"@type\":\"PropertyValueSpecification\",\"valueRequired\":true,\"valueName\":\"search_term_string\"}}],\"inLanguage\":\"de\"},{\"@type\":\"Organization\",\"@id\":\"https:\/\/truckned.nl\/nl\/#organization\",\"name\":\"Truckned\",\"url\":\"https:\/\/truckned.nl\/nl\/\",\"logo\":{\"@type\":\"ImageObject\",\"inLanguage\":\"de\",\"@id\":\"https:\/\/truckned.nl\/nl\/#\/schema\/logo\/image\/\",\"url\":\"https:\/\/truckned.nl\/wp-content\/uploads\/2022\/10\/800x800-Truckned-logo-zonder-tekst-ZWART.png\",\"contentUrl\":\"https:\/\/truckned.nl\/wp-content\/uploads\/2022\/10\/800x800-Truckned-logo-zonder-tekst-ZWART.png\",\"width\":801,\"height\":801,\"caption\":\"Truckned\"},\"image\":{\"@id\":\"https:\/\/truckned.nl\/nl\/#\/schema\/logo\/image\/\"},\"sameAs\":[\"https:\/\/www.facebook.com\/truckned\/\",\"https:\/\/www.instagram.com\/truckned\/\"],\"vatID\":\"NL863960509B01\",\"taxID\":\"86417487\",\"hasMerchantReturnPolicy\":{\"@type\":\"MerchantReturnPolicy\",\"merchantReturnLink\":\"https:\/\/truckned.nl\/de\/versand-rucksendungen\/\"}}]}<\/script>\n<meta property=\"product:brand\" content=\"Nedking\" \/>\n<meta property=\"product:price:amount\" content=\"7.95\" \/>\n<meta property=\"product:price:currency\" content=\"EUR\" \/>\n<meta property=\"og:availability\" content=\"instock\" \/>\n<meta property=\"product:availability\" content=\"instock\" \/>\n<meta property=\"product:retailer_item_id\" content=\"TN-501013\" \/>\n<meta property=\"product:condition\" content=\"new\" \/>\n<!-- \/ Yoast SEO Premium plugin. -->","yoast_head_json":{"title":"PIN - Michelin - Truckned - LKW-Zubeh\u00f6r und mehr","description":"PIN - Michelin - skandinavischer LKW-Stil - hochwertiger Metallstift - perfektes Accessoire f\u00fcr Ihre Kabine - sammeln Sie alle Stifte","robots":{"index":"index","follow":"follow","max-snippet":"max-snippet:-1","max-image-preview":"max-image-preview:large","max-video-preview":"max-video-preview:-1"},"canonical":"https:\/\/truckned.nl\/de\/produkt\/pin-michelin\/","og_locale":"de_DE","og_type":"article","og_title":"PIN - Michelin - Truckned - truck accessoires en meer","og_description":"PIN - Michelin - Scandinavische truckstijl - hoogwaardige metalen pin - perfecte accessoire voor je cabine - verzamel alle pins","og_url":"https:\/\/truckned.nl\/de\/produkt\/pin-michelin\/","og_site_name":"Truckned","article_publisher":"https:\/\/www.facebook.com\/truckned\/","article_modified_time":"2026-05-03T20:38:26+00:00","og_image":[{"width":800,"height":800,"url":"https:\/\/truckned.nl\/wp-content\/uploads\/2025\/04\/TN-501013-SM.png","type":"image\/png"}],"twitter_misc":{"Preis":"&euro;7,95","Verf\u00fcgbarkeit":"Auf Lager"},"schema":{"@context":"https:\/\/schema.org","@graph":[{"@type":["WebPage","ItemPage"],"@id":"https:\/\/truckned.nl\/product\/pin-michelin\/","url":"https:\/\/truckned.nl\/product\/pin-michelin\/","name":"PIN - Michelin - Truckned - LKW-Zubeh\u00f6r und mehr","isPartOf":{"@id":"https:\/\/truckned.nl\/nl\/#website"},"primaryImageOfPage":{"@id":"https:\/\/truckned.nl\/product\/pin-michelin\/#primaryimage"},"image":{"@id":"https:\/\/truckned.nl\/product\/pin-michelin\/#primaryimage"},"thumbnailUrl":"https:\/\/truckned.nl\/wp-content\/uploads\/2025\/04\/TN-501013.png","datePublished":"2025-04-14T12:23:28+00:00","dateModified":"2026-05-03T20:38:26+00:00","description":"PIN - Michelin - skandinavischer LKW-Stil - hochwertiger Metallstift - perfektes Accessoire f\u00fcr Ihre Kabine - sammeln Sie alle Stifte","breadcrumb":{"@id":"https:\/\/truckned.nl\/product\/pin-michelin\/#breadcrumb"},"inLanguage":"de","potentialAction":[{"@type":"ReadAction","target":["https:\/\/truckned.nl\/product\/pin-michelin\/"]}]},{"@type":"ImageObject","inLanguage":"de","@id":"https:\/\/truckned.nl\/product\/pin-michelin\/#primaryimage","url":"https:\/\/truckned.nl\/wp-content\/uploads\/2025\/04\/TN-501013.png","contentUrl":"https:\/\/truckned.nl\/wp-content\/uploads\/2025\/04\/TN-501013.png","width":800,"height":800,"caption":"PIN - Michelin - TN-501013 - nostalgie op je dashboard - metalen pin - Nedking"},{"@type":"BreadcrumbList","@id":"https:\/\/truckned.nl\/product\/pin-michelin\/#breadcrumb","itemListElement":[{"@type":"ListItem","position":1,"name":"Home","item":"https:\/\/truckned.nl\/"},{"@type":"ListItem","position":2,"name":"Shop","item":"https:\/\/truckned.nl\/nl\/shop\/"},{"@type":"ListItem","position":3,"name":"Cabine - accessoires","item":"https:\/\/truckned.nl\/product-categorie\/cabine-accessoires\/"},{"@type":"ListItem","position":4,"name":"PIN &#8211; Michelin"}]},{"@type":"WebSite","@id":"https:\/\/truckned.nl\/nl\/#website","url":"https:\/\/truckned.nl\/nl\/","name":"Truckned","description":"","publisher":{"@id":"https:\/\/truckned.nl\/nl\/#organization"},"potentialAction":[{"@type":"SearchAction","target":{"@type":"EntryPoint","urlTemplate":"https:\/\/truckned.nl\/nl\/?s={search_term_string}"},"query-input":{"@type":"PropertyValueSpecification","valueRequired":true,"valueName":"search_term_string"}}],"inLanguage":"de"},{"@type":"Organization","@id":"https:\/\/truckned.nl\/nl\/#organization","name":"Truckned","url":"https:\/\/truckned.nl\/nl\/","logo":{"@type":"ImageObject","inLanguage":"de","@id":"https:\/\/truckned.nl\/nl\/#\/schema\/logo\/image\/","url":"https:\/\/truckned.nl\/wp-content\/uploads\/2022\/10\/800x800-Truckned-logo-zonder-tekst-ZWART.png","contentUrl":"https:\/\/truckned.nl\/wp-content\/uploads\/2022\/10\/800x800-Truckned-logo-zonder-tekst-ZWART.png","width":801,"height":801,"caption":"Truckned"},"image":{"@id":"https:\/\/truckned.nl\/nl\/#\/schema\/logo\/image\/"},"sameAs":["https:\/\/www.facebook.com\/truckned\/","https:\/\/www.instagram.com\/truckned\/"],"vatID":"NL863960509B01","taxID":"86417487","hasMerchantReturnPolicy":{"@type":"MerchantReturnPolicy","merchantReturnLink":"https:\/\/truckned.nl\/de\/versand-rucksendungen\/"}}]},"product_brand":"Nedking","product_price_amount":"7.95","product_price_currency":"EUR","og_availability":"instock","product_availability":"instock","product_retailer_item_id":"TN-501013","product_condition":"new"},"_links":{"self":[{"href":"https:\/\/truckned.nl\/de\/wp-json\/wp\/v2\/product\/31571","targetHints":{"allow":["GET"]}}],"collection":[{"href":"https:\/\/truckned.nl\/de\/wp-json\/wp\/v2\/product"}],"about":[{"href":"https:\/\/truckned.nl\/de\/wp-json\/wp\/v2\/types\/product"}],"replies":[{"embeddable":true,"href":"https:\/\/truckned.nl\/de\/wp-json\/wp\/v2\/comments?post=31571"}],"wp:featuredmedia":[{"embeddable":true,"href":"https:\/\/truckned.nl\/de\/wp-json\/wp\/v2\/media\/31572"}],"wp:attachment":[{"href":"https:\/\/truckned.nl\/de\/wp-json\/wp\/v2\/media?parent=31571"}],"wp:term":[{"taxonomy":"product_brand","embeddable":true,"href":"https:\/\/truckned.nl\/de\/wp-json\/wp\/v2\/product_brand?post=31571"},{"taxonomy":"product_cat","embeddable":true,"href":"https:\/\/truckned.nl\/de\/wp-json\/wp\/v2\/product_cat?post=31571"},{"taxonomy":"product_tag","embeddable":true,"href":"https:\/\/truckned.nl\/de\/wp-json\/wp\/v2\/product_tag?post=31571"}],"curies":[{"name":"wp","href":"https:\/\/api.w.org\/{rel}","templated":true}]}}