{"id":31701,"date":"2023-12-10T12:49:29","date_gmt":"2023-12-10T11:49:29","guid":{"rendered":"https:\/\/truckned.nl\/?post_type=product&#038;p=31701"},"modified":"2026-04-17T19:36:30","modified_gmt":"2026-04-17T17:36:30","slug":"basuri-baby-shark-5-0-luchthoorn-24-melodien","status":"publish","type":"product","link":"https:\/\/truckned.nl\/de\/produkt\/basuri-baby-shark-5-0-luchthoorn-24-melodien\/","title":{"rendered":"Basuri Baby Shark 5.0 Drucklufthorn \u2013 24 Melodien"},"content":{"rendered":"<p><span style=\"color: #000000;\"><b>Basuri Baby Shark 5.0 Lufthorn - 24 Melodien f\u00fcr 12\/24 Volt.<\/b><\/span><\/p>\n<p><span style=\"color: #000000;\">Suchen Sie eine Drucklufthupe mit mehr als nur einem Standardton? Dann ist die Basuri Baby Shark 5.0 Drucklufthupe 12\/24V genau das Richtige f\u00fcr Sie. Diese Drucklufthupe bietet sage und schreibe 26 verschiedene Melodien, sodass Sie immer einen individuellen Klang haben \u2013 egal ob Sie unterwegs sind oder stehen. Dar\u00fcber hinaus liefert die Basuri Drucklufthupe kraftvolle 135 dB, damit Sie garantiert laut und deutlich geh\u00f6rt werden. <\/span><\/p>\n<p><span style=\"color: #000000;\">Zus\u00e4tzlich wird dieses Baby Shark-Lufthorn mit dem ben\u00f6tigten Montagematerial geliefert, was die Installation deutlich vereinfacht. Dank der hochwertigen Materialien ist das Lufthorn \u00e4u\u00dferst best\u00e4ndig gegen Oxidation und Witterungseinfl\u00fcsse. Kurz gesagt: eine robuste Wahl, die auch mal einen Sto\u00df aush\u00e4lt. Da dieses Lufthorn sowohl f\u00fcr 12- als auch f\u00fcr 24-Volt-Systeme geeignet ist, l\u00e4sst es sich problemlos an einer Vielzahl von Fahrzeugen wie Pkw, Traktoren, Lkw und anderen Nutzfahrzeugen verwenden.<\/span><\/p>\n<h5><span style=\"color: #000000;\"><strong>Melodien:\u00a0<\/strong><\/span><\/h5>\n<p><span style=\"color: #000000;\">Da Sie nat\u00fcrlich im Voraus wissen m\u00f6chten, welche Sounds Sie einstellen k\u00f6nnen, haben wir unten eine \u00dcbersicht aller verf\u00fcgbaren Melodien eingef\u00fcgt. Sie k\u00f6nnen die Melodien ganz einfach \u00fcber die mitgelieferte Steuereinheit ausw\u00e4hlen. Diese Steuereinheit verf\u00fcgt \u00fcber ein ca. 4 Meter langes Anschlusskabel, das ausreichend Spielraum f\u00fcr die Montage bietet. Hinweis: Das K\u00fcrzen des Kabels wird nicht empfohlen, da dies die Funktionalit\u00e4t des Produkts beeintr\u00e4chtigen kann. Montieren Sie die Steuereinheit au\u00dferdem immer an einem trockenen und gesch\u00fctzten Ort.<\/span><\/p>\n<p><span style=\"color: #000000;\">Planen Sie, die Basuri Baby Shark 5.0 Drucklufthupe mit 12 Volt zu betreiben? Denken Sie daran, dass Sie einen Kompressor und einen Ausgleichsbeh\u00e4lter ben\u00f6tigen, um die einwandfreie Funktion der Hupe zu gew\u00e4hrleisten. So k\u00f6nnen Sie das volle Potenzial dieser markanten und leistungsstarken Drucklufthupe aussch\u00f6pfen.<\/span><\/p>\n<ol>\n<li><span style=\"color: #000000;\">BABY SHARK<\/span><\/li>\n<li><span style=\"color: #000000;\">S\u00dcSSE CAROLINA<\/span><\/li>\n<li><span style=\"color: #000000;\">H\u00fchnertanz<\/span><\/li>\n<li><span style=\"color: #000000;\">HIP\u2019S DON\u2019T LIE<\/span><\/li>\n<li><span style=\"color: #000000;\">WAKA WAKA SAKIRA<\/span><\/li>\n<li><span style=\"color: #000000;\">GL\u00dcCKWUNSCH<\/span><\/li>\n<li><span style=\"color: #000000;\">BOOM BOOM VENGABOYS<\/span><\/li>\n<li><span style=\"color: #000000;\">NIGHT RIDER-INTRO<\/span><\/li>\n<li><span style=\"color: #000000;\">AS IT WAS<\/span><\/li>\n<li><span style=\"color: #000000;\">DOREMON<\/span><\/li>\n<li><span style=\"color: #000000;\">ICH LIEBE DICH<\/span><\/li>\n<li><span style=\"color: #000000;\">GASSOLINAA<\/span><\/li>\n<li><span style=\"color: #000000;\">LALALA SAKIRA<\/span><\/li>\n<li><span style=\"color: #000000;\">RING-A-RING-A-ROSES<\/span><\/li>\n<li><span style=\"color: #000000;\">WIR SIND IHNEN EGAL<\/span><\/li>\n<li><span style=\"color: #000000;\">BLUEDABADEE VEIFFEL65<\/span><\/li>\n<li><span style=\"color: #000000;\">Nimm es mit mir auf<\/span><\/li>\n<li><span style=\"color: #000000;\">FEUERBALL-PITBULL<\/span><\/li>\n<li><span style=\"color: #000000;\">BA BA SCHWARZES SCHAF<\/span><\/li>\n<li><span style=\"color: #000000;\">RASPUTIN<\/span><\/li>\n<li><span style=\"color: #000000;\">\u00a0WACKELN WACKELN<\/span><\/li>\n<li><span style=\"color: #000000;\">\u00a0ACDC Thunderstruck<\/span><\/li>\n<li><span style=\"color: #000000;\">UNENDLICHKEIT<\/span><\/li>\n<li><span style=\"color: #000000;\">WARNUNG<\/span><\/li>\n<\/ol>\n<h5><span style=\"color: #000000;\"><strong>Abmessungen:<\/strong><\/span><\/h5>\n<p><span style=\"color: #000000;\">Weil Sie sicherstellen m\u00f6chten, dass Sie das Lufthorn dort montieren k\u00f6nnen, wo Sie es haben m\u00f6chten.<\/span><span style=\"color: #000000;\"> Falls gew\u00fcnscht, haben wir die Abmessungen des Lufthorns unten aufgef\u00fchrt. Die Abmessungen des Basuri Baby shark 5.0 Lufthorns f\u00fcr 12\/24V-Betrieb sind wie folgt:\u00a0<\/span><\/p>\n<ul>\n<li><span style=\"color: #000000;\">L\u00e4nge: 225mm \/ 350mm<\/span><\/li>\n<li><span style=\"color: #000000;\">Durchmesser Kelch: 105mm<\/span><\/li>\n<\/ul>\n<h5><span style=\"color: #000000;\"><strong>Andere Modelle:<\/strong><\/span><\/h5>\n<p><span style=\"color: #000000;\">Sie m\u00f6chten eine Drucklufthupe Baby Shark der Marke Basuri, aber die f\u00fcr den 12\/24V-Betrieb geeignete 5.0-Version mit 22 Melodien ist nicht das Richtige f\u00fcr Sie? Zum Beispiel, weil Ihnen die Anzahl der Melodien zu gering oder sogar zu gro\u00df erscheint? Bitte beachten Sie, dass Basuri mehrere andere Modelle anbietet, die anderen Versionen finden Sie weiter unten.\u00a0<\/span><\/p>\n<ul>\n<li><span style=\"color: #000000;\"><a style=\"color: #000000;\" href=\"https:\/\/truckned.nl\/de\/produkt\/basuri-baby-shark-2-0-luchthoorn-19-melodien\/\" target=\"_blank\" rel=\"noopener\"><strong>Baby shark 2.0 f\u00fcr 12\/24 Volt<\/strong><\/a><\/span><\/li>\n<li><span style=\"color: #000000;\"><strong><a style=\"color: #000000;\" href=\"https:\/\/truckned.nl\/de\/produkt\/basuri-baby-shark-3-0-luchthoorn-20-melodien\/\" target=\"_blank\" rel=\"noopener\">Baby shark 3.0 f\u00fcr 12\/24 Volt<\/a><\/strong><\/span><\/li>\n<li><a href=\"https:\/\/truckned.nl\/de\/produkt\/basuri-baby-shark-4-0-luchthoorn-22-melodien\/\"><span style=\"color: #000000;\"><strong>Baby shark 4.0 f\u00fcr 12\/24 Volt<\/strong><\/span><\/a><\/li>\n<li><a href=\"https:\/\/truckned.nl\/de\/produkt\/basuri-baby-shark-6-0-luchthoorn-26-melodieen\/\"><span style=\"color: #000000;\"><strong>Baby shark 6.0 f\u00fcr 12\/24 Volt<\/strong><\/span><\/a><\/li>\n<li><span style=\"color: #000000;\"><a style=\"color: #000000;\" href=\"https:\/\/truckned.nl\/de\/produkt\/basuri-luchthoorn-12-melodien\/\" target=\"_blank\" rel=\"noopener\"><strong>Basuri Air Horn doppelt \u00a0<\/strong><\/a><\/span><\/li>\n<\/ul>\n<p><span style=\"color: #000000;\">Sind Sie nach der Lekt\u00fcre der obigen Ausf\u00fchrungen immer noch der Meinung, dass die gebrauchte Basuri Baby shark 5.0 Drucklufthupe f\u00fcr 12\/24 V nicht das ist, wonach Sie suchen? Einfach weil Ihnen die Farbe, Form oder Anzahl der Melodien nicht gef\u00e4llt? Dann sehen Sie sich hier das komplette Sortiment an <a style=\"color: #000000;\" href=\"https:\/\/truckned.nl\/de\/produkt-kategorie\/luchthoorns\/\">Drucklufth\u00f6rner<\/a>.\u00a0<\/span><\/p>","protected":false},"excerpt":{"rendered":"<p>Das Basuri Baby Shark Drucklufthorn verf\u00fcgt \u00fcber 24 verschiedene Melodien.<\/p>","protected":false},"featured_media":31713,"comment_status":"open","ping_status":"closed","template":"","meta":{"_acf_changed":false,"site-sidebar-layout":"default","site-content-layout":"default","ast-site-content-layout":"default","site-content-style":"default","site-sidebar-style":"default","ast-global-header-display":"","ast-banner-title-visibility":"","ast-main-header-display":"","ast-hfb-above-header-display":"","ast-hfb-below-header-display":"","ast-hfb-mobile-header-display":"","site-post-title":"","ast-breadcrumbs-content":"","ast-featured-img":"","footer-sml-layout":"","ast-disable-related-posts":"","theme-transparent-header-meta":"default","adv-header-id-meta":"","stick-header-meta":"","header-above-stick-meta":"","header-main-stick-meta":"","header-below-stick-meta":"","astra-migrate-meta-layouts":"set","ast-page-background-enabled":"default","ast-page-background-meta":{"desktop":{"background-color":"","background-image":"","background-repeat":"repeat","background-position":"center center","background-size":"auto","background-attachment":"scroll","background-type":"","background-media":"","overlay-type":"","overlay-color":"","overlay-opacity":"","overlay-gradient":""},"tablet":{"background-color":"","background-image":"","background-repeat":"repeat","background-position":"center center","background-size":"auto","background-attachment":"scroll","background-type":"","background-media":"","overlay-type":"","overlay-color":"","overlay-opacity":"","overlay-gradient":""},"mobile":{"background-color":"","background-image":"","background-repeat":"repeat","background-position":"center center","background-size":"auto","background-attachment":"scroll","background-type":"","background-media":"","overlay-type":"","overlay-color":"","overlay-opacity":"","overlay-gradient":""}},"ast-content-background-meta":{"desktop":{"background-color":"var(--ast-global-color-5)","background-image":"","background-repeat":"repeat","background-position":"center center","background-size":"auto","background-attachment":"scroll","background-type":"","background-media":"","overlay-type":"","overlay-color":"","overlay-opacity":"","overlay-gradient":""},"tablet":{"background-color":"var(--ast-global-color-5)","background-image":"","background-repeat":"repeat","background-position":"center center","background-size":"auto","background-attachment":"scroll","background-type":"","background-media":"","overlay-type":"","overlay-color":"","overlay-opacity":"","overlay-gradient":""},"mobile":{"background-color":"var(--ast-global-color-5)","background-image":"","background-repeat":"repeat","background-position":"center center","background-size":"auto","background-attachment":"scroll","background-type":"","background-media":"","overlay-type":"","overlay-color":"","overlay-opacity":"","overlay-gradient":""}}},"product_brand":[],"product_cat":[7524],"product_tag":[],"class_list":{"0":"post-31701","1":"product","2":"type-product","3":"status-publish","4":"has-post-thumbnail","6":"product_cat-basuri-luchthoorn","7":"pa_merkk-basuri-2","8":"desktop-align-left","9":"tablet-align-left","10":"mobile-align-left","12":"first","13":"outofstock","14":"taxable","15":"shipping-taxable","16":"purchasable","17":"product-type-simple"},"acf":[],"yoast_head":"<!-- This site is optimized with the Yoast SEO Premium plugin v26.5 (Yoast SEO v26.5) - https:\/\/yoast.com\/wordpress\/plugins\/seo\/ -->\n<title>Baby Shark 5.0 luchthoorn - Truckned - Original BASURI \u00ae air Horn - 12\/24V<\/title>\n<meta name=\"description\" content=\"Baby Shark 5.0 luchthoorn - BASURI \u00aemet 24 verschillende melodie\u00ebn - goed voor 135DB - incl. 6mm luchtaansluiting - enige echte Basuri luchthoorn\" \/>\n<meta name=\"robots\" content=\"index, follow, max-snippet:-1, max-image-preview:large, max-video-preview:-1\" \/>\n<link rel=\"canonical\" href=\"https:\/\/truckned.nl\/de\/produkt\/basuri-baby-shark-5-0-luchthoorn-24-melodien\/\" \/>\n<meta property=\"og:locale\" content=\"de_DE\" \/>\n<meta property=\"og:type\" content=\"article\" \/>\n<meta property=\"og:title\" content=\"Baby Shark 5.0 luchthoorn - Truckned - Original BASURI \u00ae air Horn - 12\/24V\" \/>\n<meta property=\"og:description\" content=\"Baby Shark 5.0 luchthoorn - BASURI \u00aemet 24 verschillende melodie\u00ebn - goed voor 135DB - incl. 6mm luchtaansluiting - enige echte Basuri luchthoorn\" \/>\n<meta property=\"og:url\" content=\"https:\/\/truckned.nl\/de\/produkt\/basuri-baby-shark-5-0-luchthoorn-24-melodien\/\" \/>\n<meta property=\"og:site_name\" content=\"Truckned\" \/>\n<meta property=\"article:publisher\" content=\"https:\/\/www.facebook.com\/truckned\/\" \/>\n<meta property=\"article:modified_time\" content=\"2026-04-17T17:36:30+00:00\" \/>\n<meta property=\"og:image\" content=\"https:\/\/truckned.nl\/wp-content\/uploads\/2025\/05\/TN-532219-SM-2.png\" \/>\n\t<meta property=\"og:image:width\" content=\"800\" \/>\n\t<meta property=\"og:image:height\" content=\"800\" \/>\n\t<meta property=\"og:image:type\" content=\"image\/png\" \/>\n<meta name=\"twitter:label1\" content=\"Preis\" \/>\n\t<meta name=\"twitter:data1\" content=\"&euro;275,00\" \/>\n\t<meta name=\"twitter:label2\" content=\"Verf\u00fcgbarkeit\" \/>\n\t<meta name=\"twitter:data2\" content=\"ausverkauft\" \/>\n<script type=\"application\/ld+json\" class=\"yoast-schema-graph\">{\"@context\":\"https:\/\/schema.org\",\"@graph\":[{\"@type\":[\"WebPage\",\"ItemPage\"],\"@id\":\"https:\/\/truckned.nl\/product\/basuri-baby-shark-5-0-luchthoorn-24-melodien\/\",\"url\":\"https:\/\/truckned.nl\/product\/basuri-baby-shark-5-0-luchthoorn-24-melodien\/\",\"name\":\"Baby Shark 5.0 luchthoorn - Truckned - Original BASURI \u00ae air Horn - 12\/24V\",\"isPartOf\":{\"@id\":\"https:\/\/truckned.nl\/nl\/#website\"},\"primaryImageOfPage\":{\"@id\":\"https:\/\/truckned.nl\/product\/basuri-baby-shark-5-0-luchthoorn-24-melodien\/#primaryimage\"},\"image\":{\"@id\":\"https:\/\/truckned.nl\/product\/basuri-baby-shark-5-0-luchthoorn-24-melodien\/#primaryimage\"},\"thumbnailUrl\":\"https:\/\/truckned.nl\/wp-content\/uploads\/2025\/05\/TN-532219-5.png\",\"datePublished\":\"2023-12-10T11:49:29+00:00\",\"dateModified\":\"2026-04-17T17:36:30+00:00\",\"description\":\"Baby Shark 5.0 luchthoorn - BASURI \u00aemet 24 verschillende melodie\u00ebn - goed voor 135DB - incl. 6mm luchtaansluiting - enige echte Basuri luchthoorn\",\"breadcrumb\":{\"@id\":\"https:\/\/truckned.nl\/product\/basuri-baby-shark-5-0-luchthoorn-24-melodien\/#breadcrumb\"},\"inLanguage\":\"de\",\"potentialAction\":[{\"@type\":\"ReadAction\",\"target\":[\"https:\/\/truckned.nl\/product\/basuri-baby-shark-5-0-luchthoorn-24-melodien\/\"]}]},{\"@type\":\"ImageObject\",\"inLanguage\":\"de\",\"@id\":\"https:\/\/truckned.nl\/product\/basuri-baby-shark-5-0-luchthoorn-24-melodien\/#primaryimage\",\"url\":\"https:\/\/truckned.nl\/wp-content\/uploads\/2025\/05\/TN-532219-5.png\",\"contentUrl\":\"https:\/\/truckned.nl\/wp-content\/uploads\/2025\/05\/TN-532219-5.png\",\"width\":800,\"height\":800,\"caption\":\"Basuri Baby Shark 5.0 luchthoorn voor 12\/24v gebruik - 135DB luide toeter die enkel met een compressor gebruikt kan worden op bijvoorbeeld je auto, vrachtwagen, tractor, camper of ander soort voertuig\"},{\"@type\":\"BreadcrumbList\",\"@id\":\"https:\/\/truckned.nl\/product\/basuri-baby-shark-5-0-luchthoorn-24-melodien\/#breadcrumb\",\"itemListElement\":[{\"@type\":\"ListItem\",\"position\":1,\"name\":\"Home\",\"item\":\"https:\/\/truckned.nl\/\"},{\"@type\":\"ListItem\",\"position\":2,\"name\":\"Shop\",\"item\":\"https:\/\/truckned.nl\/nl\/shop\/\"},{\"@type\":\"ListItem\",\"position\":3,\"name\":\"Luchthoorns\",\"item\":\"https:\/\/truckned.nl\/en\/product-category-2\/luchthoorns\/\"},{\"@type\":\"ListItem\",\"position\":4,\"name\":\"Basuri Luchthoorn\",\"item\":\"https:\/\/truckned.nl\/en\/product-category-2\/luchthoorns\/basuri-luchthoorn\/\"},{\"@type\":\"ListItem\",\"position\":5,\"name\":\"Basuri Baby Shark 5.0 luchthoorn &#8211; 24 melodie\u00ebn\"}]},{\"@type\":\"WebSite\",\"@id\":\"https:\/\/truckned.nl\/nl\/#website\",\"url\":\"https:\/\/truckned.nl\/nl\/\",\"name\":\"Truckned\",\"description\":\"\",\"publisher\":{\"@id\":\"https:\/\/truckned.nl\/nl\/#organization\"},\"potentialAction\":[{\"@type\":\"SearchAction\",\"target\":{\"@type\":\"EntryPoint\",\"urlTemplate\":\"https:\/\/truckned.nl\/nl\/?s={search_term_string}\"},\"query-input\":{\"@type\":\"PropertyValueSpecification\",\"valueRequired\":true,\"valueName\":\"search_term_string\"}}],\"inLanguage\":\"de\"},{\"@type\":\"Organization\",\"@id\":\"https:\/\/truckned.nl\/nl\/#organization\",\"name\":\"Truckned\",\"url\":\"https:\/\/truckned.nl\/nl\/\",\"logo\":{\"@type\":\"ImageObject\",\"inLanguage\":\"de\",\"@id\":\"https:\/\/truckned.nl\/nl\/#\/schema\/logo\/image\/\",\"url\":\"https:\/\/truckned.nl\/wp-content\/uploads\/2022\/10\/800x800-Truckned-logo-zonder-tekst-ZWART.png\",\"contentUrl\":\"https:\/\/truckned.nl\/wp-content\/uploads\/2022\/10\/800x800-Truckned-logo-zonder-tekst-ZWART.png\",\"width\":801,\"height\":801,\"caption\":\"Truckned\"},\"image\":{\"@id\":\"https:\/\/truckned.nl\/nl\/#\/schema\/logo\/image\/\"},\"sameAs\":[\"https:\/\/www.facebook.com\/truckned\/\",\"https:\/\/www.instagram.com\/truckned\/\"],\"vatID\":\"NL863960509B01\",\"taxID\":\"86417487\",\"hasMerchantReturnPolicy\":{\"@type\":\"MerchantReturnPolicy\",\"merchantReturnLink\":\"https:\/\/truckned.nl\/de\/versand-rucksendungen\/\"}}]}<\/script>\n<meta property=\"product:brand\" content=\"BASURI \u00ae\" \/>\n<meta property=\"product:price:amount\" content=\"275.00\" \/>\n<meta property=\"product:price:currency\" content=\"EUR\" \/>\n<meta property=\"og:availability\" content=\"out of stock\" \/>\n<meta property=\"product:availability\" content=\"out of stock\" \/>\n<meta property=\"product:retailer_item_id\" content=\"TN-532219\" \/>\n<meta property=\"product:condition\" content=\"new\" \/>\n<!-- \/ Yoast SEO Premium plugin. -->","yoast_head_json":{"title":"Baby Shark 5.0 Lufthorn - Truckned - Original BASURI \u00ae air Horn - 12\/24V","description":"Baby Shark 5.0 Lufthorn - BASURI \u00ae mit 24 verschiedenen Melodien - gut f\u00fcr 135DB - inkl. 6-mm-Luftanschluss \u2013 das einzige Basuri-Lufthorn","robots":{"index":"index","follow":"follow","max-snippet":"max-snippet:-1","max-image-preview":"max-image-preview:large","max-video-preview":"max-video-preview:-1"},"canonical":"https:\/\/truckned.nl\/de\/produkt\/basuri-baby-shark-5-0-luchthoorn-24-melodien\/","og_locale":"de_DE","og_type":"article","og_title":"Baby Shark 5.0 luchthoorn - Truckned - Original BASURI \u00ae air Horn - 12\/24V","og_description":"Baby Shark 5.0 luchthoorn - BASURI \u00aemet 24 verschillende melodie\u00ebn - goed voor 135DB - incl. 6mm luchtaansluiting - enige echte Basuri luchthoorn","og_url":"https:\/\/truckned.nl\/de\/produkt\/basuri-baby-shark-5-0-luchthoorn-24-melodien\/","og_site_name":"Truckned","article_publisher":"https:\/\/www.facebook.com\/truckned\/","article_modified_time":"2026-04-17T17:36:30+00:00","og_image":[{"width":800,"height":800,"url":"https:\/\/truckned.nl\/wp-content\/uploads\/2025\/05\/TN-532219-SM-2.png","type":"image\/png"}],"twitter_misc":{"Preis":"&euro;275,00","Verf\u00fcgbarkeit":"ausverkauft"},"schema":{"@context":"https:\/\/schema.org","@graph":[{"@type":["WebPage","ItemPage"],"@id":"https:\/\/truckned.nl\/product\/basuri-baby-shark-5-0-luchthoorn-24-melodien\/","url":"https:\/\/truckned.nl\/product\/basuri-baby-shark-5-0-luchthoorn-24-melodien\/","name":"Baby Shark 5.0 Lufthorn - Truckned - Original BASURI \u00ae air Horn - 12\/24V","isPartOf":{"@id":"https:\/\/truckned.nl\/nl\/#website"},"primaryImageOfPage":{"@id":"https:\/\/truckned.nl\/product\/basuri-baby-shark-5-0-luchthoorn-24-melodien\/#primaryimage"},"image":{"@id":"https:\/\/truckned.nl\/product\/basuri-baby-shark-5-0-luchthoorn-24-melodien\/#primaryimage"},"thumbnailUrl":"https:\/\/truckned.nl\/wp-content\/uploads\/2025\/05\/TN-532219-5.png","datePublished":"2023-12-10T11:49:29+00:00","dateModified":"2026-04-17T17:36:30+00:00","description":"Baby Shark 5.0 Lufthorn - BASURI \u00ae mit 24 verschiedenen Melodien - gut f\u00fcr 135DB - inkl. 6-mm-Luftanschluss \u2013 das einzige Basuri-Lufthorn","breadcrumb":{"@id":"https:\/\/truckned.nl\/product\/basuri-baby-shark-5-0-luchthoorn-24-melodien\/#breadcrumb"},"inLanguage":"de","potentialAction":[{"@type":"ReadAction","target":["https:\/\/truckned.nl\/product\/basuri-baby-shark-5-0-luchthoorn-24-melodien\/"]}]},{"@type":"ImageObject","inLanguage":"de","@id":"https:\/\/truckned.nl\/product\/basuri-baby-shark-5-0-luchthoorn-24-melodien\/#primaryimage","url":"https:\/\/truckned.nl\/wp-content\/uploads\/2025\/05\/TN-532219-5.png","contentUrl":"https:\/\/truckned.nl\/wp-content\/uploads\/2025\/05\/TN-532219-5.png","width":800,"height":800,"caption":"Basuri Baby Shark 5.0 luchthoorn voor 12\/24v gebruik - 135DB luide toeter die enkel met een compressor gebruikt kan worden op bijvoorbeeld je auto, vrachtwagen, tractor, camper of ander soort voertuig"},{"@type":"BreadcrumbList","@id":"https:\/\/truckned.nl\/product\/basuri-baby-shark-5-0-luchthoorn-24-melodien\/#breadcrumb","itemListElement":[{"@type":"ListItem","position":1,"name":"Home","item":"https:\/\/truckned.nl\/"},{"@type":"ListItem","position":2,"name":"Shop","item":"https:\/\/truckned.nl\/nl\/shop\/"},{"@type":"ListItem","position":3,"name":"Luchthoorns","item":"https:\/\/truckned.nl\/en\/product-category-2\/luchthoorns\/"},{"@type":"ListItem","position":4,"name":"Basuri Luchthoorn","item":"https:\/\/truckned.nl\/en\/product-category-2\/luchthoorns\/basuri-luchthoorn\/"},{"@type":"ListItem","position":5,"name":"Basuri Baby Shark 5.0 luchthoorn &#8211; 24 melodie\u00ebn"}]},{"@type":"WebSite","@id":"https:\/\/truckned.nl\/nl\/#website","url":"https:\/\/truckned.nl\/nl\/","name":"Truckned","description":"","publisher":{"@id":"https:\/\/truckned.nl\/nl\/#organization"},"potentialAction":[{"@type":"SearchAction","target":{"@type":"EntryPoint","urlTemplate":"https:\/\/truckned.nl\/nl\/?s={search_term_string}"},"query-input":{"@type":"PropertyValueSpecification","valueRequired":true,"valueName":"search_term_string"}}],"inLanguage":"de"},{"@type":"Organization","@id":"https:\/\/truckned.nl\/nl\/#organization","name":"Truckned","url":"https:\/\/truckned.nl\/nl\/","logo":{"@type":"ImageObject","inLanguage":"de","@id":"https:\/\/truckned.nl\/nl\/#\/schema\/logo\/image\/","url":"https:\/\/truckned.nl\/wp-content\/uploads\/2022\/10\/800x800-Truckned-logo-zonder-tekst-ZWART.png","contentUrl":"https:\/\/truckned.nl\/wp-content\/uploads\/2022\/10\/800x800-Truckned-logo-zonder-tekst-ZWART.png","width":801,"height":801,"caption":"Truckned"},"image":{"@id":"https:\/\/truckned.nl\/nl\/#\/schema\/logo\/image\/"},"sameAs":["https:\/\/www.facebook.com\/truckned\/","https:\/\/www.instagram.com\/truckned\/"],"vatID":"NL863960509B01","taxID":"86417487","hasMerchantReturnPolicy":{"@type":"MerchantReturnPolicy","merchantReturnLink":"https:\/\/truckned.nl\/de\/versand-rucksendungen\/"}}]},"product_brand":"BASURI \u00ae","product_price_amount":"275.00","product_price_currency":"EUR","og_availability":"out of stock","product_availability":"out of stock","product_retailer_item_id":"TN-532219","product_condition":"new"},"_links":{"self":[{"href":"https:\/\/truckned.nl\/de\/wp-json\/wp\/v2\/product\/31701","targetHints":{"allow":["GET"]}}],"collection":[{"href":"https:\/\/truckned.nl\/de\/wp-json\/wp\/v2\/product"}],"about":[{"href":"https:\/\/truckned.nl\/de\/wp-json\/wp\/v2\/types\/product"}],"replies":[{"embeddable":true,"href":"https:\/\/truckned.nl\/de\/wp-json\/wp\/v2\/comments?post=31701"}],"wp:featuredmedia":[{"embeddable":true,"href":"https:\/\/truckned.nl\/de\/wp-json\/wp\/v2\/media\/31713"}],"wp:attachment":[{"href":"https:\/\/truckned.nl\/de\/wp-json\/wp\/v2\/media?parent=31701"}],"wp:term":[{"taxonomy":"product_brand","embeddable":true,"href":"https:\/\/truckned.nl\/de\/wp-json\/wp\/v2\/product_brand?post=31701"},{"taxonomy":"product_cat","embeddable":true,"href":"https:\/\/truckned.nl\/de\/wp-json\/wp\/v2\/product_cat?post=31701"},{"taxonomy":"product_tag","embeddable":true,"href":"https:\/\/truckned.nl\/de\/wp-json\/wp\/v2\/product_tag?post=31701"}],"curies":[{"name":"wp","href":"https:\/\/api.w.org\/{rel}","templated":true}]}}