{"id":32038,"date":"2025-04-15T12:14:44","date_gmt":"2025-04-15T11:14:44","guid":{"rendered":"https:\/\/truckned.nl\/?post_type=product&#038;p=32038"},"modified":"2025-07-17T15:46:21","modified_gmt":"2025-07-17T14:46:21","slug":"led-toplamp-dual-color-24-volt-links","status":"publish","type":"product","link":"https:\/\/truckned.nl\/de\/produkt\/led-toplamp-dual-color-24-volt-links\/","title":{"rendered":"LED Toplamp DUAL COLOR 24 Volt - links"},"content":{"rendered":"<p><span style=\"color: #000000\"><strong>LED Topleucht DUAL COLOR links, geeignet f\u00fcr 24 Volt Betrieb.<\/strong><\/span><\/p>\n<p><span style=\"color: #000000\">Suchen Sie die legend\u00e4re Volvo LED-Topleuchte mit flachem Boden und zweifarbiger Lichtoption? Dann ist die DUAL COLOR Topleuchte LEFT von Nedking genau das Richtige f\u00fcr Sie. Diese stilvolle LED-Leuchte vereint Funktionalit\u00e4t mit ansprechendem Design und ist mit drei hellen LED-Punkten ausgestattet, die Sie je nach Wunsch oder Situation auf wei\u00dfes oder orangefarbenes Licht einstellen k\u00f6nnen. Ob moderner Look oder markanter, klassischer Stil \u2013 mit dieser Leuchte liegen Sie immer richtig. Die Topleuchte arbeitet mit 24 Volt und eignet sich daher perfekt f\u00fcr die Montage an LKW, Anh\u00e4ngern und anderen schweren Fahrzeugen.<\/span><\/p>\n<p><span style=\"color: #000000\">Nat\u00fcrlich m\u00f6chten Sie sich vorab vergewissern, dass diese Leuchte Ihren Anforderungen entspricht. Deshalb haben wir nachfolgend einige praktische Merkmale aufgelistet. Die Nedking Topleuchte DUAL COLOR LINKS wird serienm\u00e4\u00dfig mit einem abgerundeten Befestigungsgummi geliefert, mit dem Sie die Leuchte sauber und fest an der linken Seite Ihrer Kabine befestigen k\u00f6nnen. Dank des ECE R10-G\u00fctezeichens ist ein st\u00f6rungsfreier Betrieb gew\u00e4hrleistet, d. h. die Leuchte verursacht keine St\u00f6rungen Ihres Radios oder anderer elektronischer Systeme. Das mitgelieferte 20 cm lange Anschlusskabel sorgt zudem f\u00fcr eine reibungslose und einfache Installation. Einstecken, anschlie\u00dfen und schon sind Sie bereit f\u00fcr die Stra\u00dfe.<\/span><\/p>\n<h5><span style=\"color: #000000\"><strong>Andere Farben:<\/strong><\/span><\/h5>\n<p><span style=\"color: #000000\">Sie m\u00f6chten eine Volvo LED-Dachleuchte f\u00fcr Ihren Lkw, aber diese zweifarbige Variante mit abgeschr\u00e4gtem Befestigungsgummi ist nicht das Richtige f\u00fcr Sie? Kein Problem. Nedking bietet diese beliebte Leuchte auch in anderen Ausf\u00fchrungen an. Sehen Sie sich die Alternativen unten an und finden Sie genau das Modell, das zu Ihrem Stil und Fahrzeug passt.<\/span><\/p>\n<ul>\n<li><a href=\"https:\/\/truckned.nl\/de\/produkt\/led-toplamp-dual-color-24-volt-rechts\/\"><span style=\"color: #000000\"><strong>Volvo LED Oberleuchte RECHTS<\/strong><\/span><\/a><\/li>\n<li><a href=\"https:\/\/truckned.nl\/de\/produkt\/led-toplamp-dual-color-24-volt\/\"><span style=\"color: #000000\"><strong>Volvo LED Oberlicht flach<\/strong><\/span><\/a><\/li>\n<\/ul>\n<p><span style=\"color: #000000\">Ist die Volvo LED Topleuchte ZWEIFARBIG LINKS immer noch nicht das Richtige f\u00fcr Sie? Vielleicht passt die Farbe oder die Spannung einfach nicht zu Ihren Bed\u00fcrfnissen. Keine Sorge, schauen Sie sich unsere Seite mit <a style=\"color: #000000\" href=\"https:\/\/truckned.nl\/de\/produkt-kategorie\/verlichting\/\">LKW-Beleuchtung<\/a>Die Chancen stehen gut, dass Sie genau die Lampe finden, die zu Ihrem LKW passt.<\/span><\/p>","protected":false},"excerpt":{"rendered":"<p>LED DUAL COLOR Topleuchte links, geeignet f\u00fcr 24-Volt-Betrieb. Suchen Sie die kultige Volvo LED Topleuchte mit flachem Sockel und zweifarbiger Lichtoption? Dann ist die Nedking DUAL COLOR Topleuchte LINKS genau das Richtige f\u00fcr Sie. Diese stilvolle LED Lampe vereint Funktionalit\u00e4t mit Stil und verf\u00fcgt \u00fcber drei helle [\u2026]<\/p>","protected":false},"featured_media":32039,"comment_status":"open","ping_status":"closed","template":"","meta":{"_acf_changed":false,"site-sidebar-layout":"default","site-content-layout":"","ast-site-content-layout":"default","site-content-style":"default","site-sidebar-style":"default","ast-global-header-display":"","ast-banner-title-visibility":"","ast-main-header-display":"","ast-hfb-above-header-display":"","ast-hfb-below-header-display":"","ast-hfb-mobile-header-display":"","site-post-title":"","ast-breadcrumbs-content":"","ast-featured-img":"","footer-sml-layout":"","ast-disable-related-posts":"","theme-transparent-header-meta":"default","adv-header-id-meta":"","stick-header-meta":"","header-above-stick-meta":"","header-main-stick-meta":"","header-below-stick-meta":"","astra-migrate-meta-layouts":"set","ast-page-background-enabled":"default","ast-page-background-meta":{"desktop":{"background-color":"","background-image":"","background-repeat":"repeat","background-position":"center center","background-size":"auto","background-attachment":"scroll","background-type":"","background-media":"","overlay-type":"","overlay-color":"","overlay-opacity":"","overlay-gradient":""},"tablet":{"background-color":"","background-image":"","background-repeat":"repeat","background-position":"center center","background-size":"auto","background-attachment":"scroll","background-type":"","background-media":"","overlay-type":"","overlay-color":"","overlay-opacity":"","overlay-gradient":""},"mobile":{"background-color":"","background-image":"","background-repeat":"repeat","background-position":"center center","background-size":"auto","background-attachment":"scroll","background-type":"","background-media":"","overlay-type":"","overlay-color":"","overlay-opacity":"","overlay-gradient":""}},"ast-content-background-meta":{"desktop":{"background-color":"var(--ast-global-color-5)","background-image":"","background-repeat":"repeat","background-position":"center center","background-size":"auto","background-attachment":"scroll","background-type":"","background-media":"","overlay-type":"","overlay-color":"","overlay-opacity":"","overlay-gradient":""},"tablet":{"background-color":"var(--ast-global-color-5)","background-image":"","background-repeat":"repeat","background-position":"center center","background-size":"auto","background-attachment":"scroll","background-type":"","background-media":"","overlay-type":"","overlay-color":"","overlay-opacity":"","overlay-gradient":""},"mobile":{"background-color":"var(--ast-global-color-5)","background-image":"","background-repeat":"repeat","background-position":"center center","background-size":"auto","background-attachment":"scroll","background-type":"","background-media":"","overlay-type":"","overlay-color":"","overlay-opacity":"","overlay-gradient":""}}},"product_brand":[],"product_cat":[7535],"product_tag":[2248,2397,5001,2661,2250],"class_list":{"0":"post-32038","1":"product","2":"type-product","3":"status-publish","4":"has-post-thumbnail","6":"product_cat-verlichting-toplichten","7":"product_tag-led-toplamp","8":"product_tag-nedking","9":"product_tag-nedking-verlichting","10":"product_tag-volvo-toplamp","11":"product_tag-volvo-verlichting","12":"pa_merkk-product-nedking","13":"desktop-align-left","14":"tablet-align-left","15":"mobile-align-left","17":"first","18":"instock","19":"taxable","20":"shipping-taxable","21":"purchasable","22":"product-type-simple"},"acf":[],"yoast_head":"<!-- This site is optimized with the Yoast SEO Premium plugin v26.5 (Yoast SEO v26.5) - https:\/\/yoast.com\/wordpress\/plugins\/seo\/ -->\n<title>LED toplamp DUAL COLOR links - Truckned - voor 24 volt gebruik<\/title>\n<meta name=\"description\" content=\"LED toplamp DUAL COLOR links - welbekende Volvo LED toplamp met schuin montage rubber - DUAL COLOR WIT-AMBER - voor op een vrachtwagen cabine\" \/>\n<meta name=\"robots\" content=\"index, follow, max-snippet:-1, max-image-preview:large, max-video-preview:-1\" \/>\n<link rel=\"canonical\" href=\"https:\/\/truckned.nl\/de\/produkt\/led-toplamp-dual-color-24-volt-links\/\" \/>\n<meta property=\"og:locale\" content=\"de_DE\" \/>\n<meta property=\"og:type\" content=\"article\" \/>\n<meta property=\"og:title\" content=\"LED toplamp DUAL COLOR links - Truckned - voor 24 volt gebruik\" \/>\n<meta property=\"og:description\" content=\"LED toplamp DUAL COLOR links - welbekende Volvo LED toplamp met schuin montage rubber - DUAL COLOR WIT-AMBER - voor op een vrachtwagen cabine\" \/>\n<meta property=\"og:url\" content=\"https:\/\/truckned.nl\/de\/produkt\/led-toplamp-dual-color-24-volt-links\/\" \/>\n<meta property=\"og:site_name\" content=\"Truckned\" \/>\n<meta property=\"article:publisher\" content=\"https:\/\/www.facebook.com\/truckned\/\" \/>\n<meta property=\"article:modified_time\" content=\"2025-07-17T14:46:21+00:00\" \/>\n<meta property=\"og:image\" content=\"https:\/\/truckned.nl\/wp-content\/uploads\/2025\/06\/ADL81033LWA-LED-SM.png\" \/>\n\t<meta property=\"og:image:width\" content=\"800\" \/>\n\t<meta property=\"og:image:height\" content=\"800\" \/>\n\t<meta property=\"og:image:type\" content=\"image\/png\" \/>\n<meta name=\"twitter:label1\" content=\"Preis\" \/>\n\t<meta name=\"twitter:data1\" content=\"&euro;37,95\" \/>\n\t<meta name=\"twitter:label2\" content=\"Verf\u00fcgbarkeit\" \/>\n\t<meta name=\"twitter:data2\" content=\"Auf Lager\" \/>\n<script type=\"application\/ld+json\" class=\"yoast-schema-graph\">{\"@context\":\"https:\/\/schema.org\",\"@graph\":[{\"@type\":[\"WebPage\",\"ItemPage\"],\"@id\":\"https:\/\/truckned.nl\/product\/led-toplamp-dual-color-24-volt-links\/\",\"url\":\"https:\/\/truckned.nl\/product\/led-toplamp-dual-color-24-volt-links\/\",\"name\":\"LED toplamp DUAL COLOR links - Truckned - voor 24 volt gebruik\",\"isPartOf\":{\"@id\":\"https:\/\/truckned.nl\/nl\/#website\"},\"primaryImageOfPage\":{\"@id\":\"https:\/\/truckned.nl\/product\/led-toplamp-dual-color-24-volt-links\/#primaryimage\"},\"image\":{\"@id\":\"https:\/\/truckned.nl\/product\/led-toplamp-dual-color-24-volt-links\/#primaryimage\"},\"thumbnailUrl\":\"https:\/\/truckned.nl\/wp-content\/uploads\/2025\/06\/ADL81033LWA-LED.png\",\"datePublished\":\"2025-04-15T11:14:44+00:00\",\"dateModified\":\"2025-07-17T14:46:21+00:00\",\"description\":\"LED toplamp DUAL COLOR links - welbekende Volvo LED toplamp met schuin montage rubber - DUAL COLOR WIT-AMBER - voor op een vrachtwagen cabine\",\"breadcrumb\":{\"@id\":\"https:\/\/truckned.nl\/product\/led-toplamp-dual-color-24-volt-links\/#breadcrumb\"},\"inLanguage\":\"de\",\"potentialAction\":[{\"@type\":\"ReadAction\",\"target\":[\"https:\/\/truckned.nl\/product\/led-toplamp-dual-color-24-volt-links\/\"]}]},{\"@type\":\"ImageObject\",\"inLanguage\":\"de\",\"@id\":\"https:\/\/truckned.nl\/product\/led-toplamp-dual-color-24-volt-links\/#primaryimage\",\"url\":\"https:\/\/truckned.nl\/wp-content\/uploads\/2025\/06\/ADL81033LWA-LED.png\",\"contentUrl\":\"https:\/\/truckned.nl\/wp-content\/uploads\/2025\/06\/ADL81033LWA-LED.png\",\"width\":800,\"height\":800,\"caption\":\"Volvo toplamp LED DUAL COLOR rechts - Nedking - 81033LWA-LED - 6500K en oranje standlicht - IP67 - ECE R7 ECE R10\"},{\"@type\":\"BreadcrumbList\",\"@id\":\"https:\/\/truckned.nl\/product\/led-toplamp-dual-color-24-volt-links\/#breadcrumb\",\"itemListElement\":[{\"@type\":\"ListItem\",\"position\":1,\"name\":\"Home\",\"item\":\"https:\/\/truckned.nl\/\"},{\"@type\":\"ListItem\",\"position\":2,\"name\":\"Shop\",\"item\":\"https:\/\/truckned.nl\/nl\/shop\/\"},{\"@type\":\"ListItem\",\"position\":3,\"name\":\"Verlichting\",\"item\":\"https:\/\/truckned.nl\/de\/produkt-kategorie\/verlichting\/\"},{\"@type\":\"ListItem\",\"position\":4,\"name\":\"Toplichten\",\"item\":\"https:\/\/truckned.nl\/nl\/product-categorie\/verlichting\/verlichting-toplichten\/\"},{\"@type\":\"ListItem\",\"position\":5,\"name\":\"LED toplamp DUAL COLOR 24 Volt &#8211; links\"}]},{\"@type\":\"WebSite\",\"@id\":\"https:\/\/truckned.nl\/nl\/#website\",\"url\":\"https:\/\/truckned.nl\/nl\/\",\"name\":\"Truckned\",\"description\":\"\",\"publisher\":{\"@id\":\"https:\/\/truckned.nl\/nl\/#organization\"},\"potentialAction\":[{\"@type\":\"SearchAction\",\"target\":{\"@type\":\"EntryPoint\",\"urlTemplate\":\"https:\/\/truckned.nl\/nl\/?s={search_term_string}\"},\"query-input\":{\"@type\":\"PropertyValueSpecification\",\"valueRequired\":true,\"valueName\":\"search_term_string\"}}],\"inLanguage\":\"de\"},{\"@type\":\"Organization\",\"@id\":\"https:\/\/truckned.nl\/nl\/#organization\",\"name\":\"Truckned\",\"url\":\"https:\/\/truckned.nl\/nl\/\",\"logo\":{\"@type\":\"ImageObject\",\"inLanguage\":\"de\",\"@id\":\"https:\/\/truckned.nl\/nl\/#\/schema\/logo\/image\/\",\"url\":\"https:\/\/truckned.nl\/wp-content\/uploads\/2022\/10\/800x800-Truckned-logo-zonder-tekst-ZWART.png\",\"contentUrl\":\"https:\/\/truckned.nl\/wp-content\/uploads\/2022\/10\/800x800-Truckned-logo-zonder-tekst-ZWART.png\",\"width\":801,\"height\":801,\"caption\":\"Truckned\"},\"image\":{\"@id\":\"https:\/\/truckned.nl\/nl\/#\/schema\/logo\/image\/\"},\"sameAs\":[\"https:\/\/www.facebook.com\/truckned\/\",\"https:\/\/www.instagram.com\/truckned\/\"],\"vatID\":\"NL863960509B01\",\"taxID\":\"86417487\",\"hasMerchantReturnPolicy\":{\"@type\":\"MerchantReturnPolicy\",\"merchantReturnLink\":\"https:\/\/truckned.nl\/de\/versand-rucksendungen\/\"}}]}<\/script>\n<meta property=\"product:brand\" content=\"Nedking\" \/>\n<meta property=\"product:price:amount\" content=\"37.95\" \/>\n<meta property=\"product:price:currency\" content=\"EUR\" \/>\n<meta property=\"og:availability\" content=\"instock\" \/>\n<meta property=\"product:availability\" content=\"instock\" \/>\n<meta property=\"product:retailer_item_id\" content=\"TN-801033LWA-LED\" \/>\n<meta property=\"product:condition\" content=\"new\" \/>\n<!-- \/ Yoast SEO Premium plugin. -->","yoast_head_json":{"title":"LED Toplamp DUAL COLOR links - Truckned - f\u00fcr 24 Volt Betrieb","description":"LED Toplamp DUAL COLOR links - bekannte Volvo LED Topleuchte mit schr\u00e4gem Befestigungsgummi - DUAL COLOR WEISS-ORANGE - f\u00fcr LKW-Kabine","robots":{"index":"index","follow":"follow","max-snippet":"max-snippet:-1","max-image-preview":"max-image-preview:large","max-video-preview":"max-video-preview:-1"},"canonical":"https:\/\/truckned.nl\/de\/produkt\/led-toplamp-dual-color-24-volt-links\/","og_locale":"de_DE","og_type":"article","og_title":"LED toplamp DUAL COLOR links - Truckned - voor 24 volt gebruik","og_description":"LED toplamp DUAL COLOR links - welbekende Volvo LED toplamp met schuin montage rubber - DUAL COLOR WIT-AMBER - voor op een vrachtwagen cabine","og_url":"https:\/\/truckned.nl\/de\/produkt\/led-toplamp-dual-color-24-volt-links\/","og_site_name":"Truckned","article_publisher":"https:\/\/www.facebook.com\/truckned\/","article_modified_time":"2025-07-17T14:46:21+00:00","og_image":[{"width":800,"height":800,"url":"https:\/\/truckned.nl\/wp-content\/uploads\/2025\/06\/ADL81033LWA-LED-SM.png","type":"image\/png"}],"twitter_misc":{"Preis":"&euro;37,95","Verf\u00fcgbarkeit":"Auf Lager"},"schema":{"@context":"https:\/\/schema.org","@graph":[{"@type":["WebPage","ItemPage"],"@id":"https:\/\/truckned.nl\/product\/led-toplamp-dual-color-24-volt-links\/","url":"https:\/\/truckned.nl\/product\/led-toplamp-dual-color-24-volt-links\/","name":"LED Toplamp DUAL COLOR links - Truckned - f\u00fcr 24 Volt Betrieb","isPartOf":{"@id":"https:\/\/truckned.nl\/nl\/#website"},"primaryImageOfPage":{"@id":"https:\/\/truckned.nl\/product\/led-toplamp-dual-color-24-volt-links\/#primaryimage"},"image":{"@id":"https:\/\/truckned.nl\/product\/led-toplamp-dual-color-24-volt-links\/#primaryimage"},"thumbnailUrl":"https:\/\/truckned.nl\/wp-content\/uploads\/2025\/06\/ADL81033LWA-LED.png","datePublished":"2025-04-15T11:14:44+00:00","dateModified":"2025-07-17T14:46:21+00:00","description":"LED Toplamp DUAL COLOR links - bekannte Volvo LED Topleuchte mit schr\u00e4gem Befestigungsgummi - DUAL COLOR WEISS-ORANGE - f\u00fcr LKW-Kabine","breadcrumb":{"@id":"https:\/\/truckned.nl\/product\/led-toplamp-dual-color-24-volt-links\/#breadcrumb"},"inLanguage":"de","potentialAction":[{"@type":"ReadAction","target":["https:\/\/truckned.nl\/product\/led-toplamp-dual-color-24-volt-links\/"]}]},{"@type":"ImageObject","inLanguage":"de","@id":"https:\/\/truckned.nl\/product\/led-toplamp-dual-color-24-volt-links\/#primaryimage","url":"https:\/\/truckned.nl\/wp-content\/uploads\/2025\/06\/ADL81033LWA-LED.png","contentUrl":"https:\/\/truckned.nl\/wp-content\/uploads\/2025\/06\/ADL81033LWA-LED.png","width":800,"height":800,"caption":"Volvo toplamp LED DUAL COLOR rechts - Nedking - 81033LWA-LED - 6500K en oranje standlicht - IP67 - ECE R7 ECE R10"},{"@type":"BreadcrumbList","@id":"https:\/\/truckned.nl\/product\/led-toplamp-dual-color-24-volt-links\/#breadcrumb","itemListElement":[{"@type":"ListItem","position":1,"name":"Home","item":"https:\/\/truckned.nl\/"},{"@type":"ListItem","position":2,"name":"Shop","item":"https:\/\/truckned.nl\/nl\/shop\/"},{"@type":"ListItem","position":3,"name":"Verlichting","item":"https:\/\/truckned.nl\/de\/produkt-kategorie\/verlichting\/"},{"@type":"ListItem","position":4,"name":"Toplichten","item":"https:\/\/truckned.nl\/nl\/product-categorie\/verlichting\/verlichting-toplichten\/"},{"@type":"ListItem","position":5,"name":"LED toplamp DUAL COLOR 24 Volt &#8211; links"}]},{"@type":"WebSite","@id":"https:\/\/truckned.nl\/nl\/#website","url":"https:\/\/truckned.nl\/nl\/","name":"Truckned","description":"","publisher":{"@id":"https:\/\/truckned.nl\/nl\/#organization"},"potentialAction":[{"@type":"SearchAction","target":{"@type":"EntryPoint","urlTemplate":"https:\/\/truckned.nl\/nl\/?s={search_term_string}"},"query-input":{"@type":"PropertyValueSpecification","valueRequired":true,"valueName":"search_term_string"}}],"inLanguage":"de"},{"@type":"Organization","@id":"https:\/\/truckned.nl\/nl\/#organization","name":"Truckned","url":"https:\/\/truckned.nl\/nl\/","logo":{"@type":"ImageObject","inLanguage":"de","@id":"https:\/\/truckned.nl\/nl\/#\/schema\/logo\/image\/","url":"https:\/\/truckned.nl\/wp-content\/uploads\/2022\/10\/800x800-Truckned-logo-zonder-tekst-ZWART.png","contentUrl":"https:\/\/truckned.nl\/wp-content\/uploads\/2022\/10\/800x800-Truckned-logo-zonder-tekst-ZWART.png","width":801,"height":801,"caption":"Truckned"},"image":{"@id":"https:\/\/truckned.nl\/nl\/#\/schema\/logo\/image\/"},"sameAs":["https:\/\/www.facebook.com\/truckned\/","https:\/\/www.instagram.com\/truckned\/"],"vatID":"NL863960509B01","taxID":"86417487","hasMerchantReturnPolicy":{"@type":"MerchantReturnPolicy","merchantReturnLink":"https:\/\/truckned.nl\/de\/versand-rucksendungen\/"}}]},"product_brand":"Nedking","product_price_amount":"37.95","product_price_currency":"EUR","og_availability":"instock","product_availability":"instock","product_retailer_item_id":"TN-801033LWA-LED","product_condition":"new"},"_links":{"self":[{"href":"https:\/\/truckned.nl\/de\/wp-json\/wp\/v2\/product\/32038","targetHints":{"allow":["GET"]}}],"collection":[{"href":"https:\/\/truckned.nl\/de\/wp-json\/wp\/v2\/product"}],"about":[{"href":"https:\/\/truckned.nl\/de\/wp-json\/wp\/v2\/types\/product"}],"replies":[{"embeddable":true,"href":"https:\/\/truckned.nl\/de\/wp-json\/wp\/v2\/comments?post=32038"}],"wp:featuredmedia":[{"embeddable":true,"href":"https:\/\/truckned.nl\/de\/wp-json\/wp\/v2\/media\/32039"}],"wp:attachment":[{"href":"https:\/\/truckned.nl\/de\/wp-json\/wp\/v2\/media?parent=32038"}],"wp:term":[{"taxonomy":"product_brand","embeddable":true,"href":"https:\/\/truckned.nl\/de\/wp-json\/wp\/v2\/product_brand?post=32038"},{"taxonomy":"product_cat","embeddable":true,"href":"https:\/\/truckned.nl\/de\/wp-json\/wp\/v2\/product_cat?post=32038"},{"taxonomy":"product_tag","embeddable":true,"href":"https:\/\/truckned.nl\/de\/wp-json\/wp\/v2\/product_tag?post=32038"}],"curies":[{"name":"wp","href":"https:\/\/api.w.org\/{rel}","templated":true}]}}