{"id":32136,"date":"2025-03-15T10:00:41","date_gmt":"2025-03-15T09:00:41","guid":{"rendered":"https:\/\/truckned.nl\/?post_type=product&#038;p=32136"},"modified":"2026-04-15T20:13:31","modified_gmt":"2026-04-15T18:13:31","slug":"strands-led-dubbelbrander-silver-arrow","status":"publish","type":"product","link":"https:\/\/truckned.nl\/de\/produkt\/strands-led-dubbelbrander-silver-arrow\/","title":{"rendered":"Strands LED Doppelbrenner Silver Arrow"},"content":{"rendered":"<p><span style=\"color: #000000;\"><strong>Strands SILVER ARROW Doppelbrenner mit orange LED Blitz.<\/strong><\/span><\/p>\n<p><span style=\"color: #000000;\">Suchen Sie einen LED-Doppelbrenner f\u00fcr Ihren Lkw, Transporter oder ein anderes Fahrzeug, wissen aber nicht genau, welcher es sein soll? Dann k\u00f6nnte der Strands Silver Arrow LED Doppelbrenner genau das Richtige f\u00fcr Sie sein. Diese DUAL COLOR-Version verf\u00fcgt \u00fcber einen integrierten Blinker mit 21 Mustern und ist mit zwei LED-Leiterplatten ausgestattet. Diese leuchten orange oder wei\u00df \u2013 Sie entscheiden, was Sie ben\u00f6tigen. Dank der klaren Linse und dem Betrieb mit 12 und 24 Volt k\u00f6nnen Sie diesen Doppelbrenner an allen Arten von Fahrzeugen einsetzen: von Pkw und Wohnmobilen bis hin zu Anh\u00e4ngern und Lkw.<\/span><\/p>\n<p><span style=\"color: #000000;\">Damit Sie sicher sein k\u00f6nnen, dass dies der richtige Strands Silver Arrow Doppelbrenner f\u00fcr Ihren Einsatzzweck ist, haben wir unten die wichtigsten Spezifikationen f\u00fcr Sie aufgelistet. Diese DUAL COLOR-Version des Strands sieht nicht nur gut aus. Die Lampe ist au\u00dferdem mit G\u00fctezeichen wie ECE R10, ECE R148 und ECE R65 zugelassen. Das bedeutet, dass Sie die Lampe als Markierungs- und Signalleuchte verwenden k\u00f6nnen. Die Installation? Auch die ist im Handumdrehen erledigt: Sie erhalten einen Gummisockel, Befestigungsschrauben und ein ein Meter langes Kabel. Einfach, robust und sofort einsatzbereit.<\/span><\/p>\n<h5><span style=\"color: #000000;\"><strong>Abmessungen:<\/strong><\/span><\/h5>\n<p><span style=\"color: #000000;\">Vor dem Kauf m\u00f6chten Sie nat\u00fcrlich sichergehen, dass Sie den Strands Silver Arrow Doppelbrenner an der gew\u00fcnschten Stelle montieren k\u00f6nnen. Deshalb haben wir unten die Abmessungen des IZE LED Silver Arrow Doppelbrenners aufgelistet. Die Abmessungen dieses Strands Silver Arrow Doppelbrenners DUAL COLOR lauten wie folgt:<\/span><\/p>\n<ul>\n<li><span style=\"color: #000000;\">Breite: 125 mm<\/span><\/li>\n<li><span style=\"color: #000000;\">H\u00f6he: 52 mm<\/span><\/li>\n<li><span style=\"color: #000000;\">Dicke: 32 mm<\/span><\/li>\n<li><span style=\"color: #000000;\">HoH 109 mm<\/span><\/li>\n<\/ul>\n<h5><span style=\"color: #000000;\"><strong>Andere Farben:<\/strong><\/span><\/h5>\n<p><span style=\"color: #000000;\">M\u00f6chten Sie Ihr Auto, Ihren Transporter, Ihren LKW oder Ihren Anh\u00e4nger mit einem leistungsstarken Doppelbrenner ausstatten, aber der IZE LED Silver Arrow mit dunkler Linse ist nicht genau das, was Sie suchen? Kein Problem, dieser Strands Silver Arrow Doppelbrenner ist auch in anderen Ausf\u00fchrungen erh\u00e4ltlich. So finden Sie ganz einfach die Version, die am besten zu Ihrem Fahrzeug und Stil passt.\u00a0<\/span><\/p>\n<ul>\n<li><span style=\"color: #000000;\"><a style=\"color: #000000;\" href=\"https:\/\/truckned.nl\/de\/produkt\/strands-led-dubbelbrander-black-bullet\/\"><strong>IZE LED BLACK BULLET<\/strong><\/a><\/span><\/li>\n<li><a href=\"https:\/\/truckned.nl\/de\/produkt\/strands-ize-led-dubbelbrander\/\"><span style=\"color: #000000;\"><strong>IZE LED AMBER<\/strong><\/span><\/a><\/li>\n<\/ul>\n<p><span style=\"color: #000000;\">Sind Sie nach dem Lesen aller Spezifikationen immer noch nicht sicher, ob der Strands IZE LED Silver Arrow Doppelbrenner mit dunkler Linse die richtige Wahl f\u00fcr Ihren LKW ist? Dann werfen Sie einen Blick auf das gesamte ledige-Sortiment <a style=\"color: #000000;\" href=\"https:\/\/truckned.nl\/de\/produkt-kategorie\/dubbelbranders\/\">Doppelbrenner<\/a>Die Chancen stehen gut, dass die perfekte Lampe f\u00fcr Ihren LKW dabei ist.<\/span><\/p>","protected":false},"excerpt":{"rendered":"<p>Dubbelbrander van Strands met heldere behuizing en flitser.<\/p>","protected":false},"featured_media":33432,"comment_status":"open","ping_status":"closed","template":"","meta":{"_acf_changed":false,"site-sidebar-layout":"default","site-content-layout":"default","ast-site-content-layout":"default","site-content-style":"default","site-sidebar-style":"default","ast-global-header-display":"","ast-banner-title-visibility":"","ast-main-header-display":"","ast-hfb-above-header-display":"","ast-hfb-below-header-display":"","ast-hfb-mobile-header-display":"","site-post-title":"","ast-breadcrumbs-content":"","ast-featured-img":"","footer-sml-layout":"","ast-disable-related-posts":"","theme-transparent-header-meta":"default","adv-header-id-meta":"","stick-header-meta":"","header-above-stick-meta":"","header-main-stick-meta":"","header-below-stick-meta":"","astra-migrate-meta-layouts":"set","ast-page-background-enabled":"default","ast-page-background-meta":{"desktop":{"background-color":"","background-image":"","background-repeat":"repeat","background-position":"center center","background-size":"auto","background-attachment":"scroll","background-type":"","background-media":"","overlay-type":"","overlay-color":"","overlay-opacity":"","overlay-gradient":""},"tablet":{"background-color":"","background-image":"","background-repeat":"repeat","background-position":"center center","background-size":"auto","background-attachment":"scroll","background-type":"","background-media":"","overlay-type":"","overlay-color":"","overlay-opacity":"","overlay-gradient":""},"mobile":{"background-color":"","background-image":"","background-repeat":"repeat","background-position":"center center","background-size":"auto","background-attachment":"scroll","background-type":"","background-media":"","overlay-type":"","overlay-color":"","overlay-opacity":"","overlay-gradient":""}},"ast-content-background-meta":{"desktop":{"background-color":"var(--ast-global-color-5)","background-image":"","background-repeat":"repeat","background-position":"center center","background-size":"auto","background-attachment":"scroll","background-type":"","background-media":"","overlay-type":"","overlay-color":"","overlay-opacity":"","overlay-gradient":""},"tablet":{"background-color":"var(--ast-global-color-5)","background-image":"","background-repeat":"repeat","background-position":"center center","background-size":"auto","background-attachment":"scroll","background-type":"","background-media":"","overlay-type":"","overlay-color":"","overlay-opacity":"","overlay-gradient":""},"mobile":{"background-color":"var(--ast-global-color-5)","background-image":"","background-repeat":"repeat","background-position":"center center","background-size":"auto","background-attachment":"scroll","background-type":"","background-media":"","overlay-type":"","overlay-color":"","overlay-opacity":"","overlay-gradient":""}}},"product_brand":[],"product_cat":[7207],"product_tag":[7826,7827,6388,7824],"class_list":{"0":"post-32136","1":"product","2":"type-product","3":"status-publish","4":"has-post-thumbnail","6":"product_cat-verlichting-dubbelbranders","7":"product_tag-dual-color-dubbelbrander-met-flitser","8":"product_tag-ize-led-silver-arrow","9":"product_tag-sale","10":"product_tag-strands-dubbelbrander","11":"pa_merkk-product-strands-lighting-division","12":"desktop-align-left","13":"tablet-align-left","14":"mobile-align-left","16":"first","17":"instock","18":"sale","19":"taxable","20":"shipping-taxable","21":"purchasable","22":"product-type-simple"},"acf":[],"yoast_head":"<!-- This site is optimized with the Yoast SEO Premium plugin v26.5 (Yoast SEO v26.5) - https:\/\/yoast.com\/wordpress\/plugins\/seo\/ -->\n<title>Strands LED dubbelbrander Silver Arrow - Truckned - met oranje flitser<\/title>\n<meta name=\"description\" content=\"Strands IZE LED dubbelbrander Silver Arrow - DUAL COLOR dubbelbrander met flitser - ECE R148 en ECE R65 goedkeuring - voor 12 &amp; 24 volt gebruik\" \/>\n<meta name=\"robots\" content=\"index, follow, max-snippet:-1, max-image-preview:large, max-video-preview:-1\" \/>\n<link rel=\"canonical\" href=\"https:\/\/truckned.nl\/de\/produkt\/strands-led-dubbelbrander-silver-arrow\/\" \/>\n<meta property=\"og:locale\" content=\"de_DE\" \/>\n<meta property=\"og:type\" content=\"article\" \/>\n<meta property=\"og:title\" content=\"Strands LED dubbelbrander Silver Arrow - Truckned - met oranje flitser\" \/>\n<meta property=\"og:description\" content=\"Strands IZE LED dubbelbrander Silver Arrow - DUAL COLOR dubbelbrander met flitser - ECE R148 en ECE R65 goedkeuring - voor 12 &amp; 24 volt gebruik\" \/>\n<meta property=\"og:url\" content=\"https:\/\/truckned.nl\/de\/produkt\/strands-led-dubbelbrander-silver-arrow\/\" \/>\n<meta property=\"og:site_name\" content=\"Truckned\" \/>\n<meta property=\"article:publisher\" content=\"https:\/\/www.facebook.com\/truckned\/\" \/>\n<meta property=\"article:modified_time\" content=\"2026-04-15T18:13:31+00:00\" \/>\n<meta property=\"og:image\" content=\"https:\/\/truckned.nl\/wp-content\/uploads\/2025\/07\/TN-8050458-SM.png\" \/>\n\t<meta property=\"og:image:width\" content=\"800\" \/>\n\t<meta property=\"og:image:height\" content=\"800\" \/>\n\t<meta property=\"og:image:type\" content=\"image\/png\" \/>\n<meta name=\"twitter:label1\" content=\"Preis\" \/>\n\t<meta name=\"twitter:data1\" content=\"&euro;24,75\" \/>\n\t<meta name=\"twitter:label2\" content=\"Verf\u00fcgbarkeit\" \/>\n\t<meta name=\"twitter:data2\" content=\"Auf Lager\" \/>\n<script type=\"application\/ld+json\" class=\"yoast-schema-graph\">{\"@context\":\"https:\/\/schema.org\",\"@graph\":[{\"@type\":[\"WebPage\",\"ItemPage\"],\"@id\":\"https:\/\/truckned.nl\/product\/strands-led-dubbelbrander-silver-arrow\/\",\"url\":\"https:\/\/truckned.nl\/product\/strands-led-dubbelbrander-silver-arrow\/\",\"name\":\"Strands LED dubbelbrander Silver Arrow - Truckned - met oranje flitser\",\"isPartOf\":{\"@id\":\"https:\/\/truckned.nl\/nl\/#website\"},\"primaryImageOfPage\":{\"@id\":\"https:\/\/truckned.nl\/product\/strands-led-dubbelbrander-silver-arrow\/#primaryimage\"},\"image\":{\"@id\":\"https:\/\/truckned.nl\/product\/strands-led-dubbelbrander-silver-arrow\/#primaryimage\"},\"thumbnailUrl\":\"https:\/\/truckned.nl\/wp-content\/uploads\/2025\/03\/TN-850458-00.png\",\"datePublished\":\"2025-03-15T09:00:41+00:00\",\"dateModified\":\"2026-04-15T18:13:31+00:00\",\"description\":\"Strands IZE LED dubbelbrander Silver Arrow - DUAL COLOR dubbelbrander met flitser - ECE R148 en ECE R65 goedkeuring - voor 12 & 24 volt gebruik\",\"breadcrumb\":{\"@id\":\"https:\/\/truckned.nl\/product\/strands-led-dubbelbrander-silver-arrow\/#breadcrumb\"},\"inLanguage\":\"de\",\"potentialAction\":[{\"@type\":\"ReadAction\",\"target\":[\"https:\/\/truckned.nl\/product\/strands-led-dubbelbrander-silver-arrow\/\"]}]},{\"@type\":\"ImageObject\",\"inLanguage\":\"de\",\"@id\":\"https:\/\/truckned.nl\/product\/strands-led-dubbelbrander-silver-arrow\/#primaryimage\",\"url\":\"https:\/\/truckned.nl\/wp-content\/uploads\/2025\/03\/TN-850458-00.png\",\"contentUrl\":\"https:\/\/truckned.nl\/wp-content\/uploads\/2025\/03\/TN-850458-00.png\",\"width\":800,\"height\":800,\"caption\":\"Strands 850458\"},{\"@type\":\"BreadcrumbList\",\"@id\":\"https:\/\/truckned.nl\/product\/strands-led-dubbelbrander-silver-arrow\/#breadcrumb\",\"itemListElement\":[{\"@type\":\"ListItem\",\"position\":1,\"name\":\"Home\",\"item\":\"https:\/\/truckned.nl\/\"},{\"@type\":\"ListItem\",\"position\":2,\"name\":\"Shop\",\"item\":\"https:\/\/truckned.nl\/nl\/shop\/\"},{\"@type\":\"ListItem\",\"position\":3,\"name\":\"Verlichting\",\"item\":\"https:\/\/truckned.nl\/de\/produkt-kategorie\/verlichting\/\"},{\"@type\":\"ListItem\",\"position\":4,\"name\":\"Dubbelbranders\",\"item\":\"https:\/\/truckned.nl\/product-categorie\/verlichting\/verlichting-dubbelbranders\/\"},{\"@type\":\"ListItem\",\"position\":5,\"name\":\"Strands LED dubbelbrander Silver Arrow\"}]},{\"@type\":\"WebSite\",\"@id\":\"https:\/\/truckned.nl\/nl\/#website\",\"url\":\"https:\/\/truckned.nl\/nl\/\",\"name\":\"Truckned\",\"description\":\"\",\"publisher\":{\"@id\":\"https:\/\/truckned.nl\/nl\/#organization\"},\"potentialAction\":[{\"@type\":\"SearchAction\",\"target\":{\"@type\":\"EntryPoint\",\"urlTemplate\":\"https:\/\/truckned.nl\/nl\/?s={search_term_string}\"},\"query-input\":{\"@type\":\"PropertyValueSpecification\",\"valueRequired\":true,\"valueName\":\"search_term_string\"}}],\"inLanguage\":\"de\"},{\"@type\":\"Organization\",\"@id\":\"https:\/\/truckned.nl\/nl\/#organization\",\"name\":\"Truckned\",\"url\":\"https:\/\/truckned.nl\/nl\/\",\"logo\":{\"@type\":\"ImageObject\",\"inLanguage\":\"de\",\"@id\":\"https:\/\/truckned.nl\/nl\/#\/schema\/logo\/image\/\",\"url\":\"https:\/\/truckned.nl\/wp-content\/uploads\/2022\/10\/800x800-Truckned-logo-zonder-tekst-ZWART.png\",\"contentUrl\":\"https:\/\/truckned.nl\/wp-content\/uploads\/2022\/10\/800x800-Truckned-logo-zonder-tekst-ZWART.png\",\"width\":801,\"height\":801,\"caption\":\"Truckned\"},\"image\":{\"@id\":\"https:\/\/truckned.nl\/nl\/#\/schema\/logo\/image\/\"},\"sameAs\":[\"https:\/\/www.facebook.com\/truckned\/\",\"https:\/\/www.instagram.com\/truckned\/\"],\"vatID\":\"NL863960509B01\",\"taxID\":\"86417487\",\"hasMerchantReturnPolicy\":{\"@type\":\"MerchantReturnPolicy\",\"merchantReturnLink\":\"https:\/\/truckned.nl\/de\/versand-rucksendungen\/\"}}]}<\/script>\n<meta property=\"product:brand\" content=\"Strands\" \/>\n<meta property=\"product:price:amount\" content=\"24.75\" \/>\n<meta property=\"product:price:currency\" content=\"EUR\" \/>\n<meta property=\"og:availability\" content=\"instock\" \/>\n<meta property=\"product:availability\" content=\"instock\" \/>\n<meta property=\"product:retailer_item_id\" content=\"TN-850458\" \/>\n<meta property=\"product:condition\" content=\"new\" \/>\n<!-- \/ Yoast SEO Premium plugin. -->","yoast_head_json":{"title":"Strands LED Doppelbrenner Silver Arrow - Truckned - mit orange Blitz","description":"Strands IZE LED Doppelbrenner Silver Arrow - DUAL COLOR Doppelbrenner mit Blitz - ECE R148 und ECE R65 Zulassung - f\u00fcr 12 &amp; 24 Volt Betrieb","robots":{"index":"index","follow":"follow","max-snippet":"max-snippet:-1","max-image-preview":"max-image-preview:large","max-video-preview":"max-video-preview:-1"},"canonical":"https:\/\/truckned.nl\/de\/produkt\/strands-led-dubbelbrander-silver-arrow\/","og_locale":"de_DE","og_type":"article","og_title":"Strands LED dubbelbrander Silver Arrow - Truckned - met oranje flitser","og_description":"Strands IZE LED dubbelbrander Silver Arrow - DUAL COLOR dubbelbrander met flitser - ECE R148 en ECE R65 goedkeuring - voor 12 & 24 volt gebruik","og_url":"https:\/\/truckned.nl\/de\/produkt\/strands-led-dubbelbrander-silver-arrow\/","og_site_name":"Truckned","article_publisher":"https:\/\/www.facebook.com\/truckned\/","article_modified_time":"2026-04-15T18:13:31+00:00","og_image":[{"width":800,"height":800,"url":"https:\/\/truckned.nl\/wp-content\/uploads\/2025\/07\/TN-8050458-SM.png","type":"image\/png"}],"twitter_misc":{"Preis":"&euro;24,75","Verf\u00fcgbarkeit":"Auf Lager"},"schema":{"@context":"https:\/\/schema.org","@graph":[{"@type":["WebPage","ItemPage"],"@id":"https:\/\/truckned.nl\/product\/strands-led-dubbelbrander-silver-arrow\/","url":"https:\/\/truckned.nl\/product\/strands-led-dubbelbrander-silver-arrow\/","name":"Strands LED Doppelbrenner Silver Arrow - Truckned - mit orange Blitz","isPartOf":{"@id":"https:\/\/truckned.nl\/nl\/#website"},"primaryImageOfPage":{"@id":"https:\/\/truckned.nl\/product\/strands-led-dubbelbrander-silver-arrow\/#primaryimage"},"image":{"@id":"https:\/\/truckned.nl\/product\/strands-led-dubbelbrander-silver-arrow\/#primaryimage"},"thumbnailUrl":"https:\/\/truckned.nl\/wp-content\/uploads\/2025\/03\/TN-850458-00.png","datePublished":"2025-03-15T09:00:41+00:00","dateModified":"2026-04-15T18:13:31+00:00","description":"Strands IZE LED Doppelbrenner Silver Arrow - DUAL COLOR Doppelbrenner mit Blitz - ECE R148 und ECE R65 Zulassung - f\u00fcr 12 &amp; 24 Volt Betrieb","breadcrumb":{"@id":"https:\/\/truckned.nl\/product\/strands-led-dubbelbrander-silver-arrow\/#breadcrumb"},"inLanguage":"de","potentialAction":[{"@type":"ReadAction","target":["https:\/\/truckned.nl\/product\/strands-led-dubbelbrander-silver-arrow\/"]}]},{"@type":"ImageObject","inLanguage":"de","@id":"https:\/\/truckned.nl\/product\/strands-led-dubbelbrander-silver-arrow\/#primaryimage","url":"https:\/\/truckned.nl\/wp-content\/uploads\/2025\/03\/TN-850458-00.png","contentUrl":"https:\/\/truckned.nl\/wp-content\/uploads\/2025\/03\/TN-850458-00.png","width":800,"height":800,"caption":"Strands 850458"},{"@type":"BreadcrumbList","@id":"https:\/\/truckned.nl\/product\/strands-led-dubbelbrander-silver-arrow\/#breadcrumb","itemListElement":[{"@type":"ListItem","position":1,"name":"Home","item":"https:\/\/truckned.nl\/"},{"@type":"ListItem","position":2,"name":"Shop","item":"https:\/\/truckned.nl\/nl\/shop\/"},{"@type":"ListItem","position":3,"name":"Verlichting","item":"https:\/\/truckned.nl\/de\/produkt-kategorie\/verlichting\/"},{"@type":"ListItem","position":4,"name":"Dubbelbranders","item":"https:\/\/truckned.nl\/product-categorie\/verlichting\/verlichting-dubbelbranders\/"},{"@type":"ListItem","position":5,"name":"Strands LED dubbelbrander Silver Arrow"}]},{"@type":"WebSite","@id":"https:\/\/truckned.nl\/nl\/#website","url":"https:\/\/truckned.nl\/nl\/","name":"Truckned","description":"","publisher":{"@id":"https:\/\/truckned.nl\/nl\/#organization"},"potentialAction":[{"@type":"SearchAction","target":{"@type":"EntryPoint","urlTemplate":"https:\/\/truckned.nl\/nl\/?s={search_term_string}"},"query-input":{"@type":"PropertyValueSpecification","valueRequired":true,"valueName":"search_term_string"}}],"inLanguage":"de"},{"@type":"Organization","@id":"https:\/\/truckned.nl\/nl\/#organization","name":"Truckned","url":"https:\/\/truckned.nl\/nl\/","logo":{"@type":"ImageObject","inLanguage":"de","@id":"https:\/\/truckned.nl\/nl\/#\/schema\/logo\/image\/","url":"https:\/\/truckned.nl\/wp-content\/uploads\/2022\/10\/800x800-Truckned-logo-zonder-tekst-ZWART.png","contentUrl":"https:\/\/truckned.nl\/wp-content\/uploads\/2022\/10\/800x800-Truckned-logo-zonder-tekst-ZWART.png","width":801,"height":801,"caption":"Truckned"},"image":{"@id":"https:\/\/truckned.nl\/nl\/#\/schema\/logo\/image\/"},"sameAs":["https:\/\/www.facebook.com\/truckned\/","https:\/\/www.instagram.com\/truckned\/"],"vatID":"NL863960509B01","taxID":"86417487","hasMerchantReturnPolicy":{"@type":"MerchantReturnPolicy","merchantReturnLink":"https:\/\/truckned.nl\/de\/versand-rucksendungen\/"}}]},"product_brand":"Strands","product_price_amount":"24.75","product_price_currency":"EUR","og_availability":"instock","product_availability":"instock","product_retailer_item_id":"TN-850458","product_condition":"new"},"_links":{"self":[{"href":"https:\/\/truckned.nl\/de\/wp-json\/wp\/v2\/product\/32136","targetHints":{"allow":["GET"]}}],"collection":[{"href":"https:\/\/truckned.nl\/de\/wp-json\/wp\/v2\/product"}],"about":[{"href":"https:\/\/truckned.nl\/de\/wp-json\/wp\/v2\/types\/product"}],"replies":[{"embeddable":true,"href":"https:\/\/truckned.nl\/de\/wp-json\/wp\/v2\/comments?post=32136"}],"wp:featuredmedia":[{"embeddable":true,"href":"https:\/\/truckned.nl\/de\/wp-json\/wp\/v2\/media\/33432"}],"wp:attachment":[{"href":"https:\/\/truckned.nl\/de\/wp-json\/wp\/v2\/media?parent=32136"}],"wp:term":[{"taxonomy":"product_brand","embeddable":true,"href":"https:\/\/truckned.nl\/de\/wp-json\/wp\/v2\/product_brand?post=32136"},{"taxonomy":"product_cat","embeddable":true,"href":"https:\/\/truckned.nl\/de\/wp-json\/wp\/v2\/product_cat?post=32136"},{"taxonomy":"product_tag","embeddable":true,"href":"https:\/\/truckned.nl\/de\/wp-json\/wp\/v2\/product_tag?post=32136"}],"curies":[{"name":"wp","href":"https:\/\/api.w.org\/{rel}","templated":true}]}}