{"id":32182,"date":"2025-04-16T12:00:26","date_gmt":"2025-04-16T11:00:26","guid":{"rendered":"https:\/\/truckned.nl\/?post_type=product&#038;p=32182"},"modified":"2026-05-08T05:05:30","modified_gmt":"2026-05-08T03:05:30","slug":"lvlup-tireshine-1000ml-just-the-bottle","status":"publish","type":"product","link":"https:\/\/truckned.nl\/de\/produkt\/lvlup-tireshine-1000ml-just-the-bottle\/","title":{"rendered":"LvLup - Tireshine 1000ml - just the bottle"},"content":{"rendered":"<p><span style=\"color: #000000;\"><strong>LvLup - Tireshine 1000ml - just the bottle<\/strong><\/span><\/p>\n<p><span style=\"color: #000000;\">Suchen Sie nach einer einfachen M\u00f6glichkeit, Ihren Reifen den tiefen, schwarzen Glanz zur\u00fcckzugeben? Dann ist LvLup Tireshine 1000 ml (nur die Flasche) genau das Richtige f\u00fcr Sie. Dieses Produkt ist perfekt f\u00fcr alle, die einen glatten, polierten Look f\u00fcr ihren Lkw, Pkw oder andere Fahrzeuge lieben. Die kraftvolle Formel erzeugt einen langanhaltenden Wet-Look und sch\u00fctzt Ihre Reifen gleichzeitig vor Austrocknung und UV-Sch\u00e4den. Egal, ob Sie gerade poliert haben oder Ihre Reifen nur schnell auffrischen m\u00f6chten \u2013 LvLup Tireshine l\u00e4sst sie wieder wie neu aussehen.<\/span><\/p>\n<p><span style=\"color: #000000;\">LvLup Tireshine 1000 ml \u2013 die Flasche ist ideal f\u00fcr alle, die ihr Fahrzeug regelm\u00e4\u00dfig pflegen oder mehrere Fahrzeuge pflegen m\u00f6chten. Mit einer Flasche k\u00f6nnen Sie einen kompletten Satz Pkw-Reifen 50 bis 60 Mal oder etwa sechsmal die gesamten Reifen eines Lkws und Anh\u00e4ngers pflegen. LvLup Tireshine 1000 ml l\u00e4sst sich mit einem Applikator gleichm\u00e4\u00dfig auftragen, zieht gut in das Gummi ein und sorgt f\u00fcr langanhaltenden Glanz, der bis zu einem Monat sichtbar bleibt, selbst nach Regen oder mehreren W\u00e4schen. Eine leistungsstarke L\u00f6sung f\u00fcr strahlende Reifen.<\/span><\/p>\n<h5><span style=\"color: #000000;\"><strong>Anwendungstipps:<\/strong><\/span><\/h5>\n<p><span style=\"color: #000000;\">Stellen Sie sicher, dass Ihre Reifen sauber und trocken sind, bevor Sie beginnen. Sch\u00fctteln Sie die Flasche gut und geben Sie eine kleine Menge Tireshine in den mitgelieferten Applikator. Reiben Sie den Reifenglanz gleichm\u00e4\u00dfig auf die Seitenwand Ihres Reifens, vermeiden Sie dabei das Profil. Lassen Sie ihn kurz einwirken und entfernen Sie \u00fcbersch\u00fcssigen Glanz anschlie\u00dfend mit einem Tuch. Vermeiden Sie direkte Sonneneinstrahlung oder Arbeiten auf hei\u00dfen Reifen. So erhalten Sie einen sch\u00f6nen, tiefen und langanhaltenden Glanz.\u00a0<\/span><\/p>\n<h5><span style=\"color: #000000;\"><strong>Andere Versionen:<\/strong><\/span><\/h5>\n<p><span style=\"color: #000000;\">Verwenden Sie LvLup Tireshine gelegentlich und ist eine kleinere Menge ausreichend? Dann ist der 250-ml-Beh\u00e4lter genau das Richtige f\u00fcr Sie. Ideal, wenn Sie Ihrem Auto, LKW oder anderen Fahrzeugen gelegentlich einen frischen, schwarzen Reifen-Look verleihen m\u00f6chten, ohne einen gro\u00dfen Vorrat kaufen zu m\u00fcssen.<\/span><\/p>\n<ul>\n<li><span style=\"color: #000000;\"><a style=\"color: #000000;\" href=\"https:\/\/truckned.nl\/de\/produkt\/lvlup-tireshine-250ml-glitter-edition\/\"><strong>LvLup - Tireshine 250ml - glitter edition<\/strong><\/a><\/span><\/li>\n<li><span style=\"color: #000000;\"><a style=\"color: #000000;\" href=\"https:\/\/truckned.nl\/de\/produkt\/lvlup-tireshine-250ml-applicator\/\"><strong>LvLup - Tireshine 250ml + applicator<\/strong><\/a><\/span><\/li>\n<li><span style=\"color: #000000;\"><a style=\"color: #000000;\" href=\"https:\/\/truckned.nl\/de\/produkt\/lvlup-tireshine-1000ml-kit\/\"><strong>LvLup - Tireshine 1000ml + Kit<\/strong><\/a><\/span><\/li>\n<\/ul>\n<p><span style=\"color: #000000;\">Sie sind immer noch vom LvLup Tireshine 1000 ml \u00fcberzeugt \u2013 nur die Flasche ist nicht ganz das Richtige f\u00fcr Sie? Vielleicht suchen Sie ein anderes Pflegeprodukt oder etwas f\u00fcr die Au\u00dfenhaut Ihres Lkws oder anderen Fahrzeugs. Kein Problem, schauen Sie sich unbedingt unsere Seite an. <a style=\"color: #000000;\" href=\"https:\/\/truckned.nl\/de\/produkt-kategorie\/cabine-buitenzijde\/reiniging-onderhoud\/\">Reinigung und Wartung<\/a>Die Chancen stehen gut, dass Sie dort finden, was Sie brauchen, um Ihrem Fahrzeug das beste Aussehen zu verleihen.<\/span><\/p>","protected":false},"excerpt":{"rendered":"<p>LvLup Tireshine 1000 ml \u2013 nur die Flasche. Suchen Sie nach einer einfachen M\u00f6glichkeit, Ihren Reifen den tiefen, schwarzen Glanz zur\u00fcckzugeben? Dann ist LvLup Tireshine 1000 ml \u2013 nur die Flasche \u2013 genau das Richtige f\u00fcr Sie. Dieses Produkt ist perfekt f\u00fcr alle, die einen eleganten, polierten Look f\u00fcr ihren LKW, PKW oder [\u2026] lieben.<\/p>","protected":false},"featured_media":32241,"comment_status":"open","ping_status":"closed","template":"","meta":{"_acf_changed":false,"site-sidebar-layout":"default","site-content-layout":"","ast-site-content-layout":"default","site-content-style":"default","site-sidebar-style":"default","ast-global-header-display":"","ast-banner-title-visibility":"","ast-main-header-display":"","ast-hfb-above-header-display":"","ast-hfb-below-header-display":"","ast-hfb-mobile-header-display":"","site-post-title":"","ast-breadcrumbs-content":"","ast-featured-img":"","footer-sml-layout":"","ast-disable-related-posts":"","theme-transparent-header-meta":"default","adv-header-id-meta":"","stick-header-meta":"","header-above-stick-meta":"","header-main-stick-meta":"","header-below-stick-meta":"","astra-migrate-meta-layouts":"set","ast-page-background-enabled":"default","ast-page-background-meta":{"desktop":{"background-color":"","background-image":"","background-repeat":"repeat","background-position":"center center","background-size":"auto","background-attachment":"scroll","background-type":"","background-media":"","overlay-type":"","overlay-color":"","overlay-opacity":"","overlay-gradient":""},"tablet":{"background-color":"","background-image":"","background-repeat":"repeat","background-position":"center center","background-size":"auto","background-attachment":"scroll","background-type":"","background-media":"","overlay-type":"","overlay-color":"","overlay-opacity":"","overlay-gradient":""},"mobile":{"background-color":"","background-image":"","background-repeat":"repeat","background-position":"center center","background-size":"auto","background-attachment":"scroll","background-type":"","background-media":"","overlay-type":"","overlay-color":"","overlay-opacity":"","overlay-gradient":""}},"ast-content-background-meta":{"desktop":{"background-color":"var(--ast-global-color-5)","background-image":"","background-repeat":"repeat","background-position":"center center","background-size":"auto","background-attachment":"scroll","background-type":"","background-media":"","overlay-type":"","overlay-color":"","overlay-opacity":"","overlay-gradient":""},"tablet":{"background-color":"var(--ast-global-color-5)","background-image":"","background-repeat":"repeat","background-position":"center center","background-size":"auto","background-attachment":"scroll","background-type":"","background-media":"","overlay-type":"","overlay-color":"","overlay-opacity":"","overlay-gradient":""},"mobile":{"background-color":"var(--ast-global-color-5)","background-image":"","background-repeat":"repeat","background-position":"center center","background-size":"auto","background-attachment":"scroll","background-type":"","background-media":"","overlay-type":"","overlay-color":"","overlay-opacity":"","overlay-gradient":""}}},"product_brand":[],"product_cat":[7851],"product_tag":[],"class_list":{"0":"post-32182","1":"product","2":"type-product","3":"status-publish","4":"has-post-thumbnail","6":"product_cat-reiniging-onderhoud","7":"pa_merkk-lvlup","8":"desktop-align-left","9":"tablet-align-left","10":"mobile-align-left","12":"first","13":"instock","14":"taxable","15":"shipping-taxable","16":"purchasable","17":"product-type-simple"},"acf":[],"yoast_head":"<!-- This site is optimized with the Yoast SEO Premium plugin v26.5 (Yoast SEO v26.5) - https:\/\/yoast.com\/wordpress\/plugins\/seo\/ -->\n<title>LvLup Tireshine 1000ml - Truckned - !! maak je truck showklaar !!<\/title>\n<meta name=\"description\" content=\"LvLup Tireshine 1000ml - langdurig wetlook effect - beschermt tegen uitdroging en UV - bandenzwart voor vrachtwagen, auto en meer - diepe glans\" \/>\n<meta name=\"robots\" content=\"index, follow, max-snippet:-1, max-image-preview:large, max-video-preview:-1\" \/>\n<link rel=\"canonical\" href=\"https:\/\/truckned.nl\/de\/produkt\/lvlup-tireshine-1000ml-just-the-bottle\/\" \/>\n<meta property=\"og:locale\" content=\"de_DE\" \/>\n<meta property=\"og:type\" content=\"article\" \/>\n<meta property=\"og:title\" content=\"LvLup Tireshine 1000ml - Truckned - !! maak je truck showklaar !!\" \/>\n<meta property=\"og:description\" content=\"LvLup Tireshine 1000ml - langdurig wetlook effect - beschermt tegen uitdroging en UV - bandenzwart voor vrachtwagen, auto en meer - diepe glans\" \/>\n<meta property=\"og:url\" content=\"https:\/\/truckned.nl\/de\/produkt\/lvlup-tireshine-1000ml-just-the-bottle\/\" \/>\n<meta property=\"og:site_name\" content=\"Truckned\" \/>\n<meta property=\"article:publisher\" content=\"https:\/\/www.facebook.com\/truckned\/\" \/>\n<meta property=\"article:modified_time\" content=\"2026-05-08T03:05:30+00:00\" \/>\n<meta property=\"og:image\" content=\"https:\/\/truckned.nl\/wp-content\/uploads\/2025\/04\/TN-310000-SM.png\" \/>\n\t<meta property=\"og:image:width\" content=\"800\" \/>\n\t<meta property=\"og:image:height\" content=\"800\" \/>\n\t<meta property=\"og:image:type\" content=\"image\/png\" \/>\n<meta name=\"twitter:label1\" content=\"Preis\" \/>\n\t<meta name=\"twitter:data1\" content=\"&euro;27,95\" \/>\n\t<meta name=\"twitter:label2\" content=\"Verf\u00fcgbarkeit\" \/>\n\t<meta name=\"twitter:data2\" content=\"Auf Lager\" \/>\n<script type=\"application\/ld+json\" class=\"yoast-schema-graph\">{\"@context\":\"https:\/\/schema.org\",\"@graph\":[{\"@type\":[\"WebPage\",\"ItemPage\"],\"@id\":\"https:\/\/truckned.nl\/product\/lvlup-tireshine-1000ml-just-the-bottle\/\",\"url\":\"https:\/\/truckned.nl\/product\/lvlup-tireshine-1000ml-just-the-bottle\/\",\"name\":\"LvLup Tireshine 1000ml - Truckned - !! maak je truck showklaar !!\",\"isPartOf\":{\"@id\":\"https:\/\/truckned.nl\/nl\/#website\"},\"primaryImageOfPage\":{\"@id\":\"https:\/\/truckned.nl\/product\/lvlup-tireshine-1000ml-just-the-bottle\/#primaryimage\"},\"image\":{\"@id\":\"https:\/\/truckned.nl\/product\/lvlup-tireshine-1000ml-just-the-bottle\/#primaryimage\"},\"thumbnailUrl\":\"https:\/\/truckned.nl\/wp-content\/uploads\/2025\/07\/TN-310000.png\",\"datePublished\":\"2025-04-16T11:00:26+00:00\",\"dateModified\":\"2026-05-08T03:05:30+00:00\",\"description\":\"LvLup Tireshine 1000ml - langdurig wetlook effect - beschermt tegen uitdroging en UV - bandenzwart voor vrachtwagen, auto en meer - diepe glans\",\"breadcrumb\":{\"@id\":\"https:\/\/truckned.nl\/product\/lvlup-tireshine-1000ml-just-the-bottle\/#breadcrumb\"},\"inLanguage\":\"de\",\"potentialAction\":[{\"@type\":\"ReadAction\",\"target\":[\"https:\/\/truckned.nl\/product\/lvlup-tireshine-1000ml-just-the-bottle\/\"]}]},{\"@type\":\"ImageObject\",\"inLanguage\":\"de\",\"@id\":\"https:\/\/truckned.nl\/product\/lvlup-tireshine-1000ml-just-the-bottle\/#primaryimage\",\"url\":\"https:\/\/truckned.nl\/wp-content\/uploads\/2025\/07\/TN-310000.png\",\"contentUrl\":\"https:\/\/truckned.nl\/wp-content\/uploads\/2025\/07\/TN-310000.png\",\"width\":800,\"height\":800,\"caption\":\"LvLup Tireshine 1000ml - just the bottle - wetlook effect - bandenzwart - bandenbescherming tegen UV en uitdroging - ultieme detailing\"},{\"@type\":\"BreadcrumbList\",\"@id\":\"https:\/\/truckned.nl\/product\/lvlup-tireshine-1000ml-just-the-bottle\/#breadcrumb\",\"itemListElement\":[{\"@type\":\"ListItem\",\"position\":1,\"name\":\"Home\",\"item\":\"https:\/\/truckned.nl\/\"},{\"@type\":\"ListItem\",\"position\":2,\"name\":\"Shop\",\"item\":\"https:\/\/truckned.nl\/nl\/shop\/\"},{\"@type\":\"ListItem\",\"position\":3,\"name\":\"Cabine - buitenzijde\",\"item\":\"https:\/\/truckned.nl\/nl\/product-categorie\/cabine-buitenzijde\/\"},{\"@type\":\"ListItem\",\"position\":4,\"name\":\"Reiniging \/ onderhoud\",\"item\":\"https:\/\/truckned.nl\/product-categorie\/cabine-buitenzijde\/reiniging-onderhoud\/\"},{\"@type\":\"ListItem\",\"position\":5,\"name\":\"LvLup &#8211; Tireshine 1000ml &#8211; just the bottle\"}]},{\"@type\":\"WebSite\",\"@id\":\"https:\/\/truckned.nl\/nl\/#website\",\"url\":\"https:\/\/truckned.nl\/nl\/\",\"name\":\"Truckned\",\"description\":\"\",\"publisher\":{\"@id\":\"https:\/\/truckned.nl\/nl\/#organization\"},\"potentialAction\":[{\"@type\":\"SearchAction\",\"target\":{\"@type\":\"EntryPoint\",\"urlTemplate\":\"https:\/\/truckned.nl\/nl\/?s={search_term_string}\"},\"query-input\":{\"@type\":\"PropertyValueSpecification\",\"valueRequired\":true,\"valueName\":\"search_term_string\"}}],\"inLanguage\":\"de\"},{\"@type\":\"Organization\",\"@id\":\"https:\/\/truckned.nl\/nl\/#organization\",\"name\":\"Truckned\",\"url\":\"https:\/\/truckned.nl\/nl\/\",\"logo\":{\"@type\":\"ImageObject\",\"inLanguage\":\"de\",\"@id\":\"https:\/\/truckned.nl\/nl\/#\/schema\/logo\/image\/\",\"url\":\"https:\/\/truckned.nl\/wp-content\/uploads\/2022\/10\/800x800-Truckned-logo-zonder-tekst-ZWART.png\",\"contentUrl\":\"https:\/\/truckned.nl\/wp-content\/uploads\/2022\/10\/800x800-Truckned-logo-zonder-tekst-ZWART.png\",\"width\":801,\"height\":801,\"caption\":\"Truckned\"},\"image\":{\"@id\":\"https:\/\/truckned.nl\/nl\/#\/schema\/logo\/image\/\"},\"sameAs\":[\"https:\/\/www.facebook.com\/truckned\/\",\"https:\/\/www.instagram.com\/truckned\/\"],\"vatID\":\"NL863960509B01\",\"taxID\":\"86417487\",\"hasMerchantReturnPolicy\":{\"@type\":\"MerchantReturnPolicy\",\"merchantReturnLink\":\"https:\/\/truckned.nl\/de\/versand-rucksendungen\/\"}}]}<\/script>\n<meta property=\"product:brand\" content=\"LvLup\" \/>\n<meta property=\"product:price:amount\" content=\"27.95\" \/>\n<meta property=\"product:price:currency\" content=\"EUR\" \/>\n<meta property=\"og:availability\" content=\"instock\" \/>\n<meta property=\"product:availability\" content=\"instock\" \/>\n<meta property=\"product:retailer_item_id\" content=\"TN-310000\" \/>\n<meta property=\"product:condition\" content=\"new\" \/>\n<!-- \/ Yoast SEO Premium plugin. -->","yoast_head_json":{"title":"LvLup Tireshine 1000 ml \u2013 Truckned \u2013 !! Machen Sie Ihren Truck showbereit!!","description":"LvLup Tireshine 1000ml - langanhaltender Wet-Look Effekt - sch\u00fctzt vor Austrocknung und UV - Reifenschwarz f\u00fcr LKW, PKW und mehr - Tiefenglanz","robots":{"index":"index","follow":"follow","max-snippet":"max-snippet:-1","max-image-preview":"max-image-preview:large","max-video-preview":"max-video-preview:-1"},"canonical":"https:\/\/truckned.nl\/de\/produkt\/lvlup-tireshine-1000ml-just-the-bottle\/","og_locale":"de_DE","og_type":"article","og_title":"LvLup Tireshine 1000ml - Truckned - !! maak je truck showklaar !!","og_description":"LvLup Tireshine 1000ml - langdurig wetlook effect - beschermt tegen uitdroging en UV - bandenzwart voor vrachtwagen, auto en meer - diepe glans","og_url":"https:\/\/truckned.nl\/de\/produkt\/lvlup-tireshine-1000ml-just-the-bottle\/","og_site_name":"Truckned","article_publisher":"https:\/\/www.facebook.com\/truckned\/","article_modified_time":"2026-05-08T03:05:30+00:00","og_image":[{"width":800,"height":800,"url":"https:\/\/truckned.nl\/wp-content\/uploads\/2025\/04\/TN-310000-SM.png","type":"image\/png"}],"twitter_misc":{"Preis":"&euro;27,95","Verf\u00fcgbarkeit":"Auf Lager"},"schema":{"@context":"https:\/\/schema.org","@graph":[{"@type":["WebPage","ItemPage"],"@id":"https:\/\/truckned.nl\/product\/lvlup-tireshine-1000ml-just-the-bottle\/","url":"https:\/\/truckned.nl\/product\/lvlup-tireshine-1000ml-just-the-bottle\/","name":"LvLup Tireshine 1000 ml \u2013 Truckned \u2013 !! Machen Sie Ihren Truck showbereit!!","isPartOf":{"@id":"https:\/\/truckned.nl\/nl\/#website"},"primaryImageOfPage":{"@id":"https:\/\/truckned.nl\/product\/lvlup-tireshine-1000ml-just-the-bottle\/#primaryimage"},"image":{"@id":"https:\/\/truckned.nl\/product\/lvlup-tireshine-1000ml-just-the-bottle\/#primaryimage"},"thumbnailUrl":"https:\/\/truckned.nl\/wp-content\/uploads\/2025\/07\/TN-310000.png","datePublished":"2025-04-16T11:00:26+00:00","dateModified":"2026-05-08T03:05:30+00:00","description":"LvLup Tireshine 1000ml - langanhaltender Wet-Look Effekt - sch\u00fctzt vor Austrocknung und UV - Reifenschwarz f\u00fcr LKW, PKW und mehr - Tiefenglanz","breadcrumb":{"@id":"https:\/\/truckned.nl\/product\/lvlup-tireshine-1000ml-just-the-bottle\/#breadcrumb"},"inLanguage":"de","potentialAction":[{"@type":"ReadAction","target":["https:\/\/truckned.nl\/product\/lvlup-tireshine-1000ml-just-the-bottle\/"]}]},{"@type":"ImageObject","inLanguage":"de","@id":"https:\/\/truckned.nl\/product\/lvlup-tireshine-1000ml-just-the-bottle\/#primaryimage","url":"https:\/\/truckned.nl\/wp-content\/uploads\/2025\/07\/TN-310000.png","contentUrl":"https:\/\/truckned.nl\/wp-content\/uploads\/2025\/07\/TN-310000.png","width":800,"height":800,"caption":"LvLup Tireshine 1000ml - just the bottle - wetlook effect - bandenzwart - bandenbescherming tegen UV en uitdroging - ultieme detailing"},{"@type":"BreadcrumbList","@id":"https:\/\/truckned.nl\/product\/lvlup-tireshine-1000ml-just-the-bottle\/#breadcrumb","itemListElement":[{"@type":"ListItem","position":1,"name":"Home","item":"https:\/\/truckned.nl\/"},{"@type":"ListItem","position":2,"name":"Shop","item":"https:\/\/truckned.nl\/nl\/shop\/"},{"@type":"ListItem","position":3,"name":"Cabine - buitenzijde","item":"https:\/\/truckned.nl\/nl\/product-categorie\/cabine-buitenzijde\/"},{"@type":"ListItem","position":4,"name":"Reiniging \/ onderhoud","item":"https:\/\/truckned.nl\/product-categorie\/cabine-buitenzijde\/reiniging-onderhoud\/"},{"@type":"ListItem","position":5,"name":"LvLup &#8211; Tireshine 1000ml &#8211; just the bottle"}]},{"@type":"WebSite","@id":"https:\/\/truckned.nl\/nl\/#website","url":"https:\/\/truckned.nl\/nl\/","name":"Truckned","description":"","publisher":{"@id":"https:\/\/truckned.nl\/nl\/#organization"},"potentialAction":[{"@type":"SearchAction","target":{"@type":"EntryPoint","urlTemplate":"https:\/\/truckned.nl\/nl\/?s={search_term_string}"},"query-input":{"@type":"PropertyValueSpecification","valueRequired":true,"valueName":"search_term_string"}}],"inLanguage":"de"},{"@type":"Organization","@id":"https:\/\/truckned.nl\/nl\/#organization","name":"Truckned","url":"https:\/\/truckned.nl\/nl\/","logo":{"@type":"ImageObject","inLanguage":"de","@id":"https:\/\/truckned.nl\/nl\/#\/schema\/logo\/image\/","url":"https:\/\/truckned.nl\/wp-content\/uploads\/2022\/10\/800x800-Truckned-logo-zonder-tekst-ZWART.png","contentUrl":"https:\/\/truckned.nl\/wp-content\/uploads\/2022\/10\/800x800-Truckned-logo-zonder-tekst-ZWART.png","width":801,"height":801,"caption":"Truckned"},"image":{"@id":"https:\/\/truckned.nl\/nl\/#\/schema\/logo\/image\/"},"sameAs":["https:\/\/www.facebook.com\/truckned\/","https:\/\/www.instagram.com\/truckned\/"],"vatID":"NL863960509B01","taxID":"86417487","hasMerchantReturnPolicy":{"@type":"MerchantReturnPolicy","merchantReturnLink":"https:\/\/truckned.nl\/de\/versand-rucksendungen\/"}}]},"product_brand":"LvLup","product_price_amount":"27.95","product_price_currency":"EUR","og_availability":"instock","product_availability":"instock","product_retailer_item_id":"TN-310000","product_condition":"new"},"_links":{"self":[{"href":"https:\/\/truckned.nl\/de\/wp-json\/wp\/v2\/product\/32182","targetHints":{"allow":["GET"]}}],"collection":[{"href":"https:\/\/truckned.nl\/de\/wp-json\/wp\/v2\/product"}],"about":[{"href":"https:\/\/truckned.nl\/de\/wp-json\/wp\/v2\/types\/product"}],"replies":[{"embeddable":true,"href":"https:\/\/truckned.nl\/de\/wp-json\/wp\/v2\/comments?post=32182"}],"wp:featuredmedia":[{"embeddable":true,"href":"https:\/\/truckned.nl\/de\/wp-json\/wp\/v2\/media\/32241"}],"wp:attachment":[{"href":"https:\/\/truckned.nl\/de\/wp-json\/wp\/v2\/media?parent=32182"}],"wp:term":[{"taxonomy":"product_brand","embeddable":true,"href":"https:\/\/truckned.nl\/de\/wp-json\/wp\/v2\/product_brand?post=32182"},{"taxonomy":"product_cat","embeddable":true,"href":"https:\/\/truckned.nl\/de\/wp-json\/wp\/v2\/product_cat?post=32182"},{"taxonomy":"product_tag","embeddable":true,"href":"https:\/\/truckned.nl\/de\/wp-json\/wp\/v2\/product_tag?post=32182"}],"curies":[{"name":"wp","href":"https:\/\/api.w.org\/{rel}","templated":true}]}}