{"id":32205,"date":"2025-03-20T13:50:12","date_gmt":"2025-03-20T12:50:12","guid":{"rendered":"https:\/\/truckned.nl\/?post_type=product&#038;p=32205"},"modified":"2026-04-11T09:55:35","modified_gmt":"2026-04-11T07:55:35","slug":"poppy-viking-hat-rood","status":"publish","type":"product","link":"https:\/\/truckned.nl\/de\/produkt\/poppy-viking-hat-rood\/","title":{"rendered":"Poppy Wikingerhut \u2013 rot"},"content":{"rendered":"<p><span style=\"color: #000000\"><strong>Poppy Viking hat ROT mit d\u00e4nischem Pl\u00fcschdesign.\u00a0<\/strong><\/span><\/p>\n<p><span style=\"color: #000000\">Suchen Sie nach einer einzigartigen, auff\u00e4lligen und auff\u00e4lligen M\u00f6glichkeit, Ihren Poppy-Lufterfrischer hervorzuheben? Dann ist der Poppy Viking hat in Rot genau das Richtige f\u00fcr Sie. Dieses verspielte Accessoire mit d\u00e4nischem Pl\u00fcschdesign macht Ihren Poppy zu einem echten Hingucker auf dem Armaturenbrett Ihres LKWs, Autos oder anderen Fahrzeugs. Dank der roten Pl\u00fcschoberfl\u00e4che und den ikonischen Wikingerh\u00f6rnern verleiht er Ihrem Innenraum sofort einen abenteuerlichen und originellen Look.<\/span><\/p>\n<p><span style=\"color: #000000\">Der Poppy Grace Mate Wikingerhut in Rot ist ebenfalls speziell f\u00fcr den klassischen Poppy Lufterfrischer konzipiert. Der Hut wird einfach \u00fcber die Kappe geschoben und sitzt so auch w\u00e4hrend der Fahrt sicher. So l\u00e4sst sich die Farbe ganz einfach wechseln und perfekt an den Duft Ihres Poppy anpassen. Ob Sie den skandinavischen Trucker-Stil lieben, Ihrem Innenraum etwas Flair verleihen oder einfach nur einen witzigen Hingucker suchen \u2013 dieser Wikingerhut verleiht Ihrem Armaturenbrett garantiert Charakter. Kurz gesagt: Eine kleine Erg\u00e4nzung mit gro\u00dfer Wirkung. Entdecken Sie selbst, wie dieses auff\u00e4llige Accessoire Ihrem Truck oder Fahrzeug das gewisse Extra verleiht. Es schafft nicht nur Atmosph\u00e4re, sondern zeugt auch von Ihrer Liebe zum Detail.\u00a0<\/span><\/p>\n<h5><span style=\"color: #000000\"><strong>Andere Versionen:<\/strong><\/span><\/h5>\n<p><span style=\"color: #000000\">Ist der rote Poppy Wikingerhut nicht ganz dein Stil? Oder m\u00f6chtest du lieber etwas Farbvielfalt? Kein Problem! Auch dieses Accessoire ist in mehreren Varianten erh\u00e4ltlich, sodass du immer einen Wikingerhut findest, der perfekt zu deinem Truck-Interieur und deinen pers\u00f6nlichen Vorlieben passt. Schau dir die anderen Varianten unten an und verleihe deinem Poppy den Look, der perfekt zu dir passt:<\/span><\/p>\n<ul>\n<li><a href=\"https:\/\/truckned.nl\/de\/produkt\/poppy-viking-hat-blauw\/\"><span style=\"color: #000000\"><strong>Poppy Viking hat - BLAU\u00a0<\/strong><\/span><\/a><\/li>\n<li><a href=\"https:\/\/truckned.nl\/de\/produkt\/poppy-viking-hat-blauw-2\/\"><span style=\"color: #000000\"><strong>Poppy Viking hat - GRAU<\/strong><\/span><\/a><\/li>\n<\/ul>\n<p><span style=\"color: #000000\">Sie sind sich nicht sicher, ob der Poppy Viking hat rot das Richtige f\u00fcr Sie ist? Vielleicht suchen Sie nach einem anderen Armaturenbrett-Zubeh\u00f6r, das besser zu Ihrem Geschmack oder Ihrer Einrichtung passt. Kein Problem! St\u00f6bern Sie in unserer Auswahl. <a style=\"color: #000000\" href=\"https:\/\/truckned.nl\/de\/produkt-kategorie\/cabine-accessoires\/\">Kabinenzubeh\u00f6r<\/a>. Die Chancen stehen gut, dass Sie dort etwas finden, das genau Ihren Anforderungen entspricht.<br \/>\n<\/span><\/p>\n<p><span style=\"color: #000000\"><strong>Bitte beachten: Dies betrifft nur die Hat, der Duft Poppy selbst ist nicht im Lieferumfang enthalten.<\/strong><\/span><\/p>","protected":false},"excerpt":{"rendered":"<p>Poppy Viking hat ROOD met Deens pluche design.\u00a0 Ben je op zoek naar een unieke, stoere \u00e9n opvallende manier om jouw Poppy luchtverfrisser te laten opvallen? Dan is de Poppy Viking hat rood echt precies wat je zoekt. Deze speelse accessoire met Deens pluche design maakt van je Poppy absoluut een blikvanger op het dashboard [&hellip;]<\/p>","protected":false},"featured_media":32213,"comment_status":"open","ping_status":"closed","template":"","meta":{"_acf_changed":false,"site-sidebar-layout":"default","site-content-layout":"","ast-site-content-layout":"default","site-content-style":"default","site-sidebar-style":"default","ast-global-header-display":"","ast-banner-title-visibility":"","ast-main-header-display":"","ast-hfb-above-header-display":"","ast-hfb-below-header-display":"","ast-hfb-mobile-header-display":"","site-post-title":"","ast-breadcrumbs-content":"","ast-featured-img":"","footer-sml-layout":"","ast-disable-related-posts":"","theme-transparent-header-meta":"default","adv-header-id-meta":"","stick-header-meta":"","header-above-stick-meta":"","header-main-stick-meta":"","header-below-stick-meta":"","astra-migrate-meta-layouts":"set","ast-page-background-enabled":"default","ast-page-background-meta":{"desktop":{"background-color":"","background-image":"","background-repeat":"repeat","background-position":"center center","background-size":"auto","background-attachment":"scroll","background-type":"","background-media":"","overlay-type":"","overlay-color":"","overlay-opacity":"","overlay-gradient":""},"tablet":{"background-color":"","background-image":"","background-repeat":"repeat","background-position":"center center","background-size":"auto","background-attachment":"scroll","background-type":"","background-media":"","overlay-type":"","overlay-color":"","overlay-opacity":"","overlay-gradient":""},"mobile":{"background-color":"","background-image":"","background-repeat":"repeat","background-position":"center center","background-size":"auto","background-attachment":"scroll","background-type":"","background-media":"","overlay-type":"","overlay-color":"","overlay-opacity":"","overlay-gradient":""}},"ast-content-background-meta":{"desktop":{"background-color":"var(--ast-global-color-5)","background-image":"","background-repeat":"repeat","background-position":"center center","background-size":"auto","background-attachment":"scroll","background-type":"","background-media":"","overlay-type":"","overlay-color":"","overlay-opacity":"","overlay-gradient":""},"tablet":{"background-color":"var(--ast-global-color-5)","background-image":"","background-repeat":"repeat","background-position":"center center","background-size":"auto","background-attachment":"scroll","background-type":"","background-media":"","overlay-type":"","overlay-color":"","overlay-opacity":"","overlay-gradient":""},"mobile":{"background-color":"var(--ast-global-color-5)","background-image":"","background-repeat":"repeat","background-position":"center center","background-size":"auto","background-attachment":"scroll","background-type":"","background-media":"","overlay-type":"","overlay-color":"","overlay-opacity":"","overlay-gradient":""}}},"product_brand":[],"product_cat":[7537],"product_tag":[],"class_list":{"0":"post-32205","1":"product","2":"type-product","3":"status-publish","4":"has-post-thumbnail","6":"product_cat-cabine-accessoires","7":"pa_merkk-poppy-grace-mate","8":"desktop-align-left","9":"tablet-align-left","10":"mobile-align-left","12":"first","13":"instock","14":"taxable","15":"shipping-taxable","16":"purchasable","17":"product-type-simple"},"acf":[],"yoast_head":"<!-- This site is optimized with the Yoast SEO Premium plugin v26.5 (Yoast SEO v26.5) - https:\/\/yoast.com\/wordpress\/plugins\/seo\/ -->\n<title>Poppy Viking hat ROOD - Truckned - kleed jou Poppy Grace Mate aan<\/title>\n<meta name=\"description\" content=\"Poppy Viking hat ROOD - uitgevoerd in Deens pluche - blikvanger op je dashboard - geschikt voor Poppy Grace Mate - Scandinavische truckstijl\" \/>\n<meta name=\"robots\" content=\"index, follow, max-snippet:-1, max-image-preview:large, max-video-preview:-1\" \/>\n<link rel=\"canonical\" href=\"https:\/\/truckned.nl\/de\/produkt\/poppy-viking-hat-rood\/\" \/>\n<meta property=\"og:locale\" content=\"de_DE\" \/>\n<meta property=\"og:type\" content=\"article\" \/>\n<meta property=\"og:title\" content=\"Poppy Viking hat ROOD - Truckned - kleed jou Poppy Grace Mate aan\" \/>\n<meta property=\"og:description\" content=\"Poppy Viking hat ROOD - uitgevoerd in Deens pluche - blikvanger op je dashboard - geschikt voor Poppy Grace Mate - Scandinavische truckstijl\" \/>\n<meta property=\"og:url\" content=\"https:\/\/truckned.nl\/de\/produkt\/poppy-viking-hat-rood\/\" \/>\n<meta property=\"og:site_name\" content=\"Truckned\" \/>\n<meta property=\"article:publisher\" content=\"https:\/\/www.facebook.com\/truckned\/\" \/>\n<meta property=\"article:modified_time\" content=\"2026-04-11T07:55:35+00:00\" \/>\n<meta property=\"og:image\" content=\"https:\/\/truckned.nl\/wp-content\/uploads\/2025\/07\/TN-500231-SM.png\" \/>\n\t<meta property=\"og:image:width\" content=\"800\" \/>\n\t<meta property=\"og:image:height\" content=\"800\" \/>\n\t<meta property=\"og:image:type\" content=\"image\/png\" \/>\n<meta name=\"twitter:label1\" content=\"Preis\" \/>\n\t<meta name=\"twitter:data1\" content=\"&euro;2,95\" \/>\n\t<meta name=\"twitter:label2\" content=\"Verf\u00fcgbarkeit\" \/>\n\t<meta name=\"twitter:data2\" content=\"Auf Lager\" \/>\n<script type=\"application\/ld+json\" class=\"yoast-schema-graph\">{\"@context\":\"https:\/\/schema.org\",\"@graph\":[{\"@type\":[\"WebPage\",\"ItemPage\"],\"@id\":\"https:\/\/truckned.nl\/product\/poppy-viking-hat-rood\/\",\"url\":\"https:\/\/truckned.nl\/product\/poppy-viking-hat-rood\/\",\"name\":\"Poppy Viking hat ROOD - Truckned - kleed jou Poppy Grace Mate aan\",\"isPartOf\":{\"@id\":\"https:\/\/truckned.nl\/nl\/#website\"},\"primaryImageOfPage\":{\"@id\":\"https:\/\/truckned.nl\/product\/poppy-viking-hat-rood\/#primaryimage\"},\"image\":{\"@id\":\"https:\/\/truckned.nl\/product\/poppy-viking-hat-rood\/#primaryimage\"},\"thumbnailUrl\":\"https:\/\/truckned.nl\/wp-content\/uploads\/2025\/07\/TN-500231-1.png\",\"datePublished\":\"2025-03-20T12:50:12+00:00\",\"dateModified\":\"2026-04-11T07:55:35+00:00\",\"description\":\"Poppy Viking hat ROOD - uitgevoerd in Deens pluche - blikvanger op je dashboard - geschikt voor Poppy Grace Mate - Scandinavische truckstijl\",\"breadcrumb\":{\"@id\":\"https:\/\/truckned.nl\/product\/poppy-viking-hat-rood\/#breadcrumb\"},\"inLanguage\":\"de\",\"potentialAction\":[{\"@type\":\"ReadAction\",\"target\":[\"https:\/\/truckned.nl\/product\/poppy-viking-hat-rood\/\"]}]},{\"@type\":\"ImageObject\",\"inLanguage\":\"de\",\"@id\":\"https:\/\/truckned.nl\/product\/poppy-viking-hat-rood\/#primaryimage\",\"url\":\"https:\/\/truckned.nl\/wp-content\/uploads\/2025\/07\/TN-500231-1.png\",\"contentUrl\":\"https:\/\/truckned.nl\/wp-content\/uploads\/2025\/07\/TN-500231-1.png\",\"width\":800,\"height\":800,\"caption\":\"Poppy Viking hat ROOD - Deens pluche - blikvanger op je dashboard - geschikt voor Poppy Grace Mate\"},{\"@type\":\"BreadcrumbList\",\"@id\":\"https:\/\/truckned.nl\/product\/poppy-viking-hat-rood\/#breadcrumb\",\"itemListElement\":[{\"@type\":\"ListItem\",\"position\":1,\"name\":\"Home\",\"item\":\"https:\/\/truckned.nl\/\"},{\"@type\":\"ListItem\",\"position\":2,\"name\":\"Shop\",\"item\":\"https:\/\/truckned.nl\/nl\/shop\/\"},{\"@type\":\"ListItem\",\"position\":3,\"name\":\"Cabine - accessoires\",\"item\":\"https:\/\/truckned.nl\/product-categorie\/cabine-accessoires\/\"},{\"@type\":\"ListItem\",\"position\":4,\"name\":\"Poppy Viking hat &#8211; rood\"}]},{\"@type\":\"WebSite\",\"@id\":\"https:\/\/truckned.nl\/nl\/#website\",\"url\":\"https:\/\/truckned.nl\/nl\/\",\"name\":\"Truckned\",\"description\":\"\",\"publisher\":{\"@id\":\"https:\/\/truckned.nl\/nl\/#organization\"},\"potentialAction\":[{\"@type\":\"SearchAction\",\"target\":{\"@type\":\"EntryPoint\",\"urlTemplate\":\"https:\/\/truckned.nl\/nl\/?s={search_term_string}\"},\"query-input\":{\"@type\":\"PropertyValueSpecification\",\"valueRequired\":true,\"valueName\":\"search_term_string\"}}],\"inLanguage\":\"de\"},{\"@type\":\"Organization\",\"@id\":\"https:\/\/truckned.nl\/nl\/#organization\",\"name\":\"Truckned\",\"url\":\"https:\/\/truckned.nl\/nl\/\",\"logo\":{\"@type\":\"ImageObject\",\"inLanguage\":\"de\",\"@id\":\"https:\/\/truckned.nl\/nl\/#\/schema\/logo\/image\/\",\"url\":\"https:\/\/truckned.nl\/wp-content\/uploads\/2022\/10\/800x800-Truckned-logo-zonder-tekst-ZWART.png\",\"contentUrl\":\"https:\/\/truckned.nl\/wp-content\/uploads\/2022\/10\/800x800-Truckned-logo-zonder-tekst-ZWART.png\",\"width\":801,\"height\":801,\"caption\":\"Truckned\"},\"image\":{\"@id\":\"https:\/\/truckned.nl\/nl\/#\/schema\/logo\/image\/\"},\"sameAs\":[\"https:\/\/www.facebook.com\/truckned\/\",\"https:\/\/www.instagram.com\/truckned\/\"],\"vatID\":\"NL863960509B01\",\"taxID\":\"86417487\",\"hasMerchantReturnPolicy\":{\"@type\":\"MerchantReturnPolicy\",\"merchantReturnLink\":\"https:\/\/truckned.nl\/de\/versand-rucksendungen\/\"}}]}<\/script>\n<meta property=\"product:brand\" content=\"Poppy Grace Mate\" \/>\n<meta property=\"product:price:amount\" content=\"2.95\" \/>\n<meta property=\"product:price:currency\" content=\"EUR\" \/>\n<meta property=\"og:availability\" content=\"instock\" \/>\n<meta property=\"product:availability\" content=\"instock\" \/>\n<meta property=\"product:retailer_item_id\" content=\"TN-500231\" \/>\n<meta property=\"product:condition\" content=\"new\" \/>\n<!-- \/ Yoast SEO Premium plugin. -->","yoast_head_json":{"title":"Poppy Viking hat ROT - Truckned - kleide dich Poppy Grace Mate","description":"Poppy Viking hat ROT - Aus d\u00e4nischem Pl\u00fcsch - Ein Hingucker auf Ihrem Armaturenbrett - Passend f\u00fcr Poppy Grace Mate - Skandinavischer Truck-Stil","robots":{"index":"index","follow":"follow","max-snippet":"max-snippet:-1","max-image-preview":"max-image-preview:large","max-video-preview":"max-video-preview:-1"},"canonical":"https:\/\/truckned.nl\/de\/produkt\/poppy-viking-hat-rood\/","og_locale":"de_DE","og_type":"article","og_title":"Poppy Viking hat ROOD - Truckned - kleed jou Poppy Grace Mate aan","og_description":"Poppy Viking hat ROOD - uitgevoerd in Deens pluche - blikvanger op je dashboard - geschikt voor Poppy Grace Mate - Scandinavische truckstijl","og_url":"https:\/\/truckned.nl\/de\/produkt\/poppy-viking-hat-rood\/","og_site_name":"Truckned","article_publisher":"https:\/\/www.facebook.com\/truckned\/","article_modified_time":"2026-04-11T07:55:35+00:00","og_image":[{"width":800,"height":800,"url":"https:\/\/truckned.nl\/wp-content\/uploads\/2025\/07\/TN-500231-SM.png","type":"image\/png"}],"twitter_misc":{"Preis":"&euro;2,95","Verf\u00fcgbarkeit":"Auf Lager"},"schema":{"@context":"https:\/\/schema.org","@graph":[{"@type":["WebPage","ItemPage"],"@id":"https:\/\/truckned.nl\/product\/poppy-viking-hat-rood\/","url":"https:\/\/truckned.nl\/product\/poppy-viking-hat-rood\/","name":"Poppy Viking hat ROT - Truckned - kleide dich Poppy Grace Mate","isPartOf":{"@id":"https:\/\/truckned.nl\/nl\/#website"},"primaryImageOfPage":{"@id":"https:\/\/truckned.nl\/product\/poppy-viking-hat-rood\/#primaryimage"},"image":{"@id":"https:\/\/truckned.nl\/product\/poppy-viking-hat-rood\/#primaryimage"},"thumbnailUrl":"https:\/\/truckned.nl\/wp-content\/uploads\/2025\/07\/TN-500231-1.png","datePublished":"2025-03-20T12:50:12+00:00","dateModified":"2026-04-11T07:55:35+00:00","description":"Poppy Viking hat ROT - Aus d\u00e4nischem Pl\u00fcsch - Ein Hingucker auf Ihrem Armaturenbrett - Passend f\u00fcr Poppy Grace Mate - Skandinavischer Truck-Stil","breadcrumb":{"@id":"https:\/\/truckned.nl\/product\/poppy-viking-hat-rood\/#breadcrumb"},"inLanguage":"de","potentialAction":[{"@type":"ReadAction","target":["https:\/\/truckned.nl\/product\/poppy-viking-hat-rood\/"]}]},{"@type":"ImageObject","inLanguage":"de","@id":"https:\/\/truckned.nl\/product\/poppy-viking-hat-rood\/#primaryimage","url":"https:\/\/truckned.nl\/wp-content\/uploads\/2025\/07\/TN-500231-1.png","contentUrl":"https:\/\/truckned.nl\/wp-content\/uploads\/2025\/07\/TN-500231-1.png","width":800,"height":800,"caption":"Poppy Viking hat ROOD - Deens pluche - blikvanger op je dashboard - geschikt voor Poppy Grace Mate"},{"@type":"BreadcrumbList","@id":"https:\/\/truckned.nl\/product\/poppy-viking-hat-rood\/#breadcrumb","itemListElement":[{"@type":"ListItem","position":1,"name":"Home","item":"https:\/\/truckned.nl\/"},{"@type":"ListItem","position":2,"name":"Shop","item":"https:\/\/truckned.nl\/nl\/shop\/"},{"@type":"ListItem","position":3,"name":"Cabine - accessoires","item":"https:\/\/truckned.nl\/product-categorie\/cabine-accessoires\/"},{"@type":"ListItem","position":4,"name":"Poppy Viking hat &#8211; rood"}]},{"@type":"WebSite","@id":"https:\/\/truckned.nl\/nl\/#website","url":"https:\/\/truckned.nl\/nl\/","name":"Truckned","description":"","publisher":{"@id":"https:\/\/truckned.nl\/nl\/#organization"},"potentialAction":[{"@type":"SearchAction","target":{"@type":"EntryPoint","urlTemplate":"https:\/\/truckned.nl\/nl\/?s={search_term_string}"},"query-input":{"@type":"PropertyValueSpecification","valueRequired":true,"valueName":"search_term_string"}}],"inLanguage":"de"},{"@type":"Organization","@id":"https:\/\/truckned.nl\/nl\/#organization","name":"Truckned","url":"https:\/\/truckned.nl\/nl\/","logo":{"@type":"ImageObject","inLanguage":"de","@id":"https:\/\/truckned.nl\/nl\/#\/schema\/logo\/image\/","url":"https:\/\/truckned.nl\/wp-content\/uploads\/2022\/10\/800x800-Truckned-logo-zonder-tekst-ZWART.png","contentUrl":"https:\/\/truckned.nl\/wp-content\/uploads\/2022\/10\/800x800-Truckned-logo-zonder-tekst-ZWART.png","width":801,"height":801,"caption":"Truckned"},"image":{"@id":"https:\/\/truckned.nl\/nl\/#\/schema\/logo\/image\/"},"sameAs":["https:\/\/www.facebook.com\/truckned\/","https:\/\/www.instagram.com\/truckned\/"],"vatID":"NL863960509B01","taxID":"86417487","hasMerchantReturnPolicy":{"@type":"MerchantReturnPolicy","merchantReturnLink":"https:\/\/truckned.nl\/de\/versand-rucksendungen\/"}}]},"product_brand":"Poppy Grace Mate","product_price_amount":"2.95","product_price_currency":"EUR","og_availability":"instock","product_availability":"instock","product_retailer_item_id":"TN-500231","product_condition":"new"},"_links":{"self":[{"href":"https:\/\/truckned.nl\/de\/wp-json\/wp\/v2\/product\/32205","targetHints":{"allow":["GET"]}}],"collection":[{"href":"https:\/\/truckned.nl\/de\/wp-json\/wp\/v2\/product"}],"about":[{"href":"https:\/\/truckned.nl\/de\/wp-json\/wp\/v2\/types\/product"}],"replies":[{"embeddable":true,"href":"https:\/\/truckned.nl\/de\/wp-json\/wp\/v2\/comments?post=32205"}],"wp:featuredmedia":[{"embeddable":true,"href":"https:\/\/truckned.nl\/de\/wp-json\/wp\/v2\/media\/32213"}],"wp:attachment":[{"href":"https:\/\/truckned.nl\/de\/wp-json\/wp\/v2\/media?parent=32205"}],"wp:term":[{"taxonomy":"product_brand","embeddable":true,"href":"https:\/\/truckned.nl\/de\/wp-json\/wp\/v2\/product_brand?post=32205"},{"taxonomy":"product_cat","embeddable":true,"href":"https:\/\/truckned.nl\/de\/wp-json\/wp\/v2\/product_cat?post=32205"},{"taxonomy":"product_tag","embeddable":true,"href":"https:\/\/truckned.nl\/de\/wp-json\/wp\/v2\/product_tag?post=32205"}],"curies":[{"name":"wp","href":"https:\/\/api.w.org\/{rel}","templated":true}]}}