{"id":32209,"date":"2022-10-10T14:14:29","date_gmt":"2022-10-10T13:14:29","guid":{"rendered":"https:\/\/truckned.nl\/?post_type=product&#038;p=32209"},"modified":"2026-04-29T08:13:49","modified_gmt":"2026-04-29T06:13:49","slug":"truckned-geurhanger","status":"publish","type":"product","link":"https:\/\/truckned.nl\/de\/produkt\/truckned-geurhanger\/","title":{"rendered":"Truckned Dufth\u00e4nger"},"content":{"rendered":"<p><span style=\"color: #000000\"><strong>Truckned Dufth\u00e4nger<\/strong><\/span><\/p>\n<p><span style=\"color: #000000\">Lust auf frischen Wind unterwegs? Dann ist der Truckned Duftanh\u00e4nger genau das Richtige f\u00fcr Sie! Dieser stylische Anh\u00e4nger in Form des Truckned-Logos verleiht Ihrem Truck, Pkw oder Transporter sofort einen unverwechselbaren und frischen Look. H\u00e4ngen Sie ihn an Ihren R\u00fcckspiegel und genie\u00dfen Sie unterwegs einen dezenten Duft. Er ist kompakt, ein Hingucker und ein lustiger Ausdruck Ihrer Truck-Liebe.<\/span><\/p>\n<p><span style=\"color: #000000\">Der Duftanh\u00e4nger Truckned ist in drei beliebten D\u00fcften erh\u00e4ltlich: Suavage, One Million und Vanille. F\u00fcr eine nette \u00dcberraschung legen wir Ihrer Bestellung einen Duft nach Ihrem Geschmack bei. M\u00f6chten Sie lieber Ihren eigenen Duft w\u00e4hlen? Teilen Sie uns einfach in den Kommentaren mit, welchen Duft Sie sich w\u00fcnschen. Kurz gesagt: Ein schlichtes Accessoire, das Ihrer Kabine das gewisse Extra verleiht.<\/span><\/p>\n<h5><strong><span style=\"color: #000000\">Entdecken Sie unsere anderen D\u00fcfte<\/span><\/strong><\/h5>\n<p><span style=\"color: #000000\">Suchen Sie etwas anderes als den Dufthalter Truckned? Kein Problem! Entdecken Sie unser gesamtes Sortiment. <a style=\"color: #000000\" href=\"https:\/\/truckned.nl\/de\/produkt-kategorie\/cabine-binnenzijden\/geurhanger-luchtverfrisser\/\">Duftende Kleiderb\u00fcgel und Lufterfrischer<\/a>Ob Sie kr\u00e4ftige Parfums, s\u00fc\u00dfe D\u00fcfte lieben oder etwas Frisches und Neutrales suchen, wir haben f\u00fcr jeden etwas. Verleihen Sie Ihrem LKW, Auto oder Transporter im Handumdrehen den perfekten Duft und Look!<\/span><\/p>","protected":false},"excerpt":{"rendered":"<p>Truckned geurhanger Zin in een frisse neus onderweg? Dan is de Truckned geurhanger precies wat je zoekt! Deze stoere hanger in de vorm van het Truckned-logo geeft jouw vrachtwagen, auto of werkbus direct een herkenbare \u00e9n frisse uitstraling. Hang &#8216;m aan je spiegel en geniet van een subtiele geur terwijl je de weg op gaat. [&hellip;]<\/p>","protected":false},"featured_media":32224,"comment_status":"open","ping_status":"closed","template":"","meta":{"_acf_changed":false,"site-sidebar-layout":"default","site-content-layout":"","ast-site-content-layout":"default","site-content-style":"default","site-sidebar-style":"default","ast-global-header-display":"","ast-banner-title-visibility":"","ast-main-header-display":"","ast-hfb-above-header-display":"","ast-hfb-below-header-display":"","ast-hfb-mobile-header-display":"","site-post-title":"","ast-breadcrumbs-content":"","ast-featured-img":"","footer-sml-layout":"","ast-disable-related-posts":"","theme-transparent-header-meta":"default","adv-header-id-meta":"","stick-header-meta":"","header-above-stick-meta":"","header-main-stick-meta":"","header-below-stick-meta":"","astra-migrate-meta-layouts":"set","ast-page-background-enabled":"default","ast-page-background-meta":{"desktop":{"background-color":"","background-image":"","background-repeat":"repeat","background-position":"center center","background-size":"auto","background-attachment":"scroll","background-type":"","background-media":"","overlay-type":"","overlay-color":"","overlay-opacity":"","overlay-gradient":""},"tablet":{"background-color":"","background-image":"","background-repeat":"repeat","background-position":"center center","background-size":"auto","background-attachment":"scroll","background-type":"","background-media":"","overlay-type":"","overlay-color":"","overlay-opacity":"","overlay-gradient":""},"mobile":{"background-color":"","background-image":"","background-repeat":"repeat","background-position":"center center","background-size":"auto","background-attachment":"scroll","background-type":"","background-media":"","overlay-type":"","overlay-color":"","overlay-opacity":"","overlay-gradient":""}},"ast-content-background-meta":{"desktop":{"background-color":"var(--ast-global-color-5)","background-image":"","background-repeat":"repeat","background-position":"center center","background-size":"auto","background-attachment":"scroll","background-type":"","background-media":"","overlay-type":"","overlay-color":"","overlay-opacity":"","overlay-gradient":""},"tablet":{"background-color":"var(--ast-global-color-5)","background-image":"","background-repeat":"repeat","background-position":"center center","background-size":"auto","background-attachment":"scroll","background-type":"","background-media":"","overlay-type":"","overlay-color":"","overlay-opacity":"","overlay-gradient":""},"mobile":{"background-color":"var(--ast-global-color-5)","background-image":"","background-repeat":"repeat","background-position":"center center","background-size":"auto","background-attachment":"scroll","background-type":"","background-media":"","overlay-type":"","overlay-color":"","overlay-opacity":"","overlay-gradient":""}}},"product_brand":[],"product_cat":[7530],"product_tag":[],"class_list":{"0":"post-32209","1":"product","2":"type-product","3":"status-publish","4":"has-post-thumbnail","6":"product_cat-geurhanger-luchtverfrisser","7":"pa_merkk-truckned","8":"desktop-align-left","9":"tablet-align-left","10":"mobile-align-left","12":"first","13":"instock","14":"taxable","15":"shipping-taxable","16":"purchasable","17":"product-type-simple"},"acf":[],"yoast_head":"<!-- This site is optimized with the Yoast SEO Premium plugin v26.5 (Yoast SEO v26.5) - https:\/\/yoast.com\/wordpress\/plugins\/seo\/ -->\n<title>TRUCKNED geurhanger - Truckned - uniek exemplaar<\/title>\n<meta name=\"description\" content=\"TRUCKNED geurhanger - laat je verrassen door de geur - uniek design - Vanille - One Million - Sauvage - frisse geuren in je cabine\" \/>\n<meta name=\"robots\" content=\"index, follow, max-snippet:-1, max-image-preview:large, max-video-preview:-1\" \/>\n<link rel=\"canonical\" href=\"https:\/\/truckned.nl\/de\/produkt\/truckned-geurhanger\/\" \/>\n<meta property=\"og:locale\" content=\"de_DE\" \/>\n<meta property=\"og:type\" content=\"article\" \/>\n<meta property=\"og:title\" content=\"TRUCKNED geurhanger - Truckned - uniek exemplaar\" \/>\n<meta property=\"og:description\" content=\"TRUCKNED geurhanger - laat je verrassen door de geur - uniek design - Vanille - One Million - Sauvage - frisse geuren in je cabine\" \/>\n<meta property=\"og:url\" content=\"https:\/\/truckned.nl\/de\/produkt\/truckned-geurhanger\/\" \/>\n<meta property=\"og:site_name\" content=\"Truckned\" \/>\n<meta property=\"article:publisher\" content=\"https:\/\/www.facebook.com\/truckned\/\" \/>\n<meta property=\"article:modified_time\" content=\"2026-04-29T06:13:49+00:00\" \/>\n<meta property=\"og:image\" content=\"https:\/\/truckned.nl\/wp-content\/uploads\/2025\/07\/TN-GEURHANGER-SM.png\" \/>\n\t<meta property=\"og:image:width\" content=\"800\" \/>\n\t<meta property=\"og:image:height\" content=\"800\" \/>\n\t<meta property=\"og:image:type\" content=\"image\/png\" \/>\n<meta name=\"twitter:label1\" content=\"Preis\" \/>\n\t<meta name=\"twitter:data1\" content=\"&euro;0,95\" \/>\n\t<meta name=\"twitter:label2\" content=\"Verf\u00fcgbarkeit\" \/>\n\t<meta name=\"twitter:data2\" content=\"Auf Lager\" \/>\n<script type=\"application\/ld+json\" class=\"yoast-schema-graph\">{\"@context\":\"https:\/\/schema.org\",\"@graph\":[{\"@type\":[\"WebPage\",\"ItemPage\"],\"@id\":\"https:\/\/truckned.nl\/product\/truckned-geurhanger\/\",\"url\":\"https:\/\/truckned.nl\/product\/truckned-geurhanger\/\",\"name\":\"TRUCKNED geurhanger - Truckned - uniek exemplaar\",\"isPartOf\":{\"@id\":\"https:\/\/truckned.nl\/nl\/#website\"},\"primaryImageOfPage\":{\"@id\":\"https:\/\/truckned.nl\/product\/truckned-geurhanger\/#primaryimage\"},\"image\":{\"@id\":\"https:\/\/truckned.nl\/product\/truckned-geurhanger\/#primaryimage\"},\"thumbnailUrl\":\"https:\/\/truckned.nl\/wp-content\/uploads\/2025\/07\/TN-GEURHANGER.png\",\"datePublished\":\"2022-10-10T13:14:29+00:00\",\"dateModified\":\"2026-04-29T06:13:49+00:00\",\"description\":\"TRUCKNED geurhanger - laat je verrassen door de geur - uniek design - Vanille - One Million - Sauvage - frisse geuren in je cabine\",\"breadcrumb\":{\"@id\":\"https:\/\/truckned.nl\/product\/truckned-geurhanger\/#breadcrumb\"},\"inLanguage\":\"de\",\"potentialAction\":[{\"@type\":\"ReadAction\",\"target\":[\"https:\/\/truckned.nl\/product\/truckned-geurhanger\/\"]}]},{\"@type\":\"ImageObject\",\"inLanguage\":\"de\",\"@id\":\"https:\/\/truckned.nl\/product\/truckned-geurhanger\/#primaryimage\",\"url\":\"https:\/\/truckned.nl\/wp-content\/uploads\/2025\/07\/TN-GEURHANGER.png\",\"contentUrl\":\"https:\/\/truckned.nl\/wp-content\/uploads\/2025\/07\/TN-GEURHANGER.png\",\"width\":800,\"height\":800,\"caption\":\"Truckned geurhanger - uniek exemplaar - Sauvage - One Million - Vanille\"},{\"@type\":\"BreadcrumbList\",\"@id\":\"https:\/\/truckned.nl\/product\/truckned-geurhanger\/#breadcrumb\",\"itemListElement\":[{\"@type\":\"ListItem\",\"position\":1,\"name\":\"Home\",\"item\":\"https:\/\/truckned.nl\/\"},{\"@type\":\"ListItem\",\"position\":2,\"name\":\"Shop\",\"item\":\"https:\/\/truckned.nl\/nl\/shop\/\"},{\"@type\":\"ListItem\",\"position\":3,\"name\":\"Cabine - binnenzijde\",\"item\":\"https:\/\/truckned.nl\/de\/produkt-kategorie\/cabine-binnenzijden\/\"},{\"@type\":\"ListItem\",\"position\":4,\"name\":\"Geurhanger \/ luchtverfrisser\",\"item\":\"https:\/\/truckned.nl\/de\/produkt-kategorie\/cabine-binnenzijden\/geurhanger-luchtverfrisser\/\"},{\"@type\":\"ListItem\",\"position\":5,\"name\":\"Truckned geurhanger\"}]},{\"@type\":\"WebSite\",\"@id\":\"https:\/\/truckned.nl\/nl\/#website\",\"url\":\"https:\/\/truckned.nl\/nl\/\",\"name\":\"Truckned\",\"description\":\"\",\"publisher\":{\"@id\":\"https:\/\/truckned.nl\/nl\/#organization\"},\"potentialAction\":[{\"@type\":\"SearchAction\",\"target\":{\"@type\":\"EntryPoint\",\"urlTemplate\":\"https:\/\/truckned.nl\/nl\/?s={search_term_string}\"},\"query-input\":{\"@type\":\"PropertyValueSpecification\",\"valueRequired\":true,\"valueName\":\"search_term_string\"}}],\"inLanguage\":\"de\"},{\"@type\":\"Organization\",\"@id\":\"https:\/\/truckned.nl\/nl\/#organization\",\"name\":\"Truckned\",\"url\":\"https:\/\/truckned.nl\/nl\/\",\"logo\":{\"@type\":\"ImageObject\",\"inLanguage\":\"de\",\"@id\":\"https:\/\/truckned.nl\/nl\/#\/schema\/logo\/image\/\",\"url\":\"https:\/\/truckned.nl\/wp-content\/uploads\/2022\/10\/800x800-Truckned-logo-zonder-tekst-ZWART.png\",\"contentUrl\":\"https:\/\/truckned.nl\/wp-content\/uploads\/2022\/10\/800x800-Truckned-logo-zonder-tekst-ZWART.png\",\"width\":801,\"height\":801,\"caption\":\"Truckned\"},\"image\":{\"@id\":\"https:\/\/truckned.nl\/nl\/#\/schema\/logo\/image\/\"},\"sameAs\":[\"https:\/\/www.facebook.com\/truckned\/\",\"https:\/\/www.instagram.com\/truckned\/\"],\"vatID\":\"NL863960509B01\",\"taxID\":\"86417487\",\"hasMerchantReturnPolicy\":{\"@type\":\"MerchantReturnPolicy\",\"merchantReturnLink\":\"https:\/\/truckned.nl\/de\/versand-rucksendungen\/\"}}]}<\/script>\n<meta property=\"product:brand\" content=\"Truckned\" \/>\n<meta property=\"product:price:amount\" content=\"0.95\" \/>\n<meta property=\"product:price:currency\" content=\"EUR\" \/>\n<meta property=\"og:availability\" content=\"instock\" \/>\n<meta property=\"product:availability\" content=\"instock\" \/>\n<meta property=\"product:retailer_item_id\" content=\"TN-GEURHANGER\" \/>\n<meta property=\"product:condition\" content=\"new\" \/>\n<!-- \/ Yoast SEO Premium plugin. -->","yoast_head_json":{"title":"TRUCKNED Dufth\u00e4nger - Truckned - Einzelst\u00fcck","description":"TRUCKNED Dufth\u00e4nger - Lassen Sie sich vom Duft \u00fcberraschen - Einzigartiges Design - Vanille - Eine Million - Sauvage - Frische D\u00fcfte in Ihrer Kabine","robots":{"index":"index","follow":"follow","max-snippet":"max-snippet:-1","max-image-preview":"max-image-preview:large","max-video-preview":"max-video-preview:-1"},"canonical":"https:\/\/truckned.nl\/de\/produkt\/truckned-geurhanger\/","og_locale":"de_DE","og_type":"article","og_title":"TRUCKNED geurhanger - Truckned - uniek exemplaar","og_description":"TRUCKNED geurhanger - laat je verrassen door de geur - uniek design - Vanille - One Million - Sauvage - frisse geuren in je cabine","og_url":"https:\/\/truckned.nl\/de\/produkt\/truckned-geurhanger\/","og_site_name":"Truckned","article_publisher":"https:\/\/www.facebook.com\/truckned\/","article_modified_time":"2026-04-29T06:13:49+00:00","og_image":[{"width":800,"height":800,"url":"https:\/\/truckned.nl\/wp-content\/uploads\/2025\/07\/TN-GEURHANGER-SM.png","type":"image\/png"}],"twitter_misc":{"Preis":"&euro;0,95","Verf\u00fcgbarkeit":"Auf Lager"},"schema":{"@context":"https:\/\/schema.org","@graph":[{"@type":["WebPage","ItemPage"],"@id":"https:\/\/truckned.nl\/product\/truckned-geurhanger\/","url":"https:\/\/truckned.nl\/product\/truckned-geurhanger\/","name":"TRUCKNED Dufth\u00e4nger - Truckned - Einzelst\u00fcck","isPartOf":{"@id":"https:\/\/truckned.nl\/nl\/#website"},"primaryImageOfPage":{"@id":"https:\/\/truckned.nl\/product\/truckned-geurhanger\/#primaryimage"},"image":{"@id":"https:\/\/truckned.nl\/product\/truckned-geurhanger\/#primaryimage"},"thumbnailUrl":"https:\/\/truckned.nl\/wp-content\/uploads\/2025\/07\/TN-GEURHANGER.png","datePublished":"2022-10-10T13:14:29+00:00","dateModified":"2026-04-29T06:13:49+00:00","description":"TRUCKNED Dufth\u00e4nger - Lassen Sie sich vom Duft \u00fcberraschen - Einzigartiges Design - Vanille - Eine Million - Sauvage - Frische D\u00fcfte in Ihrer Kabine","breadcrumb":{"@id":"https:\/\/truckned.nl\/product\/truckned-geurhanger\/#breadcrumb"},"inLanguage":"de","potentialAction":[{"@type":"ReadAction","target":["https:\/\/truckned.nl\/product\/truckned-geurhanger\/"]}]},{"@type":"ImageObject","inLanguage":"de","@id":"https:\/\/truckned.nl\/product\/truckned-geurhanger\/#primaryimage","url":"https:\/\/truckned.nl\/wp-content\/uploads\/2025\/07\/TN-GEURHANGER.png","contentUrl":"https:\/\/truckned.nl\/wp-content\/uploads\/2025\/07\/TN-GEURHANGER.png","width":800,"height":800,"caption":"Truckned geurhanger - uniek exemplaar - Sauvage - One Million - Vanille"},{"@type":"BreadcrumbList","@id":"https:\/\/truckned.nl\/product\/truckned-geurhanger\/#breadcrumb","itemListElement":[{"@type":"ListItem","position":1,"name":"Home","item":"https:\/\/truckned.nl\/"},{"@type":"ListItem","position":2,"name":"Shop","item":"https:\/\/truckned.nl\/nl\/shop\/"},{"@type":"ListItem","position":3,"name":"Cabine - binnenzijde","item":"https:\/\/truckned.nl\/de\/produkt-kategorie\/cabine-binnenzijden\/"},{"@type":"ListItem","position":4,"name":"Geurhanger \/ luchtverfrisser","item":"https:\/\/truckned.nl\/de\/produkt-kategorie\/cabine-binnenzijden\/geurhanger-luchtverfrisser\/"},{"@type":"ListItem","position":5,"name":"Truckned geurhanger"}]},{"@type":"WebSite","@id":"https:\/\/truckned.nl\/nl\/#website","url":"https:\/\/truckned.nl\/nl\/","name":"Truckned","description":"","publisher":{"@id":"https:\/\/truckned.nl\/nl\/#organization"},"potentialAction":[{"@type":"SearchAction","target":{"@type":"EntryPoint","urlTemplate":"https:\/\/truckned.nl\/nl\/?s={search_term_string}"},"query-input":{"@type":"PropertyValueSpecification","valueRequired":true,"valueName":"search_term_string"}}],"inLanguage":"de"},{"@type":"Organization","@id":"https:\/\/truckned.nl\/nl\/#organization","name":"Truckned","url":"https:\/\/truckned.nl\/nl\/","logo":{"@type":"ImageObject","inLanguage":"de","@id":"https:\/\/truckned.nl\/nl\/#\/schema\/logo\/image\/","url":"https:\/\/truckned.nl\/wp-content\/uploads\/2022\/10\/800x800-Truckned-logo-zonder-tekst-ZWART.png","contentUrl":"https:\/\/truckned.nl\/wp-content\/uploads\/2022\/10\/800x800-Truckned-logo-zonder-tekst-ZWART.png","width":801,"height":801,"caption":"Truckned"},"image":{"@id":"https:\/\/truckned.nl\/nl\/#\/schema\/logo\/image\/"},"sameAs":["https:\/\/www.facebook.com\/truckned\/","https:\/\/www.instagram.com\/truckned\/"],"vatID":"NL863960509B01","taxID":"86417487","hasMerchantReturnPolicy":{"@type":"MerchantReturnPolicy","merchantReturnLink":"https:\/\/truckned.nl\/de\/versand-rucksendungen\/"}}]},"product_brand":"Truckned","product_price_amount":"0.95","product_price_currency":"EUR","og_availability":"instock","product_availability":"instock","product_retailer_item_id":"TN-GEURHANGER","product_condition":"new"},"_links":{"self":[{"href":"https:\/\/truckned.nl\/de\/wp-json\/wp\/v2\/product\/32209","targetHints":{"allow":["GET"]}}],"collection":[{"href":"https:\/\/truckned.nl\/de\/wp-json\/wp\/v2\/product"}],"about":[{"href":"https:\/\/truckned.nl\/de\/wp-json\/wp\/v2\/types\/product"}],"replies":[{"embeddable":true,"href":"https:\/\/truckned.nl\/de\/wp-json\/wp\/v2\/comments?post=32209"}],"wp:featuredmedia":[{"embeddable":true,"href":"https:\/\/truckned.nl\/de\/wp-json\/wp\/v2\/media\/32224"}],"wp:attachment":[{"href":"https:\/\/truckned.nl\/de\/wp-json\/wp\/v2\/media?parent=32209"}],"wp:term":[{"taxonomy":"product_brand","embeddable":true,"href":"https:\/\/truckned.nl\/de\/wp-json\/wp\/v2\/product_brand?post=32209"},{"taxonomy":"product_cat","embeddable":true,"href":"https:\/\/truckned.nl\/de\/wp-json\/wp\/v2\/product_cat?post=32209"},{"taxonomy":"product_tag","embeddable":true,"href":"https:\/\/truckned.nl\/de\/wp-json\/wp\/v2\/product_tag?post=32209"}],"curies":[{"name":"wp","href":"https:\/\/api.w.org\/{rel}","templated":true}]}}