{"id":32315,"date":"2023-10-14T12:16:56","date_gmt":"2023-10-14T11:16:56","guid":{"rendered":"https:\/\/truckned.nl\/?post_type=product&#038;p=32315"},"modified":"2026-03-14T10:42:18","modified_gmt":"2026-03-14T09:42:18","slug":"hoekschilden-set-volvo-fh4-vepro-4077s","status":"publish","type":"product","link":"https:\/\/truckned.nl\/de\/produkt\/hoekschilden-set-volvo-fh4-vepro-4077s\/","title":{"rendered":"Windabweiser Volvo FH4 - Vepro 4077S"},"content":{"rendered":"<p><span style=\"color: #000000;\"><strong>Windabweiser f\u00fcr Volvo FH4 \/ Scania R und Renault T - Vepro 4077S.<\/strong><\/span><\/p>\n<p><span style=\"color: #000000;\">M\u00f6chten Sie Ihrem Volvo FH4 schnell und einfach einen robusteren Look verleihen, ohne komplizierte Modifikationen vornehmen zu m\u00fcssen? Dann ist das Volvo FH4 \u2013 Vepro 4077S Eckschutzset genau das Richtige f\u00fcr Sie. Diese Schmutzabweiser wurden speziell f\u00fcr die Ecken des FH4-Fahrerhauses entwickelt und erg\u00e4nzen das Originaldesign perfekt. Das Ergebnis? Ein saubererer Lkw, ein robusterer Look und weniger Spritzwasser oder Schlamm. So bleibt Ihr Fahrerhaus l\u00e4nger sauber und Rost und Besch\u00e4digungen werden vermieden.<\/span><\/p>\n<p><span style=\"color: #000000;\">Die Vepro 4077S Eckplatten bestehen aus robustem Kunststoff und werden standardm\u00e4\u00dfig in Volvo-Wei\u00df geliefert. Sie bevorzugen eine andere Farbe? Kein Problem, Sie k\u00f6nnen sie einfach in einem Farbton lackieren oder folieren lassen, der besser zu Ihrem Stil oder Ihrer Corporate Identity passt. Auch die Montage ist kinderleicht. Dank des mitgelieferten Montagesatzes und der verst\u00e4ndlichen Anleitung ist die Montage im Handumdrehen erledigt. Kein Aufwand, einfach selbst mit einfachem Werkzeug.<\/span><\/p>\n<p><span style=\"color: #000000;\">Gut zu wissen: Diese Eckschilder passen nicht nur zum Volvo FH4, sondern sind auch f\u00fcr den Scania R und den Renault T geeignet. Praktisch, wenn Sie mehrere Lkw in Ihrer Flotte haben!<\/span><\/p>\n<h5><span style=\"color: #000000;\"><strong>Abmessungen:<\/strong><\/span><\/h5>\n<p><span style=\"color: #000000;\">Ob Sie ein dezentes Upgrade oder ein echtes Hingucker-Detail f\u00fcr Ihren Volvo FH4 suchen \u2013 dieses Eckschutz-Set verleiht Ihrem Lkw kraftvolle Optik und praktischen Schutz in einem. Ideal f\u00fcr Fahrer, die stolz auf ihr Fahrzeug sind und ein Auge f\u00fcrs Detail haben. Damit dieses Set perfekt zu Ihrem Lkw passt, haben wir die Abmessungen beigef\u00fcgt.<\/span><\/p>\n<ul>\n<li><span style=\"color: #000000;\">Tiefe: 55 mm<\/span><\/li>\n<li><span style=\"color: #000000;\">H\u00f6he: 420 mm<\/span><\/li>\n<li><span style=\"color: #000000;\">Breite: 280 mm<\/span><\/li>\n<\/ul>\n<h5><span style=\"color: #000000;\"><strong>Andere Versionen:<\/strong><\/span><\/h5>\n<p><span style=\"color: #000000;\">Sie fahren ein anderes Volvo-Modell und m\u00f6chten auch daran Eckschutzbleche montieren? Oder suchen Sie einfach eine Variante, die besser zum Stil oder den Abmessungen Ihres Lkws passt? Dann haben wir gute Neuigkeiten f\u00fcr Sie. In unserem umfangreichen Sortiment finden Sie sogar mehrere Alternativen, die perfekt zu anderen Volvo-Modellen passen. Klicken Sie unten, um die anderen verf\u00fcgbaren Varianten zu entdecken und diejenige auszuw\u00e4hlen, die am besten zu Ihren Bed\u00fcrfnissen und Ihrem Lkw passt.<\/span><\/p>\n<ul>\n<li><span style=\"color: #000000;\"><a style=\"color: #000000;\" href=\"https:\/\/truckned.nl\/de\/produkt\/hoekschilden-set-volvo-fh-aero-vepro-4419s\/\"><strong>Windabweiser Volvo FH AERO<\/strong><\/a><\/span><\/li>\n<li><span style=\"color: #000000;\"><a style=\"color: #000000;\" href=\"https:\/\/truckned.nl\/de\/produkt\/hoekschilden-set-volvo-fh4-vepro-4077s\/\"><strong>Windabweiser Volvo FH5<\/strong><\/a><\/span><\/li>\n<\/ul>\n<p><span style=\"color: #000000;\">Kurz gesagt: Mit dem Volvo FH4 \u2013 Vepro 4077S Eckschutzset verleihen Sie Ihrem Lkw nicht nur ein elegantes und kraftvolles Aussehen, sondern entscheiden sich auch bewusst f\u00fcr zus\u00e4tzlichen Schutz vor Schmutz, Steinschl\u00e4gen und Spritzern. Sie m\u00f6chten noch einen Schritt weitergehen? Dann denken Sie \u00fcber zus\u00e4tzliche Teile f\u00fcr Ihr Fahrerhaus nach. In unserer Kategorie \u201eFahrerhaus-Au\u00dfenbereich\u201c finden Sie ein komplettes Sortiment an Zubeh\u00f6r, mit dem Sie Ihren Lkw weiter individualisieren, sch\u00fctzen und personalisieren k\u00f6nnen. Entdecken Sie jetzt die M\u00f6glichkeiten und machen Sie Ihren Lkw zu einem echten Hingucker.<\/span><\/p>","protected":false},"excerpt":{"rendered":"<p>Hoekschilden set voor Volvo FH4 \/ Scania R en Renault T &#8211; Vepro 4077S. Wil je jouw Volvo FH4 snel en simpel een stoerdere uitstraling geven, zonder ingewikkelde aanpassingen? Dan is de Hoekschilden set Volvo FH4 &#8211; Vepro 4077S precies wat je nodig hebt. Deze vuilafstoters zijn speciaal gemaakt voor de hoeken van de FH4 [&hellip;]<\/p>","protected":false},"featured_media":32413,"comment_status":"open","ping_status":"closed","template":"","meta":{"_acf_changed":false,"site-sidebar-layout":"default","site-content-layout":"default","ast-site-content-layout":"default","site-content-style":"default","site-sidebar-style":"default","ast-global-header-display":"","ast-banner-title-visibility":"","ast-main-header-display":"","ast-hfb-above-header-display":"","ast-hfb-below-header-display":"","ast-hfb-mobile-header-display":"","site-post-title":"","ast-breadcrumbs-content":"","ast-featured-img":"","footer-sml-layout":"","ast-disable-related-posts":"","theme-transparent-header-meta":"default","adv-header-id-meta":"","stick-header-meta":"","header-above-stick-meta":"","header-main-stick-meta":"","header-below-stick-meta":"","astra-migrate-meta-layouts":"set","ast-page-background-enabled":"default","ast-page-background-meta":{"desktop":{"background-color":"","background-image":"","background-repeat":"repeat","background-position":"center center","background-size":"auto","background-attachment":"scroll","background-type":"","background-media":"","overlay-type":"","overlay-color":"","overlay-opacity":"","overlay-gradient":""},"tablet":{"background-color":"","background-image":"","background-repeat":"repeat","background-position":"center center","background-size":"auto","background-attachment":"scroll","background-type":"","background-media":"","overlay-type":"","overlay-color":"","overlay-opacity":"","overlay-gradient":""},"mobile":{"background-color":"","background-image":"","background-repeat":"repeat","background-position":"center center","background-size":"auto","background-attachment":"scroll","background-type":"","background-media":"","overlay-type":"","overlay-color":"","overlay-opacity":"","overlay-gradient":""}},"ast-content-background-meta":{"desktop":{"background-color":"var(--ast-global-color-5)","background-image":"","background-repeat":"repeat","background-position":"center center","background-size":"auto","background-attachment":"scroll","background-type":"","background-media":"","overlay-type":"","overlay-color":"","overlay-opacity":"","overlay-gradient":""},"tablet":{"background-color":"var(--ast-global-color-5)","background-image":"","background-repeat":"repeat","background-position":"center center","background-size":"auto","background-attachment":"scroll","background-type":"","background-media":"","overlay-type":"","overlay-color":"","overlay-opacity":"","overlay-gradient":""},"mobile":{"background-color":"var(--ast-global-color-5)","background-image":"","background-repeat":"repeat","background-position":"center center","background-size":"auto","background-attachment":"scroll","background-type":"","background-media":"","overlay-type":"","overlay-color":"","overlay-opacity":"","overlay-gradient":""}}},"product_brand":[],"product_cat":[7540],"product_tag":[],"class_list":{"0":"post-32315","1":"product","2":"type-product","3":"status-publish","4":"has-post-thumbnail","6":"product_cat-hoekschilden","7":"pa_merkk-vepro","8":"desktop-align-left","9":"tablet-align-left","10":"mobile-align-left","12":"first","13":"instock","14":"taxable","15":"shipping-taxable","16":"purchasable","17":"product-type-simple"},"acf":[],"yoast_head":"<!-- This site is optimized with the Yoast SEO Premium plugin v26.5 (Yoast SEO v26.5) - https:\/\/yoast.com\/wordpress\/plugins\/seo\/ -->\n<title>Hoekschilden set Volvo FH4 - Truckned - vuilafstoter met eenvoudige montage<\/title>\n<meta name=\"description\" content=\"Hoekschilden set Volvo FH4 - Volvo FH4 \/ Scania R \/ Renault T - Vepro 4077S - Montagehandleiding - ABS-PMMA - Stoere uitstraling - Truckstyling\" \/>\n<meta name=\"robots\" content=\"index, follow, max-snippet:-1, max-image-preview:large, max-video-preview:-1\" \/>\n<link rel=\"canonical\" href=\"https:\/\/truckned.nl\/de\/produkt\/hoekschilden-set-volvo-fh4-vepro-4077s\/\" \/>\n<meta property=\"og:locale\" content=\"de_DE\" \/>\n<meta property=\"og:type\" content=\"article\" \/>\n<meta property=\"og:title\" content=\"Hoekschilden set Volvo FH4 - Truckned - vuilafstoter met eenvoudige montage\" \/>\n<meta property=\"og:description\" content=\"Hoekschilden set Volvo FH4 - Volvo FH4 \/ Scania R \/ Renault T - Vepro 4077S - Montagehandleiding - ABS-PMMA - Stoere uitstraling - Truckstyling\" \/>\n<meta property=\"og:url\" content=\"https:\/\/truckned.nl\/de\/produkt\/hoekschilden-set-volvo-fh4-vepro-4077s\/\" \/>\n<meta property=\"og:site_name\" content=\"Truckned\" \/>\n<meta property=\"article:publisher\" content=\"https:\/\/www.facebook.com\/truckned\/\" \/>\n<meta property=\"article:modified_time\" content=\"2026-03-14T09:42:18+00:00\" \/>\n<meta property=\"og:image\" content=\"https:\/\/truckned.nl\/wp-content\/uploads\/2025\/07\/TN-807272.png\" \/>\n\t<meta property=\"og:image:width\" content=\"800\" \/>\n\t<meta property=\"og:image:height\" content=\"800\" \/>\n\t<meta property=\"og:image:type\" content=\"image\/png\" \/>\n<meta name=\"twitter:label1\" content=\"Preis\" \/>\n\t<meta name=\"twitter:data1\" content=\"&euro;139,00\" \/>\n\t<meta name=\"twitter:label2\" content=\"Verf\u00fcgbarkeit\" \/>\n\t<meta name=\"twitter:data2\" content=\"Auf Lager\" \/>\n<script type=\"application\/ld+json\" class=\"yoast-schema-graph\">{\"@context\":\"https:\/\/schema.org\",\"@graph\":[{\"@type\":[\"WebPage\",\"ItemPage\"],\"@id\":\"https:\/\/truckned.nl\/product\/hoekschilden-set-volvo-fh4-vepro-4077s\/\",\"url\":\"https:\/\/truckned.nl\/product\/hoekschilden-set-volvo-fh4-vepro-4077s\/\",\"name\":\"Hoekschilden set Volvo FH4 - Truckned - vuilafstoter met eenvoudige montage\",\"isPartOf\":{\"@id\":\"https:\/\/truckned.nl\/nl\/#website\"},\"primaryImageOfPage\":{\"@id\":\"https:\/\/truckned.nl\/product\/hoekschilden-set-volvo-fh4-vepro-4077s\/#primaryimage\"},\"image\":{\"@id\":\"https:\/\/truckned.nl\/product\/hoekschilden-set-volvo-fh4-vepro-4077s\/#primaryimage\"},\"thumbnailUrl\":\"https:\/\/truckned.nl\/wp-content\/uploads\/2025\/07\/TN-807272.png\",\"datePublished\":\"2023-10-14T11:16:56+00:00\",\"dateModified\":\"2026-03-14T09:42:18+00:00\",\"description\":\"Hoekschilden set Volvo FH4 - Volvo FH4 \/ Scania R \/ Renault T - Vepro 4077S - Montagehandleiding - ABS-PMMA - Stoere uitstraling - Truckstyling\",\"breadcrumb\":{\"@id\":\"https:\/\/truckned.nl\/product\/hoekschilden-set-volvo-fh4-vepro-4077s\/#breadcrumb\"},\"inLanguage\":\"de\",\"potentialAction\":[{\"@type\":\"ReadAction\",\"target\":[\"https:\/\/truckned.nl\/product\/hoekschilden-set-volvo-fh4-vepro-4077s\/\"]}]},{\"@type\":\"ImageObject\",\"inLanguage\":\"de\",\"@id\":\"https:\/\/truckned.nl\/product\/hoekschilden-set-volvo-fh4-vepro-4077s\/#primaryimage\",\"url\":\"https:\/\/truckned.nl\/wp-content\/uploads\/2025\/07\/TN-807272.png\",\"contentUrl\":\"https:\/\/truckned.nl\/wp-content\/uploads\/2025\/07\/TN-807272.png\",\"width\":800,\"height\":800,\"caption\":\"Hoekschilden set Volvo FH4 - Geschikt voor Volvo FH4\/ Scania R \/ Renault T - Vepro 4077S - ABS-PMMA - Truckstyling\"},{\"@type\":\"BreadcrumbList\",\"@id\":\"https:\/\/truckned.nl\/product\/hoekschilden-set-volvo-fh4-vepro-4077s\/#breadcrumb\",\"itemListElement\":[{\"@type\":\"ListItem\",\"position\":1,\"name\":\"Home\",\"item\":\"https:\/\/truckned.nl\/\"},{\"@type\":\"ListItem\",\"position\":2,\"name\":\"Shop\",\"item\":\"https:\/\/truckned.nl\/nl\/shop\/\"},{\"@type\":\"ListItem\",\"position\":3,\"name\":\"Cabine - buitenzijde\",\"item\":\"https:\/\/truckned.nl\/nl\/product-categorie\/cabine-buitenzijde\/\"},{\"@type\":\"ListItem\",\"position\":4,\"name\":\"Hoekschilden\",\"item\":\"https:\/\/truckned.nl\/nl\/product-categorie\/cabine-buitenzijde\/hoekschilden\/\"},{\"@type\":\"ListItem\",\"position\":5,\"name\":\"Hoekschilden set Volvo FH4 &#8211; Vepro 4077S\"}]},{\"@type\":\"WebSite\",\"@id\":\"https:\/\/truckned.nl\/nl\/#website\",\"url\":\"https:\/\/truckned.nl\/nl\/\",\"name\":\"Truckned\",\"description\":\"\",\"publisher\":{\"@id\":\"https:\/\/truckned.nl\/nl\/#organization\"},\"potentialAction\":[{\"@type\":\"SearchAction\",\"target\":{\"@type\":\"EntryPoint\",\"urlTemplate\":\"https:\/\/truckned.nl\/nl\/?s={search_term_string}\"},\"query-input\":{\"@type\":\"PropertyValueSpecification\",\"valueRequired\":true,\"valueName\":\"search_term_string\"}}],\"inLanguage\":\"de\"},{\"@type\":\"Organization\",\"@id\":\"https:\/\/truckned.nl\/nl\/#organization\",\"name\":\"Truckned\",\"url\":\"https:\/\/truckned.nl\/nl\/\",\"logo\":{\"@type\":\"ImageObject\",\"inLanguage\":\"de\",\"@id\":\"https:\/\/truckned.nl\/nl\/#\/schema\/logo\/image\/\",\"url\":\"https:\/\/truckned.nl\/wp-content\/uploads\/2022\/10\/800x800-Truckned-logo-zonder-tekst-ZWART.png\",\"contentUrl\":\"https:\/\/truckned.nl\/wp-content\/uploads\/2022\/10\/800x800-Truckned-logo-zonder-tekst-ZWART.png\",\"width\":801,\"height\":801,\"caption\":\"Truckned\"},\"image\":{\"@id\":\"https:\/\/truckned.nl\/nl\/#\/schema\/logo\/image\/\"},\"sameAs\":[\"https:\/\/www.facebook.com\/truckned\/\",\"https:\/\/www.instagram.com\/truckned\/\"],\"vatID\":\"NL863960509B01\",\"taxID\":\"86417487\",\"hasMerchantReturnPolicy\":{\"@type\":\"MerchantReturnPolicy\",\"merchantReturnLink\":\"https:\/\/truckned.nl\/de\/versand-rucksendungen\/\"}}]}<\/script>\n<meta property=\"product:brand\" content=\"Vepro\" \/>\n<meta property=\"product:price:amount\" content=\"139.00\" \/>\n<meta property=\"product:price:currency\" content=\"EUR\" \/>\n<meta property=\"og:availability\" content=\"instock\" \/>\n<meta property=\"product:availability\" content=\"instock\" \/>\n<meta property=\"product:retailer_item_id\" content=\"TN-807272\" \/>\n<meta property=\"product:condition\" content=\"new\" \/>\n<!-- \/ Yoast SEO Premium plugin. -->","yoast_head_json":{"title":"Windabweiser Volvo FH4 - Truckned - Windabweiser mit einfacher Montage","description":"Windabweiser Volvo FH4 - Volvo FH4 \/ Scania R \/ Renault T - Vepro 4077S - Einbauanleitung - ABS-PMMA - Coole Optik - Truck-Styling","robots":{"index":"index","follow":"follow","max-snippet":"max-snippet:-1","max-image-preview":"max-image-preview:large","max-video-preview":"max-video-preview:-1"},"canonical":"https:\/\/truckned.nl\/de\/produkt\/hoekschilden-set-volvo-fh4-vepro-4077s\/","og_locale":"de_DE","og_type":"article","og_title":"Hoekschilden set Volvo FH4 - Truckned - vuilafstoter met eenvoudige montage","og_description":"Hoekschilden set Volvo FH4 - Volvo FH4 \/ Scania R \/ Renault T - Vepro 4077S - Montagehandleiding - ABS-PMMA - Stoere uitstraling - Truckstyling","og_url":"https:\/\/truckned.nl\/de\/produkt\/hoekschilden-set-volvo-fh4-vepro-4077s\/","og_site_name":"Truckned","article_publisher":"https:\/\/www.facebook.com\/truckned\/","article_modified_time":"2026-03-14T09:42:18+00:00","og_image":[{"width":800,"height":800,"url":"https:\/\/truckned.nl\/wp-content\/uploads\/2025\/07\/TN-807272.png","type":"image\/png"}],"twitter_misc":{"Preis":"&euro;139,00","Verf\u00fcgbarkeit":"Auf Lager"},"schema":{"@context":"https:\/\/schema.org","@graph":[{"@type":["WebPage","ItemPage"],"@id":"https:\/\/truckned.nl\/product\/hoekschilden-set-volvo-fh4-vepro-4077s\/","url":"https:\/\/truckned.nl\/product\/hoekschilden-set-volvo-fh4-vepro-4077s\/","name":"Windabweiser Volvo FH4 - Truckned - Windabweiser mit einfacher Montage","isPartOf":{"@id":"https:\/\/truckned.nl\/nl\/#website"},"primaryImageOfPage":{"@id":"https:\/\/truckned.nl\/product\/hoekschilden-set-volvo-fh4-vepro-4077s\/#primaryimage"},"image":{"@id":"https:\/\/truckned.nl\/product\/hoekschilden-set-volvo-fh4-vepro-4077s\/#primaryimage"},"thumbnailUrl":"https:\/\/truckned.nl\/wp-content\/uploads\/2025\/07\/TN-807272.png","datePublished":"2023-10-14T11:16:56+00:00","dateModified":"2026-03-14T09:42:18+00:00","description":"Windabweiser Volvo FH4 - Volvo FH4 \/ Scania R \/ Renault T - Vepro 4077S - Einbauanleitung - ABS-PMMA - Coole Optik - Truck-Styling","breadcrumb":{"@id":"https:\/\/truckned.nl\/product\/hoekschilden-set-volvo-fh4-vepro-4077s\/#breadcrumb"},"inLanguage":"de","potentialAction":[{"@type":"ReadAction","target":["https:\/\/truckned.nl\/product\/hoekschilden-set-volvo-fh4-vepro-4077s\/"]}]},{"@type":"ImageObject","inLanguage":"de","@id":"https:\/\/truckned.nl\/product\/hoekschilden-set-volvo-fh4-vepro-4077s\/#primaryimage","url":"https:\/\/truckned.nl\/wp-content\/uploads\/2025\/07\/TN-807272.png","contentUrl":"https:\/\/truckned.nl\/wp-content\/uploads\/2025\/07\/TN-807272.png","width":800,"height":800,"caption":"Hoekschilden set Volvo FH4 - Geschikt voor Volvo FH4\/ Scania R \/ Renault T - Vepro 4077S - ABS-PMMA - Truckstyling"},{"@type":"BreadcrumbList","@id":"https:\/\/truckned.nl\/product\/hoekschilden-set-volvo-fh4-vepro-4077s\/#breadcrumb","itemListElement":[{"@type":"ListItem","position":1,"name":"Home","item":"https:\/\/truckned.nl\/"},{"@type":"ListItem","position":2,"name":"Shop","item":"https:\/\/truckned.nl\/nl\/shop\/"},{"@type":"ListItem","position":3,"name":"Cabine - buitenzijde","item":"https:\/\/truckned.nl\/nl\/product-categorie\/cabine-buitenzijde\/"},{"@type":"ListItem","position":4,"name":"Hoekschilden","item":"https:\/\/truckned.nl\/nl\/product-categorie\/cabine-buitenzijde\/hoekschilden\/"},{"@type":"ListItem","position":5,"name":"Hoekschilden set Volvo FH4 &#8211; Vepro 4077S"}]},{"@type":"WebSite","@id":"https:\/\/truckned.nl\/nl\/#website","url":"https:\/\/truckned.nl\/nl\/","name":"Truckned","description":"","publisher":{"@id":"https:\/\/truckned.nl\/nl\/#organization"},"potentialAction":[{"@type":"SearchAction","target":{"@type":"EntryPoint","urlTemplate":"https:\/\/truckned.nl\/nl\/?s={search_term_string}"},"query-input":{"@type":"PropertyValueSpecification","valueRequired":true,"valueName":"search_term_string"}}],"inLanguage":"de"},{"@type":"Organization","@id":"https:\/\/truckned.nl\/nl\/#organization","name":"Truckned","url":"https:\/\/truckned.nl\/nl\/","logo":{"@type":"ImageObject","inLanguage":"de","@id":"https:\/\/truckned.nl\/nl\/#\/schema\/logo\/image\/","url":"https:\/\/truckned.nl\/wp-content\/uploads\/2022\/10\/800x800-Truckned-logo-zonder-tekst-ZWART.png","contentUrl":"https:\/\/truckned.nl\/wp-content\/uploads\/2022\/10\/800x800-Truckned-logo-zonder-tekst-ZWART.png","width":801,"height":801,"caption":"Truckned"},"image":{"@id":"https:\/\/truckned.nl\/nl\/#\/schema\/logo\/image\/"},"sameAs":["https:\/\/www.facebook.com\/truckned\/","https:\/\/www.instagram.com\/truckned\/"],"vatID":"NL863960509B01","taxID":"86417487","hasMerchantReturnPolicy":{"@type":"MerchantReturnPolicy","merchantReturnLink":"https:\/\/truckned.nl\/de\/versand-rucksendungen\/"}}]},"product_brand":"Vepro","product_price_amount":"139.00","product_price_currency":"EUR","og_availability":"instock","product_availability":"instock","product_retailer_item_id":"TN-807272","product_condition":"new"},"_links":{"self":[{"href":"https:\/\/truckned.nl\/de\/wp-json\/wp\/v2\/product\/32315","targetHints":{"allow":["GET"]}}],"collection":[{"href":"https:\/\/truckned.nl\/de\/wp-json\/wp\/v2\/product"}],"about":[{"href":"https:\/\/truckned.nl\/de\/wp-json\/wp\/v2\/types\/product"}],"replies":[{"embeddable":true,"href":"https:\/\/truckned.nl\/de\/wp-json\/wp\/v2\/comments?post=32315"}],"wp:featuredmedia":[{"embeddable":true,"href":"https:\/\/truckned.nl\/de\/wp-json\/wp\/v2\/media\/32413"}],"wp:attachment":[{"href":"https:\/\/truckned.nl\/de\/wp-json\/wp\/v2\/media?parent=32315"}],"wp:term":[{"taxonomy":"product_brand","embeddable":true,"href":"https:\/\/truckned.nl\/de\/wp-json\/wp\/v2\/product_brand?post=32315"},{"taxonomy":"product_cat","embeddable":true,"href":"https:\/\/truckned.nl\/de\/wp-json\/wp\/v2\/product_cat?post=32315"},{"taxonomy":"product_tag","embeddable":true,"href":"https:\/\/truckned.nl\/de\/wp-json\/wp\/v2\/product_tag?post=32315"}],"curies":[{"name":"wp","href":"https:\/\/api.w.org\/{rel}","templated":true}]}}