{"id":32318,"date":"2023-10-14T13:00:50","date_gmt":"2023-10-14T12:00:50","guid":{"rendered":"https:\/\/truckned.nl\/?post_type=product&#038;p=32318"},"modified":"2026-05-06T13:06:11","modified_gmt":"2026-05-06T11:06:11","slug":"hoekschilden-set-daf-ng-vepro-4413s","status":"publish","type":"product","link":"https:\/\/truckned.nl\/de\/produkt\/hoekschilden-set-daf-ng-vepro-4413s\/","title":{"rendered":"Windabweiser DAF NG - Vepro 4413S"},"content":{"rendered":"<p><span style=\"color: #000000;\"><strong>Windabweiser f\u00fcr DAF NG \/ XF \/ XG \/ XG+ - Vepro 4413S.<\/strong><\/span><\/p>\n<p><span style=\"color: #000000;\">M\u00f6chten Sie Ihrem DAF Next Gen einen kraftvolleren Look verleihen, ohne gr\u00f6\u00dfere \u00c4nderungen vorzunehmen? Dann ist das DAF NG Vepro 4413S Corner Shield Set genau das Richtige f\u00fcr Sie. Diese Schmutzabweiser wurden speziell f\u00fcr die neueste Generation von DAF-Lkw entwickelt und verleihen den Ecken Ihres Fahrerhauses sofort ein schlankeres, robusteres Aussehen. Eine kleine Erg\u00e4nzung, die sowohl optisch als auch funktional einen gro\u00dfen Unterschied macht.<\/span><\/p>\n<p><span style=\"color: #000000;\">Die Vepro 4413S Eckschutzbleche bestehen aus robustem Kunststoff und erg\u00e4nzen das Design Ihres DAF NG perfekt. Sie sorgen daf\u00fcr, dass Schmutz, Wasser und Schlammspritzer an den Ecken Ihres Fahrerhauses sauber ablaufen. So bleibt Ihr Lkw nicht nur l\u00e4nger sauber, sondern es werden auch unerw\u00fcnschte Sch\u00e4den oder Rostbildung an empfindlichen Stellen vermieden. Besonders praktisch ist, dass diese Eckschutzbleche komplett mit Montagesatz und Anleitung geliefert werden. Sie k\u00f6nnen sie mit minimalem Werkzeugaufwand selbst montieren. Sie werden standardm\u00e4\u00dfig in DAF-Wei\u00df geliefert, Sie k\u00f6nnen sie aber genauso gut in einer Farbe lackieren oder folieren lassen, die zu Ihrem Lkw oder Ihrer Corporate Identity passt. So passt alles perfekt zusammen.<\/span><\/p>\n<h5><span style=\"color: #000000;\"><strong>Abmessungen:<\/strong><\/span><\/h5>\n<p><span style=\"color: #000000;\">Ob Sie eine dezente Verbesserung oder ein auff\u00e4lliges optisches Upgrade w\u00fcnschen \u2013 dieses Eckschutz-Set verleiht Ihrem DAF Next Gen das gewisse Extra. Kombinieren Sie Stil mit Funktionalit\u00e4t und sorgen Sie daf\u00fcr, dass Ihr Lkw immer und \u00fcberall gut aussieht. Um sicherzustellen, dass dieses Set perfekt zu Ihrem Lkw passt, haben wir die Abmessungen unten aufgef\u00fchrt.<\/span><\/p>\n<ul>\n<li><span style=\"color: #000000;\">Tiefe: 70 mm<\/span><\/li>\n<li><span style=\"color: #000000;\">H\u00f6he: 600 mm<\/span><\/li>\n<li><span style=\"color: #000000;\">Breite: 340 mm<\/span><\/li>\n<\/ul>\n<h5><span style=\"color: #000000;\"><strong>Suchen Sie ein anderes Modell?<\/strong><\/span><\/h5>\n<p><span style=\"color: #000000;\">Sie sind von der Idee der Eckschutzbleche begeistert, aber das DAF NG Eckschutzblech-Set ist nicht ganz das Richtige f\u00fcr Sie? Vielleicht bevorzugen Sie kleinere Schmutzabweiser oder suchen eine Version f\u00fcr eine andere Lkw-Marke. Kein Problem, schauen Sie doch mal auf unserer Seite zu den Eckschutzblechen vorbei. Dort finden Sie bestimmt eine passende Alternative f\u00fcr Ihre Bed\u00fcrfnisse.<\/span><\/p>\n<ul>\n<li><span style=\"color: #000000;\"><a style=\"color: #000000;\" href=\"https:\/\/truckned.nl\/de\/produkt\/hoekschilden-set-volvo-fh-aero-vepro-4419s\/\"><strong>Windabweiser Volvo FH AERO<\/strong><\/a><\/span><\/li>\n<\/ul>\n<p><span style=\"color: #000000;\">Kurz gesagt: Mit dem Eckschutz-Set DAF NG Vepro 4413S verleihen Sie Ihrem Lkw in nur wenigen Handgriffen Stil, Schutz und Charakter.<\/span><\/p>","protected":false},"excerpt":{"rendered":"<p>Hoekschilden set voor DAF NG \/ XF \/ XG \/ XG+ &#8211; Vepro 4413S. Wil je jouw DAF Next Gen een krachtigere uitstraling geven zonder dat je grote aanpassingen hoeft te doen? Dan is de Hoekschilden set DAF NG Vepro 4413S precies wat je zoekt. Deze vuilafstoters zijn speciaal ontworpen voor de nieuwste generatie DAF [&hellip;]<\/p>","protected":false},"featured_media":32406,"comment_status":"open","ping_status":"closed","template":"","meta":{"_acf_changed":false,"site-sidebar-layout":"default","site-content-layout":"default","ast-site-content-layout":"default","site-content-style":"default","site-sidebar-style":"default","ast-global-header-display":"","ast-banner-title-visibility":"","ast-main-header-display":"","ast-hfb-above-header-display":"","ast-hfb-below-header-display":"","ast-hfb-mobile-header-display":"","site-post-title":"","ast-breadcrumbs-content":"","ast-featured-img":"","footer-sml-layout":"","ast-disable-related-posts":"","theme-transparent-header-meta":"default","adv-header-id-meta":"","stick-header-meta":"","header-above-stick-meta":"","header-main-stick-meta":"","header-below-stick-meta":"","astra-migrate-meta-layouts":"set","ast-page-background-enabled":"default","ast-page-background-meta":{"desktop":{"background-color":"","background-image":"","background-repeat":"repeat","background-position":"center center","background-size":"auto","background-attachment":"scroll","background-type":"","background-media":"","overlay-type":"","overlay-color":"","overlay-opacity":"","overlay-gradient":""},"tablet":{"background-color":"","background-image":"","background-repeat":"repeat","background-position":"center center","background-size":"auto","background-attachment":"scroll","background-type":"","background-media":"","overlay-type":"","overlay-color":"","overlay-opacity":"","overlay-gradient":""},"mobile":{"background-color":"","background-image":"","background-repeat":"repeat","background-position":"center center","background-size":"auto","background-attachment":"scroll","background-type":"","background-media":"","overlay-type":"","overlay-color":"","overlay-opacity":"","overlay-gradient":""}},"ast-content-background-meta":{"desktop":{"background-color":"var(--ast-global-color-5)","background-image":"","background-repeat":"repeat","background-position":"center center","background-size":"auto","background-attachment":"scroll","background-type":"","background-media":"","overlay-type":"","overlay-color":"","overlay-opacity":"","overlay-gradient":""},"tablet":{"background-color":"var(--ast-global-color-5)","background-image":"","background-repeat":"repeat","background-position":"center center","background-size":"auto","background-attachment":"scroll","background-type":"","background-media":"","overlay-type":"","overlay-color":"","overlay-opacity":"","overlay-gradient":""},"mobile":{"background-color":"var(--ast-global-color-5)","background-image":"","background-repeat":"repeat","background-position":"center center","background-size":"auto","background-attachment":"scroll","background-type":"","background-media":"","overlay-type":"","overlay-color":"","overlay-opacity":"","overlay-gradient":""}}},"product_brand":[],"product_cat":[7540],"product_tag":[],"class_list":{"0":"post-32318","1":"product","2":"type-product","3":"status-publish","4":"has-post-thumbnail","6":"product_cat-hoekschilden","7":"pa_merkk-vepro","8":"desktop-align-left","9":"tablet-align-left","10":"mobile-align-left","12":"first","13":"instock","14":"taxable","15":"shipping-taxable","16":"purchasable","17":"product-type-simple"},"acf":[],"yoast_head":"<!-- This site is optimized with the Yoast SEO Premium plugin v26.5 (Yoast SEO v26.5) - https:\/\/yoast.com\/wordpress\/plugins\/seo\/ -->\n<title>Hoekschilden set DAF NG - Truckned - vuilafstoter met eenvoudige montage<\/title>\n<meta name=\"description\" content=\"Hoekschilden set DAF NG - DAF XF - XG - XG+ 2022+ - Vepro 4413S - Montagehandleiding - ABS-PMMA - Stoere uitstraling - Truckstyling\" \/>\n<meta name=\"robots\" content=\"index, follow, max-snippet:-1, max-image-preview:large, max-video-preview:-1\" \/>\n<link rel=\"canonical\" href=\"https:\/\/truckned.nl\/de\/produkt\/hoekschilden-set-daf-ng-vepro-4413s\/\" \/>\n<meta property=\"og:locale\" content=\"de_DE\" \/>\n<meta property=\"og:type\" content=\"article\" \/>\n<meta property=\"og:title\" content=\"Hoekschilden set DAF NG - Truckned - vuilafstoter met eenvoudige montage\" \/>\n<meta property=\"og:description\" content=\"Hoekschilden set DAF NG - DAF XF - XG - XG+ 2022+ - Vepro 4413S - Montagehandleiding - ABS-PMMA - Stoere uitstraling - Truckstyling\" \/>\n<meta property=\"og:url\" content=\"https:\/\/truckned.nl\/de\/produkt\/hoekschilden-set-daf-ng-vepro-4413s\/\" \/>\n<meta property=\"og:site_name\" content=\"Truckned\" \/>\n<meta property=\"article:publisher\" content=\"https:\/\/www.facebook.com\/truckned\/\" \/>\n<meta property=\"article:modified_time\" content=\"2026-05-06T11:06:11+00:00\" \/>\n<meta property=\"og:image\" content=\"https:\/\/truckned.nl\/wp-content\/uploads\/2025\/07\/TN-284413.-.png\" \/>\n\t<meta property=\"og:image:width\" content=\"800\" \/>\n\t<meta property=\"og:image:height\" content=\"800\" \/>\n\t<meta property=\"og:image:type\" content=\"image\/png\" \/>\n<meta name=\"twitter:label1\" content=\"Preis\" \/>\n\t<meta name=\"twitter:data1\" content=\"&euro;195,00\" \/>\n\t<meta name=\"twitter:label2\" content=\"Verf\u00fcgbarkeit\" \/>\n\t<meta name=\"twitter:data2\" content=\"Auf Lager\" \/>\n<script type=\"application\/ld+json\" class=\"yoast-schema-graph\">{\"@context\":\"https:\/\/schema.org\",\"@graph\":[{\"@type\":[\"WebPage\",\"ItemPage\"],\"@id\":\"https:\/\/truckned.nl\/product\/hoekschilden-set-daf-ng-vepro-4413s\/\",\"url\":\"https:\/\/truckned.nl\/product\/hoekschilden-set-daf-ng-vepro-4413s\/\",\"name\":\"Hoekschilden set DAF NG - Truckned - vuilafstoter met eenvoudige montage\",\"isPartOf\":{\"@id\":\"https:\/\/truckned.nl\/nl\/#website\"},\"primaryImageOfPage\":{\"@id\":\"https:\/\/truckned.nl\/product\/hoekschilden-set-daf-ng-vepro-4413s\/#primaryimage\"},\"image\":{\"@id\":\"https:\/\/truckned.nl\/product\/hoekschilden-set-daf-ng-vepro-4413s\/#primaryimage\"},\"thumbnailUrl\":\"https:\/\/truckned.nl\/wp-content\/uploads\/2025\/07\/TN-284413.-.png\",\"datePublished\":\"2023-10-14T12:00:50+00:00\",\"dateModified\":\"2026-05-06T11:06:11+00:00\",\"description\":\"Hoekschilden set DAF NG - DAF XF - XG - XG+ 2022+ - Vepro 4413S - Montagehandleiding - ABS-PMMA - Stoere uitstraling - Truckstyling\",\"breadcrumb\":{\"@id\":\"https:\/\/truckned.nl\/product\/hoekschilden-set-daf-ng-vepro-4413s\/#breadcrumb\"},\"inLanguage\":\"de\",\"potentialAction\":[{\"@type\":\"ReadAction\",\"target\":[\"https:\/\/truckned.nl\/product\/hoekschilden-set-daf-ng-vepro-4413s\/\"]}]},{\"@type\":\"ImageObject\",\"inLanguage\":\"de\",\"@id\":\"https:\/\/truckned.nl\/product\/hoekschilden-set-daf-ng-vepro-4413s\/#primaryimage\",\"url\":\"https:\/\/truckned.nl\/wp-content\/uploads\/2025\/07\/TN-284413.-.png\",\"contentUrl\":\"https:\/\/truckned.nl\/wp-content\/uploads\/2025\/07\/TN-284413.-.png\",\"width\":800,\"height\":800,\"caption\":\"Hoekschilden set DAF NG - Geschikt voor DAF XF - XG - XG+ 2022+ - Vepro 4413S -Montagehandleiding - ABS-PMMA - Truckstyling\"},{\"@type\":\"BreadcrumbList\",\"@id\":\"https:\/\/truckned.nl\/product\/hoekschilden-set-daf-ng-vepro-4413s\/#breadcrumb\",\"itemListElement\":[{\"@type\":\"ListItem\",\"position\":1,\"name\":\"Home\",\"item\":\"https:\/\/truckned.nl\/\"},{\"@type\":\"ListItem\",\"position\":2,\"name\":\"Shop\",\"item\":\"https:\/\/truckned.nl\/nl\/shop\/\"},{\"@type\":\"ListItem\",\"position\":3,\"name\":\"Cabine - buitenzijde\",\"item\":\"https:\/\/truckned.nl\/nl\/product-categorie\/cabine-buitenzijde\/\"},{\"@type\":\"ListItem\",\"position\":4,\"name\":\"Hoekschilden\",\"item\":\"https:\/\/truckned.nl\/nl\/product-categorie\/cabine-buitenzijde\/hoekschilden\/\"},{\"@type\":\"ListItem\",\"position\":5,\"name\":\"Hoekschilden set DAF NG &#8211; Vepro 4413S\"}]},{\"@type\":\"WebSite\",\"@id\":\"https:\/\/truckned.nl\/nl\/#website\",\"url\":\"https:\/\/truckned.nl\/nl\/\",\"name\":\"Truckned\",\"description\":\"\",\"publisher\":{\"@id\":\"https:\/\/truckned.nl\/nl\/#organization\"},\"potentialAction\":[{\"@type\":\"SearchAction\",\"target\":{\"@type\":\"EntryPoint\",\"urlTemplate\":\"https:\/\/truckned.nl\/nl\/?s={search_term_string}\"},\"query-input\":{\"@type\":\"PropertyValueSpecification\",\"valueRequired\":true,\"valueName\":\"search_term_string\"}}],\"inLanguage\":\"de\"},{\"@type\":\"Organization\",\"@id\":\"https:\/\/truckned.nl\/nl\/#organization\",\"name\":\"Truckned\",\"url\":\"https:\/\/truckned.nl\/nl\/\",\"logo\":{\"@type\":\"ImageObject\",\"inLanguage\":\"de\",\"@id\":\"https:\/\/truckned.nl\/nl\/#\/schema\/logo\/image\/\",\"url\":\"https:\/\/truckned.nl\/wp-content\/uploads\/2022\/10\/800x800-Truckned-logo-zonder-tekst-ZWART.png\",\"contentUrl\":\"https:\/\/truckned.nl\/wp-content\/uploads\/2022\/10\/800x800-Truckned-logo-zonder-tekst-ZWART.png\",\"width\":801,\"height\":801,\"caption\":\"Truckned\"},\"image\":{\"@id\":\"https:\/\/truckned.nl\/nl\/#\/schema\/logo\/image\/\"},\"sameAs\":[\"https:\/\/www.facebook.com\/truckned\/\",\"https:\/\/www.instagram.com\/truckned\/\"],\"vatID\":\"NL863960509B01\",\"taxID\":\"86417487\",\"hasMerchantReturnPolicy\":{\"@type\":\"MerchantReturnPolicy\",\"merchantReturnLink\":\"https:\/\/truckned.nl\/de\/versand-rucksendungen\/\"}}]}<\/script>\n<meta property=\"product:brand\" content=\"Vepro\" \/>\n<meta property=\"product:price:amount\" content=\"195.00\" \/>\n<meta property=\"product:price:currency\" content=\"EUR\" \/>\n<meta property=\"og:availability\" content=\"instock\" \/>\n<meta property=\"product:availability\" content=\"instock\" \/>\n<meta property=\"product:retailer_item_id\" content=\"TN-284413\" \/>\n<meta property=\"product:condition\" content=\"new\" \/>\n<!-- \/ Yoast SEO Premium plugin. -->","yoast_head_json":{"title":"Windabweiser DAF NG - Truckned - Windabweiser mit einfacher Montage","description":"Windabweiser DAF NG \u2013 DAF XF \u2013 XG \u2013 XG+ 2022+ \u2013 Vepro 4413S \u2013 Installationsanleitung \u2013 ABS-PMMA \u2013 Coole Optik \u2013 Truck-Styling","robots":{"index":"index","follow":"follow","max-snippet":"max-snippet:-1","max-image-preview":"max-image-preview:large","max-video-preview":"max-video-preview:-1"},"canonical":"https:\/\/truckned.nl\/de\/produkt\/hoekschilden-set-daf-ng-vepro-4413s\/","og_locale":"de_DE","og_type":"article","og_title":"Hoekschilden set DAF NG - Truckned - vuilafstoter met eenvoudige montage","og_description":"Hoekschilden set DAF NG - DAF XF - XG - XG+ 2022+ - Vepro 4413S - Montagehandleiding - ABS-PMMA - Stoere uitstraling - Truckstyling","og_url":"https:\/\/truckned.nl\/de\/produkt\/hoekschilden-set-daf-ng-vepro-4413s\/","og_site_name":"Truckned","article_publisher":"https:\/\/www.facebook.com\/truckned\/","article_modified_time":"2026-05-06T11:06:11+00:00","og_image":[{"width":800,"height":800,"url":"https:\/\/truckned.nl\/wp-content\/uploads\/2025\/07\/TN-284413.-.png","type":"image\/png"}],"twitter_misc":{"Preis":"&euro;195,00","Verf\u00fcgbarkeit":"Auf Lager"},"schema":{"@context":"https:\/\/schema.org","@graph":[{"@type":["WebPage","ItemPage"],"@id":"https:\/\/truckned.nl\/product\/hoekschilden-set-daf-ng-vepro-4413s\/","url":"https:\/\/truckned.nl\/product\/hoekschilden-set-daf-ng-vepro-4413s\/","name":"Windabweiser DAF NG - Truckned - Windabweiser mit einfacher Montage","isPartOf":{"@id":"https:\/\/truckned.nl\/nl\/#website"},"primaryImageOfPage":{"@id":"https:\/\/truckned.nl\/product\/hoekschilden-set-daf-ng-vepro-4413s\/#primaryimage"},"image":{"@id":"https:\/\/truckned.nl\/product\/hoekschilden-set-daf-ng-vepro-4413s\/#primaryimage"},"thumbnailUrl":"https:\/\/truckned.nl\/wp-content\/uploads\/2025\/07\/TN-284413.-.png","datePublished":"2023-10-14T12:00:50+00:00","dateModified":"2026-05-06T11:06:11+00:00","description":"Windabweiser DAF NG \u2013 DAF XF \u2013 XG \u2013 XG+ 2022+ \u2013 Vepro 4413S \u2013 Installationsanleitung \u2013 ABS-PMMA \u2013 Coole Optik \u2013 Truck-Styling","breadcrumb":{"@id":"https:\/\/truckned.nl\/product\/hoekschilden-set-daf-ng-vepro-4413s\/#breadcrumb"},"inLanguage":"de","potentialAction":[{"@type":"ReadAction","target":["https:\/\/truckned.nl\/product\/hoekschilden-set-daf-ng-vepro-4413s\/"]}]},{"@type":"ImageObject","inLanguage":"de","@id":"https:\/\/truckned.nl\/product\/hoekschilden-set-daf-ng-vepro-4413s\/#primaryimage","url":"https:\/\/truckned.nl\/wp-content\/uploads\/2025\/07\/TN-284413.-.png","contentUrl":"https:\/\/truckned.nl\/wp-content\/uploads\/2025\/07\/TN-284413.-.png","width":800,"height":800,"caption":"Hoekschilden set DAF NG - Geschikt voor DAF XF - XG - XG+ 2022+ - Vepro 4413S -Montagehandleiding - ABS-PMMA - Truckstyling"},{"@type":"BreadcrumbList","@id":"https:\/\/truckned.nl\/product\/hoekschilden-set-daf-ng-vepro-4413s\/#breadcrumb","itemListElement":[{"@type":"ListItem","position":1,"name":"Home","item":"https:\/\/truckned.nl\/"},{"@type":"ListItem","position":2,"name":"Shop","item":"https:\/\/truckned.nl\/nl\/shop\/"},{"@type":"ListItem","position":3,"name":"Cabine - buitenzijde","item":"https:\/\/truckned.nl\/nl\/product-categorie\/cabine-buitenzijde\/"},{"@type":"ListItem","position":4,"name":"Hoekschilden","item":"https:\/\/truckned.nl\/nl\/product-categorie\/cabine-buitenzijde\/hoekschilden\/"},{"@type":"ListItem","position":5,"name":"Hoekschilden set DAF NG &#8211; Vepro 4413S"}]},{"@type":"WebSite","@id":"https:\/\/truckned.nl\/nl\/#website","url":"https:\/\/truckned.nl\/nl\/","name":"Truckned","description":"","publisher":{"@id":"https:\/\/truckned.nl\/nl\/#organization"},"potentialAction":[{"@type":"SearchAction","target":{"@type":"EntryPoint","urlTemplate":"https:\/\/truckned.nl\/nl\/?s={search_term_string}"},"query-input":{"@type":"PropertyValueSpecification","valueRequired":true,"valueName":"search_term_string"}}],"inLanguage":"de"},{"@type":"Organization","@id":"https:\/\/truckned.nl\/nl\/#organization","name":"Truckned","url":"https:\/\/truckned.nl\/nl\/","logo":{"@type":"ImageObject","inLanguage":"de","@id":"https:\/\/truckned.nl\/nl\/#\/schema\/logo\/image\/","url":"https:\/\/truckned.nl\/wp-content\/uploads\/2022\/10\/800x800-Truckned-logo-zonder-tekst-ZWART.png","contentUrl":"https:\/\/truckned.nl\/wp-content\/uploads\/2022\/10\/800x800-Truckned-logo-zonder-tekst-ZWART.png","width":801,"height":801,"caption":"Truckned"},"image":{"@id":"https:\/\/truckned.nl\/nl\/#\/schema\/logo\/image\/"},"sameAs":["https:\/\/www.facebook.com\/truckned\/","https:\/\/www.instagram.com\/truckned\/"],"vatID":"NL863960509B01","taxID":"86417487","hasMerchantReturnPolicy":{"@type":"MerchantReturnPolicy","merchantReturnLink":"https:\/\/truckned.nl\/de\/versand-rucksendungen\/"}}]},"product_brand":"Vepro","product_price_amount":"195.00","product_price_currency":"EUR","og_availability":"instock","product_availability":"instock","product_retailer_item_id":"TN-284413","product_condition":"new"},"_links":{"self":[{"href":"https:\/\/truckned.nl\/de\/wp-json\/wp\/v2\/product\/32318","targetHints":{"allow":["GET"]}}],"collection":[{"href":"https:\/\/truckned.nl\/de\/wp-json\/wp\/v2\/product"}],"about":[{"href":"https:\/\/truckned.nl\/de\/wp-json\/wp\/v2\/types\/product"}],"replies":[{"embeddable":true,"href":"https:\/\/truckned.nl\/de\/wp-json\/wp\/v2\/comments?post=32318"}],"wp:featuredmedia":[{"embeddable":true,"href":"https:\/\/truckned.nl\/de\/wp-json\/wp\/v2\/media\/32406"}],"wp:attachment":[{"href":"https:\/\/truckned.nl\/de\/wp-json\/wp\/v2\/media?parent=32318"}],"wp:term":[{"taxonomy":"product_brand","embeddable":true,"href":"https:\/\/truckned.nl\/de\/wp-json\/wp\/v2\/product_brand?post=32318"},{"taxonomy":"product_cat","embeddable":true,"href":"https:\/\/truckned.nl\/de\/wp-json\/wp\/v2\/product_cat?post=32318"},{"taxonomy":"product_tag","embeddable":true,"href":"https:\/\/truckned.nl\/de\/wp-json\/wp\/v2\/product_tag?post=32318"}],"curies":[{"name":"wp","href":"https:\/\/api.w.org\/{rel}","templated":true}]}}