{"id":32459,"date":"2023-11-14T08:35:05","date_gmt":"2023-11-14T07:35:05","guid":{"rendered":"https:\/\/truckned.nl\/?post_type=product&#038;p=32459"},"modified":"2026-02-13T13:58:25","modified_gmt":"2026-02-13T12:58:25","slug":"strands-siberia-xp-driving-light-7","status":"publish","type":"product","link":"https:\/\/truckned.nl\/de\/produkt\/strands-siberia-xp-driving-light-7\/","title":{"rendered":"Strands Siberia XP Driving Light 7 Zoll"},"content":{"rendered":"<p><span style=\"color: #000000;\"><strong>Strands Siberia XP Driving Light 7 Zoll, f\u00fcr 12 und 24 Volt.\u00a0<\/strong><\/span><\/p>\n<p><span style=\"color: #000000;\">Suchen Sie maximale Lichtleistung und ein markantes Design f\u00fcr Ihren Lkw, Gel\u00e4ndewagen oder Ihr Nutzfahrzeug? Der Strands Siberia XP-Fahrscheinwerfer (7 Zoll) liefert im Xperience-Modus beeindruckende 5710 Lumen und leuchtet bis zu 660 Meter weit. Auch im E-Modus \u00fcberzeugt dieser LED-Scheinwerfer mit hervorragender Leistung und sorgt so f\u00fcr optimale Sichtverh\u00e4ltnisse \u2013 sowohl auf der Stra\u00dfe als auch im Gel\u00e4nde.<\/span><\/p>\n<p><span style=\"color: #000000;\">Ein echter Hingucker ist die duale Positionslichtfunktion in Wei\u00df und Gelb, erg\u00e4nzt durch die spielerische \u201eHello\u201c-Funktion. Beim Einschalten des Lichts begr\u00fc\u00dft Sie die Leuchte mit einem kurzen, stylischen Blinkmuster. Sie reagiert auch sofort auf ein kurzes Aufblinken des Fernlichts \u2013 ideal, um im Stra\u00dfenverkehr gut sichtbar zu sein. Der Siberia XP Fahrscheinwerfer ist mit einem DT-4-Anschluss und einem 15 cm langen Kabel ausgestattet. Das Geh\u00e4use besteht aus robustem Aluminium mit einer widerstandsf\u00e4higen Pulverbeschichtung, w\u00e4hrend die kratzfeste Linse die Leuchte vor Steinschlag und Schmutz sch\u00fctzt. Dank der Schutzart IP68\/IP69K ist dieser Scheinwerfer vollst\u00e4ndig wasser- und staubdicht und funktioniert somit auch unter h\u00e4rtesten Wetter- und Arbeitsbedingungen einwandfrei.<\/span><\/p>\n<h5><span style=\"color: #000000;\"><strong>Abmessungen:<\/strong><\/span><\/h5>\n<p><span style=\"color: #000000;\">Sie m\u00f6chten sichergehen, dass der Siberia XP Driving Light 7-Zoll-Scheinwerfer perfekt zu Ihrem Fahrzeug passt? Dann sind die Abmessungen wichtig. Deshalb haben wir die genauen Ma\u00dfe f\u00fcr Sie nachfolgend aufgelistet:<\/span><\/p>\n<ul>\n<li><span style=\"color: #000000;\">H\u00f6he: 178 (194,1 mm inkl. Halter)<\/span><\/li>\n<li><span style=\"color: #000000;\">Durchmesser: 178 mm<\/span><\/li>\n<li><span style=\"color: #000000;\">Dicke: 78,2 mm<\/span><\/li>\n<\/ul>\n<p><span style=\"color: #000000;\"><strong style=\"font-size: 19.2px;\">Andere Modelle:<br \/>\n<\/strong>Gef\u00e4llt Ihnen ein LED-Scheinwerfer von Strands, Sie bevorzugen aber eine andere Gr\u00f6\u00dfe oder Spezifikation als der Siberia XP Driving Light 7 Zoll? Kein Problem. Dieses Modell ist auch in einer gr\u00f6\u00dferen Version erh\u00e4ltlich, sodass Sie immer die perfekte Erg\u00e4nzung f\u00fcr Ihr Fahrzeug finden.<\/span><\/p>\n<ul>\n<li><span style=\"color: #000000;\"><a style=\"color: #000000;\" href=\"https:\/\/truckned.nl\/de\/produkt\/strands-siberia-xp-driving-light-9\/\"><strong>Siberia XP Driving Light 9 Zoll<\/strong><\/a><\/span><\/li>\n<\/ul>\n<p><span style=\"color: #000000;\">Noch unsicher? Vielleicht suchen Sie nach einer etwas anderen Wattzahl, Lichtleistung oder einem anderen Design. Dann schauen Sie sich unser komplettes Sortiment an. <a style=\"color: #000000;\" href=\"https:\/\/truckned.nl\/de\/produkt-kategorie\/verstralers\/\" target=\"_blank\" rel=\"noopener\">Scheinwerfer<\/a> und erkunden Sie alle Optionen. Wahrscheinlich finden Sie dort das ideale Modell, nach dem Sie suchen.<\/span><\/p>","protected":false},"excerpt":{"rendered":"<p>Strands Siberia XP Driving Light 7 inch, voor 12 en 24 volt.\u00a0 Op zoek naar maximale lichtopbrengst en een opvallend design voor je vrachtwagen, terreinwagen of werkvoertuig? De Strands Siberia XP Driving Light 7 inch levert in Xperience-modus maar liefst 5710 lumen en schijnt tot wel 660 meter ver. Ook in de E-mode presteert deze [&hellip;]<\/p>","protected":false},"featured_media":32461,"comment_status":"open","ping_status":"closed","template":"","meta":{"_acf_changed":false,"site-sidebar-layout":"default","site-content-layout":"default","ast-site-content-layout":"default","site-content-style":"default","site-sidebar-style":"default","ast-global-header-display":"","ast-banner-title-visibility":"","ast-main-header-display":"","ast-hfb-above-header-display":"","ast-hfb-below-header-display":"","ast-hfb-mobile-header-display":"","site-post-title":"","ast-breadcrumbs-content":"","ast-featured-img":"","footer-sml-layout":"","ast-disable-related-posts":"","theme-transparent-header-meta":"default","adv-header-id-meta":"","stick-header-meta":"","header-above-stick-meta":"","header-main-stick-meta":"","header-below-stick-meta":"","astra-migrate-meta-layouts":"set","ast-page-background-enabled":"default","ast-page-background-meta":{"desktop":{"background-color":"","background-image":"","background-repeat":"repeat","background-position":"center center","background-size":"auto","background-attachment":"scroll","background-type":"","background-media":"","overlay-type":"","overlay-color":"","overlay-opacity":"","overlay-gradient":""},"tablet":{"background-color":"","background-image":"","background-repeat":"repeat","background-position":"center center","background-size":"auto","background-attachment":"scroll","background-type":"","background-media":"","overlay-type":"","overlay-color":"","overlay-opacity":"","overlay-gradient":""},"mobile":{"background-color":"","background-image":"","background-repeat":"repeat","background-position":"center center","background-size":"auto","background-attachment":"scroll","background-type":"","background-media":"","overlay-type":"","overlay-color":"","overlay-opacity":"","overlay-gradient":""}},"ast-content-background-meta":{"desktop":{"background-color":"var(--ast-global-color-5)","background-image":"","background-repeat":"repeat","background-position":"center center","background-size":"auto","background-attachment":"scroll","background-type":"","background-media":"","overlay-type":"","overlay-color":"","overlay-opacity":"","overlay-gradient":""},"tablet":{"background-color":"var(--ast-global-color-5)","background-image":"","background-repeat":"repeat","background-position":"center center","background-size":"auto","background-attachment":"scroll","background-type":"","background-media":"","overlay-type":"","overlay-color":"","overlay-opacity":"","overlay-gradient":""},"mobile":{"background-color":"var(--ast-global-color-5)","background-image":"","background-repeat":"repeat","background-position":"center center","background-size":"auto","background-attachment":"scroll","background-type":"","background-media":"","overlay-type":"","overlay-color":"","overlay-opacity":"","overlay-gradient":""}}},"product_brand":[],"product_cat":[7906],"product_tag":[],"class_list":{"0":"post-32459","1":"product","2":"type-product","3":"status-publish","4":"has-post-thumbnail","6":"product_cat-verstraler-rond","7":"pa_merkk-product-strands-lighting-division","8":"desktop-align-left","9":"tablet-align-left","10":"mobile-align-left","12":"first","13":"instock","14":"taxable","15":"shipping-taxable","16":"purchasable","17":"product-type-simple"},"acf":[],"yoast_head":"<!-- This site is optimized with the Yoast SEO Premium plugin v26.5 (Yoast SEO v26.5) - https:\/\/yoast.com\/wordpress\/plugins\/seo\/ -->\n<title>Siberia XP Driving Light 7 inch - Strands verstraler - Truckned - voor 12 &amp; 24 volt<\/title>\n<meta name=\"description\" content=\"Siberia XP Driving light 7 inch - Strands - geschikt voor 12&amp;24V - 5710 Lumen! - verstraler met geel - wit standlicht - DT-4 aansluiting - ECE R148 \/ R149\" \/>\n<meta name=\"robots\" content=\"index, follow, max-snippet:-1, max-image-preview:large, max-video-preview:-1\" \/>\n<link rel=\"canonical\" href=\"https:\/\/truckned.nl\/de\/produkt\/strands-siberia-xp-driving-light-7\/\" \/>\n<meta property=\"og:locale\" content=\"de_DE\" \/>\n<meta property=\"og:type\" content=\"article\" \/>\n<meta property=\"og:title\" content=\"Siberia XP Driving Light 7 inch - Strands verstraler - Truckned - voor 12 &amp; 24 volt\" \/>\n<meta property=\"og:description\" content=\"Siberia XP Driving light 7 inch - Strands - geschikt voor 12&amp;24V - 5710 Lumen! - verstraler met geel - wit standlicht - DT-4 aansluiting - ECE R148 \/ R149\" \/>\n<meta property=\"og:url\" content=\"https:\/\/truckned.nl\/de\/produkt\/strands-siberia-xp-driving-light-7\/\" \/>\n<meta property=\"og:site_name\" content=\"Truckned\" \/>\n<meta property=\"article:publisher\" content=\"https:\/\/www.facebook.com\/truckned\/\" \/>\n<meta property=\"article:modified_time\" content=\"2026-02-13T12:58:25+00:00\" \/>\n<meta property=\"og:image\" content=\"https:\/\/truckned.nl\/wp-content\/uploads\/2025\/08\/TN-270985-SM.png\" \/>\n\t<meta property=\"og:image:width\" content=\"800\" \/>\n\t<meta property=\"og:image:height\" content=\"800\" \/>\n\t<meta property=\"og:image:type\" content=\"image\/png\" \/>\n<meta name=\"twitter:label1\" content=\"Preis\" \/>\n\t<meta name=\"twitter:data1\" content=\"&euro;189,00\" \/>\n\t<meta name=\"twitter:label2\" content=\"Verf\u00fcgbarkeit\" \/>\n\t<meta name=\"twitter:data2\" content=\"Auf Lager\" \/>\n<script type=\"application\/ld+json\" class=\"yoast-schema-graph\">{\"@context\":\"https:\/\/schema.org\",\"@graph\":[{\"@type\":[\"WebPage\",\"ItemPage\"],\"@id\":\"https:\/\/truckned.nl\/product\/strands-siberia-xp-driving-light-7\/\",\"url\":\"https:\/\/truckned.nl\/product\/strands-siberia-xp-driving-light-7\/\",\"name\":\"Siberia XP Driving Light 7 inch - Strands verstraler - Truckned - voor 12 & 24 volt\",\"isPartOf\":{\"@id\":\"https:\/\/truckned.nl\/nl\/#website\"},\"primaryImageOfPage\":{\"@id\":\"https:\/\/truckned.nl\/product\/strands-siberia-xp-driving-light-7\/#primaryimage\"},\"image\":{\"@id\":\"https:\/\/truckned.nl\/product\/strands-siberia-xp-driving-light-7\/#primaryimage\"},\"thumbnailUrl\":\"https:\/\/truckned.nl\/wp-content\/uploads\/2025\/08\/TN-270985.png\",\"datePublished\":\"2023-11-14T07:35:05+00:00\",\"dateModified\":\"2026-02-13T12:58:25+00:00\",\"description\":\"Siberia XP Driving light 7 inch - Strands - geschikt voor 12&24V - 5710 Lumen! - verstraler met geel - wit standlicht - DT-4 aansluiting - ECE R148 \/ R149\",\"breadcrumb\":{\"@id\":\"https:\/\/truckned.nl\/product\/strands-siberia-xp-driving-light-7\/#breadcrumb\"},\"inLanguage\":\"de\",\"potentialAction\":[{\"@type\":\"ReadAction\",\"target\":[\"https:\/\/truckned.nl\/product\/strands-siberia-xp-driving-light-7\/\"]}]},{\"@type\":\"ImageObject\",\"inLanguage\":\"de\",\"@id\":\"https:\/\/truckned.nl\/product\/strands-siberia-xp-driving-light-7\/#primaryimage\",\"url\":\"https:\/\/truckned.nl\/wp-content\/uploads\/2025\/08\/TN-270985.png\",\"contentUrl\":\"https:\/\/truckned.nl\/wp-content\/uploads\/2025\/08\/TN-270985.png\",\"width\":800,\"height\":800,\"caption\":\"Siberia XP Driving Light 7 inch verstraler - tweekleurig standlicht - geschikt voor 12 en \/ of 24 volt gebruik - Strands 270985 - 16 LED punten - EAN: 7323030193294\"},{\"@type\":\"BreadcrumbList\",\"@id\":\"https:\/\/truckned.nl\/product\/strands-siberia-xp-driving-light-7\/#breadcrumb\",\"itemListElement\":[{\"@type\":\"ListItem\",\"position\":1,\"name\":\"Home\",\"item\":\"https:\/\/truckned.nl\/\"},{\"@type\":\"ListItem\",\"position\":2,\"name\":\"Shop\",\"item\":\"https:\/\/truckned.nl\/nl\/shop\/\"},{\"@type\":\"ListItem\",\"position\":3,\"name\":\"Verstralers\",\"item\":\"https:\/\/truckned.nl\/product-categorie\/verstralers\/\"},{\"@type\":\"ListItem\",\"position\":4,\"name\":\"Verstraler rond\",\"item\":\"https:\/\/truckned.nl\/product-categorie\/verstralers\/verstraler-rond\/\"},{\"@type\":\"ListItem\",\"position\":5,\"name\":\"Strands Siberia XP Driving Light 7 inch\"}]},{\"@type\":\"WebSite\",\"@id\":\"https:\/\/truckned.nl\/nl\/#website\",\"url\":\"https:\/\/truckned.nl\/nl\/\",\"name\":\"Truckned\",\"description\":\"\",\"publisher\":{\"@id\":\"https:\/\/truckned.nl\/nl\/#organization\"},\"potentialAction\":[{\"@type\":\"SearchAction\",\"target\":{\"@type\":\"EntryPoint\",\"urlTemplate\":\"https:\/\/truckned.nl\/nl\/?s={search_term_string}\"},\"query-input\":{\"@type\":\"PropertyValueSpecification\",\"valueRequired\":true,\"valueName\":\"search_term_string\"}}],\"inLanguage\":\"de\"},{\"@type\":\"Organization\",\"@id\":\"https:\/\/truckned.nl\/nl\/#organization\",\"name\":\"Truckned\",\"url\":\"https:\/\/truckned.nl\/nl\/\",\"logo\":{\"@type\":\"ImageObject\",\"inLanguage\":\"de\",\"@id\":\"https:\/\/truckned.nl\/nl\/#\/schema\/logo\/image\/\",\"url\":\"https:\/\/truckned.nl\/wp-content\/uploads\/2022\/10\/800x800-Truckned-logo-zonder-tekst-ZWART.png\",\"contentUrl\":\"https:\/\/truckned.nl\/wp-content\/uploads\/2022\/10\/800x800-Truckned-logo-zonder-tekst-ZWART.png\",\"width\":801,\"height\":801,\"caption\":\"Truckned\"},\"image\":{\"@id\":\"https:\/\/truckned.nl\/nl\/#\/schema\/logo\/image\/\"},\"sameAs\":[\"https:\/\/www.facebook.com\/truckned\/\",\"https:\/\/www.instagram.com\/truckned\/\"],\"vatID\":\"NL863960509B01\",\"taxID\":\"86417487\",\"hasMerchantReturnPolicy\":{\"@type\":\"MerchantReturnPolicy\",\"merchantReturnLink\":\"https:\/\/truckned.nl\/de\/versand-rucksendungen\/\"}}]}<\/script>\n<meta property=\"product:brand\" content=\"Strands\" \/>\n<meta property=\"product:price:amount\" content=\"189.00\" \/>\n<meta property=\"product:price:currency\" content=\"EUR\" \/>\n<meta property=\"og:availability\" content=\"instock\" \/>\n<meta property=\"product:availability\" content=\"instock\" \/>\n<meta property=\"product:retailer_item_id\" content=\"TN-270985\" \/>\n<meta property=\"product:condition\" content=\"new\" \/>\n<!-- \/ Yoast SEO Premium plugin. -->","yoast_head_json":{"title":"Siberia XP Fahrscheinwerfer 7 Zoll - Strands Scheinwerfer - Truckned - f\u00fcr 12 und 24 Volt","description":"Siberia XP Driving light 7 Zoll - Strands - passend f\u00fcr 12&amp;24V - 5710 Lumen! - Fernscheinwerfer mit gelb - wei\u00df standlicht - DT-4 Anschluss - ECE R148 \/ R149","robots":{"index":"index","follow":"follow","max-snippet":"max-snippet:-1","max-image-preview":"max-image-preview:large","max-video-preview":"max-video-preview:-1"},"canonical":"https:\/\/truckned.nl\/de\/produkt\/strands-siberia-xp-driving-light-7\/","og_locale":"de_DE","og_type":"article","og_title":"Siberia XP Driving Light 7 inch - Strands verstraler - Truckned - voor 12 & 24 volt","og_description":"Siberia XP Driving light 7 inch - Strands - geschikt voor 12&24V - 5710 Lumen! - verstraler met geel - wit standlicht - DT-4 aansluiting - ECE R148 \/ R149","og_url":"https:\/\/truckned.nl\/de\/produkt\/strands-siberia-xp-driving-light-7\/","og_site_name":"Truckned","article_publisher":"https:\/\/www.facebook.com\/truckned\/","article_modified_time":"2026-02-13T12:58:25+00:00","og_image":[{"width":800,"height":800,"url":"https:\/\/truckned.nl\/wp-content\/uploads\/2025\/08\/TN-270985-SM.png","type":"image\/png"}],"twitter_misc":{"Preis":"&euro;189,00","Verf\u00fcgbarkeit":"Auf Lager"},"schema":{"@context":"https:\/\/schema.org","@graph":[{"@type":["WebPage","ItemPage"],"@id":"https:\/\/truckned.nl\/product\/strands-siberia-xp-driving-light-7\/","url":"https:\/\/truckned.nl\/product\/strands-siberia-xp-driving-light-7\/","name":"Siberia XP Fahrscheinwerfer 7 Zoll - Strands Scheinwerfer - Truckned - f\u00fcr 12 und 24 Volt","isPartOf":{"@id":"https:\/\/truckned.nl\/nl\/#website"},"primaryImageOfPage":{"@id":"https:\/\/truckned.nl\/product\/strands-siberia-xp-driving-light-7\/#primaryimage"},"image":{"@id":"https:\/\/truckned.nl\/product\/strands-siberia-xp-driving-light-7\/#primaryimage"},"thumbnailUrl":"https:\/\/truckned.nl\/wp-content\/uploads\/2025\/08\/TN-270985.png","datePublished":"2023-11-14T07:35:05+00:00","dateModified":"2026-02-13T12:58:25+00:00","description":"Siberia XP Driving light 7 Zoll - Strands - passend f\u00fcr 12&amp;24V - 5710 Lumen! - Fernscheinwerfer mit gelb - wei\u00df standlicht - DT-4 Anschluss - ECE R148 \/ R149","breadcrumb":{"@id":"https:\/\/truckned.nl\/product\/strands-siberia-xp-driving-light-7\/#breadcrumb"},"inLanguage":"de","potentialAction":[{"@type":"ReadAction","target":["https:\/\/truckned.nl\/product\/strands-siberia-xp-driving-light-7\/"]}]},{"@type":"ImageObject","inLanguage":"de","@id":"https:\/\/truckned.nl\/product\/strands-siberia-xp-driving-light-7\/#primaryimage","url":"https:\/\/truckned.nl\/wp-content\/uploads\/2025\/08\/TN-270985.png","contentUrl":"https:\/\/truckned.nl\/wp-content\/uploads\/2025\/08\/TN-270985.png","width":800,"height":800,"caption":"Siberia XP Driving Light 7 inch verstraler - tweekleurig standlicht - geschikt voor 12 en \/ of 24 volt gebruik - Strands 270985 - 16 LED punten - EAN: 7323030193294"},{"@type":"BreadcrumbList","@id":"https:\/\/truckned.nl\/product\/strands-siberia-xp-driving-light-7\/#breadcrumb","itemListElement":[{"@type":"ListItem","position":1,"name":"Home","item":"https:\/\/truckned.nl\/"},{"@type":"ListItem","position":2,"name":"Shop","item":"https:\/\/truckned.nl\/nl\/shop\/"},{"@type":"ListItem","position":3,"name":"Verstralers","item":"https:\/\/truckned.nl\/product-categorie\/verstralers\/"},{"@type":"ListItem","position":4,"name":"Verstraler rond","item":"https:\/\/truckned.nl\/product-categorie\/verstralers\/verstraler-rond\/"},{"@type":"ListItem","position":5,"name":"Strands Siberia XP Driving Light 7 inch"}]},{"@type":"WebSite","@id":"https:\/\/truckned.nl\/nl\/#website","url":"https:\/\/truckned.nl\/nl\/","name":"Truckned","description":"","publisher":{"@id":"https:\/\/truckned.nl\/nl\/#organization"},"potentialAction":[{"@type":"SearchAction","target":{"@type":"EntryPoint","urlTemplate":"https:\/\/truckned.nl\/nl\/?s={search_term_string}"},"query-input":{"@type":"PropertyValueSpecification","valueRequired":true,"valueName":"search_term_string"}}],"inLanguage":"de"},{"@type":"Organization","@id":"https:\/\/truckned.nl\/nl\/#organization","name":"Truckned","url":"https:\/\/truckned.nl\/nl\/","logo":{"@type":"ImageObject","inLanguage":"de","@id":"https:\/\/truckned.nl\/nl\/#\/schema\/logo\/image\/","url":"https:\/\/truckned.nl\/wp-content\/uploads\/2022\/10\/800x800-Truckned-logo-zonder-tekst-ZWART.png","contentUrl":"https:\/\/truckned.nl\/wp-content\/uploads\/2022\/10\/800x800-Truckned-logo-zonder-tekst-ZWART.png","width":801,"height":801,"caption":"Truckned"},"image":{"@id":"https:\/\/truckned.nl\/nl\/#\/schema\/logo\/image\/"},"sameAs":["https:\/\/www.facebook.com\/truckned\/","https:\/\/www.instagram.com\/truckned\/"],"vatID":"NL863960509B01","taxID":"86417487","hasMerchantReturnPolicy":{"@type":"MerchantReturnPolicy","merchantReturnLink":"https:\/\/truckned.nl\/de\/versand-rucksendungen\/"}}]},"product_brand":"Strands","product_price_amount":"189.00","product_price_currency":"EUR","og_availability":"instock","product_availability":"instock","product_retailer_item_id":"TN-270985","product_condition":"new"},"_links":{"self":[{"href":"https:\/\/truckned.nl\/de\/wp-json\/wp\/v2\/product\/32459","targetHints":{"allow":["GET"]}}],"collection":[{"href":"https:\/\/truckned.nl\/de\/wp-json\/wp\/v2\/product"}],"about":[{"href":"https:\/\/truckned.nl\/de\/wp-json\/wp\/v2\/types\/product"}],"replies":[{"embeddable":true,"href":"https:\/\/truckned.nl\/de\/wp-json\/wp\/v2\/comments?post=32459"}],"wp:featuredmedia":[{"embeddable":true,"href":"https:\/\/truckned.nl\/de\/wp-json\/wp\/v2\/media\/32461"}],"wp:attachment":[{"href":"https:\/\/truckned.nl\/de\/wp-json\/wp\/v2\/media?parent=32459"}],"wp:term":[{"taxonomy":"product_brand","embeddable":true,"href":"https:\/\/truckned.nl\/de\/wp-json\/wp\/v2\/product_brand?post=32459"},{"taxonomy":"product_cat","embeddable":true,"href":"https:\/\/truckned.nl\/de\/wp-json\/wp\/v2\/product_cat?post=32459"},{"taxonomy":"product_tag","embeddable":true,"href":"https:\/\/truckned.nl\/de\/wp-json\/wp\/v2\/product_tag?post=32459"}],"curies":[{"name":"wp","href":"https:\/\/api.w.org\/{rel}","templated":true}]}}