{"id":32508,"date":"2023-11-14T13:28:09","date_gmt":"2023-11-14T12:28:09","guid":{"rendered":"https:\/\/truckned.nl\/?post_type=product&#038;p=32508"},"modified":"2026-03-28T02:44:16","modified_gmt":"2026-03-28T01:44:16","slug":"strands-big-energy-9-inch","status":"publish","type":"product","link":"https:\/\/truckned.nl\/de\/produkt\/strands-big-energy-9-inch\/","title":{"rendered":"Strands Big Energy 9 Zoll"},"content":{"rendered":"<p><span style=\"color: #000000\"><strong>Strands Big Energy 9 Zoll Scheinwerfer, f\u00fcr 12 und 24 Volt.\u00a0<\/strong><\/span><\/p>\n<p><span style=\"color: #000000\">Suchen Sie einen leistungsstarken LED-Scheinwerfer, der Ihrem Fahrzeug maximale Sichtbarkeit und einen robusten Look verleiht? Dann ist der Strands Big Energy 9-Zoll-Scheinwerfer genau das Richtige f\u00fcr Sie. Mit 18 LED und 13.500 Lumen liefert er einen breiten und hellen Lichtstrahl, perfekt f\u00fcr dunkle Stra\u00dfen und unwegsames Gel\u00e4nde.<\/span><\/p>\n<p><span style=\"color: #000000\">Die zweifarbige standlicht bietet wahlweise ein Ring- oder Streifenmuster in Wei\u00df oder Bernstein und l\u00e4sst Ihr Fahrzeug sofort hervorstechen. Dank 12-Volt- und 24-Volt-Betrieb eignet sich diese Leuchte f\u00fcr Pkw, Lkw, Wohnmobile und landwirtschaftliche Fahrzeuge. Dank der Schutzklassen IP68 und IP69K ist sie vollst\u00e4ndig staub- und wasserdicht, sodass Sie sich bei jedem Wetter auf h\u00f6chste Qualit\u00e4t verlassen k\u00f6nnen. Auch die Montage ist kinderleicht. Die Leuchte wird mit Edelstahl-Montagematerial und einem DT-4-Anschlusskabel geliefert und erm\u00f6glicht so eine schnelle und sichere Montage. So vereinen sich kraftvolle Beleuchtung, Langlebigkeit und stilvolles Design m\u00fchelos in einem.<\/span><\/p>\n<h5><span style=\"color: #000000\"><strong>Abmessungen:<\/strong><\/span><\/h5>\n<p><span style=\"color: #000000\">Sie m\u00f6chten sichergehen, dass der Strands Big Energy 9-Zoll-Scheinwerfer perfekt zu Ihrem Fahrzeug passt? Dann sind die Abmessungen entscheidend. Pr\u00fcfen Sie die Ma\u00dfe daher unbedingt vorab genau. So wissen Sie genau, ob sich die Leuchte problemlos montieren l\u00e4sst und das Design Ihres LKWs, SUVs oder Nutzfahrzeugs optimal erg\u00e4nzt. Deshalb haben wir die genauen Ma\u00dfe f\u00fcr Sie nachfolgend aufgelistet:<\/span><\/p>\n<ul>\n<li><span style=\"color: #000000\">H\u00f6he: 199 (213,7 mm inkl. Halter)<\/span><\/li>\n<li><span style=\"color: #000000\">Durchmesser: 179,94 mm<\/span><\/li>\n<li><span style=\"color: #000000\">Dicke: 216 mm<\/span><\/li>\n<\/ul>\n<p><span style=\"color: #000000\"><strong style=\"font-size: 19.2px\">Andere Modelle:<br \/>\n<\/strong>Sie m\u00f6chten einen LED-Scheinwerfer vom Typ Strands, bevorzugen aber eine andere Gr\u00f6\u00dfe oder Spezifikation als den Big Energy 9-Zoll-Scheinwerfer? Kein Problem. Dieses Modell ist auch in einer kleineren Version erh\u00e4ltlich, sodass Sie immer die perfekte Erg\u00e4nzung f\u00fcr Ihr Fahrzeug finden.<\/span><\/p>\n<ul>\n<li><a href=\"https:\/\/truckned.nl\/de\/produkt\/strands-big-energy-7-inch\/\"><span style=\"color: #000000\"><span style=\"color: #000000\"><b>Strands Big Energy 7\u2033<\/b><\/span><\/span><\/a><\/li>\n<\/ul>\n<p><span style=\"color: #000000\">Noch unsicher? Vielleicht suchen Sie nach einer etwas anderen Wattzahl, Lichtleistung oder einem anderen Design. Dann schauen Sie sich unser komplettes Sortiment an. <a style=\"color: #000000\" href=\"https:\/\/truckned.nl\/de\/produkt-kategorie\/verstralers\/\" target=\"_blank\" rel=\"noopener\">Scheinwerfer<\/a> und erkunden Sie alle Optionen. Wahrscheinlich finden Sie dort das ideale Modell, nach dem Sie suchen.<\/span><\/p>","protected":false},"excerpt":{"rendered":"<p>Strands Big Energy 9 inch verstraler, voor 12 en 24 volt.\u00a0 Zoek je een krachtige LED verstraler die jouw voertuig voorziet van maximaal zicht \u00e9n een stoere uitstraling? Dan is de Strands Big Energy 9 inch verstraler precies wat je nodig hebt. Met 18 LED\u2019s en 13.500 lumen levert hij een breed en helder lichtbeeld, [&hellip;]<\/p>","protected":false},"featured_media":32509,"comment_status":"open","ping_status":"closed","template":"","meta":{"_acf_changed":false,"site-sidebar-layout":"default","site-content-layout":"default","ast-site-content-layout":"default","site-content-style":"default","site-sidebar-style":"default","ast-global-header-display":"","ast-banner-title-visibility":"","ast-main-header-display":"","ast-hfb-above-header-display":"","ast-hfb-below-header-display":"","ast-hfb-mobile-header-display":"","site-post-title":"","ast-breadcrumbs-content":"","ast-featured-img":"","footer-sml-layout":"","ast-disable-related-posts":"","theme-transparent-header-meta":"default","adv-header-id-meta":"","stick-header-meta":"","header-above-stick-meta":"","header-main-stick-meta":"","header-below-stick-meta":"","astra-migrate-meta-layouts":"set","ast-page-background-enabled":"default","ast-page-background-meta":{"desktop":{"background-color":"","background-image":"","background-repeat":"repeat","background-position":"center center","background-size":"auto","background-attachment":"scroll","background-type":"","background-media":"","overlay-type":"","overlay-color":"","overlay-opacity":"","overlay-gradient":""},"tablet":{"background-color":"","background-image":"","background-repeat":"repeat","background-position":"center center","background-size":"auto","background-attachment":"scroll","background-type":"","background-media":"","overlay-type":"","overlay-color":"","overlay-opacity":"","overlay-gradient":""},"mobile":{"background-color":"","background-image":"","background-repeat":"repeat","background-position":"center center","background-size":"auto","background-attachment":"scroll","background-type":"","background-media":"","overlay-type":"","overlay-color":"","overlay-opacity":"","overlay-gradient":""}},"ast-content-background-meta":{"desktop":{"background-color":"var(--ast-global-color-5)","background-image":"","background-repeat":"repeat","background-position":"center center","background-size":"auto","background-attachment":"scroll","background-type":"","background-media":"","overlay-type":"","overlay-color":"","overlay-opacity":"","overlay-gradient":""},"tablet":{"background-color":"var(--ast-global-color-5)","background-image":"","background-repeat":"repeat","background-position":"center center","background-size":"auto","background-attachment":"scroll","background-type":"","background-media":"","overlay-type":"","overlay-color":"","overlay-opacity":"","overlay-gradient":""},"mobile":{"background-color":"var(--ast-global-color-5)","background-image":"","background-repeat":"repeat","background-position":"center center","background-size":"auto","background-attachment":"scroll","background-type":"","background-media":"","overlay-type":"","overlay-color":"","overlay-opacity":"","overlay-gradient":""}}},"product_brand":[],"product_cat":[7906],"product_tag":[],"class_list":{"0":"post-32508","1":"product","2":"type-product","3":"status-publish","4":"has-post-thumbnail","6":"product_cat-verstraler-rond","7":"pa_merkk-product-strands-lighting-division","8":"desktop-align-left","9":"tablet-align-left","10":"mobile-align-left","12":"first","13":"outofstock","14":"taxable","15":"shipping-taxable","16":"purchasable","17":"product-type-simple"},"acf":[],"yoast_head":"<!-- This site is optimized with the Yoast SEO Premium plugin v26.5 (Yoast SEO v26.5) - https:\/\/yoast.com\/wordpress\/plugins\/seo\/ -->\n<title>Strands Big Energy 9 inch - Truckned - voor 12 &amp; 24 volt<\/title>\n<meta name=\"description\" content=\"Big Energy 9 inch - Strands - geschikt voor 12&amp;24V- 13.500 Lumen! - verstraler met oranje - wit standlicht - DT-4 aansluiting - ECE R148 \/ R149\" \/>\n<meta name=\"robots\" content=\"index, follow, max-snippet:-1, max-image-preview:large, max-video-preview:-1\" \/>\n<link rel=\"canonical\" href=\"https:\/\/truckned.nl\/de\/produkt\/strands-big-energy-9-inch\/\" \/>\n<meta property=\"og:locale\" content=\"de_DE\" \/>\n<meta property=\"og:type\" content=\"article\" \/>\n<meta property=\"og:title\" content=\"Strands Big Energy 9 inch - Truckned - voor 12 &amp; 24 volt\" \/>\n<meta property=\"og:description\" content=\"Big Energy 9 inch - Strands - geschikt voor 12&amp;24V- 13.500 Lumen! - verstraler met oranje - wit standlicht - DT-4 aansluiting - ECE R148 \/ R149\" \/>\n<meta property=\"og:url\" content=\"https:\/\/truckned.nl\/de\/produkt\/strands-big-energy-9-inch\/\" \/>\n<meta property=\"og:site_name\" content=\"Truckned\" \/>\n<meta property=\"article:publisher\" content=\"https:\/\/www.facebook.com\/truckned\/\" \/>\n<meta property=\"article:modified_time\" content=\"2026-03-28T01:44:16+00:00\" \/>\n<meta property=\"og:image\" content=\"https:\/\/truckned.nl\/wp-content\/uploads\/2025\/08\/TN-270976-SM.png\" \/>\n\t<meta property=\"og:image:width\" content=\"800\" \/>\n\t<meta property=\"og:image:height\" content=\"800\" \/>\n\t<meta property=\"og:image:type\" content=\"image\/png\" \/>\n<meta name=\"twitter:label1\" content=\"Preis\" \/>\n\t<meta name=\"twitter:data1\" content=\"&euro;149,00\" \/>\n\t<meta name=\"twitter:label2\" content=\"Verf\u00fcgbarkeit\" \/>\n\t<meta name=\"twitter:data2\" content=\"ausverkauft\" \/>\n<script type=\"application\/ld+json\" class=\"yoast-schema-graph\">{\"@context\":\"https:\/\/schema.org\",\"@graph\":[{\"@type\":[\"WebPage\",\"ItemPage\"],\"@id\":\"https:\/\/truckned.nl\/product\/strands-big-energy-9-inch\/\",\"url\":\"https:\/\/truckned.nl\/product\/strands-big-energy-9-inch\/\",\"name\":\"Strands Big Energy 9 inch - Truckned - voor 12 & 24 volt\",\"isPartOf\":{\"@id\":\"https:\/\/truckned.nl\/nl\/#website\"},\"primaryImageOfPage\":{\"@id\":\"https:\/\/truckned.nl\/product\/strands-big-energy-9-inch\/#primaryimage\"},\"image\":{\"@id\":\"https:\/\/truckned.nl\/product\/strands-big-energy-9-inch\/#primaryimage\"},\"thumbnailUrl\":\"https:\/\/truckned.nl\/wp-content\/uploads\/2025\/08\/TN-270976.png\",\"datePublished\":\"2023-11-14T12:28:09+00:00\",\"dateModified\":\"2026-03-28T01:44:16+00:00\",\"description\":\"Big Energy 9 inch - Strands - geschikt voor 12&24V- 13.500 Lumen! - verstraler met oranje - wit standlicht - DT-4 aansluiting - ECE R148 \/ R149\",\"breadcrumb\":{\"@id\":\"https:\/\/truckned.nl\/product\/strands-big-energy-9-inch\/#breadcrumb\"},\"inLanguage\":\"de\",\"potentialAction\":[{\"@type\":\"ReadAction\",\"target\":[\"https:\/\/truckned.nl\/product\/strands-big-energy-9-inch\/\"]}]},{\"@type\":\"ImageObject\",\"inLanguage\":\"de\",\"@id\":\"https:\/\/truckned.nl\/product\/strands-big-energy-9-inch\/#primaryimage\",\"url\":\"https:\/\/truckned.nl\/wp-content\/uploads\/2025\/08\/TN-270976.png\",\"contentUrl\":\"https:\/\/truckned.nl\/wp-content\/uploads\/2025\/08\/TN-270976.png\",\"width\":800,\"height\":800,\"caption\":\"Strands Big Energy 9 inch verstraler - tweekleurig standlicht - geschikt voor 12 en \/ of 24 volt gebruik - Strands 270976 - 18 LED punten - EAN: 7323030190194\"},{\"@type\":\"BreadcrumbList\",\"@id\":\"https:\/\/truckned.nl\/product\/strands-big-energy-9-inch\/#breadcrumb\",\"itemListElement\":[{\"@type\":\"ListItem\",\"position\":1,\"name\":\"Home\",\"item\":\"https:\/\/truckned.nl\/\"},{\"@type\":\"ListItem\",\"position\":2,\"name\":\"Shop\",\"item\":\"https:\/\/truckned.nl\/nl\/shop\/\"},{\"@type\":\"ListItem\",\"position\":3,\"name\":\"Verstralers\",\"item\":\"https:\/\/truckned.nl\/product-categorie\/verstralers\/\"},{\"@type\":\"ListItem\",\"position\":4,\"name\":\"Verstraler rond\",\"item\":\"https:\/\/truckned.nl\/product-categorie\/verstralers\/verstraler-rond\/\"},{\"@type\":\"ListItem\",\"position\":5,\"name\":\"Strands Big Energy 9 inch\"}]},{\"@type\":\"WebSite\",\"@id\":\"https:\/\/truckned.nl\/nl\/#website\",\"url\":\"https:\/\/truckned.nl\/nl\/\",\"name\":\"Truckned\",\"description\":\"\",\"publisher\":{\"@id\":\"https:\/\/truckned.nl\/nl\/#organization\"},\"potentialAction\":[{\"@type\":\"SearchAction\",\"target\":{\"@type\":\"EntryPoint\",\"urlTemplate\":\"https:\/\/truckned.nl\/nl\/?s={search_term_string}\"},\"query-input\":{\"@type\":\"PropertyValueSpecification\",\"valueRequired\":true,\"valueName\":\"search_term_string\"}}],\"inLanguage\":\"de\"},{\"@type\":\"Organization\",\"@id\":\"https:\/\/truckned.nl\/nl\/#organization\",\"name\":\"Truckned\",\"url\":\"https:\/\/truckned.nl\/nl\/\",\"logo\":{\"@type\":\"ImageObject\",\"inLanguage\":\"de\",\"@id\":\"https:\/\/truckned.nl\/nl\/#\/schema\/logo\/image\/\",\"url\":\"https:\/\/truckned.nl\/wp-content\/uploads\/2022\/10\/800x800-Truckned-logo-zonder-tekst-ZWART.png\",\"contentUrl\":\"https:\/\/truckned.nl\/wp-content\/uploads\/2022\/10\/800x800-Truckned-logo-zonder-tekst-ZWART.png\",\"width\":801,\"height\":801,\"caption\":\"Truckned\"},\"image\":{\"@id\":\"https:\/\/truckned.nl\/nl\/#\/schema\/logo\/image\/\"},\"sameAs\":[\"https:\/\/www.facebook.com\/truckned\/\",\"https:\/\/www.instagram.com\/truckned\/\"],\"vatID\":\"NL863960509B01\",\"taxID\":\"86417487\",\"hasMerchantReturnPolicy\":{\"@type\":\"MerchantReturnPolicy\",\"merchantReturnLink\":\"https:\/\/truckned.nl\/de\/versand-rucksendungen\/\"}}]}<\/script>\n<meta property=\"product:brand\" content=\"Strands\" \/>\n<meta property=\"product:price:amount\" content=\"149.00\" \/>\n<meta property=\"product:price:currency\" content=\"EUR\" \/>\n<meta property=\"og:availability\" content=\"out of stock\" \/>\n<meta property=\"product:availability\" content=\"out of stock\" \/>\n<meta property=\"product:retailer_item_id\" content=\"TN-270976\" \/>\n<meta property=\"product:condition\" content=\"new\" \/>\n<!-- \/ Yoast SEO Premium plugin. -->","yoast_head_json":{"title":"Strands Big Energy 9 Zoll - Truckned - f\u00fcr 12 &amp; 24 Volt","description":"Big Energy 9 Zoll Strands - kompatibel mit 12&amp;24V - 13.500 Lumen! - Scheinwerfer mit orange und wei\u00df standlicht - DT-4 Anschluss - ECE R148\/R149","robots":{"index":"index","follow":"follow","max-snippet":"max-snippet:-1","max-image-preview":"max-image-preview:large","max-video-preview":"max-video-preview:-1"},"canonical":"https:\/\/truckned.nl\/de\/produkt\/strands-big-energy-9-inch\/","og_locale":"de_DE","og_type":"article","og_title":"Strands Big Energy 9 inch - Truckned - voor 12 & 24 volt","og_description":"Big Energy 9 inch - Strands - geschikt voor 12&24V- 13.500 Lumen! - verstraler met oranje - wit standlicht - DT-4 aansluiting - ECE R148 \/ R149","og_url":"https:\/\/truckned.nl\/de\/produkt\/strands-big-energy-9-inch\/","og_site_name":"Truckned","article_publisher":"https:\/\/www.facebook.com\/truckned\/","article_modified_time":"2026-03-28T01:44:16+00:00","og_image":[{"width":800,"height":800,"url":"https:\/\/truckned.nl\/wp-content\/uploads\/2025\/08\/TN-270976-SM.png","type":"image\/png"}],"twitter_misc":{"Preis":"&euro;149,00","Verf\u00fcgbarkeit":"ausverkauft"},"schema":{"@context":"https:\/\/schema.org","@graph":[{"@type":["WebPage","ItemPage"],"@id":"https:\/\/truckned.nl\/product\/strands-big-energy-9-inch\/","url":"https:\/\/truckned.nl\/product\/strands-big-energy-9-inch\/","name":"Strands Big Energy 9 Zoll - Truckned - f\u00fcr 12 &amp; 24 Volt","isPartOf":{"@id":"https:\/\/truckned.nl\/nl\/#website"},"primaryImageOfPage":{"@id":"https:\/\/truckned.nl\/product\/strands-big-energy-9-inch\/#primaryimage"},"image":{"@id":"https:\/\/truckned.nl\/product\/strands-big-energy-9-inch\/#primaryimage"},"thumbnailUrl":"https:\/\/truckned.nl\/wp-content\/uploads\/2025\/08\/TN-270976.png","datePublished":"2023-11-14T12:28:09+00:00","dateModified":"2026-03-28T01:44:16+00:00","description":"Big Energy 9 Zoll Strands - kompatibel mit 12&amp;24V - 13.500 Lumen! - Scheinwerfer mit orange und wei\u00df standlicht - DT-4 Anschluss - ECE R148\/R149","breadcrumb":{"@id":"https:\/\/truckned.nl\/product\/strands-big-energy-9-inch\/#breadcrumb"},"inLanguage":"de","potentialAction":[{"@type":"ReadAction","target":["https:\/\/truckned.nl\/product\/strands-big-energy-9-inch\/"]}]},{"@type":"ImageObject","inLanguage":"de","@id":"https:\/\/truckned.nl\/product\/strands-big-energy-9-inch\/#primaryimage","url":"https:\/\/truckned.nl\/wp-content\/uploads\/2025\/08\/TN-270976.png","contentUrl":"https:\/\/truckned.nl\/wp-content\/uploads\/2025\/08\/TN-270976.png","width":800,"height":800,"caption":"Strands Big Energy 9 inch verstraler - tweekleurig standlicht - geschikt voor 12 en \/ of 24 volt gebruik - Strands 270976 - 18 LED punten - EAN: 7323030190194"},{"@type":"BreadcrumbList","@id":"https:\/\/truckned.nl\/product\/strands-big-energy-9-inch\/#breadcrumb","itemListElement":[{"@type":"ListItem","position":1,"name":"Home","item":"https:\/\/truckned.nl\/"},{"@type":"ListItem","position":2,"name":"Shop","item":"https:\/\/truckned.nl\/nl\/shop\/"},{"@type":"ListItem","position":3,"name":"Verstralers","item":"https:\/\/truckned.nl\/product-categorie\/verstralers\/"},{"@type":"ListItem","position":4,"name":"Verstraler rond","item":"https:\/\/truckned.nl\/product-categorie\/verstralers\/verstraler-rond\/"},{"@type":"ListItem","position":5,"name":"Strands Big Energy 9 inch"}]},{"@type":"WebSite","@id":"https:\/\/truckned.nl\/nl\/#website","url":"https:\/\/truckned.nl\/nl\/","name":"Truckned","description":"","publisher":{"@id":"https:\/\/truckned.nl\/nl\/#organization"},"potentialAction":[{"@type":"SearchAction","target":{"@type":"EntryPoint","urlTemplate":"https:\/\/truckned.nl\/nl\/?s={search_term_string}"},"query-input":{"@type":"PropertyValueSpecification","valueRequired":true,"valueName":"search_term_string"}}],"inLanguage":"de"},{"@type":"Organization","@id":"https:\/\/truckned.nl\/nl\/#organization","name":"Truckned","url":"https:\/\/truckned.nl\/nl\/","logo":{"@type":"ImageObject","inLanguage":"de","@id":"https:\/\/truckned.nl\/nl\/#\/schema\/logo\/image\/","url":"https:\/\/truckned.nl\/wp-content\/uploads\/2022\/10\/800x800-Truckned-logo-zonder-tekst-ZWART.png","contentUrl":"https:\/\/truckned.nl\/wp-content\/uploads\/2022\/10\/800x800-Truckned-logo-zonder-tekst-ZWART.png","width":801,"height":801,"caption":"Truckned"},"image":{"@id":"https:\/\/truckned.nl\/nl\/#\/schema\/logo\/image\/"},"sameAs":["https:\/\/www.facebook.com\/truckned\/","https:\/\/www.instagram.com\/truckned\/"],"vatID":"NL863960509B01","taxID":"86417487","hasMerchantReturnPolicy":{"@type":"MerchantReturnPolicy","merchantReturnLink":"https:\/\/truckned.nl\/de\/versand-rucksendungen\/"}}]},"product_brand":"Strands","product_price_amount":"149.00","product_price_currency":"EUR","og_availability":"out of stock","product_availability":"out of stock","product_retailer_item_id":"TN-270976","product_condition":"new"},"_links":{"self":[{"href":"https:\/\/truckned.nl\/de\/wp-json\/wp\/v2\/product\/32508","targetHints":{"allow":["GET"]}}],"collection":[{"href":"https:\/\/truckned.nl\/de\/wp-json\/wp\/v2\/product"}],"about":[{"href":"https:\/\/truckned.nl\/de\/wp-json\/wp\/v2\/types\/product"}],"replies":[{"embeddable":true,"href":"https:\/\/truckned.nl\/de\/wp-json\/wp\/v2\/comments?post=32508"}],"wp:featuredmedia":[{"embeddable":true,"href":"https:\/\/truckned.nl\/de\/wp-json\/wp\/v2\/media\/32509"}],"wp:attachment":[{"href":"https:\/\/truckned.nl\/de\/wp-json\/wp\/v2\/media?parent=32508"}],"wp:term":[{"taxonomy":"product_brand","embeddable":true,"href":"https:\/\/truckned.nl\/de\/wp-json\/wp\/v2\/product_brand?post=32508"},{"taxonomy":"product_cat","embeddable":true,"href":"https:\/\/truckned.nl\/de\/wp-json\/wp\/v2\/product_cat?post=32508"},{"taxonomy":"product_tag","embeddable":true,"href":"https:\/\/truckned.nl\/de\/wp-json\/wp\/v2\/product_tag?post=32508"}],"curies":[{"name":"wp","href":"https:\/\/api.w.org\/{rel}","templated":true}]}}