{"id":32756,"date":"2025-02-03T21:40:51","date_gmt":"2025-02-03T20:40:51","guid":{"rendered":"https:\/\/truckned.nl\/?post_type=product&#038;p=32756"},"modified":"2026-04-13T08:50:04","modified_gmt":"2026-04-13T06:50:04","slug":"strands-for9t-gravity-positielicht-oranje","status":"publish","type":"product","link":"https:\/\/truckned.nl\/de\/produkt\/strands-for9t-gravity-positielicht-oranje\/","title":{"rendered":"Strands FOR9T Gravity Positionslicht orange"},"content":{"rendered":"<p><span style=\"color: #000000;\"><strong>Strands FOR9T Gravity Positionslicht ORANGE, f\u00fcr 12 &amp; 24 Volt.\u00a0<\/strong><\/span><\/p>\n<p><span style=\"color: #000000;\">Suchen Sie nach einer modernen orangefarbenen Positionsleuchte, die Ihrem Lkw oder Anh\u00e4nger sofort ein elegantes, professionelles Aussehen verleiht? Dann ist die orangefarbene Positionsleuchte Strands FOR9T Gravity die perfekte Wahl. Diese robuste Leuchte LED kombiniert robustes Design mit zuverl\u00e4ssiger schwedischer Qualit\u00e4t und wurde speziell f\u00fcr den intensiven Einsatz an Lkw und Anh\u00e4ngern entwickelt. Dank des 2,5 Meter langen Kabels k\u00f6nnen Sie sie zudem schnell, einfach und problemlos an Ihrem Fahrzeug installieren. So k\u00f6nnen Sie sofort loslegen und erhalten garantiert perfekten Sitz und sichere Befestigung.<\/span><\/p>\n<p><span style=\"color: #000000;\">Die FOR9T Gravity ist sowohl mit 12 als auch mit 24 Volt Spannung betriebsbereit und wird standardm\u00e4\u00dfig mit allen notwendigen Montageteilen geliefert. Dank der ECE R148-Zulassung k\u00f6nnen Sie sie problemlos als Begrenzungsleuchte verwenden. Die Schutzart IP67 gew\u00e4hrleistet zudem einen zuverl\u00e4ssigen Betrieb bei Regen, Schnee, Schlamm oder Staub. M\u00f6chten Sie die Leuchte an einem anderen Ort oder in einer anderen Position montieren? Kein Problem! Mit der optionalen stabilen Halterung k\u00f6nnen Sie sie einfach h\u00e4ngend oder in einer anderen Position montieren. So sind Sie nicht nur immer gut sichtbar, sondern verleihen Ihrem LKW oder Anh\u00e4nger auch einen coolen, professionellen Look.<\/span><\/p>\n<h5><span style=\"color: #000000;\"><strong>Abmessungen:<\/strong><\/span><\/h5>\n<p><span style=\"color: #000000;\">M\u00f6chten Sie sichergehen, dass die orangefarbene Positionsleuchte FOR9T Gravity f\u00fcr Ihr Fahrzeug geeignet ist? Nachfolgend haben wir die wichtigsten Spezifikationen aufgelistet. So sehen Sie auf einen Blick, ob dieses Modell f\u00fcr Ihren Einsatzzweck die richtige Wahl ist.<\/span><\/p>\n<ul>\n<li><span style=\"color: #000000;\">Geh\u00e4usedurchmesser: 151 mm<\/span><\/li>\n<li><span style=\"color: #000000;\">Lampendurchmesser: 114 mm\u00a0<\/span><\/li>\n<li><span style=\"color: #000000;\">Einbautiefe: 56 mm<\/span><\/li>\n<li><span style=\"color: #000000;\">HoH: 130 mm<\/span><\/li>\n<\/ul>\n<h5><span style=\"color: #000000;\"><strong>Andere Modelle:<\/strong><\/span><\/h5>\n<p><span style=\"color: #000000;\">Sie suchen eine LED-Gl\u00fchbirne aus der Strands FOR9T-Reihe, aber die FOR9T Gravity Position Light in ORANGE ist nicht ganz das Richtige f\u00fcr Sie? Kein Problem! Die FOR9T-Serie der Strands-Gl\u00fchbirnen bietet verschiedene weitere Modelle und Ausf\u00fchrungen, die speziell f\u00fcr LKW und Anh\u00e4nger entwickelt wurden. Nachfolgend finden Sie eine \u00dcbersicht \u00fcber die anderen Gl\u00fchlampen dieser Linie, damit Sie genau die passende f\u00fcr Ihr Fahrzeug ausw\u00e4hlen k\u00f6nnen.<\/span><\/p>\n<ul>\n<li><a href=\"https:\/\/truckned.nl\/de\/produkt\/strands-beugel-voor-scale-en-gravity-lamp\/\"><span style=\"color: #000000;\"><strong>Halter f\u00fcr Scale und Gravity Lampe\u00a0<\/strong><\/span><\/a><\/li>\n<li><a href=\"https:\/\/truckned.nl\/de\/produkt\/strands-for9t-gravity-positielicht-rood\/\"><span style=\"color: #000000;\"><strong>For9t Gravity rot<\/strong><\/span><\/a><\/li>\n<li><a href=\"https:\/\/truckned.nl\/de\/produkt\/strands-for9t-gravity-positielicht-wit\/\"><span style=\"color: #000000;\"><strong>For9t Gravity wei\u00df<\/strong><\/span><\/a><\/li>\n<\/ul>\n<p><span style=\"color: #000000;\">Ist die Positionsleuchte Strands FOR9T Gravity nicht ganz das, was Sie suchen? Vielleicht passen Form, Lichtleistung oder Design nicht zu Ihren Bed\u00fcrfnissen. Zum Gl\u00fcck bietet die Strands FOR9T-Serie viele weitere Optionen. Entdecken Sie hier das gesamte led-Sortiment und finden Sie die perfekte Leuchte, die Ihrem LKW, Wohnmobil oder Anh\u00e4nger den perfekten Look und die perfekte Funktionalit\u00e4t verleiht.<\/span><\/p>","protected":false},"excerpt":{"rendered":"<p>Strands FOR9T Gravity positielicht ORANJE, voor 12 &amp; 24 volt.\u00a0 Zoek je een modern oranje positielicht dat je truck of trailer direct een strakke, professionele uitstraling geeft? Dan is de Strands FOR9T Gravity positielamp oranje d\u00e9 keuze. Deze robuuste LED-lamp combineert stoer design met betrouwbare Zweedse kwaliteit en is speciaal ontwikkeld voor intensief gebruik op [&hellip;]<\/p>","protected":false},"featured_media":33408,"comment_status":"open","ping_status":"closed","template":"","meta":{"_acf_changed":false,"site-sidebar-layout":"default","site-content-layout":"default","ast-site-content-layout":"default","site-content-style":"default","site-sidebar-style":"default","ast-global-header-display":"","ast-banner-title-visibility":"","ast-main-header-display":"","ast-hfb-above-header-display":"","ast-hfb-below-header-display":"","ast-hfb-mobile-header-display":"","site-post-title":"","ast-breadcrumbs-content":"","ast-featured-img":"","footer-sml-layout":"","ast-disable-related-posts":"","theme-transparent-header-meta":"default","adv-header-id-meta":"","stick-header-meta":"","header-above-stick-meta":"","header-main-stick-meta":"","header-below-stick-meta":"","astra-migrate-meta-layouts":"set","ast-page-background-enabled":"default","ast-page-background-meta":{"desktop":{"background-color":"","background-image":"","background-repeat":"repeat","background-position":"center center","background-size":"auto","background-attachment":"scroll","background-type":"","background-media":"","overlay-type":"","overlay-color":"","overlay-opacity":"","overlay-gradient":""},"tablet":{"background-color":"","background-image":"","background-repeat":"repeat","background-position":"center center","background-size":"auto","background-attachment":"scroll","background-type":"","background-media":"","overlay-type":"","overlay-color":"","overlay-opacity":"","overlay-gradient":""},"mobile":{"background-color":"","background-image":"","background-repeat":"repeat","background-position":"center center","background-size":"auto","background-attachment":"scroll","background-type":"","background-media":"","overlay-type":"","overlay-color":"","overlay-opacity":"","overlay-gradient":""}},"ast-content-background-meta":{"desktop":{"background-color":"var(--ast-global-color-5)","background-image":"","background-repeat":"repeat","background-position":"center center","background-size":"auto","background-attachment":"scroll","background-type":"","background-media":"","overlay-type":"","overlay-color":"","overlay-opacity":"","overlay-gradient":""},"tablet":{"background-color":"var(--ast-global-color-5)","background-image":"","background-repeat":"repeat","background-position":"center center","background-size":"auto","background-attachment":"scroll","background-type":"","background-media":"","overlay-type":"","overlay-color":"","overlay-opacity":"","overlay-gradient":""},"mobile":{"background-color":"var(--ast-global-color-5)","background-image":"","background-repeat":"repeat","background-position":"center center","background-size":"auto","background-attachment":"scroll","background-type":"","background-media":"","overlay-type":"","overlay-color":"","overlay-opacity":"","overlay-gradient":""}}},"product_brand":[],"product_cat":[7529],"product_tag":[],"class_list":{"0":"post-32756","1":"product","2":"type-product","3":"status-publish","4":"has-post-thumbnail","6":"product_cat-verlichting-markeringslampen","7":"pa_merkk-product-strands-lighting-division","8":"desktop-align-left","9":"tablet-align-left","10":"mobile-align-left","12":"first","13":"instock","14":"taxable","15":"shipping-taxable","16":"purchasable","17":"product-type-simple"},"acf":[],"yoast_head":"<!-- This site is optimized with the Yoast SEO Premium plugin v26.5 (Yoast SEO v26.5) - https:\/\/yoast.com\/wordpress\/plugins\/seo\/ -->\n<title>Strands FOR9T Gravity positielicht oranje - Truckned - voor 12&amp;24 Volt<\/title>\n<meta name=\"description\" content=\"Strands FOR9T Gravity positielicht oranje - LED markeringslamp met ECE R148 keurmerk - met 2.5m aansluitkabel - SMOKE lens - vrachtwagen, trailer en meer\" \/>\n<meta name=\"robots\" content=\"index, follow, max-snippet:-1, max-image-preview:large, max-video-preview:-1\" \/>\n<link rel=\"canonical\" href=\"https:\/\/truckned.nl\/de\/produkt\/strands-for9t-gravity-positielicht-oranje\/\" \/>\n<meta property=\"og:locale\" content=\"de_DE\" \/>\n<meta property=\"og:type\" content=\"article\" \/>\n<meta property=\"og:title\" content=\"Strands FOR9T Gravity positielicht oranje - Truckned - voor 12&amp;24 Volt\" \/>\n<meta property=\"og:description\" content=\"Strands FOR9T Gravity positielicht oranje - LED markeringslamp met ECE R148 keurmerk - met 2.5m aansluitkabel - SMOKE lens - vrachtwagen, trailer en meer\" \/>\n<meta property=\"og:url\" content=\"https:\/\/truckned.nl\/de\/produkt\/strands-for9t-gravity-positielicht-oranje\/\" \/>\n<meta property=\"og:site_name\" content=\"Truckned\" \/>\n<meta property=\"article:publisher\" content=\"https:\/\/www.facebook.com\/truckned\/\" \/>\n<meta property=\"article:modified_time\" content=\"2026-04-13T06:50:04+00:00\" \/>\n<meta property=\"og:image\" content=\"https:\/\/truckned.nl\/wp-content\/uploads\/2025\/09\/TN-ADL850456-SM.png\" \/>\n\t<meta property=\"og:image:width\" content=\"800\" \/>\n\t<meta property=\"og:image:height\" content=\"800\" \/>\n\t<meta property=\"og:image:type\" content=\"image\/png\" \/>\n<meta name=\"twitter:label1\" content=\"Preis\" \/>\n\t<meta name=\"twitter:data1\" content=\"&euro;19,95\" \/>\n\t<meta name=\"twitter:label2\" content=\"Verf\u00fcgbarkeit\" \/>\n\t<meta name=\"twitter:data2\" content=\"Auf Lager\" \/>\n<script type=\"application\/ld+json\" class=\"yoast-schema-graph\">{\"@context\":\"https:\/\/schema.org\",\"@graph\":[{\"@type\":[\"WebPage\",\"ItemPage\"],\"@id\":\"https:\/\/truckned.nl\/product\/strands-for9t-gravity-positielicht-oranje\/\",\"url\":\"https:\/\/truckned.nl\/product\/strands-for9t-gravity-positielicht-oranje\/\",\"name\":\"Strands FOR9T Gravity positielicht oranje - Truckned - voor 12&24 Volt\",\"isPartOf\":{\"@id\":\"https:\/\/truckned.nl\/nl\/#website\"},\"primaryImageOfPage\":{\"@id\":\"https:\/\/truckned.nl\/product\/strands-for9t-gravity-positielicht-oranje\/#primaryimage\"},\"image\":{\"@id\":\"https:\/\/truckned.nl\/product\/strands-for9t-gravity-positielicht-oranje\/#primaryimage\"},\"thumbnailUrl\":\"https:\/\/truckned.nl\/wp-content\/uploads\/2025\/09\/TN-850456-00.png\",\"datePublished\":\"2025-02-03T20:40:51+00:00\",\"dateModified\":\"2026-04-13T06:50:04+00:00\",\"description\":\"Strands FOR9T Gravity positielicht oranje - LED markeringslamp met ECE R148 keurmerk - met 2.5m aansluitkabel - SMOKE lens - vrachtwagen, trailer en meer\",\"breadcrumb\":{\"@id\":\"https:\/\/truckned.nl\/product\/strands-for9t-gravity-positielicht-oranje\/#breadcrumb\"},\"inLanguage\":\"de\",\"potentialAction\":[{\"@type\":\"ReadAction\",\"target\":[\"https:\/\/truckned.nl\/product\/strands-for9t-gravity-positielicht-oranje\/\"]}]},{\"@type\":\"ImageObject\",\"inLanguage\":\"de\",\"@id\":\"https:\/\/truckned.nl\/product\/strands-for9t-gravity-positielicht-oranje\/#primaryimage\",\"url\":\"https:\/\/truckned.nl\/wp-content\/uploads\/2025\/09\/TN-850456-00.png\",\"contentUrl\":\"https:\/\/truckned.nl\/wp-content\/uploads\/2025\/09\/TN-850456-00.png\",\"width\":800,\"height\":800,\"caption\":\"850456\"},{\"@type\":\"BreadcrumbList\",\"@id\":\"https:\/\/truckned.nl\/product\/strands-for9t-gravity-positielicht-oranje\/#breadcrumb\",\"itemListElement\":[{\"@type\":\"ListItem\",\"position\":1,\"name\":\"Home\",\"item\":\"https:\/\/truckned.nl\/\"},{\"@type\":\"ListItem\",\"position\":2,\"name\":\"Shop\",\"item\":\"https:\/\/truckned.nl\/nl\/shop\/\"},{\"@type\":\"ListItem\",\"position\":3,\"name\":\"Verlichting\",\"item\":\"https:\/\/truckned.nl\/de\/produkt-kategorie\/verlichting\/\"},{\"@type\":\"ListItem\",\"position\":4,\"name\":\"Markeringslampen\",\"item\":\"https:\/\/truckned.nl\/nl\/product-categorie\/verlichting\/verlichting-markeringslampen\/\"},{\"@type\":\"ListItem\",\"position\":5,\"name\":\"Strands FOR9T Gravity positielicht oranje\"}]},{\"@type\":\"WebSite\",\"@id\":\"https:\/\/truckned.nl\/nl\/#website\",\"url\":\"https:\/\/truckned.nl\/nl\/\",\"name\":\"Truckned\",\"description\":\"\",\"publisher\":{\"@id\":\"https:\/\/truckned.nl\/nl\/#organization\"},\"potentialAction\":[{\"@type\":\"SearchAction\",\"target\":{\"@type\":\"EntryPoint\",\"urlTemplate\":\"https:\/\/truckned.nl\/nl\/?s={search_term_string}\"},\"query-input\":{\"@type\":\"PropertyValueSpecification\",\"valueRequired\":true,\"valueName\":\"search_term_string\"}}],\"inLanguage\":\"de\"},{\"@type\":\"Organization\",\"@id\":\"https:\/\/truckned.nl\/nl\/#organization\",\"name\":\"Truckned\",\"url\":\"https:\/\/truckned.nl\/nl\/\",\"logo\":{\"@type\":\"ImageObject\",\"inLanguage\":\"de\",\"@id\":\"https:\/\/truckned.nl\/nl\/#\/schema\/logo\/image\/\",\"url\":\"https:\/\/truckned.nl\/wp-content\/uploads\/2022\/10\/800x800-Truckned-logo-zonder-tekst-ZWART.png\",\"contentUrl\":\"https:\/\/truckned.nl\/wp-content\/uploads\/2022\/10\/800x800-Truckned-logo-zonder-tekst-ZWART.png\",\"width\":801,\"height\":801,\"caption\":\"Truckned\"},\"image\":{\"@id\":\"https:\/\/truckned.nl\/nl\/#\/schema\/logo\/image\/\"},\"sameAs\":[\"https:\/\/www.facebook.com\/truckned\/\",\"https:\/\/www.instagram.com\/truckned\/\"],\"vatID\":\"NL863960509B01\",\"taxID\":\"86417487\",\"hasMerchantReturnPolicy\":{\"@type\":\"MerchantReturnPolicy\",\"merchantReturnLink\":\"https:\/\/truckned.nl\/de\/versand-rucksendungen\/\"}}]}<\/script>\n<meta property=\"product:brand\" content=\"Strands\" \/>\n<meta property=\"product:price:amount\" content=\"19.95\" \/>\n<meta property=\"product:price:currency\" content=\"EUR\" \/>\n<meta property=\"og:availability\" content=\"instock\" \/>\n<meta property=\"product:availability\" content=\"instock\" \/>\n<meta property=\"product:retailer_item_id\" content=\"TN-850456\" \/>\n<meta property=\"product:condition\" content=\"new\" \/>\n<!-- \/ Yoast SEO Premium plugin. -->","yoast_head_json":{"title":"Strands FOR9T Gravity Positionslicht orange - Truckned - f\u00fcr 12&amp;24 Volt","description":"Strands FOR9T Gravity Positionsleuchte orange - LED Markierungsleuchte mit ECE R148 Pr\u00fcfzeichen - mit 2,5m Anschlusskabel - SMOKE Linse - LKW, Anh\u00e4nger und mehr","robots":{"index":"index","follow":"follow","max-snippet":"max-snippet:-1","max-image-preview":"max-image-preview:large","max-video-preview":"max-video-preview:-1"},"canonical":"https:\/\/truckned.nl\/de\/produkt\/strands-for9t-gravity-positielicht-oranje\/","og_locale":"de_DE","og_type":"article","og_title":"Strands FOR9T Gravity positielicht oranje - Truckned - voor 12&24 Volt","og_description":"Strands FOR9T Gravity positielicht oranje - LED markeringslamp met ECE R148 keurmerk - met 2.5m aansluitkabel - SMOKE lens - vrachtwagen, trailer en meer","og_url":"https:\/\/truckned.nl\/de\/produkt\/strands-for9t-gravity-positielicht-oranje\/","og_site_name":"Truckned","article_publisher":"https:\/\/www.facebook.com\/truckned\/","article_modified_time":"2026-04-13T06:50:04+00:00","og_image":[{"width":800,"height":800,"url":"https:\/\/truckned.nl\/wp-content\/uploads\/2025\/09\/TN-ADL850456-SM.png","type":"image\/png"}],"twitter_misc":{"Preis":"&euro;19,95","Verf\u00fcgbarkeit":"Auf Lager"},"schema":{"@context":"https:\/\/schema.org","@graph":[{"@type":["WebPage","ItemPage"],"@id":"https:\/\/truckned.nl\/product\/strands-for9t-gravity-positielicht-oranje\/","url":"https:\/\/truckned.nl\/product\/strands-for9t-gravity-positielicht-oranje\/","name":"Strands FOR9T Gravity Positionslicht orange - Truckned - f\u00fcr 12&amp;24 Volt","isPartOf":{"@id":"https:\/\/truckned.nl\/nl\/#website"},"primaryImageOfPage":{"@id":"https:\/\/truckned.nl\/product\/strands-for9t-gravity-positielicht-oranje\/#primaryimage"},"image":{"@id":"https:\/\/truckned.nl\/product\/strands-for9t-gravity-positielicht-oranje\/#primaryimage"},"thumbnailUrl":"https:\/\/truckned.nl\/wp-content\/uploads\/2025\/09\/TN-850456-00.png","datePublished":"2025-02-03T20:40:51+00:00","dateModified":"2026-04-13T06:50:04+00:00","description":"Strands FOR9T Gravity Positionsleuchte orange - LED Markierungsleuchte mit ECE R148 Pr\u00fcfzeichen - mit 2,5m Anschlusskabel - SMOKE Linse - LKW, Anh\u00e4nger und mehr","breadcrumb":{"@id":"https:\/\/truckned.nl\/product\/strands-for9t-gravity-positielicht-oranje\/#breadcrumb"},"inLanguage":"de","potentialAction":[{"@type":"ReadAction","target":["https:\/\/truckned.nl\/product\/strands-for9t-gravity-positielicht-oranje\/"]}]},{"@type":"ImageObject","inLanguage":"de","@id":"https:\/\/truckned.nl\/product\/strands-for9t-gravity-positielicht-oranje\/#primaryimage","url":"https:\/\/truckned.nl\/wp-content\/uploads\/2025\/09\/TN-850456-00.png","contentUrl":"https:\/\/truckned.nl\/wp-content\/uploads\/2025\/09\/TN-850456-00.png","width":800,"height":800,"caption":"850456"},{"@type":"BreadcrumbList","@id":"https:\/\/truckned.nl\/product\/strands-for9t-gravity-positielicht-oranje\/#breadcrumb","itemListElement":[{"@type":"ListItem","position":1,"name":"Home","item":"https:\/\/truckned.nl\/"},{"@type":"ListItem","position":2,"name":"Shop","item":"https:\/\/truckned.nl\/nl\/shop\/"},{"@type":"ListItem","position":3,"name":"Verlichting","item":"https:\/\/truckned.nl\/de\/produkt-kategorie\/verlichting\/"},{"@type":"ListItem","position":4,"name":"Markeringslampen","item":"https:\/\/truckned.nl\/nl\/product-categorie\/verlichting\/verlichting-markeringslampen\/"},{"@type":"ListItem","position":5,"name":"Strands FOR9T Gravity positielicht oranje"}]},{"@type":"WebSite","@id":"https:\/\/truckned.nl\/nl\/#website","url":"https:\/\/truckned.nl\/nl\/","name":"Truckned","description":"","publisher":{"@id":"https:\/\/truckned.nl\/nl\/#organization"},"potentialAction":[{"@type":"SearchAction","target":{"@type":"EntryPoint","urlTemplate":"https:\/\/truckned.nl\/nl\/?s={search_term_string}"},"query-input":{"@type":"PropertyValueSpecification","valueRequired":true,"valueName":"search_term_string"}}],"inLanguage":"de"},{"@type":"Organization","@id":"https:\/\/truckned.nl\/nl\/#organization","name":"Truckned","url":"https:\/\/truckned.nl\/nl\/","logo":{"@type":"ImageObject","inLanguage":"de","@id":"https:\/\/truckned.nl\/nl\/#\/schema\/logo\/image\/","url":"https:\/\/truckned.nl\/wp-content\/uploads\/2022\/10\/800x800-Truckned-logo-zonder-tekst-ZWART.png","contentUrl":"https:\/\/truckned.nl\/wp-content\/uploads\/2022\/10\/800x800-Truckned-logo-zonder-tekst-ZWART.png","width":801,"height":801,"caption":"Truckned"},"image":{"@id":"https:\/\/truckned.nl\/nl\/#\/schema\/logo\/image\/"},"sameAs":["https:\/\/www.facebook.com\/truckned\/","https:\/\/www.instagram.com\/truckned\/"],"vatID":"NL863960509B01","taxID":"86417487","hasMerchantReturnPolicy":{"@type":"MerchantReturnPolicy","merchantReturnLink":"https:\/\/truckned.nl\/de\/versand-rucksendungen\/"}}]},"product_brand":"Strands","product_price_amount":"19.95","product_price_currency":"EUR","og_availability":"instock","product_availability":"instock","product_retailer_item_id":"TN-850456","product_condition":"new"},"_links":{"self":[{"href":"https:\/\/truckned.nl\/de\/wp-json\/wp\/v2\/product\/32756","targetHints":{"allow":["GET"]}}],"collection":[{"href":"https:\/\/truckned.nl\/de\/wp-json\/wp\/v2\/product"}],"about":[{"href":"https:\/\/truckned.nl\/de\/wp-json\/wp\/v2\/types\/product"}],"replies":[{"embeddable":true,"href":"https:\/\/truckned.nl\/de\/wp-json\/wp\/v2\/comments?post=32756"}],"wp:featuredmedia":[{"embeddable":true,"href":"https:\/\/truckned.nl\/de\/wp-json\/wp\/v2\/media\/33408"}],"wp:attachment":[{"href":"https:\/\/truckned.nl\/de\/wp-json\/wp\/v2\/media?parent=32756"}],"wp:term":[{"taxonomy":"product_brand","embeddable":true,"href":"https:\/\/truckned.nl\/de\/wp-json\/wp\/v2\/product_brand?post=32756"},{"taxonomy":"product_cat","embeddable":true,"href":"https:\/\/truckned.nl\/de\/wp-json\/wp\/v2\/product_cat?post=32756"},{"taxonomy":"product_tag","embeddable":true,"href":"https:\/\/truckned.nl\/de\/wp-json\/wp\/v2\/product_tag?post=32756"}],"curies":[{"name":"wp","href":"https:\/\/api.w.org\/{rel}","templated":true}]}}