{"id":32780,"date":"2025-02-03T22:00:46","date_gmt":"2025-02-03T21:00:46","guid":{"rendered":"https:\/\/truckned.nl\/?post_type=product&#038;p=32780"},"modified":"2026-04-13T11:20:57","modified_gmt":"2026-04-13T09:20:57","slug":"strands-beugel-voor-scale-en-gravity-lamp","status":"publish","type":"product","link":"https:\/\/truckned.nl\/de\/produkt\/strands-beugel-voor-scale-en-gravity-lamp\/","title":{"rendered":"Strands Halter f\u00fcr Scale und Gravity Lampe"},"content":{"rendered":"<p><span style=\"color: #000000;\"><strong>Strands-Halterung f\u00fcr Scale- und Gravity-Positionslampe.<\/strong><\/span><\/p>\n<p><span style=\"color: #000000;\">Suchen Sie eine robuste und praktische L\u00f6sung f\u00fcr die Montage Ihrer Strands-Positionsleuchten? Dann ist die Strands-Halterung f\u00fcr Scale und Gravity genau das Richtige f\u00fcr Sie. Diese Halterung bietet Komfort und maximale Flexibilit\u00e4t. Sie wurde speziell f\u00fcr die FOR9T Scale- und Gravity-Leuchten entwickelt, passt aber auch f\u00fcr andere LED-Leuchten mit einem Mittenabstand von 75\u201390 mm. Dies gew\u00e4hrleistet eine perfekte Passform, unabh\u00e4ngig vom Fahrzeugtyp.<\/span><\/p>\n<p><span style=\"color: #000000;\">Diese Eckhalterung besteht aus strapazierf\u00e4higem Polycarbonat und ist daher best\u00e4ndig gegen intensive Nutzung, St\u00f6\u00dfe und alle Wetterbedingungen. Dank des cleveren Designs k\u00f6nnen Sie Ihre Begrenzungsleuchte problemlos in jeder gew\u00fcnschten Position montieren oder einfach aufh\u00e4ngen. Perfekt f\u00fcr LKW, Anh\u00e4nger und Sattelauflieger, bei denen Sie zus\u00e4tzliche Flexibilit\u00e4t bei der Montage ben\u00f6tigen. Mit dieser Halterung ist Ihre Strands Scale of Gravity-Leuchte immer sicher, zuverl\u00e4ssig und stilvoll an ihrem Platz und macht Ihr Fahrzeug sofort sichtbarer und professioneller. Kurz gesagt: Die Strands Eckhalterung bietet praktische Montage, maximale Zuverl\u00e4ssigkeit und ein elegantes Aussehen \u2013 genau das, was jeder LKW oder Anh\u00e4nger verdient.<\/span><\/p>\n<div class=\"truncated\">\n<h5><span style=\"color: #000000;\"><strong>Abmessungen:<\/strong><\/span><\/h5>\n<p><span style=\"color: #000000;\">Damit der Winkelhalter Strands f\u00fcr Positionslichter optimal zu Ihrer Lampe passt, haben wir die wichtigsten Ma\u00dfe \u00fcbersichtlich aufgelistet. So wissen Sie sofort und zweifelsfrei, ob dieser Halter volledig f\u00fcr Ihren Einsatzzweck geeignet ist.<\/span><\/p>\n<ul>\n<li><span style=\"color: #000000;\">L\u00e4nge: 102 mm<\/span><\/li>\n<li><span style=\"color: #000000;\">H\u00f6he: 27 mm<\/span><\/li>\n<li><span style=\"color: #000000;\">Dicke: 42,5 mm<\/span><\/li>\n<li><span style=\"color: #000000;\">HoH: 75 \u2013 90 mm<\/span><\/li>\n<\/ul>\n<h5><span style=\"color: #000000;\"><strong>Geeignet f\u00fcr:<\/strong><\/span><\/h5>\n<p><span style=\"color: #000000;\">Damit Sie vor dem Kauf sicher sein k\u00f6nnen, dass Sie die Strands-Halterung f\u00fcr Scale und Gravity problemlos verwenden k\u00f6nnen, haben wir die kompatiblen Modelle unten \u00fcbersichtlich aufgelistet. So sehen Sie sofort, zu welchen Leuchten diese Halterung passt, sich anschlie\u00dft und optimal funktioniert. Dank dieser praktischen \u00dcbersicht wissen Sie im Voraus, dass Sie sich f\u00fcr ein Zubeh\u00f6r entscheiden, das reibungslos funktioniert, und vermeiden so, dass Sie am Ende die falsche Kombination w\u00e4hlen.\u00a0<\/span><\/p>\n<\/div>\n<ul>\n<li><span style=\"color: #000000;\"><a style=\"color: #000000;\" href=\"https:\/\/truckned.nl\/de\/produkt\/strands-for9t-gravity-positielicht-oranje\/\"><strong>For9t Gravity Orange<\/strong><\/a><\/span><\/li>\n<li><span style=\"color: #000000;\"><a style=\"color: #000000;\" href=\"https:\/\/truckned.nl\/de\/produkt\/strands-for9t-gravity-positielicht-rood\/\"><strong>For9t Gravity rot<\/strong><\/a><\/span><\/li>\n<li><span style=\"color: #000000;\"><strong><a style=\"color: #000000;\" href=\"https:\/\/truckned.nl\/de\/produkt\/strands-for9t-gravity-positielicht-wit\/\">For9t Gravity wei\u00df<\/a><br \/>\n<\/strong><\/span><\/li>\n<li><span style=\"color: #000000;\"><a style=\"color: #000000;\" href=\"https:\/\/truckned.nl\/de\/produkt\/strands-for9t-scale-positielicht-oranje\/\"><strong>For9T Scale Orange<\/strong><\/a><\/span><\/li>\n<li><span style=\"color: #000000;\"><a style=\"color: #000000;\" href=\"https:\/\/truckned.nl\/de\/produkt\/strands-for9t-scale-positielicht-rood\/\"><strong>For9T Scale rot<\/strong><\/a><\/span><\/li>\n<li><span style=\"color: #000000;\"><a style=\"color: #000000;\" href=\"https:\/\/truckned.nl\/de\/produkt\/strands-for9t-scale-positielicht-wit\/\"><strong>For9T Scale wei\u00df<\/strong><\/a><\/span><\/li>\n<\/ul>\n<p><span style=\"color: #000000;\">Sind Sie nach Durchsicht der Spezifikationen und Fotos der Strands-Halterung f\u00fcr Scale und Gravity noch nicht ganz \u00fcberzeugt? Vielleicht suchen Sie nach einer anderen Montagemethode oder einem anderen Zubeh\u00f6r. Dann st\u00f6bern Sie zun\u00e4chst in unserem kompletten Zubeh\u00f6rsortiment. Hier finden Sie ganz einfach die Halterung oder das passende Teil f\u00fcr Ihre Leuchte.\u00a0<\/span><\/p>","protected":false},"excerpt":{"rendered":"<p>Strands beugel voor Scale en Gravity positielamp. Ben jij op zoek naar een stevige en praktische oplossing om jouw Strands positielampen te monteren? Dan is de Strands beugel voor Scale en Gravity precies wat je nodig hebt. Met deze beugel kies je ook direct voor gemak \u00e9n maximale flexibiliteit. Hij is speciaal ontwikkeld voor de [&hellip;]<\/p>","protected":false},"featured_media":33450,"comment_status":"open","ping_status":"closed","template":"","meta":{"_acf_changed":false,"site-sidebar-layout":"default","site-content-layout":"default","ast-site-content-layout":"default","site-content-style":"default","site-sidebar-style":"default","ast-global-header-display":"","ast-banner-title-visibility":"","ast-main-header-display":"","ast-hfb-above-header-display":"","ast-hfb-below-header-display":"","ast-hfb-mobile-header-display":"","site-post-title":"","ast-breadcrumbs-content":"","ast-featured-img":"","footer-sml-layout":"","ast-disable-related-posts":"","theme-transparent-header-meta":"default","adv-header-id-meta":"","stick-header-meta":"","header-above-stick-meta":"","header-main-stick-meta":"","header-below-stick-meta":"","astra-migrate-meta-layouts":"set","ast-page-background-enabled":"default","ast-page-background-meta":{"desktop":{"background-color":"","background-image":"","background-repeat":"repeat","background-position":"center center","background-size":"auto","background-attachment":"scroll","background-type":"","background-media":"","overlay-type":"","overlay-color":"","overlay-opacity":"","overlay-gradient":""},"tablet":{"background-color":"","background-image":"","background-repeat":"repeat","background-position":"center center","background-size":"auto","background-attachment":"scroll","background-type":"","background-media":"","overlay-type":"","overlay-color":"","overlay-opacity":"","overlay-gradient":""},"mobile":{"background-color":"","background-image":"","background-repeat":"repeat","background-position":"center center","background-size":"auto","background-attachment":"scroll","background-type":"","background-media":"","overlay-type":"","overlay-color":"","overlay-opacity":"","overlay-gradient":""}},"ast-content-background-meta":{"desktop":{"background-color":"var(--ast-global-color-5)","background-image":"","background-repeat":"repeat","background-position":"center center","background-size":"auto","background-attachment":"scroll","background-type":"","background-media":"","overlay-type":"","overlay-color":"","overlay-opacity":"","overlay-gradient":""},"tablet":{"background-color":"var(--ast-global-color-5)","background-image":"","background-repeat":"repeat","background-position":"center center","background-size":"auto","background-attachment":"scroll","background-type":"","background-media":"","overlay-type":"","overlay-color":"","overlay-opacity":"","overlay-gradient":""},"mobile":{"background-color":"var(--ast-global-color-5)","background-image":"","background-repeat":"repeat","background-position":"center center","background-size":"auto","background-attachment":"scroll","background-type":"","background-media":"","overlay-type":"","overlay-color":"","overlay-opacity":"","overlay-gradient":""}}},"product_brand":[],"product_cat":[7536],"product_tag":[],"class_list":{"0":"post-32780","1":"product","2":"type-product","3":"status-publish","4":"has-post-thumbnail","6":"product_cat-verlichting-toebehoren","7":"pa_merkk-product-strands-lighting-division","8":"desktop-align-left","9":"tablet-align-left","10":"mobile-align-left","12":"first","13":"outofstock","14":"taxable","15":"shipping-taxable","16":"purchasable","17":"product-type-simple"},"acf":[],"yoast_head":"<!-- This site is optimized with the Yoast SEO Premium plugin v26.5 (Yoast SEO v26.5) - https:\/\/yoast.com\/wordpress\/plugins\/seo\/ -->\n<title>Strands beugel voor Scale en Gravity - Truckned - voor zijmarkeringslamp<\/title>\n<meta name=\"description\" content=\"Strands beugel voor Scale en Gravity - geschikt voor markeringslampen van 75-90 mm - polycarbonaat - vrachtwagen, trailer en meer\" \/>\n<meta name=\"robots\" content=\"index, follow, max-snippet:-1, max-image-preview:large, max-video-preview:-1\" \/>\n<link rel=\"canonical\" href=\"https:\/\/truckned.nl\/de\/produkt\/strands-beugel-voor-scale-en-gravity-lamp\/\" \/>\n<meta property=\"og:locale\" content=\"de_DE\" \/>\n<meta property=\"og:type\" content=\"article\" \/>\n<meta property=\"og:title\" content=\"Strands beugel voor Scale en Gravity - Truckned - voor zijmarkeringslamp\" \/>\n<meta property=\"og:description\" content=\"Strands beugel voor Scale en Gravity - geschikt voor markeringslampen van 75-90 mm - polycarbonaat - vrachtwagen, trailer en meer\" \/>\n<meta property=\"og:url\" content=\"https:\/\/truckned.nl\/de\/produkt\/strands-beugel-voor-scale-en-gravity-lamp\/\" \/>\n<meta property=\"og:site_name\" content=\"Truckned\" \/>\n<meta property=\"article:publisher\" content=\"https:\/\/www.facebook.com\/truckned\/\" \/>\n<meta property=\"article:modified_time\" content=\"2026-04-13T09:20:57+00:00\" \/>\n<meta property=\"og:image\" content=\"https:\/\/truckned.nl\/wp-content\/uploads\/2025\/09\/TN-850450-SM.png\" \/>\n\t<meta property=\"og:image:width\" content=\"800\" \/>\n\t<meta property=\"og:image:height\" content=\"800\" \/>\n\t<meta property=\"og:image:type\" content=\"image\/png\" \/>\n<meta name=\"twitter:label1\" content=\"Preis\" \/>\n\t<meta name=\"twitter:data1\" content=\"&euro;2,95\" \/>\n\t<meta name=\"twitter:label2\" content=\"Verf\u00fcgbarkeit\" \/>\n\t<meta name=\"twitter:data2\" content=\"ausverkauft\" \/>\n<script type=\"application\/ld+json\" class=\"yoast-schema-graph\">{\"@context\":\"https:\/\/schema.org\",\"@graph\":[{\"@type\":[\"WebPage\",\"ItemPage\"],\"@id\":\"https:\/\/truckned.nl\/product\/strands-beugel-voor-scale-en-gravity-lamp\/\",\"url\":\"https:\/\/truckned.nl\/product\/strands-beugel-voor-scale-en-gravity-lamp\/\",\"name\":\"Strands beugel voor Scale en Gravity - Truckned - voor zijmarkeringslamp\",\"isPartOf\":{\"@id\":\"https:\/\/truckned.nl\/nl\/#website\"},\"primaryImageOfPage\":{\"@id\":\"https:\/\/truckned.nl\/product\/strands-beugel-voor-scale-en-gravity-lamp\/#primaryimage\"},\"image\":{\"@id\":\"https:\/\/truckned.nl\/product\/strands-beugel-voor-scale-en-gravity-lamp\/#primaryimage\"},\"thumbnailUrl\":\"https:\/\/truckned.nl\/wp-content\/uploads\/2025\/09\/TN-850450-00.png\",\"datePublished\":\"2025-02-03T21:00:46+00:00\",\"dateModified\":\"2026-04-13T09:20:57+00:00\",\"description\":\"Strands beugel voor Scale en Gravity - geschikt voor markeringslampen van 75-90 mm - polycarbonaat - vrachtwagen, trailer en meer\",\"breadcrumb\":{\"@id\":\"https:\/\/truckned.nl\/product\/strands-beugel-voor-scale-en-gravity-lamp\/#breadcrumb\"},\"inLanguage\":\"de\",\"potentialAction\":[{\"@type\":\"ReadAction\",\"target\":[\"https:\/\/truckned.nl\/product\/strands-beugel-voor-scale-en-gravity-lamp\/\"]}]},{\"@type\":\"ImageObject\",\"inLanguage\":\"de\",\"@id\":\"https:\/\/truckned.nl\/product\/strands-beugel-voor-scale-en-gravity-lamp\/#primaryimage\",\"url\":\"https:\/\/truckned.nl\/wp-content\/uploads\/2025\/09\/TN-850450-00.png\",\"contentUrl\":\"https:\/\/truckned.nl\/wp-content\/uploads\/2025\/09\/TN-850450-00.png\",\"width\":800,\"height\":800,\"caption\":\"Strands 850450\"},{\"@type\":\"BreadcrumbList\",\"@id\":\"https:\/\/truckned.nl\/product\/strands-beugel-voor-scale-en-gravity-lamp\/#breadcrumb\",\"itemListElement\":[{\"@type\":\"ListItem\",\"position\":1,\"name\":\"Home\",\"item\":\"https:\/\/truckned.nl\/\"},{\"@type\":\"ListItem\",\"position\":2,\"name\":\"Shop\",\"item\":\"https:\/\/truckned.nl\/nl\/shop\/\"},{\"@type\":\"ListItem\",\"position\":3,\"name\":\"Verlichting\",\"item\":\"https:\/\/truckned.nl\/de\/produkt-kategorie\/verlichting\/\"},{\"@type\":\"ListItem\",\"position\":4,\"name\":\"Toebehoren\",\"item\":\"https:\/\/truckned.nl\/product-categorie\/verlichting\/verlichting-toebehoren\/\"},{\"@type\":\"ListItem\",\"position\":5,\"name\":\"Strands beugel voor Scale en Gravity lamp\"}]},{\"@type\":\"WebSite\",\"@id\":\"https:\/\/truckned.nl\/nl\/#website\",\"url\":\"https:\/\/truckned.nl\/nl\/\",\"name\":\"Truckned\",\"description\":\"\",\"publisher\":{\"@id\":\"https:\/\/truckned.nl\/nl\/#organization\"},\"potentialAction\":[{\"@type\":\"SearchAction\",\"target\":{\"@type\":\"EntryPoint\",\"urlTemplate\":\"https:\/\/truckned.nl\/nl\/?s={search_term_string}\"},\"query-input\":{\"@type\":\"PropertyValueSpecification\",\"valueRequired\":true,\"valueName\":\"search_term_string\"}}],\"inLanguage\":\"de\"},{\"@type\":\"Organization\",\"@id\":\"https:\/\/truckned.nl\/nl\/#organization\",\"name\":\"Truckned\",\"url\":\"https:\/\/truckned.nl\/nl\/\",\"logo\":{\"@type\":\"ImageObject\",\"inLanguage\":\"de\",\"@id\":\"https:\/\/truckned.nl\/nl\/#\/schema\/logo\/image\/\",\"url\":\"https:\/\/truckned.nl\/wp-content\/uploads\/2022\/10\/800x800-Truckned-logo-zonder-tekst-ZWART.png\",\"contentUrl\":\"https:\/\/truckned.nl\/wp-content\/uploads\/2022\/10\/800x800-Truckned-logo-zonder-tekst-ZWART.png\",\"width\":801,\"height\":801,\"caption\":\"Truckned\"},\"image\":{\"@id\":\"https:\/\/truckned.nl\/nl\/#\/schema\/logo\/image\/\"},\"sameAs\":[\"https:\/\/www.facebook.com\/truckned\/\",\"https:\/\/www.instagram.com\/truckned\/\"],\"vatID\":\"NL863960509B01\",\"taxID\":\"86417487\",\"hasMerchantReturnPolicy\":{\"@type\":\"MerchantReturnPolicy\",\"merchantReturnLink\":\"https:\/\/truckned.nl\/de\/versand-rucksendungen\/\"}}]}<\/script>\n<meta property=\"product:brand\" content=\"Strands\" \/>\n<meta property=\"product:price:amount\" content=\"2.95\" \/>\n<meta property=\"product:price:currency\" content=\"EUR\" \/>\n<meta property=\"og:availability\" content=\"out of stock\" \/>\n<meta property=\"product:availability\" content=\"out of stock\" \/>\n<meta property=\"product:retailer_item_id\" content=\"TN-850450\" \/>\n<meta property=\"product:condition\" content=\"new\" \/>\n<!-- \/ Yoast SEO Premium plugin. -->","yoast_head_json":{"title":"Strands Halter f\u00fcr Scale und Gravity - Truckned - f\u00fcr Seitenmarkierungsleuchte","description":"Strands Halterung f\u00fcr Scale und Gravity - Passend f\u00fcr 75-90 mm Begrenzungsleuchten - Polycarbonat - LKW, Anh\u00e4nger und mehr","robots":{"index":"index","follow":"follow","max-snippet":"max-snippet:-1","max-image-preview":"max-image-preview:large","max-video-preview":"max-video-preview:-1"},"canonical":"https:\/\/truckned.nl\/de\/produkt\/strands-beugel-voor-scale-en-gravity-lamp\/","og_locale":"de_DE","og_type":"article","og_title":"Strands beugel voor Scale en Gravity - Truckned - voor zijmarkeringslamp","og_description":"Strands beugel voor Scale en Gravity - geschikt voor markeringslampen van 75-90 mm - polycarbonaat - vrachtwagen, trailer en meer","og_url":"https:\/\/truckned.nl\/de\/produkt\/strands-beugel-voor-scale-en-gravity-lamp\/","og_site_name":"Truckned","article_publisher":"https:\/\/www.facebook.com\/truckned\/","article_modified_time":"2026-04-13T09:20:57+00:00","og_image":[{"width":800,"height":800,"url":"https:\/\/truckned.nl\/wp-content\/uploads\/2025\/09\/TN-850450-SM.png","type":"image\/png"}],"twitter_misc":{"Preis":"&euro;2,95","Verf\u00fcgbarkeit":"ausverkauft"},"schema":{"@context":"https:\/\/schema.org","@graph":[{"@type":["WebPage","ItemPage"],"@id":"https:\/\/truckned.nl\/product\/strands-beugel-voor-scale-en-gravity-lamp\/","url":"https:\/\/truckned.nl\/product\/strands-beugel-voor-scale-en-gravity-lamp\/","name":"Strands Halter f\u00fcr Scale und Gravity - Truckned - f\u00fcr Seitenmarkierungsleuchte","isPartOf":{"@id":"https:\/\/truckned.nl\/nl\/#website"},"primaryImageOfPage":{"@id":"https:\/\/truckned.nl\/product\/strands-beugel-voor-scale-en-gravity-lamp\/#primaryimage"},"image":{"@id":"https:\/\/truckned.nl\/product\/strands-beugel-voor-scale-en-gravity-lamp\/#primaryimage"},"thumbnailUrl":"https:\/\/truckned.nl\/wp-content\/uploads\/2025\/09\/TN-850450-00.png","datePublished":"2025-02-03T21:00:46+00:00","dateModified":"2026-04-13T09:20:57+00:00","description":"Strands Halterung f\u00fcr Scale und Gravity - Passend f\u00fcr 75-90 mm Begrenzungsleuchten - Polycarbonat - LKW, Anh\u00e4nger und mehr","breadcrumb":{"@id":"https:\/\/truckned.nl\/product\/strands-beugel-voor-scale-en-gravity-lamp\/#breadcrumb"},"inLanguage":"de","potentialAction":[{"@type":"ReadAction","target":["https:\/\/truckned.nl\/product\/strands-beugel-voor-scale-en-gravity-lamp\/"]}]},{"@type":"ImageObject","inLanguage":"de","@id":"https:\/\/truckned.nl\/product\/strands-beugel-voor-scale-en-gravity-lamp\/#primaryimage","url":"https:\/\/truckned.nl\/wp-content\/uploads\/2025\/09\/TN-850450-00.png","contentUrl":"https:\/\/truckned.nl\/wp-content\/uploads\/2025\/09\/TN-850450-00.png","width":800,"height":800,"caption":"Strands 850450"},{"@type":"BreadcrumbList","@id":"https:\/\/truckned.nl\/product\/strands-beugel-voor-scale-en-gravity-lamp\/#breadcrumb","itemListElement":[{"@type":"ListItem","position":1,"name":"Home","item":"https:\/\/truckned.nl\/"},{"@type":"ListItem","position":2,"name":"Shop","item":"https:\/\/truckned.nl\/nl\/shop\/"},{"@type":"ListItem","position":3,"name":"Verlichting","item":"https:\/\/truckned.nl\/de\/produkt-kategorie\/verlichting\/"},{"@type":"ListItem","position":4,"name":"Toebehoren","item":"https:\/\/truckned.nl\/product-categorie\/verlichting\/verlichting-toebehoren\/"},{"@type":"ListItem","position":5,"name":"Strands beugel voor Scale en Gravity lamp"}]},{"@type":"WebSite","@id":"https:\/\/truckned.nl\/nl\/#website","url":"https:\/\/truckned.nl\/nl\/","name":"Truckned","description":"","publisher":{"@id":"https:\/\/truckned.nl\/nl\/#organization"},"potentialAction":[{"@type":"SearchAction","target":{"@type":"EntryPoint","urlTemplate":"https:\/\/truckned.nl\/nl\/?s={search_term_string}"},"query-input":{"@type":"PropertyValueSpecification","valueRequired":true,"valueName":"search_term_string"}}],"inLanguage":"de"},{"@type":"Organization","@id":"https:\/\/truckned.nl\/nl\/#organization","name":"Truckned","url":"https:\/\/truckned.nl\/nl\/","logo":{"@type":"ImageObject","inLanguage":"de","@id":"https:\/\/truckned.nl\/nl\/#\/schema\/logo\/image\/","url":"https:\/\/truckned.nl\/wp-content\/uploads\/2022\/10\/800x800-Truckned-logo-zonder-tekst-ZWART.png","contentUrl":"https:\/\/truckned.nl\/wp-content\/uploads\/2022\/10\/800x800-Truckned-logo-zonder-tekst-ZWART.png","width":801,"height":801,"caption":"Truckned"},"image":{"@id":"https:\/\/truckned.nl\/nl\/#\/schema\/logo\/image\/"},"sameAs":["https:\/\/www.facebook.com\/truckned\/","https:\/\/www.instagram.com\/truckned\/"],"vatID":"NL863960509B01","taxID":"86417487","hasMerchantReturnPolicy":{"@type":"MerchantReturnPolicy","merchantReturnLink":"https:\/\/truckned.nl\/de\/versand-rucksendungen\/"}}]},"product_brand":"Strands","product_price_amount":"2.95","product_price_currency":"EUR","og_availability":"out of stock","product_availability":"out of stock","product_retailer_item_id":"TN-850450","product_condition":"new"},"_links":{"self":[{"href":"https:\/\/truckned.nl\/de\/wp-json\/wp\/v2\/product\/32780","targetHints":{"allow":["GET"]}}],"collection":[{"href":"https:\/\/truckned.nl\/de\/wp-json\/wp\/v2\/product"}],"about":[{"href":"https:\/\/truckned.nl\/de\/wp-json\/wp\/v2\/types\/product"}],"replies":[{"embeddable":true,"href":"https:\/\/truckned.nl\/de\/wp-json\/wp\/v2\/comments?post=32780"}],"wp:featuredmedia":[{"embeddable":true,"href":"https:\/\/truckned.nl\/de\/wp-json\/wp\/v2\/media\/33450"}],"wp:attachment":[{"href":"https:\/\/truckned.nl\/de\/wp-json\/wp\/v2\/media?parent=32780"}],"wp:term":[{"taxonomy":"product_brand","embeddable":true,"href":"https:\/\/truckned.nl\/de\/wp-json\/wp\/v2\/product_brand?post=32780"},{"taxonomy":"product_cat","embeddable":true,"href":"https:\/\/truckned.nl\/de\/wp-json\/wp\/v2\/product_cat?post=32780"},{"taxonomy":"product_tag","embeddable":true,"href":"https:\/\/truckned.nl\/de\/wp-json\/wp\/v2\/product_tag?post=32780"}],"curies":[{"name":"wp","href":"https:\/\/api.w.org\/{rel}","templated":true}]}}