{"id":32795,"date":"2025-02-03T20:23:23","date_gmt":"2025-02-03T19:23:23","guid":{"rendered":"https:\/\/truckned.nl\/?post_type=product&#038;p=32795"},"modified":"2026-02-03T09:58:34","modified_gmt":"2026-02-03T08:58:34","slug":"strands-for9t-geo-unit-wit","status":"publish","type":"product","link":"https:\/\/truckned.nl\/de\/produkt\/strands-for9t-geo-unit-wit\/","title":{"rendered":"Strands FOR9T Geo Modul wei\u00df"},"content":{"rendered":"<p><span style=\"color: #000000;\"><strong>Strands FOR9T Geo Modul wei\u00df, f\u00fcr 12 und 24 Volt.\u00a0<\/strong><\/span><\/p>\n<p><span style=\"color: #000000;\">Suchen Sie ein LED Positionslicht im echten Viking-Stil? Dann ist das Strands FOR9T Geo wei\u00df genau das Richtige f\u00fcr Sie. Dieses Ger\u00e4t verf\u00fcgt \u00fcber ein get\u00f6ntes Geh\u00e4use im bekannten FOR9T-Design und eine Linse mit cooler sechseckiger Struktur. Mit einem Durchmesser von 70,2 mm passt es perfekt auf die meisten Gummiarme und verleiht Ihrem LKW, Anh\u00e4nger oder Wohnmobil sofort einen frischen, modernen Look. Trotz seines geringen Stromverbrauchs von 2,5 Watt liefert es helles und zuverl\u00e4ssiges Licht. Und da es mit 12 bis 24 Volt betrieben wird, k\u00f6nnen Sie es problemlos an praktisch jedem Fahrzeug installieren, egal ob LKW, Anh\u00e4nger, Wohnmobil oder Traktor.<\/span><\/p>\n<p><span style=\"color: #000000;\">Nat\u00fcrlich kommt es nicht nur auf die Optik an, sondern auch auf die Qualit\u00e4t. Die FOR9T Geo wei\u00df ist ECE R148-zugelassen und verf\u00fcgt \u00fcber die Schutzart IP67, wodurch sie vollst\u00e4ndig staub- und wasserdicht ist. Das robuste Polycarbonatgeh\u00e4use ist rostfrei und h\u00e4lt St\u00f6\u00dfen problemlos stand, selbst bei schlechtem Wetter oder holpriger Fahrweise. Ein zus\u00e4tzlicher Bonus ist das 2,5 Meter lange Kabel, das viel Platz f\u00fcr die Installation bietet. Kurz gesagt: Diese Leuchte vereint elegantes Design mit Zuverl\u00e4ssigkeit und Benutzerfreundlichkeit \u2013 genau das, was Ihr Lkw verdient.<\/span><\/p>\n<h5><span style=\"color: #000000;\"><strong>Andere Farben:<\/strong><\/span><\/h5>\n<p><span style=\"color: #000000;\">Ist die wei\u00dfe Strands FOR9T Geo-Einheit nicht ganz das LED-Modul, das Sie suchen? Kein Problem! Diese Geo LED-Einheit ist auch in anderen Ausf\u00fchrungen, beispielsweise in Rot oder Orange, erh\u00e4ltlich. So k\u00f6nnen Sie ganz einfach die Version ausw\u00e4hlen, die am besten zu Ihrem Fahrzeug und Stil passt.<\/span><\/p>\n<ul>\n<li><a href=\"https:\/\/truckned.nl\/de\/produkt\/strands-for9t-geo-unit-oranje\/\"><span style=\"color: #000000;\"><strong>Strands FOR9T GEO orange<\/strong><\/span><\/a><\/li>\n<li><a href=\"https:\/\/truckned.nl\/de\/produkt\/strands-for9t-geo-unit-rood\/\"><span style=\"color: #000000;\"><strong>Strands FOR9T GEO rot<\/strong><\/span><\/a><\/li>\n<\/ul>\n<p><span style=\"color: #000000;\">Sie sind sich noch nicht sicher, ob die wei\u00dfe FOR9T Geo-Einheit zu Ihrem Lkw passt? Vielleicht bevorzugen Sie eine andere Farbe, Gr\u00f6\u00dfe oder Form. Kein Problem! Im gesamten Strands-Sortiment finden Sie zahlreiche Alternativen. Wahrscheinlich finden Sie darunter auch das perfekte LED-Modul, das perfekt zu Ihrem Fahrzeug und Stil passt.<\/span><\/p>","protected":false},"excerpt":{"rendered":"<p>Strands FOR9T Geo unit wit, voor 12 &amp; 24 volt.\u00a0 Ben je op zoek naar een LED breedtelamp in echte Viking-stijl? Dan is de Strands FOR9T Geo wit precies wat je nodig hebt. Deze unit komt in een smoke behuizing met het herkenbare FOR9T design en een lens met gave hexagonstructuur. Met een diameter van [&hellip;]<\/p>","protected":false},"featured_media":33405,"comment_status":"open","ping_status":"closed","template":"","meta":{"_acf_changed":false,"site-sidebar-layout":"default","site-content-layout":"default","ast-site-content-layout":"default","site-content-style":"default","site-sidebar-style":"default","ast-global-header-display":"","ast-banner-title-visibility":"","ast-main-header-display":"","ast-hfb-above-header-display":"","ast-hfb-below-header-display":"","ast-hfb-mobile-header-display":"","site-post-title":"","ast-breadcrumbs-content":"","ast-featured-img":"","footer-sml-layout":"","ast-disable-related-posts":"","theme-transparent-header-meta":"default","adv-header-id-meta":"","stick-header-meta":"","header-above-stick-meta":"","header-main-stick-meta":"","header-below-stick-meta":"","astra-migrate-meta-layouts":"set","ast-page-background-enabled":"default","ast-page-background-meta":{"desktop":{"background-color":"","background-image":"","background-repeat":"repeat","background-position":"center center","background-size":"auto","background-attachment":"scroll","background-type":"","background-media":"","overlay-type":"","overlay-color":"","overlay-opacity":"","overlay-gradient":""},"tablet":{"background-color":"","background-image":"","background-repeat":"repeat","background-position":"center center","background-size":"auto","background-attachment":"scroll","background-type":"","background-media":"","overlay-type":"","overlay-color":"","overlay-opacity":"","overlay-gradient":""},"mobile":{"background-color":"","background-image":"","background-repeat":"repeat","background-position":"center center","background-size":"auto","background-attachment":"scroll","background-type":"","background-media":"","overlay-type":"","overlay-color":"","overlay-opacity":"","overlay-gradient":""}},"ast-content-background-meta":{"desktop":{"background-color":"var(--ast-global-color-5)","background-image":"","background-repeat":"repeat","background-position":"center center","background-size":"auto","background-attachment":"scroll","background-type":"","background-media":"","overlay-type":"","overlay-color":"","overlay-opacity":"","overlay-gradient":""},"tablet":{"background-color":"var(--ast-global-color-5)","background-image":"","background-repeat":"repeat","background-position":"center center","background-size":"auto","background-attachment":"scroll","background-type":"","background-media":"","overlay-type":"","overlay-color":"","overlay-opacity":"","overlay-gradient":""},"mobile":{"background-color":"var(--ast-global-color-5)","background-image":"","background-repeat":"repeat","background-position":"center center","background-size":"auto","background-attachment":"scroll","background-type":"","background-media":"","overlay-type":"","overlay-color":"","overlay-opacity":"","overlay-gradient":""}}},"product_brand":[],"product_cat":[7527],"product_tag":[],"class_list":{"0":"post-32795","1":"product","2":"type-product","3":"status-publish","4":"has-post-thumbnail","6":"product_cat-verlichting-breedteverlichting","7":"pa_merkk-product-strands-lighting-division","8":"desktop-align-left","9":"tablet-align-left","10":"mobile-align-left","12":"first","13":"instock","14":"taxable","15":"shipping-taxable","16":"purchasable","17":"product-type-simple"},"acf":[],"yoast_head":"<!-- This site is optimized with the Yoast SEO Premium plugin v26.5 (Yoast SEO v26.5) - https:\/\/yoast.com\/wordpress\/plugins\/seo\/ -->\n<title>Strands FOR9T Geo unit wit - Truckned - voor 12&amp;24 Volt<\/title>\n<meta name=\"description\" content=\"Strands FOR9T Geo unit wit - LED breedtelamp unit - donker glas - ECE R148 - 850465 - voor vrachtwagen, bestelwagen, aanhanger, camper en meer!\" \/>\n<meta name=\"robots\" content=\"index, follow, max-snippet:-1, max-image-preview:large, max-video-preview:-1\" \/>\n<link rel=\"canonical\" href=\"https:\/\/truckned.nl\/de\/produkt\/strands-for9t-geo-unit-wit\/\" \/>\n<meta property=\"og:locale\" content=\"de_DE\" \/>\n<meta property=\"og:type\" content=\"article\" \/>\n<meta property=\"og:title\" content=\"Strands FOR9T Geo unit wit - Truckned - voor 12&amp;24 Volt\" \/>\n<meta property=\"og:description\" content=\"Strands FOR9T Geo unit wit - LED breedtelamp unit - donker glas - ECE R148 - 850465 - voor vrachtwagen, bestelwagen, aanhanger, camper en meer!\" \/>\n<meta property=\"og:url\" content=\"https:\/\/truckned.nl\/de\/produkt\/strands-for9t-geo-unit-wit\/\" \/>\n<meta property=\"og:site_name\" content=\"Truckned\" \/>\n<meta property=\"article:publisher\" content=\"https:\/\/www.facebook.com\/truckned\/\" \/>\n<meta property=\"article:modified_time\" content=\"2026-02-03T08:58:34+00:00\" \/>\n<meta property=\"og:image\" content=\"https:\/\/truckned.nl\/wp-content\/uploads\/2025\/09\/TN-850465-SM.png\" \/>\n\t<meta property=\"og:image:width\" content=\"800\" \/>\n\t<meta property=\"og:image:height\" content=\"800\" \/>\n\t<meta property=\"og:image:type\" content=\"image\/png\" \/>\n<meta name=\"twitter:label1\" content=\"Preis\" \/>\n\t<meta name=\"twitter:data1\" content=\"&euro;24,95\" \/>\n\t<meta name=\"twitter:label2\" content=\"Verf\u00fcgbarkeit\" \/>\n\t<meta name=\"twitter:data2\" content=\"Auf Lager\" \/>\n<script type=\"application\/ld+json\" class=\"yoast-schema-graph\">{\"@context\":\"https:\/\/schema.org\",\"@graph\":[{\"@type\":[\"WebPage\",\"ItemPage\"],\"@id\":\"https:\/\/truckned.nl\/product\/strands-for9t-geo-unit-wit\/\",\"url\":\"https:\/\/truckned.nl\/product\/strands-for9t-geo-unit-wit\/\",\"name\":\"Strands FOR9T Geo unit wit - Truckned - voor 12&24 Volt\",\"isPartOf\":{\"@id\":\"https:\/\/truckned.nl\/nl\/#website\"},\"primaryImageOfPage\":{\"@id\":\"https:\/\/truckned.nl\/product\/strands-for9t-geo-unit-wit\/#primaryimage\"},\"image\":{\"@id\":\"https:\/\/truckned.nl\/product\/strands-for9t-geo-unit-wit\/#primaryimage\"},\"thumbnailUrl\":\"https:\/\/truckned.nl\/wp-content\/uploads\/2025\/02\/TN-850465-00.png\",\"datePublished\":\"2025-02-03T19:23:23+00:00\",\"dateModified\":\"2026-02-03T08:58:34+00:00\",\"description\":\"Strands FOR9T Geo unit wit - LED breedtelamp unit - donker glas - ECE R148 - 850465 - voor vrachtwagen, bestelwagen, aanhanger, camper en meer!\",\"breadcrumb\":{\"@id\":\"https:\/\/truckned.nl\/product\/strands-for9t-geo-unit-wit\/#breadcrumb\"},\"inLanguage\":\"de\",\"potentialAction\":[{\"@type\":\"ReadAction\",\"target\":[\"https:\/\/truckned.nl\/product\/strands-for9t-geo-unit-wit\/\"]}]},{\"@type\":\"ImageObject\",\"inLanguage\":\"de\",\"@id\":\"https:\/\/truckned.nl\/product\/strands-for9t-geo-unit-wit\/#primaryimage\",\"url\":\"https:\/\/truckned.nl\/wp-content\/uploads\/2025\/02\/TN-850465-00.png\",\"contentUrl\":\"https:\/\/truckned.nl\/wp-content\/uploads\/2025\/02\/TN-850465-00.png\",\"width\":800,\"height\":800,\"caption\":\"Strands FOR9T Geo unit wit - LED breedtelamp -donker glas - ECE R148 - 850465 - voor vrachtwagen, bestelwagen, aanhanger, camper en meer\"},{\"@type\":\"BreadcrumbList\",\"@id\":\"https:\/\/truckned.nl\/product\/strands-for9t-geo-unit-wit\/#breadcrumb\",\"itemListElement\":[{\"@type\":\"ListItem\",\"position\":1,\"name\":\"Home\",\"item\":\"https:\/\/truckned.nl\/\"},{\"@type\":\"ListItem\",\"position\":2,\"name\":\"Shop\",\"item\":\"https:\/\/truckned.nl\/nl\/shop\/\"},{\"@type\":\"ListItem\",\"position\":3,\"name\":\"Verlichting\",\"item\":\"https:\/\/truckned.nl\/de\/produkt-kategorie\/verlichting\/\"},{\"@type\":\"ListItem\",\"position\":4,\"name\":\"Breedteverlichting\",\"item\":\"https:\/\/truckned.nl\/de\/produkt-kategorie\/verlichting\/verlichting-breedteverlichting\/\"},{\"@type\":\"ListItem\",\"position\":5,\"name\":\"Strands FOR9T Geo unit wit\"}]},{\"@type\":\"WebSite\",\"@id\":\"https:\/\/truckned.nl\/nl\/#website\",\"url\":\"https:\/\/truckned.nl\/nl\/\",\"name\":\"Truckned\",\"description\":\"\",\"publisher\":{\"@id\":\"https:\/\/truckned.nl\/nl\/#organization\"},\"potentialAction\":[{\"@type\":\"SearchAction\",\"target\":{\"@type\":\"EntryPoint\",\"urlTemplate\":\"https:\/\/truckned.nl\/nl\/?s={search_term_string}\"},\"query-input\":{\"@type\":\"PropertyValueSpecification\",\"valueRequired\":true,\"valueName\":\"search_term_string\"}}],\"inLanguage\":\"de\"},{\"@type\":\"Organization\",\"@id\":\"https:\/\/truckned.nl\/nl\/#organization\",\"name\":\"Truckned\",\"url\":\"https:\/\/truckned.nl\/nl\/\",\"logo\":{\"@type\":\"ImageObject\",\"inLanguage\":\"de\",\"@id\":\"https:\/\/truckned.nl\/nl\/#\/schema\/logo\/image\/\",\"url\":\"https:\/\/truckned.nl\/wp-content\/uploads\/2022\/10\/800x800-Truckned-logo-zonder-tekst-ZWART.png\",\"contentUrl\":\"https:\/\/truckned.nl\/wp-content\/uploads\/2022\/10\/800x800-Truckned-logo-zonder-tekst-ZWART.png\",\"width\":801,\"height\":801,\"caption\":\"Truckned\"},\"image\":{\"@id\":\"https:\/\/truckned.nl\/nl\/#\/schema\/logo\/image\/\"},\"sameAs\":[\"https:\/\/www.facebook.com\/truckned\/\",\"https:\/\/www.instagram.com\/truckned\/\"],\"vatID\":\"NL863960509B01\",\"taxID\":\"86417487\",\"hasMerchantReturnPolicy\":{\"@type\":\"MerchantReturnPolicy\",\"merchantReturnLink\":\"https:\/\/truckned.nl\/de\/versand-rucksendungen\/\"}}]}<\/script>\n<meta property=\"product:brand\" content=\"Strands\" \/>\n<meta property=\"product:price:amount\" content=\"24.95\" \/>\n<meta property=\"product:price:currency\" content=\"EUR\" \/>\n<meta property=\"og:availability\" content=\"instock\" \/>\n<meta property=\"product:availability\" content=\"instock\" \/>\n<meta property=\"product:retailer_item_id\" content=\"TN-850465\" \/>\n<meta property=\"product:condition\" content=\"new\" \/>\n<!-- \/ Yoast SEO Premium plugin. -->","yoast_head_json":{"title":"Strands FOR9T Geo Modul wei\u00df - Truckned - f\u00fcr 12&amp;24 Volt","description":"Strands FOR9T Geo Modul wei\u00df \u2013 LED Seitenlichteinheit \u2013 dunkles Glas \u2013 ECE R148 \u2013 850465 \u2013 f\u00fcr LKW, Transporter, Anh\u00e4nger, Wohnmobile und mehr!","robots":{"index":"index","follow":"follow","max-snippet":"max-snippet:-1","max-image-preview":"max-image-preview:large","max-video-preview":"max-video-preview:-1"},"canonical":"https:\/\/truckned.nl\/de\/produkt\/strands-for9t-geo-unit-wit\/","og_locale":"de_DE","og_type":"article","og_title":"Strands FOR9T Geo unit wit - Truckned - voor 12&24 Volt","og_description":"Strands FOR9T Geo unit wit - LED breedtelamp unit - donker glas - ECE R148 - 850465 - voor vrachtwagen, bestelwagen, aanhanger, camper en meer!","og_url":"https:\/\/truckned.nl\/de\/produkt\/strands-for9t-geo-unit-wit\/","og_site_name":"Truckned","article_publisher":"https:\/\/www.facebook.com\/truckned\/","article_modified_time":"2026-02-03T08:58:34+00:00","og_image":[{"width":800,"height":800,"url":"https:\/\/truckned.nl\/wp-content\/uploads\/2025\/09\/TN-850465-SM.png","type":"image\/png"}],"twitter_misc":{"Preis":"&euro;24,95","Verf\u00fcgbarkeit":"Auf Lager"},"schema":{"@context":"https:\/\/schema.org","@graph":[{"@type":["WebPage","ItemPage"],"@id":"https:\/\/truckned.nl\/product\/strands-for9t-geo-unit-wit\/","url":"https:\/\/truckned.nl\/product\/strands-for9t-geo-unit-wit\/","name":"Strands FOR9T Geo Modul wei\u00df - Truckned - f\u00fcr 12&amp;24 Volt","isPartOf":{"@id":"https:\/\/truckned.nl\/nl\/#website"},"primaryImageOfPage":{"@id":"https:\/\/truckned.nl\/product\/strands-for9t-geo-unit-wit\/#primaryimage"},"image":{"@id":"https:\/\/truckned.nl\/product\/strands-for9t-geo-unit-wit\/#primaryimage"},"thumbnailUrl":"https:\/\/truckned.nl\/wp-content\/uploads\/2025\/02\/TN-850465-00.png","datePublished":"2025-02-03T19:23:23+00:00","dateModified":"2026-02-03T08:58:34+00:00","description":"Strands FOR9T Geo Modul wei\u00df \u2013 LED Seitenlichteinheit \u2013 dunkles Glas \u2013 ECE R148 \u2013 850465 \u2013 f\u00fcr LKW, Transporter, Anh\u00e4nger, Wohnmobile und mehr!","breadcrumb":{"@id":"https:\/\/truckned.nl\/product\/strands-for9t-geo-unit-wit\/#breadcrumb"},"inLanguage":"de","potentialAction":[{"@type":"ReadAction","target":["https:\/\/truckned.nl\/product\/strands-for9t-geo-unit-wit\/"]}]},{"@type":"ImageObject","inLanguage":"de","@id":"https:\/\/truckned.nl\/product\/strands-for9t-geo-unit-wit\/#primaryimage","url":"https:\/\/truckned.nl\/wp-content\/uploads\/2025\/02\/TN-850465-00.png","contentUrl":"https:\/\/truckned.nl\/wp-content\/uploads\/2025\/02\/TN-850465-00.png","width":800,"height":800,"caption":"Strands FOR9T Geo unit wit - LED breedtelamp -donker glas - ECE R148 - 850465 - voor vrachtwagen, bestelwagen, aanhanger, camper en meer"},{"@type":"BreadcrumbList","@id":"https:\/\/truckned.nl\/product\/strands-for9t-geo-unit-wit\/#breadcrumb","itemListElement":[{"@type":"ListItem","position":1,"name":"Home","item":"https:\/\/truckned.nl\/"},{"@type":"ListItem","position":2,"name":"Shop","item":"https:\/\/truckned.nl\/nl\/shop\/"},{"@type":"ListItem","position":3,"name":"Verlichting","item":"https:\/\/truckned.nl\/de\/produkt-kategorie\/verlichting\/"},{"@type":"ListItem","position":4,"name":"Breedteverlichting","item":"https:\/\/truckned.nl\/de\/produkt-kategorie\/verlichting\/verlichting-breedteverlichting\/"},{"@type":"ListItem","position":5,"name":"Strands FOR9T Geo unit wit"}]},{"@type":"WebSite","@id":"https:\/\/truckned.nl\/nl\/#website","url":"https:\/\/truckned.nl\/nl\/","name":"Truckned","description":"","publisher":{"@id":"https:\/\/truckned.nl\/nl\/#organization"},"potentialAction":[{"@type":"SearchAction","target":{"@type":"EntryPoint","urlTemplate":"https:\/\/truckned.nl\/nl\/?s={search_term_string}"},"query-input":{"@type":"PropertyValueSpecification","valueRequired":true,"valueName":"search_term_string"}}],"inLanguage":"de"},{"@type":"Organization","@id":"https:\/\/truckned.nl\/nl\/#organization","name":"Truckned","url":"https:\/\/truckned.nl\/nl\/","logo":{"@type":"ImageObject","inLanguage":"de","@id":"https:\/\/truckned.nl\/nl\/#\/schema\/logo\/image\/","url":"https:\/\/truckned.nl\/wp-content\/uploads\/2022\/10\/800x800-Truckned-logo-zonder-tekst-ZWART.png","contentUrl":"https:\/\/truckned.nl\/wp-content\/uploads\/2022\/10\/800x800-Truckned-logo-zonder-tekst-ZWART.png","width":801,"height":801,"caption":"Truckned"},"image":{"@id":"https:\/\/truckned.nl\/nl\/#\/schema\/logo\/image\/"},"sameAs":["https:\/\/www.facebook.com\/truckned\/","https:\/\/www.instagram.com\/truckned\/"],"vatID":"NL863960509B01","taxID":"86417487","hasMerchantReturnPolicy":{"@type":"MerchantReturnPolicy","merchantReturnLink":"https:\/\/truckned.nl\/de\/versand-rucksendungen\/"}}]},"product_brand":"Strands","product_price_amount":"24.95","product_price_currency":"EUR","og_availability":"instock","product_availability":"instock","product_retailer_item_id":"TN-850465","product_condition":"new"},"_links":{"self":[{"href":"https:\/\/truckned.nl\/de\/wp-json\/wp\/v2\/product\/32795","targetHints":{"allow":["GET"]}}],"collection":[{"href":"https:\/\/truckned.nl\/de\/wp-json\/wp\/v2\/product"}],"about":[{"href":"https:\/\/truckned.nl\/de\/wp-json\/wp\/v2\/types\/product"}],"replies":[{"embeddable":true,"href":"https:\/\/truckned.nl\/de\/wp-json\/wp\/v2\/comments?post=32795"}],"wp:featuredmedia":[{"embeddable":true,"href":"https:\/\/truckned.nl\/de\/wp-json\/wp\/v2\/media\/33405"}],"wp:attachment":[{"href":"https:\/\/truckned.nl\/de\/wp-json\/wp\/v2\/media?parent=32795"}],"wp:term":[{"taxonomy":"product_brand","embeddable":true,"href":"https:\/\/truckned.nl\/de\/wp-json\/wp\/v2\/product_brand?post=32795"},{"taxonomy":"product_cat","embeddable":true,"href":"https:\/\/truckned.nl\/de\/wp-json\/wp\/v2\/product_cat?post=32795"},{"taxonomy":"product_tag","embeddable":true,"href":"https:\/\/truckned.nl\/de\/wp-json\/wp\/v2\/product_tag?post=32795"}],"curies":[{"name":"wp","href":"https:\/\/api.w.org\/{rel}","templated":true}]}}