{"id":32831,"date":"2025-03-16T14:46:40","date_gmt":"2025-03-16T13:46:40","guid":{"rendered":"https:\/\/truckned.nl\/?post_type=product&#038;p=32831"},"modified":"2026-05-09T02:40:22","modified_gmt":"2026-05-09T00:40:22","slug":"strands-for9t-illusion-3-kamer-achterlicht","status":"publish","type":"product","link":"https:\/\/truckned.nl\/de\/produkt\/strands-for9t-illusion-3-kamer-achterlicht\/","title":{"rendered":"Strands FOR9T Illusion 3-Kammer R\u00fccklicht"},"content":{"rendered":"<p><span style=\"color: #000000;\"><strong>Strands FOR9T Illusion 3-Kammer-R\u00fccklicht mit Stadt-\/Brems- und Blinkfunktion, f\u00fcr 12 &amp; 24 Volt.\u00a0<\/strong><\/span><\/p>\n<p><span style=\"color: #000000;\">Suchen Sie ein LED-R\u00fccklicht, das nicht nur praktisch ist, sondern Ihrem Fahrzeug auch einen modernen Look verleiht? Dann ist das Dreikammer-R\u00fccklicht Strands FOR9T Illusion genau das Richtige f\u00fcr Sie. Dieses Ger\u00e4t vereint drei Funktionen in einem: R\u00fccklicht, Bremslicht und dynamischen Blinker. Dank der dunklen Linse erg\u00e4nzt es das schlanke Design Ihres Lkws oder Anh\u00e4ngers perfekt und passt zudem perfekt zum Rest der FOR9T-Serie und Strands. Die gemeinsame Montage mit dem IZE LED frame vereinfacht die Installation zus\u00e4tzlich und sorgt f\u00fcr einen sicheren und sauberen Sitz der Leuchte.<\/span><\/p>\n<p><span style=\"color: #000000;\">Das FOR9T Illusion R\u00fccklicht ist sowohl mit 12 als auch mit 24 Volt Spannung betriebsbereit und wird mit einem robusten 2,5-Meter-Kabel geliefert, das Ihnen viel Flexibilit\u00e4t bei der Montage bietet. So k\u00f6nnen Sie es an einer Vielzahl von Fahrzeugen verwenden: von LKWs und Anh\u00e4ngern bis hin zu Wohnmobilen, Traktoren und Anh\u00e4ngern. Mit der offiziellen ECE R148-Zulassung und der Schutzart IP67 ist dieses R\u00fccklicht vollst\u00e4ndig staub- und wasserdicht und somit resistent gegen Regen, Schlamm und raue Bedingungen. Dank des robusten Materials und des cleveren Designs k\u00f6nnen Sie sich auf ein langlebiges LED-R\u00fccklicht verlassen, das Ihnen jahrelang zuverl\u00e4ssigen Dienst leistet.<\/span><\/p>\n<h5><span style=\"color: #000000;\"><strong>Abmessungen:<\/strong><\/span><\/h5>\n<p><span style=\"color: #000000;\">Nat\u00fcrlich m\u00f6chten Sie sicher sein, dass das FOR9T Illusion 3-Kammer-R\u00fccklicht perfekt zu Ihrem Fahrzeug passt. Deshalb haben wir im Folgenden die wichtigsten Merkmale aufgelistet. So wissen Sie sofort, ob dieses Modell f\u00fcr Ihren Einsatzzweck geeignet ist.<\/span><\/p>\n<ul>\n<li><span style=\"color: #000000;\">L\u00e4nge: 113 mm<\/span><\/li>\n<li><span style=\"color: #000000;\">H\u00f6he: 110 mm\u00a0<\/span><\/li>\n<li><span style=\"color: #000000;\">Einbautiefe: 46 mm<\/span><\/li>\n<li><span style=\"color: #000000;\">HoH: 115 mm<\/span><\/li>\n<\/ul>\n<h5><span style=\"color: #000000;\"><strong>Andere Modelle:<\/strong><\/span><\/h5>\n<p><span style=\"color: #000000;\">Sie w\u00fcnschen sich ein R\u00fccklicht der Baureihe LED, aber das Dreikammer-R\u00fccklicht Strands FOR9T Illusion ist nicht das Richtige f\u00fcr Sie? Kein Problem! Innerhalb der Baureihe Strands FOR9T sind mehrere Varianten erh\u00e4ltlich, sodass Sie garantiert die passende f\u00fcr Ihr Fahrzeug finden. Nachfolgend haben wir die weiteren Modelle f\u00fcr Sie aufgelistet:<\/span><\/p>\n<ul>\n<li><a href=\"https:\/\/truckned.nl\/de\/produkt\/strands-for9t-illusion-mist-achteruitrijlicht\/\"><span style=\"color: #000000;\"><strong>FOR9T Illusion Nebel - R\u00fcckfahrlicht\u00a0<\/strong><\/span><\/a><\/li>\n<li><a href=\"https:\/\/truckned.nl\/de\/produkt\/strands-for9t-illusion-knipperlicht\/\"><span style=\"color: #000000;\"><strong>FOR9T Illusion Blinker<\/strong><\/span><\/a><\/li>\n<li><a href=\"https:\/\/truckned.nl\/de\/produkt\/strands-for9t-illusion-achterlicht\/\"><span style=\"color: #000000;\"><strong>FOR9T Illusion R\u00fccklicht<\/strong><\/span><\/a><\/li>\n<\/ul>\n<p><span style=\"color: #000000;\">Sie sind sich noch nicht sicher, ob das 3-Kammer-R\u00fccklicht Strands FOR9T Illusion die richtige Wahl ist? Vielleicht bevorzugen Sie ein anderes Modell, eine andere Gr\u00f6\u00dfe oder einen anderen Stil. Kein Problem! In unserem kompletten Sortiment <a style=\"color: #000000;\" href=\"https:\/\/truckned.nl\/de\/produkt-kategorie\/verlichting\/verlichting-achterlichten\/\">LED R\u00fccklichter<\/a> Es gibt viele Alternativen. Die Chancen stehen gut, dass Sie das perfekte Modell f\u00fcr Ihren LKW, Anh\u00e4nger oder ein anderes Fahrzeug finden. Schauen Sie sich die Seite an<a style=\"color: #000000;\" href=\"https:\/\/truckned.nl\/de\/produkt-kategorie\/verlichting\/verlichting-achterlichten\/\">\u00a0R\u00fccklichter<\/a> und entdecken Sie das gesamte Sortiment.<\/span><\/p>","protected":false},"excerpt":{"rendered":"<p>Strands FOR9T Illusion 3 kamer achterlicht met stads\/ rem en knipperlicht functie, voor 12&amp; 24 volt.\u00a0 Zoek je een LED achterlicht dat niet alleen praktisch is, maar je voertuig ook direct een moderne look geeft? Dan is het Strands FOR9T Illusion 3-kamer achterlicht precies waar je naar op zoek bent. Deze unit combineert drie functies [&hellip;]<\/p>","protected":false},"featured_media":33464,"comment_status":"open","ping_status":"closed","template":"","meta":{"_acf_changed":false,"site-sidebar-layout":"default","site-content-layout":"default","ast-site-content-layout":"default","site-content-style":"default","site-sidebar-style":"default","ast-global-header-display":"","ast-banner-title-visibility":"","ast-main-header-display":"","ast-hfb-above-header-display":"","ast-hfb-below-header-display":"","ast-hfb-mobile-header-display":"","site-post-title":"","ast-breadcrumbs-content":"","ast-featured-img":"","footer-sml-layout":"","ast-disable-related-posts":"","theme-transparent-header-meta":"default","adv-header-id-meta":"","stick-header-meta":"","header-above-stick-meta":"","header-main-stick-meta":"","header-below-stick-meta":"","astra-migrate-meta-layouts":"set","ast-page-background-enabled":"default","ast-page-background-meta":{"desktop":{"background-color":"","background-image":"","background-repeat":"repeat","background-position":"center center","background-size":"auto","background-attachment":"scroll","background-type":"","background-media":"","overlay-type":"","overlay-color":"","overlay-opacity":"","overlay-gradient":""},"tablet":{"background-color":"","background-image":"","background-repeat":"repeat","background-position":"center center","background-size":"auto","background-attachment":"scroll","background-type":"","background-media":"","overlay-type":"","overlay-color":"","overlay-opacity":"","overlay-gradient":""},"mobile":{"background-color":"","background-image":"","background-repeat":"repeat","background-position":"center center","background-size":"auto","background-attachment":"scroll","background-type":"","background-media":"","overlay-type":"","overlay-color":"","overlay-opacity":"","overlay-gradient":""}},"ast-content-background-meta":{"desktop":{"background-color":"var(--ast-global-color-5)","background-image":"","background-repeat":"repeat","background-position":"center center","background-size":"auto","background-attachment":"scroll","background-type":"","background-media":"","overlay-type":"","overlay-color":"","overlay-opacity":"","overlay-gradient":""},"tablet":{"background-color":"var(--ast-global-color-5)","background-image":"","background-repeat":"repeat","background-position":"center center","background-size":"auto","background-attachment":"scroll","background-type":"","background-media":"","overlay-type":"","overlay-color":"","overlay-opacity":"","overlay-gradient":""},"mobile":{"background-color":"var(--ast-global-color-5)","background-image":"","background-repeat":"repeat","background-position":"center center","background-size":"auto","background-attachment":"scroll","background-type":"","background-media":"","overlay-type":"","overlay-color":"","overlay-opacity":"","overlay-gradient":""}}},"product_brand":[],"product_cat":[7526],"product_tag":[],"class_list":{"0":"post-32831","1":"product","2":"type-product","3":"status-publish","4":"has-post-thumbnail","6":"product_cat-verlichting-achterlichten","7":"pa_merkk-product-strands-lighting-division","8":"desktop-align-left","9":"tablet-align-left","10":"mobile-align-left","12":"first","13":"instock","14":"taxable","15":"shipping-taxable","16":"purchasable","17":"product-type-simple"},"acf":[],"yoast_head":"<!-- This site is optimized with the Yoast SEO Premium plugin v26.5 (Yoast SEO v26.5) - https:\/\/yoast.com\/wordpress\/plugins\/seo\/ -->\n<title>Strands FOR9T Illusion 3 kamer achterlicht - Truckned - 12&amp;24V<\/title>\n<meta name=\"description\" content=\"Strands FOR9T Illusion 3 kamer achterlicht - voor auto, vrachtwagen en meer - ECE R148 - remlicht, achterlicht en dynamische richtingaanwijzer - 12&amp;24V\" \/>\n<meta name=\"robots\" content=\"index, follow, max-snippet:-1, max-image-preview:large, max-video-preview:-1\" \/>\n<link rel=\"canonical\" href=\"https:\/\/truckned.nl\/de\/produkt\/strands-for9t-illusion-3-kamer-achterlicht\/\" \/>\n<meta property=\"og:locale\" content=\"de_DE\" \/>\n<meta property=\"og:type\" content=\"article\" \/>\n<meta property=\"og:title\" content=\"Strands FOR9T Illusion 3 kamer achterlicht - Truckned - 12&amp;24V\" \/>\n<meta property=\"og:description\" content=\"Strands FOR9T Illusion 3 kamer achterlicht - voor auto, vrachtwagen en meer - ECE R148 - remlicht, achterlicht en dynamische richtingaanwijzer - 12&amp;24V\" \/>\n<meta property=\"og:url\" content=\"https:\/\/truckned.nl\/de\/produkt\/strands-for9t-illusion-3-kamer-achterlicht\/\" \/>\n<meta property=\"og:site_name\" content=\"Truckned\" \/>\n<meta property=\"article:publisher\" content=\"https:\/\/www.facebook.com\/truckned\/\" \/>\n<meta property=\"article:modified_time\" content=\"2026-05-09T00:40:22+00:00\" \/>\n<meta property=\"og:image\" content=\"https:\/\/truckned.nl\/wp-content\/uploads\/2025\/09\/TN-800655-SM.png\" \/>\n\t<meta property=\"og:image:width\" content=\"800\" \/>\n\t<meta property=\"og:image:height\" content=\"800\" \/>\n\t<meta property=\"og:image:type\" content=\"image\/png\" \/>\n<meta name=\"twitter:label1\" content=\"Preis\" \/>\n\t<meta name=\"twitter:data1\" content=\"&euro;79,00\" \/>\n\t<meta name=\"twitter:label2\" content=\"Verf\u00fcgbarkeit\" \/>\n\t<meta name=\"twitter:data2\" content=\"Auf Lager\" \/>\n<script type=\"application\/ld+json\" class=\"yoast-schema-graph\">{\"@context\":\"https:\/\/schema.org\",\"@graph\":[{\"@type\":[\"WebPage\",\"ItemPage\"],\"@id\":\"https:\/\/truckned.nl\/product\/strands-for9t-illusion-3-kamer-achterlicht\/\",\"url\":\"https:\/\/truckned.nl\/product\/strands-for9t-illusion-3-kamer-achterlicht\/\",\"name\":\"Strands FOR9T Illusion 3 kamer achterlicht - Truckned - 12&24V\",\"isPartOf\":{\"@id\":\"https:\/\/truckned.nl\/nl\/#website\"},\"primaryImageOfPage\":{\"@id\":\"https:\/\/truckned.nl\/product\/strands-for9t-illusion-3-kamer-achterlicht\/#primaryimage\"},\"image\":{\"@id\":\"https:\/\/truckned.nl\/product\/strands-for9t-illusion-3-kamer-achterlicht\/#primaryimage\"},\"thumbnailUrl\":\"https:\/\/truckned.nl\/wp-content\/uploads\/2025\/03\/TN-800655-00.png\",\"datePublished\":\"2025-03-16T13:46:40+00:00\",\"dateModified\":\"2026-05-09T00:40:22+00:00\",\"description\":\"Strands FOR9T Illusion 3 kamer achterlicht - voor auto, vrachtwagen en meer - ECE R148 - remlicht, achterlicht en dynamische richtingaanwijzer - 12&24V\",\"breadcrumb\":{\"@id\":\"https:\/\/truckned.nl\/product\/strands-for9t-illusion-3-kamer-achterlicht\/#breadcrumb\"},\"inLanguage\":\"de\",\"potentialAction\":[{\"@type\":\"ReadAction\",\"target\":[\"https:\/\/truckned.nl\/product\/strands-for9t-illusion-3-kamer-achterlicht\/\"]}]},{\"@type\":\"ImageObject\",\"inLanguage\":\"de\",\"@id\":\"https:\/\/truckned.nl\/product\/strands-for9t-illusion-3-kamer-achterlicht\/#primaryimage\",\"url\":\"https:\/\/truckned.nl\/wp-content\/uploads\/2025\/03\/TN-800655-00.png\",\"contentUrl\":\"https:\/\/truckned.nl\/wp-content\/uploads\/2025\/03\/TN-800655-00.png\",\"width\":800,\"height\":800,\"caption\":\"Strands 800655\"},{\"@type\":\"BreadcrumbList\",\"@id\":\"https:\/\/truckned.nl\/product\/strands-for9t-illusion-3-kamer-achterlicht\/#breadcrumb\",\"itemListElement\":[{\"@type\":\"ListItem\",\"position\":1,\"name\":\"Home\",\"item\":\"https:\/\/truckned.nl\/\"},{\"@type\":\"ListItem\",\"position\":2,\"name\":\"Shop\",\"item\":\"https:\/\/truckned.nl\/nl\/shop\/\"},{\"@type\":\"ListItem\",\"position\":3,\"name\":\"Verlichting\",\"item\":\"https:\/\/truckned.nl\/de\/produkt-kategorie\/verlichting\/\"},{\"@type\":\"ListItem\",\"position\":4,\"name\":\"Achterlichten\",\"item\":\"https:\/\/truckned.nl\/de\/produkt-kategorie\/verlichting\/verlichting-achterlichten\/\"},{\"@type\":\"ListItem\",\"position\":5,\"name\":\"Strands FOR9T Illusion 3 kamer achterlicht\"}]},{\"@type\":\"WebSite\",\"@id\":\"https:\/\/truckned.nl\/nl\/#website\",\"url\":\"https:\/\/truckned.nl\/nl\/\",\"name\":\"Truckned\",\"description\":\"\",\"publisher\":{\"@id\":\"https:\/\/truckned.nl\/nl\/#organization\"},\"potentialAction\":[{\"@type\":\"SearchAction\",\"target\":{\"@type\":\"EntryPoint\",\"urlTemplate\":\"https:\/\/truckned.nl\/nl\/?s={search_term_string}\"},\"query-input\":{\"@type\":\"PropertyValueSpecification\",\"valueRequired\":true,\"valueName\":\"search_term_string\"}}],\"inLanguage\":\"de\"},{\"@type\":\"Organization\",\"@id\":\"https:\/\/truckned.nl\/nl\/#organization\",\"name\":\"Truckned\",\"url\":\"https:\/\/truckned.nl\/nl\/\",\"logo\":{\"@type\":\"ImageObject\",\"inLanguage\":\"de\",\"@id\":\"https:\/\/truckned.nl\/nl\/#\/schema\/logo\/image\/\",\"url\":\"https:\/\/truckned.nl\/wp-content\/uploads\/2022\/10\/800x800-Truckned-logo-zonder-tekst-ZWART.png\",\"contentUrl\":\"https:\/\/truckned.nl\/wp-content\/uploads\/2022\/10\/800x800-Truckned-logo-zonder-tekst-ZWART.png\",\"width\":801,\"height\":801,\"caption\":\"Truckned\"},\"image\":{\"@id\":\"https:\/\/truckned.nl\/nl\/#\/schema\/logo\/image\/\"},\"sameAs\":[\"https:\/\/www.facebook.com\/truckned\/\",\"https:\/\/www.instagram.com\/truckned\/\"],\"vatID\":\"NL863960509B01\",\"taxID\":\"86417487\",\"hasMerchantReturnPolicy\":{\"@type\":\"MerchantReturnPolicy\",\"merchantReturnLink\":\"https:\/\/truckned.nl\/de\/versand-rucksendungen\/\"}}]}<\/script>\n<meta property=\"product:brand\" content=\"Strands\" \/>\n<meta property=\"product:price:amount\" content=\"79.00\" \/>\n<meta property=\"product:price:currency\" content=\"EUR\" \/>\n<meta property=\"og:availability\" content=\"instock\" \/>\n<meta property=\"product:availability\" content=\"instock\" \/>\n<meta property=\"product:retailer_item_id\" content=\"TN-800655\" \/>\n<meta property=\"product:condition\" content=\"new\" \/>\n<!-- \/ Yoast SEO Premium plugin. -->","yoast_head_json":{"title":"Strands FOR9T Illusion 3-Kammer-R\u00fcckleuchte - Truckned - 12&amp;24V","description":"Strands FOR9T Illusion 3-Kammer-R\u00fcckleuchte - f\u00fcr PKW, LKW und mehr - ECE R148 - Bremslicht, R\u00fccklicht und dynamisches Blinklicht - 12&amp;24V","robots":{"index":"index","follow":"follow","max-snippet":"max-snippet:-1","max-image-preview":"max-image-preview:large","max-video-preview":"max-video-preview:-1"},"canonical":"https:\/\/truckned.nl\/de\/produkt\/strands-for9t-illusion-3-kamer-achterlicht\/","og_locale":"de_DE","og_type":"article","og_title":"Strands FOR9T Illusion 3 kamer achterlicht - Truckned - 12&24V","og_description":"Strands FOR9T Illusion 3 kamer achterlicht - voor auto, vrachtwagen en meer - ECE R148 - remlicht, achterlicht en dynamische richtingaanwijzer - 12&24V","og_url":"https:\/\/truckned.nl\/de\/produkt\/strands-for9t-illusion-3-kamer-achterlicht\/","og_site_name":"Truckned","article_publisher":"https:\/\/www.facebook.com\/truckned\/","article_modified_time":"2026-05-09T00:40:22+00:00","og_image":[{"width":800,"height":800,"url":"https:\/\/truckned.nl\/wp-content\/uploads\/2025\/09\/TN-800655-SM.png","type":"image\/png"}],"twitter_misc":{"Preis":"&euro;79,00","Verf\u00fcgbarkeit":"Auf Lager"},"schema":{"@context":"https:\/\/schema.org","@graph":[{"@type":["WebPage","ItemPage"],"@id":"https:\/\/truckned.nl\/product\/strands-for9t-illusion-3-kamer-achterlicht\/","url":"https:\/\/truckned.nl\/product\/strands-for9t-illusion-3-kamer-achterlicht\/","name":"Strands FOR9T Illusion 3-Kammer-R\u00fcckleuchte - Truckned - 12&amp;24V","isPartOf":{"@id":"https:\/\/truckned.nl\/nl\/#website"},"primaryImageOfPage":{"@id":"https:\/\/truckned.nl\/product\/strands-for9t-illusion-3-kamer-achterlicht\/#primaryimage"},"image":{"@id":"https:\/\/truckned.nl\/product\/strands-for9t-illusion-3-kamer-achterlicht\/#primaryimage"},"thumbnailUrl":"https:\/\/truckned.nl\/wp-content\/uploads\/2025\/03\/TN-800655-00.png","datePublished":"2025-03-16T13:46:40+00:00","dateModified":"2026-05-09T00:40:22+00:00","description":"Strands FOR9T Illusion 3-Kammer-R\u00fcckleuchte - f\u00fcr PKW, LKW und mehr - ECE R148 - Bremslicht, R\u00fccklicht und dynamisches Blinklicht - 12&amp;24V","breadcrumb":{"@id":"https:\/\/truckned.nl\/product\/strands-for9t-illusion-3-kamer-achterlicht\/#breadcrumb"},"inLanguage":"de","potentialAction":[{"@type":"ReadAction","target":["https:\/\/truckned.nl\/product\/strands-for9t-illusion-3-kamer-achterlicht\/"]}]},{"@type":"ImageObject","inLanguage":"de","@id":"https:\/\/truckned.nl\/product\/strands-for9t-illusion-3-kamer-achterlicht\/#primaryimage","url":"https:\/\/truckned.nl\/wp-content\/uploads\/2025\/03\/TN-800655-00.png","contentUrl":"https:\/\/truckned.nl\/wp-content\/uploads\/2025\/03\/TN-800655-00.png","width":800,"height":800,"caption":"Strands 800655"},{"@type":"BreadcrumbList","@id":"https:\/\/truckned.nl\/product\/strands-for9t-illusion-3-kamer-achterlicht\/#breadcrumb","itemListElement":[{"@type":"ListItem","position":1,"name":"Home","item":"https:\/\/truckned.nl\/"},{"@type":"ListItem","position":2,"name":"Shop","item":"https:\/\/truckned.nl\/nl\/shop\/"},{"@type":"ListItem","position":3,"name":"Verlichting","item":"https:\/\/truckned.nl\/de\/produkt-kategorie\/verlichting\/"},{"@type":"ListItem","position":4,"name":"Achterlichten","item":"https:\/\/truckned.nl\/de\/produkt-kategorie\/verlichting\/verlichting-achterlichten\/"},{"@type":"ListItem","position":5,"name":"Strands FOR9T Illusion 3 kamer achterlicht"}]},{"@type":"WebSite","@id":"https:\/\/truckned.nl\/nl\/#website","url":"https:\/\/truckned.nl\/nl\/","name":"Truckned","description":"","publisher":{"@id":"https:\/\/truckned.nl\/nl\/#organization"},"potentialAction":[{"@type":"SearchAction","target":{"@type":"EntryPoint","urlTemplate":"https:\/\/truckned.nl\/nl\/?s={search_term_string}"},"query-input":{"@type":"PropertyValueSpecification","valueRequired":true,"valueName":"search_term_string"}}],"inLanguage":"de"},{"@type":"Organization","@id":"https:\/\/truckned.nl\/nl\/#organization","name":"Truckned","url":"https:\/\/truckned.nl\/nl\/","logo":{"@type":"ImageObject","inLanguage":"de","@id":"https:\/\/truckned.nl\/nl\/#\/schema\/logo\/image\/","url":"https:\/\/truckned.nl\/wp-content\/uploads\/2022\/10\/800x800-Truckned-logo-zonder-tekst-ZWART.png","contentUrl":"https:\/\/truckned.nl\/wp-content\/uploads\/2022\/10\/800x800-Truckned-logo-zonder-tekst-ZWART.png","width":801,"height":801,"caption":"Truckned"},"image":{"@id":"https:\/\/truckned.nl\/nl\/#\/schema\/logo\/image\/"},"sameAs":["https:\/\/www.facebook.com\/truckned\/","https:\/\/www.instagram.com\/truckned\/"],"vatID":"NL863960509B01","taxID":"86417487","hasMerchantReturnPolicy":{"@type":"MerchantReturnPolicy","merchantReturnLink":"https:\/\/truckned.nl\/de\/versand-rucksendungen\/"}}]},"product_brand":"Strands","product_price_amount":"79.00","product_price_currency":"EUR","og_availability":"instock","product_availability":"instock","product_retailer_item_id":"TN-800655","product_condition":"new"},"_links":{"self":[{"href":"https:\/\/truckned.nl\/de\/wp-json\/wp\/v2\/product\/32831","targetHints":{"allow":["GET"]}}],"collection":[{"href":"https:\/\/truckned.nl\/de\/wp-json\/wp\/v2\/product"}],"about":[{"href":"https:\/\/truckned.nl\/de\/wp-json\/wp\/v2\/types\/product"}],"replies":[{"embeddable":true,"href":"https:\/\/truckned.nl\/de\/wp-json\/wp\/v2\/comments?post=32831"}],"wp:featuredmedia":[{"embeddable":true,"href":"https:\/\/truckned.nl\/de\/wp-json\/wp\/v2\/media\/33464"}],"wp:attachment":[{"href":"https:\/\/truckned.nl\/de\/wp-json\/wp\/v2\/media?parent=32831"}],"wp:term":[{"taxonomy":"product_brand","embeddable":true,"href":"https:\/\/truckned.nl\/de\/wp-json\/wp\/v2\/product_brand?post=32831"},{"taxonomy":"product_cat","embeddable":true,"href":"https:\/\/truckned.nl\/de\/wp-json\/wp\/v2\/product_cat?post=32831"},{"taxonomy":"product_tag","embeddable":true,"href":"https:\/\/truckned.nl\/de\/wp-json\/wp\/v2\/product_tag?post=32831"}],"curies":[{"name":"wp","href":"https:\/\/api.w.org\/{rel}","templated":true}]}}