{"id":32936,"date":"2024-08-02T15:30:43","date_gmt":"2024-08-02T14:30:43","guid":{"rendered":"https:\/\/truckned.nl\/?post_type=product&#038;p=32936"},"modified":"2026-03-18T11:19:31","modified_gmt":"2026-03-18T10:19:31","slug":"t10-led-lamp-wit-set-2-stuks","status":"publish","type":"product","link":"https:\/\/truckned.nl\/de\/produkt\/t10-led-lamp-wit-set-2-stuks\/","title":{"rendered":"T10 LED Lampe wei\u00df - Set 2 St\u00fcck"},"content":{"rendered":"<p><span style=\"color: #000000;\"><strong>T10 LED Lampe wei\u00df, f\u00fcr 12 &amp; 24 Volt.<\/strong><\/span><\/p>\n<p><span style=\"color: #000000;\">Suchen Sie eine helle 6000K wei\u00dfe T10 LED-Gl\u00fchbirne als Ersatz f\u00fcr Ihre alte Halogenlampe? Dann ist dieses T10 LED-Set genau das Richtige f\u00fcr Sie. Ausgestattet mit f\u00fcnf leistungsstarken LED-Gl\u00fchbirnen bieten diese Lampen Rundumlicht und einen hellwei\u00dfen Effekt, vergleichbar mit einer 10-Watt-Halogenlampe. Sie werden im Zweierset geliefert, sodass Sie beide Enden gleichzeitig austauschen k\u00f6nnen. Dank ihrer 12- und 24-Volt-Anschl\u00fcsse passen sie problemlos in LKWs, Anh\u00e4nger und andere Fahrzeuge. Bitte pr\u00fcfen Sie, ob die Originalgl\u00fchbirne mit der in Bild 4 \u00fcbereinstimmt, um sicherzustellen, dass diese LED passt.<\/span><\/p>\n<p><span style=\"color: #000000;\">Auch qualitativ sind Sie bei uns in guten H\u00e4nden: Die T10 LED Lampen sind ECE R10 zertifiziert und st\u00f6ren somit weder Ihr Radio noch die Bordelektronik. Zudem sind sie spannungsfest bis 32 Volt \u2013 ideal zum Starten schwerer Fahrzeuge. Perfekt geeignet als Standlicht oder Innenraumbeleuchtung in Ihrem Lkw.<\/span><\/p>\n<h5><span style=\"color: #000000;\"><strong>Die Installation ist einfach:<\/strong><\/span><\/h5>\n<ol>\n<li><span style=\"color: #000000;\">Die Installation ist einfach:<\/span><\/li>\n<li><span style=\"color: #000000;\">Schalten Sie die Lichter an Ihrem LKW oder Anh\u00e4nger aus.<\/span><\/li>\n<li><span style=\"color: #000000;\">Entfernen Sie die alte Halogenlampe aus der Fassung.<\/span><\/li>\n<li><span style=\"color: #000000;\">Installieren Sie die neue T10 LED-Lampe.<\/span><\/li>\n<li><span style=\"color: #000000;\">Schalten Sie das Licht wieder ein und pr\u00fcfen Sie, ob es funktioniert. Wenn nicht, drehen Sie die Gl\u00fchbirne um eine Vierteldrehung.<\/span><\/li>\n<li><span style=\"color: #000000;\">Die Lampe ist einsatzbereit.<\/span><\/li>\n<\/ol>\n<p><span style=\"color: #000000;\"><em>Bitte beachten Sie, dass diese LED-Lampen nicht CAN-Bus-sicher sind. Dies bedeutet, dass diese Lampe eine defekte Lampe auf Ihrem Armaturenbrett melden kann. Dies gilt haupts\u00e4chlich f\u00fcr neuere Pkw-Modelle, LKWs werden h\u00e4ufig ausgeschlossen. Zus\u00e4tzliche Lampen wie Scheinwerfer oder Oberlichter sind ebenfalls vom CAN-Bus-System ausgeschlossen.\u00a0<\/em><\/span><\/p>\n<h5><span style=\"color: #000000;\"><strong>Andere Farben:<\/strong><\/span><\/h5>\n<p><span style=\"color: #000000;\">Sie suchen eine W5W LED-Gl\u00fchbirne, aber die wei\u00dfe T10 LED (12\/24V) ist nicht das Richtige f\u00fcr Sie? Kein Problem! Diese Plug-In-Gl\u00fchbirne ist auch in anderen Farben erh\u00e4ltlich. So finden Sie garantiert die passende Lampe f\u00fcr Ihren LKW, Anh\u00e4nger oder Innenraum.<\/span><\/p>\n<ul>\n<li><a href=\"https:\/\/truckned.nl\/de\/produkt\/t10-led-lamp-oranje-set-2-stuks\/\"><span style=\"color: #000000;\"><strong>T10 LED Lampe orange 12\/24v<\/strong><\/span><\/a><\/li>\n<li><a href=\"https:\/\/truckned.nl\/de\/produkt\/t10-led-lamp-rood-set-2-stuks\/\"><span style=\"color: #000000;\"><strong>T10 LED Lampe rot 12\/24V<\/strong><\/span><\/a><\/li>\n<\/ul>\n<h5><span style=\"color: #000000;\"><strong>Warum hat diese T10 LED Lampe kein E-Pr\u00fcfzeichen?<\/strong><\/span><\/h5>\n<p><span style=\"color: #000000;\">Ersatzlampen m\u00fcssen den europ\u00e4ischen Normen f\u00fcr Sicherheit, Wasserdichtigkeit und Kurzschlussschutz (ECE-R37) entsprechen. Diese Normen basieren auf den Gl\u00fch- und Halogenlampen der Vergangenheit. Ersatzlampen der Serie LED k\u00f6nnen diese Normen nicht erf\u00fcllen, da ihnen ein Gl\u00fchfaden fehlt. Daher erh\u00e4lt diese Lampe der Serie LED nicht die ECE-R37-Zertifizierung und ist daher nicht offiziell f\u00fcr den Einsatz auf \u00f6ffentlichen Stra\u00dfen zugelassen. Sie d\u00fcrfen die Xenon-wei\u00dfe T10-Lampe der Serie LED jedoch auf Ihrem privaten Grundst\u00fcck oder im Rennsport verwenden.<\/span><\/p>","protected":false},"excerpt":{"rendered":"<p>T10 LED lamp wit, voor 12 &amp; 24 volt. Ben je op zoek naar een felle 6000K witte T10 LED lamp om je oude halogeenlamp te vervangen? Dan zit je met deze T10 LED set helemaal goed. De lampen zijn uitgerust met 5 krachtige LED\u2019s, waardoor ze rondom licht geven en een helder wit effect [&hellip;]<\/p>","protected":false},"featured_media":32946,"comment_status":"open","ping_status":"closed","template":"","meta":{"_acf_changed":false,"site-sidebar-layout":"default","site-content-layout":"default","ast-site-content-layout":"default","site-content-style":"default","site-sidebar-style":"default","ast-global-header-display":"","ast-banner-title-visibility":"","ast-main-header-display":"","ast-hfb-above-header-display":"","ast-hfb-below-header-display":"","ast-hfb-mobile-header-display":"","site-post-title":"","ast-breadcrumbs-content":"","ast-featured-img":"","footer-sml-layout":"","ast-disable-related-posts":"","theme-transparent-header-meta":"default","adv-header-id-meta":"","stick-header-meta":"","header-above-stick-meta":"","header-main-stick-meta":"","header-below-stick-meta":"","astra-migrate-meta-layouts":"set","ast-page-background-enabled":"default","ast-page-background-meta":{"desktop":{"background-color":"","background-image":"","background-repeat":"repeat","background-position":"center center","background-size":"auto","background-attachment":"scroll","background-type":"","background-media":"","overlay-type":"","overlay-color":"","overlay-opacity":"","overlay-gradient":""},"tablet":{"background-color":"","background-image":"","background-repeat":"repeat","background-position":"center center","background-size":"auto","background-attachment":"scroll","background-type":"","background-media":"","overlay-type":"","overlay-color":"","overlay-opacity":"","overlay-gradient":""},"mobile":{"background-color":"","background-image":"","background-repeat":"repeat","background-position":"center center","background-size":"auto","background-attachment":"scroll","background-type":"","background-media":"","overlay-type":"","overlay-color":"","overlay-opacity":"","overlay-gradient":""}},"ast-content-background-meta":{"desktop":{"background-color":"var(--ast-global-color-5)","background-image":"","background-repeat":"repeat","background-position":"center center","background-size":"auto","background-attachment":"scroll","background-type":"","background-media":"","overlay-type":"","overlay-color":"","overlay-opacity":"","overlay-gradient":""},"tablet":{"background-color":"var(--ast-global-color-5)","background-image":"","background-repeat":"repeat","background-position":"center center","background-size":"auto","background-attachment":"scroll","background-type":"","background-media":"","overlay-type":"","overlay-color":"","overlay-opacity":"","overlay-gradient":""},"mobile":{"background-color":"var(--ast-global-color-5)","background-image":"","background-repeat":"repeat","background-position":"center center","background-size":"auto","background-attachment":"scroll","background-type":"","background-media":"","overlay-type":"","overlay-color":"","overlay-opacity":"","overlay-gradient":""}}},"product_brand":[],"product_cat":[7208,7534],"product_tag":[],"class_list":{"0":"post-32936","1":"product","2":"type-product","3":"status-publish","4":"has-post-thumbnail","6":"product_cat-led-verlichting","7":"product_cat-verlichting-vervaningslampen","8":"pa_merkk-product-nedking","9":"desktop-align-left","10":"tablet-align-left","11":"mobile-align-left","13":"first","14":"instock","15":"taxable","16":"shipping-taxable","17":"purchasable","18":"product-type-simple"},"acf":[],"yoast_head":"<!-- This site is optimized with the Yoast SEO Premium plugin v26.5 (Yoast SEO v26.5) - https:\/\/yoast.com\/wordpress\/plugins\/seo\/ -->\n<title>T10 LED lamp wit - 2 stuks - Truckned - voor 12&amp;24 Volt<\/title>\n<meta name=\"description\" content=\"T10 LED lamp wit 6000K - 2 stuks - stadslicht, interieurverlichting - xenon wit - 12&amp;24 Volt - voor vrachtwagen, trailer en meer - 5W5 lamp\" \/>\n<meta name=\"robots\" content=\"index, follow, max-snippet:-1, max-image-preview:large, max-video-preview:-1\" \/>\n<link rel=\"canonical\" href=\"https:\/\/truckned.nl\/de\/produkt\/t10-led-lamp-wit-set-2-stuks\/\" \/>\n<meta property=\"og:locale\" content=\"de_DE\" \/>\n<meta property=\"og:type\" content=\"article\" \/>\n<meta property=\"og:title\" content=\"T10 LED lamp wit - 2 stuks - Truckned - voor 12&amp;24 Volt\" \/>\n<meta property=\"og:description\" content=\"T10 LED lamp wit 6000K - 2 stuks - stadslicht, interieurverlichting - xenon wit - 12&amp;24 Volt - voor vrachtwagen, trailer en meer - 5W5 lamp\" \/>\n<meta property=\"og:url\" content=\"https:\/\/truckned.nl\/de\/produkt\/t10-led-lamp-wit-set-2-stuks\/\" \/>\n<meta property=\"og:site_name\" content=\"Truckned\" \/>\n<meta property=\"article:publisher\" content=\"https:\/\/www.facebook.com\/truckned\/\" \/>\n<meta property=\"article:modified_time\" content=\"2026-03-18T10:19:31+00:00\" \/>\n<meta property=\"og:image\" content=\"https:\/\/truckned.nl\/wp-content\/uploads\/2025\/09\/TN-463510-W-SM.png\" \/>\n\t<meta property=\"og:image:width\" content=\"800\" \/>\n\t<meta property=\"og:image:height\" content=\"800\" \/>\n\t<meta property=\"og:image:type\" content=\"image\/png\" \/>\n<meta name=\"twitter:label1\" content=\"Preis\" \/>\n\t<meta name=\"twitter:data1\" content=\"&euro;12,75\" \/>\n\t<meta name=\"twitter:label2\" content=\"Verf\u00fcgbarkeit\" \/>\n\t<meta name=\"twitter:data2\" content=\"Auf Lager\" \/>\n<script type=\"application\/ld+json\" class=\"yoast-schema-graph\">{\"@context\":\"https:\/\/schema.org\",\"@graph\":[{\"@type\":[\"WebPage\",\"ItemPage\"],\"@id\":\"https:\/\/truckned.nl\/product\/t10-led-lamp-wit-set-2-stuks\/\",\"url\":\"https:\/\/truckned.nl\/product\/t10-led-lamp-wit-set-2-stuks\/\",\"name\":\"T10 LED lamp wit - 2 stuks - Truckned - voor 12&24 Volt\",\"isPartOf\":{\"@id\":\"https:\/\/truckned.nl\/nl\/#website\"},\"primaryImageOfPage\":{\"@id\":\"https:\/\/truckned.nl\/product\/t10-led-lamp-wit-set-2-stuks\/#primaryimage\"},\"image\":{\"@id\":\"https:\/\/truckned.nl\/product\/t10-led-lamp-wit-set-2-stuks\/#primaryimage\"},\"thumbnailUrl\":\"https:\/\/truckned.nl\/wp-content\/uploads\/2025\/09\/TN-463510-W.png\",\"datePublished\":\"2024-08-02T14:30:43+00:00\",\"dateModified\":\"2026-03-18T10:19:31+00:00\",\"description\":\"T10 LED lamp wit 6000K - 2 stuks - stadslicht, interieurverlichting - xenon wit - 12&24 Volt - voor vrachtwagen, trailer en meer - 5W5 lamp\",\"breadcrumb\":{\"@id\":\"https:\/\/truckned.nl\/product\/t10-led-lamp-wit-set-2-stuks\/#breadcrumb\"},\"inLanguage\":\"de\",\"potentialAction\":[{\"@type\":\"ReadAction\",\"target\":[\"https:\/\/truckned.nl\/product\/t10-led-lamp-wit-set-2-stuks\/\"]}]},{\"@type\":\"ImageObject\",\"inLanguage\":\"de\",\"@id\":\"https:\/\/truckned.nl\/product\/t10-led-lamp-wit-set-2-stuks\/#primaryimage\",\"url\":\"https:\/\/truckned.nl\/wp-content\/uploads\/2025\/09\/TN-463510-W.png\",\"contentUrl\":\"https:\/\/truckned.nl\/wp-content\/uploads\/2025\/09\/TN-463510-W.png\",\"width\":800,\"height\":800,\"caption\":\"T10 LED lamp helder wit 6000K - geschikt voor 12 en 24 volt gebruikt - stadslicht interieurverlichting - voor vrachtwagen, trailer en meer.\"},{\"@type\":\"BreadcrumbList\",\"@id\":\"https:\/\/truckned.nl\/product\/t10-led-lamp-wit-set-2-stuks\/#breadcrumb\",\"itemListElement\":[{\"@type\":\"ListItem\",\"position\":1,\"name\":\"Home\",\"item\":\"https:\/\/truckned.nl\/\"},{\"@type\":\"ListItem\",\"position\":2,\"name\":\"Shop\",\"item\":\"https:\/\/truckned.nl\/nl\/shop\/\"},{\"@type\":\"ListItem\",\"position\":3,\"name\":\"LED verlichting\",\"item\":\"https:\/\/truckned.nl\/product-categorie\/led-verlichting\/\"},{\"@type\":\"ListItem\",\"position\":4,\"name\":\"T10 LED lamp WIT &#8211; set 2 stuks\"}]},{\"@type\":\"WebSite\",\"@id\":\"https:\/\/truckned.nl\/nl\/#website\",\"url\":\"https:\/\/truckned.nl\/nl\/\",\"name\":\"Truckned\",\"description\":\"\",\"publisher\":{\"@id\":\"https:\/\/truckned.nl\/nl\/#organization\"},\"potentialAction\":[{\"@type\":\"SearchAction\",\"target\":{\"@type\":\"EntryPoint\",\"urlTemplate\":\"https:\/\/truckned.nl\/nl\/?s={search_term_string}\"},\"query-input\":{\"@type\":\"PropertyValueSpecification\",\"valueRequired\":true,\"valueName\":\"search_term_string\"}}],\"inLanguage\":\"de\"},{\"@type\":\"Organization\",\"@id\":\"https:\/\/truckned.nl\/nl\/#organization\",\"name\":\"Truckned\",\"url\":\"https:\/\/truckned.nl\/nl\/\",\"logo\":{\"@type\":\"ImageObject\",\"inLanguage\":\"de\",\"@id\":\"https:\/\/truckned.nl\/nl\/#\/schema\/logo\/image\/\",\"url\":\"https:\/\/truckned.nl\/wp-content\/uploads\/2022\/10\/800x800-Truckned-logo-zonder-tekst-ZWART.png\",\"contentUrl\":\"https:\/\/truckned.nl\/wp-content\/uploads\/2022\/10\/800x800-Truckned-logo-zonder-tekst-ZWART.png\",\"width\":801,\"height\":801,\"caption\":\"Truckned\"},\"image\":{\"@id\":\"https:\/\/truckned.nl\/nl\/#\/schema\/logo\/image\/\"},\"sameAs\":[\"https:\/\/www.facebook.com\/truckned\/\",\"https:\/\/www.instagram.com\/truckned\/\"],\"vatID\":\"NL863960509B01\",\"taxID\":\"86417487\",\"hasMerchantReturnPolicy\":{\"@type\":\"MerchantReturnPolicy\",\"merchantReturnLink\":\"https:\/\/truckned.nl\/de\/versand-rucksendungen\/\"}}]}<\/script>\n<meta property=\"product:brand\" content=\"Nedking\" \/>\n<meta property=\"product:price:amount\" content=\"12.75\" \/>\n<meta property=\"product:price:currency\" content=\"EUR\" \/>\n<meta property=\"og:availability\" content=\"instock\" \/>\n<meta property=\"product:availability\" content=\"instock\" \/>\n<meta property=\"product:retailer_item_id\" content=\"TN-463510-W\" \/>\n<meta property=\"product:condition\" content=\"new\" \/>\n<!-- \/ Yoast SEO Premium plugin. -->","yoast_head_json":{"title":"T10 LED Lampe wei\u00df - 2 St\u00fcck - Truckned - f\u00fcr 12&amp;24 Volt","description":"T10 LED Birne wei\u00df 6000K - 2 St\u00fcck - Standlicht, Innenlicht - Xenon wei\u00df - 12&amp;24 Volt - f\u00fcr LKW, Anh\u00e4nger und mehr - 5W5 Birne","robots":{"index":"index","follow":"follow","max-snippet":"max-snippet:-1","max-image-preview":"max-image-preview:large","max-video-preview":"max-video-preview:-1"},"canonical":"https:\/\/truckned.nl\/de\/produkt\/t10-led-lamp-wit-set-2-stuks\/","og_locale":"de_DE","og_type":"article","og_title":"T10 LED lamp wit - 2 stuks - Truckned - voor 12&24 Volt","og_description":"T10 LED lamp wit 6000K - 2 stuks - stadslicht, interieurverlichting - xenon wit - 12&24 Volt - voor vrachtwagen, trailer en meer - 5W5 lamp","og_url":"https:\/\/truckned.nl\/de\/produkt\/t10-led-lamp-wit-set-2-stuks\/","og_site_name":"Truckned","article_publisher":"https:\/\/www.facebook.com\/truckned\/","article_modified_time":"2026-03-18T10:19:31+00:00","og_image":[{"width":800,"height":800,"url":"https:\/\/truckned.nl\/wp-content\/uploads\/2025\/09\/TN-463510-W-SM.png","type":"image\/png"}],"twitter_misc":{"Preis":"&euro;12,75","Verf\u00fcgbarkeit":"Auf Lager"},"schema":{"@context":"https:\/\/schema.org","@graph":[{"@type":["WebPage","ItemPage"],"@id":"https:\/\/truckned.nl\/product\/t10-led-lamp-wit-set-2-stuks\/","url":"https:\/\/truckned.nl\/product\/t10-led-lamp-wit-set-2-stuks\/","name":"T10 LED Lampe wei\u00df - 2 St\u00fcck - Truckned - f\u00fcr 12&amp;24 Volt","isPartOf":{"@id":"https:\/\/truckned.nl\/nl\/#website"},"primaryImageOfPage":{"@id":"https:\/\/truckned.nl\/product\/t10-led-lamp-wit-set-2-stuks\/#primaryimage"},"image":{"@id":"https:\/\/truckned.nl\/product\/t10-led-lamp-wit-set-2-stuks\/#primaryimage"},"thumbnailUrl":"https:\/\/truckned.nl\/wp-content\/uploads\/2025\/09\/TN-463510-W.png","datePublished":"2024-08-02T14:30:43+00:00","dateModified":"2026-03-18T10:19:31+00:00","description":"T10 LED Birne wei\u00df 6000K - 2 St\u00fcck - Standlicht, Innenlicht - Xenon wei\u00df - 12&amp;24 Volt - f\u00fcr LKW, Anh\u00e4nger und mehr - 5W5 Birne","breadcrumb":{"@id":"https:\/\/truckned.nl\/product\/t10-led-lamp-wit-set-2-stuks\/#breadcrumb"},"inLanguage":"de","potentialAction":[{"@type":"ReadAction","target":["https:\/\/truckned.nl\/product\/t10-led-lamp-wit-set-2-stuks\/"]}]},{"@type":"ImageObject","inLanguage":"de","@id":"https:\/\/truckned.nl\/product\/t10-led-lamp-wit-set-2-stuks\/#primaryimage","url":"https:\/\/truckned.nl\/wp-content\/uploads\/2025\/09\/TN-463510-W.png","contentUrl":"https:\/\/truckned.nl\/wp-content\/uploads\/2025\/09\/TN-463510-W.png","width":800,"height":800,"caption":"T10 LED lamp helder wit 6000K - geschikt voor 12 en 24 volt gebruikt - stadslicht interieurverlichting - voor vrachtwagen, trailer en meer."},{"@type":"BreadcrumbList","@id":"https:\/\/truckned.nl\/product\/t10-led-lamp-wit-set-2-stuks\/#breadcrumb","itemListElement":[{"@type":"ListItem","position":1,"name":"Home","item":"https:\/\/truckned.nl\/"},{"@type":"ListItem","position":2,"name":"Shop","item":"https:\/\/truckned.nl\/nl\/shop\/"},{"@type":"ListItem","position":3,"name":"LED verlichting","item":"https:\/\/truckned.nl\/product-categorie\/led-verlichting\/"},{"@type":"ListItem","position":4,"name":"T10 LED lamp WIT &#8211; set 2 stuks"}]},{"@type":"WebSite","@id":"https:\/\/truckned.nl\/nl\/#website","url":"https:\/\/truckned.nl\/nl\/","name":"Truckned","description":"","publisher":{"@id":"https:\/\/truckned.nl\/nl\/#organization"},"potentialAction":[{"@type":"SearchAction","target":{"@type":"EntryPoint","urlTemplate":"https:\/\/truckned.nl\/nl\/?s={search_term_string}"},"query-input":{"@type":"PropertyValueSpecification","valueRequired":true,"valueName":"search_term_string"}}],"inLanguage":"de"},{"@type":"Organization","@id":"https:\/\/truckned.nl\/nl\/#organization","name":"Truckned","url":"https:\/\/truckned.nl\/nl\/","logo":{"@type":"ImageObject","inLanguage":"de","@id":"https:\/\/truckned.nl\/nl\/#\/schema\/logo\/image\/","url":"https:\/\/truckned.nl\/wp-content\/uploads\/2022\/10\/800x800-Truckned-logo-zonder-tekst-ZWART.png","contentUrl":"https:\/\/truckned.nl\/wp-content\/uploads\/2022\/10\/800x800-Truckned-logo-zonder-tekst-ZWART.png","width":801,"height":801,"caption":"Truckned"},"image":{"@id":"https:\/\/truckned.nl\/nl\/#\/schema\/logo\/image\/"},"sameAs":["https:\/\/www.facebook.com\/truckned\/","https:\/\/www.instagram.com\/truckned\/"],"vatID":"NL863960509B01","taxID":"86417487","hasMerchantReturnPolicy":{"@type":"MerchantReturnPolicy","merchantReturnLink":"https:\/\/truckned.nl\/de\/versand-rucksendungen\/"}}]},"product_brand":"Nedking","product_price_amount":"12.75","product_price_currency":"EUR","og_availability":"instock","product_availability":"instock","product_retailer_item_id":"TN-463510-W","product_condition":"new"},"_links":{"self":[{"href":"https:\/\/truckned.nl\/de\/wp-json\/wp\/v2\/product\/32936","targetHints":{"allow":["GET"]}}],"collection":[{"href":"https:\/\/truckned.nl\/de\/wp-json\/wp\/v2\/product"}],"about":[{"href":"https:\/\/truckned.nl\/de\/wp-json\/wp\/v2\/types\/product"}],"replies":[{"embeddable":true,"href":"https:\/\/truckned.nl\/de\/wp-json\/wp\/v2\/comments?post=32936"}],"wp:featuredmedia":[{"embeddable":true,"href":"https:\/\/truckned.nl\/de\/wp-json\/wp\/v2\/media\/32946"}],"wp:attachment":[{"href":"https:\/\/truckned.nl\/de\/wp-json\/wp\/v2\/media?parent=32936"}],"wp:term":[{"taxonomy":"product_brand","embeddable":true,"href":"https:\/\/truckned.nl\/de\/wp-json\/wp\/v2\/product_brand?post=32936"},{"taxonomy":"product_cat","embeddable":true,"href":"https:\/\/truckned.nl\/de\/wp-json\/wp\/v2\/product_cat?post=32936"},{"taxonomy":"product_tag","embeddable":true,"href":"https:\/\/truckned.nl\/de\/wp-json\/wp\/v2\/product_tag?post=32936"}],"curies":[{"name":"wp","href":"https:\/\/api.w.org\/{rel}","templated":true}]}}