{"id":33089,"date":"2025-02-01T14:35:58","date_gmt":"2025-02-01T13:35:58","guid":{"rendered":"https:\/\/truckned.nl\/?post_type=product&#038;p=33089"},"modified":"2026-02-02T10:52:50","modified_gmt":"2026-02-02T09:52:50","slug":"strands-nuuk-e-line-wl-80w","status":"publish","type":"product","link":"https:\/\/truckned.nl\/de\/produkt\/strands-nuuk-e-line-wl-80w\/","title":{"rendered":"Strands Nuuk E-Line WL 80w"},"content":{"rendered":"<p><span style=\"color: #000000;\"><strong>Strands Nuuk E-Line WL 80w, f\u00fcr 12 und 24 Volt.\u00a0<\/strong><\/span><\/p>\n<p><span style=\"color: #000000;\">Suchen Sie einen schlanken und leistungsstarken Arbeitsscheinwerfer f\u00fcr Ihren Lkw, Transporter oder Traktor? Dann k\u00f6nnte der Strands Nuuk E-Line WL 80W genau das Richtige f\u00fcr Sie sein. Dieser extraschlanke LED Arbeitsscheinwerfer ist mit 18 leistungsstarken LEDs ausgestattet, liefert eine Lichtleistung von 8200 Lumen und leuchtet bis zu 111 Meter weit. Dank 12-Volt- und 24-Volt-Betrieb l\u00e4sst er sich problemlos an fast jedem Fahrzeug installieren. Mit der intelligenten Dimmfunktion k\u00f6nnen Sie die Lichtintensit\u00e4t ganz einfach anpassen und haben so immer das richtige Licht f\u00fcr jede Situation.<\/span><\/p>\n<p><span style=\"color: #000000;\">Die Lampe Strands Nuuk E-Line WL 80W LED ist ECE R10-zertifiziert und st\u00f6rt Ihr Funksignal bei ordnungsgem\u00e4\u00dfer Installation nicht. Dank der Schutzklassen IP68 und IP69K ist sie vollst\u00e4ndig staub- und wasserdicht und somit langlebig. Dank der langlebigen Materialien und des robusten Geh\u00e4uses k\u00f6nnen Sie sich auf jahrelange zuverl\u00e4ssige Leistung verlassen. Das mitgelieferte 2,5-Meter-Kabel erm\u00f6glicht eine einfache und flexible Installation.<\/span><\/p>\n<h5><span style=\"color: #000000;\"><strong>Abmessungen:<\/strong><\/span><\/h5>\n<p><span style=\"color: #000000;\">Damit die Leuchte auch genau dort passt, wo Sie sie montieren m\u00f6chten, haben wir im Folgenden die wichtigsten Abmessungen der Strands Nuuk E-Line WL 80W aufgelistet. So wissen Sie sofort, ob diese Arbeitsleuchte f\u00fcr Ihren LKW, Anh\u00e4nger oder Ihr Nutzfahrzeug geeignet ist.<\/span><\/p>\n<ul>\n<li><span style=\"color: #000000;\">H\u00f6he: 30 mm (39,5 inkl. Halterung)<\/span><\/li>\n<li><span style=\"color: #000000;\">Breite: 514 mm<\/span><\/li>\n<li><span style=\"color: #000000;\">Dicke: 28,2 mm<\/span><\/li>\n<\/ul>\n<h5><span style=\"color: #000000;\"><strong>Andere Abmessungen:\u00a0<\/strong><\/span><\/h5>\n<p><span style=\"color: #000000;\">Sie m\u00f6chten eine Nuuk E-Line von Strands, aber die Arbeitsleuchte 80W ist nicht das Richtige f\u00fcr Sie? Kein Problem! Strands bietet auch viele weitere Modelle der Nuuk-Serie sowie verschiedene LED-Lampen in unterschiedlichen Gr\u00f6\u00dfen und Helligkeitsstufen. Entdecken Sie unten das gesamte led-Sortiment und finden Sie die perfekte Lampe f\u00fcr Ihr Fahrzeug und Ihre Arbeitsanforderungen.<\/span><\/p>\n<ul>\n<li><a href=\"https:\/\/truckned.nl\/de\/produkt\/strands-nuuk-e-line-sl-80w\/\"><span style=\"color: #000000;\"><span style=\"color: #000000;\"><b>Strands Nuuk E-Line SL 80w<\/b><\/span><\/span><\/a><\/li>\n<\/ul>\n<p><span style=\"color: #000000;\">Noch nicht ganz \u00fcberzeugt? Kein Problem! Form, Lichtbild oder Optik passen vielleicht nicht ganz zu Ihren W\u00fcnschen. Zum Gl\u00fcck haben wir noch viele weitere hochwertige Strahler und LED bars im Sortiment. Werfen Sie einen kurzen Blick auf unser Gesamtsortiment. <a style=\"color: #000000;\" href=\"https:\/\/truckned.nl\/de\/merk\/produkt-strands-beleuchtungsabteilung\/\" target=\"_blank\" rel=\"noopener\">Strands<\/a> Angebot und entdecken Sie, welche Lampe perfekt zu Ihrem LKW, Anh\u00e4nger oder Arbeitsfahrzeug passt.<\/span><\/p>","protected":false},"excerpt":{"rendered":"<p>Strands Nuuk E-Line WL 80w, voor 12 en 24 volt.\u00a0 Ben jij op zoek naar een slanke en krachtige werklamp voor je truck, werkbus of tractor? Dan is de Strands Nuuk E-Line WL 80W misschien wel precies wat je zoekt. Deze extra platte LED werklamp is uitgerust met 18 krachtige LED\u2019s, levert een werkelijke lichtopbrengst [&hellip;]<\/p>","protected":false},"featured_media":33417,"comment_status":"open","ping_status":"closed","template":"","meta":{"_acf_changed":false,"site-sidebar-layout":"default","site-content-layout":"default","ast-site-content-layout":"default","site-content-style":"default","site-sidebar-style":"default","ast-global-header-display":"","ast-banner-title-visibility":"","ast-main-header-display":"","ast-hfb-above-header-display":"","ast-hfb-below-header-display":"","ast-hfb-mobile-header-display":"","site-post-title":"","ast-breadcrumbs-content":"","ast-featured-img":"","footer-sml-layout":"","ast-disable-related-posts":"","theme-transparent-header-meta":"default","adv-header-id-meta":"","stick-header-meta":"","header-above-stick-meta":"","header-main-stick-meta":"","header-below-stick-meta":"","astra-migrate-meta-layouts":"set","ast-page-background-enabled":"default","ast-page-background-meta":{"desktop":{"background-color":"","background-image":"","background-repeat":"repeat","background-position":"center center","background-size":"auto","background-attachment":"scroll","background-type":"","background-media":"","overlay-type":"","overlay-color":"","overlay-opacity":"","overlay-gradient":""},"tablet":{"background-color":"","background-image":"","background-repeat":"repeat","background-position":"center center","background-size":"auto","background-attachment":"scroll","background-type":"","background-media":"","overlay-type":"","overlay-color":"","overlay-opacity":"","overlay-gradient":""},"mobile":{"background-color":"","background-image":"","background-repeat":"repeat","background-position":"center center","background-size":"auto","background-attachment":"scroll","background-type":"","background-media":"","overlay-type":"","overlay-color":"","overlay-opacity":"","overlay-gradient":""}},"ast-content-background-meta":{"desktop":{"background-color":"var(--ast-global-color-5)","background-image":"","background-repeat":"repeat","background-position":"center center","background-size":"auto","background-attachment":"scroll","background-type":"","background-media":"","overlay-type":"","overlay-color":"","overlay-opacity":"","overlay-gradient":""},"tablet":{"background-color":"var(--ast-global-color-5)","background-image":"","background-repeat":"repeat","background-position":"center center","background-size":"auto","background-attachment":"scroll","background-type":"","background-media":"","overlay-type":"","overlay-color":"","overlay-opacity":"","overlay-gradient":""},"mobile":{"background-color":"var(--ast-global-color-5)","background-image":"","background-repeat":"repeat","background-position":"center center","background-size":"auto","background-attachment":"scroll","background-type":"","background-media":"","overlay-type":"","overlay-color":"","overlay-opacity":"","overlay-gradient":""}}},"product_brand":[],"product_cat":[7908],"product_tag":[],"class_list":{"0":"post-33089","1":"product","2":"type-product","3":"status-publish","4":"has-post-thumbnail","6":"product_cat-led-bar","7":"pa_merkk-product-strands-lighting-division","8":"desktop-align-left","9":"tablet-align-left","10":"mobile-align-left","12":"first","13":"instock","14":"taxable","15":"shipping-taxable","16":"purchasable","17":"product-type-simple"},"acf":[],"yoast_head":"<!-- This site is optimized with the Yoast SEO Premium plugin v26.5 (Yoast SEO v26.5) - https:\/\/yoast.com\/wordpress\/plugins\/seo\/ -->\n<title>Strands Nuuk E-Line WL 80w - Truckned - Strands Work Light - voor 12\/24V<\/title>\n<meta name=\"description\" content=\"Strands Nuuk E-Line WL 80w - krachtige en extra platte werklamp - 8200 Lumen - 1 Lux @ 111 meter - IP68 en IP69K waterdicht\" \/>\n<meta name=\"robots\" content=\"index, follow, max-snippet:-1, max-image-preview:large, max-video-preview:-1\" \/>\n<link rel=\"canonical\" href=\"https:\/\/truckned.nl\/de\/produkt\/strands-nuuk-e-line-wl-80w\/\" \/>\n<meta property=\"og:locale\" content=\"de_DE\" \/>\n<meta property=\"og:type\" content=\"article\" \/>\n<meta property=\"og:title\" content=\"Strands Nuuk E-Line WL 80w - Truckned - Strands Work Light - voor 12\/24V\" \/>\n<meta property=\"og:description\" content=\"Strands Nuuk E-Line WL 80w - krachtige en extra platte werklamp - 8200 Lumen - 1 Lux @ 111 meter - IP68 en IP69K waterdicht\" \/>\n<meta property=\"og:url\" content=\"https:\/\/truckned.nl\/de\/produkt\/strands-nuuk-e-line-wl-80w\/\" \/>\n<meta property=\"og:site_name\" content=\"Truckned\" \/>\n<meta property=\"article:publisher\" content=\"https:\/\/www.facebook.com\/truckned\/\" \/>\n<meta property=\"article:modified_time\" content=\"2026-02-02T09:52:50+00:00\" \/>\n<meta property=\"og:image\" content=\"https:\/\/truckned.nl\/wp-content\/uploads\/2025\/09\/TN-809137-SM.png\" \/>\n\t<meta property=\"og:image:width\" content=\"800\" \/>\n\t<meta property=\"og:image:height\" content=\"800\" \/>\n\t<meta property=\"og:image:type\" content=\"image\/png\" \/>\n<meta name=\"twitter:label1\" content=\"Preis\" \/>\n\t<meta name=\"twitter:data1\" content=\"&euro;119,00\" \/>\n\t<meta name=\"twitter:label2\" content=\"Verf\u00fcgbarkeit\" \/>\n\t<meta name=\"twitter:data2\" content=\"Auf Lager\" \/>\n<script type=\"application\/ld+json\" class=\"yoast-schema-graph\">{\"@context\":\"https:\/\/schema.org\",\"@graph\":[{\"@type\":[\"WebPage\",\"ItemPage\"],\"@id\":\"https:\/\/truckned.nl\/product\/strands-nuuk-e-line-wl-80w\/\",\"url\":\"https:\/\/truckned.nl\/product\/strands-nuuk-e-line-wl-80w\/\",\"name\":\"Strands Nuuk E-Line WL 80w - Truckned - Strands Work Light - voor 12\/24V\",\"isPartOf\":{\"@id\":\"https:\/\/truckned.nl\/nl\/#website\"},\"primaryImageOfPage\":{\"@id\":\"https:\/\/truckned.nl\/product\/strands-nuuk-e-line-wl-80w\/#primaryimage\"},\"image\":{\"@id\":\"https:\/\/truckned.nl\/product\/strands-nuuk-e-line-wl-80w\/#primaryimage\"},\"thumbnailUrl\":\"https:\/\/truckned.nl\/wp-content\/uploads\/2025\/02\/TN-809137-00.png\",\"datePublished\":\"2025-02-01T13:35:58+00:00\",\"dateModified\":\"2026-02-02T09:52:50+00:00\",\"description\":\"Strands Nuuk E-Line WL 80w - krachtige en extra platte werklamp - 8200 Lumen - 1 Lux @ 111 meter - IP68 en IP69K waterdicht\",\"breadcrumb\":{\"@id\":\"https:\/\/truckned.nl\/product\/strands-nuuk-e-line-wl-80w\/#breadcrumb\"},\"inLanguage\":\"de\",\"potentialAction\":[{\"@type\":\"ReadAction\",\"target\":[\"https:\/\/truckned.nl\/product\/strands-nuuk-e-line-wl-80w\/\"]}]},{\"@type\":\"ImageObject\",\"inLanguage\":\"de\",\"@id\":\"https:\/\/truckned.nl\/product\/strands-nuuk-e-line-wl-80w\/#primaryimage\",\"url\":\"https:\/\/truckned.nl\/wp-content\/uploads\/2025\/02\/TN-809137-00.png\",\"contentUrl\":\"https:\/\/truckned.nl\/wp-content\/uploads\/2025\/02\/TN-809137-00.png\",\"width\":800,\"height\":800,\"caption\":\"Strands 809137\"},{\"@type\":\"BreadcrumbList\",\"@id\":\"https:\/\/truckned.nl\/product\/strands-nuuk-e-line-wl-80w\/#breadcrumb\",\"itemListElement\":[{\"@type\":\"ListItem\",\"position\":1,\"name\":\"Home\",\"item\":\"https:\/\/truckned.nl\/\"},{\"@type\":\"ListItem\",\"position\":2,\"name\":\"Shop\",\"item\":\"https:\/\/truckned.nl\/nl\/shop\/\"},{\"@type\":\"ListItem\",\"position\":3,\"name\":\"Verstralers\",\"item\":\"https:\/\/truckned.nl\/product-categorie\/verstralers\/\"},{\"@type\":\"ListItem\",\"position\":4,\"name\":\"LED bar\",\"item\":\"https:\/\/truckned.nl\/product-categorie\/verstralers\/led-bar\/\"},{\"@type\":\"ListItem\",\"position\":5,\"name\":\"Strands Nuuk E-Line WL 80w\"}]},{\"@type\":\"WebSite\",\"@id\":\"https:\/\/truckned.nl\/nl\/#website\",\"url\":\"https:\/\/truckned.nl\/nl\/\",\"name\":\"Truckned\",\"description\":\"\",\"publisher\":{\"@id\":\"https:\/\/truckned.nl\/nl\/#organization\"},\"potentialAction\":[{\"@type\":\"SearchAction\",\"target\":{\"@type\":\"EntryPoint\",\"urlTemplate\":\"https:\/\/truckned.nl\/nl\/?s={search_term_string}\"},\"query-input\":{\"@type\":\"PropertyValueSpecification\",\"valueRequired\":true,\"valueName\":\"search_term_string\"}}],\"inLanguage\":\"de\"},{\"@type\":\"Organization\",\"@id\":\"https:\/\/truckned.nl\/nl\/#organization\",\"name\":\"Truckned\",\"url\":\"https:\/\/truckned.nl\/nl\/\",\"logo\":{\"@type\":\"ImageObject\",\"inLanguage\":\"de\",\"@id\":\"https:\/\/truckned.nl\/nl\/#\/schema\/logo\/image\/\",\"url\":\"https:\/\/truckned.nl\/wp-content\/uploads\/2022\/10\/800x800-Truckned-logo-zonder-tekst-ZWART.png\",\"contentUrl\":\"https:\/\/truckned.nl\/wp-content\/uploads\/2022\/10\/800x800-Truckned-logo-zonder-tekst-ZWART.png\",\"width\":801,\"height\":801,\"caption\":\"Truckned\"},\"image\":{\"@id\":\"https:\/\/truckned.nl\/nl\/#\/schema\/logo\/image\/\"},\"sameAs\":[\"https:\/\/www.facebook.com\/truckned\/\",\"https:\/\/www.instagram.com\/truckned\/\"],\"vatID\":\"NL863960509B01\",\"taxID\":\"86417487\",\"hasMerchantReturnPolicy\":{\"@type\":\"MerchantReturnPolicy\",\"merchantReturnLink\":\"https:\/\/truckned.nl\/de\/versand-rucksendungen\/\"}}]}<\/script>\n<meta property=\"product:brand\" content=\"Strands\" \/>\n<meta property=\"product:price:amount\" content=\"119.00\" \/>\n<meta property=\"product:price:currency\" content=\"EUR\" \/>\n<meta property=\"og:availability\" content=\"instock\" \/>\n<meta property=\"product:availability\" content=\"instock\" \/>\n<meta property=\"product:retailer_item_id\" content=\"TN-809137\" \/>\n<meta property=\"product:condition\" content=\"new\" \/>\n<!-- \/ Yoast SEO Premium plugin. -->","yoast_head_json":{"title":"Strands Nuuk E-Line WL 80 W \u2013 Truckned \u2013 Strands Arbeitsleuchte \u2013 f\u00fcr 12\/24V","description":"Strands Nuuk E-Line WL 80 W \u2013 leistungsstarke und extra flache Arbeitsleuchte \u2013 8200 Lumen \u2013 1 Lux auf 111 Meter \u2013 IP68 und IP69K wasserdicht","robots":{"index":"index","follow":"follow","max-snippet":"max-snippet:-1","max-image-preview":"max-image-preview:large","max-video-preview":"max-video-preview:-1"},"canonical":"https:\/\/truckned.nl\/de\/produkt\/strands-nuuk-e-line-wl-80w\/","og_locale":"de_DE","og_type":"article","og_title":"Strands Nuuk E-Line WL 80w - Truckned - Strands Work Light - voor 12\/24V","og_description":"Strands Nuuk E-Line WL 80w - krachtige en extra platte werklamp - 8200 Lumen - 1 Lux @ 111 meter - IP68 en IP69K waterdicht","og_url":"https:\/\/truckned.nl\/de\/produkt\/strands-nuuk-e-line-wl-80w\/","og_site_name":"Truckned","article_publisher":"https:\/\/www.facebook.com\/truckned\/","article_modified_time":"2026-02-02T09:52:50+00:00","og_image":[{"width":800,"height":800,"url":"https:\/\/truckned.nl\/wp-content\/uploads\/2025\/09\/TN-809137-SM.png","type":"image\/png"}],"twitter_misc":{"Preis":"&euro;119,00","Verf\u00fcgbarkeit":"Auf Lager"},"schema":{"@context":"https:\/\/schema.org","@graph":[{"@type":["WebPage","ItemPage"],"@id":"https:\/\/truckned.nl\/product\/strands-nuuk-e-line-wl-80w\/","url":"https:\/\/truckned.nl\/product\/strands-nuuk-e-line-wl-80w\/","name":"Strands Nuuk E-Line WL 80 W \u2013 Truckned \u2013 Strands Arbeitsleuchte \u2013 f\u00fcr 12\/24V","isPartOf":{"@id":"https:\/\/truckned.nl\/nl\/#website"},"primaryImageOfPage":{"@id":"https:\/\/truckned.nl\/product\/strands-nuuk-e-line-wl-80w\/#primaryimage"},"image":{"@id":"https:\/\/truckned.nl\/product\/strands-nuuk-e-line-wl-80w\/#primaryimage"},"thumbnailUrl":"https:\/\/truckned.nl\/wp-content\/uploads\/2025\/02\/TN-809137-00.png","datePublished":"2025-02-01T13:35:58+00:00","dateModified":"2026-02-02T09:52:50+00:00","description":"Strands Nuuk E-Line WL 80 W \u2013 leistungsstarke und extra flache Arbeitsleuchte \u2013 8200 Lumen \u2013 1 Lux auf 111 Meter \u2013 IP68 und IP69K wasserdicht","breadcrumb":{"@id":"https:\/\/truckned.nl\/product\/strands-nuuk-e-line-wl-80w\/#breadcrumb"},"inLanguage":"de","potentialAction":[{"@type":"ReadAction","target":["https:\/\/truckned.nl\/product\/strands-nuuk-e-line-wl-80w\/"]}]},{"@type":"ImageObject","inLanguage":"de","@id":"https:\/\/truckned.nl\/product\/strands-nuuk-e-line-wl-80w\/#primaryimage","url":"https:\/\/truckned.nl\/wp-content\/uploads\/2025\/02\/TN-809137-00.png","contentUrl":"https:\/\/truckned.nl\/wp-content\/uploads\/2025\/02\/TN-809137-00.png","width":800,"height":800,"caption":"Strands 809137"},{"@type":"BreadcrumbList","@id":"https:\/\/truckned.nl\/product\/strands-nuuk-e-line-wl-80w\/#breadcrumb","itemListElement":[{"@type":"ListItem","position":1,"name":"Home","item":"https:\/\/truckned.nl\/"},{"@type":"ListItem","position":2,"name":"Shop","item":"https:\/\/truckned.nl\/nl\/shop\/"},{"@type":"ListItem","position":3,"name":"Verstralers","item":"https:\/\/truckned.nl\/product-categorie\/verstralers\/"},{"@type":"ListItem","position":4,"name":"LED bar","item":"https:\/\/truckned.nl\/product-categorie\/verstralers\/led-bar\/"},{"@type":"ListItem","position":5,"name":"Strands Nuuk E-Line WL 80w"}]},{"@type":"WebSite","@id":"https:\/\/truckned.nl\/nl\/#website","url":"https:\/\/truckned.nl\/nl\/","name":"Truckned","description":"","publisher":{"@id":"https:\/\/truckned.nl\/nl\/#organization"},"potentialAction":[{"@type":"SearchAction","target":{"@type":"EntryPoint","urlTemplate":"https:\/\/truckned.nl\/nl\/?s={search_term_string}"},"query-input":{"@type":"PropertyValueSpecification","valueRequired":true,"valueName":"search_term_string"}}],"inLanguage":"de"},{"@type":"Organization","@id":"https:\/\/truckned.nl\/nl\/#organization","name":"Truckned","url":"https:\/\/truckned.nl\/nl\/","logo":{"@type":"ImageObject","inLanguage":"de","@id":"https:\/\/truckned.nl\/nl\/#\/schema\/logo\/image\/","url":"https:\/\/truckned.nl\/wp-content\/uploads\/2022\/10\/800x800-Truckned-logo-zonder-tekst-ZWART.png","contentUrl":"https:\/\/truckned.nl\/wp-content\/uploads\/2022\/10\/800x800-Truckned-logo-zonder-tekst-ZWART.png","width":801,"height":801,"caption":"Truckned"},"image":{"@id":"https:\/\/truckned.nl\/nl\/#\/schema\/logo\/image\/"},"sameAs":["https:\/\/www.facebook.com\/truckned\/","https:\/\/www.instagram.com\/truckned\/"],"vatID":"NL863960509B01","taxID":"86417487","hasMerchantReturnPolicy":{"@type":"MerchantReturnPolicy","merchantReturnLink":"https:\/\/truckned.nl\/de\/versand-rucksendungen\/"}}]},"product_brand":"Strands","product_price_amount":"119.00","product_price_currency":"EUR","og_availability":"instock","product_availability":"instock","product_retailer_item_id":"TN-809137","product_condition":"new"},"_links":{"self":[{"href":"https:\/\/truckned.nl\/de\/wp-json\/wp\/v2\/product\/33089","targetHints":{"allow":["GET"]}}],"collection":[{"href":"https:\/\/truckned.nl\/de\/wp-json\/wp\/v2\/product"}],"about":[{"href":"https:\/\/truckned.nl\/de\/wp-json\/wp\/v2\/types\/product"}],"replies":[{"embeddable":true,"href":"https:\/\/truckned.nl\/de\/wp-json\/wp\/v2\/comments?post=33089"}],"wp:featuredmedia":[{"embeddable":true,"href":"https:\/\/truckned.nl\/de\/wp-json\/wp\/v2\/media\/33417"}],"wp:attachment":[{"href":"https:\/\/truckned.nl\/de\/wp-json\/wp\/v2\/media?parent=33089"}],"wp:term":[{"taxonomy":"product_brand","embeddable":true,"href":"https:\/\/truckned.nl\/de\/wp-json\/wp\/v2\/product_brand?post=33089"},{"taxonomy":"product_cat","embeddable":true,"href":"https:\/\/truckned.nl\/de\/wp-json\/wp\/v2\/product_cat?post=33089"},{"taxonomy":"product_tag","embeddable":true,"href":"https:\/\/truckned.nl\/de\/wp-json\/wp\/v2\/product_tag?post=33089"}],"curies":[{"name":"wp","href":"https:\/\/api.w.org\/{rel}","templated":true}]}}