{"id":33126,"date":"2025-04-14T16:25:02","date_gmt":"2025-04-14T14:25:02","guid":{"rendered":"https:\/\/truckned.nl\/?post_type=product&#038;p=33126"},"modified":"2026-05-09T14:59:24","modified_gmt":"2026-05-09T12:59:24","slug":"pin-lvlup","status":"publish","type":"product","link":"https:\/\/truckned.nl\/de\/produkt\/pin-lvlup\/","title":{"rendered":"PIN - #LvLUp"},"content":{"rendered":"<p><span style=\"color: #000000;\"><strong>PIN \u2013 #LvLUp.<\/strong><\/span><\/p>\n<p><span style=\"color: #000000;\">Verleihen Sie Ihrem Truck mit dem PIN \u2013 #LvLUp \u2013 ein echtes Upgrade. Dieser markante Nedking-Pin f\u00e4llt sofort ins Auge. Er zeigt, dass Sie Ihren Truck ernst nehmen und stets nach den besten Ergebnissen streben. #LvLUp ist in der Truck-Welt f\u00fcr sein Reifenschwarz, seinen Innenraumglanz und seine Stylingprodukte bekannt. Mit diesem Pin zeigen Sie, dass Ihr Truck diese besondere Aufmerksamkeit verdient.<\/span><\/p>\n<p><span style=\"color: #000000;\">Der Nedking #LvLUp-Pin ist aus robustem Metall gefertigt und besticht durch sein 3D-Design, das Langlebigkeit und einen stylischen Look garantiert. Platzieren Sie ihn auf Ihrem Armaturenbrett, Ihrer Sonnenblende oder Ihrem Sitz. Dank seiner kompakten Gr\u00f6\u00dfe passt er \u00fcberall hin und ist dennoch ein echter Hingucker. Dieser Pin ist die perfekte, lustige und stylische Erg\u00e4nzung f\u00fcr jeden Trucker, der sein Fahrerhaus personalisieren und sein Fahrzeug schnell und einfach aufr\u00fcsten m\u00f6chte.<\/span><\/p>\n<div class=\"truncated\">\n<h5><span style=\"color: #000000;\"><strong>Vervollst\u00e4ndigen Sie Ihre Pin-Sammlung!<\/strong><\/span><\/h5>\n<p><span style=\"color: #000000;\">Ist der Nedking-Pin #LvLUp nur der Anfang Ihrer Sammlung? Erweitern Sie Ihre Sammlung mit anderen coolen Nedking-Pins, wie zum Beispiel:<\/span><\/p>\n<ul>\n<li><span style=\"color: #000000;\"><a style=\"color: #000000;\" href=\"https:\/\/truckned.nl\/de\/produkt\/pin-danger-hand-wash-only\/\"><strong>PIN - Danger Hand Wash Only<\/strong><\/a><\/span><\/li>\n<li><span style=\"color: #000000;\"><a style=\"color: #000000;\" href=\"https:\/\/truckned.nl\/de\/produkt\/pin-hand-wash-only\/\"><strong>PIN - Hand Wash Only<\/strong><\/a><\/span><\/li>\n<\/ul>\n<p><span style=\"color: #000000;\">M\u00f6chten Sie Ihre Kabine noch mehr personalisieren als nur mit PIN \u2013 #LvLUp? Entdecken Sie unser komplettes Sortiment. <a style=\"color: #000000;\" href=\"https:\/\/truckned.nl\/de\/produkt-kategorie\/cabine-binnenzijden\/\">LKW-Zubeh\u00f6r.<\/a> Dort finden Sie die perfekten Artikel, um Ihrem Truck einen einzigartigen Look zu verleihen.<\/span><\/p>\n<\/div>","protected":false},"excerpt":{"rendered":"<p>PIN &#8211; #LvLUp. Geef je truck een echte upgrade met de PIN &#8211; #LvLUp. Deze opvallende Nedking pin valt meteen op. Bovendien laat hij meteen zien dat jij je truck serieus verzorgt en altijd gaat voor het beste resultaat. #LvLUp staat in de truckwereld bekend om zijn bandenzwart, interieurshine en stylingproducten. Met deze pin laat [&hellip;]<\/p>","protected":false},"featured_media":33130,"comment_status":"open","ping_status":"closed","template":"","meta":{"_acf_changed":false,"site-sidebar-layout":"default","site-content-layout":"","ast-site-content-layout":"default","site-content-style":"default","site-sidebar-style":"default","ast-global-header-display":"","ast-banner-title-visibility":"","ast-main-header-display":"","ast-hfb-above-header-display":"","ast-hfb-below-header-display":"","ast-hfb-mobile-header-display":"","site-post-title":"","ast-breadcrumbs-content":"","ast-featured-img":"","footer-sml-layout":"","ast-disable-related-posts":"","theme-transparent-header-meta":"default","adv-header-id-meta":"","stick-header-meta":"","header-above-stick-meta":"","header-main-stick-meta":"","header-below-stick-meta":"","astra-migrate-meta-layouts":"set","ast-page-background-enabled":"default","ast-page-background-meta":{"desktop":{"background-color":"","background-image":"","background-repeat":"repeat","background-position":"center center","background-size":"auto","background-attachment":"scroll","background-type":"","background-media":"","overlay-type":"","overlay-color":"","overlay-opacity":"","overlay-gradient":""},"tablet":{"background-color":"","background-image":"","background-repeat":"repeat","background-position":"center center","background-size":"auto","background-attachment":"scroll","background-type":"","background-media":"","overlay-type":"","overlay-color":"","overlay-opacity":"","overlay-gradient":""},"mobile":{"background-color":"","background-image":"","background-repeat":"repeat","background-position":"center center","background-size":"auto","background-attachment":"scroll","background-type":"","background-media":"","overlay-type":"","overlay-color":"","overlay-opacity":"","overlay-gradient":""}},"ast-content-background-meta":{"desktop":{"background-color":"var(--ast-global-color-5)","background-image":"","background-repeat":"repeat","background-position":"center center","background-size":"auto","background-attachment":"scroll","background-type":"","background-media":"","overlay-type":"","overlay-color":"","overlay-opacity":"","overlay-gradient":""},"tablet":{"background-color":"var(--ast-global-color-5)","background-image":"","background-repeat":"repeat","background-position":"center center","background-size":"auto","background-attachment":"scroll","background-type":"","background-media":"","overlay-type":"","overlay-color":"","overlay-opacity":"","overlay-gradient":""},"mobile":{"background-color":"var(--ast-global-color-5)","background-image":"","background-repeat":"repeat","background-position":"center center","background-size":"auto","background-attachment":"scroll","background-type":"","background-media":"","overlay-type":"","overlay-color":"","overlay-opacity":"","overlay-gradient":""}}},"product_brand":[],"product_cat":[7537],"product_tag":[],"class_list":{"0":"post-33126","1":"product","2":"type-product","3":"status-publish","4":"has-post-thumbnail","6":"product_cat-cabine-accessoires","7":"pa_merkk-product-nedking","8":"desktop-align-left","9":"tablet-align-left","10":"mobile-align-left","12":"first","13":"instock","14":"taxable","15":"shipping-taxable","16":"purchasable","17":"product-type-simple"},"acf":[],"yoast_head":"<!-- This site is optimized with the Yoast SEO Premium plugin v26.5 (Yoast SEO v26.5) - https:\/\/yoast.com\/wordpress\/plugins\/seo\/ -->\n<title>PIN - #LvLUp - Truckned - truck accessoires en meer<\/title>\n<meta name=\"description\" content=\"PIN - #LvLUp - puur vakmanschap - 3D effect - hoogwaardige metalen pin - perfecte accessoire voor je cabine - verzamel alle pins\" \/>\n<meta name=\"robots\" content=\"index, follow, max-snippet:-1, max-image-preview:large, max-video-preview:-1\" \/>\n<link rel=\"canonical\" href=\"https:\/\/truckned.nl\/de\/produkt\/pin-lvlup\/\" \/>\n<meta property=\"og:locale\" content=\"de_DE\" \/>\n<meta property=\"og:type\" content=\"article\" \/>\n<meta property=\"og:title\" content=\"PIN - #LvLUp - Truckned - truck accessoires en meer\" \/>\n<meta property=\"og:description\" content=\"PIN - #LvLUp - puur vakmanschap - 3D effect - hoogwaardige metalen pin - perfecte accessoire voor je cabine - verzamel alle pins\" \/>\n<meta property=\"og:url\" content=\"https:\/\/truckned.nl\/de\/produkt\/pin-lvlup\/\" \/>\n<meta property=\"og:site_name\" content=\"Truckned\" \/>\n<meta property=\"article:publisher\" content=\"https:\/\/www.facebook.com\/truckned\/\" \/>\n<meta property=\"article:modified_time\" content=\"2026-05-09T12:59:24+00:00\" \/>\n<meta property=\"og:image\" content=\"https:\/\/truckned.nl\/wp-content\/uploads\/2025\/10\/TN-501051-2.png\" \/>\n\t<meta property=\"og:image:width\" content=\"800\" \/>\n\t<meta property=\"og:image:height\" content=\"800\" \/>\n\t<meta property=\"og:image:type\" content=\"image\/png\" \/>\n<meta name=\"twitter:label1\" content=\"Preis\" \/>\n\t<meta name=\"twitter:data1\" content=\"&euro;7,95\" \/>\n\t<meta name=\"twitter:label2\" content=\"Verf\u00fcgbarkeit\" \/>\n\t<meta name=\"twitter:data2\" content=\"Auf Lager\" \/>\n<script type=\"application\/ld+json\" class=\"yoast-schema-graph\">{\"@context\":\"https:\/\/schema.org\",\"@graph\":[{\"@type\":[\"WebPage\",\"ItemPage\"],\"@id\":\"https:\/\/truckned.nl\/product\/pin-lvlup\/\",\"url\":\"https:\/\/truckned.nl\/product\/pin-lvlup\/\",\"name\":\"PIN - #LvLUp - Truckned - truck accessoires en meer\",\"isPartOf\":{\"@id\":\"https:\/\/truckned.nl\/nl\/#website\"},\"primaryImageOfPage\":{\"@id\":\"https:\/\/truckned.nl\/product\/pin-lvlup\/#primaryimage\"},\"image\":{\"@id\":\"https:\/\/truckned.nl\/product\/pin-lvlup\/#primaryimage\"},\"thumbnailUrl\":\"https:\/\/truckned.nl\/wp-content\/uploads\/2025\/10\/TN-501051.png\",\"datePublished\":\"2025-04-14T14:25:02+00:00\",\"dateModified\":\"2026-05-09T12:59:24+00:00\",\"description\":\"PIN - #LvLUp - puur vakmanschap - 3D effect - hoogwaardige metalen pin - perfecte accessoire voor je cabine - verzamel alle pins\",\"breadcrumb\":{\"@id\":\"https:\/\/truckned.nl\/product\/pin-lvlup\/#breadcrumb\"},\"inLanguage\":\"de\",\"potentialAction\":[{\"@type\":\"ReadAction\",\"target\":[\"https:\/\/truckned.nl\/product\/pin-lvlup\/\"]}]},{\"@type\":\"ImageObject\",\"inLanguage\":\"de\",\"@id\":\"https:\/\/truckned.nl\/product\/pin-lvlup\/#primaryimage\",\"url\":\"https:\/\/truckned.nl\/wp-content\/uploads\/2025\/10\/TN-501051.png\",\"contentUrl\":\"https:\/\/truckned.nl\/wp-content\/uploads\/2025\/10\/TN-501051.png\",\"width\":800,\"height\":800,\"caption\":\"PIN - #LvLUp - TN-501051 - nostalgie op je dashboard - metalen pin - Nedking\"},{\"@type\":\"BreadcrumbList\",\"@id\":\"https:\/\/truckned.nl\/product\/pin-lvlup\/#breadcrumb\",\"itemListElement\":[{\"@type\":\"ListItem\",\"position\":1,\"name\":\"Home\",\"item\":\"https:\/\/truckned.nl\/\"},{\"@type\":\"ListItem\",\"position\":2,\"name\":\"Shop\",\"item\":\"https:\/\/truckned.nl\/nl\/shop\/\"},{\"@type\":\"ListItem\",\"position\":3,\"name\":\"Cabine - accessoires\",\"item\":\"https:\/\/truckned.nl\/product-categorie\/cabine-accessoires\/\"},{\"@type\":\"ListItem\",\"position\":4,\"name\":\"PIN &#8211; #LvLUp\"}]},{\"@type\":\"WebSite\",\"@id\":\"https:\/\/truckned.nl\/nl\/#website\",\"url\":\"https:\/\/truckned.nl\/nl\/\",\"name\":\"Truckned\",\"description\":\"\",\"publisher\":{\"@id\":\"https:\/\/truckned.nl\/nl\/#organization\"},\"potentialAction\":[{\"@type\":\"SearchAction\",\"target\":{\"@type\":\"EntryPoint\",\"urlTemplate\":\"https:\/\/truckned.nl\/nl\/?s={search_term_string}\"},\"query-input\":{\"@type\":\"PropertyValueSpecification\",\"valueRequired\":true,\"valueName\":\"search_term_string\"}}],\"inLanguage\":\"de\"},{\"@type\":\"Organization\",\"@id\":\"https:\/\/truckned.nl\/nl\/#organization\",\"name\":\"Truckned\",\"url\":\"https:\/\/truckned.nl\/nl\/\",\"logo\":{\"@type\":\"ImageObject\",\"inLanguage\":\"de\",\"@id\":\"https:\/\/truckned.nl\/nl\/#\/schema\/logo\/image\/\",\"url\":\"https:\/\/truckned.nl\/wp-content\/uploads\/2022\/10\/800x800-Truckned-logo-zonder-tekst-ZWART.png\",\"contentUrl\":\"https:\/\/truckned.nl\/wp-content\/uploads\/2022\/10\/800x800-Truckned-logo-zonder-tekst-ZWART.png\",\"width\":801,\"height\":801,\"caption\":\"Truckned\"},\"image\":{\"@id\":\"https:\/\/truckned.nl\/nl\/#\/schema\/logo\/image\/\"},\"sameAs\":[\"https:\/\/www.facebook.com\/truckned\/\",\"https:\/\/www.instagram.com\/truckned\/\"],\"vatID\":\"NL863960509B01\",\"taxID\":\"86417487\",\"hasMerchantReturnPolicy\":{\"@type\":\"MerchantReturnPolicy\",\"merchantReturnLink\":\"https:\/\/truckned.nl\/de\/versand-rucksendungen\/\"}}]}<\/script>\n<meta property=\"product:brand\" content=\"Nedking\" \/>\n<meta property=\"product:price:amount\" content=\"7.95\" \/>\n<meta property=\"product:price:currency\" content=\"EUR\" \/>\n<meta property=\"og:availability\" content=\"instock\" \/>\n<meta property=\"product:availability\" content=\"instock\" \/>\n<meta property=\"product:retailer_item_id\" content=\"TN-501051\" \/>\n<meta property=\"product:condition\" content=\"new\" \/>\n<!-- \/ Yoast SEO Premium plugin. -->","yoast_head_json":{"title":"PIN - #LvLUp - Truckned - LKW-Zubeh\u00f6r und mehr","description":"PIN - #LvLUp - reine Handwerkskunst - 3D-Effekt - hochwertiger Metallpin - perfektes Accessoire f\u00fcr Ihre Kabine - sammeln Sie alle Pins","robots":{"index":"index","follow":"follow","max-snippet":"max-snippet:-1","max-image-preview":"max-image-preview:large","max-video-preview":"max-video-preview:-1"},"canonical":"https:\/\/truckned.nl\/de\/produkt\/pin-lvlup\/","og_locale":"de_DE","og_type":"article","og_title":"PIN - #LvLUp - Truckned - truck accessoires en meer","og_description":"PIN - #LvLUp - puur vakmanschap - 3D effect - hoogwaardige metalen pin - perfecte accessoire voor je cabine - verzamel alle pins","og_url":"https:\/\/truckned.nl\/de\/produkt\/pin-lvlup\/","og_site_name":"Truckned","article_publisher":"https:\/\/www.facebook.com\/truckned\/","article_modified_time":"2026-05-09T12:59:24+00:00","og_image":[{"width":800,"height":800,"url":"https:\/\/truckned.nl\/wp-content\/uploads\/2025\/10\/TN-501051-2.png","type":"image\/png"}],"twitter_misc":{"Preis":"&euro;7,95","Verf\u00fcgbarkeit":"Auf Lager"},"schema":{"@context":"https:\/\/schema.org","@graph":[{"@type":["WebPage","ItemPage"],"@id":"https:\/\/truckned.nl\/product\/pin-lvlup\/","url":"https:\/\/truckned.nl\/product\/pin-lvlup\/","name":"PIN - #LvLUp - Truckned - LKW-Zubeh\u00f6r und mehr","isPartOf":{"@id":"https:\/\/truckned.nl\/nl\/#website"},"primaryImageOfPage":{"@id":"https:\/\/truckned.nl\/product\/pin-lvlup\/#primaryimage"},"image":{"@id":"https:\/\/truckned.nl\/product\/pin-lvlup\/#primaryimage"},"thumbnailUrl":"https:\/\/truckned.nl\/wp-content\/uploads\/2025\/10\/TN-501051.png","datePublished":"2025-04-14T14:25:02+00:00","dateModified":"2026-05-09T12:59:24+00:00","description":"PIN - #LvLUp - reine Handwerkskunst - 3D-Effekt - hochwertiger Metallpin - perfektes Accessoire f\u00fcr Ihre Kabine - sammeln Sie alle Pins","breadcrumb":{"@id":"https:\/\/truckned.nl\/product\/pin-lvlup\/#breadcrumb"},"inLanguage":"de","potentialAction":[{"@type":"ReadAction","target":["https:\/\/truckned.nl\/product\/pin-lvlup\/"]}]},{"@type":"ImageObject","inLanguage":"de","@id":"https:\/\/truckned.nl\/product\/pin-lvlup\/#primaryimage","url":"https:\/\/truckned.nl\/wp-content\/uploads\/2025\/10\/TN-501051.png","contentUrl":"https:\/\/truckned.nl\/wp-content\/uploads\/2025\/10\/TN-501051.png","width":800,"height":800,"caption":"PIN - #LvLUp - TN-501051 - nostalgie op je dashboard - metalen pin - Nedking"},{"@type":"BreadcrumbList","@id":"https:\/\/truckned.nl\/product\/pin-lvlup\/#breadcrumb","itemListElement":[{"@type":"ListItem","position":1,"name":"Home","item":"https:\/\/truckned.nl\/"},{"@type":"ListItem","position":2,"name":"Shop","item":"https:\/\/truckned.nl\/nl\/shop\/"},{"@type":"ListItem","position":3,"name":"Cabine - accessoires","item":"https:\/\/truckned.nl\/product-categorie\/cabine-accessoires\/"},{"@type":"ListItem","position":4,"name":"PIN &#8211; #LvLUp"}]},{"@type":"WebSite","@id":"https:\/\/truckned.nl\/nl\/#website","url":"https:\/\/truckned.nl\/nl\/","name":"Truckned","description":"","publisher":{"@id":"https:\/\/truckned.nl\/nl\/#organization"},"potentialAction":[{"@type":"SearchAction","target":{"@type":"EntryPoint","urlTemplate":"https:\/\/truckned.nl\/nl\/?s={search_term_string}"},"query-input":{"@type":"PropertyValueSpecification","valueRequired":true,"valueName":"search_term_string"}}],"inLanguage":"de"},{"@type":"Organization","@id":"https:\/\/truckned.nl\/nl\/#organization","name":"Truckned","url":"https:\/\/truckned.nl\/nl\/","logo":{"@type":"ImageObject","inLanguage":"de","@id":"https:\/\/truckned.nl\/nl\/#\/schema\/logo\/image\/","url":"https:\/\/truckned.nl\/wp-content\/uploads\/2022\/10\/800x800-Truckned-logo-zonder-tekst-ZWART.png","contentUrl":"https:\/\/truckned.nl\/wp-content\/uploads\/2022\/10\/800x800-Truckned-logo-zonder-tekst-ZWART.png","width":801,"height":801,"caption":"Truckned"},"image":{"@id":"https:\/\/truckned.nl\/nl\/#\/schema\/logo\/image\/"},"sameAs":["https:\/\/www.facebook.com\/truckned\/","https:\/\/www.instagram.com\/truckned\/"],"vatID":"NL863960509B01","taxID":"86417487","hasMerchantReturnPolicy":{"@type":"MerchantReturnPolicy","merchantReturnLink":"https:\/\/truckned.nl\/de\/versand-rucksendungen\/"}}]},"product_brand":"Nedking","product_price_amount":"7.95","product_price_currency":"EUR","og_availability":"instock","product_availability":"instock","product_retailer_item_id":"TN-501051","product_condition":"new"},"_links":{"self":[{"href":"https:\/\/truckned.nl\/de\/wp-json\/wp\/v2\/product\/33126","targetHints":{"allow":["GET"]}}],"collection":[{"href":"https:\/\/truckned.nl\/de\/wp-json\/wp\/v2\/product"}],"about":[{"href":"https:\/\/truckned.nl\/de\/wp-json\/wp\/v2\/types\/product"}],"replies":[{"embeddable":true,"href":"https:\/\/truckned.nl\/de\/wp-json\/wp\/v2\/comments?post=33126"}],"wp:featuredmedia":[{"embeddable":true,"href":"https:\/\/truckned.nl\/de\/wp-json\/wp\/v2\/media\/33130"}],"wp:attachment":[{"href":"https:\/\/truckned.nl\/de\/wp-json\/wp\/v2\/media?parent=33126"}],"wp:term":[{"taxonomy":"product_brand","embeddable":true,"href":"https:\/\/truckned.nl\/de\/wp-json\/wp\/v2\/product_brand?post=33126"},{"taxonomy":"product_cat","embeddable":true,"href":"https:\/\/truckned.nl\/de\/wp-json\/wp\/v2\/product_cat?post=33126"},{"taxonomy":"product_tag","embeddable":true,"href":"https:\/\/truckned.nl\/de\/wp-json\/wp\/v2\/product_tag?post=33126"}],"curies":[{"name":"wp","href":"https:\/\/api.w.org\/{rel}","templated":true}]}}