{"id":33127,"date":"2025-04-14T16:00:35","date_gmt":"2025-04-14T14:00:35","guid":{"rendered":"https:\/\/truckned.nl\/?post_type=product&#038;p=33127"},"modified":"2026-05-03T22:38:25","modified_gmt":"2026-05-03T20:38:25","slug":"pin-stiholt","status":"publish","type":"product","link":"https:\/\/truckned.nl\/de\/produkt\/pin-stiholt\/","title":{"rendered":"PIN - Stiholt"},"content":{"rendered":"<p><span style=\"color: #000000;\"><strong>PIN \u2013 Stiholt.<\/strong><\/span><\/p>\n<p><span style=\"color: #000000;\">Zeigen Sie Ihre wahre Scania-Leidenschaft mit dem Stiholt PIN. Dieser einzigartige Pin f\u00e4llt sofort auf und erregt Aufmerksamkeit. Er ist inspiriert vom legend\u00e4ren d\u00e4nischen Scania-H\u00e4ndler und -Umr\u00fcster Stiholt. Seine Form ist dem legend\u00e4ren Schmutzf\u00e4nger nachempfunden. Damit zeigen Sie sofort Ihren Stolz auf Ihren Lkw. Er verleiht Ihrem Fahrerhaus Charakter und Stil. Perfekt f\u00fcr Fahrer, die ihrem Scania das gewisse Extra verleihen m\u00f6chten.<\/span><\/p>\n<p><span style=\"color: #000000;\">Der Stiholt PIN ist aus robustem Metall gefertigt. Sein 3D-Design verleiht ihm ein robustes Aussehen und macht ihn langlebig. Sie k\u00f6nnen ihn \u00fcberall platzieren: auf Ihrem Armaturenbrett, Ihrer Sonnenblende oder Ihrem Sitz. Dank seiner kompakten Gr\u00f6\u00dfe passt er immer. Dar\u00fcber hinaus ist der Nedking Stiholt PIN ein echter Hingucker. Er vereint Stil, St\u00e4rke und Verspieltheit in einem kompakten Pin. Kurz gesagt: eine auff\u00e4llige und sinnvolle Erg\u00e4nzung f\u00fcr jeden Trucker, der sein Fahrerhaus individuell gestalten m\u00f6chte.<\/span><\/p>\n<div class=\"truncated\">\n<h5><span style=\"color: #000000;\"><strong>Vervollst\u00e4ndigen Sie Ihre Pin-Sammlung!<\/strong><\/span><\/h5>\n<p><span style=\"color: #000000;\">Ist der Nedking Stiholt Pin nur der Anfang Ihrer Sammlung? Erweitern Sie Ihre Sammlung mit anderen coolen Nedking Pins, wie zum Beispiel:<\/span><\/p>\n<ul>\n<li><span style=\"color: #000000;\"><a style=\"color: #000000;\" href=\"https:\/\/truckned.nl\/de\/produkt\/pin-v8-logo\/\"><strong>PIN - V8 Logo<\/strong><\/a><\/span><\/li>\n<\/ul>\n<p><span style=\"color: #000000;\">Sie m\u00f6chten Ihre Kabine noch pers\u00f6nlicher gestalten? Schauen Sie sich in diesem Fall unser komplettes Sortiment an <a style=\"color: #000000;\" href=\"https:\/\/truckned.nl\/de\/produkt-kategorie\/cabine-binnenzijden\/\">LKW-Zubeh\u00f6r<\/a> und finden Sie die perfekten Artikel, um Ihrem Truck ein einzigartiges Aussehen zu verleihen.<\/span><\/p>\n<\/div>","protected":false},"excerpt":{"rendered":"<p>PIN &#8211; Stiholt. Laat meteen zien dat jij een echte Scania-liefhebber bent met de PIN Stiholt. Deze unieke pin valt direct op en trekt aandacht. Bovendien is hij ge\u00efnspireerd op de legendarische Deense Scania-dealer en ombouwer Stiholt. De vorm is gebaseerd op de iconische spatlap. Zo laat je direct zien dat jij trots bent op [&hellip;]<\/p>","protected":false},"featured_media":33146,"comment_status":"open","ping_status":"closed","template":"","meta":{"_acf_changed":false,"site-sidebar-layout":"default","site-content-layout":"","ast-site-content-layout":"default","site-content-style":"default","site-sidebar-style":"default","ast-global-header-display":"","ast-banner-title-visibility":"","ast-main-header-display":"","ast-hfb-above-header-display":"","ast-hfb-below-header-display":"","ast-hfb-mobile-header-display":"","site-post-title":"","ast-breadcrumbs-content":"","ast-featured-img":"","footer-sml-layout":"","ast-disable-related-posts":"","theme-transparent-header-meta":"default","adv-header-id-meta":"","stick-header-meta":"","header-above-stick-meta":"","header-main-stick-meta":"","header-below-stick-meta":"","astra-migrate-meta-layouts":"set","ast-page-background-enabled":"default","ast-page-background-meta":{"desktop":{"background-color":"","background-image":"","background-repeat":"repeat","background-position":"center center","background-size":"auto","background-attachment":"scroll","background-type":"","background-media":"","overlay-type":"","overlay-color":"","overlay-opacity":"","overlay-gradient":""},"tablet":{"background-color":"","background-image":"","background-repeat":"repeat","background-position":"center center","background-size":"auto","background-attachment":"scroll","background-type":"","background-media":"","overlay-type":"","overlay-color":"","overlay-opacity":"","overlay-gradient":""},"mobile":{"background-color":"","background-image":"","background-repeat":"repeat","background-position":"center center","background-size":"auto","background-attachment":"scroll","background-type":"","background-media":"","overlay-type":"","overlay-color":"","overlay-opacity":"","overlay-gradient":""}},"ast-content-background-meta":{"desktop":{"background-color":"var(--ast-global-color-5)","background-image":"","background-repeat":"repeat","background-position":"center center","background-size":"auto","background-attachment":"scroll","background-type":"","background-media":"","overlay-type":"","overlay-color":"","overlay-opacity":"","overlay-gradient":""},"tablet":{"background-color":"var(--ast-global-color-5)","background-image":"","background-repeat":"repeat","background-position":"center center","background-size":"auto","background-attachment":"scroll","background-type":"","background-media":"","overlay-type":"","overlay-color":"","overlay-opacity":"","overlay-gradient":""},"mobile":{"background-color":"var(--ast-global-color-5)","background-image":"","background-repeat":"repeat","background-position":"center center","background-size":"auto","background-attachment":"scroll","background-type":"","background-media":"","overlay-type":"","overlay-color":"","overlay-opacity":"","overlay-gradient":""}}},"product_brand":[],"product_cat":[7537],"product_tag":[],"class_list":{"0":"post-33127","1":"product","2":"type-product","3":"status-publish","4":"has-post-thumbnail","6":"product_cat-cabine-accessoires","7":"pa_merkk-product-nedking","8":"desktop-align-left","9":"tablet-align-left","10":"mobile-align-left","12":"first","13":"instock","14":"taxable","15":"shipping-taxable","16":"purchasable","17":"product-type-simple"},"acf":[],"yoast_head":"<!-- This site is optimized with the Yoast SEO Premium plugin v26.5 (Yoast SEO v26.5) - https:\/\/yoast.com\/wordpress\/plugins\/seo\/ -->\n<title>PIN - Stiholt - Truckned - truck accessoires en meer<\/title>\n<meta name=\"description\" content=\"PIN - Stiholt - 3D effect - puur vakmanschap - hoogwaardige metalen pin - perfecte accessoire voor je cabine - verzamel alle pins\" \/>\n<meta name=\"robots\" content=\"index, follow, max-snippet:-1, max-image-preview:large, max-video-preview:-1\" \/>\n<link rel=\"canonical\" href=\"https:\/\/truckned.nl\/de\/produkt\/pin-stiholt\/\" \/>\n<meta property=\"og:locale\" content=\"de_DE\" \/>\n<meta property=\"og:type\" content=\"article\" \/>\n<meta property=\"og:title\" content=\"PIN - Stiholt - Truckned - truck accessoires en meer\" \/>\n<meta property=\"og:description\" content=\"PIN - Stiholt - 3D effect - puur vakmanschap - hoogwaardige metalen pin - perfecte accessoire voor je cabine - verzamel alle pins\" \/>\n<meta property=\"og:url\" content=\"https:\/\/truckned.nl\/de\/produkt\/pin-stiholt\/\" \/>\n<meta property=\"og:site_name\" content=\"Truckned\" \/>\n<meta property=\"article:publisher\" content=\"https:\/\/www.facebook.com\/truckned\/\" \/>\n<meta property=\"article:modified_time\" content=\"2026-05-03T20:38:25+00:00\" \/>\n<meta property=\"og:image\" content=\"https:\/\/truckned.nl\/wp-content\/uploads\/2025\/10\/TN-501001-SM.png\" \/>\n\t<meta property=\"og:image:width\" content=\"800\" \/>\n\t<meta property=\"og:image:height\" content=\"800\" \/>\n\t<meta property=\"og:image:type\" content=\"image\/png\" \/>\n<meta name=\"twitter:label1\" content=\"Preis\" \/>\n\t<meta name=\"twitter:data1\" content=\"&euro;7,95\" \/>\n\t<meta name=\"twitter:label2\" content=\"Verf\u00fcgbarkeit\" \/>\n\t<meta name=\"twitter:data2\" content=\"Auf Lager\" \/>\n<script type=\"application\/ld+json\" class=\"yoast-schema-graph\">{\"@context\":\"https:\/\/schema.org\",\"@graph\":[{\"@type\":[\"WebPage\",\"ItemPage\"],\"@id\":\"https:\/\/truckned.nl\/product\/pin-stiholt\/\",\"url\":\"https:\/\/truckned.nl\/product\/pin-stiholt\/\",\"name\":\"PIN - Stiholt - Truckned - truck accessoires en meer\",\"isPartOf\":{\"@id\":\"https:\/\/truckned.nl\/nl\/#website\"},\"primaryImageOfPage\":{\"@id\":\"https:\/\/truckned.nl\/product\/pin-stiholt\/#primaryimage\"},\"image\":{\"@id\":\"https:\/\/truckned.nl\/product\/pin-stiholt\/#primaryimage\"},\"thumbnailUrl\":\"https:\/\/truckned.nl\/wp-content\/uploads\/2025\/10\/TN-501001.png\",\"datePublished\":\"2025-04-14T14:00:35+00:00\",\"dateModified\":\"2026-05-03T20:38:25+00:00\",\"description\":\"PIN - Stiholt - 3D effect - puur vakmanschap - hoogwaardige metalen pin - perfecte accessoire voor je cabine - verzamel alle pins\",\"breadcrumb\":{\"@id\":\"https:\/\/truckned.nl\/product\/pin-stiholt\/#breadcrumb\"},\"inLanguage\":\"de\",\"potentialAction\":[{\"@type\":\"ReadAction\",\"target\":[\"https:\/\/truckned.nl\/product\/pin-stiholt\/\"]}]},{\"@type\":\"ImageObject\",\"inLanguage\":\"de\",\"@id\":\"https:\/\/truckned.nl\/product\/pin-stiholt\/#primaryimage\",\"url\":\"https:\/\/truckned.nl\/wp-content\/uploads\/2025\/10\/TN-501001.png\",\"contentUrl\":\"https:\/\/truckned.nl\/wp-content\/uploads\/2025\/10\/TN-501001.png\",\"width\":800,\"height\":800,\"caption\":\"PIN - Stiholt - TN-501001 - nostalgie op je dashboard - metalen pin - Nedking\"},{\"@type\":\"BreadcrumbList\",\"@id\":\"https:\/\/truckned.nl\/product\/pin-stiholt\/#breadcrumb\",\"itemListElement\":[{\"@type\":\"ListItem\",\"position\":1,\"name\":\"Home\",\"item\":\"https:\/\/truckned.nl\/\"},{\"@type\":\"ListItem\",\"position\":2,\"name\":\"Shop\",\"item\":\"https:\/\/truckned.nl\/nl\/shop\/\"},{\"@type\":\"ListItem\",\"position\":3,\"name\":\"Cabine - accessoires\",\"item\":\"https:\/\/truckned.nl\/product-categorie\/cabine-accessoires\/\"},{\"@type\":\"ListItem\",\"position\":4,\"name\":\"PIN &#8211; Stiholt\"}]},{\"@type\":\"WebSite\",\"@id\":\"https:\/\/truckned.nl\/nl\/#website\",\"url\":\"https:\/\/truckned.nl\/nl\/\",\"name\":\"Truckned\",\"description\":\"\",\"publisher\":{\"@id\":\"https:\/\/truckned.nl\/nl\/#organization\"},\"potentialAction\":[{\"@type\":\"SearchAction\",\"target\":{\"@type\":\"EntryPoint\",\"urlTemplate\":\"https:\/\/truckned.nl\/nl\/?s={search_term_string}\"},\"query-input\":{\"@type\":\"PropertyValueSpecification\",\"valueRequired\":true,\"valueName\":\"search_term_string\"}}],\"inLanguage\":\"de\"},{\"@type\":\"Organization\",\"@id\":\"https:\/\/truckned.nl\/nl\/#organization\",\"name\":\"Truckned\",\"url\":\"https:\/\/truckned.nl\/nl\/\",\"logo\":{\"@type\":\"ImageObject\",\"inLanguage\":\"de\",\"@id\":\"https:\/\/truckned.nl\/nl\/#\/schema\/logo\/image\/\",\"url\":\"https:\/\/truckned.nl\/wp-content\/uploads\/2022\/10\/800x800-Truckned-logo-zonder-tekst-ZWART.png\",\"contentUrl\":\"https:\/\/truckned.nl\/wp-content\/uploads\/2022\/10\/800x800-Truckned-logo-zonder-tekst-ZWART.png\",\"width\":801,\"height\":801,\"caption\":\"Truckned\"},\"image\":{\"@id\":\"https:\/\/truckned.nl\/nl\/#\/schema\/logo\/image\/\"},\"sameAs\":[\"https:\/\/www.facebook.com\/truckned\/\",\"https:\/\/www.instagram.com\/truckned\/\"],\"vatID\":\"NL863960509B01\",\"taxID\":\"86417487\",\"hasMerchantReturnPolicy\":{\"@type\":\"MerchantReturnPolicy\",\"merchantReturnLink\":\"https:\/\/truckned.nl\/de\/versand-rucksendungen\/\"}}]}<\/script>\n<meta property=\"product:brand\" content=\"Nedking\" \/>\n<meta property=\"product:price:amount\" content=\"7.95\" \/>\n<meta property=\"product:price:currency\" content=\"EUR\" \/>\n<meta property=\"og:availability\" content=\"instock\" \/>\n<meta property=\"product:availability\" content=\"instock\" \/>\n<meta property=\"product:retailer_item_id\" content=\"TN-501001\" \/>\n<meta property=\"product:condition\" content=\"new\" \/>\n<!-- \/ Yoast SEO Premium plugin. -->","yoast_head_json":{"title":"PIN - Stiholt - Truckned - LKW-Zubeh\u00f6r und mehr","description":"PIN - Stiholt - 3D-Effekt - reine Handarbeit - hochwertiger Metallpin - perfektes Accessoire f\u00fcr Ihre Kabine - sammeln Sie alle Pins","robots":{"index":"index","follow":"follow","max-snippet":"max-snippet:-1","max-image-preview":"max-image-preview:large","max-video-preview":"max-video-preview:-1"},"canonical":"https:\/\/truckned.nl\/de\/produkt\/pin-stiholt\/","og_locale":"de_DE","og_type":"article","og_title":"PIN - Stiholt - Truckned - truck accessoires en meer","og_description":"PIN - Stiholt - 3D effect - puur vakmanschap - hoogwaardige metalen pin - perfecte accessoire voor je cabine - verzamel alle pins","og_url":"https:\/\/truckned.nl\/de\/produkt\/pin-stiholt\/","og_site_name":"Truckned","article_publisher":"https:\/\/www.facebook.com\/truckned\/","article_modified_time":"2026-05-03T20:38:25+00:00","og_image":[{"width":800,"height":800,"url":"https:\/\/truckned.nl\/wp-content\/uploads\/2025\/10\/TN-501001-SM.png","type":"image\/png"}],"twitter_misc":{"Preis":"&euro;7,95","Verf\u00fcgbarkeit":"Auf Lager"},"schema":{"@context":"https:\/\/schema.org","@graph":[{"@type":["WebPage","ItemPage"],"@id":"https:\/\/truckned.nl\/product\/pin-stiholt\/","url":"https:\/\/truckned.nl\/product\/pin-stiholt\/","name":"PIN - Stiholt - Truckned - LKW-Zubeh\u00f6r und mehr","isPartOf":{"@id":"https:\/\/truckned.nl\/nl\/#website"},"primaryImageOfPage":{"@id":"https:\/\/truckned.nl\/product\/pin-stiholt\/#primaryimage"},"image":{"@id":"https:\/\/truckned.nl\/product\/pin-stiholt\/#primaryimage"},"thumbnailUrl":"https:\/\/truckned.nl\/wp-content\/uploads\/2025\/10\/TN-501001.png","datePublished":"2025-04-14T14:00:35+00:00","dateModified":"2026-05-03T20:38:25+00:00","description":"PIN - Stiholt - 3D-Effekt - reine Handarbeit - hochwertiger Metallpin - perfektes Accessoire f\u00fcr Ihre Kabine - sammeln Sie alle Pins","breadcrumb":{"@id":"https:\/\/truckned.nl\/product\/pin-stiholt\/#breadcrumb"},"inLanguage":"de","potentialAction":[{"@type":"ReadAction","target":["https:\/\/truckned.nl\/product\/pin-stiholt\/"]}]},{"@type":"ImageObject","inLanguage":"de","@id":"https:\/\/truckned.nl\/product\/pin-stiholt\/#primaryimage","url":"https:\/\/truckned.nl\/wp-content\/uploads\/2025\/10\/TN-501001.png","contentUrl":"https:\/\/truckned.nl\/wp-content\/uploads\/2025\/10\/TN-501001.png","width":800,"height":800,"caption":"PIN - Stiholt - TN-501001 - nostalgie op je dashboard - metalen pin - Nedking"},{"@type":"BreadcrumbList","@id":"https:\/\/truckned.nl\/product\/pin-stiholt\/#breadcrumb","itemListElement":[{"@type":"ListItem","position":1,"name":"Home","item":"https:\/\/truckned.nl\/"},{"@type":"ListItem","position":2,"name":"Shop","item":"https:\/\/truckned.nl\/nl\/shop\/"},{"@type":"ListItem","position":3,"name":"Cabine - accessoires","item":"https:\/\/truckned.nl\/product-categorie\/cabine-accessoires\/"},{"@type":"ListItem","position":4,"name":"PIN &#8211; Stiholt"}]},{"@type":"WebSite","@id":"https:\/\/truckned.nl\/nl\/#website","url":"https:\/\/truckned.nl\/nl\/","name":"Truckned","description":"","publisher":{"@id":"https:\/\/truckned.nl\/nl\/#organization"},"potentialAction":[{"@type":"SearchAction","target":{"@type":"EntryPoint","urlTemplate":"https:\/\/truckned.nl\/nl\/?s={search_term_string}"},"query-input":{"@type":"PropertyValueSpecification","valueRequired":true,"valueName":"search_term_string"}}],"inLanguage":"de"},{"@type":"Organization","@id":"https:\/\/truckned.nl\/nl\/#organization","name":"Truckned","url":"https:\/\/truckned.nl\/nl\/","logo":{"@type":"ImageObject","inLanguage":"de","@id":"https:\/\/truckned.nl\/nl\/#\/schema\/logo\/image\/","url":"https:\/\/truckned.nl\/wp-content\/uploads\/2022\/10\/800x800-Truckned-logo-zonder-tekst-ZWART.png","contentUrl":"https:\/\/truckned.nl\/wp-content\/uploads\/2022\/10\/800x800-Truckned-logo-zonder-tekst-ZWART.png","width":801,"height":801,"caption":"Truckned"},"image":{"@id":"https:\/\/truckned.nl\/nl\/#\/schema\/logo\/image\/"},"sameAs":["https:\/\/www.facebook.com\/truckned\/","https:\/\/www.instagram.com\/truckned\/"],"vatID":"NL863960509B01","taxID":"86417487","hasMerchantReturnPolicy":{"@type":"MerchantReturnPolicy","merchantReturnLink":"https:\/\/truckned.nl\/de\/versand-rucksendungen\/"}}]},"product_brand":"Nedking","product_price_amount":"7.95","product_price_currency":"EUR","og_availability":"instock","product_availability":"instock","product_retailer_item_id":"TN-501001","product_condition":"new"},"_links":{"self":[{"href":"https:\/\/truckned.nl\/de\/wp-json\/wp\/v2\/product\/33127","targetHints":{"allow":["GET"]}}],"collection":[{"href":"https:\/\/truckned.nl\/de\/wp-json\/wp\/v2\/product"}],"about":[{"href":"https:\/\/truckned.nl\/de\/wp-json\/wp\/v2\/types\/product"}],"replies":[{"embeddable":true,"href":"https:\/\/truckned.nl\/de\/wp-json\/wp\/v2\/comments?post=33127"}],"wp:featuredmedia":[{"embeddable":true,"href":"https:\/\/truckned.nl\/de\/wp-json\/wp\/v2\/media\/33146"}],"wp:attachment":[{"href":"https:\/\/truckned.nl\/de\/wp-json\/wp\/v2\/media?parent=33127"}],"wp:term":[{"taxonomy":"product_brand","embeddable":true,"href":"https:\/\/truckned.nl\/de\/wp-json\/wp\/v2\/product_brand?post=33127"},{"taxonomy":"product_cat","embeddable":true,"href":"https:\/\/truckned.nl\/de\/wp-json\/wp\/v2\/product_cat?post=33127"},{"taxonomy":"product_tag","embeddable":true,"href":"https:\/\/truckned.nl\/de\/wp-json\/wp\/v2\/product_tag?post=33127"}],"curies":[{"name":"wp","href":"https:\/\/api.w.org\/{rel}","templated":true}]}}