{"id":33168,"date":"2023-03-10T14:00:43","date_gmt":"2023-03-10T13:00:43","guid":{"rendered":"https:\/\/truckned.nl\/?post_type=product&#038;p=33168"},"modified":"2026-05-08T12:21:33","modified_gmt":"2026-05-08T10:21:33","slug":"nedking-luchthoorn-95cm-the-black-edition","status":"publish","type":"product","link":"https:\/\/truckned.nl\/de\/produkt\/nedking-luchthoorn-95cm-the-black-edition\/","title":{"rendered":"Nedking Lufthorn 95cm \"The Black Edition\""},"content":{"rendered":"<p><span style=\"color: #000000;\"><strong>Nedking Lufthorn 95 cm \u201cThe Black Edition\u201d.<\/strong><\/span><\/p>\n<p><span style=\"color: #000000;\">Suchen Sie nach einem coolen Zubeh\u00f6r, um Ihren Truck aufzuwerten? Die schwarze Nedking-Drucklufthupe (95 cm) ist die perfekte Wahl, wenn Sie Wert auf Qualit\u00e4t, Optik und Klang legen. Diese schwarze Drucklufthupe ist aus Messing gefertigt, was ihr nicht nur ein robustes Aussehen, sondern auch eine hervorragende Rost- und Witterungsbest\u00e4ndigkeit verleiht. Ideal f\u00fcr den t\u00e4glichen Gebrauch, bei jedem Wetter. <\/span><\/p>\n<p><span style=\"color: #000000;\">Mit einem Schallpegel von sage und schreibe 120 dB sind Sie schon von weitem h\u00f6rbar \u2013 genau das Richtige, wenn Sie auf der Stra\u00dfe gesehen und geh\u00f6rt werden wollen. Die Nedking Air Horn 95 cm schwarz wird inklusive Montagematerial geliefert; Sie m\u00fcssen lediglich die Anschlussteile selbst besorgen.<\/span><\/p>\n<h5><span style=\"color: #000000;\"><strong>Abmessungen:<\/strong><\/span><\/h5>\n<p><span style=\"color: #000000;\">Die Ma\u00dfe der schwarzen 95cm Drucklufthupe der Marke Nedking sind wie folgt:\u00a0<\/span><\/p>\n<ul>\n<li><span style=\"color: #000000;\">L\u00e4nge: 950 mm<\/span><\/li>\n<li><span style=\"color: #000000;\">Durchmesser Kelch: 180 mm<\/span><\/li>\n<li><span style=\"color: #000000;\">Tiefe: 40 mm<\/span><\/li>\n<\/ul>\n<h5><span style=\"color: #000000;\"><strong>Andere Versionen:<\/strong><\/span><\/h5>\n<p><span style=\"color: #000000;\">M\u00f6chten Sie eine Nedking-Drucklufthupe, aber nicht die schwarze Version? Oder suchen Sie eine zweite in einer anderen Gr\u00f6\u00dfe? Dann sehen Sie sich hier die anderen Modelle an.<\/span><\/p>\n<ul>\n<li><span style=\"color: #000000;\"><a style=\"color: #000000;\" href=\"https:\/\/truckned.nl\/de\/produkt\/nedking-rvs-luchthoorn-55cm\/\"><strong>Drucklufthorn 55 cm Edelstahl<\/strong><\/a><\/span><\/li>\n<li><span style=\"color: #000000;\"><a style=\"color: #000000;\" href=\"https:\/\/truckned.nl\/de\/produkt\/nedking-rvs-luchthoorn-65cm\/\"><strong>Drucklufthorn 65 cm Edelstahl<\/strong><\/a><\/span><\/li>\n<li><span style=\"color: #000000;\"><strong><a style=\"color: #000000;\" href=\"https:\/\/truckned.nl\/de\/produkt\/nedking-rvs-luchthoorn-75cm\/\">Drucklufthorn 75 cm Edelstahl<\/a><\/strong><\/span><\/li>\n<li><span style=\"color: #000000;\"><strong><a style=\"color: #000000;\" href=\"https:\/\/truckned.nl\/de\/produkt\/nedking-rvs-luchthoorn-95cm\/\">Drucklufthorn 95 cm Edelstahl<\/a><\/strong><\/span><\/li>\n<\/ul>\n<p><span style=\"color: #000000;\">Suchen Sie etwas anderes? Vielleicht ist diese 95 cm lange schwarze Drucklufthupe nicht ganz Ihr Stil oder Ihre Gr\u00f6\u00dfe. Kein Problem, sehen Sie sich hier unsere komplette Auswahl an. <a style=\"color: #000000;\" href=\"https:\/\/truckned.nl\/de\/produkt-kategorie\/luchthoorns\/\">Drucklufth\u00f6rner<\/a>\u00a0und finden Sie die Version, die zu Ihnen passt.<\/span><\/p>","protected":false},"excerpt":{"rendered":"<p>Nedking luchthoorn 95cm &#8220;The Black Edition&#8221;. Ben je op zoek naar een stoere accessoire om je vrachtwagen mee te upgraden? De Nedking Luchthoorn 95cm black is een perfecte keuze als je houdt van kwaliteit, uitstraling \u00e9n geluid. Deze zwarte luchthoorn is gemaakt van messing, waardoor hij niet alleen een robuuste look heeft, maar ook goed [&hellip;]<\/p>","protected":false},"featured_media":33169,"comment_status":"open","ping_status":"closed","template":"","meta":{"_acf_changed":false,"site-sidebar-layout":"default","site-content-layout":"default","ast-site-content-layout":"default","site-content-style":"default","site-sidebar-style":"default","ast-global-header-display":"","ast-banner-title-visibility":"","ast-main-header-display":"","ast-hfb-above-header-display":"","ast-hfb-below-header-display":"","ast-hfb-mobile-header-display":"","site-post-title":"","ast-breadcrumbs-content":"","ast-featured-img":"","footer-sml-layout":"","ast-disable-related-posts":"","theme-transparent-header-meta":"default","adv-header-id-meta":"","stick-header-meta":"","header-above-stick-meta":"","header-main-stick-meta":"","header-below-stick-meta":"","astra-migrate-meta-layouts":"set","ast-page-background-enabled":"default","ast-page-background-meta":{"desktop":{"background-color":"","background-image":"","background-repeat":"repeat","background-position":"center center","background-size":"auto","background-attachment":"scroll","background-type":"","background-media":"","overlay-type":"","overlay-color":"","overlay-opacity":"","overlay-gradient":""},"tablet":{"background-color":"","background-image":"","background-repeat":"repeat","background-position":"center center","background-size":"auto","background-attachment":"scroll","background-type":"","background-media":"","overlay-type":"","overlay-color":"","overlay-opacity":"","overlay-gradient":""},"mobile":{"background-color":"","background-image":"","background-repeat":"repeat","background-position":"center center","background-size":"auto","background-attachment":"scroll","background-type":"","background-media":"","overlay-type":"","overlay-color":"","overlay-opacity":"","overlay-gradient":""}},"ast-content-background-meta":{"desktop":{"background-color":"var(--ast-global-color-5)","background-image":"","background-repeat":"repeat","background-position":"center center","background-size":"auto","background-attachment":"scroll","background-type":"","background-media":"","overlay-type":"","overlay-color":"","overlay-opacity":"","overlay-gradient":""},"tablet":{"background-color":"var(--ast-global-color-5)","background-image":"","background-repeat":"repeat","background-position":"center center","background-size":"auto","background-attachment":"scroll","background-type":"","background-media":"","overlay-type":"","overlay-color":"","overlay-opacity":"","overlay-gradient":""},"mobile":{"background-color":"var(--ast-global-color-5)","background-image":"","background-repeat":"repeat","background-position":"center center","background-size":"auto","background-attachment":"scroll","background-type":"","background-media":"","overlay-type":"","overlay-color":"","overlay-opacity":"","overlay-gradient":""}}},"product_brand":[],"product_cat":[7523],"product_tag":[],"class_list":{"0":"post-33168","1":"product","2":"type-product","3":"status-publish","4":"has-post-thumbnail","6":"product_cat-nedking-luchthoorn","7":"pa_merkk-product-nedking","8":"desktop-align-left","9":"tablet-align-left","10":"mobile-align-left","12":"first","13":"instock","14":"taxable","15":"shipping-taxable","16":"purchasable","17":"product-type-simple"},"acf":[],"yoast_head":"<!-- This site is optimized with the Yoast SEO Premium plugin v26.5 (Yoast SEO v26.5) - https:\/\/yoast.com\/wordpress\/plugins\/seo\/ -->\n<title>Nedking luchthoorn 95cm black - Truckned - 120 Decibel - messing luchthoorn<\/title>\n<meta name=\"description\" content=\"Nedking luchthoorn 95cm black - incl. bevestigingsmateriaal - 120DB - !!super luid en gaaf!! - 8mm luchtaansluiting - enige echte Nedking luchthoorn\" \/>\n<meta name=\"robots\" content=\"index, follow, max-snippet:-1, max-image-preview:large, max-video-preview:-1\" \/>\n<link rel=\"canonical\" href=\"https:\/\/truckned.nl\/de\/produkt\/nedking-luchthoorn-95cm-the-black-edition\/\" \/>\n<meta property=\"og:locale\" content=\"de_DE\" \/>\n<meta property=\"og:type\" content=\"article\" \/>\n<meta property=\"og:title\" content=\"Nedking luchthoorn 95cm black - Truckned - 120 Decibel - messing luchthoorn\" \/>\n<meta property=\"og:description\" content=\"Nedking luchthoorn 95cm black - incl. bevestigingsmateriaal - 120DB - !!super luid en gaaf!! - 8mm luchtaansluiting - enige echte Nedking luchthoorn\" \/>\n<meta property=\"og:url\" content=\"https:\/\/truckned.nl\/de\/produkt\/nedking-luchthoorn-95cm-the-black-edition\/\" \/>\n<meta property=\"og:site_name\" content=\"Truckned\" \/>\n<meta property=\"article:publisher\" content=\"https:\/\/www.facebook.com\/truckned\/\" \/>\n<meta property=\"article:modified_time\" content=\"2026-05-08T10:21:33+00:00\" \/>\n<meta property=\"og:image\" content=\"https:\/\/truckned.nl\/wp-content\/uploads\/2025\/10\/TN-301NED95B-SM.png\" \/>\n\t<meta property=\"og:image:width\" content=\"800\" \/>\n\t<meta property=\"og:image:height\" content=\"800\" \/>\n\t<meta property=\"og:image:type\" content=\"image\/png\" \/>\n<meta name=\"twitter:label1\" content=\"Preis\" \/>\n\t<meta name=\"twitter:data1\" content=\"&euro;189,00\" \/>\n\t<meta name=\"twitter:label2\" content=\"Verf\u00fcgbarkeit\" \/>\n\t<meta name=\"twitter:data2\" content=\"Auf Lager\" \/>\n<script type=\"application\/ld+json\" class=\"yoast-schema-graph\">{\"@context\":\"https:\/\/schema.org\",\"@graph\":[{\"@type\":[\"WebPage\",\"ItemPage\"],\"@id\":\"https:\/\/truckned.nl\/product\/nedking-luchthoorn-95cm-the-black-edition\/\",\"url\":\"https:\/\/truckned.nl\/product\/nedking-luchthoorn-95cm-the-black-edition\/\",\"name\":\"Nedking luchthoorn 95cm black - Truckned - 120 Decibel - messing luchthoorn\",\"isPartOf\":{\"@id\":\"https:\/\/truckned.nl\/nl\/#website\"},\"primaryImageOfPage\":{\"@id\":\"https:\/\/truckned.nl\/product\/nedking-luchthoorn-95cm-the-black-edition\/#primaryimage\"},\"image\":{\"@id\":\"https:\/\/truckned.nl\/product\/nedking-luchthoorn-95cm-the-black-edition\/#primaryimage\"},\"thumbnailUrl\":\"https:\/\/truckned.nl\/wp-content\/uploads\/2025\/10\/TN-301NED95B.png\",\"datePublished\":\"2023-03-10T13:00:43+00:00\",\"dateModified\":\"2026-05-08T10:21:33+00:00\",\"description\":\"Nedking luchthoorn 95cm black - incl. bevestigingsmateriaal - 120DB - !!super luid en gaaf!! - 8mm luchtaansluiting - enige echte Nedking luchthoorn\",\"breadcrumb\":{\"@id\":\"https:\/\/truckned.nl\/product\/nedking-luchthoorn-95cm-the-black-edition\/#breadcrumb\"},\"inLanguage\":\"de\",\"potentialAction\":[{\"@type\":\"ReadAction\",\"target\":[\"https:\/\/truckned.nl\/product\/nedking-luchthoorn-95cm-the-black-edition\/\"]}]},{\"@type\":\"ImageObject\",\"inLanguage\":\"de\",\"@id\":\"https:\/\/truckned.nl\/product\/nedking-luchthoorn-95cm-the-black-edition\/#primaryimage\",\"url\":\"https:\/\/truckned.nl\/wp-content\/uploads\/2025\/10\/TN-301NED95B.png\",\"contentUrl\":\"https:\/\/truckned.nl\/wp-content\/uploads\/2025\/10\/TN-301NED95B.png\",\"width\":800,\"height\":800,\"caption\":\"Neking luchthoorn 95c, black - 120 dB - EAN: 7423515610640 - 8mm luchtaansluiting\"},{\"@type\":\"BreadcrumbList\",\"@id\":\"https:\/\/truckned.nl\/product\/nedking-luchthoorn-95cm-the-black-edition\/#breadcrumb\",\"itemListElement\":[{\"@type\":\"ListItem\",\"position\":1,\"name\":\"Home\",\"item\":\"https:\/\/truckned.nl\/\"},{\"@type\":\"ListItem\",\"position\":2,\"name\":\"Shop\",\"item\":\"https:\/\/truckned.nl\/nl\/shop\/\"},{\"@type\":\"ListItem\",\"position\":3,\"name\":\"Luchthoorns\",\"item\":\"https:\/\/truckned.nl\/en\/product-category-2\/luchthoorns\/\"},{\"@type\":\"ListItem\",\"position\":4,\"name\":\"Nedking Luchthoorn\",\"item\":\"https:\/\/truckned.nl\/nl\/product-categorie\/luchthoorns\/nedking-luchthoorn\/\"},{\"@type\":\"ListItem\",\"position\":5,\"name\":\"Nedking luchthoorn 95cm The Black Edition\"}]},{\"@type\":\"WebSite\",\"@id\":\"https:\/\/truckned.nl\/nl\/#website\",\"url\":\"https:\/\/truckned.nl\/nl\/\",\"name\":\"Truckned\",\"description\":\"\",\"publisher\":{\"@id\":\"https:\/\/truckned.nl\/nl\/#organization\"},\"potentialAction\":[{\"@type\":\"SearchAction\",\"target\":{\"@type\":\"EntryPoint\",\"urlTemplate\":\"https:\/\/truckned.nl\/nl\/?s={search_term_string}\"},\"query-input\":{\"@type\":\"PropertyValueSpecification\",\"valueRequired\":true,\"valueName\":\"search_term_string\"}}],\"inLanguage\":\"de\"},{\"@type\":\"Organization\",\"@id\":\"https:\/\/truckned.nl\/nl\/#organization\",\"name\":\"Truckned\",\"url\":\"https:\/\/truckned.nl\/nl\/\",\"logo\":{\"@type\":\"ImageObject\",\"inLanguage\":\"de\",\"@id\":\"https:\/\/truckned.nl\/nl\/#\/schema\/logo\/image\/\",\"url\":\"https:\/\/truckned.nl\/wp-content\/uploads\/2022\/10\/800x800-Truckned-logo-zonder-tekst-ZWART.png\",\"contentUrl\":\"https:\/\/truckned.nl\/wp-content\/uploads\/2022\/10\/800x800-Truckned-logo-zonder-tekst-ZWART.png\",\"width\":801,\"height\":801,\"caption\":\"Truckned\"},\"image\":{\"@id\":\"https:\/\/truckned.nl\/nl\/#\/schema\/logo\/image\/\"},\"sameAs\":[\"https:\/\/www.facebook.com\/truckned\/\",\"https:\/\/www.instagram.com\/truckned\/\"],\"vatID\":\"NL863960509B01\",\"taxID\":\"86417487\",\"hasMerchantReturnPolicy\":{\"@type\":\"MerchantReturnPolicy\",\"merchantReturnLink\":\"https:\/\/truckned.nl\/de\/versand-rucksendungen\/\"}}]}<\/script>\n<meta property=\"product:brand\" content=\"Nedking\" \/>\n<meta property=\"product:price:amount\" content=\"189.00\" \/>\n<meta property=\"product:price:currency\" content=\"EUR\" \/>\n<meta property=\"og:availability\" content=\"instock\" \/>\n<meta property=\"product:availability\" content=\"instock\" \/>\n<meta property=\"product:retailer_item_id\" content=\"TN-301NED95B\" \/>\n<meta property=\"product:condition\" content=\"new\" \/>\n<!-- \/ Yoast SEO Premium plugin. -->","yoast_head_json":{"title":"Nedking Lufthorn 95cm schwarz - Truckned - 120 Dezibel - Messing Drucklufthorn","description":"Nedking Lufthorn 95cm schwarz - inkl. Montagematerial - 120dB - !!Super laut und cool!! - 8mm Luftanschluss - das einzig wahre Nedking Drucklufthorn","robots":{"index":"index","follow":"follow","max-snippet":"max-snippet:-1","max-image-preview":"max-image-preview:large","max-video-preview":"max-video-preview:-1"},"canonical":"https:\/\/truckned.nl\/de\/produkt\/nedking-luchthoorn-95cm-the-black-edition\/","og_locale":"de_DE","og_type":"article","og_title":"Nedking luchthoorn 95cm black - Truckned - 120 Decibel - messing luchthoorn","og_description":"Nedking luchthoorn 95cm black - incl. bevestigingsmateriaal - 120DB - !!super luid en gaaf!! - 8mm luchtaansluiting - enige echte Nedking luchthoorn","og_url":"https:\/\/truckned.nl\/de\/produkt\/nedking-luchthoorn-95cm-the-black-edition\/","og_site_name":"Truckned","article_publisher":"https:\/\/www.facebook.com\/truckned\/","article_modified_time":"2026-05-08T10:21:33+00:00","og_image":[{"width":800,"height":800,"url":"https:\/\/truckned.nl\/wp-content\/uploads\/2025\/10\/TN-301NED95B-SM.png","type":"image\/png"}],"twitter_misc":{"Preis":"&euro;189,00","Verf\u00fcgbarkeit":"Auf Lager"},"schema":{"@context":"https:\/\/schema.org","@graph":[{"@type":["WebPage","ItemPage"],"@id":"https:\/\/truckned.nl\/product\/nedking-luchthoorn-95cm-the-black-edition\/","url":"https:\/\/truckned.nl\/product\/nedking-luchthoorn-95cm-the-black-edition\/","name":"Nedking Lufthorn 95cm schwarz - Truckned - 120 Dezibel - Messing Drucklufthorn","isPartOf":{"@id":"https:\/\/truckned.nl\/nl\/#website"},"primaryImageOfPage":{"@id":"https:\/\/truckned.nl\/product\/nedking-luchthoorn-95cm-the-black-edition\/#primaryimage"},"image":{"@id":"https:\/\/truckned.nl\/product\/nedking-luchthoorn-95cm-the-black-edition\/#primaryimage"},"thumbnailUrl":"https:\/\/truckned.nl\/wp-content\/uploads\/2025\/10\/TN-301NED95B.png","datePublished":"2023-03-10T13:00:43+00:00","dateModified":"2026-05-08T10:21:33+00:00","description":"Nedking Lufthorn 95cm schwarz - inkl. Montagematerial - 120dB - !!Super laut und cool!! - 8mm Luftanschluss - das einzig wahre Nedking Drucklufthorn","breadcrumb":{"@id":"https:\/\/truckned.nl\/product\/nedking-luchthoorn-95cm-the-black-edition\/#breadcrumb"},"inLanguage":"de","potentialAction":[{"@type":"ReadAction","target":["https:\/\/truckned.nl\/product\/nedking-luchthoorn-95cm-the-black-edition\/"]}]},{"@type":"ImageObject","inLanguage":"de","@id":"https:\/\/truckned.nl\/product\/nedking-luchthoorn-95cm-the-black-edition\/#primaryimage","url":"https:\/\/truckned.nl\/wp-content\/uploads\/2025\/10\/TN-301NED95B.png","contentUrl":"https:\/\/truckned.nl\/wp-content\/uploads\/2025\/10\/TN-301NED95B.png","width":800,"height":800,"caption":"Neking luchthoorn 95c, black - 120 dB - EAN: 7423515610640 - 8mm luchtaansluiting"},{"@type":"BreadcrumbList","@id":"https:\/\/truckned.nl\/product\/nedking-luchthoorn-95cm-the-black-edition\/#breadcrumb","itemListElement":[{"@type":"ListItem","position":1,"name":"Home","item":"https:\/\/truckned.nl\/"},{"@type":"ListItem","position":2,"name":"Shop","item":"https:\/\/truckned.nl\/nl\/shop\/"},{"@type":"ListItem","position":3,"name":"Luchthoorns","item":"https:\/\/truckned.nl\/en\/product-category-2\/luchthoorns\/"},{"@type":"ListItem","position":4,"name":"Nedking Luchthoorn","item":"https:\/\/truckned.nl\/nl\/product-categorie\/luchthoorns\/nedking-luchthoorn\/"},{"@type":"ListItem","position":5,"name":"Nedking luchthoorn 95cm The Black Edition"}]},{"@type":"WebSite","@id":"https:\/\/truckned.nl\/nl\/#website","url":"https:\/\/truckned.nl\/nl\/","name":"Truckned","description":"","publisher":{"@id":"https:\/\/truckned.nl\/nl\/#organization"},"potentialAction":[{"@type":"SearchAction","target":{"@type":"EntryPoint","urlTemplate":"https:\/\/truckned.nl\/nl\/?s={search_term_string}"},"query-input":{"@type":"PropertyValueSpecification","valueRequired":true,"valueName":"search_term_string"}}],"inLanguage":"de"},{"@type":"Organization","@id":"https:\/\/truckned.nl\/nl\/#organization","name":"Truckned","url":"https:\/\/truckned.nl\/nl\/","logo":{"@type":"ImageObject","inLanguage":"de","@id":"https:\/\/truckned.nl\/nl\/#\/schema\/logo\/image\/","url":"https:\/\/truckned.nl\/wp-content\/uploads\/2022\/10\/800x800-Truckned-logo-zonder-tekst-ZWART.png","contentUrl":"https:\/\/truckned.nl\/wp-content\/uploads\/2022\/10\/800x800-Truckned-logo-zonder-tekst-ZWART.png","width":801,"height":801,"caption":"Truckned"},"image":{"@id":"https:\/\/truckned.nl\/nl\/#\/schema\/logo\/image\/"},"sameAs":["https:\/\/www.facebook.com\/truckned\/","https:\/\/www.instagram.com\/truckned\/"],"vatID":"NL863960509B01","taxID":"86417487","hasMerchantReturnPolicy":{"@type":"MerchantReturnPolicy","merchantReturnLink":"https:\/\/truckned.nl\/de\/versand-rucksendungen\/"}}]},"product_brand":"Nedking","product_price_amount":"189.00","product_price_currency":"EUR","og_availability":"instock","product_availability":"instock","product_retailer_item_id":"TN-301NED95B","product_condition":"new"},"_links":{"self":[{"href":"https:\/\/truckned.nl\/de\/wp-json\/wp\/v2\/product\/33168","targetHints":{"allow":["GET"]}}],"collection":[{"href":"https:\/\/truckned.nl\/de\/wp-json\/wp\/v2\/product"}],"about":[{"href":"https:\/\/truckned.nl\/de\/wp-json\/wp\/v2\/types\/product"}],"replies":[{"embeddable":true,"href":"https:\/\/truckned.nl\/de\/wp-json\/wp\/v2\/comments?post=33168"}],"wp:featuredmedia":[{"embeddable":true,"href":"https:\/\/truckned.nl\/de\/wp-json\/wp\/v2\/media\/33169"}],"wp:attachment":[{"href":"https:\/\/truckned.nl\/de\/wp-json\/wp\/v2\/media?parent=33168"}],"wp:term":[{"taxonomy":"product_brand","embeddable":true,"href":"https:\/\/truckned.nl\/de\/wp-json\/wp\/v2\/product_brand?post=33168"},{"taxonomy":"product_cat","embeddable":true,"href":"https:\/\/truckned.nl\/de\/wp-json\/wp\/v2\/product_cat?post=33168"},{"taxonomy":"product_tag","embeddable":true,"href":"https:\/\/truckned.nl\/de\/wp-json\/wp\/v2\/product_tag?post=33168"}],"curies":[{"name":"wp","href":"https:\/\/api.w.org\/{rel}","templated":true}]}}