{"id":33329,"date":"2025-04-15T19:10:29","date_gmt":"2025-04-15T17:10:29","guid":{"rendered":"https:\/\/truckned.nl\/?post_type=product&#038;p=33329"},"modified":"2026-05-08T05:05:20","modified_gmt":"2026-05-08T03:05:20","slug":"microvezeldoeken-5-stuks-roze","status":"publish","type":"product","link":"https:\/\/truckned.nl\/de\/produkt\/microvezeldoeken-5-stuks-roze\/","title":{"rendered":"Mikrofasert\u00fccher 5 St\u00fcck - PINK"},"content":{"rendered":"<p><span style=\"color: #000000;\"><strong>Mikrofasert\u00fccher 5 St\u00fcck ROSA.<\/strong><\/span><\/p>\n<p><span style=\"color: #000000;\">Suchen Sie nach einer praktischen, langlebigen und effektiven M\u00f6glichkeit, Ihren LKW, Ihr Auto, Ihr Motorrad oder ein anderes Fahrzeug sauber zu halten? Dann ist das PINK Mikrofasertuch-Set genau das Richtige f\u00fcr Sie. Dieses Set enth\u00e4lt 5 Reinigungst\u00fccher und darf in Ihrem Wartungskit nicht fehlen! Sie sorgen f\u00fcr streifen- und kratzfreie Reinigung auf nahezu jeder Oberfl\u00e4che. Egal ob Sie sie zum Reinigen, Trocknen, Polieren oder Schwabbeln verwenden, diese T\u00fccher liefern immer Ergebnisse. Denken Sie an Lack, Kunststoff, Glas oder Chrom. Dank ihrer gro\u00dfz\u00fcgigen Gr\u00f6\u00dfe von 40 x 40 cm liegen sie gut in der Hand und erm\u00f6glichen Ihnen schnelles und pr\u00e4zises Arbeiten.<\/span><\/p>\n<p><span style=\"color: #000000;\">Das pinkfarbene Reinigungstuch-Set besteht aus 150 Gramm hochwertiger Mikrofaser. Dadurch sind sie fusselfrei, kratzfest und nehmen Feuchtigkeit und Schmutz m\u00fchelos auf. Egal, ob Sie gerade ein Reinigungsmittel aufgetragen haben oder einfach nur Staub und Fingerabdr\u00fccke entfernen m\u00f6chten \u2013 diese T\u00fccher erledigen die Arbeit f\u00fcr Sie. Verwenden Sie sie trocken zum Abstauben oder nass zum L\u00f6sen von Schmutz. Dank ihrer weichen Textur eignen sie sich auch f\u00fcr empfindliche Lacke, Spiegel und Bildschirme.<\/span><\/p>\n<h5><span style=\"color: #000000;\"><strong>Anwendungstipps:<\/strong><\/span><\/h5>\n<p><span style=\"color: #000000;\">Verwenden Sie f\u00fcr jede Oberfl\u00e4che und jedes Reinigungsmittel ein separates Tuch, um Flecken und R\u00fcckst\u00e4nde zu vermeiden. Falten Sie das Tuch in Viertel f\u00fcr besseren Halt und mehrere saubere Fl\u00e4chen pro Tuch. F\u00fcr optimale Ergebnisse reinigen Sie immer in geraden Z\u00fcgen oder sanften Kreisbewegungen, ohne \u00fcberm\u00e4\u00dfigen Druck. Auch wichtig: Die rosa Reinigungst\u00fccher sind wiederverwendbar. Waschen Sie sie nach Gebrauch bei niedriger Temperatur (ohne Weichsp\u00fcler!) und schon sind sie wieder bereit f\u00fcr die n\u00e4chste Reinigung. So tragen Sie nicht nur zu einem saubereren Fahrzeug bei, sondern auch zu mehr Nachhaltigkeit.<\/span><\/p>\n<h5><span style=\"color: #000000;\"><strong>Kombinieren mit:<\/strong><\/span><\/h5>\n<p><span style=\"color: #000000;\">M\u00f6chten Sie Ihrem Fahrzeug einen wundersch\u00f6nen Glanz verleihen? Dann ist dieses Set aus PINK Mikrofasert\u00fcchern nicht nur praktisch, sondern unverzichtbar. Dank ihres weichen, fusselfreien Materials eignen sie sich ideal zum Polieren von Fl\u00fcssigwachs, Detailsprays oder Polituren. Au\u00dferdem hinterlassen sie keine Streifen oder Kratzer. Bevorzugen Sie eine andere Farbe? Schauen Sie sich die unten an:<\/span><\/p>\n<ul>\n<li><a href=\"https:\/\/truckned.nl\/de\/produkt\/set-microvezeldoeken-blauw\/\"><span style=\"color: #000000;\"><strong>Mikrofasertuch-Set BLAU<\/strong><\/span><\/a><\/li>\n<li><a href=\"https:\/\/truckned.nl\/de\/produkt\/set-microvezeldoeken-groen\/\"><span style=\"color: #000000;\"><strong>Mikrofasertuch-Set GR\u00dcN<\/strong><\/span><\/a><\/li>\n<\/ul>\n<p><span style=\"color: #000000;\">Ist dieses Set PINK Mikrofasert\u00fccher nicht ganz das, was du suchst? Kein Problem. Dann schau doch mal auf unserer Seite vorbei. <a style=\"color: #000000;\" href=\"https:\/\/truckned.nl\/de\/produkt-kategorie\/cabine-buitenzijde\/reiniging-onderhoud\/\">Reinigung und Wartung<\/a>Egal, ob Sie professionelle Polituren, Reiniger oder Reifenschw\u00e4rzer suchen, wir haben alles, was Sie brauchen, damit Ihr Fahrzeug wieder optimal aussieht.\u00a0<\/span><\/p>","protected":false},"excerpt":{"rendered":"<p>Microvezeldoeken 5 stuks ROZE. Ben je op zoek naar een handige, duurzame \u00e9n effectieve manier om je vrachtwagen, auto, motor of ander voertuig schoon te houden? Dan is de set microvezeldoeken ROZE precies wat je nodig hebt. De set bestaat uit 5 poetsdoeken en mag eigenlijk niet ontbreken in jouw onderhoudspakket! Ze zorgen namelijk voor [&hellip;]<\/p>","protected":false},"featured_media":33322,"comment_status":"open","ping_status":"closed","template":"","meta":{"_acf_changed":false,"site-sidebar-layout":"default","site-content-layout":"","ast-site-content-layout":"default","site-content-style":"default","site-sidebar-style":"default","ast-global-header-display":"","ast-banner-title-visibility":"","ast-main-header-display":"","ast-hfb-above-header-display":"","ast-hfb-below-header-display":"","ast-hfb-mobile-header-display":"","site-post-title":"","ast-breadcrumbs-content":"","ast-featured-img":"","footer-sml-layout":"","ast-disable-related-posts":"","theme-transparent-header-meta":"default","adv-header-id-meta":"","stick-header-meta":"","header-above-stick-meta":"","header-main-stick-meta":"","header-below-stick-meta":"","astra-migrate-meta-layouts":"set","ast-page-background-enabled":"default","ast-page-background-meta":{"desktop":{"background-color":"","background-image":"","background-repeat":"repeat","background-position":"center center","background-size":"auto","background-attachment":"scroll","background-type":"","background-media":"","overlay-type":"","overlay-color":"","overlay-opacity":"","overlay-gradient":""},"tablet":{"background-color":"","background-image":"","background-repeat":"repeat","background-position":"center center","background-size":"auto","background-attachment":"scroll","background-type":"","background-media":"","overlay-type":"","overlay-color":"","overlay-opacity":"","overlay-gradient":""},"mobile":{"background-color":"","background-image":"","background-repeat":"repeat","background-position":"center center","background-size":"auto","background-attachment":"scroll","background-type":"","background-media":"","overlay-type":"","overlay-color":"","overlay-opacity":"","overlay-gradient":""}},"ast-content-background-meta":{"desktop":{"background-color":"var(--ast-global-color-5)","background-image":"","background-repeat":"repeat","background-position":"center center","background-size":"auto","background-attachment":"scroll","background-type":"","background-media":"","overlay-type":"","overlay-color":"","overlay-opacity":"","overlay-gradient":""},"tablet":{"background-color":"var(--ast-global-color-5)","background-image":"","background-repeat":"repeat","background-position":"center center","background-size":"auto","background-attachment":"scroll","background-type":"","background-media":"","overlay-type":"","overlay-color":"","overlay-opacity":"","overlay-gradient":""},"mobile":{"background-color":"var(--ast-global-color-5)","background-image":"","background-repeat":"repeat","background-position":"center center","background-size":"auto","background-attachment":"scroll","background-type":"","background-media":"","overlay-type":"","overlay-color":"","overlay-opacity":"","overlay-gradient":""}}},"product_brand":[],"product_cat":[7851],"product_tag":[],"class_list":{"0":"post-33329","1":"product","2":"type-product","3":"status-publish","4":"has-post-thumbnail","6":"product_cat-reiniging-onderhoud","7":"pa_merkk-truckned","8":"desktop-align-left","9":"tablet-align-left","10":"mobile-align-left","12":"first","13":"instock","14":"taxable","15":"shipping-taxable","16":"purchasable","17":"product-type-simple"},"acf":[],"yoast_head":"<!-- This site is optimized with the Yoast SEO Premium plugin v26.5 (Yoast SEO v26.5) - https:\/\/yoast.com\/wordpress\/plugins\/seo\/ -->\n<title>Set microvezeldoeken ROZE - Truckned - 5x poetsdoek<\/title>\n<meta name=\"description\" content=\"Set microvezeldoeken ROZE - 5 stuks - 40x40 cm - professionele doeken - kras- en streepvrij resultaat - voor vrachtwagen, auto en meer\" \/>\n<meta name=\"robots\" content=\"index, follow, max-snippet:-1, max-image-preview:large, max-video-preview:-1\" \/>\n<link rel=\"canonical\" href=\"https:\/\/truckned.nl\/de\/produkt\/microvezeldoeken-5-stuks-roze\/\" \/>\n<meta property=\"og:locale\" content=\"de_DE\" \/>\n<meta property=\"og:type\" content=\"article\" \/>\n<meta property=\"og:title\" content=\"Set microvezeldoeken ROZE - Truckned - 5x poetsdoek\" \/>\n<meta property=\"og:description\" content=\"Set microvezeldoeken ROZE - 5 stuks - 40x40 cm - professionele doeken - kras- en streepvrij resultaat - voor vrachtwagen, auto en meer\" \/>\n<meta property=\"og:url\" content=\"https:\/\/truckned.nl\/de\/produkt\/microvezeldoeken-5-stuks-roze\/\" \/>\n<meta property=\"og:site_name\" content=\"Truckned\" \/>\n<meta property=\"article:publisher\" content=\"https:\/\/www.facebook.com\/truckned\/\" \/>\n<meta property=\"article:modified_time\" content=\"2026-05-08T03:05:20+00:00\" \/>\n<meta property=\"og:image\" content=\"https:\/\/truckned.nl\/wp-content\/uploads\/2025\/07\/TN-300107-4.png\" \/>\n\t<meta property=\"og:image:width\" content=\"800\" \/>\n\t<meta property=\"og:image:height\" content=\"800\" \/>\n\t<meta property=\"og:image:type\" content=\"image\/png\" \/>\n<meta name=\"twitter:label1\" content=\"Preis\" \/>\n\t<meta name=\"twitter:data1\" content=\"&euro;6,95\" \/>\n\t<meta name=\"twitter:label2\" content=\"Verf\u00fcgbarkeit\" \/>\n\t<meta name=\"twitter:data2\" content=\"Auf Lager\" \/>\n<script type=\"application\/ld+json\" class=\"yoast-schema-graph\">{\"@context\":\"https:\/\/schema.org\",\"@graph\":[{\"@type\":[\"WebPage\",\"ItemPage\"],\"@id\":\"https:\/\/truckned.nl\/product\/microvezeldoeken-5-stuks-roze\/\",\"url\":\"https:\/\/truckned.nl\/product\/microvezeldoeken-5-stuks-roze\/\",\"name\":\"Set microvezeldoeken ROZE - Truckned - 5x poetsdoek\",\"isPartOf\":{\"@id\":\"https:\/\/truckned.nl\/nl\/#website\"},\"primaryImageOfPage\":{\"@id\":\"https:\/\/truckned.nl\/product\/microvezeldoeken-5-stuks-roze\/#primaryimage\"},\"image\":{\"@id\":\"https:\/\/truckned.nl\/product\/microvezeldoeken-5-stuks-roze\/#primaryimage\"},\"thumbnailUrl\":\"https:\/\/truckned.nl\/wp-content\/uploads\/2025\/04\/TN-300107-RO.png\",\"datePublished\":\"2025-04-15T17:10:29+00:00\",\"dateModified\":\"2026-05-08T03:05:20+00:00\",\"description\":\"Set microvezeldoeken ROZE - 5 stuks - 40x40 cm - professionele doeken - kras- en streepvrij resultaat - voor vrachtwagen, auto en meer\",\"breadcrumb\":{\"@id\":\"https:\/\/truckned.nl\/product\/microvezeldoeken-5-stuks-roze\/#breadcrumb\"},\"inLanguage\":\"de\",\"potentialAction\":[{\"@type\":\"ReadAction\",\"target\":[\"https:\/\/truckned.nl\/product\/microvezeldoeken-5-stuks-roze\/\"]}]},{\"@type\":\"ImageObject\",\"inLanguage\":\"de\",\"@id\":\"https:\/\/truckned.nl\/product\/microvezeldoeken-5-stuks-roze\/#primaryimage\",\"url\":\"https:\/\/truckned.nl\/wp-content\/uploads\/2025\/04\/TN-300107-RO.png\",\"contentUrl\":\"https:\/\/truckned.nl\/wp-content\/uploads\/2025\/04\/TN-300107-RO.png\",\"width\":800,\"height\":800,\"caption\":\"5 microvezeldoeken ROZE\"},{\"@type\":\"BreadcrumbList\",\"@id\":\"https:\/\/truckned.nl\/product\/microvezeldoeken-5-stuks-roze\/#breadcrumb\",\"itemListElement\":[{\"@type\":\"ListItem\",\"position\":1,\"name\":\"Home\",\"item\":\"https:\/\/truckned.nl\/\"},{\"@type\":\"ListItem\",\"position\":2,\"name\":\"Shop\",\"item\":\"https:\/\/truckned.nl\/nl\/shop\/\"},{\"@type\":\"ListItem\",\"position\":3,\"name\":\"Cabine - buitenzijde\",\"item\":\"https:\/\/truckned.nl\/nl\/product-categorie\/cabine-buitenzijde\/\"},{\"@type\":\"ListItem\",\"position\":4,\"name\":\"Reiniging \/ onderhoud\",\"item\":\"https:\/\/truckned.nl\/product-categorie\/cabine-buitenzijde\/reiniging-onderhoud\/\"},{\"@type\":\"ListItem\",\"position\":5,\"name\":\"Microvezeldoeken 5 stuks &#8211; ROZE\"}]},{\"@type\":\"WebSite\",\"@id\":\"https:\/\/truckned.nl\/nl\/#website\",\"url\":\"https:\/\/truckned.nl\/nl\/\",\"name\":\"Truckned\",\"description\":\"\",\"publisher\":{\"@id\":\"https:\/\/truckned.nl\/nl\/#organization\"},\"potentialAction\":[{\"@type\":\"SearchAction\",\"target\":{\"@type\":\"EntryPoint\",\"urlTemplate\":\"https:\/\/truckned.nl\/nl\/?s={search_term_string}\"},\"query-input\":{\"@type\":\"PropertyValueSpecification\",\"valueRequired\":true,\"valueName\":\"search_term_string\"}}],\"inLanguage\":\"de\"},{\"@type\":\"Organization\",\"@id\":\"https:\/\/truckned.nl\/nl\/#organization\",\"name\":\"Truckned\",\"url\":\"https:\/\/truckned.nl\/nl\/\",\"logo\":{\"@type\":\"ImageObject\",\"inLanguage\":\"de\",\"@id\":\"https:\/\/truckned.nl\/nl\/#\/schema\/logo\/image\/\",\"url\":\"https:\/\/truckned.nl\/wp-content\/uploads\/2022\/10\/800x800-Truckned-logo-zonder-tekst-ZWART.png\",\"contentUrl\":\"https:\/\/truckned.nl\/wp-content\/uploads\/2022\/10\/800x800-Truckned-logo-zonder-tekst-ZWART.png\",\"width\":801,\"height\":801,\"caption\":\"Truckned\"},\"image\":{\"@id\":\"https:\/\/truckned.nl\/nl\/#\/schema\/logo\/image\/\"},\"sameAs\":[\"https:\/\/www.facebook.com\/truckned\/\",\"https:\/\/www.instagram.com\/truckned\/\"],\"vatID\":\"NL863960509B01\",\"taxID\":\"86417487\",\"hasMerchantReturnPolicy\":{\"@type\":\"MerchantReturnPolicy\",\"merchantReturnLink\":\"https:\/\/truckned.nl\/de\/versand-rucksendungen\/\"}}]}<\/script>\n<meta property=\"product:brand\" content=\"Truckned\" \/>\n<meta property=\"product:price:amount\" content=\"6.95\" \/>\n<meta property=\"product:price:currency\" content=\"EUR\" \/>\n<meta property=\"og:availability\" content=\"instock\" \/>\n<meta property=\"product:availability\" content=\"instock\" \/>\n<meta property=\"product:retailer_item_id\" content=\"TN-476020\" \/>\n<meta property=\"product:condition\" content=\"new\" \/>\n<!-- \/ Yoast SEO Premium plugin. -->","yoast_head_json":{"title":"Set Mikrofasertuch ROSA - Truckned - 5x Poliertuch","description":"Mikrofasertuch-Set ROSA\u2013 5-teilig \u2013 40x40 cm \u2013 Profi-T\u00fccher \u2013 kratz- und streifenfreies Ergebnis \u2013 f\u00fcr LKW, PKW und mehr","robots":{"index":"index","follow":"follow","max-snippet":"max-snippet:-1","max-image-preview":"max-image-preview:large","max-video-preview":"max-video-preview:-1"},"canonical":"https:\/\/truckned.nl\/de\/produkt\/microvezeldoeken-5-stuks-roze\/","og_locale":"de_DE","og_type":"article","og_title":"Set microvezeldoeken ROZE - Truckned - 5x poetsdoek","og_description":"Set microvezeldoeken ROZE - 5 stuks - 40x40 cm - professionele doeken - kras- en streepvrij resultaat - voor vrachtwagen, auto en meer","og_url":"https:\/\/truckned.nl\/de\/produkt\/microvezeldoeken-5-stuks-roze\/","og_site_name":"Truckned","article_publisher":"https:\/\/www.facebook.com\/truckned\/","article_modified_time":"2026-05-08T03:05:20+00:00","og_image":[{"width":800,"height":800,"url":"https:\/\/truckned.nl\/wp-content\/uploads\/2025\/07\/TN-300107-4.png","type":"image\/png"}],"twitter_misc":{"Preis":"&euro;6,95","Verf\u00fcgbarkeit":"Auf Lager"},"schema":{"@context":"https:\/\/schema.org","@graph":[{"@type":["WebPage","ItemPage"],"@id":"https:\/\/truckned.nl\/product\/microvezeldoeken-5-stuks-roze\/","url":"https:\/\/truckned.nl\/product\/microvezeldoeken-5-stuks-roze\/","name":"Set Mikrofasertuch ROSA - Truckned - 5x Poliertuch","isPartOf":{"@id":"https:\/\/truckned.nl\/nl\/#website"},"primaryImageOfPage":{"@id":"https:\/\/truckned.nl\/product\/microvezeldoeken-5-stuks-roze\/#primaryimage"},"image":{"@id":"https:\/\/truckned.nl\/product\/microvezeldoeken-5-stuks-roze\/#primaryimage"},"thumbnailUrl":"https:\/\/truckned.nl\/wp-content\/uploads\/2025\/04\/TN-300107-RO.png","datePublished":"2025-04-15T17:10:29+00:00","dateModified":"2026-05-08T03:05:20+00:00","description":"Mikrofasertuch-Set ROSA\u2013 5-teilig \u2013 40x40 cm \u2013 Profi-T\u00fccher \u2013 kratz- und streifenfreies Ergebnis \u2013 f\u00fcr LKW, PKW und mehr","breadcrumb":{"@id":"https:\/\/truckned.nl\/product\/microvezeldoeken-5-stuks-roze\/#breadcrumb"},"inLanguage":"de","potentialAction":[{"@type":"ReadAction","target":["https:\/\/truckned.nl\/product\/microvezeldoeken-5-stuks-roze\/"]}]},{"@type":"ImageObject","inLanguage":"de","@id":"https:\/\/truckned.nl\/product\/microvezeldoeken-5-stuks-roze\/#primaryimage","url":"https:\/\/truckned.nl\/wp-content\/uploads\/2025\/04\/TN-300107-RO.png","contentUrl":"https:\/\/truckned.nl\/wp-content\/uploads\/2025\/04\/TN-300107-RO.png","width":800,"height":800,"caption":"5 microvezeldoeken ROZE"},{"@type":"BreadcrumbList","@id":"https:\/\/truckned.nl\/product\/microvezeldoeken-5-stuks-roze\/#breadcrumb","itemListElement":[{"@type":"ListItem","position":1,"name":"Home","item":"https:\/\/truckned.nl\/"},{"@type":"ListItem","position":2,"name":"Shop","item":"https:\/\/truckned.nl\/nl\/shop\/"},{"@type":"ListItem","position":3,"name":"Cabine - buitenzijde","item":"https:\/\/truckned.nl\/nl\/product-categorie\/cabine-buitenzijde\/"},{"@type":"ListItem","position":4,"name":"Reiniging \/ onderhoud","item":"https:\/\/truckned.nl\/product-categorie\/cabine-buitenzijde\/reiniging-onderhoud\/"},{"@type":"ListItem","position":5,"name":"Microvezeldoeken 5 stuks &#8211; ROZE"}]},{"@type":"WebSite","@id":"https:\/\/truckned.nl\/nl\/#website","url":"https:\/\/truckned.nl\/nl\/","name":"Truckned","description":"","publisher":{"@id":"https:\/\/truckned.nl\/nl\/#organization"},"potentialAction":[{"@type":"SearchAction","target":{"@type":"EntryPoint","urlTemplate":"https:\/\/truckned.nl\/nl\/?s={search_term_string}"},"query-input":{"@type":"PropertyValueSpecification","valueRequired":true,"valueName":"search_term_string"}}],"inLanguage":"de"},{"@type":"Organization","@id":"https:\/\/truckned.nl\/nl\/#organization","name":"Truckned","url":"https:\/\/truckned.nl\/nl\/","logo":{"@type":"ImageObject","inLanguage":"de","@id":"https:\/\/truckned.nl\/nl\/#\/schema\/logo\/image\/","url":"https:\/\/truckned.nl\/wp-content\/uploads\/2022\/10\/800x800-Truckned-logo-zonder-tekst-ZWART.png","contentUrl":"https:\/\/truckned.nl\/wp-content\/uploads\/2022\/10\/800x800-Truckned-logo-zonder-tekst-ZWART.png","width":801,"height":801,"caption":"Truckned"},"image":{"@id":"https:\/\/truckned.nl\/nl\/#\/schema\/logo\/image\/"},"sameAs":["https:\/\/www.facebook.com\/truckned\/","https:\/\/www.instagram.com\/truckned\/"],"vatID":"NL863960509B01","taxID":"86417487","hasMerchantReturnPolicy":{"@type":"MerchantReturnPolicy","merchantReturnLink":"https:\/\/truckned.nl\/de\/versand-rucksendungen\/"}}]},"product_brand":"Truckned","product_price_amount":"6.95","product_price_currency":"EUR","og_availability":"instock","product_availability":"instock","product_retailer_item_id":"TN-476020","product_condition":"new"},"_links":{"self":[{"href":"https:\/\/truckned.nl\/de\/wp-json\/wp\/v2\/product\/33329","targetHints":{"allow":["GET"]}}],"collection":[{"href":"https:\/\/truckned.nl\/de\/wp-json\/wp\/v2\/product"}],"about":[{"href":"https:\/\/truckned.nl\/de\/wp-json\/wp\/v2\/types\/product"}],"replies":[{"embeddable":true,"href":"https:\/\/truckned.nl\/de\/wp-json\/wp\/v2\/comments?post=33329"}],"wp:featuredmedia":[{"embeddable":true,"href":"https:\/\/truckned.nl\/de\/wp-json\/wp\/v2\/media\/33322"}],"wp:attachment":[{"href":"https:\/\/truckned.nl\/de\/wp-json\/wp\/v2\/media?parent=33329"}],"wp:term":[{"taxonomy":"product_brand","embeddable":true,"href":"https:\/\/truckned.nl\/de\/wp-json\/wp\/v2\/product_brand?post=33329"},{"taxonomy":"product_cat","embeddable":true,"href":"https:\/\/truckned.nl\/de\/wp-json\/wp\/v2\/product_cat?post=33329"},{"taxonomy":"product_tag","embeddable":true,"href":"https:\/\/truckned.nl\/de\/wp-json\/wp\/v2\/product_tag?post=33329"}],"curies":[{"name":"wp","href":"https:\/\/api.w.org\/{rel}","templated":true}]}}