{"id":33373,"date":"2025-02-02T11:50:41","date_gmt":"2025-02-02T10:50:41","guid":{"rendered":"https:\/\/truckned.nl\/?post_type=product&#038;p=33373"},"modified":"2026-01-21T09:18:44","modified_gmt":"2026-01-21T08:18:44","slug":"strands-for9t-dragon-drive-9-inch","status":"publish","type":"product","link":"https:\/\/truckned.nl\/de\/produkt\/strands-for9t-dragon-drive-9-inch\/","title":{"rendered":"Strands FOR9T Dragon Drive 9 Zoll"},"content":{"rendered":"<p><span style=\"color: #000000\"><strong>Strands FOR9T Dragon Drive 9 Zoll, f\u00fcr 12 und 24 Volt.\u00a0<\/strong><\/span><\/p>\n<p><span style=\"color: #000000\">Sie suchen einen leistungsstarken und modernen LED-Scheinwerfer? Sind sich aber nicht sicher, welches Modell am besten zu Ihrem Fahrzeug passt? Dann k\u00f6nnte der Strands FOR9T Dragon Drive 9-Zoll-Scheinwerfer genau das Richtige f\u00fcr Sie sein. Diese robuste Leuchte verf\u00fcgt \u00fcber einen zweifarbigen standlicht-Scheinwerfer und wird mit einem DT4-Stecker geliefert, sodass Sie sie schnell und einfach anschlie\u00dfen k\u00f6nnen. Dank seiner vier leistungsstarken LED-Einheiten liefert er eine beeindruckende theoretische Lichtleistung von 14.000 Lumen. Er funktioniert sowohl mit 12 als auch mit 24 Volt und eignet sich daher f\u00fcr die Montage an Ihrem Auto, Wohnmobil, LKW oder anderen Fahrzeugen.<\/span><\/p>\n<p><span style=\"color: #000000\">Was den FOR9T Dragon Drive besonders zuverl\u00e4ssig macht, ist die Kombination aus robustem Aluminiumgeh\u00e4use und schlagfester Polycarbonatlinse. Dank der Schutzart IP67 ist er vollst\u00e4ndig staub- und wasserdicht. Er verf\u00fcgt au\u00dferdem \u00fcber mehrere Zertifizierungen: ECE R10, R148 und R149, sodass Sie stets sicher und vorschriftsm\u00e4\u00dfig fahren k\u00f6nnen. Kurz gesagt: Dieser Scheinwerfer bietet maximale Leistung und hervorragende Sicht unter allen Bedingungen. Dar\u00fcber hinaus garantiert der Strands langfristige Zuverl\u00e4ssigkeit, egal, was Sie fahren.<\/span><\/p>\n<h5><span style=\"color: #000000\"><strong>Abmessungen:<\/strong><\/span><\/h5>\n<p><span style=\"color: #000000\">Sie m\u00f6chten sichergehen, dass der Strands FOR9T Dragon Drive 9-Zoll-Scheinwerfer perfekt zu Ihrem Fahrzeug passt? Dann sind die Abmessungen entscheidend. Pr\u00fcfen Sie die Ma\u00dfe daher unbedingt vorab genau. So wissen Sie genau, ob sich die Leuchte problemlos montieren l\u00e4sst und das Design Ihres Trucks, SUVs oder Nutzfahrzeugs optimal erg\u00e4nzt. Deshalb haben wir die genauen Ma\u00dfe f\u00fcr Sie nachfolgend aufgelistet:<\/span><\/p>\n<ul>\n<li><span style=\"color: #000000\">H\u00f6he: 220 (226 mm inkl. Halter)<\/span><\/li>\n<li><span style=\"color: #000000\">Durchmesser: 220 mm<\/span><\/li>\n<li><span style=\"color: #000000\">Dicke: 90 mm<\/span><\/li>\n<\/ul>\n<p><span style=\"color: #000000\"><strong style=\"font-size: 19.2px\">Andere Modelle:<br \/>\n<\/strong>Sie suchen einen LED-Scheinwerfer von Strands, aber der FOR9T Dragon Drive 9-Zoll-Scheinwerfer ist Ihnen zu gro\u00df? Kein Problem, Strands bietet auch eine kleinere 7-Zoll-Version an. So finden Sie garantiert ein Modell, das perfekt zu Ihrem Fahrzeug und Ihrem Stil passt.<br \/>\n<\/span><\/p>\n<ul>\n<li><span style=\"color: #000000\"><a style=\"color: #000000\" href=\"https:\/\/truckned.nl\/de\/produkt\/strands-for9t-dragon-drive-7-inch\/\"><b>FOR9T Dragon Drive 7 Zoll<\/b><\/a><\/span><\/li>\n<\/ul>\n<p><span style=\"color: #000000\">Noch unsicher? Vielleicht suchen Sie nach einer etwas anderen Wattzahl, Lichtleistung oder einem anderen Design. Dann schauen Sie sich unser komplettes Sortiment an. <a style=\"color: #000000\" href=\"https:\/\/truckned.nl\/de\/produkt-kategorie\/verstralers\/\" target=\"_blank\" rel=\"noopener\">Scheinwerfer<\/a> und erkunden Sie alle Optionen. Wahrscheinlich finden Sie dort das ideale Modell, nach dem Sie suchen.<\/span><\/p>","protected":false},"excerpt":{"rendered":"<p>Krachtige 9 inch verstraler uit de FOR9T-serie, met maar liefst 14.000 Lumen!<\/p>","protected":false},"featured_media":33398,"comment_status":"open","ping_status":"closed","template":"","meta":{"_acf_changed":false,"site-sidebar-layout":"default","site-content-layout":"default","ast-site-content-layout":"default","site-content-style":"default","site-sidebar-style":"default","ast-global-header-display":"","ast-banner-title-visibility":"","ast-main-header-display":"","ast-hfb-above-header-display":"","ast-hfb-below-header-display":"","ast-hfb-mobile-header-display":"","site-post-title":"","ast-breadcrumbs-content":"","ast-featured-img":"","footer-sml-layout":"","ast-disable-related-posts":"","theme-transparent-header-meta":"default","adv-header-id-meta":"","stick-header-meta":"","header-above-stick-meta":"","header-main-stick-meta":"","header-below-stick-meta":"","astra-migrate-meta-layouts":"set","ast-page-background-enabled":"default","ast-page-background-meta":{"desktop":{"background-color":"","background-image":"","background-repeat":"repeat","background-position":"center center","background-size":"auto","background-attachment":"scroll","background-type":"","background-media":"","overlay-type":"","overlay-color":"","overlay-opacity":"","overlay-gradient":""},"tablet":{"background-color":"","background-image":"","background-repeat":"repeat","background-position":"center center","background-size":"auto","background-attachment":"scroll","background-type":"","background-media":"","overlay-type":"","overlay-color":"","overlay-opacity":"","overlay-gradient":""},"mobile":{"background-color":"","background-image":"","background-repeat":"repeat","background-position":"center center","background-size":"auto","background-attachment":"scroll","background-type":"","background-media":"","overlay-type":"","overlay-color":"","overlay-opacity":"","overlay-gradient":""}},"ast-content-background-meta":{"desktop":{"background-color":"var(--ast-global-color-5)","background-image":"","background-repeat":"repeat","background-position":"center center","background-size":"auto","background-attachment":"scroll","background-type":"","background-media":"","overlay-type":"","overlay-color":"","overlay-opacity":"","overlay-gradient":""},"tablet":{"background-color":"var(--ast-global-color-5)","background-image":"","background-repeat":"repeat","background-position":"center center","background-size":"auto","background-attachment":"scroll","background-type":"","background-media":"","overlay-type":"","overlay-color":"","overlay-opacity":"","overlay-gradient":""},"mobile":{"background-color":"var(--ast-global-color-5)","background-image":"","background-repeat":"repeat","background-position":"center center","background-size":"auto","background-attachment":"scroll","background-type":"","background-media":"","overlay-type":"","overlay-color":"","overlay-opacity":"","overlay-gradient":""}}},"product_brand":[],"product_cat":[7906],"product_tag":[],"class_list":{"0":"post-33373","1":"product","2":"type-product","3":"status-publish","4":"has-post-thumbnail","6":"product_cat-verstraler-rond","7":"pa_merkk-product-strands-lighting-division","8":"desktop-align-left","9":"tablet-align-left","10":"mobile-align-left","12":"first","13":"instock","14":"taxable","15":"shipping-taxable","16":"purchasable","17":"product-type-simple"},"acf":[],"yoast_head":"<!-- This site is optimized with the Yoast SEO Premium plugin v26.5 (Yoast SEO v26.5) - https:\/\/yoast.com\/wordpress\/plugins\/seo\/ -->\n<title>Strands FOR9T Dragon Drive 9 inch - Truckned - voor 12 &amp; 24 volt<\/title>\n<meta name=\"description\" content=\"FOR9T Dragon Drive 9 inch- Strands - geschikt voor 12&amp;24V- 14.000 Lumen! - DUAL COLOR standlicht oranje \/ wit - ECE R148 \/ R149\" \/>\n<meta name=\"robots\" content=\"index, follow, max-snippet:-1, max-image-preview:large, max-video-preview:-1\" \/>\n<link rel=\"canonical\" href=\"https:\/\/truckned.nl\/de\/produkt\/strands-for9t-dragon-drive-9-inch\/\" \/>\n<meta property=\"og:locale\" content=\"de_DE\" \/>\n<meta property=\"og:type\" content=\"article\" \/>\n<meta property=\"og:title\" content=\"Strands FOR9T Dragon Drive 9 inch - Truckned - voor 12 &amp; 24 volt\" \/>\n<meta property=\"og:description\" content=\"FOR9T Dragon Drive 9 inch- Strands - geschikt voor 12&amp;24V- 14.000 Lumen! - DUAL COLOR standlicht oranje \/ wit - ECE R148 \/ R149\" \/>\n<meta property=\"og:url\" content=\"https:\/\/truckned.nl\/de\/produkt\/strands-for9t-dragon-drive-9-inch\/\" \/>\n<meta property=\"og:site_name\" content=\"Truckned\" \/>\n<meta property=\"article:publisher\" content=\"https:\/\/www.facebook.com\/truckned\/\" \/>\n<meta property=\"article:modified_time\" content=\"2026-01-21T08:18:44+00:00\" \/>\n<meta property=\"og:image\" content=\"https:\/\/truckned.nl\/wp-content\/uploads\/2025\/10\/TN-270969-SM.png\" \/>\n\t<meta property=\"og:image:width\" content=\"800\" \/>\n\t<meta property=\"og:image:height\" content=\"800\" \/>\n\t<meta property=\"og:image:type\" content=\"image\/png\" \/>\n<meta name=\"twitter:label1\" content=\"Preis\" \/>\n\t<meta name=\"twitter:data1\" content=\"&euro;239,00\" \/>\n\t<meta name=\"twitter:label2\" content=\"Verf\u00fcgbarkeit\" \/>\n\t<meta name=\"twitter:data2\" content=\"Auf Lager\" \/>\n<script type=\"application\/ld+json\" class=\"yoast-schema-graph\">{\"@context\":\"https:\/\/schema.org\",\"@graph\":[{\"@type\":[\"WebPage\",\"ItemPage\"],\"@id\":\"https:\/\/truckned.nl\/product\/strands-for9t-dragon-drive-9-inch\/\",\"url\":\"https:\/\/truckned.nl\/product\/strands-for9t-dragon-drive-9-inch\/\",\"name\":\"Strands FOR9T Dragon Drive 9 inch - Truckned - voor 12 & 24 volt\",\"isPartOf\":{\"@id\":\"https:\/\/truckned.nl\/nl\/#website\"},\"primaryImageOfPage\":{\"@id\":\"https:\/\/truckned.nl\/product\/strands-for9t-dragon-drive-9-inch\/#primaryimage\"},\"image\":{\"@id\":\"https:\/\/truckned.nl\/product\/strands-for9t-dragon-drive-9-inch\/#primaryimage\"},\"thumbnailUrl\":\"https:\/\/truckned.nl\/wp-content\/uploads\/2025\/02\/TN-270969-0.png\",\"datePublished\":\"2025-02-02T10:50:41+00:00\",\"dateModified\":\"2026-01-21T08:18:44+00:00\",\"description\":\"FOR9T Dragon Drive 9 inch- Strands - geschikt voor 12&24V- 14.000 Lumen! - DUAL COLOR standlicht oranje \/ wit - ECE R148 \/ R149\",\"breadcrumb\":{\"@id\":\"https:\/\/truckned.nl\/product\/strands-for9t-dragon-drive-9-inch\/#breadcrumb\"},\"inLanguage\":\"de\",\"potentialAction\":[{\"@type\":\"ReadAction\",\"target\":[\"https:\/\/truckned.nl\/product\/strands-for9t-dragon-drive-9-inch\/\"]}]},{\"@type\":\"ImageObject\",\"inLanguage\":\"de\",\"@id\":\"https:\/\/truckned.nl\/product\/strands-for9t-dragon-drive-9-inch\/#primaryimage\",\"url\":\"https:\/\/truckned.nl\/wp-content\/uploads\/2025\/02\/TN-270969-0.png\",\"contentUrl\":\"https:\/\/truckned.nl\/wp-content\/uploads\/2025\/02\/TN-270969-0.png\",\"width\":800,\"height\":800,\"caption\":\"Strands FOR9T Dragon Drive 9 inch - 270969 - DUAL COLOR standlicht oranje \/ wit - 12.000 Lumen - ECE R148, ECE R149 - EAN: 7323030193522\"},{\"@type\":\"BreadcrumbList\",\"@id\":\"https:\/\/truckned.nl\/product\/strands-for9t-dragon-drive-9-inch\/#breadcrumb\",\"itemListElement\":[{\"@type\":\"ListItem\",\"position\":1,\"name\":\"Home\",\"item\":\"https:\/\/truckned.nl\/\"},{\"@type\":\"ListItem\",\"position\":2,\"name\":\"Shop\",\"item\":\"https:\/\/truckned.nl\/nl\/shop\/\"},{\"@type\":\"ListItem\",\"position\":3,\"name\":\"Verstralers\",\"item\":\"https:\/\/truckned.nl\/product-categorie\/verstralers\/\"},{\"@type\":\"ListItem\",\"position\":4,\"name\":\"Verstraler rond\",\"item\":\"https:\/\/truckned.nl\/product-categorie\/verstralers\/verstraler-rond\/\"},{\"@type\":\"ListItem\",\"position\":5,\"name\":\"Strands FOR9T Dragon Drive 9 inch\"}]},{\"@type\":\"WebSite\",\"@id\":\"https:\/\/truckned.nl\/nl\/#website\",\"url\":\"https:\/\/truckned.nl\/nl\/\",\"name\":\"Truckned\",\"description\":\"\",\"publisher\":{\"@id\":\"https:\/\/truckned.nl\/nl\/#organization\"},\"potentialAction\":[{\"@type\":\"SearchAction\",\"target\":{\"@type\":\"EntryPoint\",\"urlTemplate\":\"https:\/\/truckned.nl\/nl\/?s={search_term_string}\"},\"query-input\":{\"@type\":\"PropertyValueSpecification\",\"valueRequired\":true,\"valueName\":\"search_term_string\"}}],\"inLanguage\":\"de\"},{\"@type\":\"Organization\",\"@id\":\"https:\/\/truckned.nl\/nl\/#organization\",\"name\":\"Truckned\",\"url\":\"https:\/\/truckned.nl\/nl\/\",\"logo\":{\"@type\":\"ImageObject\",\"inLanguage\":\"de\",\"@id\":\"https:\/\/truckned.nl\/nl\/#\/schema\/logo\/image\/\",\"url\":\"https:\/\/truckned.nl\/wp-content\/uploads\/2022\/10\/800x800-Truckned-logo-zonder-tekst-ZWART.png\",\"contentUrl\":\"https:\/\/truckned.nl\/wp-content\/uploads\/2022\/10\/800x800-Truckned-logo-zonder-tekst-ZWART.png\",\"width\":801,\"height\":801,\"caption\":\"Truckned\"},\"image\":{\"@id\":\"https:\/\/truckned.nl\/nl\/#\/schema\/logo\/image\/\"},\"sameAs\":[\"https:\/\/www.facebook.com\/truckned\/\",\"https:\/\/www.instagram.com\/truckned\/\"],\"vatID\":\"NL863960509B01\",\"taxID\":\"86417487\",\"hasMerchantReturnPolicy\":{\"@type\":\"MerchantReturnPolicy\",\"merchantReturnLink\":\"https:\/\/truckned.nl\/de\/versand-rucksendungen\/\"}}]}<\/script>\n<meta property=\"product:brand\" content=\"Strands\" \/>\n<meta property=\"product:price:amount\" content=\"239.00\" \/>\n<meta property=\"product:price:currency\" content=\"EUR\" \/>\n<meta property=\"og:availability\" content=\"instock\" \/>\n<meta property=\"product:availability\" content=\"instock\" \/>\n<meta property=\"product:retailer_item_id\" content=\"TN-270969\" \/>\n<meta property=\"product:condition\" content=\"new\" \/>\n<!-- \/ Yoast SEO Premium plugin. -->","yoast_head_json":{"title":"Strands FOR9T Dragon Drive 9 Zoll - Truckned - f\u00fcr 12 &amp; 24 Volt","description":"FOR9T Dragon Drive 9 Zoll - Strands - kompatibel mit 12&amp;24V - 14.000 Lumen! - Zweifarbig standlicht orange\/wei\u00df - ECE R148\/R149","robots":{"index":"index","follow":"follow","max-snippet":"max-snippet:-1","max-image-preview":"max-image-preview:large","max-video-preview":"max-video-preview:-1"},"canonical":"https:\/\/truckned.nl\/de\/produkt\/strands-for9t-dragon-drive-9-inch\/","og_locale":"de_DE","og_type":"article","og_title":"Strands FOR9T Dragon Drive 9 inch - Truckned - voor 12 & 24 volt","og_description":"FOR9T Dragon Drive 9 inch- Strands - geschikt voor 12&24V- 14.000 Lumen! - DUAL COLOR standlicht oranje \/ wit - ECE R148 \/ R149","og_url":"https:\/\/truckned.nl\/de\/produkt\/strands-for9t-dragon-drive-9-inch\/","og_site_name":"Truckned","article_publisher":"https:\/\/www.facebook.com\/truckned\/","article_modified_time":"2026-01-21T08:18:44+00:00","og_image":[{"width":800,"height":800,"url":"https:\/\/truckned.nl\/wp-content\/uploads\/2025\/10\/TN-270969-SM.png","type":"image\/png"}],"twitter_misc":{"Preis":"&euro;239,00","Verf\u00fcgbarkeit":"Auf Lager"},"schema":{"@context":"https:\/\/schema.org","@graph":[{"@type":["WebPage","ItemPage"],"@id":"https:\/\/truckned.nl\/product\/strands-for9t-dragon-drive-9-inch\/","url":"https:\/\/truckned.nl\/product\/strands-for9t-dragon-drive-9-inch\/","name":"Strands FOR9T Dragon Drive 9 Zoll - Truckned - f\u00fcr 12 &amp; 24 Volt","isPartOf":{"@id":"https:\/\/truckned.nl\/nl\/#website"},"primaryImageOfPage":{"@id":"https:\/\/truckned.nl\/product\/strands-for9t-dragon-drive-9-inch\/#primaryimage"},"image":{"@id":"https:\/\/truckned.nl\/product\/strands-for9t-dragon-drive-9-inch\/#primaryimage"},"thumbnailUrl":"https:\/\/truckned.nl\/wp-content\/uploads\/2025\/02\/TN-270969-0.png","datePublished":"2025-02-02T10:50:41+00:00","dateModified":"2026-01-21T08:18:44+00:00","description":"FOR9T Dragon Drive 9 Zoll - Strands - kompatibel mit 12&amp;24V - 14.000 Lumen! - Zweifarbig standlicht orange\/wei\u00df - ECE R148\/R149","breadcrumb":{"@id":"https:\/\/truckned.nl\/product\/strands-for9t-dragon-drive-9-inch\/#breadcrumb"},"inLanguage":"de","potentialAction":[{"@type":"ReadAction","target":["https:\/\/truckned.nl\/product\/strands-for9t-dragon-drive-9-inch\/"]}]},{"@type":"ImageObject","inLanguage":"de","@id":"https:\/\/truckned.nl\/product\/strands-for9t-dragon-drive-9-inch\/#primaryimage","url":"https:\/\/truckned.nl\/wp-content\/uploads\/2025\/02\/TN-270969-0.png","contentUrl":"https:\/\/truckned.nl\/wp-content\/uploads\/2025\/02\/TN-270969-0.png","width":800,"height":800,"caption":"Strands FOR9T Dragon Drive 9 inch - 270969 - DUAL COLOR standlicht oranje \/ wit - 12.000 Lumen - ECE R148, ECE R149 - EAN: 7323030193522"},{"@type":"BreadcrumbList","@id":"https:\/\/truckned.nl\/product\/strands-for9t-dragon-drive-9-inch\/#breadcrumb","itemListElement":[{"@type":"ListItem","position":1,"name":"Home","item":"https:\/\/truckned.nl\/"},{"@type":"ListItem","position":2,"name":"Shop","item":"https:\/\/truckned.nl\/nl\/shop\/"},{"@type":"ListItem","position":3,"name":"Verstralers","item":"https:\/\/truckned.nl\/product-categorie\/verstralers\/"},{"@type":"ListItem","position":4,"name":"Verstraler rond","item":"https:\/\/truckned.nl\/product-categorie\/verstralers\/verstraler-rond\/"},{"@type":"ListItem","position":5,"name":"Strands FOR9T Dragon Drive 9 inch"}]},{"@type":"WebSite","@id":"https:\/\/truckned.nl\/nl\/#website","url":"https:\/\/truckned.nl\/nl\/","name":"Truckned","description":"","publisher":{"@id":"https:\/\/truckned.nl\/nl\/#organization"},"potentialAction":[{"@type":"SearchAction","target":{"@type":"EntryPoint","urlTemplate":"https:\/\/truckned.nl\/nl\/?s={search_term_string}"},"query-input":{"@type":"PropertyValueSpecification","valueRequired":true,"valueName":"search_term_string"}}],"inLanguage":"de"},{"@type":"Organization","@id":"https:\/\/truckned.nl\/nl\/#organization","name":"Truckned","url":"https:\/\/truckned.nl\/nl\/","logo":{"@type":"ImageObject","inLanguage":"de","@id":"https:\/\/truckned.nl\/nl\/#\/schema\/logo\/image\/","url":"https:\/\/truckned.nl\/wp-content\/uploads\/2022\/10\/800x800-Truckned-logo-zonder-tekst-ZWART.png","contentUrl":"https:\/\/truckned.nl\/wp-content\/uploads\/2022\/10\/800x800-Truckned-logo-zonder-tekst-ZWART.png","width":801,"height":801,"caption":"Truckned"},"image":{"@id":"https:\/\/truckned.nl\/nl\/#\/schema\/logo\/image\/"},"sameAs":["https:\/\/www.facebook.com\/truckned\/","https:\/\/www.instagram.com\/truckned\/"],"vatID":"NL863960509B01","taxID":"86417487","hasMerchantReturnPolicy":{"@type":"MerchantReturnPolicy","merchantReturnLink":"https:\/\/truckned.nl\/de\/versand-rucksendungen\/"}}]},"product_brand":"Strands","product_price_amount":"239.00","product_price_currency":"EUR","og_availability":"instock","product_availability":"instock","product_retailer_item_id":"TN-270969","product_condition":"new"},"_links":{"self":[{"href":"https:\/\/truckned.nl\/de\/wp-json\/wp\/v2\/product\/33373","targetHints":{"allow":["GET"]}}],"collection":[{"href":"https:\/\/truckned.nl\/de\/wp-json\/wp\/v2\/product"}],"about":[{"href":"https:\/\/truckned.nl\/de\/wp-json\/wp\/v2\/types\/product"}],"replies":[{"embeddable":true,"href":"https:\/\/truckned.nl\/de\/wp-json\/wp\/v2\/comments?post=33373"}],"wp:featuredmedia":[{"embeddable":true,"href":"https:\/\/truckned.nl\/de\/wp-json\/wp\/v2\/media\/33398"}],"wp:attachment":[{"href":"https:\/\/truckned.nl\/de\/wp-json\/wp\/v2\/media?parent=33373"}],"wp:term":[{"taxonomy":"product_brand","embeddable":true,"href":"https:\/\/truckned.nl\/de\/wp-json\/wp\/v2\/product_brand?post=33373"},{"taxonomy":"product_cat","embeddable":true,"href":"https:\/\/truckned.nl\/de\/wp-json\/wp\/v2\/product_cat?post=33373"},{"taxonomy":"product_tag","embeddable":true,"href":"https:\/\/truckned.nl\/de\/wp-json\/wp\/v2\/product_tag?post=33373"}],"curies":[{"name":"wp","href":"https:\/\/api.w.org\/{rel}","templated":true}]}}