{"id":33644,"date":"2025-04-30T20:00:51","date_gmt":"2025-04-30T18:00:51","guid":{"rendered":"https:\/\/truckned.nl\/?post_type=product&#038;p=33644"},"modified":"2026-04-18T07:08:52","modified_gmt":"2026-04-18T05:08:52","slug":"michelin-pop-40cm-origineel","status":"publish","type":"product","link":"https:\/\/truckned.nl\/de\/produkt\/michelin-pop-40cm-origineel\/","title":{"rendered":"Michelin M\u00e4nnchen 40 cm - Original"},"content":{"rendered":"<p><span style=\"color: #000000;\"><strong>Michelin M\u00e4nnchen 40 cm mit Montagesockel.<\/strong><\/span><\/p>\n<p><span style=\"color: #000000;\">Verleihen Sie Ihrem Truck im Handumdrehen Charakter mit der 40 cm gro\u00dfen Michelin-Figur inklusive Montagefu\u00df! Dieses originale, offizielle Maskottchen l\u00e4sst sich dank des mitgelieferten Montagefu\u00dfes schnell und einfach anbringen. Beleuchtung sp\u00e4ter hinzuf\u00fcgen? Kein Problem, ganz einfach. Die Figur ist 40 cm gro\u00df, wei\u00df lackiert und wird mit einem Echtheitszertifikat geliefert. Kurz gesagt: das perfekte Accessoire, um Ihrem Truck einen coolen, unverwechselbaren Look zu verleihen.<\/span><\/p>\n<p><span style=\"color: #000000;\">Auch das Michelin-M\u00e4nnchen hat eine faszinierende Geschichte. Seit den 1950er-Jahren ziert es die D\u00e4cher von Lkw und gilt als eine Art Schutzengel f\u00fcr Fahrer auf langen Reisen in die entlegensten Winkel der Welt. Seine Position auf dem Fahrerhaus machte es schnell zu einem beliebten und ikonischen Sammlerst\u00fcck. Im Laufe der Jahre hat sich sein Aussehen mehrmals ver\u00e4ndert; diese neue Version pr\u00e4sentiert sein modernes und unverwechselbares Erscheinungsbild. Mit dem originalen 40 cm gro\u00dfen Michelin-M\u00e4nnchen holen Sie sich nicht nur Stil in Ihr Zuhause, sondern auch ein echtes St\u00fcck Lkw-Tradition.<\/span><\/p>\n<h5><span style=\"color: #000000;\"><strong>Abmessungen:<\/strong><\/span><\/h5>\n<p><span style=\"color: #000000;\">Sie m\u00f6chten nat\u00fcrlich sichergehen, dass die Michelin 40-cm-Mannequin mit Montagefu\u00df optimal zu Ihrem Lkw passt. Deshalb haben wir die wichtigsten Merkmale \u00fcbersichtlich unten aufgelistet. So k\u00f6nnen Sie sofort erkennen, ob dieses Originalmodell f\u00fcr Ihr Fahrerhaus geeignet ist.<\/span><\/p>\n<ul>\n<li><span style=\"color: #000000;\">Breite: 236 mm<\/span><\/li>\n<li><span style=\"color: #000000;\">H\u00f6he: 403 mm\u00a0<\/span><\/li>\n<li><span style=\"color: #000000;\">Dicke: 210 mm<\/span><\/li>\n<\/ul>\n<h5><span style=\"color: #000000;\"><strong>Andere Versionen:<\/strong><\/span><\/h5>\n<p><span style=\"color: #000000;\">Suchen Sie die kultige Michelin-Figur f\u00fcr Ihr Auto? Dann ist die sitzende Version f\u00fcr Ihr Armaturenbrett genau das Richtige f\u00fcr Sie. Schauen Sie hier vorbei:<\/span><\/p>\n<ul>\n<li><a href=\"https:\/\/truckned.nl\/de\/produkt\/michelin-pop-19cm-origineel\/\"><span style=\"color: #000000;\">Michelin M\u00e4nnchen 19 cm - Original<\/span><\/a><\/li>\n<\/ul>\n<p><span style=\"color: #000000;\">Ist die Michelin-Schaufensterpuppe (40 cm) mit Montagefu\u00df nicht ganz das Richtige f\u00fcr Ihren Lkw? Kein Problem! Vielleicht suchen Sie nach anderem Kabinenzubeh\u00f6r, um Ihren Innenraum perfekt abzurunden. Dann schauen Sie doch mal auf unserer Seite vorbei. <a style=\"color: #000000;\" href=\"https:\/\/truckned.nl\/de\/produkt-kategorie\/cabine-accessoires\/\">Kabinenzubeh\u00f6r<\/a>. Die Chancen stehen gut, dass Sie dort genau das finden, was Sie brauchen, um Ihre H\u00fctte bis ins kleinste Detail stilvoll einzurichten.<\/span><\/p>","protected":false},"excerpt":{"rendered":"<p>Originele Michelin mascotte voor op de cabine &#8211; 40cm hoog.<\/p>","protected":false},"featured_media":33654,"comment_status":"open","ping_status":"closed","template":"","meta":{"_acf_changed":false,"site-sidebar-layout":"default","site-content-layout":"","ast-site-content-layout":"default","site-content-style":"default","site-sidebar-style":"default","ast-global-header-display":"","ast-banner-title-visibility":"","ast-main-header-display":"","ast-hfb-above-header-display":"","ast-hfb-below-header-display":"","ast-hfb-mobile-header-display":"","site-post-title":"","ast-breadcrumbs-content":"","ast-featured-img":"","footer-sml-layout":"","ast-disable-related-posts":"","theme-transparent-header-meta":"default","adv-header-id-meta":"","stick-header-meta":"","header-above-stick-meta":"","header-main-stick-meta":"","header-below-stick-meta":"","astra-migrate-meta-layouts":"set","ast-page-background-enabled":"default","ast-page-background-meta":{"desktop":{"background-color":"","background-image":"","background-repeat":"repeat","background-position":"center center","background-size":"auto","background-attachment":"scroll","background-type":"","background-media":"","overlay-type":"","overlay-color":"","overlay-opacity":"","overlay-gradient":""},"tablet":{"background-color":"","background-image":"","background-repeat":"repeat","background-position":"center center","background-size":"auto","background-attachment":"scroll","background-type":"","background-media":"","overlay-type":"","overlay-color":"","overlay-opacity":"","overlay-gradient":""},"mobile":{"background-color":"","background-image":"","background-repeat":"repeat","background-position":"center center","background-size":"auto","background-attachment":"scroll","background-type":"","background-media":"","overlay-type":"","overlay-color":"","overlay-opacity":"","overlay-gradient":""}},"ast-content-background-meta":{"desktop":{"background-color":"var(--ast-global-color-5)","background-image":"","background-repeat":"repeat","background-position":"center center","background-size":"auto","background-attachment":"scroll","background-type":"","background-media":"","overlay-type":"","overlay-color":"","overlay-opacity":"","overlay-gradient":""},"tablet":{"background-color":"var(--ast-global-color-5)","background-image":"","background-repeat":"repeat","background-position":"center center","background-size":"auto","background-attachment":"scroll","background-type":"","background-media":"","overlay-type":"","overlay-color":"","overlay-opacity":"","overlay-gradient":""},"mobile":{"background-color":"var(--ast-global-color-5)","background-image":"","background-repeat":"repeat","background-position":"center center","background-size":"auto","background-attachment":"scroll","background-type":"","background-media":"","overlay-type":"","overlay-color":"","overlay-opacity":"","overlay-gradient":""}}},"product_brand":[],"product_cat":[7537],"product_tag":[],"class_list":{"0":"post-33644","1":"product","2":"type-product","3":"status-publish","4":"has-post-thumbnail","6":"product_cat-cabine-accessoires","7":"pa_merkk-michelin","8":"desktop-align-left","9":"tablet-align-left","10":"mobile-align-left","12":"first","13":"instock","14":"taxable","15":"shipping-taxable","16":"purchasable","17":"product-type-simple"},"acf":[],"yoast_head":"<!-- This site is optimized with the Yoast SEO Premium plugin v26.5 (Yoast SEO v26.5) - https:\/\/yoast.com\/wordpress\/plugins\/seo\/ -->\n<title>Michelin pop 40cm met montagevoet - originele mascotte - Truckned<\/title>\n<meta name=\"description\" content=\"Michelin pop 40cm met montagevoet - voor montage op de cabine - origineel Michelin accessoire - met echtheidscertificaat - inclusief montage materiaal\" \/>\n<meta name=\"robots\" content=\"index, follow, max-snippet:-1, max-image-preview:large, max-video-preview:-1\" \/>\n<link rel=\"canonical\" href=\"https:\/\/truckned.nl\/de\/produkt\/michelin-pop-40cm-origineel\/\" \/>\n<meta property=\"og:locale\" content=\"de_DE\" \/>\n<meta property=\"og:type\" content=\"article\" \/>\n<meta property=\"og:title\" content=\"Michelin pop 40cm met montagevoet - Truckned\" \/>\n<meta property=\"og:description\" content=\"Michelin pop 40cm met montagevoet- voor montage op de cabine - origineel Michelin accessoire - met echtheidscertificaat - inclusief montage materiaal\" \/>\n<meta property=\"og:url\" content=\"https:\/\/truckned.nl\/de\/produkt\/michelin-pop-40cm-origineel\/\" \/>\n<meta property=\"og:site_name\" content=\"Truckned\" \/>\n<meta property=\"article:publisher\" content=\"https:\/\/www.facebook.com\/truckned\/\" \/>\n<meta property=\"article:modified_time\" content=\"2026-04-18T05:08:52+00:00\" \/>\n<meta property=\"og:image\" content=\"https:\/\/truckned.nl\/wp-content\/uploads\/2025\/11\/TN-8893746-SM.png\" \/>\n\t<meta property=\"og:image:width\" content=\"800\" \/>\n\t<meta property=\"og:image:height\" content=\"800\" \/>\n\t<meta property=\"og:image:type\" content=\"image\/png\" \/>\n<meta name=\"twitter:label1\" content=\"Preis\" \/>\n\t<meta name=\"twitter:data1\" content=\"&euro;95,00\" \/>\n\t<meta name=\"twitter:label2\" content=\"Verf\u00fcgbarkeit\" \/>\n\t<meta name=\"twitter:data2\" content=\"Auf Lager\" \/>\n<script type=\"application\/ld+json\" class=\"yoast-schema-graph\">{\"@context\":\"https:\/\/schema.org\",\"@graph\":[{\"@type\":[\"WebPage\",\"ItemPage\"],\"@id\":\"https:\/\/truckned.nl\/product\/michelin-pop-40cm-origineel\/\",\"url\":\"https:\/\/truckned.nl\/product\/michelin-pop-40cm-origineel\/\",\"name\":\"Michelin pop 40cm met montagevoet - originele mascotte - Truckned\",\"isPartOf\":{\"@id\":\"https:\/\/truckned.nl\/nl\/#website\"},\"primaryImageOfPage\":{\"@id\":\"https:\/\/truckned.nl\/product\/michelin-pop-40cm-origineel\/#primaryimage\"},\"image\":{\"@id\":\"https:\/\/truckned.nl\/product\/michelin-pop-40cm-origineel\/#primaryimage\"},\"thumbnailUrl\":\"https:\/\/truckned.nl\/wp-content\/uploads\/2025\/11\/TN-8893746.png\",\"datePublished\":\"2025-04-30T18:00:51+00:00\",\"dateModified\":\"2026-04-18T05:08:52+00:00\",\"description\":\"Michelin pop 40cm met montagevoet - voor montage op de cabine - origineel Michelin accessoire - met echtheidscertificaat - inclusief montage materiaal\",\"breadcrumb\":{\"@id\":\"https:\/\/truckned.nl\/product\/michelin-pop-40cm-origineel\/#breadcrumb\"},\"inLanguage\":\"de\",\"potentialAction\":[{\"@type\":\"ReadAction\",\"target\":[\"https:\/\/truckned.nl\/product\/michelin-pop-40cm-origineel\/\"]}]},{\"@type\":\"ImageObject\",\"inLanguage\":\"de\",\"@id\":\"https:\/\/truckned.nl\/product\/michelin-pop-40cm-origineel\/#primaryimage\",\"url\":\"https:\/\/truckned.nl\/wp-content\/uploads\/2025\/11\/TN-8893746.png\",\"contentUrl\":\"https:\/\/truckned.nl\/wp-content\/uploads\/2025\/11\/TN-8893746.png\",\"width\":800,\"height\":800,\"caption\":\"Michelin pop 40cm met montagevoet - voor op de cabine - met echtheidscertificaat\"},{\"@type\":\"BreadcrumbList\",\"@id\":\"https:\/\/truckned.nl\/product\/michelin-pop-40cm-origineel\/#breadcrumb\",\"itemListElement\":[{\"@type\":\"ListItem\",\"position\":1,\"name\":\"Home\",\"item\":\"https:\/\/truckned.nl\/\"},{\"@type\":\"ListItem\",\"position\":2,\"name\":\"Shop\",\"item\":\"https:\/\/truckned.nl\/nl\/shop\/\"},{\"@type\":\"ListItem\",\"position\":3,\"name\":\"Cabine - accessoires\",\"item\":\"https:\/\/truckned.nl\/product-categorie\/cabine-accessoires\/\"},{\"@type\":\"ListItem\",\"position\":4,\"name\":\"Michelin pop 40cm &#8211; origineel\"}]},{\"@type\":\"WebSite\",\"@id\":\"https:\/\/truckned.nl\/nl\/#website\",\"url\":\"https:\/\/truckned.nl\/nl\/\",\"name\":\"Truckned\",\"description\":\"\",\"publisher\":{\"@id\":\"https:\/\/truckned.nl\/nl\/#organization\"},\"potentialAction\":[{\"@type\":\"SearchAction\",\"target\":{\"@type\":\"EntryPoint\",\"urlTemplate\":\"https:\/\/truckned.nl\/nl\/?s={search_term_string}\"},\"query-input\":{\"@type\":\"PropertyValueSpecification\",\"valueRequired\":true,\"valueName\":\"search_term_string\"}}],\"inLanguage\":\"de\"},{\"@type\":\"Organization\",\"@id\":\"https:\/\/truckned.nl\/nl\/#organization\",\"name\":\"Truckned\",\"url\":\"https:\/\/truckned.nl\/nl\/\",\"logo\":{\"@type\":\"ImageObject\",\"inLanguage\":\"de\",\"@id\":\"https:\/\/truckned.nl\/nl\/#\/schema\/logo\/image\/\",\"url\":\"https:\/\/truckned.nl\/wp-content\/uploads\/2022\/10\/800x800-Truckned-logo-zonder-tekst-ZWART.png\",\"contentUrl\":\"https:\/\/truckned.nl\/wp-content\/uploads\/2022\/10\/800x800-Truckned-logo-zonder-tekst-ZWART.png\",\"width\":801,\"height\":801,\"caption\":\"Truckned\"},\"image\":{\"@id\":\"https:\/\/truckned.nl\/nl\/#\/schema\/logo\/image\/\"},\"sameAs\":[\"https:\/\/www.facebook.com\/truckned\/\",\"https:\/\/www.instagram.com\/truckned\/\"],\"vatID\":\"NL863960509B01\",\"taxID\":\"86417487\",\"hasMerchantReturnPolicy\":{\"@type\":\"MerchantReturnPolicy\",\"merchantReturnLink\":\"https:\/\/truckned.nl\/de\/versand-rucksendungen\/\"}}]}<\/script>\n<meta property=\"product:brand\" content=\"Michelin\" \/>\n<meta property=\"product:price:amount\" content=\"95.00\" \/>\n<meta property=\"product:price:currency\" content=\"EUR\" \/>\n<meta property=\"og:availability\" content=\"instock\" \/>\n<meta property=\"product:availability\" content=\"instock\" \/>\n<meta property=\"product:retailer_item_id\" content=\"TN-8893746\" \/>\n<meta property=\"product:condition\" content=\"new\" \/>\n<!-- \/ Yoast SEO Premium plugin. -->","yoast_head_json":{"title":"Michelin-Figur 40 cm mit Sockel \u2013 Original-Maskottchen \u2013 Truckned","description":"Michelin M\u00e4nnchen 40 cm mit Montagefu\u00df \u2013 zur Befestigung im Fahrzeuginnenraum \u2013 Original Michelin Zubeh\u00f6r \u2013 mit Echtheitszertifikat \u2013 inklusive Montagematerial","robots":{"index":"index","follow":"follow","max-snippet":"max-snippet:-1","max-image-preview":"max-image-preview:large","max-video-preview":"max-video-preview:-1"},"canonical":"https:\/\/truckned.nl\/de\/produkt\/michelin-pop-40cm-origineel\/","og_locale":"de_DE","og_type":"article","og_title":"Michelin pop 40cm met montagevoet - Truckned","og_description":"Michelin pop 40cm met montagevoet- voor montage op de cabine - origineel Michelin accessoire - met echtheidscertificaat - inclusief montage materiaal","og_url":"https:\/\/truckned.nl\/de\/produkt\/michelin-pop-40cm-origineel\/","og_site_name":"Truckned","article_publisher":"https:\/\/www.facebook.com\/truckned\/","article_modified_time":"2026-04-18T05:08:52+00:00","og_image":[{"width":800,"height":800,"url":"https:\/\/truckned.nl\/wp-content\/uploads\/2025\/11\/TN-8893746-SM.png","type":"image\/png"}],"twitter_misc":{"Preis":"&euro;95,00","Verf\u00fcgbarkeit":"Auf Lager"},"schema":{"@context":"https:\/\/schema.org","@graph":[{"@type":["WebPage","ItemPage"],"@id":"https:\/\/truckned.nl\/product\/michelin-pop-40cm-origineel\/","url":"https:\/\/truckned.nl\/product\/michelin-pop-40cm-origineel\/","name":"Michelin-Figur 40 cm mit Sockel \u2013 Original-Maskottchen \u2013 Truckned","isPartOf":{"@id":"https:\/\/truckned.nl\/nl\/#website"},"primaryImageOfPage":{"@id":"https:\/\/truckned.nl\/product\/michelin-pop-40cm-origineel\/#primaryimage"},"image":{"@id":"https:\/\/truckned.nl\/product\/michelin-pop-40cm-origineel\/#primaryimage"},"thumbnailUrl":"https:\/\/truckned.nl\/wp-content\/uploads\/2025\/11\/TN-8893746.png","datePublished":"2025-04-30T18:00:51+00:00","dateModified":"2026-04-18T05:08:52+00:00","description":"Michelin M\u00e4nnchen 40 cm mit Montagefu\u00df \u2013 zur Befestigung im Fahrzeuginnenraum \u2013 Original Michelin Zubeh\u00f6r \u2013 mit Echtheitszertifikat \u2013 inklusive Montagematerial","breadcrumb":{"@id":"https:\/\/truckned.nl\/product\/michelin-pop-40cm-origineel\/#breadcrumb"},"inLanguage":"de","potentialAction":[{"@type":"ReadAction","target":["https:\/\/truckned.nl\/product\/michelin-pop-40cm-origineel\/"]}]},{"@type":"ImageObject","inLanguage":"de","@id":"https:\/\/truckned.nl\/product\/michelin-pop-40cm-origineel\/#primaryimage","url":"https:\/\/truckned.nl\/wp-content\/uploads\/2025\/11\/TN-8893746.png","contentUrl":"https:\/\/truckned.nl\/wp-content\/uploads\/2025\/11\/TN-8893746.png","width":800,"height":800,"caption":"Michelin pop 40cm met montagevoet - voor op de cabine - met echtheidscertificaat"},{"@type":"BreadcrumbList","@id":"https:\/\/truckned.nl\/product\/michelin-pop-40cm-origineel\/#breadcrumb","itemListElement":[{"@type":"ListItem","position":1,"name":"Home","item":"https:\/\/truckned.nl\/"},{"@type":"ListItem","position":2,"name":"Shop","item":"https:\/\/truckned.nl\/nl\/shop\/"},{"@type":"ListItem","position":3,"name":"Cabine - accessoires","item":"https:\/\/truckned.nl\/product-categorie\/cabine-accessoires\/"},{"@type":"ListItem","position":4,"name":"Michelin pop 40cm &#8211; origineel"}]},{"@type":"WebSite","@id":"https:\/\/truckned.nl\/nl\/#website","url":"https:\/\/truckned.nl\/nl\/","name":"Truckned","description":"","publisher":{"@id":"https:\/\/truckned.nl\/nl\/#organization"},"potentialAction":[{"@type":"SearchAction","target":{"@type":"EntryPoint","urlTemplate":"https:\/\/truckned.nl\/nl\/?s={search_term_string}"},"query-input":{"@type":"PropertyValueSpecification","valueRequired":true,"valueName":"search_term_string"}}],"inLanguage":"de"},{"@type":"Organization","@id":"https:\/\/truckned.nl\/nl\/#organization","name":"Truckned","url":"https:\/\/truckned.nl\/nl\/","logo":{"@type":"ImageObject","inLanguage":"de","@id":"https:\/\/truckned.nl\/nl\/#\/schema\/logo\/image\/","url":"https:\/\/truckned.nl\/wp-content\/uploads\/2022\/10\/800x800-Truckned-logo-zonder-tekst-ZWART.png","contentUrl":"https:\/\/truckned.nl\/wp-content\/uploads\/2022\/10\/800x800-Truckned-logo-zonder-tekst-ZWART.png","width":801,"height":801,"caption":"Truckned"},"image":{"@id":"https:\/\/truckned.nl\/nl\/#\/schema\/logo\/image\/"},"sameAs":["https:\/\/www.facebook.com\/truckned\/","https:\/\/www.instagram.com\/truckned\/"],"vatID":"NL863960509B01","taxID":"86417487","hasMerchantReturnPolicy":{"@type":"MerchantReturnPolicy","merchantReturnLink":"https:\/\/truckned.nl\/de\/versand-rucksendungen\/"}}]},"product_brand":"Michelin","product_price_amount":"95.00","product_price_currency":"EUR","og_availability":"instock","product_availability":"instock","product_retailer_item_id":"TN-8893746","product_condition":"new"},"_links":{"self":[{"href":"https:\/\/truckned.nl\/de\/wp-json\/wp\/v2\/product\/33644","targetHints":{"allow":["GET"]}}],"collection":[{"href":"https:\/\/truckned.nl\/de\/wp-json\/wp\/v2\/product"}],"about":[{"href":"https:\/\/truckned.nl\/de\/wp-json\/wp\/v2\/types\/product"}],"replies":[{"embeddable":true,"href":"https:\/\/truckned.nl\/de\/wp-json\/wp\/v2\/comments?post=33644"}],"wp:featuredmedia":[{"embeddable":true,"href":"https:\/\/truckned.nl\/de\/wp-json\/wp\/v2\/media\/33654"}],"wp:attachment":[{"href":"https:\/\/truckned.nl\/de\/wp-json\/wp\/v2\/media?parent=33644"}],"wp:term":[{"taxonomy":"product_brand","embeddable":true,"href":"https:\/\/truckned.nl\/de\/wp-json\/wp\/v2\/product_brand?post=33644"},{"taxonomy":"product_cat","embeddable":true,"href":"https:\/\/truckned.nl\/de\/wp-json\/wp\/v2\/product_cat?post=33644"},{"taxonomy":"product_tag","embeddable":true,"href":"https:\/\/truckned.nl\/de\/wp-json\/wp\/v2\/product_tag?post=33644"}],"curies":[{"name":"wp","href":"https:\/\/api.w.org\/{rel}","templated":true}]}}