{"id":33870,"date":"2025-02-02T12:10:45","date_gmt":"2025-02-02T11:10:45","guid":{"rendered":"https:\/\/truckned.nl\/?post_type=product&#038;p=33870"},"modified":"2026-01-29T14:16:17","modified_gmt":"2026-01-29T13:16:17","slug":"strands-for9t-dragon-drive-7-inch","status":"publish","type":"product","link":"https:\/\/truckned.nl\/de\/produkt\/strands-for9t-dragon-drive-7-inch\/","title":{"rendered":"Strands FOR9T Dragon Drive 7 Zoll"},"content":{"rendered":"<p><span style=\"color: #000000\"><strong>Strands FOR9T Dragon Drive 7 Zoll, f\u00fcr 12 und 24 Volt.\u00a0<\/strong><\/span><\/p>\n<p><span style=\"color: #000000\">Suchen Sie einen leistungsstarken und modernen LED-Scheinwerfer? Sind Sie sich aber nicht sicher, welches Modell am besten zu Ihrem Fahrzeug passt? Dann k\u00f6nnte der Strands FOR9T Dragon Drive 7-Zoll-Scheinwerfer genau das Richtige f\u00fcr Sie sein. Diese robuste Leuchte verf\u00fcgt \u00fcber einen zweifarbigen standlicht-Scheinwerfer und wird mit einem DT4-Stecker geliefert, der eine schnelle und einfache Installation erm\u00f6glicht. Dank seiner vier leistungsstarken LED-Einheiten liefert er eine beeindruckende theoretische Lichtleistung von 7800 Lumen. Er ist sowohl f\u00fcr 12- als auch f\u00fcr 24-Volt-Systeme geeignet und kann somit an Ihrem Auto, Wohnmobil, LKW oder anderen Fahrzeugen montiert werden.<\/span><\/p>\n<p><span style=\"color: #000000\">Was den FOR9T Dragon Drive besonders zuverl\u00e4ssig macht, ist die Kombination aus robustem Aluminiumgeh\u00e4use und schlagfester Polycarbonatlinse. Dank der Schutzart IP67 ist er vollst\u00e4ndig staub- und wasserdicht. Er verf\u00fcgt au\u00dferdem \u00fcber mehrere Zertifizierungen: ECE R10, R148 und R149, sodass Sie stets sicher und vorschriftsm\u00e4\u00dfig fahren k\u00f6nnen. Kurz gesagt: Dieser Scheinwerfer bietet maximale Leistung und hervorragende Sicht unter allen Bedingungen. Dar\u00fcber hinaus garantiert der Strands langfristige Zuverl\u00e4ssigkeit, egal, was Sie fahren.<\/span><\/p>\n<h5><span style=\"color: #000000\"><strong>Abmessungen:<\/strong><\/span><\/h5>\n<p><span style=\"color: #000000\">Sie m\u00f6chten sichergehen, dass der Strands FOR9T Dragon Drive 7-Zoll-Scheinwerfer perfekt zu Ihrem Fahrzeug passt? Dann sind die Abmessungen entscheidend. \u00dcberpr\u00fcfen Sie diese daher unbedingt im Voraus. So wissen Sie genau, ob sich der Scheinwerfer problemlos montieren l\u00e4sst und perfekt zum Design Ihres Lkw, SUV oder Nutzfahrzeugs passt. Aus diesem Grund haben wir die genauen Abmessungen unten f\u00fcr Sie aufgelistet:<\/span><\/p>\n<ul>\n<li><span style=\"color: #000000\">H\u00f6he: 180 (185 mm inkl. Halterung)<\/span><\/li>\n<li><span style=\"color: #000000\">Durchmesser: 180 mm<\/span><\/li>\n<li><span style=\"color: #000000\">Dicke: 91 mm<\/span><\/li>\n<\/ul>\n<p><span style=\"color: #000000\"><strong style=\"font-size: 19.2px\">Andere Modelle:<br \/>\n<\/strong>Sie suchen einen LED-Scheinwerfer von Strands, aber der FOR9T Dragon Drive 7-Zoll-Scheinwerfer ist Ihnen zu klein? Kein Problem, Strands bietet auch eine gr\u00f6\u00dfere 9-Zoll-Version an. So finden Sie garantiert ein Modell, das perfekt zu Ihrem Fahrzeug und Ihrem Stil passt.<br \/>\n<\/span><\/p>\n<ul>\n<li><span style=\"color: #000000\"><a style=\"color: #000000\" href=\"https:\/\/truckned.nl\/de\/produkt\/strands-for9t-dragon-drive-9-inch\/\"><b>FOR9T Dragon Drive 9 Zoll<\/b><\/a><\/span><\/li>\n<\/ul>\n<p><span style=\"color: #000000\">Noch unsicher? Vielleicht suchen Sie nach einer etwas anderen Wattzahl, Lichtleistung oder einem anderen Design. Dann schauen Sie sich unser komplettes Sortiment an. <a style=\"color: #000000\" href=\"https:\/\/truckned.nl\/de\/produkt-kategorie\/verstralers\/\" target=\"_blank\" rel=\"noopener\">Scheinwerfer<\/a> und erkunden Sie alle Optionen. Wahrscheinlich finden Sie dort das ideale Modell, nach dem Sie suchen.<\/span><\/p>","protected":false},"excerpt":{"rendered":"<p>Krachtige 7 inch verstraler uit de FOR9T-serie, met maar liefst 7800 Lumen!<\/p>","protected":false},"featured_media":33884,"comment_status":"open","ping_status":"closed","template":"","meta":{"_acf_changed":false,"site-sidebar-layout":"default","site-content-layout":"default","ast-site-content-layout":"default","site-content-style":"default","site-sidebar-style":"default","ast-global-header-display":"","ast-banner-title-visibility":"","ast-main-header-display":"","ast-hfb-above-header-display":"","ast-hfb-below-header-display":"","ast-hfb-mobile-header-display":"","site-post-title":"","ast-breadcrumbs-content":"","ast-featured-img":"","footer-sml-layout":"","ast-disable-related-posts":"","theme-transparent-header-meta":"default","adv-header-id-meta":"","stick-header-meta":"","header-above-stick-meta":"","header-main-stick-meta":"","header-below-stick-meta":"","astra-migrate-meta-layouts":"set","ast-page-background-enabled":"default","ast-page-background-meta":{"desktop":{"background-color":"","background-image":"","background-repeat":"repeat","background-position":"center center","background-size":"auto","background-attachment":"scroll","background-type":"","background-media":"","overlay-type":"","overlay-color":"","overlay-opacity":"","overlay-gradient":""},"tablet":{"background-color":"","background-image":"","background-repeat":"repeat","background-position":"center center","background-size":"auto","background-attachment":"scroll","background-type":"","background-media":"","overlay-type":"","overlay-color":"","overlay-opacity":"","overlay-gradient":""},"mobile":{"background-color":"","background-image":"","background-repeat":"repeat","background-position":"center center","background-size":"auto","background-attachment":"scroll","background-type":"","background-media":"","overlay-type":"","overlay-color":"","overlay-opacity":"","overlay-gradient":""}},"ast-content-background-meta":{"desktop":{"background-color":"var(--ast-global-color-5)","background-image":"","background-repeat":"repeat","background-position":"center center","background-size":"auto","background-attachment":"scroll","background-type":"","background-media":"","overlay-type":"","overlay-color":"","overlay-opacity":"","overlay-gradient":""},"tablet":{"background-color":"var(--ast-global-color-5)","background-image":"","background-repeat":"repeat","background-position":"center center","background-size":"auto","background-attachment":"scroll","background-type":"","background-media":"","overlay-type":"","overlay-color":"","overlay-opacity":"","overlay-gradient":""},"mobile":{"background-color":"var(--ast-global-color-5)","background-image":"","background-repeat":"repeat","background-position":"center center","background-size":"auto","background-attachment":"scroll","background-type":"","background-media":"","overlay-type":"","overlay-color":"","overlay-opacity":"","overlay-gradient":""}}},"product_brand":[],"product_cat":[7906],"product_tag":[],"class_list":{"0":"post-33870","1":"product","2":"type-product","3":"status-publish","4":"has-post-thumbnail","6":"product_cat-verstraler-rond","7":"pa_merkk-product-strands-lighting-division","8":"desktop-align-left","9":"tablet-align-left","10":"mobile-align-left","12":"first","13":"instock","14":"taxable","15":"shipping-taxable","16":"purchasable","17":"product-type-simple"},"acf":[],"yoast_head":"<!-- This site is optimized with the Yoast SEO Premium plugin v26.5 (Yoast SEO v26.5) - https:\/\/yoast.com\/wordpress\/plugins\/seo\/ -->\n<title>Strands FOR9T Dragon Drive 7 inch - Truckned - voor 12 &amp; 24 volt<\/title>\n<meta name=\"description\" content=\"FOR9T Dragon Drive 7 inch- Strands - geschikt voor 12&amp;24V- 7800 Lumen! - DUAL COLOR standlicht oranje \/ wit - ECE R148 \/ R149\" \/>\n<meta name=\"robots\" content=\"index, follow, max-snippet:-1, max-image-preview:large, max-video-preview:-1\" \/>\n<link rel=\"canonical\" href=\"https:\/\/truckned.nl\/de\/produkt\/strands-for9t-dragon-drive-7-inch\/\" \/>\n<meta property=\"og:locale\" content=\"de_DE\" \/>\n<meta property=\"og:type\" content=\"article\" \/>\n<meta property=\"og:title\" content=\"Strands FOR9T Dragon Drive 7 inch - Truckned - voor 12 &amp; 24 volt\" \/>\n<meta property=\"og:description\" content=\"FOR9T Dragon Drive 7 inch- Strands - geschikt voor 12&amp;24V- 7800 Lumen! - DUAL COLOR standlicht oranje \/ wit - ECE R148 \/ R149\" \/>\n<meta property=\"og:url\" content=\"https:\/\/truckned.nl\/de\/produkt\/strands-for9t-dragon-drive-7-inch\/\" \/>\n<meta property=\"og:site_name\" content=\"Truckned\" \/>\n<meta property=\"article:publisher\" content=\"https:\/\/www.facebook.com\/truckned\/\" \/>\n<meta property=\"article:modified_time\" content=\"2026-01-29T13:16:17+00:00\" \/>\n<meta property=\"og:image\" content=\"https:\/\/truckned.nl\/wp-content\/uploads\/2025\/12\/ADL270967-SM.png\" \/>\n\t<meta property=\"og:image:width\" content=\"800\" \/>\n\t<meta property=\"og:image:height\" content=\"800\" \/>\n\t<meta property=\"og:image:type\" content=\"image\/png\" \/>\n<meta name=\"twitter:label1\" content=\"Preis\" \/>\n\t<meta name=\"twitter:data1\" content=\"&euro;219,00\" \/>\n\t<meta name=\"twitter:label2\" content=\"Verf\u00fcgbarkeit\" \/>\n\t<meta name=\"twitter:data2\" content=\"Auf Lager\" \/>\n<script type=\"application\/ld+json\" class=\"yoast-schema-graph\">{\"@context\":\"https:\/\/schema.org\",\"@graph\":[{\"@type\":[\"WebPage\",\"ItemPage\"],\"@id\":\"https:\/\/truckned.nl\/product\/strands-for9t-dragon-drive-7-inch\/\",\"url\":\"https:\/\/truckned.nl\/product\/strands-for9t-dragon-drive-7-inch\/\",\"name\":\"Strands FOR9T Dragon Drive 7 inch - Truckned - voor 12 & 24 volt\",\"isPartOf\":{\"@id\":\"https:\/\/truckned.nl\/nl\/#website\"},\"primaryImageOfPage\":{\"@id\":\"https:\/\/truckned.nl\/product\/strands-for9t-dragon-drive-7-inch\/#primaryimage\"},\"image\":{\"@id\":\"https:\/\/truckned.nl\/product\/strands-for9t-dragon-drive-7-inch\/#primaryimage\"},\"thumbnailUrl\":\"https:\/\/truckned.nl\/wp-content\/uploads\/2025\/12\/ADL270967.png\",\"datePublished\":\"2025-02-02T11:10:45+00:00\",\"dateModified\":\"2026-01-29T13:16:17+00:00\",\"description\":\"FOR9T Dragon Drive 7 inch- Strands - geschikt voor 12&24V- 7800 Lumen! - DUAL COLOR standlicht oranje \/ wit - ECE R148 \/ R149\",\"breadcrumb\":{\"@id\":\"https:\/\/truckned.nl\/product\/strands-for9t-dragon-drive-7-inch\/#breadcrumb\"},\"inLanguage\":\"de\",\"potentialAction\":[{\"@type\":\"ReadAction\",\"target\":[\"https:\/\/truckned.nl\/product\/strands-for9t-dragon-drive-7-inch\/\"]}]},{\"@type\":\"ImageObject\",\"inLanguage\":\"de\",\"@id\":\"https:\/\/truckned.nl\/product\/strands-for9t-dragon-drive-7-inch\/#primaryimage\",\"url\":\"https:\/\/truckned.nl\/wp-content\/uploads\/2025\/12\/ADL270967.png\",\"contentUrl\":\"https:\/\/truckned.nl\/wp-content\/uploads\/2025\/12\/ADL270967.png\",\"width\":800,\"height\":800,\"caption\":\"FOR9T Dragon Drive 7 inch - geschikt voor 12&24 - 7800 Lumen! - DUAL COLOR standlicht oranje \/ wit - ECE R148 \/ R149 keurmerk - DT-4 aansluiting\"},{\"@type\":\"BreadcrumbList\",\"@id\":\"https:\/\/truckned.nl\/product\/strands-for9t-dragon-drive-7-inch\/#breadcrumb\",\"itemListElement\":[{\"@type\":\"ListItem\",\"position\":1,\"name\":\"Home\",\"item\":\"https:\/\/truckned.nl\/\"},{\"@type\":\"ListItem\",\"position\":2,\"name\":\"Shop\",\"item\":\"https:\/\/truckned.nl\/nl\/shop\/\"},{\"@type\":\"ListItem\",\"position\":3,\"name\":\"Verstralers\",\"item\":\"https:\/\/truckned.nl\/product-categorie\/verstralers\/\"},{\"@type\":\"ListItem\",\"position\":4,\"name\":\"Verstraler rond\",\"item\":\"https:\/\/truckned.nl\/product-categorie\/verstralers\/verstraler-rond\/\"},{\"@type\":\"ListItem\",\"position\":5,\"name\":\"Strands FOR9T Dragon Drive 7 inch\"}]},{\"@type\":\"WebSite\",\"@id\":\"https:\/\/truckned.nl\/nl\/#website\",\"url\":\"https:\/\/truckned.nl\/nl\/\",\"name\":\"Truckned\",\"description\":\"\",\"publisher\":{\"@id\":\"https:\/\/truckned.nl\/nl\/#organization\"},\"potentialAction\":[{\"@type\":\"SearchAction\",\"target\":{\"@type\":\"EntryPoint\",\"urlTemplate\":\"https:\/\/truckned.nl\/nl\/?s={search_term_string}\"},\"query-input\":{\"@type\":\"PropertyValueSpecification\",\"valueRequired\":true,\"valueName\":\"search_term_string\"}}],\"inLanguage\":\"de\"},{\"@type\":\"Organization\",\"@id\":\"https:\/\/truckned.nl\/nl\/#organization\",\"name\":\"Truckned\",\"url\":\"https:\/\/truckned.nl\/nl\/\",\"logo\":{\"@type\":\"ImageObject\",\"inLanguage\":\"de\",\"@id\":\"https:\/\/truckned.nl\/nl\/#\/schema\/logo\/image\/\",\"url\":\"https:\/\/truckned.nl\/wp-content\/uploads\/2022\/10\/800x800-Truckned-logo-zonder-tekst-ZWART.png\",\"contentUrl\":\"https:\/\/truckned.nl\/wp-content\/uploads\/2022\/10\/800x800-Truckned-logo-zonder-tekst-ZWART.png\",\"width\":801,\"height\":801,\"caption\":\"Truckned\"},\"image\":{\"@id\":\"https:\/\/truckned.nl\/nl\/#\/schema\/logo\/image\/\"},\"sameAs\":[\"https:\/\/www.facebook.com\/truckned\/\",\"https:\/\/www.instagram.com\/truckned\/\"],\"vatID\":\"NL863960509B01\",\"taxID\":\"86417487\",\"hasMerchantReturnPolicy\":{\"@type\":\"MerchantReturnPolicy\",\"merchantReturnLink\":\"https:\/\/truckned.nl\/de\/versand-rucksendungen\/\"}}]}<\/script>\n<meta property=\"product:brand\" content=\"Strands\" \/>\n<meta property=\"product:price:amount\" content=\"219.00\" \/>\n<meta property=\"product:price:currency\" content=\"EUR\" \/>\n<meta property=\"og:availability\" content=\"instock\" \/>\n<meta property=\"product:availability\" content=\"instock\" \/>\n<meta property=\"product:retailer_item_id\" content=\"TN-270967\" \/>\n<meta property=\"product:condition\" content=\"new\" \/>\n<!-- \/ Yoast SEO Premium plugin. -->","yoast_head_json":{"title":"Strands FOR9T Dragon Drive 7 Zoll - Truckned - f\u00fcr 12 und 24 Volt","description":"FOR9T Dragon Drive 7-Zoll - Strands - kompatibel mit 12&amp;24V - 7800 Lumen! - Zweifarbig standlicht orange\/wei\u00df - ECE R148\/R149","robots":{"index":"index","follow":"follow","max-snippet":"max-snippet:-1","max-image-preview":"max-image-preview:large","max-video-preview":"max-video-preview:-1"},"canonical":"https:\/\/truckned.nl\/de\/produkt\/strands-for9t-dragon-drive-7-inch\/","og_locale":"de_DE","og_type":"article","og_title":"Strands FOR9T Dragon Drive 7 inch - Truckned - voor 12 & 24 volt","og_description":"FOR9T Dragon Drive 7 inch- Strands - geschikt voor 12&24V- 7800 Lumen! - DUAL COLOR standlicht oranje \/ wit - ECE R148 \/ R149","og_url":"https:\/\/truckned.nl\/de\/produkt\/strands-for9t-dragon-drive-7-inch\/","og_site_name":"Truckned","article_publisher":"https:\/\/www.facebook.com\/truckned\/","article_modified_time":"2026-01-29T13:16:17+00:00","og_image":[{"width":800,"height":800,"url":"https:\/\/truckned.nl\/wp-content\/uploads\/2025\/12\/ADL270967-SM.png","type":"image\/png"}],"twitter_misc":{"Preis":"&euro;219,00","Verf\u00fcgbarkeit":"Auf Lager"},"schema":{"@context":"https:\/\/schema.org","@graph":[{"@type":["WebPage","ItemPage"],"@id":"https:\/\/truckned.nl\/product\/strands-for9t-dragon-drive-7-inch\/","url":"https:\/\/truckned.nl\/product\/strands-for9t-dragon-drive-7-inch\/","name":"Strands FOR9T Dragon Drive 7 Zoll - Truckned - f\u00fcr 12 und 24 Volt","isPartOf":{"@id":"https:\/\/truckned.nl\/nl\/#website"},"primaryImageOfPage":{"@id":"https:\/\/truckned.nl\/product\/strands-for9t-dragon-drive-7-inch\/#primaryimage"},"image":{"@id":"https:\/\/truckned.nl\/product\/strands-for9t-dragon-drive-7-inch\/#primaryimage"},"thumbnailUrl":"https:\/\/truckned.nl\/wp-content\/uploads\/2025\/12\/ADL270967.png","datePublished":"2025-02-02T11:10:45+00:00","dateModified":"2026-01-29T13:16:17+00:00","description":"FOR9T Dragon Drive 7-Zoll - Strands - kompatibel mit 12&amp;24V - 7800 Lumen! - Zweifarbig standlicht orange\/wei\u00df - ECE R148\/R149","breadcrumb":{"@id":"https:\/\/truckned.nl\/product\/strands-for9t-dragon-drive-7-inch\/#breadcrumb"},"inLanguage":"de","potentialAction":[{"@type":"ReadAction","target":["https:\/\/truckned.nl\/product\/strands-for9t-dragon-drive-7-inch\/"]}]},{"@type":"ImageObject","inLanguage":"de","@id":"https:\/\/truckned.nl\/product\/strands-for9t-dragon-drive-7-inch\/#primaryimage","url":"https:\/\/truckned.nl\/wp-content\/uploads\/2025\/12\/ADL270967.png","contentUrl":"https:\/\/truckned.nl\/wp-content\/uploads\/2025\/12\/ADL270967.png","width":800,"height":800,"caption":"FOR9T Dragon Drive 7 inch - geschikt voor 12&24 - 7800 Lumen! - DUAL COLOR standlicht oranje \/ wit - ECE R148 \/ R149 keurmerk - DT-4 aansluiting"},{"@type":"BreadcrumbList","@id":"https:\/\/truckned.nl\/product\/strands-for9t-dragon-drive-7-inch\/#breadcrumb","itemListElement":[{"@type":"ListItem","position":1,"name":"Home","item":"https:\/\/truckned.nl\/"},{"@type":"ListItem","position":2,"name":"Shop","item":"https:\/\/truckned.nl\/nl\/shop\/"},{"@type":"ListItem","position":3,"name":"Verstralers","item":"https:\/\/truckned.nl\/product-categorie\/verstralers\/"},{"@type":"ListItem","position":4,"name":"Verstraler rond","item":"https:\/\/truckned.nl\/product-categorie\/verstralers\/verstraler-rond\/"},{"@type":"ListItem","position":5,"name":"Strands FOR9T Dragon Drive 7 inch"}]},{"@type":"WebSite","@id":"https:\/\/truckned.nl\/nl\/#website","url":"https:\/\/truckned.nl\/nl\/","name":"Truckned","description":"","publisher":{"@id":"https:\/\/truckned.nl\/nl\/#organization"},"potentialAction":[{"@type":"SearchAction","target":{"@type":"EntryPoint","urlTemplate":"https:\/\/truckned.nl\/nl\/?s={search_term_string}"},"query-input":{"@type":"PropertyValueSpecification","valueRequired":true,"valueName":"search_term_string"}}],"inLanguage":"de"},{"@type":"Organization","@id":"https:\/\/truckned.nl\/nl\/#organization","name":"Truckned","url":"https:\/\/truckned.nl\/nl\/","logo":{"@type":"ImageObject","inLanguage":"de","@id":"https:\/\/truckned.nl\/nl\/#\/schema\/logo\/image\/","url":"https:\/\/truckned.nl\/wp-content\/uploads\/2022\/10\/800x800-Truckned-logo-zonder-tekst-ZWART.png","contentUrl":"https:\/\/truckned.nl\/wp-content\/uploads\/2022\/10\/800x800-Truckned-logo-zonder-tekst-ZWART.png","width":801,"height":801,"caption":"Truckned"},"image":{"@id":"https:\/\/truckned.nl\/nl\/#\/schema\/logo\/image\/"},"sameAs":["https:\/\/www.facebook.com\/truckned\/","https:\/\/www.instagram.com\/truckned\/"],"vatID":"NL863960509B01","taxID":"86417487","hasMerchantReturnPolicy":{"@type":"MerchantReturnPolicy","merchantReturnLink":"https:\/\/truckned.nl\/de\/versand-rucksendungen\/"}}]},"product_brand":"Strands","product_price_amount":"219.00","product_price_currency":"EUR","og_availability":"instock","product_availability":"instock","product_retailer_item_id":"TN-270967","product_condition":"new"},"_links":{"self":[{"href":"https:\/\/truckned.nl\/de\/wp-json\/wp\/v2\/product\/33870","targetHints":{"allow":["GET"]}}],"collection":[{"href":"https:\/\/truckned.nl\/de\/wp-json\/wp\/v2\/product"}],"about":[{"href":"https:\/\/truckned.nl\/de\/wp-json\/wp\/v2\/types\/product"}],"replies":[{"embeddable":true,"href":"https:\/\/truckned.nl\/de\/wp-json\/wp\/v2\/comments?post=33870"}],"wp:featuredmedia":[{"embeddable":true,"href":"https:\/\/truckned.nl\/de\/wp-json\/wp\/v2\/media\/33884"}],"wp:attachment":[{"href":"https:\/\/truckned.nl\/de\/wp-json\/wp\/v2\/media?parent=33870"}],"wp:term":[{"taxonomy":"product_brand","embeddable":true,"href":"https:\/\/truckned.nl\/de\/wp-json\/wp\/v2\/product_brand?post=33870"},{"taxonomy":"product_cat","embeddable":true,"href":"https:\/\/truckned.nl\/de\/wp-json\/wp\/v2\/product_cat?post=33870"},{"taxonomy":"product_tag","embeddable":true,"href":"https:\/\/truckned.nl\/de\/wp-json\/wp\/v2\/product_tag?post=33870"}],"curies":[{"name":"wp","href":"https:\/\/api.w.org\/{rel}","templated":true}]}}