{"id":34009,"date":"2025-02-02T16:00:55","date_gmt":"2025-02-02T15:00:55","guid":{"rendered":"https:\/\/truckned.nl\/?post_type=product&#038;p=34009"},"modified":"2026-03-23T10:33:19","modified_gmt":"2026-03-23T09:33:19","slug":"swedstuff-led-bar-sr-20-inch","status":"publish","type":"product","link":"https:\/\/truckned.nl\/de\/produkt\/swedstuff-led-bar-sr-20-inch\/","title":{"rendered":"Swedstuff LED bar SR 20 Zoll"},"content":{"rendered":"<p><span style=\"color: #000000;\"><strong>Swedstuff LED bar SR 20 Zoll, geeignet f\u00fcr 12 und 24 Volt.\u00a0<\/strong><\/span><\/p>\n<p><span style=\"color: #000000;\">Suchen Sie eine kompakte LED bar-Leuchte mit starker Lichtleistung und elegantem Design? Dann ist die Swedstuff LED bar SR 20-Zoll genau das Richtige f\u00fcr Sie. Diese Leuchte erzeugt 5900 Lumen und liefert helles, wei\u00dfes Licht mit einer Farbtemperatur von 5700 K. So ist jederzeit optimale Sicht gew\u00e4hrleistet, selbst bei Nachtfahrten, schlechtem Wetter oder unter schwierigen Bedingungen. Der Lichtkegel ist fokussiert und dennoch breit genug f\u00fcr eine gleichm\u00e4\u00dfige Ausleuchtung. Zus\u00e4tzlich verf\u00fcgt die Leuchte \u00fcber ein zweistufiges Positionslicht in Wei\u00df und Orange, das Ihr Fahrzeug besser sichtbar macht und ihm einen coolen Look verleiht.<\/span><\/p>\n<p><span style=\"color: #000000;\">Die LED bar ist robust gebaut mit einem Aluminiumgeh\u00e4use und einer sto\u00dffesten Polycarbonatlinse. Dank ihrer IP67\/IP69K-Zertifizierung ist sie staub-, wasser- und steinschlagsicher und trotzt extremen Bedingungen. Damit eignet sie sich ideal f\u00fcr Lkw, SUVs, Landmaschinen, Baufahrzeuge und Einsatzfahrzeuge. Die Swedstuff LED bar SR 20-Zoll-Leuchte ist f\u00fcr 12 und 24 Volt geeignet und wird mit Befestigungsmaterial aus Edelstahl, Halterungen und einem DT-4-Stecker geliefert. Kurz gesagt: eine kompakte, leistungsstarke und langlebige LED bar, die Ihr Fahrzeug sicher und stilvoll ausleuchtet.<\/span><\/p>\n<h5><span style=\"color: #000000;\"><strong>Abmessungen:<\/strong><\/span><\/h5>\n<p><span style=\"color: #000000;\">Sie m\u00f6chten sichergehen, dass der 20-Zoll-LED bar zu Ihrem Lkw oder einem anderen Fahrzeug passt? \u00dcberpr\u00fcfen Sie daher unbedingt die Abmessungen. Aus diesem Grund haben wir alle wichtigen Ma\u00dfe unten \u00fcbersichtlich aufgelistet. So erleben Sie bei der Installation keine \u00dcberraschungen.<\/span><\/p>\n<ul>\n<li><span style=\"color: #000000;\">H\u00f6he: 47 mm (61,99 mm inkl. Halterung)<\/span><\/li>\n<li><span style=\"color: #000000;\">L\u00e4nge: 468,4 mm<\/span><\/li>\n<li><span style=\"color: #000000;\">Dicke: 76 mm<\/span><\/li>\n<\/ul>\n<h5><span style=\"color: #000000;\"><strong>Andere Versionen:\u00a0<\/strong><\/span><\/h5>\n<p><span style=\"color: #000000;\">Bevorzugen Sie eine kleinere Gr\u00f6\u00dfe? Dann haben wir gute Neuigkeiten. Dieser Scheinwerfer ist auch als 10-Zoll-Version erh\u00e4ltlich: der Swedstuff LED bar SR 10-Zoll. Das gleiche elegante Design, aber in gr\u00f6\u00dferer Gr\u00f6\u00dfe und mit noch mehr Lichtleistung.<\/span><\/p>\n<ul>\n<li><a href=\"https:\/\/truckned.nl\/de\/produkt\/swedstuff-led-bar-sr-10-inch\/\"><span style=\"color: #000000;\"><strong>Swedstuff LED bar SR 10 Zoll<\/strong><\/span><\/a><\/li>\n<\/ul>\n<div class=\"truncated\">\n<p><span style=\"color: #000000;\">Sind Sie sich nach all den Informationen immer noch unsicher, ob die Swedstuff LED bar SR 20-Zoll-Leuchte die richtige Wahl f\u00fcr Ihren Truck ist? Das ist durchaus m\u00f6glich. Vielleicht suchen Sie eine andere Gr\u00f6\u00dfe, ein anderes Lichtmuster oder einfach ein anderes Design. In diesem Fall k\u00f6nnen Sie sich gerne unser gesamtes Sortiment ansehen. <a style=\"color: #000000;\" href=\"https:\/\/truckned.nl\/de\/produkt-kategorie\/verstralers\/\">Scheinwerfer <\/a>Die Auswahl ist riesig. So finden Sie immer ein Modell, das perfekt zu Ihren Bed\u00fcrfnissen und Ihrem Fahrstil passt.<\/span><\/p>\n<\/div>","protected":false},"excerpt":{"rendered":"<p><span style=\"color: #000000;\">Swedstuff LED bar 20 inch met DUAL COLOR standlicht, geschikt voor 12 &amp; 24 volt.<\/span><\/p>","protected":false},"featured_media":34010,"comment_status":"open","ping_status":"closed","template":"","meta":{"_acf_changed":false,"site-sidebar-layout":"default","site-content-layout":"default","ast-site-content-layout":"default","site-content-style":"default","site-sidebar-style":"default","ast-global-header-display":"","ast-banner-title-visibility":"","ast-main-header-display":"","ast-hfb-above-header-display":"","ast-hfb-below-header-display":"","ast-hfb-mobile-header-display":"","site-post-title":"","ast-breadcrumbs-content":"","ast-featured-img":"","footer-sml-layout":"","ast-disable-related-posts":"","theme-transparent-header-meta":"default","adv-header-id-meta":"","stick-header-meta":"","header-above-stick-meta":"","header-main-stick-meta":"","header-below-stick-meta":"","astra-migrate-meta-layouts":"set","ast-page-background-enabled":"default","ast-page-background-meta":{"desktop":{"background-color":"","background-image":"","background-repeat":"repeat","background-position":"center center","background-size":"auto","background-attachment":"scroll","background-type":"","background-media":"","overlay-type":"","overlay-color":"","overlay-opacity":"","overlay-gradient":""},"tablet":{"background-color":"","background-image":"","background-repeat":"repeat","background-position":"center center","background-size":"auto","background-attachment":"scroll","background-type":"","background-media":"","overlay-type":"","overlay-color":"","overlay-opacity":"","overlay-gradient":""},"mobile":{"background-color":"","background-image":"","background-repeat":"repeat","background-position":"center center","background-size":"auto","background-attachment":"scroll","background-type":"","background-media":"","overlay-type":"","overlay-color":"","overlay-opacity":"","overlay-gradient":""}},"ast-content-background-meta":{"desktop":{"background-color":"var(--ast-global-color-5)","background-image":"","background-repeat":"repeat","background-position":"center center","background-size":"auto","background-attachment":"scroll","background-type":"","background-media":"","overlay-type":"","overlay-color":"","overlay-opacity":"","overlay-gradient":""},"tablet":{"background-color":"var(--ast-global-color-5)","background-image":"","background-repeat":"repeat","background-position":"center center","background-size":"auto","background-attachment":"scroll","background-type":"","background-media":"","overlay-type":"","overlay-color":"","overlay-opacity":"","overlay-gradient":""},"mobile":{"background-color":"var(--ast-global-color-5)","background-image":"","background-repeat":"repeat","background-position":"center center","background-size":"auto","background-attachment":"scroll","background-type":"","background-media":"","overlay-type":"","overlay-color":"","overlay-opacity":"","overlay-gradient":""}}},"product_brand":[],"product_cat":[7203,7908],"product_tag":[],"class_list":{"0":"post-34009","1":"product","2":"type-product","3":"status-publish","4":"has-post-thumbnail","6":"product_cat-verstralers","7":"product_cat-led-bar","8":"pa_merkk-product-swedstuff","9":"desktop-align-left","10":"tablet-align-left","11":"mobile-align-left","13":"first","14":"instock","15":"taxable","16":"shipping-taxable","17":"purchasable","18":"product-type-simple"},"acf":[],"yoast_head":"<!-- This site is optimized with the Yoast SEO Premium plugin v26.5 (Yoast SEO v26.5) - https:\/\/yoast.com\/wordpress\/plugins\/seo\/ -->\n<title>Swedstuff LED bar SR 20 inch - Truckned - voor 12 &amp; 24 volt<\/title>\n<meta name=\"description\" content=\"Swedstuff LED bar SR 20 inch - geschikt voor 12&amp;24V - 5900 Lumen - met oranje - wit standlicht - DT-4 aansluiting - ECE R148 \/ R149\" \/>\n<meta name=\"robots\" content=\"index, follow, max-snippet:-1, max-image-preview:large, max-video-preview:-1\" \/>\n<link rel=\"canonical\" href=\"https:\/\/truckned.nl\/de\/produkt\/swedstuff-led-bar-sr-20-inch\/\" \/>\n<meta property=\"og:locale\" content=\"de_DE\" \/>\n<meta property=\"og:type\" content=\"article\" \/>\n<meta property=\"og:title\" content=\"Swedstuff LED bar SR 20 inch - Truckned - voor 12 &amp; 24 volt\" \/>\n<meta property=\"og:description\" content=\"Swedstuff LED bar SR 20 inch - geschikt voor 12&amp;24V - 5900 Lumen - met oranje - wit standlicht - DT-4 aansluiting - ECE R148 \/ R149\" \/>\n<meta property=\"og:url\" content=\"https:\/\/truckned.nl\/de\/produkt\/swedstuff-led-bar-sr-20-inch\/\" \/>\n<meta property=\"og:site_name\" content=\"Truckned\" \/>\n<meta property=\"article:publisher\" content=\"https:\/\/www.facebook.com\/truckned\/\" \/>\n<meta property=\"article:modified_time\" content=\"2026-03-23T09:33:19+00:00\" \/>\n<meta property=\"og:image\" content=\"https:\/\/truckned.nl\/wp-content\/uploads\/2025\/12\/TN-808352-SM.png\" \/>\n\t<meta property=\"og:image:width\" content=\"800\" \/>\n\t<meta property=\"og:image:height\" content=\"800\" \/>\n\t<meta property=\"og:image:type\" content=\"image\/png\" \/>\n<meta name=\"twitter:label1\" content=\"Preis\" \/>\n\t<meta name=\"twitter:data1\" content=\"&euro;129,00\" \/>\n\t<meta name=\"twitter:label2\" content=\"Verf\u00fcgbarkeit\" \/>\n\t<meta name=\"twitter:data2\" content=\"Auf Lager\" \/>\n<script type=\"application\/ld+json\" class=\"yoast-schema-graph\">{\"@context\":\"https:\/\/schema.org\",\"@graph\":[{\"@type\":[\"WebPage\",\"ItemPage\"],\"@id\":\"https:\/\/truckned.nl\/product\/swedstuff-led-bar-sr-20-inch\/\",\"url\":\"https:\/\/truckned.nl\/product\/swedstuff-led-bar-sr-20-inch\/\",\"name\":\"Swedstuff LED bar SR 20 inch - Truckned - voor 12 & 24 volt\",\"isPartOf\":{\"@id\":\"https:\/\/truckned.nl\/nl\/#website\"},\"primaryImageOfPage\":{\"@id\":\"https:\/\/truckned.nl\/product\/swedstuff-led-bar-sr-20-inch\/#primaryimage\"},\"image\":{\"@id\":\"https:\/\/truckned.nl\/product\/swedstuff-led-bar-sr-20-inch\/#primaryimage\"},\"thumbnailUrl\":\"https:\/\/truckned.nl\/wp-content\/uploads\/2025\/12\/TN-808352.png\",\"datePublished\":\"2025-02-02T15:00:55+00:00\",\"dateModified\":\"2026-03-23T09:33:19+00:00\",\"description\":\"Swedstuff LED bar SR 20 inch - geschikt voor 12&24V - 5900 Lumen - met oranje - wit standlicht - DT-4 aansluiting - ECE R148 \/ R149\",\"breadcrumb\":{\"@id\":\"https:\/\/truckned.nl\/product\/swedstuff-led-bar-sr-20-inch\/#breadcrumb\"},\"inLanguage\":\"de\",\"potentialAction\":[{\"@type\":\"ReadAction\",\"target\":[\"https:\/\/truckned.nl\/product\/swedstuff-led-bar-sr-20-inch\/\"]}]},{\"@type\":\"ImageObject\",\"inLanguage\":\"de\",\"@id\":\"https:\/\/truckned.nl\/product\/swedstuff-led-bar-sr-20-inch\/#primaryimage\",\"url\":\"https:\/\/truckned.nl\/wp-content\/uploads\/2025\/12\/TN-808352.png\",\"contentUrl\":\"https:\/\/truckned.nl\/wp-content\/uploads\/2025\/12\/TN-808352.png\",\"width\":800,\"height\":800,\"caption\":\"Swedstuff LED bar SR 20 inch - geschikt voor 12&24V- 5900 Lumen - met oranje - wit standlicht - DT-4 aansluiting - ECE R148 \/ R149\"},{\"@type\":\"BreadcrumbList\",\"@id\":\"https:\/\/truckned.nl\/product\/swedstuff-led-bar-sr-20-inch\/#breadcrumb\",\"itemListElement\":[{\"@type\":\"ListItem\",\"position\":1,\"name\":\"Home\",\"item\":\"https:\/\/truckned.nl\/\"},{\"@type\":\"ListItem\",\"position\":2,\"name\":\"Shop\",\"item\":\"https:\/\/truckned.nl\/nl\/shop\/\"},{\"@type\":\"ListItem\",\"position\":3,\"name\":\"Verstralers\",\"item\":\"https:\/\/truckned.nl\/product-categorie\/verstralers\/\"},{\"@type\":\"ListItem\",\"position\":4,\"name\":\"LED bar\",\"item\":\"https:\/\/truckned.nl\/product-categorie\/verstralers\/led-bar\/\"},{\"@type\":\"ListItem\",\"position\":5,\"name\":\"Swedstuff LED bar SR 20 inch\"}]},{\"@type\":\"WebSite\",\"@id\":\"https:\/\/truckned.nl\/nl\/#website\",\"url\":\"https:\/\/truckned.nl\/nl\/\",\"name\":\"Truckned\",\"description\":\"\",\"publisher\":{\"@id\":\"https:\/\/truckned.nl\/nl\/#organization\"},\"potentialAction\":[{\"@type\":\"SearchAction\",\"target\":{\"@type\":\"EntryPoint\",\"urlTemplate\":\"https:\/\/truckned.nl\/nl\/?s={search_term_string}\"},\"query-input\":{\"@type\":\"PropertyValueSpecification\",\"valueRequired\":true,\"valueName\":\"search_term_string\"}}],\"inLanguage\":\"de\"},{\"@type\":\"Organization\",\"@id\":\"https:\/\/truckned.nl\/nl\/#organization\",\"name\":\"Truckned\",\"url\":\"https:\/\/truckned.nl\/nl\/\",\"logo\":{\"@type\":\"ImageObject\",\"inLanguage\":\"de\",\"@id\":\"https:\/\/truckned.nl\/nl\/#\/schema\/logo\/image\/\",\"url\":\"https:\/\/truckned.nl\/wp-content\/uploads\/2022\/10\/800x800-Truckned-logo-zonder-tekst-ZWART.png\",\"contentUrl\":\"https:\/\/truckned.nl\/wp-content\/uploads\/2022\/10\/800x800-Truckned-logo-zonder-tekst-ZWART.png\",\"width\":801,\"height\":801,\"caption\":\"Truckned\"},\"image\":{\"@id\":\"https:\/\/truckned.nl\/nl\/#\/schema\/logo\/image\/\"},\"sameAs\":[\"https:\/\/www.facebook.com\/truckned\/\",\"https:\/\/www.instagram.com\/truckned\/\"],\"vatID\":\"NL863960509B01\",\"taxID\":\"86417487\",\"hasMerchantReturnPolicy\":{\"@type\":\"MerchantReturnPolicy\",\"merchantReturnLink\":\"https:\/\/truckned.nl\/de\/versand-rucksendungen\/\"}}]}<\/script>\n<meta property=\"product:brand\" content=\"Swedstuff\" \/>\n<meta property=\"product:price:amount\" content=\"129.00\" \/>\n<meta property=\"product:price:currency\" content=\"EUR\" \/>\n<meta property=\"og:availability\" content=\"instock\" \/>\n<meta property=\"product:availability\" content=\"instock\" \/>\n<meta property=\"product:retailer_item_id\" content=\"TN-808352\" \/>\n<meta property=\"product:condition\" content=\"new\" \/>\n<!-- \/ Yoast SEO Premium plugin. -->","yoast_head_json":{"title":"Swedstuff LED bar SR 20 Zoll - Truckned - f\u00fcr 12 und 24 Volt","description":"Swedstuff LED bar SR 20 Zoll \u2013 geeignet f\u00fcr 12&amp;24V \u2013 5900 Lumen \u2013 mit orange-wei\u00dfem standlicht \u2013 DT-4-Anschluss \u2013 ECE R148 \/ R149","robots":{"index":"index","follow":"follow","max-snippet":"max-snippet:-1","max-image-preview":"max-image-preview:large","max-video-preview":"max-video-preview:-1"},"canonical":"https:\/\/truckned.nl\/de\/produkt\/swedstuff-led-bar-sr-20-inch\/","og_locale":"de_DE","og_type":"article","og_title":"Swedstuff LED bar SR 20 inch - Truckned - voor 12 & 24 volt","og_description":"Swedstuff LED bar SR 20 inch - geschikt voor 12&24V - 5900 Lumen - met oranje - wit standlicht - DT-4 aansluiting - ECE R148 \/ R149","og_url":"https:\/\/truckned.nl\/de\/produkt\/swedstuff-led-bar-sr-20-inch\/","og_site_name":"Truckned","article_publisher":"https:\/\/www.facebook.com\/truckned\/","article_modified_time":"2026-03-23T09:33:19+00:00","og_image":[{"width":800,"height":800,"url":"https:\/\/truckned.nl\/wp-content\/uploads\/2025\/12\/TN-808352-SM.png","type":"image\/png"}],"twitter_misc":{"Preis":"&euro;129,00","Verf\u00fcgbarkeit":"Auf Lager"},"schema":{"@context":"https:\/\/schema.org","@graph":[{"@type":["WebPage","ItemPage"],"@id":"https:\/\/truckned.nl\/product\/swedstuff-led-bar-sr-20-inch\/","url":"https:\/\/truckned.nl\/product\/swedstuff-led-bar-sr-20-inch\/","name":"Swedstuff LED bar SR 20 Zoll - Truckned - f\u00fcr 12 und 24 Volt","isPartOf":{"@id":"https:\/\/truckned.nl\/nl\/#website"},"primaryImageOfPage":{"@id":"https:\/\/truckned.nl\/product\/swedstuff-led-bar-sr-20-inch\/#primaryimage"},"image":{"@id":"https:\/\/truckned.nl\/product\/swedstuff-led-bar-sr-20-inch\/#primaryimage"},"thumbnailUrl":"https:\/\/truckned.nl\/wp-content\/uploads\/2025\/12\/TN-808352.png","datePublished":"2025-02-02T15:00:55+00:00","dateModified":"2026-03-23T09:33:19+00:00","description":"Swedstuff LED bar SR 20 Zoll \u2013 geeignet f\u00fcr 12&amp;24V \u2013 5900 Lumen \u2013 mit orange-wei\u00dfem standlicht \u2013 DT-4-Anschluss \u2013 ECE R148 \/ R149","breadcrumb":{"@id":"https:\/\/truckned.nl\/product\/swedstuff-led-bar-sr-20-inch\/#breadcrumb"},"inLanguage":"de","potentialAction":[{"@type":"ReadAction","target":["https:\/\/truckned.nl\/product\/swedstuff-led-bar-sr-20-inch\/"]}]},{"@type":"ImageObject","inLanguage":"de","@id":"https:\/\/truckned.nl\/product\/swedstuff-led-bar-sr-20-inch\/#primaryimage","url":"https:\/\/truckned.nl\/wp-content\/uploads\/2025\/12\/TN-808352.png","contentUrl":"https:\/\/truckned.nl\/wp-content\/uploads\/2025\/12\/TN-808352.png","width":800,"height":800,"caption":"Swedstuff LED bar SR 20 inch - geschikt voor 12&24V- 5900 Lumen - met oranje - wit standlicht - DT-4 aansluiting - ECE R148 \/ R149"},{"@type":"BreadcrumbList","@id":"https:\/\/truckned.nl\/product\/swedstuff-led-bar-sr-20-inch\/#breadcrumb","itemListElement":[{"@type":"ListItem","position":1,"name":"Home","item":"https:\/\/truckned.nl\/"},{"@type":"ListItem","position":2,"name":"Shop","item":"https:\/\/truckned.nl\/nl\/shop\/"},{"@type":"ListItem","position":3,"name":"Verstralers","item":"https:\/\/truckned.nl\/product-categorie\/verstralers\/"},{"@type":"ListItem","position":4,"name":"LED bar","item":"https:\/\/truckned.nl\/product-categorie\/verstralers\/led-bar\/"},{"@type":"ListItem","position":5,"name":"Swedstuff LED bar SR 20 inch"}]},{"@type":"WebSite","@id":"https:\/\/truckned.nl\/nl\/#website","url":"https:\/\/truckned.nl\/nl\/","name":"Truckned","description":"","publisher":{"@id":"https:\/\/truckned.nl\/nl\/#organization"},"potentialAction":[{"@type":"SearchAction","target":{"@type":"EntryPoint","urlTemplate":"https:\/\/truckned.nl\/nl\/?s={search_term_string}"},"query-input":{"@type":"PropertyValueSpecification","valueRequired":true,"valueName":"search_term_string"}}],"inLanguage":"de"},{"@type":"Organization","@id":"https:\/\/truckned.nl\/nl\/#organization","name":"Truckned","url":"https:\/\/truckned.nl\/nl\/","logo":{"@type":"ImageObject","inLanguage":"de","@id":"https:\/\/truckned.nl\/nl\/#\/schema\/logo\/image\/","url":"https:\/\/truckned.nl\/wp-content\/uploads\/2022\/10\/800x800-Truckned-logo-zonder-tekst-ZWART.png","contentUrl":"https:\/\/truckned.nl\/wp-content\/uploads\/2022\/10\/800x800-Truckned-logo-zonder-tekst-ZWART.png","width":801,"height":801,"caption":"Truckned"},"image":{"@id":"https:\/\/truckned.nl\/nl\/#\/schema\/logo\/image\/"},"sameAs":["https:\/\/www.facebook.com\/truckned\/","https:\/\/www.instagram.com\/truckned\/"],"vatID":"NL863960509B01","taxID":"86417487","hasMerchantReturnPolicy":{"@type":"MerchantReturnPolicy","merchantReturnLink":"https:\/\/truckned.nl\/de\/versand-rucksendungen\/"}}]},"product_brand":"Swedstuff","product_price_amount":"129.00","product_price_currency":"EUR","og_availability":"instock","product_availability":"instock","product_retailer_item_id":"TN-808352","product_condition":"new"},"_links":{"self":[{"href":"https:\/\/truckned.nl\/de\/wp-json\/wp\/v2\/product\/34009","targetHints":{"allow":["GET"]}}],"collection":[{"href":"https:\/\/truckned.nl\/de\/wp-json\/wp\/v2\/product"}],"about":[{"href":"https:\/\/truckned.nl\/de\/wp-json\/wp\/v2\/types\/product"}],"replies":[{"embeddable":true,"href":"https:\/\/truckned.nl\/de\/wp-json\/wp\/v2\/comments?post=34009"}],"wp:featuredmedia":[{"embeddable":true,"href":"https:\/\/truckned.nl\/de\/wp-json\/wp\/v2\/media\/34010"}],"wp:attachment":[{"href":"https:\/\/truckned.nl\/de\/wp-json\/wp\/v2\/media?parent=34009"}],"wp:term":[{"taxonomy":"product_brand","embeddable":true,"href":"https:\/\/truckned.nl\/de\/wp-json\/wp\/v2\/product_brand?post=34009"},{"taxonomy":"product_cat","embeddable":true,"href":"https:\/\/truckned.nl\/de\/wp-json\/wp\/v2\/product_cat?post=34009"},{"taxonomy":"product_tag","embeddable":true,"href":"https:\/\/truckned.nl\/de\/wp-json\/wp\/v2\/product_tag?post=34009"}],"curies":[{"name":"wp","href":"https:\/\/api.w.org\/{rel}","templated":true}]}}