{"id":34229,"date":"2023-11-14T16:00:44","date_gmt":"2023-11-14T15:00:44","guid":{"rendered":"https:\/\/truckned.nl\/?post_type=product&#038;p=34229"},"modified":"2026-03-20T11:14:53","modified_gmt":"2026-03-20T10:14:53","slug":"strands-ize-led-lighthouse-zwaailamp-oranje","status":"publish","type":"product","link":"https:\/\/truckned.nl\/de\/produkt\/strands-ize-led-lighthouse-zwaailamp-oranje\/","title":{"rendered":"Strands IZE LED Lighthouse Rundumleuchte - orange"},"content":{"rendered":"<p><span style=\"color: #000000;\"><strong>Strands IZE LED Lighthouse Rundumleuchte orange, f\u00fcr 12 und 24 Volt.\u00a0<\/strong><\/span><\/p>\n<p><span style=\"color: #000000;\">Suchen Sie eine Rundumleuchte, die sich durch ihre hohe Sichtbarkeit auszeichnet und f\u00fcr den t\u00e4glichen Einsatz geeignet ist? Dann ist die orangefarbene Rundumleuchte Strands IZE LED Lighthouse genau das Richtige f\u00fcr Sie. Diese Leuchte nutzt zwei leistungsstarke LED-LEDs in Kombination mit einem drehbaren Reflektor. Dadurch entsteht ein markanter Lichtstrahl, der Tag und Nacht von allen Seiten gut sichtbar ist. So ist maximale Sichtbarkeit jederzeit gew\u00e4hrleistet, egal ob Sie am Stra\u00dfenrand stehen, auf einer Baustelle arbeiten oder einfach nur im Stra\u00dfenverkehr gut gesehen werden m\u00f6chten. Dar\u00fcber hinaus ist dieses Modell eine hervorragende Alternative zur bekannten Hella KL-7000 und erm\u00f6glicht einen besonders einfachen Wechsel.<\/span><\/p>\n<p><span style=\"color: #000000;\">Auch in puncto Langlebigkeit ist die IZE LED Lighthouse eine kluge Wahl. Die Polycarbonat-Linse und der ABS-Sockel sind f\u00fcr raue Bedingungen ausgelegt und bilden eine robuste Kombination gegen Wasser, Staub und St\u00f6\u00dfe. Die Lampe ist sowohl f\u00fcr 12 als auch f\u00fcr 24 Volt geeignet und somit f\u00fcr eine Vielzahl von Fahrzeugen wie Lkw, Anh\u00e4nger, Landmaschinen und Nutzfahrzeuge einsetzbar. Dank der offiziellen ECE-R65-Zertifizierung ist sie auch f\u00fcr den Einsatz im \u00f6ffentlichen Stra\u00dfenverkehr zugelassen, w\u00e4hrend die R10-Zertifizierung St\u00f6rungen von Funkger\u00e4ten und Bordelektronik verhindert. Kurz gesagt: Mit der orangefarbenen IZE LED Lighthouse Strands erhalten Sie Zuverl\u00e4ssigkeit, optimale Sichtbarkeit und ein elegantes Design in einem kompakten Geh\u00e4use.<\/span><\/p>\n<h5><span style=\"color: #000000;\"><strong>Abmessungen:<\/strong><\/span><\/h5>\n<p><span style=\"color: #000000;\">M\u00f6chten Sie sichergehen, dass Sie diese Warnleuchte an der richtigen Stelle montieren k\u00f6nnen? Dann \u00fcberpr\u00fcfen Sie die unten stehenden Abmessungen. So k\u00f6nnen Sie sofort sehen, ob die IZE LED Lighthouse-Warnleuchte zu Ihrem Fahrzeug passt.<\/span><\/p>\n<ul>\n<li><span style=\"color: #000000;\">H\u00f6he: 191,5 mm<\/span><\/li>\n<li><span style=\"color: #000000;\">Durchmesser: 134,5 mm<br \/>\n<\/span><\/li>\n<li><span style=\"color: #000000;\">HoH: 90,9 mm<\/span><\/li>\n<\/ul>\n<p><span style=\"color: #000000;\">Sie sind sich noch nicht ganz sicher, ob die Strands IZE LED Lighthouse Rundumleuchte - orange f\u00fcr Ihre Anwendung geeignet ist? Vielleicht suchen Sie eine andere Gr\u00f6\u00dfe, eine andere Leuchtfunktion oder eine andere Art von Warnleuchte. In diesem Fall lohnt sich ein Blick auf unsere volledige-Serie. <a style=\"color: #000000;\" href=\"https:\/\/truckned.nl\/de\/produkt-kategorie\/signalering\/\">Signalisierung<\/a> Werfen Sie einen Blick darauf. Es besteht eine gute Chance, dass das Modell, das perfekt zu Ihrem Fahrzeug und Ihrer Arbeitssituation passt, tats\u00e4chlich dabei ist.<\/span><\/p>","protected":false},"excerpt":{"rendered":"<p><span style=\"color: #000000;\">Strands IZE LED Lighthouse zwaailamp, geschikt voor 12 &amp; 24 volt gebruik.<\/span><\/p>","protected":false},"featured_media":34231,"comment_status":"open","ping_status":"closed","template":"","meta":{"_acf_changed":false,"site-sidebar-layout":"default","site-content-layout":"default","ast-site-content-layout":"default","site-content-style":"default","site-sidebar-style":"default","ast-global-header-display":"","ast-banner-title-visibility":"","ast-main-header-display":"","ast-hfb-above-header-display":"","ast-hfb-below-header-display":"","ast-hfb-mobile-header-display":"","site-post-title":"","ast-breadcrumbs-content":"","ast-featured-img":"","footer-sml-layout":"","ast-disable-related-posts":"","theme-transparent-header-meta":"default","adv-header-id-meta":"","stick-header-meta":"","header-above-stick-meta":"","header-main-stick-meta":"","header-below-stick-meta":"","astra-migrate-meta-layouts":"set","ast-page-background-enabled":"default","ast-page-background-meta":{"desktop":{"background-color":"","background-image":"","background-repeat":"repeat","background-position":"center center","background-size":"auto","background-attachment":"scroll","background-type":"","background-media":"","overlay-type":"","overlay-color":"","overlay-opacity":"","overlay-gradient":""},"tablet":{"background-color":"","background-image":"","background-repeat":"repeat","background-position":"center center","background-size":"auto","background-attachment":"scroll","background-type":"","background-media":"","overlay-type":"","overlay-color":"","overlay-opacity":"","overlay-gradient":""},"mobile":{"background-color":"","background-image":"","background-repeat":"repeat","background-position":"center center","background-size":"auto","background-attachment":"scroll","background-type":"","background-media":"","overlay-type":"","overlay-color":"","overlay-opacity":"","overlay-gradient":""}},"ast-content-background-meta":{"desktop":{"background-color":"var(--ast-global-color-5)","background-image":"","background-repeat":"repeat","background-position":"center center","background-size":"auto","background-attachment":"scroll","background-type":"","background-media":"","overlay-type":"","overlay-color":"","overlay-opacity":"","overlay-gradient":""},"tablet":{"background-color":"var(--ast-global-color-5)","background-image":"","background-repeat":"repeat","background-position":"center center","background-size":"auto","background-attachment":"scroll","background-type":"","background-media":"","overlay-type":"","overlay-color":"","overlay-opacity":"","overlay-gradient":""},"mobile":{"background-color":"var(--ast-global-color-5)","background-image":"","background-repeat":"repeat","background-position":"center center","background-size":"auto","background-attachment":"scroll","background-type":"","background-media":"","overlay-type":"","overlay-color":"","overlay-opacity":"","overlay-gradient":""}}},"product_brand":[],"product_cat":[7904],"product_tag":[],"class_list":{"0":"post-34229","1":"product","2":"type-product","3":"status-publish","4":"has-post-thumbnail","6":"product_cat-zwaailamp","7":"pa_merkk-product-strands-lighting-division","8":"desktop-align-left","9":"tablet-align-left","10":"mobile-align-left","12":"first","13":"instock","14":"taxable","15":"shipping-taxable","16":"purchasable","17":"product-type-simple"},"acf":[],"yoast_head":"<!-- This site is optimized with the Yoast SEO Premium plugin v26.5 (Yoast SEO v26.5) - https:\/\/yoast.com\/wordpress\/plugins\/seo\/ -->\n<title>Strands IZE LED Lighthouse zwaailamp oranje - Truckned - voor 12 &amp; 24 volt<\/title>\n<meta name=\"description\" content=\"Strands IZE LED Lighthouse zwaailamp oranje - ECE R65 goedkeuring- 12&amp;24 volt - LED zwaailamp - auto, vrachtwagen, tractor en meer - Strands: 905003\" \/>\n<meta name=\"robots\" content=\"index, follow, max-snippet:-1, max-image-preview:large, max-video-preview:-1\" \/>\n<link rel=\"canonical\" href=\"https:\/\/truckned.nl\/de\/produkt\/strands-ize-led-lighthouse-zwaailamp-oranje\/\" \/>\n<meta property=\"og:locale\" content=\"de_DE\" \/>\n<meta property=\"og:type\" content=\"article\" \/>\n<meta property=\"og:title\" content=\"Strands IZE LED Lighthouse zwaailamp oranje - Truckned - voor 12 &amp; 24 volt\" \/>\n<meta property=\"og:description\" content=\"Strands IZE LED Lighthouse zwaailamp oranje - ECE R65 goedkeuring- 12&amp;24 volt - LED zwaailamp - auto, vrachtwagen, tractor en meer - Strands: 905003\" \/>\n<meta property=\"og:url\" content=\"https:\/\/truckned.nl\/de\/produkt\/strands-ize-led-lighthouse-zwaailamp-oranje\/\" \/>\n<meta property=\"og:site_name\" content=\"Truckned\" \/>\n<meta property=\"article:publisher\" content=\"https:\/\/www.facebook.com\/truckned\/\" \/>\n<meta property=\"article:modified_time\" content=\"2026-03-20T10:14:53+00:00\" \/>\n<meta property=\"og:image\" content=\"https:\/\/truckned.nl\/wp-content\/uploads\/2026\/01\/TN-905003-SM.png\" \/>\n\t<meta property=\"og:image:width\" content=\"800\" \/>\n\t<meta property=\"og:image:height\" content=\"800\" \/>\n\t<meta property=\"og:image:type\" content=\"image\/png\" \/>\n<meta name=\"twitter:label1\" content=\"Preis\" \/>\n\t<meta name=\"twitter:data1\" content=\"&euro;99,00\" \/>\n\t<meta name=\"twitter:label2\" content=\"Verf\u00fcgbarkeit\" \/>\n\t<meta name=\"twitter:data2\" content=\"Auf Lager\" \/>\n<script type=\"application\/ld+json\" class=\"yoast-schema-graph\">{\"@context\":\"https:\/\/schema.org\",\"@graph\":[{\"@type\":[\"WebPage\",\"ItemPage\"],\"@id\":\"https:\/\/truckned.nl\/product\/strands-ize-led-lighthouse-zwaailamp-oranje\/\",\"url\":\"https:\/\/truckned.nl\/product\/strands-ize-led-lighthouse-zwaailamp-oranje\/\",\"name\":\"Strands IZE LED Lighthouse zwaailamp oranje - Truckned - voor 12 & 24 volt\",\"isPartOf\":{\"@id\":\"https:\/\/truckned.nl\/nl\/#website\"},\"primaryImageOfPage\":{\"@id\":\"https:\/\/truckned.nl\/product\/strands-ize-led-lighthouse-zwaailamp-oranje\/#primaryimage\"},\"image\":{\"@id\":\"https:\/\/truckned.nl\/product\/strands-ize-led-lighthouse-zwaailamp-oranje\/#primaryimage\"},\"thumbnailUrl\":\"https:\/\/truckned.nl\/wp-content\/uploads\/2026\/01\/TN-905003.png\",\"datePublished\":\"2023-11-14T15:00:44+00:00\",\"dateModified\":\"2026-03-20T10:14:53+00:00\",\"description\":\"Strands IZE LED Lighthouse zwaailamp oranje - ECE R65 goedkeuring- 12&24 volt - LED zwaailamp - auto, vrachtwagen, tractor en meer - Strands: 905003\",\"breadcrumb\":{\"@id\":\"https:\/\/truckned.nl\/product\/strands-ize-led-lighthouse-zwaailamp-oranje\/#breadcrumb\"},\"inLanguage\":\"de\",\"potentialAction\":[{\"@type\":\"ReadAction\",\"target\":[\"https:\/\/truckned.nl\/product\/strands-ize-led-lighthouse-zwaailamp-oranje\/\"]}]},{\"@type\":\"ImageObject\",\"inLanguage\":\"de\",\"@id\":\"https:\/\/truckned.nl\/product\/strands-ize-led-lighthouse-zwaailamp-oranje\/#primaryimage\",\"url\":\"https:\/\/truckned.nl\/wp-content\/uploads\/2026\/01\/TN-905003.png\",\"contentUrl\":\"https:\/\/truckned.nl\/wp-content\/uploads\/2026\/01\/TN-905003.png\",\"width\":800,\"height\":800,\"caption\":\"Strands IZE LED Lighthouse zwaailamp oranje - ECE R65 - 12&24 volt - 2LED's - Hella KL-7000\"},{\"@type\":\"BreadcrumbList\",\"@id\":\"https:\/\/truckned.nl\/product\/strands-ize-led-lighthouse-zwaailamp-oranje\/#breadcrumb\",\"itemListElement\":[{\"@type\":\"ListItem\",\"position\":1,\"name\":\"Home\",\"item\":\"https:\/\/truckned.nl\/\"},{\"@type\":\"ListItem\",\"position\":2,\"name\":\"Shop\",\"item\":\"https:\/\/truckned.nl\/nl\/shop\/\"},{\"@type\":\"ListItem\",\"position\":3,\"name\":\"Signalering\",\"item\":\"https:\/\/truckned.nl\/product-categorie\/signalering\/\"},{\"@type\":\"ListItem\",\"position\":4,\"name\":\"Zwaailamp\",\"item\":\"https:\/\/truckned.nl\/product-categorie\/signalering\/zwaailamp\/\"},{\"@type\":\"ListItem\",\"position\":5,\"name\":\"Strands IZE LED Lighthouse zwaailamp &#8211; oranje\"}]},{\"@type\":\"WebSite\",\"@id\":\"https:\/\/truckned.nl\/nl\/#website\",\"url\":\"https:\/\/truckned.nl\/nl\/\",\"name\":\"Truckned\",\"description\":\"\",\"publisher\":{\"@id\":\"https:\/\/truckned.nl\/nl\/#organization\"},\"potentialAction\":[{\"@type\":\"SearchAction\",\"target\":{\"@type\":\"EntryPoint\",\"urlTemplate\":\"https:\/\/truckned.nl\/nl\/?s={search_term_string}\"},\"query-input\":{\"@type\":\"PropertyValueSpecification\",\"valueRequired\":true,\"valueName\":\"search_term_string\"}}],\"inLanguage\":\"de\"},{\"@type\":\"Organization\",\"@id\":\"https:\/\/truckned.nl\/nl\/#organization\",\"name\":\"Truckned\",\"url\":\"https:\/\/truckned.nl\/nl\/\",\"logo\":{\"@type\":\"ImageObject\",\"inLanguage\":\"de\",\"@id\":\"https:\/\/truckned.nl\/nl\/#\/schema\/logo\/image\/\",\"url\":\"https:\/\/truckned.nl\/wp-content\/uploads\/2022\/10\/800x800-Truckned-logo-zonder-tekst-ZWART.png\",\"contentUrl\":\"https:\/\/truckned.nl\/wp-content\/uploads\/2022\/10\/800x800-Truckned-logo-zonder-tekst-ZWART.png\",\"width\":801,\"height\":801,\"caption\":\"Truckned\"},\"image\":{\"@id\":\"https:\/\/truckned.nl\/nl\/#\/schema\/logo\/image\/\"},\"sameAs\":[\"https:\/\/www.facebook.com\/truckned\/\",\"https:\/\/www.instagram.com\/truckned\/\"],\"vatID\":\"NL863960509B01\",\"taxID\":\"86417487\",\"hasMerchantReturnPolicy\":{\"@type\":\"MerchantReturnPolicy\",\"merchantReturnLink\":\"https:\/\/truckned.nl\/de\/versand-rucksendungen\/\"}}]}<\/script>\n<meta property=\"product:brand\" content=\"Strands\" \/>\n<meta property=\"product:price:amount\" content=\"99.00\" \/>\n<meta property=\"product:price:currency\" content=\"EUR\" \/>\n<meta property=\"og:availability\" content=\"instock\" \/>\n<meta property=\"product:availability\" content=\"instock\" \/>\n<meta property=\"product:retailer_item_id\" content=\"TN-905003\" \/>\n<meta property=\"product:condition\" content=\"new\" \/>\n<!-- \/ Yoast SEO Premium plugin. -->","yoast_head_json":{"title":"Strands IZE LED Lighthouse Rundumleuchte - orange - Truckned - f\u00fcr 12 &amp; 24 Volt","description":"Strands IZE LED Rundumleuchte orange - ECE R65 Zulassung - 12&amp;24 volt - LED Rundumleuchte - PKW, LKW, Traktor und mehr - Strands: 905003","robots":{"index":"index","follow":"follow","max-snippet":"max-snippet:-1","max-image-preview":"max-image-preview:large","max-video-preview":"max-video-preview:-1"},"canonical":"https:\/\/truckned.nl\/de\/produkt\/strands-ize-led-lighthouse-zwaailamp-oranje\/","og_locale":"de_DE","og_type":"article","og_title":"Strands IZE LED Lighthouse zwaailamp oranje - Truckned - voor 12 & 24 volt","og_description":"Strands IZE LED Lighthouse zwaailamp oranje - ECE R65 goedkeuring- 12&24 volt - LED zwaailamp - auto, vrachtwagen, tractor en meer - Strands: 905003","og_url":"https:\/\/truckned.nl\/de\/produkt\/strands-ize-led-lighthouse-zwaailamp-oranje\/","og_site_name":"Truckned","article_publisher":"https:\/\/www.facebook.com\/truckned\/","article_modified_time":"2026-03-20T10:14:53+00:00","og_image":[{"width":800,"height":800,"url":"https:\/\/truckned.nl\/wp-content\/uploads\/2026\/01\/TN-905003-SM.png","type":"image\/png"}],"twitter_misc":{"Preis":"&euro;99,00","Verf\u00fcgbarkeit":"Auf Lager"},"schema":{"@context":"https:\/\/schema.org","@graph":[{"@type":["WebPage","ItemPage"],"@id":"https:\/\/truckned.nl\/product\/strands-ize-led-lighthouse-zwaailamp-oranje\/","url":"https:\/\/truckned.nl\/product\/strands-ize-led-lighthouse-zwaailamp-oranje\/","name":"Strands IZE LED Lighthouse Rundumleuchte - orange - Truckned - f\u00fcr 12 &amp; 24 Volt","isPartOf":{"@id":"https:\/\/truckned.nl\/nl\/#website"},"primaryImageOfPage":{"@id":"https:\/\/truckned.nl\/product\/strands-ize-led-lighthouse-zwaailamp-oranje\/#primaryimage"},"image":{"@id":"https:\/\/truckned.nl\/product\/strands-ize-led-lighthouse-zwaailamp-oranje\/#primaryimage"},"thumbnailUrl":"https:\/\/truckned.nl\/wp-content\/uploads\/2026\/01\/TN-905003.png","datePublished":"2023-11-14T15:00:44+00:00","dateModified":"2026-03-20T10:14:53+00:00","description":"Strands IZE LED Rundumleuchte orange - ECE R65 Zulassung - 12&amp;24 volt - LED Rundumleuchte - PKW, LKW, Traktor und mehr - Strands: 905003","breadcrumb":{"@id":"https:\/\/truckned.nl\/product\/strands-ize-led-lighthouse-zwaailamp-oranje\/#breadcrumb"},"inLanguage":"de","potentialAction":[{"@type":"ReadAction","target":["https:\/\/truckned.nl\/product\/strands-ize-led-lighthouse-zwaailamp-oranje\/"]}]},{"@type":"ImageObject","inLanguage":"de","@id":"https:\/\/truckned.nl\/product\/strands-ize-led-lighthouse-zwaailamp-oranje\/#primaryimage","url":"https:\/\/truckned.nl\/wp-content\/uploads\/2026\/01\/TN-905003.png","contentUrl":"https:\/\/truckned.nl\/wp-content\/uploads\/2026\/01\/TN-905003.png","width":800,"height":800,"caption":"Strands IZE LED Lighthouse zwaailamp oranje - ECE R65 - 12&24 volt - 2LED's - Hella KL-7000"},{"@type":"BreadcrumbList","@id":"https:\/\/truckned.nl\/product\/strands-ize-led-lighthouse-zwaailamp-oranje\/#breadcrumb","itemListElement":[{"@type":"ListItem","position":1,"name":"Home","item":"https:\/\/truckned.nl\/"},{"@type":"ListItem","position":2,"name":"Shop","item":"https:\/\/truckned.nl\/nl\/shop\/"},{"@type":"ListItem","position":3,"name":"Signalering","item":"https:\/\/truckned.nl\/product-categorie\/signalering\/"},{"@type":"ListItem","position":4,"name":"Zwaailamp","item":"https:\/\/truckned.nl\/product-categorie\/signalering\/zwaailamp\/"},{"@type":"ListItem","position":5,"name":"Strands IZE LED Lighthouse zwaailamp &#8211; oranje"}]},{"@type":"WebSite","@id":"https:\/\/truckned.nl\/nl\/#website","url":"https:\/\/truckned.nl\/nl\/","name":"Truckned","description":"","publisher":{"@id":"https:\/\/truckned.nl\/nl\/#organization"},"potentialAction":[{"@type":"SearchAction","target":{"@type":"EntryPoint","urlTemplate":"https:\/\/truckned.nl\/nl\/?s={search_term_string}"},"query-input":{"@type":"PropertyValueSpecification","valueRequired":true,"valueName":"search_term_string"}}],"inLanguage":"de"},{"@type":"Organization","@id":"https:\/\/truckned.nl\/nl\/#organization","name":"Truckned","url":"https:\/\/truckned.nl\/nl\/","logo":{"@type":"ImageObject","inLanguage":"de","@id":"https:\/\/truckned.nl\/nl\/#\/schema\/logo\/image\/","url":"https:\/\/truckned.nl\/wp-content\/uploads\/2022\/10\/800x800-Truckned-logo-zonder-tekst-ZWART.png","contentUrl":"https:\/\/truckned.nl\/wp-content\/uploads\/2022\/10\/800x800-Truckned-logo-zonder-tekst-ZWART.png","width":801,"height":801,"caption":"Truckned"},"image":{"@id":"https:\/\/truckned.nl\/nl\/#\/schema\/logo\/image\/"},"sameAs":["https:\/\/www.facebook.com\/truckned\/","https:\/\/www.instagram.com\/truckned\/"],"vatID":"NL863960509B01","taxID":"86417487","hasMerchantReturnPolicy":{"@type":"MerchantReturnPolicy","merchantReturnLink":"https:\/\/truckned.nl\/de\/versand-rucksendungen\/"}}]},"product_brand":"Strands","product_price_amount":"99.00","product_price_currency":"EUR","og_availability":"instock","product_availability":"instock","product_retailer_item_id":"TN-905003","product_condition":"new"},"_links":{"self":[{"href":"https:\/\/truckned.nl\/de\/wp-json\/wp\/v2\/product\/34229","targetHints":{"allow":["GET"]}}],"collection":[{"href":"https:\/\/truckned.nl\/de\/wp-json\/wp\/v2\/product"}],"about":[{"href":"https:\/\/truckned.nl\/de\/wp-json\/wp\/v2\/types\/product"}],"replies":[{"embeddable":true,"href":"https:\/\/truckned.nl\/de\/wp-json\/wp\/v2\/comments?post=34229"}],"wp:featuredmedia":[{"embeddable":true,"href":"https:\/\/truckned.nl\/de\/wp-json\/wp\/v2\/media\/34231"}],"wp:attachment":[{"href":"https:\/\/truckned.nl\/de\/wp-json\/wp\/v2\/media?parent=34229"}],"wp:term":[{"taxonomy":"product_brand","embeddable":true,"href":"https:\/\/truckned.nl\/de\/wp-json\/wp\/v2\/product_brand?post=34229"},{"taxonomy":"product_cat","embeddable":true,"href":"https:\/\/truckned.nl\/de\/wp-json\/wp\/v2\/product_cat?post=34229"},{"taxonomy":"product_tag","embeddable":true,"href":"https:\/\/truckned.nl\/de\/wp-json\/wp\/v2\/product_tag?post=34229"}],"curies":[{"name":"wp","href":"https:\/\/api.w.org\/{rel}","templated":true}]}}