{"id":34294,"date":"2025-04-29T15:00:55","date_gmt":"2025-04-29T13:00:55","guid":{"rendered":"https:\/\/truckned.nl\/?post_type=product&#038;p=34294"},"modified":"2026-03-26T11:23:29","modified_gmt":"2026-03-26T10:23:29","slug":"sim-toplamp-rood","status":"publish","type":"product","link":"https:\/\/truckned.nl\/de\/produkt\/sim-toplamp-rood\/","title":{"rendered":"SIM Topleuchte rot"},"content":{"rendered":"<p><span style=\"color: #000000;\"><strong>SIM 3122 Topleuchte rot mit BA15S Lampenfassung, f\u00fcr 12 und 24 Volt.<\/strong><\/span><\/p>\n<p><span style=\"color: #000000;\">Suchen Sie eine einfache und preisg\u00fcnstige Dachleuchte f\u00fcr Ihr Fahrerhaus? Dann ist die rote Dachleuchte von SIM eine praktische Wahl. Diese klassische rote Dachleuchte ist f\u00fcr die Montage auf dem Fahrerhausdach konzipiert und verleiht Ihrem Fahrzeug ein markantes, elegantes Aussehen. Das Kunststoffgeh\u00e4use ist leicht und f\u00fcr den t\u00e4glichen Gebrauch geeignet. Dank der BA15S-Fassung k\u00f6nnen Sie die Leuchtmittel frei w\u00e4hlen und so optimal auf Ihre Bed\u00fcrfnisse und Ihren Anwendungsbereich abstimmen. Die Dachleuchte ist sowohl f\u00fcr 12- als auch f\u00fcr 24-Volt-Systeme geeignet und somit f\u00fcr verschiedene Fahrzeugtypen einsetzbar.<\/span><\/p>\n<p><span style=\"color: #000000;\">Damit die rote Dachleuchte SIM 3122 an Ihr Fahrzeug passt, ist es wichtig zu wissen, dass dieses Produkt als separates Geh\u00e4use geliefert wird. So k\u00f6nnen Sie selbst eine passende Gl\u00fchbirne und die Verkabelung hinzuf\u00fcgen. Ideal als Ersatz f\u00fcr eine vorhandene Dachleuchte oder wenn Sie bestimmte Komponenten zusammenstellen m\u00f6chten. Das einfache Design und die universelle Passform erm\u00f6glichen eine unkomplizierte und flexible Installation. Kurz gesagt: eine praktische Dachleuchte f\u00fcr alle, die eine preiswerte und funktionale L\u00f6sung f\u00fcr das Fahrerhausdach suchen.<\/span><\/p>\n<h5><span style=\"color: #000000;\"><strong>Andere Farben:<\/strong><\/span><\/h5>\n<p><span style=\"color: #000000;\">Sie suchen eine SIM-Dachleuchte, aber Rot ist nicht ganz Ihr Stil? Kein Problem. Diese Dachleuchte ist auch in anderen Farben erh\u00e4ltlich. Ideal, wenn Sie ein einheitliches Erscheinungsbild auf Ihrem Fahrerhausdach oder eine markantere Optik w\u00fcnschen. Die anderen Farboptionen finden Sie hier:<\/span><\/p>\n<ul>\n<li><a href=\"https:\/\/truckned.nl\/de\/produkt\/sim-toplamp-oranje\/\"><span style=\"color: #000000;\"><b>SIM 3122 Topleuchte orange<\/b><\/span><\/a><\/li>\n<li><a href=\"https:\/\/truckned.nl\/de\/produkt\/sim-toplamp-wit\/\"><span style=\"color: #000000;\"><b>SIM 3122 Topleuchte  wei\u00df<\/b><\/span><\/a><\/li>\n<\/ul>\n<p><span style=\"color: #000000;\">Noch nicht ganz \u00fcberzeugt, dass diese rote SIM-Top-Lampe die richtige Wahl ist? Kein Problem. St\u00f6bern Sie einfach in unserem gesamten Sortiment. <a style=\"color: #000000;\" href=\"https:\/\/truckned.nl\/de\/produkt-kategorie\/verlichting\/\">LKW-Beleuchtung<\/a>. Die Chancen stehen gut, dass Sie dort die perfekte Lampe finden, die genau Ihren Bed\u00fcrfnissen entspricht.<\/span><\/p>","protected":false},"excerpt":{"rendered":"<p><span style=\"color: #000000;\">Budgetvriendelijke toplamp met rode behuizing &#8211; 12&amp;24 volt.<\/span><\/p>","protected":false},"featured_media":34340,"comment_status":"open","ping_status":"closed","template":"","meta":{"_acf_changed":false,"site-sidebar-layout":"default","site-content-layout":"","ast-site-content-layout":"default","site-content-style":"default","site-sidebar-style":"default","ast-global-header-display":"","ast-banner-title-visibility":"","ast-main-header-display":"","ast-hfb-above-header-display":"","ast-hfb-below-header-display":"","ast-hfb-mobile-header-display":"","site-post-title":"","ast-breadcrumbs-content":"","ast-featured-img":"","footer-sml-layout":"","ast-disable-related-posts":"","theme-transparent-header-meta":"default","adv-header-id-meta":"","stick-header-meta":"","header-above-stick-meta":"","header-main-stick-meta":"","header-below-stick-meta":"","astra-migrate-meta-layouts":"set","ast-page-background-enabled":"default","ast-page-background-meta":{"desktop":{"background-color":"","background-image":"","background-repeat":"repeat","background-position":"center center","background-size":"auto","background-attachment":"scroll","background-type":"","background-media":"","overlay-type":"","overlay-color":"","overlay-opacity":"","overlay-gradient":""},"tablet":{"background-color":"","background-image":"","background-repeat":"repeat","background-position":"center center","background-size":"auto","background-attachment":"scroll","background-type":"","background-media":"","overlay-type":"","overlay-color":"","overlay-opacity":"","overlay-gradient":""},"mobile":{"background-color":"","background-image":"","background-repeat":"repeat","background-position":"center center","background-size":"auto","background-attachment":"scroll","background-type":"","background-media":"","overlay-type":"","overlay-color":"","overlay-opacity":"","overlay-gradient":""}},"ast-content-background-meta":{"desktop":{"background-color":"var(--ast-global-color-5)","background-image":"","background-repeat":"repeat","background-position":"center center","background-size":"auto","background-attachment":"scroll","background-type":"","background-media":"","overlay-type":"","overlay-color":"","overlay-opacity":"","overlay-gradient":""},"tablet":{"background-color":"var(--ast-global-color-5)","background-image":"","background-repeat":"repeat","background-position":"center center","background-size":"auto","background-attachment":"scroll","background-type":"","background-media":"","overlay-type":"","overlay-color":"","overlay-opacity":"","overlay-gradient":""},"mobile":{"background-color":"var(--ast-global-color-5)","background-image":"","background-repeat":"repeat","background-position":"center center","background-size":"auto","background-attachment":"scroll","background-type":"","background-media":"","overlay-type":"","overlay-color":"","overlay-opacity":"","overlay-gradient":""}}},"product_brand":[],"product_cat":[7535],"product_tag":[],"class_list":{"0":"post-34294","1":"product","2":"type-product","3":"status-publish","4":"has-post-thumbnail","6":"product_cat-verlichting-toplichten","7":"pa_merkk-product-nedking","8":"desktop-align-left","9":"tablet-align-left","10":"mobile-align-left","12":"first","13":"instock","14":"taxable","15":"shipping-taxable","16":"purchasable","17":"product-type-simple"},"acf":[],"yoast_head":"<!-- This site is optimized with the Yoast SEO Premium plugin v26.5 (Yoast SEO v26.5) - https:\/\/yoast.com\/wordpress\/plugins\/seo\/ -->\n<title>SIM toplamp rood - Truckned - voor 12 &amp; 24 volt<\/title>\n<meta name=\"description\" content=\"SIM toplamp rood - Lichtgewicht behuizing - met BA15S lampfitting - direct leverbaar - voor vrachtwagen en meer - SIM 3122\" \/>\n<meta name=\"robots\" content=\"index, follow, max-snippet:-1, max-image-preview:large, max-video-preview:-1\" \/>\n<link rel=\"canonical\" href=\"https:\/\/truckned.nl\/de\/produkt\/sim-toplamp-rood\/\" \/>\n<meta property=\"og:locale\" content=\"de_DE\" \/>\n<meta property=\"og:type\" content=\"article\" \/>\n<meta property=\"og:title\" content=\"SIM toplamp rood - Truckned - voor 12 &amp; 24 volt\" \/>\n<meta property=\"og:description\" content=\"SIM toplamp rood - Lichtgewicht behuizing - met BA15S lampfitting - direct leverbaar - voor vrachtwagen en meer - SIM 3122\" \/>\n<meta property=\"og:url\" content=\"https:\/\/truckned.nl\/de\/produkt\/sim-toplamp-rood\/\" \/>\n<meta property=\"og:site_name\" content=\"Truckned\" \/>\n<meta property=\"article:publisher\" content=\"https:\/\/www.facebook.com\/truckned\/\" \/>\n<meta property=\"article:modified_time\" content=\"2026-03-26T10:23:29+00:00\" \/>\n<meta property=\"og:image\" content=\"https:\/\/truckned.nl\/wp-content\/uploads\/2026\/01\/TN-350317-SM.png\" \/>\n\t<meta property=\"og:image:width\" content=\"800\" \/>\n\t<meta property=\"og:image:height\" content=\"800\" \/>\n\t<meta property=\"og:image:type\" content=\"image\/png\" \/>\n<meta name=\"twitter:label1\" content=\"Preis\" \/>\n\t<meta name=\"twitter:data1\" content=\"&euro;6,95\" \/>\n\t<meta name=\"twitter:label2\" content=\"Verf\u00fcgbarkeit\" \/>\n\t<meta name=\"twitter:data2\" content=\"Auf Lager\" \/>\n<script type=\"application\/ld+json\" class=\"yoast-schema-graph\">{\"@context\":\"https:\/\/schema.org\",\"@graph\":[{\"@type\":[\"WebPage\",\"ItemPage\"],\"@id\":\"https:\/\/truckned.nl\/product\/sim-toplamp-rood\/\",\"url\":\"https:\/\/truckned.nl\/product\/sim-toplamp-rood\/\",\"name\":\"SIM toplamp rood - Truckned - voor 12 & 24 volt\",\"isPartOf\":{\"@id\":\"https:\/\/truckned.nl\/nl\/#website\"},\"primaryImageOfPage\":{\"@id\":\"https:\/\/truckned.nl\/product\/sim-toplamp-rood\/#primaryimage\"},\"image\":{\"@id\":\"https:\/\/truckned.nl\/product\/sim-toplamp-rood\/#primaryimage\"},\"thumbnailUrl\":\"https:\/\/truckned.nl\/wp-content\/uploads\/2026\/01\/TN-350317.png\",\"datePublished\":\"2025-04-29T13:00:55+00:00\",\"dateModified\":\"2026-03-26T10:23:29+00:00\",\"description\":\"SIM toplamp rood - Lichtgewicht behuizing - met BA15S lampfitting - direct leverbaar - voor vrachtwagen en meer - SIM 3122\",\"breadcrumb\":{\"@id\":\"https:\/\/truckned.nl\/product\/sim-toplamp-rood\/#breadcrumb\"},\"inLanguage\":\"de\",\"potentialAction\":[{\"@type\":\"ReadAction\",\"target\":[\"https:\/\/truckned.nl\/product\/sim-toplamp-rood\/\"]}]},{\"@type\":\"ImageObject\",\"inLanguage\":\"de\",\"@id\":\"https:\/\/truckned.nl\/product\/sim-toplamp-rood\/#primaryimage\",\"url\":\"https:\/\/truckned.nl\/wp-content\/uploads\/2026\/01\/TN-350317.png\",\"contentUrl\":\"https:\/\/truckned.nl\/wp-content\/uploads\/2026\/01\/TN-350317.png\",\"width\":800,\"height\":800,\"caption\":\"SIM toplamp rood - met BA15S lampfitting - voor vrachtwagen en meer - direct leverbaar EAN: 5602590004571 - SIM 3122 - Nedking\"},{\"@type\":\"BreadcrumbList\",\"@id\":\"https:\/\/truckned.nl\/product\/sim-toplamp-rood\/#breadcrumb\",\"itemListElement\":[{\"@type\":\"ListItem\",\"position\":1,\"name\":\"Home\",\"item\":\"https:\/\/truckned.nl\/\"},{\"@type\":\"ListItem\",\"position\":2,\"name\":\"Shop\",\"item\":\"https:\/\/truckned.nl\/nl\/shop\/\"},{\"@type\":\"ListItem\",\"position\":3,\"name\":\"Verlichting\",\"item\":\"https:\/\/truckned.nl\/de\/produkt-kategorie\/verlichting\/\"},{\"@type\":\"ListItem\",\"position\":4,\"name\":\"Toplichten\",\"item\":\"https:\/\/truckned.nl\/nl\/product-categorie\/verlichting\/verlichting-toplichten\/\"},{\"@type\":\"ListItem\",\"position\":5,\"name\":\"SIM toplamp rood\"}]},{\"@type\":\"WebSite\",\"@id\":\"https:\/\/truckned.nl\/nl\/#website\",\"url\":\"https:\/\/truckned.nl\/nl\/\",\"name\":\"Truckned\",\"description\":\"\",\"publisher\":{\"@id\":\"https:\/\/truckned.nl\/nl\/#organization\"},\"potentialAction\":[{\"@type\":\"SearchAction\",\"target\":{\"@type\":\"EntryPoint\",\"urlTemplate\":\"https:\/\/truckned.nl\/nl\/?s={search_term_string}\"},\"query-input\":{\"@type\":\"PropertyValueSpecification\",\"valueRequired\":true,\"valueName\":\"search_term_string\"}}],\"inLanguage\":\"de\"},{\"@type\":\"Organization\",\"@id\":\"https:\/\/truckned.nl\/nl\/#organization\",\"name\":\"Truckned\",\"url\":\"https:\/\/truckned.nl\/nl\/\",\"logo\":{\"@type\":\"ImageObject\",\"inLanguage\":\"de\",\"@id\":\"https:\/\/truckned.nl\/nl\/#\/schema\/logo\/image\/\",\"url\":\"https:\/\/truckned.nl\/wp-content\/uploads\/2022\/10\/800x800-Truckned-logo-zonder-tekst-ZWART.png\",\"contentUrl\":\"https:\/\/truckned.nl\/wp-content\/uploads\/2022\/10\/800x800-Truckned-logo-zonder-tekst-ZWART.png\",\"width\":801,\"height\":801,\"caption\":\"Truckned\"},\"image\":{\"@id\":\"https:\/\/truckned.nl\/nl\/#\/schema\/logo\/image\/\"},\"sameAs\":[\"https:\/\/www.facebook.com\/truckned\/\",\"https:\/\/www.instagram.com\/truckned\/\"],\"vatID\":\"NL863960509B01\",\"taxID\":\"86417487\",\"hasMerchantReturnPolicy\":{\"@type\":\"MerchantReturnPolicy\",\"merchantReturnLink\":\"https:\/\/truckned.nl\/de\/versand-rucksendungen\/\"}}]}<\/script>\n<meta property=\"product:brand\" content=\"Nedking\" \/>\n<meta property=\"product:price:amount\" content=\"6.95\" \/>\n<meta property=\"product:price:currency\" content=\"EUR\" \/>\n<meta property=\"og:availability\" content=\"instock\" \/>\n<meta property=\"product:availability\" content=\"instock\" \/>\n<meta property=\"product:retailer_item_id\" content=\"TN-350317\" \/>\n<meta property=\"product:condition\" content=\"new\" \/>\n<!-- \/ Yoast SEO Premium plugin. -->","yoast_head_json":{"title":"SIM Topleuchte rot - Truckned - f\u00fcr 12 &amp; 24 Volt","description":"SIM-Toplampe rot \u2013 Leichtes Geh\u00e4use \u2013 mit BA15S-Lampenfassung \u2013 sofort verf\u00fcgbar \u2013 f\u00fcr Lkw und mehr \u2013 SIM 3122","robots":{"index":"index","follow":"follow","max-snippet":"max-snippet:-1","max-image-preview":"max-image-preview:large","max-video-preview":"max-video-preview:-1"},"canonical":"https:\/\/truckned.nl\/de\/produkt\/sim-toplamp-rood\/","og_locale":"de_DE","og_type":"article","og_title":"SIM toplamp rood - Truckned - voor 12 & 24 volt","og_description":"SIM toplamp rood - Lichtgewicht behuizing - met BA15S lampfitting - direct leverbaar - voor vrachtwagen en meer - SIM 3122","og_url":"https:\/\/truckned.nl\/de\/produkt\/sim-toplamp-rood\/","og_site_name":"Truckned","article_publisher":"https:\/\/www.facebook.com\/truckned\/","article_modified_time":"2026-03-26T10:23:29+00:00","og_image":[{"width":800,"height":800,"url":"https:\/\/truckned.nl\/wp-content\/uploads\/2026\/01\/TN-350317-SM.png","type":"image\/png"}],"twitter_misc":{"Preis":"&euro;6,95","Verf\u00fcgbarkeit":"Auf Lager"},"schema":{"@context":"https:\/\/schema.org","@graph":[{"@type":["WebPage","ItemPage"],"@id":"https:\/\/truckned.nl\/product\/sim-toplamp-rood\/","url":"https:\/\/truckned.nl\/product\/sim-toplamp-rood\/","name":"SIM Topleuchte rot - Truckned - f\u00fcr 12 &amp; 24 Volt","isPartOf":{"@id":"https:\/\/truckned.nl\/nl\/#website"},"primaryImageOfPage":{"@id":"https:\/\/truckned.nl\/product\/sim-toplamp-rood\/#primaryimage"},"image":{"@id":"https:\/\/truckned.nl\/product\/sim-toplamp-rood\/#primaryimage"},"thumbnailUrl":"https:\/\/truckned.nl\/wp-content\/uploads\/2026\/01\/TN-350317.png","datePublished":"2025-04-29T13:00:55+00:00","dateModified":"2026-03-26T10:23:29+00:00","description":"SIM-Toplampe rot \u2013 Leichtes Geh\u00e4use \u2013 mit BA15S-Lampenfassung \u2013 sofort verf\u00fcgbar \u2013 f\u00fcr Lkw und mehr \u2013 SIM 3122","breadcrumb":{"@id":"https:\/\/truckned.nl\/product\/sim-toplamp-rood\/#breadcrumb"},"inLanguage":"de","potentialAction":[{"@type":"ReadAction","target":["https:\/\/truckned.nl\/product\/sim-toplamp-rood\/"]}]},{"@type":"ImageObject","inLanguage":"de","@id":"https:\/\/truckned.nl\/product\/sim-toplamp-rood\/#primaryimage","url":"https:\/\/truckned.nl\/wp-content\/uploads\/2026\/01\/TN-350317.png","contentUrl":"https:\/\/truckned.nl\/wp-content\/uploads\/2026\/01\/TN-350317.png","width":800,"height":800,"caption":"SIM toplamp rood - met BA15S lampfitting - voor vrachtwagen en meer - direct leverbaar EAN: 5602590004571 - SIM 3122 - Nedking"},{"@type":"BreadcrumbList","@id":"https:\/\/truckned.nl\/product\/sim-toplamp-rood\/#breadcrumb","itemListElement":[{"@type":"ListItem","position":1,"name":"Home","item":"https:\/\/truckned.nl\/"},{"@type":"ListItem","position":2,"name":"Shop","item":"https:\/\/truckned.nl\/nl\/shop\/"},{"@type":"ListItem","position":3,"name":"Verlichting","item":"https:\/\/truckned.nl\/de\/produkt-kategorie\/verlichting\/"},{"@type":"ListItem","position":4,"name":"Toplichten","item":"https:\/\/truckned.nl\/nl\/product-categorie\/verlichting\/verlichting-toplichten\/"},{"@type":"ListItem","position":5,"name":"SIM toplamp rood"}]},{"@type":"WebSite","@id":"https:\/\/truckned.nl\/nl\/#website","url":"https:\/\/truckned.nl\/nl\/","name":"Truckned","description":"","publisher":{"@id":"https:\/\/truckned.nl\/nl\/#organization"},"potentialAction":[{"@type":"SearchAction","target":{"@type":"EntryPoint","urlTemplate":"https:\/\/truckned.nl\/nl\/?s={search_term_string}"},"query-input":{"@type":"PropertyValueSpecification","valueRequired":true,"valueName":"search_term_string"}}],"inLanguage":"de"},{"@type":"Organization","@id":"https:\/\/truckned.nl\/nl\/#organization","name":"Truckned","url":"https:\/\/truckned.nl\/nl\/","logo":{"@type":"ImageObject","inLanguage":"de","@id":"https:\/\/truckned.nl\/nl\/#\/schema\/logo\/image\/","url":"https:\/\/truckned.nl\/wp-content\/uploads\/2022\/10\/800x800-Truckned-logo-zonder-tekst-ZWART.png","contentUrl":"https:\/\/truckned.nl\/wp-content\/uploads\/2022\/10\/800x800-Truckned-logo-zonder-tekst-ZWART.png","width":801,"height":801,"caption":"Truckned"},"image":{"@id":"https:\/\/truckned.nl\/nl\/#\/schema\/logo\/image\/"},"sameAs":["https:\/\/www.facebook.com\/truckned\/","https:\/\/www.instagram.com\/truckned\/"],"vatID":"NL863960509B01","taxID":"86417487","hasMerchantReturnPolicy":{"@type":"MerchantReturnPolicy","merchantReturnLink":"https:\/\/truckned.nl\/de\/versand-rucksendungen\/"}}]},"product_brand":"Nedking","product_price_amount":"6.95","product_price_currency":"EUR","og_availability":"instock","product_availability":"instock","product_retailer_item_id":"TN-350317","product_condition":"new"},"_links":{"self":[{"href":"https:\/\/truckned.nl\/de\/wp-json\/wp\/v2\/product\/34294","targetHints":{"allow":["GET"]}}],"collection":[{"href":"https:\/\/truckned.nl\/de\/wp-json\/wp\/v2\/product"}],"about":[{"href":"https:\/\/truckned.nl\/de\/wp-json\/wp\/v2\/types\/product"}],"replies":[{"embeddable":true,"href":"https:\/\/truckned.nl\/de\/wp-json\/wp\/v2\/comments?post=34294"}],"wp:featuredmedia":[{"embeddable":true,"href":"https:\/\/truckned.nl\/de\/wp-json\/wp\/v2\/media\/34340"}],"wp:attachment":[{"href":"https:\/\/truckned.nl\/de\/wp-json\/wp\/v2\/media?parent=34294"}],"wp:term":[{"taxonomy":"product_brand","embeddable":true,"href":"https:\/\/truckned.nl\/de\/wp-json\/wp\/v2\/product_brand?post=34294"},{"taxonomy":"product_cat","embeddable":true,"href":"https:\/\/truckned.nl\/de\/wp-json\/wp\/v2\/product_cat?post=34294"},{"taxonomy":"product_tag","embeddable":true,"href":"https:\/\/truckned.nl\/de\/wp-json\/wp\/v2\/product_tag?post=34294"}],"curies":[{"name":"wp","href":"https:\/\/api.w.org\/{rel}","templated":true}]}}