{"id":34360,"date":"2023-03-09T15:00:19","date_gmt":"2023-03-09T14:00:19","guid":{"rendered":"https:\/\/truckned.nl\/?post_type=product&#038;p=34360"},"modified":"2026-04-08T09:37:55","modified_gmt":"2026-04-08T07:37:55","slug":"poppy-led-lamp-rgb-usb-a","status":"publish","type":"product","link":"https:\/\/truckned.nl\/de\/produkt\/poppy-led-lamp-rgb-usb-a\/","title":{"rendered":"Poppy LED Lampe RGB \u2013 USB-A"},"content":{"rendered":"<p><span style=\"color: #000000;\"><strong>Poppy Grace Mate LED RGB-Lampe mit USB-A-Anschluss.<\/strong><\/span><\/p>\n<p><span style=\"color: #000000;\">Sie m\u00f6chten Ihren Poppy Grace Mate-Lufterfrischer farbig gestalten, wissen aber nicht, welche Farbe? Die Poppy USB-A- oder LED RGB-Leuchte k\u00f6nnte genau das Richtige sein. Befestigen Sie die Leuchte einfach am Lufterfrischer, und die gesamte Flasche leuchtet in der gleichen Farbe, die Sie bequem per Schalter steuern k\u00f6nnen. Der farbig leuchtende Ring LED ist speziell f\u00fcr den Poppy Grace Mate-Lufterfrischer entwickelt und passt daher nicht unter andere Flaschen. Die Leuchte wird mit einem Klebestreifen an der Flasche befestigt.\u00a0<\/span><\/p>\n<p><span style=\"color: #000000;\">Damit die LED Leuchte mit USB-Anschluss f\u00fcr Ihren LKW oder Arbeitsplatz geeignet ist, haben wir nachfolgend einige Spezifikationen aufgelistet. Dies soll Ihnen helfen zu verstehen, warum diese Leuchte m\u00f6glicherweise genau das Richtige f\u00fcr Sie ist. Die Leuchte verf\u00fcgt \u00fcber einen USB-A-Anschluss und ist sowohl f\u00fcr 12 als auch f\u00fcr 24 Volt geeignet. Dank ihrer Multi-Voltage-Ausf\u00fchrung k\u00f6nnen Sie die LED in PKWs, LKWs oder anderen Fahrzeugen verwenden. Um Kurzschl\u00fcsse zu vermeiden, ist die Leuchte mit einer eigenen, leicht austauschbaren Sicherung ausgestattet.\u00a0<\/span><\/p>\n<h5><span style=\"color: #000000;\"><strong>Andere <\/strong><strong>Auff\u00fchrungen<\/strong><strong>:<\/strong><\/span><\/h5>\n<p><span style=\"color: #000000;\">Ist die RGB-Lampe Poppy Grace Mate LED mit USB-Anschluss nicht die Version, die Sie suchen? Dann sollten Sie wissen, dass die Lampe Poppy Grace Mate LED auch mit Zigarettenanz\u00fcnderstecker erh\u00e4ltlich ist:<\/span><\/p>\n<ul>\n<li><span style=\"color: #000000;\"><b><a style=\"color: #000000;\" href=\"https:\/\/truckned.nl\/de\/produkt\/poppy-led-lamp-blauw\/\" target=\"_blank\" rel=\"noopener\">Grace Mate LED Ring BLAU<\/a><\/b><\/span><\/li>\n<li><span style=\"color: #000000;\"><a style=\"color: #000000;\" href=\"https:\/\/truckned.nl\/de\/produkt\/poppy-led-lamp-groen\/\" target=\"_blank\" rel=\"noopener\"><b>Grace Mate LED Ring GR\u00dcN<\/b><\/a><\/span><\/li>\n<li><span style=\"color: #000000;\"><a style=\"color: #000000;\" href=\"https:\/\/truckned.nl\/de\/produkt\/poppy-led-lamp-rood\/\" target=\"_blank\" rel=\"noopener\"><b>Grace Mate LED Ring ROT<\/b><\/a><\/span><\/li>\n<li><span style=\"color: #000000;\"><a style=\"color: #000000;\" href=\"https:\/\/truckned.nl\/de\/produkt\/poppy-led-lamp-wit\/\" target=\"_blank\" rel=\"noopener\"><b>Grace Mate LED Ring WEI\u00df<\/b><\/a><\/span><\/li>\n<li><span style=\"color: #000000;\"><a style=\"color: #000000;\" href=\"https:\/\/truckned.nl\/de\/produkt\/poppy-led-lamp-rgb\/\"><b>Grace Mate LED RGB-Ring<\/b><\/a><\/span><\/li>\n<\/ul>\n<p><span style=\"color: #000000;\">Falls Sie der Meinung sind, dass die Poppy Grace Mate USB LED RGB-Lampe nicht Ihren Vorstellungen entspricht, sehen Sie sich die anderen Poppy Grace Mate-Produkte an unter <a style=\"color: #000000;\" href=\"https:\/\/truckned.nl\/de\/merk\/poppy-grace-mate\/\" target=\"_blank\" rel=\"noopener\">diese Seite<\/a>.<\/span><\/p>","protected":false},"excerpt":{"rendered":"<p>LED lamp RGB geschikt voor Poppy Grace Mate &#8211; met USB-A aansluiting.<\/p>","protected":false},"featured_media":34361,"comment_status":"open","ping_status":"closed","template":"","meta":{"_acf_changed":false,"site-sidebar-layout":"default","site-content-layout":"default","ast-site-content-layout":"default","site-content-style":"default","site-sidebar-style":"default","ast-global-header-display":"","ast-banner-title-visibility":"","ast-main-header-display":"","ast-hfb-above-header-display":"","ast-hfb-below-header-display":"","ast-hfb-mobile-header-display":"","site-post-title":"","ast-breadcrumbs-content":"","ast-featured-img":"","footer-sml-layout":"","ast-disable-related-posts":"","theme-transparent-header-meta":"default","adv-header-id-meta":"","stick-header-meta":"","header-above-stick-meta":"","header-main-stick-meta":"","header-below-stick-meta":"","astra-migrate-meta-layouts":"set","ast-page-background-enabled":"default","ast-page-background-meta":{"desktop":{"background-color":"","background-image":"","background-repeat":"repeat","background-position":"center center","background-size":"auto","background-attachment":"scroll","background-type":"","background-media":"","overlay-type":"","overlay-color":"","overlay-opacity":"","overlay-gradient":""},"tablet":{"background-color":"","background-image":"","background-repeat":"repeat","background-position":"center center","background-size":"auto","background-attachment":"scroll","background-type":"","background-media":"","overlay-type":"","overlay-color":"","overlay-opacity":"","overlay-gradient":""},"mobile":{"background-color":"","background-image":"","background-repeat":"repeat","background-position":"center center","background-size":"auto","background-attachment":"scroll","background-type":"","background-media":"","overlay-type":"","overlay-color":"","overlay-opacity":"","overlay-gradient":""}},"ast-content-background-meta":{"desktop":{"background-color":"var(--ast-global-color-5)","background-image":"","background-repeat":"repeat","background-position":"center center","background-size":"auto","background-attachment":"scroll","background-type":"","background-media":"","overlay-type":"","overlay-color":"","overlay-opacity":"","overlay-gradient":""},"tablet":{"background-color":"var(--ast-global-color-5)","background-image":"","background-repeat":"repeat","background-position":"center center","background-size":"auto","background-attachment":"scroll","background-type":"","background-media":"","overlay-type":"","overlay-color":"","overlay-opacity":"","overlay-gradient":""},"mobile":{"background-color":"var(--ast-global-color-5)","background-image":"","background-repeat":"repeat","background-position":"center center","background-size":"auto","background-attachment":"scroll","background-type":"","background-media":"","overlay-type":"","overlay-color":"","overlay-opacity":"","overlay-gradient":""}}},"product_brand":[],"product_cat":[7530,7531],"product_tag":[],"class_list":{"0":"post-34360","1":"product","2":"type-product","3":"status-publish","4":"has-post-thumbnail","6":"product_cat-geurhanger-luchtverfrisser","7":"product_cat-interieur-verlichting","8":"pa_merkk-poppy-grace-mate","9":"desktop-align-left","10":"tablet-align-left","11":"mobile-align-left","13":"first","14":"instock","15":"taxable","16":"shipping-taxable","17":"purchasable","18":"product-type-simple"},"acf":[],"yoast_head":"<!-- This site is optimized with the Yoast SEO Premium plugin v26.5 (Yoast SEO v26.5) - https:\/\/yoast.com\/wordpress\/plugins\/seo\/ -->\n<title>Poppy LED lamp RGB - USB-A - Truckned - voor Poppy luchtverfrissers<\/title>\n<meta name=\"description\" content=\"Poppy USB LED lamp RGB - LED verlichting voor auto, vrachtwagen, camper, tractor en meer- werkzaam op 12 en 24 Volt - luchtverfrisser optioneel\" \/>\n<meta name=\"robots\" content=\"index, follow, max-snippet:-1, max-image-preview:large, max-video-preview:-1\" \/>\n<link rel=\"canonical\" href=\"https:\/\/truckned.nl\/de\/produkt\/poppy-led-lamp-rgb-usb-a\/\" \/>\n<meta property=\"og:locale\" content=\"de_DE\" \/>\n<meta property=\"og:type\" content=\"article\" \/>\n<meta property=\"og:title\" content=\"Poppy LED lamp RGB - USB-A - Truckned - voor Poppy luchtverfrissers\" \/>\n<meta property=\"og:description\" content=\"Poppy USB LED lamp RGB - LED verlichting voor auto, vrachtwagen, camper, tractor en meer- werkzaam op 12 en 24 Volt - luchtverfrisser optioneel\" \/>\n<meta property=\"og:url\" content=\"https:\/\/truckned.nl\/de\/produkt\/poppy-led-lamp-rgb-usb-a\/\" \/>\n<meta property=\"og:site_name\" content=\"Truckned\" \/>\n<meta property=\"article:publisher\" content=\"https:\/\/www.facebook.com\/truckned\/\" \/>\n<meta property=\"article:modified_time\" content=\"2026-04-08T07:37:55+00:00\" \/>\n<meta property=\"og:image\" content=\"https:\/\/truckned.nl\/wp-content\/uploads\/2026\/02\/TN-500221-SM.png\" \/>\n\t<meta property=\"og:image:width\" content=\"800\" \/>\n\t<meta property=\"og:image:height\" content=\"800\" \/>\n\t<meta property=\"og:image:type\" content=\"image\/png\" \/>\n<meta name=\"twitter:label1\" content=\"Preis\" \/>\n\t<meta name=\"twitter:data1\" content=\"&euro;12,95\" \/>\n\t<meta name=\"twitter:label2\" content=\"Verf\u00fcgbarkeit\" \/>\n\t<meta name=\"twitter:data2\" content=\"Auf Lager\" \/>\n<script type=\"application\/ld+json\" class=\"yoast-schema-graph\">{\"@context\":\"https:\/\/schema.org\",\"@graph\":[{\"@type\":[\"WebPage\",\"ItemPage\"],\"@id\":\"https:\/\/truckned.nl\/product\/poppy-led-lamp-rgb-usb-a\/\",\"url\":\"https:\/\/truckned.nl\/product\/poppy-led-lamp-rgb-usb-a\/\",\"name\":\"Poppy LED lamp RGB - USB-A - Truckned - voor Poppy luchtverfrissers\",\"isPartOf\":{\"@id\":\"https:\/\/truckned.nl\/nl\/#website\"},\"primaryImageOfPage\":{\"@id\":\"https:\/\/truckned.nl\/product\/poppy-led-lamp-rgb-usb-a\/#primaryimage\"},\"image\":{\"@id\":\"https:\/\/truckned.nl\/product\/poppy-led-lamp-rgb-usb-a\/#primaryimage\"},\"thumbnailUrl\":\"https:\/\/truckned.nl\/wp-content\/uploads\/2026\/02\/TN-500221.png\",\"datePublished\":\"2023-03-09T14:00:19+00:00\",\"dateModified\":\"2026-04-08T07:37:55+00:00\",\"description\":\"Poppy USB LED lamp RGB - LED verlichting voor auto, vrachtwagen, camper, tractor en meer- werkzaam op 12 en 24 Volt - luchtverfrisser optioneel\",\"breadcrumb\":{\"@id\":\"https:\/\/truckned.nl\/product\/poppy-led-lamp-rgb-usb-a\/#breadcrumb\"},\"inLanguage\":\"de\",\"potentialAction\":[{\"@type\":\"ReadAction\",\"target\":[\"https:\/\/truckned.nl\/product\/poppy-led-lamp-rgb-usb-a\/\"]}]},{\"@type\":\"ImageObject\",\"inLanguage\":\"de\",\"@id\":\"https:\/\/truckned.nl\/product\/poppy-led-lamp-rgb-usb-a\/#primaryimage\",\"url\":\"https:\/\/truckned.nl\/wp-content\/uploads\/2026\/02\/TN-500221.png\",\"contentUrl\":\"https:\/\/truckned.nl\/wp-content\/uploads\/2026\/02\/TN-500221.png\",\"width\":800,\"height\":800,\"caption\":\"Poppy USB LED lamp RGB - USB-A aansluiting - TN-500221 - met schakelaar - EAN: 7111308063413\"},{\"@type\":\"BreadcrumbList\",\"@id\":\"https:\/\/truckned.nl\/product\/poppy-led-lamp-rgb-usb-a\/#breadcrumb\",\"itemListElement\":[{\"@type\":\"ListItem\",\"position\":1,\"name\":\"Home\",\"item\":\"https:\/\/truckned.nl\/\"},{\"@type\":\"ListItem\",\"position\":2,\"name\":\"Shop\",\"item\":\"https:\/\/truckned.nl\/nl\/shop\/\"},{\"@type\":\"ListItem\",\"position\":3,\"name\":\"Cabine - binnenzijde\",\"item\":\"https:\/\/truckned.nl\/de\/produkt-kategorie\/cabine-binnenzijden\/\"},{\"@type\":\"ListItem\",\"position\":4,\"name\":\"Geurhanger \/ luchtverfrisser\",\"item\":\"https:\/\/truckned.nl\/de\/produkt-kategorie\/cabine-binnenzijden\/geurhanger-luchtverfrisser\/\"},{\"@type\":\"ListItem\",\"position\":5,\"name\":\"Poppy LED lamp RGB &#8211; USB-A\"}]},{\"@type\":\"WebSite\",\"@id\":\"https:\/\/truckned.nl\/nl\/#website\",\"url\":\"https:\/\/truckned.nl\/nl\/\",\"name\":\"Truckned\",\"description\":\"\",\"publisher\":{\"@id\":\"https:\/\/truckned.nl\/nl\/#organization\"},\"potentialAction\":[{\"@type\":\"SearchAction\",\"target\":{\"@type\":\"EntryPoint\",\"urlTemplate\":\"https:\/\/truckned.nl\/nl\/?s={search_term_string}\"},\"query-input\":{\"@type\":\"PropertyValueSpecification\",\"valueRequired\":true,\"valueName\":\"search_term_string\"}}],\"inLanguage\":\"de\"},{\"@type\":\"Organization\",\"@id\":\"https:\/\/truckned.nl\/nl\/#organization\",\"name\":\"Truckned\",\"url\":\"https:\/\/truckned.nl\/nl\/\",\"logo\":{\"@type\":\"ImageObject\",\"inLanguage\":\"de\",\"@id\":\"https:\/\/truckned.nl\/nl\/#\/schema\/logo\/image\/\",\"url\":\"https:\/\/truckned.nl\/wp-content\/uploads\/2022\/10\/800x800-Truckned-logo-zonder-tekst-ZWART.png\",\"contentUrl\":\"https:\/\/truckned.nl\/wp-content\/uploads\/2022\/10\/800x800-Truckned-logo-zonder-tekst-ZWART.png\",\"width\":801,\"height\":801,\"caption\":\"Truckned\"},\"image\":{\"@id\":\"https:\/\/truckned.nl\/nl\/#\/schema\/logo\/image\/\"},\"sameAs\":[\"https:\/\/www.facebook.com\/truckned\/\",\"https:\/\/www.instagram.com\/truckned\/\"],\"vatID\":\"NL863960509B01\",\"taxID\":\"86417487\",\"hasMerchantReturnPolicy\":{\"@type\":\"MerchantReturnPolicy\",\"merchantReturnLink\":\"https:\/\/truckned.nl\/de\/versand-rucksendungen\/\"}}]}<\/script>\n<meta property=\"product:brand\" content=\"Poppy Grace Mate\" \/>\n<meta property=\"product:price:amount\" content=\"12.95\" \/>\n<meta property=\"product:price:currency\" content=\"EUR\" \/>\n<meta property=\"og:availability\" content=\"instock\" \/>\n<meta property=\"product:availability\" content=\"instock\" \/>\n<meta property=\"product:retailer_item_id\" content=\"TN-500221\" \/>\n<meta property=\"product:condition\" content=\"new\" \/>\n<!-- \/ Yoast SEO Premium plugin. -->","yoast_head_json":{"title":"RGB-Lampe Poppy LED - USB-A - Truckned - f\u00fcr Lufterfrischer Poppy","description":"Poppy USB LED RGB-Lampe \u2013 LED Beleuchtung f\u00fcr Auto, LKW, Wohnmobil, Traktor und mehr \u2013 geeignet f\u00fcr 12 und 24 Volt \u2013 optional mit Lufterfrischer","robots":{"index":"index","follow":"follow","max-snippet":"max-snippet:-1","max-image-preview":"max-image-preview:large","max-video-preview":"max-video-preview:-1"},"canonical":"https:\/\/truckned.nl\/de\/produkt\/poppy-led-lamp-rgb-usb-a\/","og_locale":"de_DE","og_type":"article","og_title":"Poppy LED lamp RGB - USB-A - Truckned - voor Poppy luchtverfrissers","og_description":"Poppy USB LED lamp RGB - LED verlichting voor auto, vrachtwagen, camper, tractor en meer- werkzaam op 12 en 24 Volt - luchtverfrisser optioneel","og_url":"https:\/\/truckned.nl\/de\/produkt\/poppy-led-lamp-rgb-usb-a\/","og_site_name":"Truckned","article_publisher":"https:\/\/www.facebook.com\/truckned\/","article_modified_time":"2026-04-08T07:37:55+00:00","og_image":[{"width":800,"height":800,"url":"https:\/\/truckned.nl\/wp-content\/uploads\/2026\/02\/TN-500221-SM.png","type":"image\/png"}],"twitter_misc":{"Preis":"&euro;12,95","Verf\u00fcgbarkeit":"Auf Lager"},"schema":{"@context":"https:\/\/schema.org","@graph":[{"@type":["WebPage","ItemPage"],"@id":"https:\/\/truckned.nl\/product\/poppy-led-lamp-rgb-usb-a\/","url":"https:\/\/truckned.nl\/product\/poppy-led-lamp-rgb-usb-a\/","name":"RGB-Lampe Poppy LED - USB-A - Truckned - f\u00fcr Lufterfrischer Poppy","isPartOf":{"@id":"https:\/\/truckned.nl\/nl\/#website"},"primaryImageOfPage":{"@id":"https:\/\/truckned.nl\/product\/poppy-led-lamp-rgb-usb-a\/#primaryimage"},"image":{"@id":"https:\/\/truckned.nl\/product\/poppy-led-lamp-rgb-usb-a\/#primaryimage"},"thumbnailUrl":"https:\/\/truckned.nl\/wp-content\/uploads\/2026\/02\/TN-500221.png","datePublished":"2023-03-09T14:00:19+00:00","dateModified":"2026-04-08T07:37:55+00:00","description":"Poppy USB LED RGB-Lampe \u2013 LED Beleuchtung f\u00fcr Auto, LKW, Wohnmobil, Traktor und mehr \u2013 geeignet f\u00fcr 12 und 24 Volt \u2013 optional mit Lufterfrischer","breadcrumb":{"@id":"https:\/\/truckned.nl\/product\/poppy-led-lamp-rgb-usb-a\/#breadcrumb"},"inLanguage":"de","potentialAction":[{"@type":"ReadAction","target":["https:\/\/truckned.nl\/product\/poppy-led-lamp-rgb-usb-a\/"]}]},{"@type":"ImageObject","inLanguage":"de","@id":"https:\/\/truckned.nl\/product\/poppy-led-lamp-rgb-usb-a\/#primaryimage","url":"https:\/\/truckned.nl\/wp-content\/uploads\/2026\/02\/TN-500221.png","contentUrl":"https:\/\/truckned.nl\/wp-content\/uploads\/2026\/02\/TN-500221.png","width":800,"height":800,"caption":"Poppy USB LED lamp RGB - USB-A aansluiting - TN-500221 - met schakelaar - EAN: 7111308063413"},{"@type":"BreadcrumbList","@id":"https:\/\/truckned.nl\/product\/poppy-led-lamp-rgb-usb-a\/#breadcrumb","itemListElement":[{"@type":"ListItem","position":1,"name":"Home","item":"https:\/\/truckned.nl\/"},{"@type":"ListItem","position":2,"name":"Shop","item":"https:\/\/truckned.nl\/nl\/shop\/"},{"@type":"ListItem","position":3,"name":"Cabine - binnenzijde","item":"https:\/\/truckned.nl\/de\/produkt-kategorie\/cabine-binnenzijden\/"},{"@type":"ListItem","position":4,"name":"Geurhanger \/ luchtverfrisser","item":"https:\/\/truckned.nl\/de\/produkt-kategorie\/cabine-binnenzijden\/geurhanger-luchtverfrisser\/"},{"@type":"ListItem","position":5,"name":"Poppy LED lamp RGB &#8211; USB-A"}]},{"@type":"WebSite","@id":"https:\/\/truckned.nl\/nl\/#website","url":"https:\/\/truckned.nl\/nl\/","name":"Truckned","description":"","publisher":{"@id":"https:\/\/truckned.nl\/nl\/#organization"},"potentialAction":[{"@type":"SearchAction","target":{"@type":"EntryPoint","urlTemplate":"https:\/\/truckned.nl\/nl\/?s={search_term_string}"},"query-input":{"@type":"PropertyValueSpecification","valueRequired":true,"valueName":"search_term_string"}}],"inLanguage":"de"},{"@type":"Organization","@id":"https:\/\/truckned.nl\/nl\/#organization","name":"Truckned","url":"https:\/\/truckned.nl\/nl\/","logo":{"@type":"ImageObject","inLanguage":"de","@id":"https:\/\/truckned.nl\/nl\/#\/schema\/logo\/image\/","url":"https:\/\/truckned.nl\/wp-content\/uploads\/2022\/10\/800x800-Truckned-logo-zonder-tekst-ZWART.png","contentUrl":"https:\/\/truckned.nl\/wp-content\/uploads\/2022\/10\/800x800-Truckned-logo-zonder-tekst-ZWART.png","width":801,"height":801,"caption":"Truckned"},"image":{"@id":"https:\/\/truckned.nl\/nl\/#\/schema\/logo\/image\/"},"sameAs":["https:\/\/www.facebook.com\/truckned\/","https:\/\/www.instagram.com\/truckned\/"],"vatID":"NL863960509B01","taxID":"86417487","hasMerchantReturnPolicy":{"@type":"MerchantReturnPolicy","merchantReturnLink":"https:\/\/truckned.nl\/de\/versand-rucksendungen\/"}}]},"product_brand":"Poppy Grace Mate","product_price_amount":"12.95","product_price_currency":"EUR","og_availability":"instock","product_availability":"instock","product_retailer_item_id":"TN-500221","product_condition":"new"},"_links":{"self":[{"href":"https:\/\/truckned.nl\/de\/wp-json\/wp\/v2\/product\/34360","targetHints":{"allow":["GET"]}}],"collection":[{"href":"https:\/\/truckned.nl\/de\/wp-json\/wp\/v2\/product"}],"about":[{"href":"https:\/\/truckned.nl\/de\/wp-json\/wp\/v2\/types\/product"}],"replies":[{"embeddable":true,"href":"https:\/\/truckned.nl\/de\/wp-json\/wp\/v2\/comments?post=34360"}],"wp:featuredmedia":[{"embeddable":true,"href":"https:\/\/truckned.nl\/de\/wp-json\/wp\/v2\/media\/34361"}],"wp:attachment":[{"href":"https:\/\/truckned.nl\/de\/wp-json\/wp\/v2\/media?parent=34360"}],"wp:term":[{"taxonomy":"product_brand","embeddable":true,"href":"https:\/\/truckned.nl\/de\/wp-json\/wp\/v2\/product_brand?post=34360"},{"taxonomy":"product_cat","embeddable":true,"href":"https:\/\/truckned.nl\/de\/wp-json\/wp\/v2\/product_cat?post=34360"},{"taxonomy":"product_tag","embeddable":true,"href":"https:\/\/truckned.nl\/de\/wp-json\/wp\/v2\/product_tag?post=34360"}],"curies":[{"name":"wp","href":"https:\/\/api.w.org\/{rel}","templated":true}]}}