{"id":34670,"date":"2023-05-27T15:28:55","date_gmt":"2023-05-27T13:28:55","guid":{"rendered":"https:\/\/truckned.nl\/?post_type=product&#038;p=34670"},"modified":"2026-03-18T14:09:08","modified_gmt":"2026-03-18T13:09:08","slug":"rvs-wielring-stip-22-5-inch-10-gaats-alu","status":"publish","type":"product","link":"https:\/\/truckned.nl\/de\/produkt\/rvs-wielring-stip-22-5-inch-10-gaats-alu\/","title":{"rendered":"LKW Radbolzenabdeckring Punkt, 22,5 Zoll, 10 Loch - Alu"},"content":{"rendered":"<p><span style=\"color: #000000;\"><strong>Volle Edelstahl-Radmutter mit Punkt f\u00fcr 22,5-Zoll-Aluminiumfelgen (ALCOA).\u00a0<\/strong><\/span><\/p>\n<p><span style=\"color: #000000;\">M\u00f6chten Sie Ihrem Truck schnell und einfach einen eleganteren Look verleihen? Dann ist der 22,5-Zoll-Alu-Radring mit Punktmuster genau das Richtige f\u00fcr Sie. Dieser Radring aus Edelstahl passt auf alle 22,5-Zoll-Aluminiumfelgen und verleiht Ihrem Truck oder Anh\u00e4nger im Handumdrehen ein edles Aussehen. Dank der 10 Befestigungsl\u00f6cher ist die Montage kinderleicht. Bitte pr\u00fcfen Sie jedoch vorab, ob der Radring zu Ihren Felgen passt. Der Radring ist lackierbar, sodass Sie ihn ganz nach Ihren W\u00fcnschen gestalten k\u00f6nnen.<\/span><\/p>\n<p><span style=\"color: #000000;\">Mit dem 22,5-Zoll-Radring aus Edelstahl entscheiden Sie sich f\u00fcr Qualit\u00e4t und Langlebigkeit. Der Ring ist aus massivem Edelstahl gefertigt und somit oxidations- und witterungsbest\u00e4ndig. Die Montage ist schnell und einfach: L\u00f6sen Sie einfach zwei Muttern und befestigen Sie den Ring unter der Nabe. Diese Kombination aus robuster, langlebiger Konstruktion und elegantem, chrom\u00e4hnlichem Aussehen wertet Ihren Truck sofort auf.<\/span><\/p>\n<h5><span style=\"color: #000000;\"><strong>Abmessungen:<\/strong><\/span><\/h5>\n<p><span style=\"color: #000000;\">Um sicherzustellen, dass der gepunktete Edelstahl-Radring (22,5 Zoll, Aluminium) perfekt auf Ihre Felge passt, haben wir die genauen Ma\u00dfe unten aufgef\u00fchrt. So erkennen Sie sofort, ob dieser Radring f\u00fcr die gew\u00fcnschte Felge geeignet ist. Die Spezifikationen des geschlossenen Edelstahl-Radrings f\u00fcr 22,5-Zoll-Aluminiumfelgen lauten wie folgt:<\/span><\/p>\n<ul>\n<li><span style=\"color: #000000;\">Durchmesser: 425 mm<\/span><\/li>\n<li><span style=\"color: #000000;\">H\u00f6he: 23 mm<\/span><\/li>\n<li><span style=\"color: #000000;\">Mitte-zu-Mitte: 335 mm<\/span><\/li>\n<\/ul>\n<h5><span style=\"color: #000000;\"><strong>Andere Modelle:<\/strong><\/span><\/h5>\n<p><span style=\"color: #000000;\">Sie m\u00f6chten einen eleganten Nabenring aus Edelstahl montieren, aber der Nedking-Nabenring entspricht nicht ganz Ihren Vorstellungen? Kein Problem! Der 22,5-Zoll-Nabenring aus Aluminium (ALU) ist in verschiedenen Ausf\u00fchrungen erh\u00e4ltlich. So finden Sie garantiert ein Modell, das perfekt zu Ihren Felgen und Ihrem Stil passt. Sehen Sie sich beispielsweise die anderen 22,5-Zoll-Nabenringmodelle unten an und finden Sie heraus, welche Variante am besten zu Ihrem Lkw oder Anh\u00e4nger passt.<\/span><\/p>\n<ul>\n<li><span style=\"color: #000000;\"><strong>Fahrradring mit Punktverschluss \u2013 STAHL<\/strong><\/span><\/li>\n<li><span style=\"color: #000000;\"><a style=\"color: #000000;\" href=\"https:\/\/truckned.nl\/de\/produkt\/rvs-wielring-dicht-22-5-inch-10-gaats-5251-staal\/\" target=\"_blank\" rel=\"noopener\"><strong>Radring geschlossen \u2013 STAHL<\/strong><\/a><\/span><\/li>\n<li><span style=\"color: #000000;\"><a style=\"color: #000000;\" href=\"https:\/\/truckned.nl\/de\/produkt\/rvs-wielring-open-22-5-inch-10-gaats-5252-staal\/\" target=\"_blank\" rel=\"noopener\"><strong>Radring offen \u2013 STAHL<\/strong><\/a><\/span><\/li>\n<li><span style=\"color: #000000;\"><strong><a style=\"color: #000000;\" href=\"https:\/\/truckned.nl\/de\/produkt\/rvs-wielring-open-22-5-inch-10-gaats-5254-alu\/\" target=\"_blank\" rel=\"noopener\">Radring offen \u2013 ALU<\/a> <\/strong><\/span><\/li>\n<\/ul>\n<p><span style=\"color: #000000;\">Entspricht der Edelstahl-Felgenring mit Punktmarkierung (22,5 Zoll, ALU\/ALCOA) nicht ganz Ihren Vorstellungen? Vielleicht passen Farbe, Form oder Gr\u00f6\u00dfe nicht zu Ihren Bed\u00fcrfnissen? Kein Problem! Hier finden Sie unser komplettes Sortiment an Felgenringen und Zubeh\u00f6r. <a style=\"color: #000000;\" href=\"https:\/\/truckned.nl\/de\/produkt-kategorie\/cabine-buitenzijde\/\" target=\"_blank\" rel=\"noopener\">au\u00dferhalb der Kabine<\/a> und finden Sie ganz einfach das perfekte Fahrzeug f\u00fcr Ihren LKW.<\/span><\/p>","protected":false},"excerpt":{"rendered":"<p>RVS wieling dicht met stip geschikt voor 22.5&#8243; ALU velg.<\/p>","protected":false},"featured_media":34679,"comment_status":"open","ping_status":"closed","template":"","meta":{"_acf_changed":false,"site-sidebar-layout":"default","site-content-layout":"default","ast-site-content-layout":"default","site-content-style":"default","site-sidebar-style":"default","ast-global-header-display":"","ast-banner-title-visibility":"","ast-main-header-display":"","ast-hfb-above-header-display":"","ast-hfb-below-header-display":"","ast-hfb-mobile-header-display":"","site-post-title":"","ast-breadcrumbs-content":"","ast-featured-img":"","footer-sml-layout":"","ast-disable-related-posts":"","theme-transparent-header-meta":"default","adv-header-id-meta":"","stick-header-meta":"","header-above-stick-meta":"","header-main-stick-meta":"","header-below-stick-meta":"","astra-migrate-meta-layouts":"set","ast-page-background-enabled":"default","ast-page-background-meta":{"desktop":{"background-color":"","background-image":"","background-repeat":"repeat","background-position":"center center","background-size":"auto","background-attachment":"scroll","background-type":"","background-media":"","overlay-type":"","overlay-color":"","overlay-opacity":"","overlay-gradient":""},"tablet":{"background-color":"","background-image":"","background-repeat":"repeat","background-position":"center center","background-size":"auto","background-attachment":"scroll","background-type":"","background-media":"","overlay-type":"","overlay-color":"","overlay-opacity":"","overlay-gradient":""},"mobile":{"background-color":"","background-image":"","background-repeat":"repeat","background-position":"center center","background-size":"auto","background-attachment":"scroll","background-type":"","background-media":"","overlay-type":"","overlay-color":"","overlay-opacity":"","overlay-gradient":""}},"ast-content-background-meta":{"desktop":{"background-color":"var(--ast-global-color-5)","background-image":"","background-repeat":"repeat","background-position":"center center","background-size":"auto","background-attachment":"scroll","background-type":"","background-media":"","overlay-type":"","overlay-color":"","overlay-opacity":"","overlay-gradient":""},"tablet":{"background-color":"var(--ast-global-color-5)","background-image":"","background-repeat":"repeat","background-position":"center center","background-size":"auto","background-attachment":"scroll","background-type":"","background-media":"","overlay-type":"","overlay-color":"","overlay-opacity":"","overlay-gradient":""},"mobile":{"background-color":"var(--ast-global-color-5)","background-image":"","background-repeat":"repeat","background-position":"center center","background-size":"auto","background-attachment":"scroll","background-type":"","background-media":"","overlay-type":"","overlay-color":"","overlay-opacity":"","overlay-gradient":""}}},"product_brand":[],"product_cat":[7543],"product_tag":[],"class_list":{"0":"post-34670","1":"product","2":"type-product","3":"status-publish","4":"has-post-thumbnail","6":"product_cat-wielringen-schalen","7":"pa_merkk-product-nedking","8":"desktop-align-left","9":"tablet-align-left","10":"mobile-align-left","12":"first","13":"instock","14":"taxable","15":"shipping-taxable","16":"purchasable","17":"product-type-simple"},"acf":[],"yoast_head":"<!-- This site is optimized with the Yoast SEO Premium plugin v26.5 (Yoast SEO v26.5) - https:\/\/yoast.com\/wordpress\/plugins\/seo\/ -->\n<title>Wielring stip 22.5 inch ALU - 10 gaats - Truckned - RVS wielring<\/title>\n<meta name=\"description\" content=\"Wielring stip 22.5 inch ALU - vrachtwagen opstapring voor alu velg 22.5&#039;&#039; - geschikt voor de stuur as van een vrachtwagen - eenvoudige 2 punts-montage\" \/>\n<meta name=\"robots\" content=\"index, follow, max-snippet:-1, max-image-preview:large, max-video-preview:-1\" \/>\n<link rel=\"canonical\" href=\"https:\/\/truckned.nl\/de\/produkt\/rvs-wielring-stip-22-5-inch-10-gaats-alu\/\" \/>\n<meta property=\"og:locale\" content=\"de_DE\" \/>\n<meta property=\"og:type\" content=\"article\" \/>\n<meta property=\"og:title\" content=\"Wielring stip 22.5 inch ALU - 10 gaats - Truckned - RVS wielring\" \/>\n<meta property=\"og:description\" content=\"Wielring stip 22.5 inch ALU - vrachtwagen opstapring voor alu velg 22.5&#039;&#039; - geschikt voor de stuur as van een vrachtwagen - eenvoudige 2 punts-montage\" \/>\n<meta property=\"og:url\" content=\"https:\/\/truckned.nl\/de\/produkt\/rvs-wielring-stip-22-5-inch-10-gaats-alu\/\" \/>\n<meta property=\"og:site_name\" content=\"Truckned\" \/>\n<meta property=\"article:publisher\" content=\"https:\/\/www.facebook.com\/truckned\/\" \/>\n<meta property=\"article:modified_time\" content=\"2026-03-18T13:09:08+00:00\" \/>\n<meta property=\"og:image\" content=\"https:\/\/truckned.nl\/wp-content\/uploads\/2026\/03\/TN-015822-SM.png\" \/>\n\t<meta property=\"og:image:width\" content=\"800\" \/>\n\t<meta property=\"og:image:height\" content=\"800\" \/>\n\t<meta property=\"og:image:type\" content=\"image\/png\" \/>\n<meta name=\"twitter:label1\" content=\"Preis\" \/>\n\t<meta name=\"twitter:data1\" content=\"&euro;33,50\" \/>\n\t<meta name=\"twitter:label2\" content=\"Verf\u00fcgbarkeit\" \/>\n\t<meta name=\"twitter:data2\" content=\"Auf Lager\" \/>\n<script type=\"application\/ld+json\" class=\"yoast-schema-graph\">{\"@context\":\"https:\/\/schema.org\",\"@graph\":[{\"@type\":[\"WebPage\",\"ItemPage\"],\"@id\":\"https:\/\/truckned.nl\/product\/rvs-wielring-stip-22-5-inch-10-gaats-alu\/\",\"url\":\"https:\/\/truckned.nl\/product\/rvs-wielring-stip-22-5-inch-10-gaats-alu\/\",\"name\":\"Wielring stip 22.5 inch ALU - 10 gaats - Truckned - RVS wielring\",\"isPartOf\":{\"@id\":\"https:\/\/truckned.nl\/nl\/#website\"},\"primaryImageOfPage\":{\"@id\":\"https:\/\/truckned.nl\/product\/rvs-wielring-stip-22-5-inch-10-gaats-alu\/#primaryimage\"},\"image\":{\"@id\":\"https:\/\/truckned.nl\/product\/rvs-wielring-stip-22-5-inch-10-gaats-alu\/#primaryimage\"},\"thumbnailUrl\":\"https:\/\/truckned.nl\/wp-content\/uploads\/2026\/03\/TN-015822.png\",\"datePublished\":\"2023-05-27T13:28:55+00:00\",\"dateModified\":\"2026-03-18T13:09:08+00:00\",\"description\":\"Wielring stip 22.5 inch ALU - vrachtwagen opstapring voor alu velg 22.5'' - geschikt voor de stuur as van een vrachtwagen - eenvoudige 2 punts-montage\",\"breadcrumb\":{\"@id\":\"https:\/\/truckned.nl\/product\/rvs-wielring-stip-22-5-inch-10-gaats-alu\/#breadcrumb\"},\"inLanguage\":\"de\",\"potentialAction\":[{\"@type\":\"ReadAction\",\"target\":[\"https:\/\/truckned.nl\/product\/rvs-wielring-stip-22-5-inch-10-gaats-alu\/\"]}]},{\"@type\":\"ImageObject\",\"inLanguage\":\"de\",\"@id\":\"https:\/\/truckned.nl\/product\/rvs-wielring-stip-22-5-inch-10-gaats-alu\/#primaryimage\",\"url\":\"https:\/\/truckned.nl\/wp-content\/uploads\/2026\/03\/TN-015822.png\",\"contentUrl\":\"https:\/\/truckned.nl\/wp-content\/uploads\/2026\/03\/TN-015822.png\",\"width\":800,\"height\":800,\"caption\":\"Wielring stip 22.5 inch ALU - vrachtwagen opstapring voor alu velg 22.5'' - geschikt voor de stuur as van een vrachtwagen - eenvoudige 2 punts-montage - 015822\"},{\"@type\":\"BreadcrumbList\",\"@id\":\"https:\/\/truckned.nl\/product\/rvs-wielring-stip-22-5-inch-10-gaats-alu\/#breadcrumb\",\"itemListElement\":[{\"@type\":\"ListItem\",\"position\":1,\"name\":\"Home\",\"item\":\"https:\/\/truckned.nl\/\"},{\"@type\":\"ListItem\",\"position\":2,\"name\":\"Shop\",\"item\":\"https:\/\/truckned.nl\/nl\/shop\/\"},{\"@type\":\"ListItem\",\"position\":3,\"name\":\"Cabine - buitenzijde\",\"item\":\"https:\/\/truckned.nl\/nl\/product-categorie\/cabine-buitenzijde\/\"},{\"@type\":\"ListItem\",\"position\":4,\"name\":\"Wielringen \/ schalen\",\"item\":\"https:\/\/truckned.nl\/product-categorie\/cabine-buitenzijde\/wielringen-schalen\/\"},{\"@type\":\"ListItem\",\"position\":5,\"name\":\"RVS wielring stip 22.5 inch 10 gaats &#8211; alu\"}]},{\"@type\":\"WebSite\",\"@id\":\"https:\/\/truckned.nl\/nl\/#website\",\"url\":\"https:\/\/truckned.nl\/nl\/\",\"name\":\"Truckned\",\"description\":\"\",\"publisher\":{\"@id\":\"https:\/\/truckned.nl\/nl\/#organization\"},\"potentialAction\":[{\"@type\":\"SearchAction\",\"target\":{\"@type\":\"EntryPoint\",\"urlTemplate\":\"https:\/\/truckned.nl\/nl\/?s={search_term_string}\"},\"query-input\":{\"@type\":\"PropertyValueSpecification\",\"valueRequired\":true,\"valueName\":\"search_term_string\"}}],\"inLanguage\":\"de\"},{\"@type\":\"Organization\",\"@id\":\"https:\/\/truckned.nl\/nl\/#organization\",\"name\":\"Truckned\",\"url\":\"https:\/\/truckned.nl\/nl\/\",\"logo\":{\"@type\":\"ImageObject\",\"inLanguage\":\"de\",\"@id\":\"https:\/\/truckned.nl\/nl\/#\/schema\/logo\/image\/\",\"url\":\"https:\/\/truckned.nl\/wp-content\/uploads\/2022\/10\/800x800-Truckned-logo-zonder-tekst-ZWART.png\",\"contentUrl\":\"https:\/\/truckned.nl\/wp-content\/uploads\/2022\/10\/800x800-Truckned-logo-zonder-tekst-ZWART.png\",\"width\":801,\"height\":801,\"caption\":\"Truckned\"},\"image\":{\"@id\":\"https:\/\/truckned.nl\/nl\/#\/schema\/logo\/image\/\"},\"sameAs\":[\"https:\/\/www.facebook.com\/truckned\/\",\"https:\/\/www.instagram.com\/truckned\/\"],\"vatID\":\"NL863960509B01\",\"taxID\":\"86417487\",\"hasMerchantReturnPolicy\":{\"@type\":\"MerchantReturnPolicy\",\"merchantReturnLink\":\"https:\/\/truckned.nl\/de\/versand-rucksendungen\/\"}}]}<\/script>\n<meta property=\"product:brand\" content=\"Nedking\" \/>\n<meta property=\"product:price:amount\" content=\"33.50\" \/>\n<meta property=\"product:price:currency\" content=\"EUR\" \/>\n<meta property=\"og:availability\" content=\"instock\" \/>\n<meta property=\"product:availability\" content=\"instock\" \/>\n<meta property=\"product:retailer_item_id\" content=\"TN-015822\" \/>\n<meta property=\"product:condition\" content=\"new\" \/>\n<!-- \/ Yoast SEO Premium plugin. -->","yoast_head_json":{"title":"Radring 22,5 Zoll ALU - 10 L\u00f6cher - Truckned - Radring aus Edelstahl","description":"Felgenring 22,5 Zoll Aluminium \u2013 Trittring f\u00fcr LKW-Lenkfelgen (22,5 Zoll) \u2013 geeignet f\u00fcr die Lenkachse eines LKW \u2013 einfache 2-Punkt-Befestigung","robots":{"index":"index","follow":"follow","max-snippet":"max-snippet:-1","max-image-preview":"max-image-preview:large","max-video-preview":"max-video-preview:-1"},"canonical":"https:\/\/truckned.nl\/de\/produkt\/rvs-wielring-stip-22-5-inch-10-gaats-alu\/","og_locale":"de_DE","og_type":"article","og_title":"Wielring stip 22.5 inch ALU - 10 gaats - Truckned - RVS wielring","og_description":"Wielring stip 22.5 inch ALU - vrachtwagen opstapring voor alu velg 22.5'' - geschikt voor de stuur as van een vrachtwagen - eenvoudige 2 punts-montage","og_url":"https:\/\/truckned.nl\/de\/produkt\/rvs-wielring-stip-22-5-inch-10-gaats-alu\/","og_site_name":"Truckned","article_publisher":"https:\/\/www.facebook.com\/truckned\/","article_modified_time":"2026-03-18T13:09:08+00:00","og_image":[{"width":800,"height":800,"url":"https:\/\/truckned.nl\/wp-content\/uploads\/2026\/03\/TN-015822-SM.png","type":"image\/png"}],"twitter_misc":{"Preis":"&euro;33,50","Verf\u00fcgbarkeit":"Auf Lager"},"schema":{"@context":"https:\/\/schema.org","@graph":[{"@type":["WebPage","ItemPage"],"@id":"https:\/\/truckned.nl\/product\/rvs-wielring-stip-22-5-inch-10-gaats-alu\/","url":"https:\/\/truckned.nl\/product\/rvs-wielring-stip-22-5-inch-10-gaats-alu\/","name":"Radring 22,5 Zoll ALU - 10 L\u00f6cher - Truckned - Radring aus Edelstahl","isPartOf":{"@id":"https:\/\/truckned.nl\/nl\/#website"},"primaryImageOfPage":{"@id":"https:\/\/truckned.nl\/product\/rvs-wielring-stip-22-5-inch-10-gaats-alu\/#primaryimage"},"image":{"@id":"https:\/\/truckned.nl\/product\/rvs-wielring-stip-22-5-inch-10-gaats-alu\/#primaryimage"},"thumbnailUrl":"https:\/\/truckned.nl\/wp-content\/uploads\/2026\/03\/TN-015822.png","datePublished":"2023-05-27T13:28:55+00:00","dateModified":"2026-03-18T13:09:08+00:00","description":"Felgenring 22,5 Zoll Aluminium \u2013 Trittring f\u00fcr LKW-Lenkfelgen (22,5 Zoll) \u2013 geeignet f\u00fcr die Lenkachse eines LKW \u2013 einfache 2-Punkt-Befestigung","breadcrumb":{"@id":"https:\/\/truckned.nl\/product\/rvs-wielring-stip-22-5-inch-10-gaats-alu\/#breadcrumb"},"inLanguage":"de","potentialAction":[{"@type":"ReadAction","target":["https:\/\/truckned.nl\/product\/rvs-wielring-stip-22-5-inch-10-gaats-alu\/"]}]},{"@type":"ImageObject","inLanguage":"de","@id":"https:\/\/truckned.nl\/product\/rvs-wielring-stip-22-5-inch-10-gaats-alu\/#primaryimage","url":"https:\/\/truckned.nl\/wp-content\/uploads\/2026\/03\/TN-015822.png","contentUrl":"https:\/\/truckned.nl\/wp-content\/uploads\/2026\/03\/TN-015822.png","width":800,"height":800,"caption":"Wielring stip 22.5 inch ALU - vrachtwagen opstapring voor alu velg 22.5'' - geschikt voor de stuur as van een vrachtwagen - eenvoudige 2 punts-montage - 015822"},{"@type":"BreadcrumbList","@id":"https:\/\/truckned.nl\/product\/rvs-wielring-stip-22-5-inch-10-gaats-alu\/#breadcrumb","itemListElement":[{"@type":"ListItem","position":1,"name":"Home","item":"https:\/\/truckned.nl\/"},{"@type":"ListItem","position":2,"name":"Shop","item":"https:\/\/truckned.nl\/nl\/shop\/"},{"@type":"ListItem","position":3,"name":"Cabine - buitenzijde","item":"https:\/\/truckned.nl\/nl\/product-categorie\/cabine-buitenzijde\/"},{"@type":"ListItem","position":4,"name":"Wielringen \/ schalen","item":"https:\/\/truckned.nl\/product-categorie\/cabine-buitenzijde\/wielringen-schalen\/"},{"@type":"ListItem","position":5,"name":"RVS wielring stip 22.5 inch 10 gaats &#8211; alu"}]},{"@type":"WebSite","@id":"https:\/\/truckned.nl\/nl\/#website","url":"https:\/\/truckned.nl\/nl\/","name":"Truckned","description":"","publisher":{"@id":"https:\/\/truckned.nl\/nl\/#organization"},"potentialAction":[{"@type":"SearchAction","target":{"@type":"EntryPoint","urlTemplate":"https:\/\/truckned.nl\/nl\/?s={search_term_string}"},"query-input":{"@type":"PropertyValueSpecification","valueRequired":true,"valueName":"search_term_string"}}],"inLanguage":"de"},{"@type":"Organization","@id":"https:\/\/truckned.nl\/nl\/#organization","name":"Truckned","url":"https:\/\/truckned.nl\/nl\/","logo":{"@type":"ImageObject","inLanguage":"de","@id":"https:\/\/truckned.nl\/nl\/#\/schema\/logo\/image\/","url":"https:\/\/truckned.nl\/wp-content\/uploads\/2022\/10\/800x800-Truckned-logo-zonder-tekst-ZWART.png","contentUrl":"https:\/\/truckned.nl\/wp-content\/uploads\/2022\/10\/800x800-Truckned-logo-zonder-tekst-ZWART.png","width":801,"height":801,"caption":"Truckned"},"image":{"@id":"https:\/\/truckned.nl\/nl\/#\/schema\/logo\/image\/"},"sameAs":["https:\/\/www.facebook.com\/truckned\/","https:\/\/www.instagram.com\/truckned\/"],"vatID":"NL863960509B01","taxID":"86417487","hasMerchantReturnPolicy":{"@type":"MerchantReturnPolicy","merchantReturnLink":"https:\/\/truckned.nl\/de\/versand-rucksendungen\/"}}]},"product_brand":"Nedking","product_price_amount":"33.50","product_price_currency":"EUR","og_availability":"instock","product_availability":"instock","product_retailer_item_id":"TN-015822","product_condition":"new"},"_links":{"self":[{"href":"https:\/\/truckned.nl\/de\/wp-json\/wp\/v2\/product\/34670","targetHints":{"allow":["GET"]}}],"collection":[{"href":"https:\/\/truckned.nl\/de\/wp-json\/wp\/v2\/product"}],"about":[{"href":"https:\/\/truckned.nl\/de\/wp-json\/wp\/v2\/types\/product"}],"replies":[{"embeddable":true,"href":"https:\/\/truckned.nl\/de\/wp-json\/wp\/v2\/comments?post=34670"}],"wp:featuredmedia":[{"embeddable":true,"href":"https:\/\/truckned.nl\/de\/wp-json\/wp\/v2\/media\/34679"}],"wp:attachment":[{"href":"https:\/\/truckned.nl\/de\/wp-json\/wp\/v2\/media?parent=34670"}],"wp:term":[{"taxonomy":"product_brand","embeddable":true,"href":"https:\/\/truckned.nl\/de\/wp-json\/wp\/v2\/product_brand?post=34670"},{"taxonomy":"product_cat","embeddable":true,"href":"https:\/\/truckned.nl\/de\/wp-json\/wp\/v2\/product_cat?post=34670"},{"taxonomy":"product_tag","embeddable":true,"href":"https:\/\/truckned.nl\/de\/wp-json\/wp\/v2\/product_tag?post=34670"}],"curies":[{"name":"wp","href":"https:\/\/api.w.org\/{rel}","templated":true}]}}