{"id":34832,"date":"2025-04-30T14:45:36","date_gmt":"2025-04-30T12:45:36","guid":{"rendered":"https:\/\/truckned.nl\/?post_type=product&#038;p=34832"},"modified":"2026-04-02T16:12:06","modified_gmt":"2026-04-02T14:12:06","slug":"mini-poppy-grace-mate-cherry-20ml","status":"publish","type":"product","link":"https:\/\/truckned.nl\/de\/produkt\/mini-poppy-grace-mate-cherry-20ml\/","title":{"rendered":"Mini Poppy Grace Mate Cherry - 20 ml"},"content":{"rendered":"<p><span style=\"color: #000000;\"><strong>Mini Poppy Grace Mate Cherry Lufterfrischer 20ml.<\/strong><\/span><\/p>\n<p><span style=\"color: #000000;\">Der bekannte Duft Poppy, jetzt in kompakter Form: der Mini Poppy Grace Mate Cherry. Einfach den kleinen Duftspender in die L\u00fcftungsd\u00fcse einklicken, und der Duft verteilt sich angenehm im ganzen Fahrzeug. Keine lose Flasche mehr auf dem Armaturenbrett, sondern ordentlich verstaut. Der frische Kirschduft des 20-ml-Fl\u00e4schchens Poppy Grace Mate Cherry sorgt f\u00fcr einen stets angenehmen Duft, ohne aufdringlich zu sein. Ideal f\u00fcr Pkw und Lkw.<\/span><\/p>\n<p><span style=\"color: #000000;\">Was diese Mini-Variante so praktisch macht, ist die einfache Installation. Einfach den Halter in den L\u00fcftungsschlitz einklicken, fertig. Der Luftstrom sorgt zudem f\u00fcr eine gleichm\u00e4\u00dfige und sanfte Duftverteilung. Dank der kompakten Gr\u00f6\u00dfe ist sie nicht im Weg und passt in nahezu jedes Fahrzeug. Kurz gesagt: Sie w\u00fcnschen sich den vertrauten Duft des Poppy, aber dezent und unauff\u00e4llig? Dann ist der Mini Poppy Grace Cherry genau das Richtige f\u00fcr Sie.<\/span><\/p>\n<div class=\"truncated\">\n<h5><span style=\"color: #000000;\"><strong>Andere D\u00fcfte:<\/strong><\/span><\/h5>\n<p><span style=\"color: #000000;\">Nicht ganz der richtige Duft f\u00fcr Sie? Kein Problem! Die Mini Poppy Grace Mate Cherry ist auch in vielen anderen Duftrichtungen erh\u00e4ltlich. Entdecken Sie sie unten und w\u00e4hlen Sie Ihren Favoriten.<\/span><\/p>\n<ul>\n<li><a href=\"https:\/\/truckned.nl\/de\/produkt\/mini-poppy-grace-mate-jasmin-20ml\/\"><span style=\"color: #000000;\"><strong>Mini Poppy Grace Mate Jasmin<\/strong><\/span><\/a><\/li>\n<\/ul>\n<div class=\"flex flex-col text-sm\">\n<section class=\"text-token-text-primary w-full focus:outline-none [--shadow-height:45px] has-data-writing-block:pointer-events-none has-data-writing-block:-mt-(--shadow-height) has-data-writing-block:pt-(--shadow-height) [&amp;:has([data-writing-block])&gt;*]:pointer-events-auto scroll-mt-[calc(var(--header-height)+min(200px,max(70px,20svh)))]\" dir=\"auto\" data-turn-id=\"request-69baac71-15d0-8328-9d59-53fad2e82478-12\" data-testid=\"conversation-turn-50\" data-scroll-anchor=\"true\" data-turn=\"assistant\">\n<div class=\"text-base my-auto mx-auto pb-10 [--thread-content-margin:var(--thread-content-margin-xs,calc(var(--spacing)*4))] @w-sm\/main:[--thread-content-margin:var(--thread-content-margin-sm,calc(var(--spacing)*6))] @w-lg\/main:[--thread-content-margin:var(--thread-content-margin-lg,calc(var(--spacing)*16))] px-(--thread-content-margin)\">\n<div class=\"[--thread-content-max-width:40rem] @w-lg\/main:[--thread-content-max-width:48rem] mx-auto max-w-(--thread-content-max-width) flex-1 group\/turn-messages focus-visible:outline-hidden relative flex w-full min-w-0 flex-col agent-turn\">\n<div class=\"flex max-w-full flex-col gap-4 grow\">\n<div class=\"min-h-8 text-message relative flex w-full flex-col items-end gap-2 text-start break-words whitespace-normal outline-none keyboard-focused:focus-ring [.text-message+&amp;]:mt-1\" dir=\"auto\" tabindex=\"0\" data-message-author-role=\"assistant\" data-message-id=\"371786af-6e10-48bf-95e4-5380ad042bc6\" data-message-model-slug=\"gpt-5-3\" data-turn-start-message=\"true\">\n<div class=\"flex w-full flex-col gap-1 empty:hidden\">\n<div class=\"markdown prose dark:prose-invert w-full wrap-break-word light markdown-new-styling\">\n<p data-start=\"0\" data-end=\"277\" data-is-last-node=\"\" data-is-only-node=\"\"><span style=\"color: #000000;\">Ist die Poppy Grace Mate Cherry 20ml-Flasche doch nicht ganz das Richtige f\u00fcr Sie? Vielleicht entsprechen Duft oder Aussehen nicht Ihren Vorstellungen? Kein Problem! Dann schauen Sie sich doch unsere Seite mit \u2026 an. <a style=\"color: #000000;\" href=\"https:\/\/truckned.nl\/de\/produkt-kategorie\/cabine-binnenzijde\/geurhanger-luchtverfrisser\/\" target=\"_blank\" rel=\"noopener\">Dufth\u00e4nger \/ Lufterfrischer<\/a>. Die Chancen stehen gut, dass Sie dort den Duft oder das Accessoire finden, das perfekt zu Ihnen passt.<\/span><\/p>\n<\/div>\n<\/div>\n<\/div>\n<\/div>\n<\/div>\n<\/div>\n<\/section>\n<\/div>\n<\/div>","protected":false},"excerpt":{"rendered":"<p>Mini Poppy luchtverfrisser Cherry voor in het ventilatierooster van je auto of truck.<\/p>","protected":false},"featured_media":34867,"comment_status":"open","ping_status":"closed","template":"","meta":{"_acf_changed":false,"site-sidebar-layout":"default","site-content-layout":"default","ast-site-content-layout":"default","site-content-style":"default","site-sidebar-style":"default","ast-global-header-display":"","ast-banner-title-visibility":"","ast-main-header-display":"","ast-hfb-above-header-display":"","ast-hfb-below-header-display":"","ast-hfb-mobile-header-display":"","site-post-title":"","ast-breadcrumbs-content":"","ast-featured-img":"","footer-sml-layout":"","ast-disable-related-posts":"","theme-transparent-header-meta":"default","adv-header-id-meta":"","stick-header-meta":"","header-above-stick-meta":"","header-main-stick-meta":"","header-below-stick-meta":"","astra-migrate-meta-layouts":"set","ast-page-background-enabled":"default","ast-page-background-meta":{"desktop":{"background-color":"","background-image":"","background-repeat":"repeat","background-position":"center center","background-size":"auto","background-attachment":"scroll","background-type":"","background-media":"","overlay-type":"","overlay-color":"","overlay-opacity":"","overlay-gradient":""},"tablet":{"background-color":"","background-image":"","background-repeat":"repeat","background-position":"center center","background-size":"auto","background-attachment":"scroll","background-type":"","background-media":"","overlay-type":"","overlay-color":"","overlay-opacity":"","overlay-gradient":""},"mobile":{"background-color":"","background-image":"","background-repeat":"repeat","background-position":"center center","background-size":"auto","background-attachment":"scroll","background-type":"","background-media":"","overlay-type":"","overlay-color":"","overlay-opacity":"","overlay-gradient":""}},"ast-content-background-meta":{"desktop":{"background-color":"var(--ast-global-color-5)","background-image":"","background-repeat":"repeat","background-position":"center center","background-size":"auto","background-attachment":"scroll","background-type":"","background-media":"","overlay-type":"","overlay-color":"","overlay-opacity":"","overlay-gradient":""},"tablet":{"background-color":"var(--ast-global-color-5)","background-image":"","background-repeat":"repeat","background-position":"center center","background-size":"auto","background-attachment":"scroll","background-type":"","background-media":"","overlay-type":"","overlay-color":"","overlay-opacity":"","overlay-gradient":""},"mobile":{"background-color":"var(--ast-global-color-5)","background-image":"","background-repeat":"repeat","background-position":"center center","background-size":"auto","background-attachment":"scroll","background-type":"","background-media":"","overlay-type":"","overlay-color":"","overlay-opacity":"","overlay-gradient":""}}},"product_brand":[],"product_cat":[7530],"product_tag":[],"class_list":{"0":"post-34832","1":"product","2":"type-product","3":"status-publish","4":"has-post-thumbnail","6":"product_cat-geurhanger-luchtverfrisser","7":"pa_merkk-poppy-grace-mate","8":"desktop-align-left","9":"tablet-align-left","10":"mobile-align-left","12":"first","13":"instock","14":"taxable","15":"shipping-taxable","16":"purchasable","17":"product-type-simple"},"acf":[],"yoast_head":"<!-- This site is optimized with the Yoast SEO Premium plugin v26.5 (Yoast SEO v26.5) - https:\/\/yoast.com\/wordpress\/plugins\/seo\/ -->\n<title>Mini Poppy Grace Mate Cherry - 20ml - Truckned glazen luchtverfrisser<\/title>\n<meta name=\"description\" content=\"Mini Poppy Grace Mate Cherry \u00ae - luchtverfrisser voor auto, vrachtwagen, camper, tractor en meer- gegarandeerd een goede geur - past in je ventilatierooster\" \/>\n<meta name=\"robots\" content=\"index, follow, max-snippet:-1, max-image-preview:large, max-video-preview:-1\" \/>\n<link rel=\"canonical\" href=\"https:\/\/truckned.nl\/de\/produkt\/mini-poppy-grace-mate-cherry-20ml\/\" \/>\n<meta property=\"og:locale\" content=\"de_DE\" \/>\n<meta property=\"og:type\" content=\"article\" \/>\n<meta property=\"og:title\" content=\"Mini Poppy Grace Mate Cherry - 20ml - Truckned glazen luchtverfrisser\" \/>\n<meta property=\"og:description\" content=\"Mini Poppy Grace Mate Cherry \u00ae - luchtverfrisser voor auto, vrachtwagen, camper, tractor en meer- gegarandeerd een goede geur - past in je ventilatierooster\" \/>\n<meta property=\"og:url\" content=\"https:\/\/truckned.nl\/de\/produkt\/mini-poppy-grace-mate-cherry-20ml\/\" \/>\n<meta property=\"og:site_name\" content=\"Truckned\" \/>\n<meta property=\"article:publisher\" content=\"https:\/\/www.facebook.com\/truckned\/\" \/>\n<meta property=\"article:modified_time\" content=\"2026-04-02T14:12:06+00:00\" \/>\n<meta property=\"og:image\" content=\"https:\/\/truckned.nl\/wp-content\/uploads\/2026\/03\/TN-500120-20ML-SM.png\" \/>\n\t<meta property=\"og:image:width\" content=\"800\" \/>\n\t<meta property=\"og:image:height\" content=\"800\" \/>\n\t<meta property=\"og:image:type\" content=\"image\/png\" \/>\n<meta name=\"twitter:label1\" content=\"Preis\" \/>\n\t<meta name=\"twitter:data1\" content=\"&euro;6,95\" \/>\n\t<meta name=\"twitter:label2\" content=\"Verf\u00fcgbarkeit\" \/>\n\t<meta name=\"twitter:data2\" content=\"Auf Lager\" \/>\n<script type=\"application\/ld+json\" class=\"yoast-schema-graph\">{\"@context\":\"https:\/\/schema.org\",\"@graph\":[{\"@type\":[\"WebPage\",\"ItemPage\"],\"@id\":\"https:\/\/truckned.nl\/product\/mini-poppy-grace-mate-cherry-20ml\/\",\"url\":\"https:\/\/truckned.nl\/product\/mini-poppy-grace-mate-cherry-20ml\/\",\"name\":\"Mini Poppy Grace Mate Cherry - 20ml - Truckned glazen luchtverfrisser\",\"isPartOf\":{\"@id\":\"https:\/\/truckned.nl\/nl\/#website\"},\"primaryImageOfPage\":{\"@id\":\"https:\/\/truckned.nl\/product\/mini-poppy-grace-mate-cherry-20ml\/#primaryimage\"},\"image\":{\"@id\":\"https:\/\/truckned.nl\/product\/mini-poppy-grace-mate-cherry-20ml\/#primaryimage\"},\"thumbnailUrl\":\"https:\/\/truckned.nl\/wp-content\/uploads\/2026\/03\/TN-500120-20ML.png\",\"datePublished\":\"2025-04-30T12:45:36+00:00\",\"dateModified\":\"2026-04-02T14:12:06+00:00\",\"description\":\"Mini Poppy Grace Mate Cherry \u00ae - luchtverfrisser voor auto, vrachtwagen, camper, tractor en meer- gegarandeerd een goede geur - past in je ventilatierooster\",\"breadcrumb\":{\"@id\":\"https:\/\/truckned.nl\/product\/mini-poppy-grace-mate-cherry-20ml\/#breadcrumb\"},\"inLanguage\":\"de\",\"potentialAction\":[{\"@type\":\"ReadAction\",\"target\":[\"https:\/\/truckned.nl\/product\/mini-poppy-grace-mate-cherry-20ml\/\"]}]},{\"@type\":\"ImageObject\",\"inLanguage\":\"de\",\"@id\":\"https:\/\/truckned.nl\/product\/mini-poppy-grace-mate-cherry-20ml\/#primaryimage\",\"url\":\"https:\/\/truckned.nl\/wp-content\/uploads\/2026\/03\/TN-500120-20ML.png\",\"contentUrl\":\"https:\/\/truckned.nl\/wp-content\/uploads\/2026\/03\/TN-500120-20ML.png\",\"width\":800,\"height\":800,\"caption\":\"Mini Poppy Grace Mate Cherry - EAN: 8720938228803 - luchtverfrisser voor je auto, truck en camper - past in je ventilatierooster - 20ml\"},{\"@type\":\"BreadcrumbList\",\"@id\":\"https:\/\/truckned.nl\/product\/mini-poppy-grace-mate-cherry-20ml\/#breadcrumb\",\"itemListElement\":[{\"@type\":\"ListItem\",\"position\":1,\"name\":\"Home\",\"item\":\"https:\/\/truckned.nl\/\"},{\"@type\":\"ListItem\",\"position\":2,\"name\":\"Shop\",\"item\":\"https:\/\/truckned.nl\/nl\/shop\/\"},{\"@type\":\"ListItem\",\"position\":3,\"name\":\"Cabine - binnenzijde\",\"item\":\"https:\/\/truckned.nl\/de\/produkt-kategorie\/cabine-binnenzijden\/\"},{\"@type\":\"ListItem\",\"position\":4,\"name\":\"Geurhanger \/ luchtverfrisser\",\"item\":\"https:\/\/truckned.nl\/de\/produkt-kategorie\/cabine-binnenzijden\/geurhanger-luchtverfrisser\/\"},{\"@type\":\"ListItem\",\"position\":5,\"name\":\"Mini Poppy Grace Mate Cherry &#8211; 20ml\"}]},{\"@type\":\"WebSite\",\"@id\":\"https:\/\/truckned.nl\/nl\/#website\",\"url\":\"https:\/\/truckned.nl\/nl\/\",\"name\":\"Truckned\",\"description\":\"\",\"publisher\":{\"@id\":\"https:\/\/truckned.nl\/nl\/#organization\"},\"potentialAction\":[{\"@type\":\"SearchAction\",\"target\":{\"@type\":\"EntryPoint\",\"urlTemplate\":\"https:\/\/truckned.nl\/nl\/?s={search_term_string}\"},\"query-input\":{\"@type\":\"PropertyValueSpecification\",\"valueRequired\":true,\"valueName\":\"search_term_string\"}}],\"inLanguage\":\"de\"},{\"@type\":\"Organization\",\"@id\":\"https:\/\/truckned.nl\/nl\/#organization\",\"name\":\"Truckned\",\"url\":\"https:\/\/truckned.nl\/nl\/\",\"logo\":{\"@type\":\"ImageObject\",\"inLanguage\":\"de\",\"@id\":\"https:\/\/truckned.nl\/nl\/#\/schema\/logo\/image\/\",\"url\":\"https:\/\/truckned.nl\/wp-content\/uploads\/2022\/10\/800x800-Truckned-logo-zonder-tekst-ZWART.png\",\"contentUrl\":\"https:\/\/truckned.nl\/wp-content\/uploads\/2022\/10\/800x800-Truckned-logo-zonder-tekst-ZWART.png\",\"width\":801,\"height\":801,\"caption\":\"Truckned\"},\"image\":{\"@id\":\"https:\/\/truckned.nl\/nl\/#\/schema\/logo\/image\/\"},\"sameAs\":[\"https:\/\/www.facebook.com\/truckned\/\",\"https:\/\/www.instagram.com\/truckned\/\"],\"vatID\":\"NL863960509B01\",\"taxID\":\"86417487\",\"hasMerchantReturnPolicy\":{\"@type\":\"MerchantReturnPolicy\",\"merchantReturnLink\":\"https:\/\/truckned.nl\/de\/versand-rucksendungen\/\"}}]}<\/script>\n<meta property=\"product:brand\" content=\"Poppy Grace Mate\" \/>\n<meta property=\"product:price:amount\" content=\"6.95\" \/>\n<meta property=\"product:price:currency\" content=\"EUR\" \/>\n<meta property=\"og:availability\" content=\"instock\" \/>\n<meta property=\"product:availability\" content=\"instock\" \/>\n<meta property=\"product:retailer_item_id\" content=\"TN-500120-20ML\" \/>\n<meta property=\"product:condition\" content=\"new\" \/>\n<!-- \/ Yoast SEO Premium plugin. -->","yoast_head_json":{"title":"Mini Poppy Grace Mate Cherry - 20ml - Truckned Glas-Lufterfrischer","description":"Mini Poppy Grace Mate Cherry \u00ae \u2013 Lufterfrischer f\u00fcr Auto, LKW, Wohnmobil, Traktor und mehr \u2013 garantiert guter Duft \u2013 passt in Ihre L\u00fcftungs\u00f6ffnung","robots":{"index":"index","follow":"follow","max-snippet":"max-snippet:-1","max-image-preview":"max-image-preview:large","max-video-preview":"max-video-preview:-1"},"canonical":"https:\/\/truckned.nl\/de\/produkt\/mini-poppy-grace-mate-cherry-20ml\/","og_locale":"de_DE","og_type":"article","og_title":"Mini Poppy Grace Mate Cherry - 20ml - Truckned glazen luchtverfrisser","og_description":"Mini Poppy Grace Mate Cherry \u00ae - luchtverfrisser voor auto, vrachtwagen, camper, tractor en meer- gegarandeerd een goede geur - past in je ventilatierooster","og_url":"https:\/\/truckned.nl\/de\/produkt\/mini-poppy-grace-mate-cherry-20ml\/","og_site_name":"Truckned","article_publisher":"https:\/\/www.facebook.com\/truckned\/","article_modified_time":"2026-04-02T14:12:06+00:00","og_image":[{"width":800,"height":800,"url":"https:\/\/truckned.nl\/wp-content\/uploads\/2026\/03\/TN-500120-20ML-SM.png","type":"image\/png"}],"twitter_misc":{"Preis":"&euro;6,95","Verf\u00fcgbarkeit":"Auf Lager"},"schema":{"@context":"https:\/\/schema.org","@graph":[{"@type":["WebPage","ItemPage"],"@id":"https:\/\/truckned.nl\/product\/mini-poppy-grace-mate-cherry-20ml\/","url":"https:\/\/truckned.nl\/product\/mini-poppy-grace-mate-cherry-20ml\/","name":"Mini Poppy Grace Mate Cherry - 20ml - Truckned Glas-Lufterfrischer","isPartOf":{"@id":"https:\/\/truckned.nl\/nl\/#website"},"primaryImageOfPage":{"@id":"https:\/\/truckned.nl\/product\/mini-poppy-grace-mate-cherry-20ml\/#primaryimage"},"image":{"@id":"https:\/\/truckned.nl\/product\/mini-poppy-grace-mate-cherry-20ml\/#primaryimage"},"thumbnailUrl":"https:\/\/truckned.nl\/wp-content\/uploads\/2026\/03\/TN-500120-20ML.png","datePublished":"2025-04-30T12:45:36+00:00","dateModified":"2026-04-02T14:12:06+00:00","description":"Mini Poppy Grace Mate Cherry \u00ae \u2013 Lufterfrischer f\u00fcr Auto, LKW, Wohnmobil, Traktor und mehr \u2013 garantiert guter Duft \u2013 passt in Ihre L\u00fcftungs\u00f6ffnung","breadcrumb":{"@id":"https:\/\/truckned.nl\/product\/mini-poppy-grace-mate-cherry-20ml\/#breadcrumb"},"inLanguage":"de","potentialAction":[{"@type":"ReadAction","target":["https:\/\/truckned.nl\/product\/mini-poppy-grace-mate-cherry-20ml\/"]}]},{"@type":"ImageObject","inLanguage":"de","@id":"https:\/\/truckned.nl\/product\/mini-poppy-grace-mate-cherry-20ml\/#primaryimage","url":"https:\/\/truckned.nl\/wp-content\/uploads\/2026\/03\/TN-500120-20ML.png","contentUrl":"https:\/\/truckned.nl\/wp-content\/uploads\/2026\/03\/TN-500120-20ML.png","width":800,"height":800,"caption":"Mini Poppy Grace Mate Cherry - EAN: 8720938228803 - luchtverfrisser voor je auto, truck en camper - past in je ventilatierooster - 20ml"},{"@type":"BreadcrumbList","@id":"https:\/\/truckned.nl\/product\/mini-poppy-grace-mate-cherry-20ml\/#breadcrumb","itemListElement":[{"@type":"ListItem","position":1,"name":"Home","item":"https:\/\/truckned.nl\/"},{"@type":"ListItem","position":2,"name":"Shop","item":"https:\/\/truckned.nl\/nl\/shop\/"},{"@type":"ListItem","position":3,"name":"Cabine - binnenzijde","item":"https:\/\/truckned.nl\/de\/produkt-kategorie\/cabine-binnenzijden\/"},{"@type":"ListItem","position":4,"name":"Geurhanger \/ luchtverfrisser","item":"https:\/\/truckned.nl\/de\/produkt-kategorie\/cabine-binnenzijden\/geurhanger-luchtverfrisser\/"},{"@type":"ListItem","position":5,"name":"Mini Poppy Grace Mate Cherry &#8211; 20ml"}]},{"@type":"WebSite","@id":"https:\/\/truckned.nl\/nl\/#website","url":"https:\/\/truckned.nl\/nl\/","name":"Truckned","description":"","publisher":{"@id":"https:\/\/truckned.nl\/nl\/#organization"},"potentialAction":[{"@type":"SearchAction","target":{"@type":"EntryPoint","urlTemplate":"https:\/\/truckned.nl\/nl\/?s={search_term_string}"},"query-input":{"@type":"PropertyValueSpecification","valueRequired":true,"valueName":"search_term_string"}}],"inLanguage":"de"},{"@type":"Organization","@id":"https:\/\/truckned.nl\/nl\/#organization","name":"Truckned","url":"https:\/\/truckned.nl\/nl\/","logo":{"@type":"ImageObject","inLanguage":"de","@id":"https:\/\/truckned.nl\/nl\/#\/schema\/logo\/image\/","url":"https:\/\/truckned.nl\/wp-content\/uploads\/2022\/10\/800x800-Truckned-logo-zonder-tekst-ZWART.png","contentUrl":"https:\/\/truckned.nl\/wp-content\/uploads\/2022\/10\/800x800-Truckned-logo-zonder-tekst-ZWART.png","width":801,"height":801,"caption":"Truckned"},"image":{"@id":"https:\/\/truckned.nl\/nl\/#\/schema\/logo\/image\/"},"sameAs":["https:\/\/www.facebook.com\/truckned\/","https:\/\/www.instagram.com\/truckned\/"],"vatID":"NL863960509B01","taxID":"86417487","hasMerchantReturnPolicy":{"@type":"MerchantReturnPolicy","merchantReturnLink":"https:\/\/truckned.nl\/de\/versand-rucksendungen\/"}}]},"product_brand":"Poppy Grace Mate","product_price_amount":"6.95","product_price_currency":"EUR","og_availability":"instock","product_availability":"instock","product_retailer_item_id":"TN-500120-20ML","product_condition":"new"},"_links":{"self":[{"href":"https:\/\/truckned.nl\/de\/wp-json\/wp\/v2\/product\/34832","targetHints":{"allow":["GET"]}}],"collection":[{"href":"https:\/\/truckned.nl\/de\/wp-json\/wp\/v2\/product"}],"about":[{"href":"https:\/\/truckned.nl\/de\/wp-json\/wp\/v2\/types\/product"}],"replies":[{"embeddable":true,"href":"https:\/\/truckned.nl\/de\/wp-json\/wp\/v2\/comments?post=34832"}],"wp:featuredmedia":[{"embeddable":true,"href":"https:\/\/truckned.nl\/de\/wp-json\/wp\/v2\/media\/34867"}],"wp:attachment":[{"href":"https:\/\/truckned.nl\/de\/wp-json\/wp\/v2\/media?parent=34832"}],"wp:term":[{"taxonomy":"product_brand","embeddable":true,"href":"https:\/\/truckned.nl\/de\/wp-json\/wp\/v2\/product_brand?post=34832"},{"taxonomy":"product_cat","embeddable":true,"href":"https:\/\/truckned.nl\/de\/wp-json\/wp\/v2\/product_cat?post=34832"},{"taxonomy":"product_tag","embeddable":true,"href":"https:\/\/truckned.nl\/de\/wp-json\/wp\/v2\/product_tag?post=34832"}],"curies":[{"name":"wp","href":"https:\/\/api.w.org\/{rel}","templated":true}]}}