{"id":34904,"date":"2025-04-28T13:50:53","date_gmt":"2025-04-28T11:50:53","guid":{"rendered":"https:\/\/truckned.nl\/?post_type=product&#038;p=34904"},"modified":"2026-03-26T11:53:36","modified_gmt":"2026-03-26T10:53:36","slug":"hella-valuefit-ts1700-werklamp","status":"publish","type":"product","link":"https:\/\/truckned.nl\/de\/produkt\/hella-valuefit-ts1700-werklamp\/","title":{"rendered":"Hella Valuefit TS1700 Arbeitsscheinwerfer"},"content":{"rendered":"<p><span style=\"color: #000000;\"><strong>Hella Valuefit TS1700 LED Arbeitsscheinwerfer 24W rund, f\u00fcr 12 &amp; 24 Volt.<\/strong><\/span><\/p>\n<p><span style=\"color: #000000;\">Kompakt, leistungsstark und sofort einsatzbereit: die Valuefit TS1700 Hella. Diese quadratische 24-W-Arbeitsleuchte Hella passt perfekt in Fahrzeuge mit begrenztem Platzangebot, wie z. B. Lkw, Wohnmobile, Anh\u00e4nger oder Nutzfahrzeuge. Dank ihrer robusten Konstruktion und der stabilen Montagehalterung meistert die Lampe jede Herausforderung. Zudem l\u00e4sst sie sich dank ihrer kompakten Gr\u00f6\u00dfe ganz einfach genau dort montieren, wo Sie sie ben\u00f6tigen.<\/span><\/p>\n<p><span style=\"color: #000000;\">Trotz ihrer kompakten Gr\u00f6\u00dfe liefert die TS1700 eine hohe Lichtleistung von 1700 Lumen. Der intelligente Temperatursensor passt die Lampe automatisch an die Umgebungstemperatur an und sorgt so f\u00fcr optimale Ausleuchtung ohne \u00dcberhitzung. Sie profitieren von zuverl\u00e4ssiger und effizienter Beleuchtung unter allen Bedingungen. Zudem ist die Lampe wartungsfrei und hat eine deutlich l\u00e4ngere Lebensdauer als herk\u00f6mmliche Halogenlampen. Kurz gesagt: Entscheiden Sie sich jetzt f\u00fcr die Valuefit TR1700 und erleben Sie sofort starke, kompakte und langlebige Arbeitsbeleuchtung.<\/span><\/p>\n<p><span style=\"color: #000000;\"><strong style=\"font-size: 19.2px;\">Abmessungen:<\/strong><\/span><\/p>\n<p><span style=\"color: #000000;\">Sie m\u00f6chten sichergehen, dass die Valuefit TS1700 Hella perfekt zu Ihrem Fahrzeug passt? Kein Problem! Unten finden Sie eine \u00fcbersichtliche Darstellung der Abmessungen dieser quadratischen 24-W-Arbeitsleuchte Hella. So k\u00f6nnen Sie schnell und einfach pr\u00fcfen, ob die Lampe f\u00fcr Ihren Montageort geeignet ist.<\/span><\/p>\n<ul>\n<li><span style=\"color: #000000;\">Breite: 70,5 mm<\/span><\/li>\n<li><span style=\"color: #000000;\">H\u00f6he: 88,5 mm (einschlie\u00dflich Halterung: 98 mm)<\/span><\/li>\n<li><span style=\"color: #000000;\">Dicke: 41 mm<\/span><\/li>\n<\/ul>\n<p><span style=\"color: #000000;\"><em>Hella Artikelnummer:<\/em> <em>1GA 357 110-002<\/em><\/span><\/p>\n<h5><span style=\"color: #000000;\"><strong>Andere Versionen:\u00a0<\/strong><\/span><\/h5>\n<p><span style=\"color: #000000;\">H\u00e4tten Sie gerne eine andere Version dieser Arbeitsleuchte? Kein Problem! Die Valuefit TS1700 (Hella) ist auch in einer runden Ausf\u00fchrung erh\u00e4ltlich. Dieses Modell zeichnet sich durch ein anderes Design aus, das unter Umst\u00e4nden besser zu Ihrem Montageort oder Fahrzeug passt. Sehen Sie sich die runde Version hier an und finden Sie heraus, welche Version am besten zu Ihrem Anwendungsfall passt.<\/span><\/p>\n<ul>\n<li><a href=\"https:\/\/truckned.nl\/de\/produkt\/hella-valuefit-tr1700-werklamp\/\"><span style=\"color: #000000;\"><strong>Hella Valuefit TR1700 \u2013 rund<\/strong><\/span><\/a><\/li>\n<\/ul>\n<div class=\"truncated\">\n<p><span style=\"color: #000000;\">Sie sind sich noch nicht sicher, ob die quadratische Arbeitsleuchte Hella (24 W) die richtige Wahl ist? Vielleicht entsprechen Lichtfarbe, Gr\u00f6\u00dfe oder Lichtleistung nicht ganz Ihren Anforderungen. Kein Problem! Entdecken Sie hier auch die volledig. <a style=\"color: #000000;\" href=\"https:\/\/truckned.nl\/de\/produkt-kategorie\/werklampen\/\">Sortiment an Arbeitsleuchten<\/a> und finden Sie ganz einfach die Lampe, die perfekt zu Ihrem Fahrzeug oder Ihrer Aufgabe passt.<\/span><\/p>\n<\/div>","protected":false},"excerpt":{"rendered":"<p>Hella Valuefit TS1700 LED werklamp 24w vierkant, geschikt voor 12 en 24 volt.<\/p>","protected":false},"featured_media":34906,"comment_status":"open","ping_status":"closed","template":"","meta":{"_acf_changed":false,"site-sidebar-layout":"default","site-content-layout":"default","ast-site-content-layout":"default","site-content-style":"default","site-sidebar-style":"default","ast-global-header-display":"","ast-banner-title-visibility":"","ast-main-header-display":"","ast-hfb-above-header-display":"","ast-hfb-below-header-display":"","ast-hfb-mobile-header-display":"","site-post-title":"","ast-breadcrumbs-content":"","ast-featured-img":"","footer-sml-layout":"","ast-disable-related-posts":"","theme-transparent-header-meta":"default","adv-header-id-meta":"","stick-header-meta":"","header-above-stick-meta":"","header-main-stick-meta":"","header-below-stick-meta":"","astra-migrate-meta-layouts":"set","ast-page-background-enabled":"default","ast-page-background-meta":{"desktop":{"background-color":"","background-image":"","background-repeat":"repeat","background-position":"center center","background-size":"auto","background-attachment":"scroll","background-type":"","background-media":"","overlay-type":"","overlay-color":"","overlay-opacity":"","overlay-gradient":""},"tablet":{"background-color":"","background-image":"","background-repeat":"repeat","background-position":"center center","background-size":"auto","background-attachment":"scroll","background-type":"","background-media":"","overlay-type":"","overlay-color":"","overlay-opacity":"","overlay-gradient":""},"mobile":{"background-color":"","background-image":"","background-repeat":"repeat","background-position":"center center","background-size":"auto","background-attachment":"scroll","background-type":"","background-media":"","overlay-type":"","overlay-color":"","overlay-opacity":"","overlay-gradient":""}},"ast-content-background-meta":{"desktop":{"background-color":"var(--ast-global-color-5)","background-image":"","background-repeat":"repeat","background-position":"center center","background-size":"auto","background-attachment":"scroll","background-type":"","background-media":"","overlay-type":"","overlay-color":"","overlay-opacity":"","overlay-gradient":""},"tablet":{"background-color":"var(--ast-global-color-5)","background-image":"","background-repeat":"repeat","background-position":"center center","background-size":"auto","background-attachment":"scroll","background-type":"","background-media":"","overlay-type":"","overlay-color":"","overlay-opacity":"","overlay-gradient":""},"mobile":{"background-color":"var(--ast-global-color-5)","background-image":"","background-repeat":"repeat","background-position":"center center","background-size":"auto","background-attachment":"scroll","background-type":"","background-media":"","overlay-type":"","overlay-color":"","overlay-opacity":"","overlay-gradient":""}}},"product_brand":[],"product_cat":[7206],"product_tag":[267,373,2419,2421,8024,2422,2423,2420,2418],"class_list":{"0":"post-34904","1":"product","2":"type-product","3":"status-publish","4":"has-post-thumbnail","6":"product_cat-werklampen","7":"product_tag-hella","8":"product_tag-led-werklamp","9":"product_tag-werklamp-aanhanger","10":"product_tag-werklamp-heftruck","11":"product_tag-werklamp-hella","12":"product_tag-werklamp-kooiaap","13":"product_tag-werklamp-tractor","14":"product_tag-werklamp-trailer","15":"product_tag-werklamp-vrachtwagen","16":"pa_merkk-product-hella","17":"desktop-align-left","18":"tablet-align-left","19":"mobile-align-left","21":"first","22":"instock","23":"taxable","24":"shipping-taxable","25":"purchasable","26":"product-type-simple"},"acf":[],"yoast_head":"<!-- This site is optimized with the Yoast SEO Premium plugin v26.5 (Yoast SEO v26.5) - https:\/\/yoast.com\/wordpress\/plugins\/seo\/ -->\n<title>Hella Valuefit TS1700 werklamp - Truckned - LED lamp - 12&amp;24 volt<\/title>\n<meta name=\"description\" content=\"Hella Valuefit TS1700 - IP67 + IP69K - 1GA 357 111-002 - 12 &amp; 24 volt - radio-ontstoord - werklamp voor auto, vrachtwagen, tractor en meer\" \/>\n<meta name=\"robots\" content=\"index, follow, max-snippet:-1, max-image-preview:large, max-video-preview:-1\" \/>\n<link rel=\"canonical\" href=\"https:\/\/truckned.nl\/de\/produkt\/hella-valuefit-ts1700-werklamp\/\" \/>\n<meta property=\"og:locale\" content=\"de_DE\" \/>\n<meta property=\"og:type\" content=\"article\" \/>\n<meta property=\"og:title\" content=\"Hella Valuefit TS1700 werklamp - Truckned - LED lamp - 12&amp;24 volt\" \/>\n<meta property=\"og:description\" content=\"Hella Valuefit TS1700 - IP67 + IP69K - 1GA 357 111-002 - 12 &amp; 24 volt - radio-ontstoord - werklamp voor auto, vrachtwagen, tractor en meer\" \/>\n<meta property=\"og:url\" content=\"https:\/\/truckned.nl\/de\/produkt\/hella-valuefit-ts1700-werklamp\/\" \/>\n<meta property=\"og:site_name\" content=\"Truckned\" \/>\n<meta property=\"article:publisher\" content=\"https:\/\/www.facebook.com\/truckned\/\" \/>\n<meta property=\"article:modified_time\" content=\"2026-03-26T10:53:36+00:00\" \/>\n<meta property=\"og:image\" content=\"https:\/\/truckned.nl\/wp-content\/uploads\/2026\/03\/TN-110002.png\" \/>\n\t<meta property=\"og:image:width\" content=\"800\" \/>\n\t<meta property=\"og:image:height\" content=\"800\" \/>\n\t<meta property=\"og:image:type\" content=\"image\/png\" \/>\n<meta name=\"twitter:label1\" content=\"Preis\" \/>\n\t<meta name=\"twitter:data1\" content=\"&euro;29,95\" \/>\n\t<meta name=\"twitter:label2\" content=\"Verf\u00fcgbarkeit\" \/>\n\t<meta name=\"twitter:data2\" content=\"Auf Lager\" \/>\n<script type=\"application\/ld+json\" class=\"yoast-schema-graph\">{\"@context\":\"https:\/\/schema.org\",\"@graph\":[{\"@type\":[\"WebPage\",\"ItemPage\"],\"@id\":\"https:\/\/truckned.nl\/product\/hella-valuefit-ts1700-werklamp\/\",\"url\":\"https:\/\/truckned.nl\/product\/hella-valuefit-ts1700-werklamp\/\",\"name\":\"Hella Valuefit TS1700 werklamp - Truckned - LED lamp - 12&24 volt\",\"isPartOf\":{\"@id\":\"https:\/\/truckned.nl\/nl\/#website\"},\"primaryImageOfPage\":{\"@id\":\"https:\/\/truckned.nl\/product\/hella-valuefit-ts1700-werklamp\/#primaryimage\"},\"image\":{\"@id\":\"https:\/\/truckned.nl\/product\/hella-valuefit-ts1700-werklamp\/#primaryimage\"},\"thumbnailUrl\":\"https:\/\/truckned.nl\/wp-content\/uploads\/2026\/03\/TN-110002.png\",\"datePublished\":\"2025-04-28T11:50:53+00:00\",\"dateModified\":\"2026-03-26T10:53:36+00:00\",\"description\":\"Hella Valuefit TS1700 - IP67 + IP69K - 1GA 357 111-002 - 12 & 24 volt - radio-ontstoord - werklamp voor auto, vrachtwagen, tractor en meer\",\"breadcrumb\":{\"@id\":\"https:\/\/truckned.nl\/product\/hella-valuefit-ts1700-werklamp\/#breadcrumb\"},\"inLanguage\":\"de\",\"potentialAction\":[{\"@type\":\"ReadAction\",\"target\":[\"https:\/\/truckned.nl\/product\/hella-valuefit-ts1700-werklamp\/\"]}]},{\"@type\":\"ImageObject\",\"inLanguage\":\"de\",\"@id\":\"https:\/\/truckned.nl\/product\/hella-valuefit-ts1700-werklamp\/#primaryimage\",\"url\":\"https:\/\/truckned.nl\/wp-content\/uploads\/2026\/03\/TN-110002.png\",\"contentUrl\":\"https:\/\/truckned.nl\/wp-content\/uploads\/2026\/03\/TN-110002.png\",\"width\":800,\"height\":800,\"caption\":\"Hella Valuefit TS1700 - IP67 + IP69K- 1GA 357 111-002 -12 & 24 volt - radio-ontstoord - voor auto, vrachtwagen, tractor en meer - E9 keurmerk\"},{\"@type\":\"BreadcrumbList\",\"@id\":\"https:\/\/truckned.nl\/product\/hella-valuefit-ts1700-werklamp\/#breadcrumb\",\"itemListElement\":[{\"@type\":\"ListItem\",\"position\":1,\"name\":\"Home\",\"item\":\"https:\/\/truckned.nl\/\"},{\"@type\":\"ListItem\",\"position\":2,\"name\":\"Shop\",\"item\":\"https:\/\/truckned.nl\/nl\/shop\/\"},{\"@type\":\"ListItem\",\"position\":3,\"name\":\"Werklampen\",\"item\":\"https:\/\/truckned.nl\/de\/produkt-kategorie\/werklampen\/\"},{\"@type\":\"ListItem\",\"position\":4,\"name\":\"Hella Valuefit TS1700 werklamp\"}]},{\"@type\":\"WebSite\",\"@id\":\"https:\/\/truckned.nl\/nl\/#website\",\"url\":\"https:\/\/truckned.nl\/nl\/\",\"name\":\"Truckned\",\"description\":\"\",\"publisher\":{\"@id\":\"https:\/\/truckned.nl\/nl\/#organization\"},\"potentialAction\":[{\"@type\":\"SearchAction\",\"target\":{\"@type\":\"EntryPoint\",\"urlTemplate\":\"https:\/\/truckned.nl\/nl\/?s={search_term_string}\"},\"query-input\":{\"@type\":\"PropertyValueSpecification\",\"valueRequired\":true,\"valueName\":\"search_term_string\"}}],\"inLanguage\":\"de\"},{\"@type\":\"Organization\",\"@id\":\"https:\/\/truckned.nl\/nl\/#organization\",\"name\":\"Truckned\",\"url\":\"https:\/\/truckned.nl\/nl\/\",\"logo\":{\"@type\":\"ImageObject\",\"inLanguage\":\"de\",\"@id\":\"https:\/\/truckned.nl\/nl\/#\/schema\/logo\/image\/\",\"url\":\"https:\/\/truckned.nl\/wp-content\/uploads\/2022\/10\/800x800-Truckned-logo-zonder-tekst-ZWART.png\",\"contentUrl\":\"https:\/\/truckned.nl\/wp-content\/uploads\/2022\/10\/800x800-Truckned-logo-zonder-tekst-ZWART.png\",\"width\":801,\"height\":801,\"caption\":\"Truckned\"},\"image\":{\"@id\":\"https:\/\/truckned.nl\/nl\/#\/schema\/logo\/image\/\"},\"sameAs\":[\"https:\/\/www.facebook.com\/truckned\/\",\"https:\/\/www.instagram.com\/truckned\/\"],\"vatID\":\"NL863960509B01\",\"taxID\":\"86417487\",\"hasMerchantReturnPolicy\":{\"@type\":\"MerchantReturnPolicy\",\"merchantReturnLink\":\"https:\/\/truckned.nl\/de\/versand-rucksendungen\/\"}}]}<\/script>\n<meta property=\"product:brand\" content=\"Hella\" \/>\n<meta property=\"product:price:amount\" content=\"29.95\" \/>\n<meta property=\"product:price:currency\" content=\"EUR\" \/>\n<meta property=\"og:availability\" content=\"instock\" \/>\n<meta property=\"product:availability\" content=\"instock\" \/>\n<meta property=\"product:retailer_item_id\" content=\"TN-110002\" \/>\n<meta property=\"product:condition\" content=\"new\" \/>\n<!-- \/ Yoast SEO Premium plugin. -->","yoast_head_json":{"title":"Hella Valuefit TS1700 Arbeitsleuchte - Truckned - LED Lampe - 12&amp;24 volt","description":"Hella Valuefit TS1700 \u2013 IP67 + IP69K \u2013 1GA 357 111-002 \u2013 12 &amp; 24 Volt \u2013 Funkst\u00f6rungsunterdr\u00fcckung \u2013 Arbeitsleuchte f\u00fcr PKW, LKW, Traktor und mehr","robots":{"index":"index","follow":"follow","max-snippet":"max-snippet:-1","max-image-preview":"max-image-preview:large","max-video-preview":"max-video-preview:-1"},"canonical":"https:\/\/truckned.nl\/de\/produkt\/hella-valuefit-ts1700-werklamp\/","og_locale":"de_DE","og_type":"article","og_title":"Hella Valuefit TS1700 werklamp - Truckned - LED lamp - 12&24 volt","og_description":"Hella Valuefit TS1700 - IP67 + IP69K - 1GA 357 111-002 - 12 & 24 volt - radio-ontstoord - werklamp voor auto, vrachtwagen, tractor en meer","og_url":"https:\/\/truckned.nl\/de\/produkt\/hella-valuefit-ts1700-werklamp\/","og_site_name":"Truckned","article_publisher":"https:\/\/www.facebook.com\/truckned\/","article_modified_time":"2026-03-26T10:53:36+00:00","og_image":[{"width":800,"height":800,"url":"https:\/\/truckned.nl\/wp-content\/uploads\/2026\/03\/TN-110002.png","type":"image\/png"}],"twitter_misc":{"Preis":"&euro;29,95","Verf\u00fcgbarkeit":"Auf Lager"},"schema":{"@context":"https:\/\/schema.org","@graph":[{"@type":["WebPage","ItemPage"],"@id":"https:\/\/truckned.nl\/product\/hella-valuefit-ts1700-werklamp\/","url":"https:\/\/truckned.nl\/product\/hella-valuefit-ts1700-werklamp\/","name":"Hella Valuefit TS1700 Arbeitsleuchte - Truckned - LED Lampe - 12&amp;24 volt","isPartOf":{"@id":"https:\/\/truckned.nl\/nl\/#website"},"primaryImageOfPage":{"@id":"https:\/\/truckned.nl\/product\/hella-valuefit-ts1700-werklamp\/#primaryimage"},"image":{"@id":"https:\/\/truckned.nl\/product\/hella-valuefit-ts1700-werklamp\/#primaryimage"},"thumbnailUrl":"https:\/\/truckned.nl\/wp-content\/uploads\/2026\/03\/TN-110002.png","datePublished":"2025-04-28T11:50:53+00:00","dateModified":"2026-03-26T10:53:36+00:00","description":"Hella Valuefit TS1700 \u2013 IP67 + IP69K \u2013 1GA 357 111-002 \u2013 12 &amp; 24 Volt \u2013 Funkst\u00f6rungsunterdr\u00fcckung \u2013 Arbeitsleuchte f\u00fcr PKW, LKW, Traktor und mehr","breadcrumb":{"@id":"https:\/\/truckned.nl\/product\/hella-valuefit-ts1700-werklamp\/#breadcrumb"},"inLanguage":"de","potentialAction":[{"@type":"ReadAction","target":["https:\/\/truckned.nl\/product\/hella-valuefit-ts1700-werklamp\/"]}]},{"@type":"ImageObject","inLanguage":"de","@id":"https:\/\/truckned.nl\/product\/hella-valuefit-ts1700-werklamp\/#primaryimage","url":"https:\/\/truckned.nl\/wp-content\/uploads\/2026\/03\/TN-110002.png","contentUrl":"https:\/\/truckned.nl\/wp-content\/uploads\/2026\/03\/TN-110002.png","width":800,"height":800,"caption":"Hella Valuefit TS1700 - IP67 + IP69K- 1GA 357 111-002 -12 & 24 volt - radio-ontstoord - voor auto, vrachtwagen, tractor en meer - E9 keurmerk"},{"@type":"BreadcrumbList","@id":"https:\/\/truckned.nl\/product\/hella-valuefit-ts1700-werklamp\/#breadcrumb","itemListElement":[{"@type":"ListItem","position":1,"name":"Home","item":"https:\/\/truckned.nl\/"},{"@type":"ListItem","position":2,"name":"Shop","item":"https:\/\/truckned.nl\/nl\/shop\/"},{"@type":"ListItem","position":3,"name":"Werklampen","item":"https:\/\/truckned.nl\/de\/produkt-kategorie\/werklampen\/"},{"@type":"ListItem","position":4,"name":"Hella Valuefit TS1700 werklamp"}]},{"@type":"WebSite","@id":"https:\/\/truckned.nl\/nl\/#website","url":"https:\/\/truckned.nl\/nl\/","name":"Truckned","description":"","publisher":{"@id":"https:\/\/truckned.nl\/nl\/#organization"},"potentialAction":[{"@type":"SearchAction","target":{"@type":"EntryPoint","urlTemplate":"https:\/\/truckned.nl\/nl\/?s={search_term_string}"},"query-input":{"@type":"PropertyValueSpecification","valueRequired":true,"valueName":"search_term_string"}}],"inLanguage":"de"},{"@type":"Organization","@id":"https:\/\/truckned.nl\/nl\/#organization","name":"Truckned","url":"https:\/\/truckned.nl\/nl\/","logo":{"@type":"ImageObject","inLanguage":"de","@id":"https:\/\/truckned.nl\/nl\/#\/schema\/logo\/image\/","url":"https:\/\/truckned.nl\/wp-content\/uploads\/2022\/10\/800x800-Truckned-logo-zonder-tekst-ZWART.png","contentUrl":"https:\/\/truckned.nl\/wp-content\/uploads\/2022\/10\/800x800-Truckned-logo-zonder-tekst-ZWART.png","width":801,"height":801,"caption":"Truckned"},"image":{"@id":"https:\/\/truckned.nl\/nl\/#\/schema\/logo\/image\/"},"sameAs":["https:\/\/www.facebook.com\/truckned\/","https:\/\/www.instagram.com\/truckned\/"],"vatID":"NL863960509B01","taxID":"86417487","hasMerchantReturnPolicy":{"@type":"MerchantReturnPolicy","merchantReturnLink":"https:\/\/truckned.nl\/de\/versand-rucksendungen\/"}}]},"product_brand":"Hella","product_price_amount":"29.95","product_price_currency":"EUR","og_availability":"instock","product_availability":"instock","product_retailer_item_id":"TN-110002","product_condition":"new"},"_links":{"self":[{"href":"https:\/\/truckned.nl\/de\/wp-json\/wp\/v2\/product\/34904","targetHints":{"allow":["GET"]}}],"collection":[{"href":"https:\/\/truckned.nl\/de\/wp-json\/wp\/v2\/product"}],"about":[{"href":"https:\/\/truckned.nl\/de\/wp-json\/wp\/v2\/types\/product"}],"replies":[{"embeddable":true,"href":"https:\/\/truckned.nl\/de\/wp-json\/wp\/v2\/comments?post=34904"}],"wp:featuredmedia":[{"embeddable":true,"href":"https:\/\/truckned.nl\/de\/wp-json\/wp\/v2\/media\/34906"}],"wp:attachment":[{"href":"https:\/\/truckned.nl\/de\/wp-json\/wp\/v2\/media?parent=34904"}],"wp:term":[{"taxonomy":"product_brand","embeddable":true,"href":"https:\/\/truckned.nl\/de\/wp-json\/wp\/v2\/product_brand?post=34904"},{"taxonomy":"product_cat","embeddable":true,"href":"https:\/\/truckned.nl\/de\/wp-json\/wp\/v2\/product_cat?post=34904"},{"taxonomy":"product_tag","embeddable":true,"href":"https:\/\/truckned.nl\/de\/wp-json\/wp\/v2\/product_tag?post=34904"}],"curies":[{"name":"wp","href":"https:\/\/api.w.org\/{rel}","templated":true}]}}