{"id":34953,"date":"2025-04-28T11:50:23","date_gmt":"2025-04-28T09:50:23","guid":{"rendered":"https:\/\/truckned.nl\/?post_type=product&#038;p=34953"},"modified":"2026-03-26T11:54:42","modified_gmt":"2026-03-26T10:54:42","slug":"hella-valuefit-sms2000-dual-color","status":"publish","type":"product","link":"https:\/\/truckned.nl\/de\/produkt\/hella-valuefit-sms2000-dual-color\/","title":{"rendered":"Hella Valuefit SMS2000 - dual color"},"content":{"rendered":"<p><span style=\"color: #000000;\"><strong>Hella Valuefit SMS2000 LED Arbeitsscheinwerfer mit wei\u00df und warm-wei\u00df Licht, f\u00fcr 12 und 24 Volt.<\/strong><\/span><\/p>\n<p><span style=\"color: #000000;\">Klein, aber oho! Die Hella Valuefit SMS2000 Dual ist eine Arbeitsleuchte mit hoher Leistung. Sie liefert sowohl wei\u00dfes als auch warmwei\u00dfes Licht und erm\u00f6glicht so eine einfache Anpassung der Beleuchtung an Ihre Bed\u00fcrfnisse. Dank des schlanken und eleganten Designs l\u00e4sst sie sich auch bei beengten Platzverh\u00e4ltnissen problemlos montieren. Ideal f\u00fcr Lkw, Wohnmobile, Anh\u00e4nger oder Nutzfahrzeuge. Das durchdachte Design ohne scharfe Kanten oder hervorstehende Teile sorgt zudem f\u00fcr zus\u00e4tzliche Sicherheit und Schutz vor \u00e4u\u00dferen Einfl\u00fcssen.<\/span><\/p>\n<p><span style=\"color: #000000;\">Trotz ihrer kompakten Gr\u00f6\u00dfe sorgt die Lampe f\u00fcr eine helle und gleichm\u00e4\u00dfige Ausleuchtung Ihres Fahrzeugs. Die 52 LED-Lampen liefern kraftvolles Licht bei einem geringen Energieverbrauch von nur 10 Watt. Die Lampe ist f\u00fcr den intensiven Einsatz konzipiert und verf\u00fcgt \u00fcber mehrere Schutzarten (IP67, IP68 und IP69K), wodurch sie stets staub-, wasserdicht und widerstandsf\u00e4hig gegen raue Bedingungen ist. Dank der ECE-Zulassung entscheiden Sie sich zudem f\u00fcr Sicherheit und Zuverl\u00e4ssigkeit. Kurz gesagt: Die Arbeitsleuchte Hella SMS2000 ist eine kompakte, robuste und effiziente Leuchte, auf die Sie sich in jeder Situation verlassen k\u00f6nnen.<\/span><\/p>\n<h5><span style=\"color: #000000;\"><strong>Abmessungen:<\/strong><\/span><\/h5>\n<p><span style=\"color: #000000;\">M\u00f6chten Sie ganz sichergehen, dass die Hella Valuefit SMS2000 Doppelleuchte perfekt an Ihren Montageort passt? Kein Problem. Wir haben die Abmessungen unten \u00fcbersichtlich f\u00fcr Sie aufgelistet. So sehen Sie sofort, ob diese Arbeitsleuchte f\u00fcr Ihr Fahrzeug oder Ihren Anwendungsbereich geeignet ist:<\/span><\/p>\n<ul>\n<li><span style=\"color: #000000;\">H\u00f6he: 47 mm<\/span><\/li>\n<li><span style=\"color: #000000;\">Breite: 150 mm<\/span><\/li>\n<li><span style=\"color: #000000;\">Dicke: 40 mm<\/span><\/li>\n<\/ul>\n<p><span style=\"color: #000000;\"><em>Hella Artikelnummer:<\/em> <em>1 GB 357 098-011<\/em><\/span><\/p>\n<h5><span style=\"color: #000000;\"><strong>Andere Versionen:\u00a0<\/strong><\/span><\/h5>\n<p><span style=\"color: #000000;\">Suchen Sie noch nach einer anderen Ausf\u00fchrung dieser Arbeitsleuchte? Kein Problem. Die Valuefit SMS2000 Hella ist auch in Wei\u00df (6000 K) erh\u00e4ltlich. Sehen Sie sich die wei\u00dfe Version hier an und finden Sie heraus, welche am besten zu Ihrem Fahrzeug oder Einsatzbereich passt.<\/span><\/p>\n<ul>\n<li><a href=\"https:\/\/truckned.nl\/de\/produkt\/hella-valuefit-sms2000-wit\/\"><span style=\"color: #000000;\"><strong>Hella Valuefit SMS2000 - wei\u00df<\/strong><\/span><\/a><\/li>\n<\/ul>\n<div class=\"truncated\">\n<p><span style=\"color: #000000;\">Sind Sie sich noch nicht sicher, ob die Hella Valuefit SMS2000 Dual die richtige Arbeitsleuchte f\u00fcr Sie ist? Vielleicht entsprechen Lichtfarbe, Gr\u00f6\u00dfe oder Lichtleistung nicht ganz Ihren Anforderungen. Kein Problem! Dann sehen Sie sich hier die volledige an. <a style=\"color: #000000;\" href=\"https:\/\/truckned.nl\/de\/produkt-kategorie\/werklampen\/\">Sortiment an Arbeitsleuchten<\/a> und finden Sie ganz einfach die Lampe, die wirklich perfekt zu Ihrem Fahrzeug oder Ihrer Aufgabe passt.<\/span><\/p>\n<\/div>","protected":false},"excerpt":{"rendered":"<p>Hella Valuefit SMS2000 LED werklamp wit en warm wit, voor 12 &amp; 24 volt.<\/p>","protected":false},"featured_media":34971,"comment_status":"open","ping_status":"closed","template":"","meta":{"_acf_changed":false,"site-sidebar-layout":"default","site-content-layout":"default","ast-site-content-layout":"default","site-content-style":"default","site-sidebar-style":"default","ast-global-header-display":"","ast-banner-title-visibility":"","ast-main-header-display":"","ast-hfb-above-header-display":"","ast-hfb-below-header-display":"","ast-hfb-mobile-header-display":"","site-post-title":"","ast-breadcrumbs-content":"","ast-featured-img":"","footer-sml-layout":"","ast-disable-related-posts":"","theme-transparent-header-meta":"default","adv-header-id-meta":"","stick-header-meta":"","header-above-stick-meta":"","header-main-stick-meta":"","header-below-stick-meta":"","astra-migrate-meta-layouts":"set","ast-page-background-enabled":"default","ast-page-background-meta":{"desktop":{"background-color":"","background-image":"","background-repeat":"repeat","background-position":"center center","background-size":"auto","background-attachment":"scroll","background-type":"","background-media":"","overlay-type":"","overlay-color":"","overlay-opacity":"","overlay-gradient":""},"tablet":{"background-color":"","background-image":"","background-repeat":"repeat","background-position":"center center","background-size":"auto","background-attachment":"scroll","background-type":"","background-media":"","overlay-type":"","overlay-color":"","overlay-opacity":"","overlay-gradient":""},"mobile":{"background-color":"","background-image":"","background-repeat":"repeat","background-position":"center center","background-size":"auto","background-attachment":"scroll","background-type":"","background-media":"","overlay-type":"","overlay-color":"","overlay-opacity":"","overlay-gradient":""}},"ast-content-background-meta":{"desktop":{"background-color":"var(--ast-global-color-5)","background-image":"","background-repeat":"repeat","background-position":"center center","background-size":"auto","background-attachment":"scroll","background-type":"","background-media":"","overlay-type":"","overlay-color":"","overlay-opacity":"","overlay-gradient":""},"tablet":{"background-color":"var(--ast-global-color-5)","background-image":"","background-repeat":"repeat","background-position":"center center","background-size":"auto","background-attachment":"scroll","background-type":"","background-media":"","overlay-type":"","overlay-color":"","overlay-opacity":"","overlay-gradient":""},"mobile":{"background-color":"var(--ast-global-color-5)","background-image":"","background-repeat":"repeat","background-position":"center center","background-size":"auto","background-attachment":"scroll","background-type":"","background-media":"","overlay-type":"","overlay-color":"","overlay-opacity":"","overlay-gradient":""}}},"product_brand":[],"product_cat":[7206],"product_tag":[267,8031,373,2419,2421,8024,2422,2423,2420,2418],"class_list":{"0":"post-34953","1":"product","2":"type-product","3":"status-publish","4":"has-post-thumbnail","6":"product_cat-werklampen","7":"product_tag-hella","8":"product_tag-hella-black-magic","9":"product_tag-led-werklamp","10":"product_tag-werklamp-aanhanger","11":"product_tag-werklamp-heftruck","12":"product_tag-werklamp-hella","13":"product_tag-werklamp-kooiaap","14":"product_tag-werklamp-tractor","15":"product_tag-werklamp-trailer","16":"product_tag-werklamp-vrachtwagen","17":"pa_merkk-product-hella","18":"desktop-align-left","19":"tablet-align-left","20":"mobile-align-left","22":"first","23":"instock","24":"taxable","25":"shipping-taxable","26":"purchasable","27":"product-type-simple"},"acf":[],"yoast_head":"<!-- This site is optimized with the Yoast SEO Premium plugin v26.5 (Yoast SEO v26.5) - https:\/\/yoast.com\/wordpress\/plugins\/seo\/ -->\n<title>Hella Valuefit SMS2000 dual - Truckned - LED lamp - 12&amp;24 volt<\/title>\n<meta name=\"description\" content=\"Hella Valuefit SMS2000 dual - IP68 + IP 69K - 1GB 357 098-011 - 12 &amp; 24 volt - 3000K en 6000K wit licht- LED lamp voor auto, vrachtwagen, tractor en meer\" \/>\n<meta name=\"robots\" content=\"index, follow, max-snippet:-1, max-image-preview:large, max-video-preview:-1\" \/>\n<link rel=\"canonical\" href=\"https:\/\/truckned.nl\/de\/produkt\/hella-valuefit-sms2000-dual-color\/\" \/>\n<meta property=\"og:locale\" content=\"de_DE\" \/>\n<meta property=\"og:type\" content=\"article\" \/>\n<meta property=\"og:title\" content=\"Hella Valuefit SMS2000 dual - Truckned - LED lamp - 12&amp;24 volt\" \/>\n<meta property=\"og:description\" content=\"Hella Valuefit SMS2000 dual - IP68 + IP 69K - 1GB 357 098-011 - 12 &amp; 24 volt - 3000K en 6000K wit licht- LED lamp voor auto, vrachtwagen, tractor en meer\" \/>\n<meta property=\"og:url\" content=\"https:\/\/truckned.nl\/de\/produkt\/hella-valuefit-sms2000-dual-color\/\" \/>\n<meta property=\"og:site_name\" content=\"Truckned\" \/>\n<meta property=\"article:publisher\" content=\"https:\/\/www.facebook.com\/truckned\/\" \/>\n<meta property=\"article:modified_time\" content=\"2026-03-26T10:54:42+00:00\" \/>\n<meta property=\"og:image\" content=\"https:\/\/truckned.nl\/wp-content\/uploads\/2026\/03\/TN-098011-SM.png\" \/>\n\t<meta property=\"og:image:width\" content=\"800\" \/>\n\t<meta property=\"og:image:height\" content=\"800\" \/>\n\t<meta property=\"og:image:type\" content=\"image\/png\" \/>\n<meta name=\"twitter:label1\" content=\"Preis\" \/>\n\t<meta name=\"twitter:data1\" content=\"&euro;44,95\" \/>\n\t<meta name=\"twitter:label2\" content=\"Verf\u00fcgbarkeit\" \/>\n\t<meta name=\"twitter:data2\" content=\"Auf Lager\" \/>\n<script type=\"application\/ld+json\" class=\"yoast-schema-graph\">{\"@context\":\"https:\/\/schema.org\",\"@graph\":[{\"@type\":[\"WebPage\",\"ItemPage\"],\"@id\":\"https:\/\/truckned.nl\/product\/hella-valuefit-sms2000-dual-color\/\",\"url\":\"https:\/\/truckned.nl\/product\/hella-valuefit-sms2000-dual-color\/\",\"name\":\"Hella Valuefit SMS2000 dual - Truckned - LED lamp - 12&24 volt\",\"isPartOf\":{\"@id\":\"https:\/\/truckned.nl\/nl\/#website\"},\"primaryImageOfPage\":{\"@id\":\"https:\/\/truckned.nl\/product\/hella-valuefit-sms2000-dual-color\/#primaryimage\"},\"image\":{\"@id\":\"https:\/\/truckned.nl\/product\/hella-valuefit-sms2000-dual-color\/#primaryimage\"},\"thumbnailUrl\":\"https:\/\/truckned.nl\/wp-content\/uploads\/2026\/03\/TN-098011.png\",\"datePublished\":\"2025-04-28T09:50:23+00:00\",\"dateModified\":\"2026-03-26T10:54:42+00:00\",\"description\":\"Hella Valuefit SMS2000 dual - IP68 + IP 69K - 1GB 357 098-011 - 12 & 24 volt - 3000K en 6000K wit licht- LED lamp voor auto, vrachtwagen, tractor en meer\",\"breadcrumb\":{\"@id\":\"https:\/\/truckned.nl\/product\/hella-valuefit-sms2000-dual-color\/#breadcrumb\"},\"inLanguage\":\"de\",\"potentialAction\":[{\"@type\":\"ReadAction\",\"target\":[\"https:\/\/truckned.nl\/product\/hella-valuefit-sms2000-dual-color\/\"]}]},{\"@type\":\"ImageObject\",\"inLanguage\":\"de\",\"@id\":\"https:\/\/truckned.nl\/product\/hella-valuefit-sms2000-dual-color\/#primaryimage\",\"url\":\"https:\/\/truckned.nl\/wp-content\/uploads\/2026\/03\/TN-098011.png\",\"contentUrl\":\"https:\/\/truckned.nl\/wp-content\/uploads\/2026\/03\/TN-098011.png\",\"width\":800,\"height\":800,\"caption\":\"Hella Valuefit SMS2000 dual - IP67, IP68, IP 69K - GB 357 098-011 - 12 & 24 volt- 3000K en 6000K wit licht - LED lamp voor auto, vrachtwagen, tractor en meer\"},{\"@type\":\"BreadcrumbList\",\"@id\":\"https:\/\/truckned.nl\/product\/hella-valuefit-sms2000-dual-color\/#breadcrumb\",\"itemListElement\":[{\"@type\":\"ListItem\",\"position\":1,\"name\":\"Home\",\"item\":\"https:\/\/truckned.nl\/\"},{\"@type\":\"ListItem\",\"position\":2,\"name\":\"Shop\",\"item\":\"https:\/\/truckned.nl\/nl\/shop\/\"},{\"@type\":\"ListItem\",\"position\":3,\"name\":\"Werklampen\",\"item\":\"https:\/\/truckned.nl\/de\/produkt-kategorie\/werklampen\/\"},{\"@type\":\"ListItem\",\"position\":4,\"name\":\"Hella Valuefit SMS2000 &#8211; dual color\"}]},{\"@type\":\"WebSite\",\"@id\":\"https:\/\/truckned.nl\/nl\/#website\",\"url\":\"https:\/\/truckned.nl\/nl\/\",\"name\":\"Truckned\",\"description\":\"\",\"publisher\":{\"@id\":\"https:\/\/truckned.nl\/nl\/#organization\"},\"potentialAction\":[{\"@type\":\"SearchAction\",\"target\":{\"@type\":\"EntryPoint\",\"urlTemplate\":\"https:\/\/truckned.nl\/nl\/?s={search_term_string}\"},\"query-input\":{\"@type\":\"PropertyValueSpecification\",\"valueRequired\":true,\"valueName\":\"search_term_string\"}}],\"inLanguage\":\"de\"},{\"@type\":\"Organization\",\"@id\":\"https:\/\/truckned.nl\/nl\/#organization\",\"name\":\"Truckned\",\"url\":\"https:\/\/truckned.nl\/nl\/\",\"logo\":{\"@type\":\"ImageObject\",\"inLanguage\":\"de\",\"@id\":\"https:\/\/truckned.nl\/nl\/#\/schema\/logo\/image\/\",\"url\":\"https:\/\/truckned.nl\/wp-content\/uploads\/2022\/10\/800x800-Truckned-logo-zonder-tekst-ZWART.png\",\"contentUrl\":\"https:\/\/truckned.nl\/wp-content\/uploads\/2022\/10\/800x800-Truckned-logo-zonder-tekst-ZWART.png\",\"width\":801,\"height\":801,\"caption\":\"Truckned\"},\"image\":{\"@id\":\"https:\/\/truckned.nl\/nl\/#\/schema\/logo\/image\/\"},\"sameAs\":[\"https:\/\/www.facebook.com\/truckned\/\",\"https:\/\/www.instagram.com\/truckned\/\"],\"vatID\":\"NL863960509B01\",\"taxID\":\"86417487\",\"hasMerchantReturnPolicy\":{\"@type\":\"MerchantReturnPolicy\",\"merchantReturnLink\":\"https:\/\/truckned.nl\/de\/versand-rucksendungen\/\"}}]}<\/script>\n<meta property=\"product:brand\" content=\"Hella\" \/>\n<meta property=\"product:price:amount\" content=\"44.95\" \/>\n<meta property=\"product:price:currency\" content=\"EUR\" \/>\n<meta property=\"og:availability\" content=\"instock\" \/>\n<meta property=\"product:availability\" content=\"instock\" \/>\n<meta property=\"product:retailer_item_id\" content=\"TN-098011\" \/>\n<meta property=\"product:condition\" content=\"new\" \/>\n<!-- \/ Yoast SEO Premium plugin. -->","yoast_head_json":{"title":"Hella Valuefit SMS2000 Dual - Truckned - LED Lampe - 12&amp;24 volt","description":"Hella Valuefit SMS2000 Dual \u2013 IP68 + IP69K \u2013 1GB 357 098-011 \u2013 12 &amp; 24 Volt \u2013 3000K und 6000K Wei\u00df licht \u2013 LED Lampe f\u00fcr Pkw, Lkw, Traktoren und mehr","robots":{"index":"index","follow":"follow","max-snippet":"max-snippet:-1","max-image-preview":"max-image-preview:large","max-video-preview":"max-video-preview:-1"},"canonical":"https:\/\/truckned.nl\/de\/produkt\/hella-valuefit-sms2000-dual-color\/","og_locale":"de_DE","og_type":"article","og_title":"Hella Valuefit SMS2000 dual - Truckned - LED lamp - 12&24 volt","og_description":"Hella Valuefit SMS2000 dual - IP68 + IP 69K - 1GB 357 098-011 - 12 & 24 volt - 3000K en 6000K wit licht- LED lamp voor auto, vrachtwagen, tractor en meer","og_url":"https:\/\/truckned.nl\/de\/produkt\/hella-valuefit-sms2000-dual-color\/","og_site_name":"Truckned","article_publisher":"https:\/\/www.facebook.com\/truckned\/","article_modified_time":"2026-03-26T10:54:42+00:00","og_image":[{"width":800,"height":800,"url":"https:\/\/truckned.nl\/wp-content\/uploads\/2026\/03\/TN-098011-SM.png","type":"image\/png"}],"twitter_misc":{"Preis":"&euro;44,95","Verf\u00fcgbarkeit":"Auf Lager"},"schema":{"@context":"https:\/\/schema.org","@graph":[{"@type":["WebPage","ItemPage"],"@id":"https:\/\/truckned.nl\/product\/hella-valuefit-sms2000-dual-color\/","url":"https:\/\/truckned.nl\/product\/hella-valuefit-sms2000-dual-color\/","name":"Hella Valuefit SMS2000 Dual - Truckned - LED Lampe - 12&amp;24 volt","isPartOf":{"@id":"https:\/\/truckned.nl\/nl\/#website"},"primaryImageOfPage":{"@id":"https:\/\/truckned.nl\/product\/hella-valuefit-sms2000-dual-color\/#primaryimage"},"image":{"@id":"https:\/\/truckned.nl\/product\/hella-valuefit-sms2000-dual-color\/#primaryimage"},"thumbnailUrl":"https:\/\/truckned.nl\/wp-content\/uploads\/2026\/03\/TN-098011.png","datePublished":"2025-04-28T09:50:23+00:00","dateModified":"2026-03-26T10:54:42+00:00","description":"Hella Valuefit SMS2000 Dual \u2013 IP68 + IP69K \u2013 1GB 357 098-011 \u2013 12 &amp; 24 Volt \u2013 3000K und 6000K Wei\u00df licht \u2013 LED Lampe f\u00fcr Pkw, Lkw, Traktoren und mehr","breadcrumb":{"@id":"https:\/\/truckned.nl\/product\/hella-valuefit-sms2000-dual-color\/#breadcrumb"},"inLanguage":"de","potentialAction":[{"@type":"ReadAction","target":["https:\/\/truckned.nl\/product\/hella-valuefit-sms2000-dual-color\/"]}]},{"@type":"ImageObject","inLanguage":"de","@id":"https:\/\/truckned.nl\/product\/hella-valuefit-sms2000-dual-color\/#primaryimage","url":"https:\/\/truckned.nl\/wp-content\/uploads\/2026\/03\/TN-098011.png","contentUrl":"https:\/\/truckned.nl\/wp-content\/uploads\/2026\/03\/TN-098011.png","width":800,"height":800,"caption":"Hella Valuefit SMS2000 dual - IP67, IP68, IP 69K - GB 357 098-011 - 12 & 24 volt- 3000K en 6000K wit licht - LED lamp voor auto, vrachtwagen, tractor en meer"},{"@type":"BreadcrumbList","@id":"https:\/\/truckned.nl\/product\/hella-valuefit-sms2000-dual-color\/#breadcrumb","itemListElement":[{"@type":"ListItem","position":1,"name":"Home","item":"https:\/\/truckned.nl\/"},{"@type":"ListItem","position":2,"name":"Shop","item":"https:\/\/truckned.nl\/nl\/shop\/"},{"@type":"ListItem","position":3,"name":"Werklampen","item":"https:\/\/truckned.nl\/de\/produkt-kategorie\/werklampen\/"},{"@type":"ListItem","position":4,"name":"Hella Valuefit SMS2000 &#8211; dual color"}]},{"@type":"WebSite","@id":"https:\/\/truckned.nl\/nl\/#website","url":"https:\/\/truckned.nl\/nl\/","name":"Truckned","description":"","publisher":{"@id":"https:\/\/truckned.nl\/nl\/#organization"},"potentialAction":[{"@type":"SearchAction","target":{"@type":"EntryPoint","urlTemplate":"https:\/\/truckned.nl\/nl\/?s={search_term_string}"},"query-input":{"@type":"PropertyValueSpecification","valueRequired":true,"valueName":"search_term_string"}}],"inLanguage":"de"},{"@type":"Organization","@id":"https:\/\/truckned.nl\/nl\/#organization","name":"Truckned","url":"https:\/\/truckned.nl\/nl\/","logo":{"@type":"ImageObject","inLanguage":"de","@id":"https:\/\/truckned.nl\/nl\/#\/schema\/logo\/image\/","url":"https:\/\/truckned.nl\/wp-content\/uploads\/2022\/10\/800x800-Truckned-logo-zonder-tekst-ZWART.png","contentUrl":"https:\/\/truckned.nl\/wp-content\/uploads\/2022\/10\/800x800-Truckned-logo-zonder-tekst-ZWART.png","width":801,"height":801,"caption":"Truckned"},"image":{"@id":"https:\/\/truckned.nl\/nl\/#\/schema\/logo\/image\/"},"sameAs":["https:\/\/www.facebook.com\/truckned\/","https:\/\/www.instagram.com\/truckned\/"],"vatID":"NL863960509B01","taxID":"86417487","hasMerchantReturnPolicy":{"@type":"MerchantReturnPolicy","merchantReturnLink":"https:\/\/truckned.nl\/de\/versand-rucksendungen\/"}}]},"product_brand":"Hella","product_price_amount":"44.95","product_price_currency":"EUR","og_availability":"instock","product_availability":"instock","product_retailer_item_id":"TN-098011","product_condition":"new"},"_links":{"self":[{"href":"https:\/\/truckned.nl\/de\/wp-json\/wp\/v2\/product\/34953","targetHints":{"allow":["GET"]}}],"collection":[{"href":"https:\/\/truckned.nl\/de\/wp-json\/wp\/v2\/product"}],"about":[{"href":"https:\/\/truckned.nl\/de\/wp-json\/wp\/v2\/types\/product"}],"replies":[{"embeddable":true,"href":"https:\/\/truckned.nl\/de\/wp-json\/wp\/v2\/comments?post=34953"}],"wp:featuredmedia":[{"embeddable":true,"href":"https:\/\/truckned.nl\/de\/wp-json\/wp\/v2\/media\/34971"}],"wp:attachment":[{"href":"https:\/\/truckned.nl\/de\/wp-json\/wp\/v2\/media?parent=34953"}],"wp:term":[{"taxonomy":"product_brand","embeddable":true,"href":"https:\/\/truckned.nl\/de\/wp-json\/wp\/v2\/product_brand?post=34953"},{"taxonomy":"product_cat","embeddable":true,"href":"https:\/\/truckned.nl\/de\/wp-json\/wp\/v2\/product_cat?post=34953"},{"taxonomy":"product_tag","embeddable":true,"href":"https:\/\/truckned.nl\/de\/wp-json\/wp\/v2\/product_tag?post=34953"}],"curies":[{"name":"wp","href":"https:\/\/api.w.org\/{rel}","templated":true}]}}