{"id":35009,"date":"2025-04-30T16:50:55","date_gmt":"2025-04-30T14:50:55","guid":{"rendered":"https:\/\/truckned.nl\/?post_type=product&#038;p=35009"},"modified":"2026-04-05T02:33:45","modified_gmt":"2026-04-05T00:33:45","slug":"cartec-wet-protect-5-liter","status":"publish","type":"product","link":"https:\/\/truckned.nl\/de\/produkt\/cartec-wet-protect-5-liter\/","title":{"rendered":"Cartec Wet &amp; Protect 5 Liter"},"content":{"rendered":"<p><span style=\"color: #000000;\"><strong>Cartec Wet &amp; Protect 5 Liter.<\/strong><\/span><\/p>\n<p><span style=\"color: #000000;\">M\u00f6chten Sie Ihrem Auto, Lkw oder einem anderen Fahrzeug im Handumdrehen neuen Glanz verleihen und es gleichzeitig sch\u00fctzen? Dann ist Cartec Wet &amp; Protect (5 Liter) genau das Richtige f\u00fcr Sie. Diese hydrophobe Spr\u00fchbeschichtung wird direkt auf das nasse Fahrzeug aufgetragen, verteilt sich gleichm\u00e4\u00dfig und haftet perfekt am Lack. Das Ergebnis? Ein tiefer, spiegel\u00e4hnlicher Glanz, extrem wasserabweisende Eigenschaften und ein Finish wie aus dem Autohaus \u2013 sofort. Ideal f\u00fcr neue oder polierte Lacke, aber auch unbedenklich f\u00fcr Scheiben und Kunststoffteile.<\/span><\/p>\n<p><span style=\"color: #000000;\">Dank des praktischen Spr\u00fch- oder Schaumapplikators ist die Anwendung kinderleicht und schnell. Die Formel hinterl\u00e4sst keine wei\u00dfen R\u00fcckst\u00e4nde, ist silikonfrei und entfernt leichten Schmutz, Staub und Fingerabdr\u00fccke. Zudem bildet sie sofort einen effektiven Wasserabperleffekt, der das Anhaften von Schmutz erschwert. Kurz gesagt: Mit Cartec Wet &amp; Protect erhalten Sie professionellen Glanz, maximalen Schutz und optimale Wasserabweisung \u2013 ganz ohne Aufwand und mit einem Ergebnis, auf das Sie stolz sein k\u00f6nnen.<\/span><\/p>\n<h5><span style=\"color: #000000;\"><strong>Anwendungstipps:<\/strong><\/span><\/h5>\n<p><span style=\"color: #000000;\">Spr\u00fchen Sie Wet &amp; Protect auf das gewaschene Fahrzeug und sp\u00fclen Sie es anschlie\u00dfend gr\u00fcndlich mit Wasser ab. Trocknen Sie es danach mit einem guten Mikrofasertuch und lassen Sie das Produkt nicht antrocknen, um optimale Ergebnisse zu erzielen.<\/span><\/p>\n<h5><span style=\"color: #000000;\"><strong>Andere Versionen:<\/strong><\/span><\/h5>\n<p><span style=\"color: #000000;\">Ben\u00f6tigen Sie Cartec Wet &amp; Protect nicht so h\u00e4ufig und reicht Ihnen eine kleinere Flasche? Dann ist die 1-Liter-Flasche mit Spr\u00fchkopf genau das Richtige f\u00fcr Sie. Ideal, wenn Sie Ihr Fahrzeug nur gelegentlich pflegen. F\u00fcr optimale Ergebnisse verwenden Sie die passenden Mikrofasert\u00fccher, die die Wirksamkeit des Produkts gew\u00e4hrleisten.<\/span><\/p>\n<ul>\n<li><a href=\"https:\/\/truckned.nl\/de\/produkt\/cartec-wet-protect-1-liter-met-vernevelaar\/\"><span style=\"color: #000000;\"><strong>Cartec Wet &amp; Protect 1 Liter mit Spr\u00fcher<\/strong><\/span><\/a><\/li>\n<\/ul>\n<p><span style=\"color: #000000;\">Sind Sie immer noch der Meinung, dass Cartec Wet &amp; Protect (5 Liter) nicht ganz Ihren Vorstellungen entspricht? Suchen Sie vielleicht nach einem anderen Pflegeprodukt oder etwas f\u00fcr die Au\u00dfenreinigung Ihres Lkw oder eines anderen Fahrzeugs? Kein Problem, schauen Sie sich einfach unsere Webseite an. <a style=\"color: #000000;\" href=\"https:\/\/truckned.nl\/de\/produkt-kategorie\/cabine-buitenzijde\/reiniging-onderhoud\/\">Reinigung und Wartung<\/a>Die Chancen stehen gut, dass Sie dort finden, was Sie brauchen, um Ihrem Fahrzeug das beste Aussehen zu verleihen.<\/span><\/p>","protected":false},"excerpt":{"rendered":"<p>Cartec Wet &amp; Protect 5 liter voor een ultieme glans.<\/p>","protected":false},"featured_media":35011,"comment_status":"open","ping_status":"closed","template":"","meta":{"_acf_changed":false,"site-sidebar-layout":"default","site-content-layout":"","ast-site-content-layout":"default","site-content-style":"default","site-sidebar-style":"default","ast-global-header-display":"","ast-banner-title-visibility":"","ast-main-header-display":"","ast-hfb-above-header-display":"","ast-hfb-below-header-display":"","ast-hfb-mobile-header-display":"","site-post-title":"","ast-breadcrumbs-content":"","ast-featured-img":"","footer-sml-layout":"","ast-disable-related-posts":"","theme-transparent-header-meta":"default","adv-header-id-meta":"","stick-header-meta":"","header-above-stick-meta":"","header-main-stick-meta":"","header-below-stick-meta":"","astra-migrate-meta-layouts":"set","ast-page-background-enabled":"default","ast-page-background-meta":{"desktop":{"background-color":"","background-image":"","background-repeat":"repeat","background-position":"center center","background-size":"auto","background-attachment":"scroll","background-type":"","background-media":"","overlay-type":"","overlay-color":"","overlay-opacity":"","overlay-gradient":""},"tablet":{"background-color":"","background-image":"","background-repeat":"repeat","background-position":"center center","background-size":"auto","background-attachment":"scroll","background-type":"","background-media":"","overlay-type":"","overlay-color":"","overlay-opacity":"","overlay-gradient":""},"mobile":{"background-color":"","background-image":"","background-repeat":"repeat","background-position":"center center","background-size":"auto","background-attachment":"scroll","background-type":"","background-media":"","overlay-type":"","overlay-color":"","overlay-opacity":"","overlay-gradient":""}},"ast-content-background-meta":{"desktop":{"background-color":"var(--ast-global-color-5)","background-image":"","background-repeat":"repeat","background-position":"center center","background-size":"auto","background-attachment":"scroll","background-type":"","background-media":"","overlay-type":"","overlay-color":"","overlay-opacity":"","overlay-gradient":""},"tablet":{"background-color":"var(--ast-global-color-5)","background-image":"","background-repeat":"repeat","background-position":"center center","background-size":"auto","background-attachment":"scroll","background-type":"","background-media":"","overlay-type":"","overlay-color":"","overlay-opacity":"","overlay-gradient":""},"mobile":{"background-color":"var(--ast-global-color-5)","background-image":"","background-repeat":"repeat","background-position":"center center","background-size":"auto","background-attachment":"scroll","background-type":"","background-media":"","overlay-type":"","overlay-color":"","overlay-opacity":"","overlay-gradient":""}}},"product_brand":[],"product_cat":[7851],"product_tag":[],"class_list":{"0":"post-35009","1":"product","2":"type-product","3":"status-publish","4":"has-post-thumbnail","6":"product_cat-reiniging-onderhoud","7":"pa_merkk-cartec","8":"desktop-align-left","9":"tablet-align-left","10":"mobile-align-left","12":"first","13":"instock","14":"taxable","15":"shipping-taxable","16":"purchasable","17":"product-type-simple"},"acf":[],"yoast_head":"<!-- This site is optimized with the Yoast SEO Premium plugin v26.5 (Yoast SEO v26.5) - https:\/\/yoast.com\/wordpress\/plugins\/seo\/ -->\n<title>Cartec Wet &amp; Protect 5 liter - Truckned<\/title>\n<meta name=\"description\" content=\"Cartec Wet &amp; Protect 5 liter - inclusief vernevelaar - ultieme glans en beading - langdurig resultaat - voor vrachtwagen, auto en meer - siliconenvrij\" \/>\n<meta name=\"robots\" content=\"index, follow, max-snippet:-1, max-image-preview:large, max-video-preview:-1\" \/>\n<link rel=\"canonical\" href=\"https:\/\/truckned.nl\/de\/produkt\/cartec-wet-protect-5-liter\/\" \/>\n<meta property=\"og:locale\" content=\"de_DE\" \/>\n<meta property=\"og:type\" content=\"article\" \/>\n<meta property=\"og:title\" content=\"Cartec Wet &amp; Protect 5 liter - Truckned\" \/>\n<meta property=\"og:description\" content=\"Cartec Wet &amp; Protect 5 liter - inclusief vernevelaar - ultieme glans en beading - langdurig resultaat - voor vrachtwagen, auto en meer - siliconenvrij\" \/>\n<meta property=\"og:url\" content=\"https:\/\/truckned.nl\/de\/produkt\/cartec-wet-protect-5-liter\/\" \/>\n<meta property=\"og:site_name\" content=\"Truckned\" \/>\n<meta property=\"article:publisher\" content=\"https:\/\/www.facebook.com\/truckned\/\" \/>\n<meta property=\"article:modified_time\" content=\"2026-04-05T00:33:45+00:00\" \/>\n<meta property=\"og:image\" content=\"https:\/\/truckned.nl\/wp-content\/uploads\/2026\/03\/TN-301410-5L-SM.png\" \/>\n\t<meta property=\"og:image:width\" content=\"800\" \/>\n\t<meta property=\"og:image:height\" content=\"800\" \/>\n\t<meta property=\"og:image:type\" content=\"image\/png\" \/>\n<meta name=\"twitter:label1\" content=\"Preis\" \/>\n\t<meta name=\"twitter:data1\" content=\"&euro;59,95\" \/>\n\t<meta name=\"twitter:label2\" content=\"Verf\u00fcgbarkeit\" \/>\n\t<meta name=\"twitter:data2\" content=\"Auf Lager\" \/>\n<script type=\"application\/ld+json\" class=\"yoast-schema-graph\">{\"@context\":\"https:\/\/schema.org\",\"@graph\":[{\"@type\":[\"WebPage\",\"ItemPage\"],\"@id\":\"https:\/\/truckned.nl\/product\/cartec-wet-protect-5-liter\/\",\"url\":\"https:\/\/truckned.nl\/product\/cartec-wet-protect-5-liter\/\",\"name\":\"Cartec Wet & Protect 5 liter - Truckned\",\"isPartOf\":{\"@id\":\"https:\/\/truckned.nl\/nl\/#website\"},\"primaryImageOfPage\":{\"@id\":\"https:\/\/truckned.nl\/product\/cartec-wet-protect-5-liter\/#primaryimage\"},\"image\":{\"@id\":\"https:\/\/truckned.nl\/product\/cartec-wet-protect-5-liter\/#primaryimage\"},\"thumbnailUrl\":\"https:\/\/truckned.nl\/wp-content\/uploads\/2026\/03\/TN-301410-5L.png\",\"datePublished\":\"2025-04-30T14:50:55+00:00\",\"dateModified\":\"2026-04-05T00:33:45+00:00\",\"description\":\"Cartec Wet & Protect 5 liter - inclusief vernevelaar - ultieme glans en beading - langdurig resultaat - voor vrachtwagen, auto en meer - siliconenvrij\",\"breadcrumb\":{\"@id\":\"https:\/\/truckned.nl\/product\/cartec-wet-protect-5-liter\/#breadcrumb\"},\"inLanguage\":\"de\",\"potentialAction\":[{\"@type\":\"ReadAction\",\"target\":[\"https:\/\/truckned.nl\/product\/cartec-wet-protect-5-liter\/\"]}]},{\"@type\":\"ImageObject\",\"inLanguage\":\"de\",\"@id\":\"https:\/\/truckned.nl\/product\/cartec-wet-protect-5-liter\/#primaryimage\",\"url\":\"https:\/\/truckned.nl\/wp-content\/uploads\/2026\/03\/TN-301410-5L.png\",\"contentUrl\":\"https:\/\/truckned.nl\/wp-content\/uploads\/2026\/03\/TN-301410-5L.png\",\"width\":800,\"height\":800,\"caption\":\"Cartec Wet & Protect 5 liter - EAN: 8716255230315 - extreme glans - professionele detailer\"},{\"@type\":\"BreadcrumbList\",\"@id\":\"https:\/\/truckned.nl\/product\/cartec-wet-protect-5-liter\/#breadcrumb\",\"itemListElement\":[{\"@type\":\"ListItem\",\"position\":1,\"name\":\"Home\",\"item\":\"https:\/\/truckned.nl\/\"},{\"@type\":\"ListItem\",\"position\":2,\"name\":\"Shop\",\"item\":\"https:\/\/truckned.nl\/nl\/shop\/\"},{\"@type\":\"ListItem\",\"position\":3,\"name\":\"Cabine - buitenzijde\",\"item\":\"https:\/\/truckned.nl\/nl\/product-categorie\/cabine-buitenzijde\/\"},{\"@type\":\"ListItem\",\"position\":4,\"name\":\"Reiniging \/ onderhoud\",\"item\":\"https:\/\/truckned.nl\/product-categorie\/cabine-buitenzijde\/reiniging-onderhoud\/\"},{\"@type\":\"ListItem\",\"position\":5,\"name\":\"Cartec Wet &#038; Protect 5 liter\"}]},{\"@type\":\"WebSite\",\"@id\":\"https:\/\/truckned.nl\/nl\/#website\",\"url\":\"https:\/\/truckned.nl\/nl\/\",\"name\":\"Truckned\",\"description\":\"\",\"publisher\":{\"@id\":\"https:\/\/truckned.nl\/nl\/#organization\"},\"potentialAction\":[{\"@type\":\"SearchAction\",\"target\":{\"@type\":\"EntryPoint\",\"urlTemplate\":\"https:\/\/truckned.nl\/nl\/?s={search_term_string}\"},\"query-input\":{\"@type\":\"PropertyValueSpecification\",\"valueRequired\":true,\"valueName\":\"search_term_string\"}}],\"inLanguage\":\"de\"},{\"@type\":\"Organization\",\"@id\":\"https:\/\/truckned.nl\/nl\/#organization\",\"name\":\"Truckned\",\"url\":\"https:\/\/truckned.nl\/nl\/\",\"logo\":{\"@type\":\"ImageObject\",\"inLanguage\":\"de\",\"@id\":\"https:\/\/truckned.nl\/nl\/#\/schema\/logo\/image\/\",\"url\":\"https:\/\/truckned.nl\/wp-content\/uploads\/2022\/10\/800x800-Truckned-logo-zonder-tekst-ZWART.png\",\"contentUrl\":\"https:\/\/truckned.nl\/wp-content\/uploads\/2022\/10\/800x800-Truckned-logo-zonder-tekst-ZWART.png\",\"width\":801,\"height\":801,\"caption\":\"Truckned\"},\"image\":{\"@id\":\"https:\/\/truckned.nl\/nl\/#\/schema\/logo\/image\/\"},\"sameAs\":[\"https:\/\/www.facebook.com\/truckned\/\",\"https:\/\/www.instagram.com\/truckned\/\"],\"vatID\":\"NL863960509B01\",\"taxID\":\"86417487\",\"hasMerchantReturnPolicy\":{\"@type\":\"MerchantReturnPolicy\",\"merchantReturnLink\":\"https:\/\/truckned.nl\/de\/versand-rucksendungen\/\"}}]}<\/script>\n<meta property=\"product:brand\" content=\"Cartec\" \/>\n<meta property=\"product:price:amount\" content=\"59.95\" \/>\n<meta property=\"product:price:currency\" content=\"EUR\" \/>\n<meta property=\"og:availability\" content=\"instock\" \/>\n<meta property=\"product:availability\" content=\"instock\" \/>\n<meta property=\"product:retailer_item_id\" content=\"TN-301410-5L\" \/>\n<meta property=\"product:condition\" content=\"new\" \/>\n<!-- \/ Yoast SEO Premium plugin. -->","yoast_head_json":{"title":"Cartec Wet &amp; Protect 5 Liter - Truckned","description":"Cartec Wet &amp; Protect 5 Liter \u2013 inklusive Spr\u00fchd\u00fcse \u2013 ultimativer Glanz und Abperleffekt \u2013 langanhaltendes Ergebnis \u2013 f\u00fcr Lkw, Pkw und mehr \u2013 silikonfrei","robots":{"index":"index","follow":"follow","max-snippet":"max-snippet:-1","max-image-preview":"max-image-preview:large","max-video-preview":"max-video-preview:-1"},"canonical":"https:\/\/truckned.nl\/de\/produkt\/cartec-wet-protect-5-liter\/","og_locale":"de_DE","og_type":"article","og_title":"Cartec Wet & Protect 5 liter - Truckned","og_description":"Cartec Wet & Protect 5 liter - inclusief vernevelaar - ultieme glans en beading - langdurig resultaat - voor vrachtwagen, auto en meer - siliconenvrij","og_url":"https:\/\/truckned.nl\/de\/produkt\/cartec-wet-protect-5-liter\/","og_site_name":"Truckned","article_publisher":"https:\/\/www.facebook.com\/truckned\/","article_modified_time":"2026-04-05T00:33:45+00:00","og_image":[{"width":800,"height":800,"url":"https:\/\/truckned.nl\/wp-content\/uploads\/2026\/03\/TN-301410-5L-SM.png","type":"image\/png"}],"twitter_misc":{"Preis":"&euro;59,95","Verf\u00fcgbarkeit":"Auf Lager"},"schema":{"@context":"https:\/\/schema.org","@graph":[{"@type":["WebPage","ItemPage"],"@id":"https:\/\/truckned.nl\/product\/cartec-wet-protect-5-liter\/","url":"https:\/\/truckned.nl\/product\/cartec-wet-protect-5-liter\/","name":"Cartec Wet &amp; Protect 5 Liter - Truckned","isPartOf":{"@id":"https:\/\/truckned.nl\/nl\/#website"},"primaryImageOfPage":{"@id":"https:\/\/truckned.nl\/product\/cartec-wet-protect-5-liter\/#primaryimage"},"image":{"@id":"https:\/\/truckned.nl\/product\/cartec-wet-protect-5-liter\/#primaryimage"},"thumbnailUrl":"https:\/\/truckned.nl\/wp-content\/uploads\/2026\/03\/TN-301410-5L.png","datePublished":"2025-04-30T14:50:55+00:00","dateModified":"2026-04-05T00:33:45+00:00","description":"Cartec Wet &amp; Protect 5 Liter \u2013 inklusive Spr\u00fchd\u00fcse \u2013 ultimativer Glanz und Abperleffekt \u2013 langanhaltendes Ergebnis \u2013 f\u00fcr Lkw, Pkw und mehr \u2013 silikonfrei","breadcrumb":{"@id":"https:\/\/truckned.nl\/product\/cartec-wet-protect-5-liter\/#breadcrumb"},"inLanguage":"de","potentialAction":[{"@type":"ReadAction","target":["https:\/\/truckned.nl\/product\/cartec-wet-protect-5-liter\/"]}]},{"@type":"ImageObject","inLanguage":"de","@id":"https:\/\/truckned.nl\/product\/cartec-wet-protect-5-liter\/#primaryimage","url":"https:\/\/truckned.nl\/wp-content\/uploads\/2026\/03\/TN-301410-5L.png","contentUrl":"https:\/\/truckned.nl\/wp-content\/uploads\/2026\/03\/TN-301410-5L.png","width":800,"height":800,"caption":"Cartec Wet & Protect 5 liter - EAN: 8716255230315 - extreme glans - professionele detailer"},{"@type":"BreadcrumbList","@id":"https:\/\/truckned.nl\/product\/cartec-wet-protect-5-liter\/#breadcrumb","itemListElement":[{"@type":"ListItem","position":1,"name":"Home","item":"https:\/\/truckned.nl\/"},{"@type":"ListItem","position":2,"name":"Shop","item":"https:\/\/truckned.nl\/nl\/shop\/"},{"@type":"ListItem","position":3,"name":"Cabine - buitenzijde","item":"https:\/\/truckned.nl\/nl\/product-categorie\/cabine-buitenzijde\/"},{"@type":"ListItem","position":4,"name":"Reiniging \/ onderhoud","item":"https:\/\/truckned.nl\/product-categorie\/cabine-buitenzijde\/reiniging-onderhoud\/"},{"@type":"ListItem","position":5,"name":"Cartec Wet &#038; Protect 5 liter"}]},{"@type":"WebSite","@id":"https:\/\/truckned.nl\/nl\/#website","url":"https:\/\/truckned.nl\/nl\/","name":"Truckned","description":"","publisher":{"@id":"https:\/\/truckned.nl\/nl\/#organization"},"potentialAction":[{"@type":"SearchAction","target":{"@type":"EntryPoint","urlTemplate":"https:\/\/truckned.nl\/nl\/?s={search_term_string}"},"query-input":{"@type":"PropertyValueSpecification","valueRequired":true,"valueName":"search_term_string"}}],"inLanguage":"de"},{"@type":"Organization","@id":"https:\/\/truckned.nl\/nl\/#organization","name":"Truckned","url":"https:\/\/truckned.nl\/nl\/","logo":{"@type":"ImageObject","inLanguage":"de","@id":"https:\/\/truckned.nl\/nl\/#\/schema\/logo\/image\/","url":"https:\/\/truckned.nl\/wp-content\/uploads\/2022\/10\/800x800-Truckned-logo-zonder-tekst-ZWART.png","contentUrl":"https:\/\/truckned.nl\/wp-content\/uploads\/2022\/10\/800x800-Truckned-logo-zonder-tekst-ZWART.png","width":801,"height":801,"caption":"Truckned"},"image":{"@id":"https:\/\/truckned.nl\/nl\/#\/schema\/logo\/image\/"},"sameAs":["https:\/\/www.facebook.com\/truckned\/","https:\/\/www.instagram.com\/truckned\/"],"vatID":"NL863960509B01","taxID":"86417487","hasMerchantReturnPolicy":{"@type":"MerchantReturnPolicy","merchantReturnLink":"https:\/\/truckned.nl\/de\/versand-rucksendungen\/"}}]},"product_brand":"Cartec","product_price_amount":"59.95","product_price_currency":"EUR","og_availability":"instock","product_availability":"instock","product_retailer_item_id":"TN-301410-5L","product_condition":"new"},"_links":{"self":[{"href":"https:\/\/truckned.nl\/de\/wp-json\/wp\/v2\/product\/35009","targetHints":{"allow":["GET"]}}],"collection":[{"href":"https:\/\/truckned.nl\/de\/wp-json\/wp\/v2\/product"}],"about":[{"href":"https:\/\/truckned.nl\/de\/wp-json\/wp\/v2\/types\/product"}],"replies":[{"embeddable":true,"href":"https:\/\/truckned.nl\/de\/wp-json\/wp\/v2\/comments?post=35009"}],"wp:featuredmedia":[{"embeddable":true,"href":"https:\/\/truckned.nl\/de\/wp-json\/wp\/v2\/media\/35011"}],"wp:attachment":[{"href":"https:\/\/truckned.nl\/de\/wp-json\/wp\/v2\/media?parent=35009"}],"wp:term":[{"taxonomy":"product_brand","embeddable":true,"href":"https:\/\/truckned.nl\/de\/wp-json\/wp\/v2\/product_brand?post=35009"},{"taxonomy":"product_cat","embeddable":true,"href":"https:\/\/truckned.nl\/de\/wp-json\/wp\/v2\/product_cat?post=35009"},{"taxonomy":"product_tag","embeddable":true,"href":"https:\/\/truckned.nl\/de\/wp-json\/wp\/v2\/product_tag?post=35009"}],"curies":[{"name":"wp","href":"https:\/\/api.w.org\/{rel}","templated":true}]}}