{"id":32315,"date":"2023-10-14T12:16:56","date_gmt":"2023-10-14T11:16:56","guid":{"rendered":"https:\/\/truckned.nl\/?post_type=product&#038;p=32315"},"modified":"2026-03-14T10:42:18","modified_gmt":"2026-03-14T09:42:18","slug":"hoekschilden-set-volvo-fh4-vepro-4077s","status":"publish","type":"product","link":"https:\/\/truckned.nl\/nl\/product\/hoekschilden-set-volvo-fh4-vepro-4077s\/","title":{"rendered":"Hoekschilden set Volvo FH4 &#8211; Vepro 4077S"},"content":{"rendered":"<p><span style=\"color: #000000;\"><strong>Hoekschilden set voor Volvo FH4 \/ Scania R en Renault T &#8211; Vepro 4077S.<\/strong><\/span><\/p>\n<p><span style=\"color: #000000;\">Wil je jouw Volvo FH4 snel en simpel een stoerdere uitstraling geven, zonder ingewikkelde aanpassingen? Dan is de Hoekschilden set Volvo FH4 &#8211; Vepro 4077S precies wat je nodig hebt. Deze vuilafstoters zijn speciaal gemaakt voor de hoeken van de FH4 cabine en sluiten perfect aan op het originele design. Het resultaat? Een nettere truck, een robuustere look \u00e9n minder last van opspattend vuil, water of modder. Zo blijft je cabine langer schoon \u00e9n voorkom je roest of beschadigingen.<\/span><\/p>\n<p><span style=\"color: #000000;\">De Vepro 4077S hoekschilden zijn gemaakt van sterk kunststof en worden standaard geleverd in Volvo Wit. Toch liever een andere kleur? Geen probleem, je kunt ze namelijk makkelijk laten spuiten of wrappen in een tint die beter past bij jouw stijl of huisstijl. Ook de montage is eenvoudig. Dankzij de bijgeleverde montage set en duidelijke handleiding zet je ze er zo op. Geen gedoe, gewoon zelf doen met basisgereedschap.<\/span><\/p>\n<p><span style=\"color: #000000;\">Goed om te weten: deze hoekschilden passen niet alleen op de Volvo FH4, maar zijn ook geschikt voor de Scania R en Renault T. Handig als je meerdere trucks in je wagenpark hebt!<\/span><\/p>\n<h5><span style=\"color: #000000;\"><strong>Afmetingen:<\/strong><\/span><\/h5>\n<p><span style=\"color: #000000;\">Of je nu kiest voor een subtiele upgrade of juist een extra opvallend detail aan je Volvo FH4 wilt toevoegen: met deze hoekschilden set geef je je truck een krachtige uitstraling en praktische bescherming in \u00e9\u00e9n. Ideaal dus voor chauffeurs die trots zijn op hun wagen \u00e9n oog hebben voor detail. Om er zeker van te zijn dat deze set perfect aansluit op jouw vrachtwagen, hebben we daarom de maten voor je uitgeschreven.<\/span><\/p>\n<ul>\n<li><span style=\"color: #000000;\">Diepte: 55 mm<\/span><\/li>\n<li><span style=\"color: #000000;\">Hoogte: 420 mm<\/span><\/li>\n<li><span style=\"color: #000000;\">Breedte: 280 mm<\/span><\/li>\n<\/ul>\n<h5><span style=\"color: #000000;\"><strong>Overige uitvoeringen:<\/strong><\/span><\/h5>\n<p><span style=\"color: #000000;\">Rijd je een ander model Volvo en wil je daar \u00f3\u00f3k hoekschilden op monteren? Of ben je simpelweg op zoek naar een uitvoering die nog beter past bij de stijl of afmetingen van jouw truck? Dan hebben we goed nieuws. In onze ruime collectie vind je zelfs meerdere alternatieven die perfect aansluiten op andere Volvo modellen. Zo kun je hieronder doorklikken naar de andere beschikbare varianten en kies de uitvoering die het beste past bij jouw wensen \u00e9n jouw truck.<\/span><\/p>\n<ul>\n<li><span style=\"color: #000000;\"><a style=\"color: #000000;\" href=\"https:\/\/truckned.nl\/product\/hoekschilden-set-volvo-fh-aero-vepro-4419s\/\"><strong>Hoekschilden set Volvo FH AERO<\/strong><\/a><\/span><\/li>\n<li><span style=\"color: #000000;\"><a style=\"color: #000000;\" href=\"https:\/\/truckned.nl\/product\/hoekschilden-set-volvo-fh4-vepro-4077s\/\"><strong>Hoekschilden set Volvo FH5<\/strong><\/a><\/span><\/li>\n<\/ul>\n<p><span style=\"color: #000000;\">Kortom, met de Hoekschilden set Volvo FH4 \u2013 Vepro 4077S geef je jouw truck niet alleen een strakke en krachtige uitstraling, maar kies je ook bewust voor extra bescherming tegen vuil, steenslag en opspattend water. Wil je nog een stap verder gaan? Denk dan eens aan aanvullende onderdelen voor jouw cabine. In onze categorie cabine &#8211; buitenzijde vind je een compleet aanbod aan accessoires om jouw vrachtwagen verder aan te kleden, te beschermen \u00e9n te personaliseren. Ontdek direct wat er mogelijk is en maak van jouw truck een echte blikvanger.<\/span><\/p>\n","protected":false},"excerpt":{"rendered":"<p>Hoekschilden set voor Volvo FH4 \/ Scania R en Renault T &#8211; Vepro 4077S. Wil je jouw Volvo FH4 snel en simpel een stoerdere uitstraling geven, zonder ingewikkelde aanpassingen? Dan is de Hoekschilden set Volvo FH4 &#8211; Vepro 4077S precies wat je nodig hebt. Deze vuilafstoters zijn speciaal gemaakt voor de hoeken van de FH4 [&hellip;]<\/p>\n","protected":false},"featured_media":32413,"comment_status":"open","ping_status":"closed","template":"","meta":{"_acf_changed":false,"site-sidebar-layout":"default","site-content-layout":"default","ast-site-content-layout":"default","site-content-style":"default","site-sidebar-style":"default","ast-global-header-display":"","ast-banner-title-visibility":"","ast-main-header-display":"","ast-hfb-above-header-display":"","ast-hfb-below-header-display":"","ast-hfb-mobile-header-display":"","site-post-title":"","ast-breadcrumbs-content":"","ast-featured-img":"","footer-sml-layout":"","ast-disable-related-posts":"","theme-transparent-header-meta":"default","adv-header-id-meta":"","stick-header-meta":"","header-above-stick-meta":"","header-main-stick-meta":"","header-below-stick-meta":"","astra-migrate-meta-layouts":"set","ast-page-background-enabled":"default","ast-page-background-meta":{"desktop":{"background-color":"","background-image":"","background-repeat":"repeat","background-position":"center center","background-size":"auto","background-attachment":"scroll","background-type":"","background-media":"","overlay-type":"","overlay-color":"","overlay-opacity":"","overlay-gradient":""},"tablet":{"background-color":"","background-image":"","background-repeat":"repeat","background-position":"center center","background-size":"auto","background-attachment":"scroll","background-type":"","background-media":"","overlay-type":"","overlay-color":"","overlay-opacity":"","overlay-gradient":""},"mobile":{"background-color":"","background-image":"","background-repeat":"repeat","background-position":"center center","background-size":"auto","background-attachment":"scroll","background-type":"","background-media":"","overlay-type":"","overlay-color":"","overlay-opacity":"","overlay-gradient":""}},"ast-content-background-meta":{"desktop":{"background-color":"var(--ast-global-color-5)","background-image":"","background-repeat":"repeat","background-position":"center center","background-size":"auto","background-attachment":"scroll","background-type":"","background-media":"","overlay-type":"","overlay-color":"","overlay-opacity":"","overlay-gradient":""},"tablet":{"background-color":"var(--ast-global-color-5)","background-image":"","background-repeat":"repeat","background-position":"center center","background-size":"auto","background-attachment":"scroll","background-type":"","background-media":"","overlay-type":"","overlay-color":"","overlay-opacity":"","overlay-gradient":""},"mobile":{"background-color":"var(--ast-global-color-5)","background-image":"","background-repeat":"repeat","background-position":"center center","background-size":"auto","background-attachment":"scroll","background-type":"","background-media":"","overlay-type":"","overlay-color":"","overlay-opacity":"","overlay-gradient":""}}},"product_brand":[],"product_cat":[7540],"product_tag":[],"class_list":{"0":"post-32315","1":"product","2":"type-product","3":"status-publish","4":"has-post-thumbnail","6":"product_cat-hoekschilden","7":"pa_merkk-vepro","8":"desktop-align-left","9":"tablet-align-left","10":"mobile-align-left","12":"first","13":"instock","14":"taxable","15":"shipping-taxable","16":"purchasable","17":"product-type-simple"},"acf":[],"yoast_head":"<!-- This site is optimized with the Yoast SEO Premium plugin v26.5 (Yoast SEO v26.5) - https:\/\/yoast.com\/wordpress\/plugins\/seo\/ -->\n<title>Hoekschilden set Volvo FH4 - Truckned - vuilafstoter met eenvoudige montage<\/title>\n<meta name=\"description\" content=\"Hoekschilden set Volvo FH4 - Volvo FH4 \/ Scania R \/ Renault T - Vepro 4077S - Montagehandleiding - ABS-PMMA - Stoere uitstraling - Truckstyling\" \/>\n<meta name=\"robots\" content=\"index, follow, max-snippet:-1, max-image-preview:large, max-video-preview:-1\" \/>\n<link rel=\"canonical\" href=\"https:\/\/truckned.nl\/nl\/product\/hoekschilden-set-volvo-fh4-vepro-4077s\/\" \/>\n<meta property=\"og:locale\" content=\"nl_NL\" \/>\n<meta property=\"og:type\" content=\"article\" \/>\n<meta property=\"og:title\" content=\"Hoekschilden set Volvo FH4 - Truckned - vuilafstoter met eenvoudige montage\" \/>\n<meta property=\"og:description\" content=\"Hoekschilden set Volvo FH4 - Volvo FH4 \/ Scania R \/ Renault T - Vepro 4077S - Montagehandleiding - ABS-PMMA - Stoere uitstraling - Truckstyling\" \/>\n<meta property=\"og:url\" content=\"https:\/\/truckned.nl\/nl\/product\/hoekschilden-set-volvo-fh4-vepro-4077s\/\" \/>\n<meta property=\"og:site_name\" content=\"Truckned\" \/>\n<meta property=\"article:publisher\" content=\"https:\/\/www.facebook.com\/truckned\/\" \/>\n<meta property=\"article:modified_time\" content=\"2026-03-14T09:42:18+00:00\" \/>\n<meta property=\"og:image\" content=\"https:\/\/truckned.nl\/wp-content\/uploads\/2025\/07\/TN-807272.png\" \/>\n\t<meta property=\"og:image:width\" content=\"800\" \/>\n\t<meta property=\"og:image:height\" content=\"800\" \/>\n\t<meta property=\"og:image:type\" content=\"image\/png\" \/>\n<meta name=\"twitter:label1\" content=\"Prijs\" \/>\n\t<meta name=\"twitter:data1\" content=\"&euro;139,00\" \/>\n\t<meta name=\"twitter:label2\" content=\"Beschikbaarheid\" \/>\n\t<meta name=\"twitter:data2\" content=\"Op voorraad\" \/>\n<script type=\"application\/ld+json\" class=\"yoast-schema-graph\">{\"@context\":\"https:\/\/schema.org\",\"@graph\":[{\"@type\":[\"WebPage\",\"ItemPage\"],\"@id\":\"https:\/\/truckned.nl\/product\/hoekschilden-set-volvo-fh4-vepro-4077s\/\",\"url\":\"https:\/\/truckned.nl\/product\/hoekschilden-set-volvo-fh4-vepro-4077s\/\",\"name\":\"Hoekschilden set Volvo FH4 - Truckned - vuilafstoter met eenvoudige montage\",\"isPartOf\":{\"@id\":\"https:\/\/truckned.nl\/nl\/#website\"},\"primaryImageOfPage\":{\"@id\":\"https:\/\/truckned.nl\/product\/hoekschilden-set-volvo-fh4-vepro-4077s\/#primaryimage\"},\"image\":{\"@id\":\"https:\/\/truckned.nl\/product\/hoekschilden-set-volvo-fh4-vepro-4077s\/#primaryimage\"},\"thumbnailUrl\":\"https:\/\/truckned.nl\/wp-content\/uploads\/2025\/07\/TN-807272.png\",\"datePublished\":\"2023-10-14T11:16:56+00:00\",\"dateModified\":\"2026-03-14T09:42:18+00:00\",\"description\":\"Hoekschilden set Volvo FH4 - Volvo FH4 \/ Scania R \/ Renault T - Vepro 4077S - Montagehandleiding - ABS-PMMA - Stoere uitstraling - Truckstyling\",\"breadcrumb\":{\"@id\":\"https:\/\/truckned.nl\/product\/hoekschilden-set-volvo-fh4-vepro-4077s\/#breadcrumb\"},\"inLanguage\":\"nl-NL\",\"potentialAction\":[{\"@type\":\"ReadAction\",\"target\":[\"https:\/\/truckned.nl\/product\/hoekschilden-set-volvo-fh4-vepro-4077s\/\"]}]},{\"@type\":\"ImageObject\",\"inLanguage\":\"nl-NL\",\"@id\":\"https:\/\/truckned.nl\/product\/hoekschilden-set-volvo-fh4-vepro-4077s\/#primaryimage\",\"url\":\"https:\/\/truckned.nl\/wp-content\/uploads\/2025\/07\/TN-807272.png\",\"contentUrl\":\"https:\/\/truckned.nl\/wp-content\/uploads\/2025\/07\/TN-807272.png\",\"width\":800,\"height\":800,\"caption\":\"Hoekschilden set Volvo FH4 - Geschikt voor Volvo FH4\/ Scania R \/ Renault T - Vepro 4077S - ABS-PMMA - Truckstyling\"},{\"@type\":\"BreadcrumbList\",\"@id\":\"https:\/\/truckned.nl\/product\/hoekschilden-set-volvo-fh4-vepro-4077s\/#breadcrumb\",\"itemListElement\":[{\"@type\":\"ListItem\",\"position\":1,\"name\":\"Home\",\"item\":\"https:\/\/truckned.nl\/\"},{\"@type\":\"ListItem\",\"position\":2,\"name\":\"Shop\",\"item\":\"https:\/\/truckned.nl\/nl\/shop\/\"},{\"@type\":\"ListItem\",\"position\":3,\"name\":\"Cabine - buitenzijde\",\"item\":\"https:\/\/truckned.nl\/nl\/product-categorie\/cabine-buitenzijde\/\"},{\"@type\":\"ListItem\",\"position\":4,\"name\":\"Hoekschilden\",\"item\":\"https:\/\/truckned.nl\/nl\/product-categorie\/cabine-buitenzijde\/hoekschilden\/\"},{\"@type\":\"ListItem\",\"position\":5,\"name\":\"Hoekschilden set Volvo FH4 &#8211; Vepro 4077S\"}]},{\"@type\":\"WebSite\",\"@id\":\"https:\/\/truckned.nl\/nl\/#website\",\"url\":\"https:\/\/truckned.nl\/nl\/\",\"name\":\"Truckned\",\"description\":\"\",\"publisher\":{\"@id\":\"https:\/\/truckned.nl\/nl\/#organization\"},\"potentialAction\":[{\"@type\":\"SearchAction\",\"target\":{\"@type\":\"EntryPoint\",\"urlTemplate\":\"https:\/\/truckned.nl\/nl\/?s={search_term_string}\"},\"query-input\":{\"@type\":\"PropertyValueSpecification\",\"valueRequired\":true,\"valueName\":\"search_term_string\"}}],\"inLanguage\":\"nl-NL\"},{\"@type\":\"Organization\",\"@id\":\"https:\/\/truckned.nl\/nl\/#organization\",\"name\":\"Truckned\",\"url\":\"https:\/\/truckned.nl\/nl\/\",\"logo\":{\"@type\":\"ImageObject\",\"inLanguage\":\"nl-NL\",\"@id\":\"https:\/\/truckned.nl\/nl\/#\/schema\/logo\/image\/\",\"url\":\"https:\/\/truckned.nl\/wp-content\/uploads\/2022\/10\/800x800-Truckned-logo-zonder-tekst-ZWART.png\",\"contentUrl\":\"https:\/\/truckned.nl\/wp-content\/uploads\/2022\/10\/800x800-Truckned-logo-zonder-tekst-ZWART.png\",\"width\":801,\"height\":801,\"caption\":\"Truckned\"},\"image\":{\"@id\":\"https:\/\/truckned.nl\/nl\/#\/schema\/logo\/image\/\"},\"sameAs\":[\"https:\/\/www.facebook.com\/truckned\/\",\"https:\/\/www.instagram.com\/truckned\/\"],\"vatID\":\"NL863960509B01\",\"taxID\":\"86417487\",\"hasMerchantReturnPolicy\":{\"@type\":\"MerchantReturnPolicy\",\"merchantReturnLink\":\"https:\/\/truckned.nl\/nl\/verzenden-retourneren\/\"}}]}<\/script>\n<meta property=\"product:brand\" content=\"Vepro\" \/>\n<meta property=\"product:price:amount\" content=\"139.00\" \/>\n<meta property=\"product:price:currency\" content=\"EUR\" \/>\n<meta property=\"og:availability\" content=\"instock\" \/>\n<meta property=\"product:availability\" content=\"instock\" \/>\n<meta property=\"product:retailer_item_id\" content=\"TN-807272\" \/>\n<meta property=\"product:condition\" content=\"new\" \/>\n<!-- \/ Yoast SEO Premium plugin. -->","yoast_head_json":{"title":"Hoekschilden set Volvo FH4 - Truckned - vuilafstoter met eenvoudige montage","description":"Hoekschilden set Volvo FH4 - Volvo FH4 \/ Scania R \/ Renault T - Vepro 4077S - Montagehandleiding - ABS-PMMA - Stoere uitstraling - Truckstyling","robots":{"index":"index","follow":"follow","max-snippet":"max-snippet:-1","max-image-preview":"max-image-preview:large","max-video-preview":"max-video-preview:-1"},"canonical":"https:\/\/truckned.nl\/nl\/product\/hoekschilden-set-volvo-fh4-vepro-4077s\/","og_locale":"nl_NL","og_type":"article","og_title":"Hoekschilden set Volvo FH4 - Truckned - vuilafstoter met eenvoudige montage","og_description":"Hoekschilden set Volvo FH4 - Volvo FH4 \/ Scania R \/ Renault T - Vepro 4077S - Montagehandleiding - ABS-PMMA - Stoere uitstraling - Truckstyling","og_url":"https:\/\/truckned.nl\/nl\/product\/hoekschilden-set-volvo-fh4-vepro-4077s\/","og_site_name":"Truckned","article_publisher":"https:\/\/www.facebook.com\/truckned\/","article_modified_time":"2026-03-14T09:42:18+00:00","og_image":[{"width":800,"height":800,"url":"https:\/\/truckned.nl\/wp-content\/uploads\/2025\/07\/TN-807272.png","type":"image\/png"}],"twitter_misc":{"Prijs":"&euro;139,00","Beschikbaarheid":"Op voorraad"},"schema":{"@context":"https:\/\/schema.org","@graph":[{"@type":["WebPage","ItemPage"],"@id":"https:\/\/truckned.nl\/product\/hoekschilden-set-volvo-fh4-vepro-4077s\/","url":"https:\/\/truckned.nl\/product\/hoekschilden-set-volvo-fh4-vepro-4077s\/","name":"Hoekschilden set Volvo FH4 - Truckned - vuilafstoter met eenvoudige montage","isPartOf":{"@id":"https:\/\/truckned.nl\/nl\/#website"},"primaryImageOfPage":{"@id":"https:\/\/truckned.nl\/product\/hoekschilden-set-volvo-fh4-vepro-4077s\/#primaryimage"},"image":{"@id":"https:\/\/truckned.nl\/product\/hoekschilden-set-volvo-fh4-vepro-4077s\/#primaryimage"},"thumbnailUrl":"https:\/\/truckned.nl\/wp-content\/uploads\/2025\/07\/TN-807272.png","datePublished":"2023-10-14T11:16:56+00:00","dateModified":"2026-03-14T09:42:18+00:00","description":"Hoekschilden set Volvo FH4 - Volvo FH4 \/ Scania R \/ Renault T - Vepro 4077S - Montagehandleiding - ABS-PMMA - Stoere uitstraling - Truckstyling","breadcrumb":{"@id":"https:\/\/truckned.nl\/product\/hoekschilden-set-volvo-fh4-vepro-4077s\/#breadcrumb"},"inLanguage":"nl-NL","potentialAction":[{"@type":"ReadAction","target":["https:\/\/truckned.nl\/product\/hoekschilden-set-volvo-fh4-vepro-4077s\/"]}]},{"@type":"ImageObject","inLanguage":"nl-NL","@id":"https:\/\/truckned.nl\/product\/hoekschilden-set-volvo-fh4-vepro-4077s\/#primaryimage","url":"https:\/\/truckned.nl\/wp-content\/uploads\/2025\/07\/TN-807272.png","contentUrl":"https:\/\/truckned.nl\/wp-content\/uploads\/2025\/07\/TN-807272.png","width":800,"height":800,"caption":"Hoekschilden set Volvo FH4 - Geschikt voor Volvo FH4\/ Scania R \/ Renault T - Vepro 4077S - ABS-PMMA - Truckstyling"},{"@type":"BreadcrumbList","@id":"https:\/\/truckned.nl\/product\/hoekschilden-set-volvo-fh4-vepro-4077s\/#breadcrumb","itemListElement":[{"@type":"ListItem","position":1,"name":"Home","item":"https:\/\/truckned.nl\/"},{"@type":"ListItem","position":2,"name":"Shop","item":"https:\/\/truckned.nl\/nl\/shop\/"},{"@type":"ListItem","position":3,"name":"Cabine - buitenzijde","item":"https:\/\/truckned.nl\/nl\/product-categorie\/cabine-buitenzijde\/"},{"@type":"ListItem","position":4,"name":"Hoekschilden","item":"https:\/\/truckned.nl\/nl\/product-categorie\/cabine-buitenzijde\/hoekschilden\/"},{"@type":"ListItem","position":5,"name":"Hoekschilden set Volvo FH4 &#8211; Vepro 4077S"}]},{"@type":"WebSite","@id":"https:\/\/truckned.nl\/nl\/#website","url":"https:\/\/truckned.nl\/nl\/","name":"Truckned","description":"","publisher":{"@id":"https:\/\/truckned.nl\/nl\/#organization"},"potentialAction":[{"@type":"SearchAction","target":{"@type":"EntryPoint","urlTemplate":"https:\/\/truckned.nl\/nl\/?s={search_term_string}"},"query-input":{"@type":"PropertyValueSpecification","valueRequired":true,"valueName":"search_term_string"}}],"inLanguage":"nl-NL"},{"@type":"Organization","@id":"https:\/\/truckned.nl\/nl\/#organization","name":"Truckned","url":"https:\/\/truckned.nl\/nl\/","logo":{"@type":"ImageObject","inLanguage":"nl-NL","@id":"https:\/\/truckned.nl\/nl\/#\/schema\/logo\/image\/","url":"https:\/\/truckned.nl\/wp-content\/uploads\/2022\/10\/800x800-Truckned-logo-zonder-tekst-ZWART.png","contentUrl":"https:\/\/truckned.nl\/wp-content\/uploads\/2022\/10\/800x800-Truckned-logo-zonder-tekst-ZWART.png","width":801,"height":801,"caption":"Truckned"},"image":{"@id":"https:\/\/truckned.nl\/nl\/#\/schema\/logo\/image\/"},"sameAs":["https:\/\/www.facebook.com\/truckned\/","https:\/\/www.instagram.com\/truckned\/"],"vatID":"NL863960509B01","taxID":"86417487","hasMerchantReturnPolicy":{"@type":"MerchantReturnPolicy","merchantReturnLink":"https:\/\/truckned.nl\/nl\/verzenden-retourneren\/"}}]},"product_brand":"Vepro","product_price_amount":"139.00","product_price_currency":"EUR","og_availability":"instock","product_availability":"instock","product_retailer_item_id":"TN-807272","product_condition":"new"},"_links":{"self":[{"href":"https:\/\/truckned.nl\/nl\/wp-json\/wp\/v2\/product\/32315","targetHints":{"allow":["GET"]}}],"collection":[{"href":"https:\/\/truckned.nl\/nl\/wp-json\/wp\/v2\/product"}],"about":[{"href":"https:\/\/truckned.nl\/nl\/wp-json\/wp\/v2\/types\/product"}],"replies":[{"embeddable":true,"href":"https:\/\/truckned.nl\/nl\/wp-json\/wp\/v2\/comments?post=32315"}],"wp:featuredmedia":[{"embeddable":true,"href":"https:\/\/truckned.nl\/nl\/wp-json\/wp\/v2\/media\/32413"}],"wp:attachment":[{"href":"https:\/\/truckned.nl\/nl\/wp-json\/wp\/v2\/media?parent=32315"}],"wp:term":[{"taxonomy":"product_brand","embeddable":true,"href":"https:\/\/truckned.nl\/nl\/wp-json\/wp\/v2\/product_brand?post=32315"},{"taxonomy":"product_cat","embeddable":true,"href":"https:\/\/truckned.nl\/nl\/wp-json\/wp\/v2\/product_cat?post=32315"},{"taxonomy":"product_tag","embeddable":true,"href":"https:\/\/truckned.nl\/nl\/wp-json\/wp\/v2\/product_tag?post=32315"}],"curies":[{"name":"wp","href":"https:\/\/api.w.org\/{rel}","templated":true}]}}