{"id":32832,"date":"2025-03-16T14:41:18","date_gmt":"2025-03-16T13:41:18","guid":{"rendered":"https:\/\/truckned.nl\/?post_type=product&#038;p=32832"},"modified":"2025-10-23T10:23:25","modified_gmt":"2025-10-23T08:23:25","slug":"strands-for9t-illusion-achterlicht","status":"publish","type":"product","link":"https:\/\/truckned.nl\/nl\/product\/strands-for9t-illusion-achterlicht\/","title":{"rendered":"Strands FOR9T Illusion achterlicht"},"content":{"rendered":"<p><span style=\"color: #000000;\"><strong>Strands FOR9T Illusion achterlicht met remlicht functie, voor 12&amp; 24 volt.\u00a0<\/strong><\/span><\/p>\n<p><span style=\"color: #000000;\">Zoek je een LED achterlicht dat niet alleen praktisch is, maar je voertuig ook direct een moderne look geeft? Dan is het Strands FOR9T Illusion achterlicht precies waar je naar op zoek bent. Deze unit combineert twee functies in \u00e9\u00e9n: achterlicht \u00e9n remlicht. Dankzij de donkere lens sluit hij perfect aan bij het strakke design van je truck of trailer, en hij past bovendien helemaal bij de rest van de FOR9T-serie van Strands. Monteer je hem samen met het IZE LED frame, dan verloopt de installatie nog makkelijker en weet je zeker dat de lamp stevig en netjes op zijn plek zit.<\/span><\/p>\n<p><span style=\"color: #000000;\">Het FOR9T achterlicht werkt op 12 \u00e9n 24 volt en wordt geleverd met een stevige 2,5 meter kabel, waardoor je veel vrijheid hebt bij de montage. Je kunt hem dus gebruiken op allerlei voertuigen: van vrachtwagens en opleggers tot campers, tractors en aanhangers. Met de offici\u00eble ECE R148 goedkeuring en een IP67-classificatie is dit achterlicht volledig stof- en waterdicht, en dus bestand tegen regen, modder en zware omstandigheden. Dankzij het robuuste materiaal en slimme ontwerp ben je verzekerd van een duurzame LED-lamp die jarenlang betrouwbaar meegaat.<\/span><\/p>\n<h5><span style=\"color: #000000;\"><strong>Afmetingen:<\/strong><\/span><\/h5>\n<p><span style=\"color: #000000;\">Je wilt natuurlijk ook zeker weten dat het FOR9T Illusion achterlicht perfect bij jouw voertuig past. Daarom hebben we hieronder de belangrijkste eigenschappen overzichtelijk voor je genoteerd. Zo weet je direct of dit model geschikt is voor jouw toepassing.<\/span><\/p>\n<ul>\n<li><span style=\"color: #000000;\">Lengte: 113 mm<\/span><\/li>\n<li><span style=\"color: #000000;\">Hoogte: 110 mm\u00a0<\/span><\/li>\n<li><span style=\"color: #000000;\">Inbouwdiepte: 46 mm<\/span><\/li>\n<li><span style=\"color: #000000;\">H.o.H.: 115 mm<\/span><\/li>\n<\/ul>\n<h5><span style=\"color: #000000;\"><strong>Overige modellen:<\/strong><\/span><\/h5>\n<p><span style=\"color: #000000;\">Wil je wel een LED achterlicht, maar is het Strands FOR9T Illusion achterlicht niet helemaal wat je zoekt? Geen zorgen! Binnen de Strands FOR9T-serie zijn er meerdere uitvoeringen verkrijgbaar. Zo vind je altijd een variant die perfect aansluit bij jouw wensen en voertuig. Hieronder zetten we de overige modellen voor je op een rij:<\/span><\/p>\n<ul>\n<li><a href=\"https:\/\/truckned.nl\/product\/strands-for9t-illusion-mist-achteruitrijlicht\/\"><span style=\"color: #000000;\"><strong>FOR9T Illusion mist &#8211; achteruitrijlicht<\/strong><\/span><\/a><\/li>\n<li><a href=\"https:\/\/truckned.nl\/product\/strands-for9t-illusion-3-kamer-achterlicht\/\"><span style=\"color: #000000;\"><strong>FOR9T Illusion 3 kamer achterlicht<\/strong><\/span><span style=\"color: #000000;\"><strong>\u00a0<\/strong><\/span><\/a><\/li>\n<li><a href=\"https:\/\/truckned.nl\/product\/strands-for9t-illusion-knipperlicht\/\"><span style=\"color: #000000;\"><strong>FOR9T Illusion knipperlicht<\/strong><\/span><\/a><\/li>\n<\/ul>\n<p><span style=\"color: #000000;\">Twijfel je nog of het Strands FOR9T Illusion achterlicht de juiste keuze is? Misschien zoek je liever een andere uitvoering, formaat of stijl. Geen probleem! In ons complete assortiment <a style=\"color: #000000;\" href=\"https:\/\/truckned.nl\/nl\/product-categorie\/verlichting\/verlichting-achterlichten\/\">LED achterlichten<\/a> vind je daarom volop alternatieven. Grote kans dat daar precies het model tussen zit dat w\u00e9l perfect past bij jouw truck, trailer of ander voertuig. Bekijk de pagina<a style=\"color: #000000;\" href=\"https:\/\/truckned.nl\/nl\/product-categorie\/verlichting\/verlichting-achterlichten\/\">\u00a0achterlichten<\/a> en ontdek het hele aanbod.<\/span><\/p>\n","protected":false},"excerpt":{"rendered":"<p>Strands FOR9T Illusion achterlicht met remlicht functie, voor 12&amp; 24 volt.\u00a0 Zoek je een LED achterlicht dat niet alleen praktisch is, maar je voertuig ook direct een moderne look geeft? Dan is het Strands FOR9T Illusion achterlicht precies waar je naar op zoek bent. Deze unit combineert twee functies in \u00e9\u00e9n: achterlicht \u00e9n remlicht. Dankzij [&hellip;]<\/p>\n","protected":false},"featured_media":33465,"comment_status":"open","ping_status":"closed","template":"","meta":{"_acf_changed":false,"site-sidebar-layout":"default","site-content-layout":"default","ast-site-content-layout":"default","site-content-style":"default","site-sidebar-style":"default","ast-global-header-display":"","ast-banner-title-visibility":"","ast-main-header-display":"","ast-hfb-above-header-display":"","ast-hfb-below-header-display":"","ast-hfb-mobile-header-display":"","site-post-title":"","ast-breadcrumbs-content":"","ast-featured-img":"","footer-sml-layout":"","ast-disable-related-posts":"","theme-transparent-header-meta":"default","adv-header-id-meta":"","stick-header-meta":"","header-above-stick-meta":"","header-main-stick-meta":"","header-below-stick-meta":"","astra-migrate-meta-layouts":"set","ast-page-background-enabled":"default","ast-page-background-meta":{"desktop":{"background-color":"","background-image":"","background-repeat":"repeat","background-position":"center center","background-size":"auto","background-attachment":"scroll","background-type":"","background-media":"","overlay-type":"","overlay-color":"","overlay-opacity":"","overlay-gradient":""},"tablet":{"background-color":"","background-image":"","background-repeat":"repeat","background-position":"center center","background-size":"auto","background-attachment":"scroll","background-type":"","background-media":"","overlay-type":"","overlay-color":"","overlay-opacity":"","overlay-gradient":""},"mobile":{"background-color":"","background-image":"","background-repeat":"repeat","background-position":"center center","background-size":"auto","background-attachment":"scroll","background-type":"","background-media":"","overlay-type":"","overlay-color":"","overlay-opacity":"","overlay-gradient":""}},"ast-content-background-meta":{"desktop":{"background-color":"var(--ast-global-color-5)","background-image":"","background-repeat":"repeat","background-position":"center center","background-size":"auto","background-attachment":"scroll","background-type":"","background-media":"","overlay-type":"","overlay-color":"","overlay-opacity":"","overlay-gradient":""},"tablet":{"background-color":"var(--ast-global-color-5)","background-image":"","background-repeat":"repeat","background-position":"center center","background-size":"auto","background-attachment":"scroll","background-type":"","background-media":"","overlay-type":"","overlay-color":"","overlay-opacity":"","overlay-gradient":""},"mobile":{"background-color":"var(--ast-global-color-5)","background-image":"","background-repeat":"repeat","background-position":"center center","background-size":"auto","background-attachment":"scroll","background-type":"","background-media":"","overlay-type":"","overlay-color":"","overlay-opacity":"","overlay-gradient":""}}},"product_brand":[],"product_cat":[7526],"product_tag":[],"class_list":{"0":"post-32832","1":"product","2":"type-product","3":"status-publish","4":"has-post-thumbnail","6":"product_cat-verlichting-achterlichten","7":"pa_merkk-product-strands-lighting-division","8":"desktop-align-left","9":"tablet-align-left","10":"mobile-align-left","12":"first","13":"instock","14":"taxable","15":"shipping-taxable","16":"purchasable","17":"product-type-simple"},"acf":[],"yoast_head":"<!-- This site is optimized with the Yoast SEO Premium plugin v26.5 (Yoast SEO v26.5) - https:\/\/yoast.com\/wordpress\/plugins\/seo\/ -->\n<title>Strands FOR9T Illusion achterlicht - Truckned - 12&amp;24V<\/title>\n<meta name=\"description\" content=\"Strands FOR9T Illusion achterlicht - voor auto, vrachtwagen en meer - ECE R148 - voorzien van remlicht en achterlicht - 12&amp;24V\" \/>\n<meta name=\"robots\" content=\"index, follow, max-snippet:-1, max-image-preview:large, max-video-preview:-1\" \/>\n<link rel=\"canonical\" href=\"https:\/\/truckned.nl\/nl\/product\/strands-for9t-illusion-achterlicht\/\" \/>\n<meta property=\"og:locale\" content=\"nl_NL\" \/>\n<meta property=\"og:type\" content=\"article\" \/>\n<meta property=\"og:title\" content=\"Strands FOR9T Illusion achterlicht - Truckned - 12&amp;24V\" \/>\n<meta property=\"og:description\" content=\"Strands FOR9T Illusion achterlicht - voor auto, vrachtwagen en meer - ECE R148 - voorzien van remlicht en achterlicht - 12&amp;24V\" \/>\n<meta property=\"og:url\" content=\"https:\/\/truckned.nl\/nl\/product\/strands-for9t-illusion-achterlicht\/\" \/>\n<meta property=\"og:site_name\" content=\"Truckned\" \/>\n<meta property=\"article:publisher\" content=\"https:\/\/www.facebook.com\/truckned\/\" \/>\n<meta property=\"article:modified_time\" content=\"2025-10-23T08:23:25+00:00\" \/>\n<meta property=\"og:image\" content=\"https:\/\/truckned.nl\/wp-content\/uploads\/2025\/09\/TN-800656-SM.png\" \/>\n\t<meta property=\"og:image:width\" content=\"800\" \/>\n\t<meta property=\"og:image:height\" content=\"800\" \/>\n\t<meta property=\"og:image:type\" content=\"image\/png\" \/>\n<meta name=\"twitter:label1\" content=\"Prijs\" \/>\n\t<meta name=\"twitter:data1\" content=\"&euro;79,00\" \/>\n\t<meta name=\"twitter:label2\" content=\"Beschikbaarheid\" \/>\n\t<meta name=\"twitter:data2\" content=\"Op voorraad\" \/>\n<script type=\"application\/ld+json\" class=\"yoast-schema-graph\">{\"@context\":\"https:\/\/schema.org\",\"@graph\":[{\"@type\":[\"WebPage\",\"ItemPage\"],\"@id\":\"https:\/\/truckned.nl\/product\/strands-for9t-illusion-achterlicht\/\",\"url\":\"https:\/\/truckned.nl\/product\/strands-for9t-illusion-achterlicht\/\",\"name\":\"Strands FOR9T Illusion achterlicht - Truckned - 12&24V\",\"isPartOf\":{\"@id\":\"https:\/\/truckned.nl\/nl\/#website\"},\"primaryImageOfPage\":{\"@id\":\"https:\/\/truckned.nl\/product\/strands-for9t-illusion-achterlicht\/#primaryimage\"},\"image\":{\"@id\":\"https:\/\/truckned.nl\/product\/strands-for9t-illusion-achterlicht\/#primaryimage\"},\"thumbnailUrl\":\"https:\/\/truckned.nl\/wp-content\/uploads\/2025\/03\/TN-800656-00.png\",\"datePublished\":\"2025-03-16T13:41:18+00:00\",\"dateModified\":\"2025-10-23T08:23:25+00:00\",\"description\":\"Strands FOR9T Illusion achterlicht - voor auto, vrachtwagen en meer - ECE R148 - voorzien van remlicht en achterlicht - 12&24V\",\"breadcrumb\":{\"@id\":\"https:\/\/truckned.nl\/product\/strands-for9t-illusion-achterlicht\/#breadcrumb\"},\"inLanguage\":\"nl-NL\",\"potentialAction\":[{\"@type\":\"ReadAction\",\"target\":[\"https:\/\/truckned.nl\/product\/strands-for9t-illusion-achterlicht\/\"]}]},{\"@type\":\"ImageObject\",\"inLanguage\":\"nl-NL\",\"@id\":\"https:\/\/truckned.nl\/product\/strands-for9t-illusion-achterlicht\/#primaryimage\",\"url\":\"https:\/\/truckned.nl\/wp-content\/uploads\/2025\/03\/TN-800656-00.png\",\"contentUrl\":\"https:\/\/truckned.nl\/wp-content\/uploads\/2025\/03\/TN-800656-00.png\",\"width\":800,\"height\":800,\"caption\":\"Strands 800656\"},{\"@type\":\"BreadcrumbList\",\"@id\":\"https:\/\/truckned.nl\/product\/strands-for9t-illusion-achterlicht\/#breadcrumb\",\"itemListElement\":[{\"@type\":\"ListItem\",\"position\":1,\"name\":\"Home\",\"item\":\"https:\/\/truckned.nl\/\"},{\"@type\":\"ListItem\",\"position\":2,\"name\":\"Shop\",\"item\":\"https:\/\/truckned.nl\/nl\/shop\/\"},{\"@type\":\"ListItem\",\"position\":3,\"name\":\"Verlichting\",\"item\":\"https:\/\/truckned.nl\/de\/produkt-kategorie\/verlichting\/\"},{\"@type\":\"ListItem\",\"position\":4,\"name\":\"Achterlichten\",\"item\":\"https:\/\/truckned.nl\/de\/produkt-kategorie\/verlichting\/verlichting-achterlichten\/\"},{\"@type\":\"ListItem\",\"position\":5,\"name\":\"Strands FOR9T Illusion achterlicht\"}]},{\"@type\":\"WebSite\",\"@id\":\"https:\/\/truckned.nl\/nl\/#website\",\"url\":\"https:\/\/truckned.nl\/nl\/\",\"name\":\"Truckned\",\"description\":\"\",\"publisher\":{\"@id\":\"https:\/\/truckned.nl\/nl\/#organization\"},\"potentialAction\":[{\"@type\":\"SearchAction\",\"target\":{\"@type\":\"EntryPoint\",\"urlTemplate\":\"https:\/\/truckned.nl\/nl\/?s={search_term_string}\"},\"query-input\":{\"@type\":\"PropertyValueSpecification\",\"valueRequired\":true,\"valueName\":\"search_term_string\"}}],\"inLanguage\":\"nl-NL\"},{\"@type\":\"Organization\",\"@id\":\"https:\/\/truckned.nl\/nl\/#organization\",\"name\":\"Truckned\",\"url\":\"https:\/\/truckned.nl\/nl\/\",\"logo\":{\"@type\":\"ImageObject\",\"inLanguage\":\"nl-NL\",\"@id\":\"https:\/\/truckned.nl\/nl\/#\/schema\/logo\/image\/\",\"url\":\"https:\/\/truckned.nl\/wp-content\/uploads\/2022\/10\/800x800-Truckned-logo-zonder-tekst-ZWART.png\",\"contentUrl\":\"https:\/\/truckned.nl\/wp-content\/uploads\/2022\/10\/800x800-Truckned-logo-zonder-tekst-ZWART.png\",\"width\":801,\"height\":801,\"caption\":\"Truckned\"},\"image\":{\"@id\":\"https:\/\/truckned.nl\/nl\/#\/schema\/logo\/image\/\"},\"sameAs\":[\"https:\/\/www.facebook.com\/truckned\/\",\"https:\/\/www.instagram.com\/truckned\/\"],\"vatID\":\"NL863960509B01\",\"taxID\":\"86417487\",\"hasMerchantReturnPolicy\":{\"@type\":\"MerchantReturnPolicy\",\"merchantReturnLink\":\"https:\/\/truckned.nl\/nl\/verzenden-retourneren\/\"}}]}<\/script>\n<meta property=\"product:brand\" content=\"Strands\" \/>\n<meta property=\"product:price:amount\" content=\"79.00\" \/>\n<meta property=\"product:price:currency\" content=\"EUR\" \/>\n<meta property=\"og:availability\" content=\"instock\" \/>\n<meta property=\"product:availability\" content=\"instock\" \/>\n<meta property=\"product:retailer_item_id\" content=\"TN-800656\" \/>\n<meta property=\"product:condition\" content=\"new\" \/>\n<!-- \/ Yoast SEO Premium plugin. -->","yoast_head_json":{"title":"Strands FOR9T Illusion achterlicht - Truckned - 12&24V","description":"Strands FOR9T Illusion achterlicht - voor auto, vrachtwagen en meer - ECE R148 - voorzien van remlicht en achterlicht - 12&24V","robots":{"index":"index","follow":"follow","max-snippet":"max-snippet:-1","max-image-preview":"max-image-preview:large","max-video-preview":"max-video-preview:-1"},"canonical":"https:\/\/truckned.nl\/nl\/product\/strands-for9t-illusion-achterlicht\/","og_locale":"nl_NL","og_type":"article","og_title":"Strands FOR9T Illusion achterlicht - Truckned - 12&24V","og_description":"Strands FOR9T Illusion achterlicht - voor auto, vrachtwagen en meer - ECE R148 - voorzien van remlicht en achterlicht - 12&24V","og_url":"https:\/\/truckned.nl\/nl\/product\/strands-for9t-illusion-achterlicht\/","og_site_name":"Truckned","article_publisher":"https:\/\/www.facebook.com\/truckned\/","article_modified_time":"2025-10-23T08:23:25+00:00","og_image":[{"width":800,"height":800,"url":"https:\/\/truckned.nl\/wp-content\/uploads\/2025\/09\/TN-800656-SM.png","type":"image\/png"}],"twitter_misc":{"Prijs":"&euro;79,00","Beschikbaarheid":"Op voorraad"},"schema":{"@context":"https:\/\/schema.org","@graph":[{"@type":["WebPage","ItemPage"],"@id":"https:\/\/truckned.nl\/product\/strands-for9t-illusion-achterlicht\/","url":"https:\/\/truckned.nl\/product\/strands-for9t-illusion-achterlicht\/","name":"Strands FOR9T Illusion achterlicht - Truckned - 12&24V","isPartOf":{"@id":"https:\/\/truckned.nl\/nl\/#website"},"primaryImageOfPage":{"@id":"https:\/\/truckned.nl\/product\/strands-for9t-illusion-achterlicht\/#primaryimage"},"image":{"@id":"https:\/\/truckned.nl\/product\/strands-for9t-illusion-achterlicht\/#primaryimage"},"thumbnailUrl":"https:\/\/truckned.nl\/wp-content\/uploads\/2025\/03\/TN-800656-00.png","datePublished":"2025-03-16T13:41:18+00:00","dateModified":"2025-10-23T08:23:25+00:00","description":"Strands FOR9T Illusion achterlicht - voor auto, vrachtwagen en meer - ECE R148 - voorzien van remlicht en achterlicht - 12&24V","breadcrumb":{"@id":"https:\/\/truckned.nl\/product\/strands-for9t-illusion-achterlicht\/#breadcrumb"},"inLanguage":"nl-NL","potentialAction":[{"@type":"ReadAction","target":["https:\/\/truckned.nl\/product\/strands-for9t-illusion-achterlicht\/"]}]},{"@type":"ImageObject","inLanguage":"nl-NL","@id":"https:\/\/truckned.nl\/product\/strands-for9t-illusion-achterlicht\/#primaryimage","url":"https:\/\/truckned.nl\/wp-content\/uploads\/2025\/03\/TN-800656-00.png","contentUrl":"https:\/\/truckned.nl\/wp-content\/uploads\/2025\/03\/TN-800656-00.png","width":800,"height":800,"caption":"Strands 800656"},{"@type":"BreadcrumbList","@id":"https:\/\/truckned.nl\/product\/strands-for9t-illusion-achterlicht\/#breadcrumb","itemListElement":[{"@type":"ListItem","position":1,"name":"Home","item":"https:\/\/truckned.nl\/"},{"@type":"ListItem","position":2,"name":"Shop","item":"https:\/\/truckned.nl\/nl\/shop\/"},{"@type":"ListItem","position":3,"name":"Verlichting","item":"https:\/\/truckned.nl\/de\/produkt-kategorie\/verlichting\/"},{"@type":"ListItem","position":4,"name":"Achterlichten","item":"https:\/\/truckned.nl\/de\/produkt-kategorie\/verlichting\/verlichting-achterlichten\/"},{"@type":"ListItem","position":5,"name":"Strands FOR9T Illusion achterlicht"}]},{"@type":"WebSite","@id":"https:\/\/truckned.nl\/nl\/#website","url":"https:\/\/truckned.nl\/nl\/","name":"Truckned","description":"","publisher":{"@id":"https:\/\/truckned.nl\/nl\/#organization"},"potentialAction":[{"@type":"SearchAction","target":{"@type":"EntryPoint","urlTemplate":"https:\/\/truckned.nl\/nl\/?s={search_term_string}"},"query-input":{"@type":"PropertyValueSpecification","valueRequired":true,"valueName":"search_term_string"}}],"inLanguage":"nl-NL"},{"@type":"Organization","@id":"https:\/\/truckned.nl\/nl\/#organization","name":"Truckned","url":"https:\/\/truckned.nl\/nl\/","logo":{"@type":"ImageObject","inLanguage":"nl-NL","@id":"https:\/\/truckned.nl\/nl\/#\/schema\/logo\/image\/","url":"https:\/\/truckned.nl\/wp-content\/uploads\/2022\/10\/800x800-Truckned-logo-zonder-tekst-ZWART.png","contentUrl":"https:\/\/truckned.nl\/wp-content\/uploads\/2022\/10\/800x800-Truckned-logo-zonder-tekst-ZWART.png","width":801,"height":801,"caption":"Truckned"},"image":{"@id":"https:\/\/truckned.nl\/nl\/#\/schema\/logo\/image\/"},"sameAs":["https:\/\/www.facebook.com\/truckned\/","https:\/\/www.instagram.com\/truckned\/"],"vatID":"NL863960509B01","taxID":"86417487","hasMerchantReturnPolicy":{"@type":"MerchantReturnPolicy","merchantReturnLink":"https:\/\/truckned.nl\/nl\/verzenden-retourneren\/"}}]},"product_brand":"Strands","product_price_amount":"79.00","product_price_currency":"EUR","og_availability":"instock","product_availability":"instock","product_retailer_item_id":"TN-800656","product_condition":"new"},"_links":{"self":[{"href":"https:\/\/truckned.nl\/nl\/wp-json\/wp\/v2\/product\/32832","targetHints":{"allow":["GET"]}}],"collection":[{"href":"https:\/\/truckned.nl\/nl\/wp-json\/wp\/v2\/product"}],"about":[{"href":"https:\/\/truckned.nl\/nl\/wp-json\/wp\/v2\/types\/product"}],"replies":[{"embeddable":true,"href":"https:\/\/truckned.nl\/nl\/wp-json\/wp\/v2\/comments?post=32832"}],"wp:featuredmedia":[{"embeddable":true,"href":"https:\/\/truckned.nl\/nl\/wp-json\/wp\/v2\/media\/33465"}],"wp:attachment":[{"href":"https:\/\/truckned.nl\/nl\/wp-json\/wp\/v2\/media?parent=32832"}],"wp:term":[{"taxonomy":"product_brand","embeddable":true,"href":"https:\/\/truckned.nl\/nl\/wp-json\/wp\/v2\/product_brand?post=32832"},{"taxonomy":"product_cat","embeddable":true,"href":"https:\/\/truckned.nl\/nl\/wp-json\/wp\/v2\/product_cat?post=32832"},{"taxonomy":"product_tag","embeddable":true,"href":"https:\/\/truckned.nl\/nl\/wp-json\/wp\/v2\/product_tag?post=32832"}],"curies":[{"name":"wp","href":"https:\/\/api.w.org\/{rel}","templated":true}]}}