{"id":33127,"date":"2025-04-14T16:00:35","date_gmt":"2025-04-14T14:00:35","guid":{"rendered":"https:\/\/truckned.nl\/?post_type=product&#038;p=33127"},"modified":"2026-05-03T22:38:25","modified_gmt":"2026-05-03T20:38:25","slug":"pin-stiholt","status":"publish","type":"product","link":"https:\/\/truckned.nl\/nl\/product\/pin-stiholt\/","title":{"rendered":"PIN &#8211; Stiholt"},"content":{"rendered":"<p><span style=\"color: #000000;\"><strong>PIN &#8211; Stiholt.<\/strong><\/span><\/p>\n<p><span style=\"color: #000000;\">Laat meteen zien dat jij een echte Scania-liefhebber bent met de PIN Stiholt. Deze unieke pin valt direct op en trekt aandacht. Bovendien is hij ge\u00efnspireerd op de legendarische Deense Scania-dealer en ombouwer Stiholt. De vorm is gebaseerd op de iconische spatlap. Zo laat je direct zien dat jij trots bent op je truck. Bovendien geef je je cabine extra karakter en stijl. Perfect voor chauffeurs die hun Scania net dat beetje extra willen geven.<\/span><\/p>\n<p><span style=\"color: #000000;\">De PIN Stiholt is gemaakt van stevig metaal. Daarnaast is hij uitgevoerd in 3D-stijl, waardoor hij stoer oogt \u00e9n lang meegaat. Je kunt hem overal neerzetten: op je dashboard, zonneklep of stoel. Dankzij het compacte formaat past hij altijd. Bovendien springt de Nedking pin Stiholt direct in het oog. Zo combineer je stijl, kracht en speelsheid in \u00e9\u00e9n compacte pin. Kortom: een opvallende \u00e9n betekenisvolle toevoeging voor elke trucker die zijn cabine wil personaliseren.<\/span><\/p>\n<div class=\"truncated\">\n<h5><span style=\"color: #000000;\"><strong>Maak je pincollectie compleet!<\/strong><\/span><\/h5>\n<p><span style=\"color: #000000;\">Is de Nedking pin Stiholt variant nog maar het begin van jouw verzameling? Breid je collectie daarnaast uit met andere toffe Nedking pins, zoals bijvoorbeeld:<\/span><\/p>\n<ul>\n<li><span style=\"color: #000000;\"><a style=\"color: #000000;\" href=\"https:\/\/truckned.nl\/product\/pin-v8-logo\/\"><strong>PIN &#8211; V8 Logo<\/strong><\/a><\/span><\/li>\n<\/ul>\n<p><span style=\"color: #000000;\">Wil je jouw cabine nog persoonlijker maken? Neem in dit geval een kijkje in ons complete assortiment <a style=\"color: #000000;\" href=\"https:\/\/truckned.nl\/product-categorie\/cabine-binnenzijden\/\">truck-accessoires<\/a> en vind de perfecte items om jouw truck een unieke uitstraling te geven.<\/span><\/p>\n<\/div>\n","protected":false},"excerpt":{"rendered":"<p>PIN &#8211; Stiholt. Laat meteen zien dat jij een echte Scania-liefhebber bent met de PIN Stiholt. Deze unieke pin valt direct op en trekt aandacht. Bovendien is hij ge\u00efnspireerd op de legendarische Deense Scania-dealer en ombouwer Stiholt. De vorm is gebaseerd op de iconische spatlap. Zo laat je direct zien dat jij trots bent op [&hellip;]<\/p>\n","protected":false},"featured_media":33146,"comment_status":"open","ping_status":"closed","template":"","meta":{"_acf_changed":false,"site-sidebar-layout":"default","site-content-layout":"","ast-site-content-layout":"default","site-content-style":"default","site-sidebar-style":"default","ast-global-header-display":"","ast-banner-title-visibility":"","ast-main-header-display":"","ast-hfb-above-header-display":"","ast-hfb-below-header-display":"","ast-hfb-mobile-header-display":"","site-post-title":"","ast-breadcrumbs-content":"","ast-featured-img":"","footer-sml-layout":"","ast-disable-related-posts":"","theme-transparent-header-meta":"default","adv-header-id-meta":"","stick-header-meta":"","header-above-stick-meta":"","header-main-stick-meta":"","header-below-stick-meta":"","astra-migrate-meta-layouts":"set","ast-page-background-enabled":"default","ast-page-background-meta":{"desktop":{"background-color":"","background-image":"","background-repeat":"repeat","background-position":"center center","background-size":"auto","background-attachment":"scroll","background-type":"","background-media":"","overlay-type":"","overlay-color":"","overlay-opacity":"","overlay-gradient":""},"tablet":{"background-color":"","background-image":"","background-repeat":"repeat","background-position":"center center","background-size":"auto","background-attachment":"scroll","background-type":"","background-media":"","overlay-type":"","overlay-color":"","overlay-opacity":"","overlay-gradient":""},"mobile":{"background-color":"","background-image":"","background-repeat":"repeat","background-position":"center center","background-size":"auto","background-attachment":"scroll","background-type":"","background-media":"","overlay-type":"","overlay-color":"","overlay-opacity":"","overlay-gradient":""}},"ast-content-background-meta":{"desktop":{"background-color":"var(--ast-global-color-5)","background-image":"","background-repeat":"repeat","background-position":"center center","background-size":"auto","background-attachment":"scroll","background-type":"","background-media":"","overlay-type":"","overlay-color":"","overlay-opacity":"","overlay-gradient":""},"tablet":{"background-color":"var(--ast-global-color-5)","background-image":"","background-repeat":"repeat","background-position":"center center","background-size":"auto","background-attachment":"scroll","background-type":"","background-media":"","overlay-type":"","overlay-color":"","overlay-opacity":"","overlay-gradient":""},"mobile":{"background-color":"var(--ast-global-color-5)","background-image":"","background-repeat":"repeat","background-position":"center center","background-size":"auto","background-attachment":"scroll","background-type":"","background-media":"","overlay-type":"","overlay-color":"","overlay-opacity":"","overlay-gradient":""}}},"product_brand":[],"product_cat":[7537],"product_tag":[],"class_list":{"0":"post-33127","1":"product","2":"type-product","3":"status-publish","4":"has-post-thumbnail","6":"product_cat-cabine-accessoires","7":"pa_merkk-product-nedking","8":"desktop-align-left","9":"tablet-align-left","10":"mobile-align-left","12":"first","13":"instock","14":"taxable","15":"shipping-taxable","16":"purchasable","17":"product-type-simple"},"acf":[],"yoast_head":"<!-- This site is optimized with the Yoast SEO Premium plugin v26.5 (Yoast SEO v26.5) - https:\/\/yoast.com\/wordpress\/plugins\/seo\/ -->\n<title>PIN - Stiholt - Truckned - truck accessoires en meer<\/title>\n<meta name=\"description\" content=\"PIN - Stiholt - 3D effect - puur vakmanschap - hoogwaardige metalen pin - perfecte accessoire voor je cabine - verzamel alle pins\" \/>\n<meta name=\"robots\" content=\"index, follow, max-snippet:-1, max-image-preview:large, max-video-preview:-1\" \/>\n<link rel=\"canonical\" href=\"https:\/\/truckned.nl\/nl\/product\/pin-stiholt\/\" \/>\n<meta property=\"og:locale\" content=\"nl_NL\" \/>\n<meta property=\"og:type\" content=\"article\" \/>\n<meta property=\"og:title\" content=\"PIN - Stiholt - Truckned - truck accessoires en meer\" \/>\n<meta property=\"og:description\" content=\"PIN - Stiholt - 3D effect - puur vakmanschap - hoogwaardige metalen pin - perfecte accessoire voor je cabine - verzamel alle pins\" \/>\n<meta property=\"og:url\" content=\"https:\/\/truckned.nl\/nl\/product\/pin-stiholt\/\" \/>\n<meta property=\"og:site_name\" content=\"Truckned\" \/>\n<meta property=\"article:publisher\" content=\"https:\/\/www.facebook.com\/truckned\/\" \/>\n<meta property=\"article:modified_time\" content=\"2026-05-03T20:38:25+00:00\" \/>\n<meta property=\"og:image\" content=\"https:\/\/truckned.nl\/wp-content\/uploads\/2025\/10\/TN-501001-SM.png\" \/>\n\t<meta property=\"og:image:width\" content=\"800\" \/>\n\t<meta property=\"og:image:height\" content=\"800\" \/>\n\t<meta property=\"og:image:type\" content=\"image\/png\" \/>\n<meta name=\"twitter:label1\" content=\"Prijs\" \/>\n\t<meta name=\"twitter:data1\" content=\"&euro;7,95\" \/>\n\t<meta name=\"twitter:label2\" content=\"Beschikbaarheid\" \/>\n\t<meta name=\"twitter:data2\" content=\"Op voorraad\" \/>\n<script type=\"application\/ld+json\" class=\"yoast-schema-graph\">{\"@context\":\"https:\/\/schema.org\",\"@graph\":[{\"@type\":[\"WebPage\",\"ItemPage\"],\"@id\":\"https:\/\/truckned.nl\/product\/pin-stiholt\/\",\"url\":\"https:\/\/truckned.nl\/product\/pin-stiholt\/\",\"name\":\"PIN - Stiholt - Truckned - truck accessoires en meer\",\"isPartOf\":{\"@id\":\"https:\/\/truckned.nl\/nl\/#website\"},\"primaryImageOfPage\":{\"@id\":\"https:\/\/truckned.nl\/product\/pin-stiholt\/#primaryimage\"},\"image\":{\"@id\":\"https:\/\/truckned.nl\/product\/pin-stiholt\/#primaryimage\"},\"thumbnailUrl\":\"https:\/\/truckned.nl\/wp-content\/uploads\/2025\/10\/TN-501001.png\",\"datePublished\":\"2025-04-14T14:00:35+00:00\",\"dateModified\":\"2026-05-03T20:38:25+00:00\",\"description\":\"PIN - Stiholt - 3D effect - puur vakmanschap - hoogwaardige metalen pin - perfecte accessoire voor je cabine - verzamel alle pins\",\"breadcrumb\":{\"@id\":\"https:\/\/truckned.nl\/product\/pin-stiholt\/#breadcrumb\"},\"inLanguage\":\"nl-NL\",\"potentialAction\":[{\"@type\":\"ReadAction\",\"target\":[\"https:\/\/truckned.nl\/product\/pin-stiholt\/\"]}]},{\"@type\":\"ImageObject\",\"inLanguage\":\"nl-NL\",\"@id\":\"https:\/\/truckned.nl\/product\/pin-stiholt\/#primaryimage\",\"url\":\"https:\/\/truckned.nl\/wp-content\/uploads\/2025\/10\/TN-501001.png\",\"contentUrl\":\"https:\/\/truckned.nl\/wp-content\/uploads\/2025\/10\/TN-501001.png\",\"width\":800,\"height\":800,\"caption\":\"PIN - Stiholt - TN-501001 - nostalgie op je dashboard - metalen pin - Nedking\"},{\"@type\":\"BreadcrumbList\",\"@id\":\"https:\/\/truckned.nl\/product\/pin-stiholt\/#breadcrumb\",\"itemListElement\":[{\"@type\":\"ListItem\",\"position\":1,\"name\":\"Home\",\"item\":\"https:\/\/truckned.nl\/\"},{\"@type\":\"ListItem\",\"position\":2,\"name\":\"Shop\",\"item\":\"https:\/\/truckned.nl\/nl\/shop\/\"},{\"@type\":\"ListItem\",\"position\":3,\"name\":\"Cabine - accessoires\",\"item\":\"https:\/\/truckned.nl\/product-categorie\/cabine-accessoires\/\"},{\"@type\":\"ListItem\",\"position\":4,\"name\":\"PIN &#8211; Stiholt\"}]},{\"@type\":\"WebSite\",\"@id\":\"https:\/\/truckned.nl\/nl\/#website\",\"url\":\"https:\/\/truckned.nl\/nl\/\",\"name\":\"Truckned\",\"description\":\"\",\"publisher\":{\"@id\":\"https:\/\/truckned.nl\/nl\/#organization\"},\"potentialAction\":[{\"@type\":\"SearchAction\",\"target\":{\"@type\":\"EntryPoint\",\"urlTemplate\":\"https:\/\/truckned.nl\/nl\/?s={search_term_string}\"},\"query-input\":{\"@type\":\"PropertyValueSpecification\",\"valueRequired\":true,\"valueName\":\"search_term_string\"}}],\"inLanguage\":\"nl-NL\"},{\"@type\":\"Organization\",\"@id\":\"https:\/\/truckned.nl\/nl\/#organization\",\"name\":\"Truckned\",\"url\":\"https:\/\/truckned.nl\/nl\/\",\"logo\":{\"@type\":\"ImageObject\",\"inLanguage\":\"nl-NL\",\"@id\":\"https:\/\/truckned.nl\/nl\/#\/schema\/logo\/image\/\",\"url\":\"https:\/\/truckned.nl\/wp-content\/uploads\/2022\/10\/800x800-Truckned-logo-zonder-tekst-ZWART.png\",\"contentUrl\":\"https:\/\/truckned.nl\/wp-content\/uploads\/2022\/10\/800x800-Truckned-logo-zonder-tekst-ZWART.png\",\"width\":801,\"height\":801,\"caption\":\"Truckned\"},\"image\":{\"@id\":\"https:\/\/truckned.nl\/nl\/#\/schema\/logo\/image\/\"},\"sameAs\":[\"https:\/\/www.facebook.com\/truckned\/\",\"https:\/\/www.instagram.com\/truckned\/\"],\"vatID\":\"NL863960509B01\",\"taxID\":\"86417487\",\"hasMerchantReturnPolicy\":{\"@type\":\"MerchantReturnPolicy\",\"merchantReturnLink\":\"https:\/\/truckned.nl\/nl\/verzenden-retourneren\/\"}}]}<\/script>\n<meta property=\"product:brand\" content=\"Nedking\" \/>\n<meta property=\"product:price:amount\" content=\"7.95\" \/>\n<meta property=\"product:price:currency\" content=\"EUR\" \/>\n<meta property=\"og:availability\" content=\"instock\" \/>\n<meta property=\"product:availability\" content=\"instock\" \/>\n<meta property=\"product:retailer_item_id\" content=\"TN-501001\" \/>\n<meta property=\"product:condition\" content=\"new\" \/>\n<!-- \/ Yoast SEO Premium plugin. -->","yoast_head_json":{"title":"PIN - Stiholt - Truckned - truck accessoires en meer","description":"PIN - Stiholt - 3D effect - puur vakmanschap - hoogwaardige metalen pin - perfecte accessoire voor je cabine - verzamel alle pins","robots":{"index":"index","follow":"follow","max-snippet":"max-snippet:-1","max-image-preview":"max-image-preview:large","max-video-preview":"max-video-preview:-1"},"canonical":"https:\/\/truckned.nl\/nl\/product\/pin-stiholt\/","og_locale":"nl_NL","og_type":"article","og_title":"PIN - Stiholt - Truckned - truck accessoires en meer","og_description":"PIN - Stiholt - 3D effect - puur vakmanschap - hoogwaardige metalen pin - perfecte accessoire voor je cabine - verzamel alle pins","og_url":"https:\/\/truckned.nl\/nl\/product\/pin-stiholt\/","og_site_name":"Truckned","article_publisher":"https:\/\/www.facebook.com\/truckned\/","article_modified_time":"2026-05-03T20:38:25+00:00","og_image":[{"width":800,"height":800,"url":"https:\/\/truckned.nl\/wp-content\/uploads\/2025\/10\/TN-501001-SM.png","type":"image\/png"}],"twitter_misc":{"Prijs":"&euro;7,95","Beschikbaarheid":"Op voorraad"},"schema":{"@context":"https:\/\/schema.org","@graph":[{"@type":["WebPage","ItemPage"],"@id":"https:\/\/truckned.nl\/product\/pin-stiholt\/","url":"https:\/\/truckned.nl\/product\/pin-stiholt\/","name":"PIN - Stiholt - Truckned - truck accessoires en meer","isPartOf":{"@id":"https:\/\/truckned.nl\/nl\/#website"},"primaryImageOfPage":{"@id":"https:\/\/truckned.nl\/product\/pin-stiholt\/#primaryimage"},"image":{"@id":"https:\/\/truckned.nl\/product\/pin-stiholt\/#primaryimage"},"thumbnailUrl":"https:\/\/truckned.nl\/wp-content\/uploads\/2025\/10\/TN-501001.png","datePublished":"2025-04-14T14:00:35+00:00","dateModified":"2026-05-03T20:38:25+00:00","description":"PIN - Stiholt - 3D effect - puur vakmanschap - hoogwaardige metalen pin - perfecte accessoire voor je cabine - verzamel alle pins","breadcrumb":{"@id":"https:\/\/truckned.nl\/product\/pin-stiholt\/#breadcrumb"},"inLanguage":"nl-NL","potentialAction":[{"@type":"ReadAction","target":["https:\/\/truckned.nl\/product\/pin-stiholt\/"]}]},{"@type":"ImageObject","inLanguage":"nl-NL","@id":"https:\/\/truckned.nl\/product\/pin-stiholt\/#primaryimage","url":"https:\/\/truckned.nl\/wp-content\/uploads\/2025\/10\/TN-501001.png","contentUrl":"https:\/\/truckned.nl\/wp-content\/uploads\/2025\/10\/TN-501001.png","width":800,"height":800,"caption":"PIN - Stiholt - TN-501001 - nostalgie op je dashboard - metalen pin - Nedking"},{"@type":"BreadcrumbList","@id":"https:\/\/truckned.nl\/product\/pin-stiholt\/#breadcrumb","itemListElement":[{"@type":"ListItem","position":1,"name":"Home","item":"https:\/\/truckned.nl\/"},{"@type":"ListItem","position":2,"name":"Shop","item":"https:\/\/truckned.nl\/nl\/shop\/"},{"@type":"ListItem","position":3,"name":"Cabine - accessoires","item":"https:\/\/truckned.nl\/product-categorie\/cabine-accessoires\/"},{"@type":"ListItem","position":4,"name":"PIN &#8211; Stiholt"}]},{"@type":"WebSite","@id":"https:\/\/truckned.nl\/nl\/#website","url":"https:\/\/truckned.nl\/nl\/","name":"Truckned","description":"","publisher":{"@id":"https:\/\/truckned.nl\/nl\/#organization"},"potentialAction":[{"@type":"SearchAction","target":{"@type":"EntryPoint","urlTemplate":"https:\/\/truckned.nl\/nl\/?s={search_term_string}"},"query-input":{"@type":"PropertyValueSpecification","valueRequired":true,"valueName":"search_term_string"}}],"inLanguage":"nl-NL"},{"@type":"Organization","@id":"https:\/\/truckned.nl\/nl\/#organization","name":"Truckned","url":"https:\/\/truckned.nl\/nl\/","logo":{"@type":"ImageObject","inLanguage":"nl-NL","@id":"https:\/\/truckned.nl\/nl\/#\/schema\/logo\/image\/","url":"https:\/\/truckned.nl\/wp-content\/uploads\/2022\/10\/800x800-Truckned-logo-zonder-tekst-ZWART.png","contentUrl":"https:\/\/truckned.nl\/wp-content\/uploads\/2022\/10\/800x800-Truckned-logo-zonder-tekst-ZWART.png","width":801,"height":801,"caption":"Truckned"},"image":{"@id":"https:\/\/truckned.nl\/nl\/#\/schema\/logo\/image\/"},"sameAs":["https:\/\/www.facebook.com\/truckned\/","https:\/\/www.instagram.com\/truckned\/"],"vatID":"NL863960509B01","taxID":"86417487","hasMerchantReturnPolicy":{"@type":"MerchantReturnPolicy","merchantReturnLink":"https:\/\/truckned.nl\/nl\/verzenden-retourneren\/"}}]},"product_brand":"Nedking","product_price_amount":"7.95","product_price_currency":"EUR","og_availability":"instock","product_availability":"instock","product_retailer_item_id":"TN-501001","product_condition":"new"},"_links":{"self":[{"href":"https:\/\/truckned.nl\/nl\/wp-json\/wp\/v2\/product\/33127","targetHints":{"allow":["GET"]}}],"collection":[{"href":"https:\/\/truckned.nl\/nl\/wp-json\/wp\/v2\/product"}],"about":[{"href":"https:\/\/truckned.nl\/nl\/wp-json\/wp\/v2\/types\/product"}],"replies":[{"embeddable":true,"href":"https:\/\/truckned.nl\/nl\/wp-json\/wp\/v2\/comments?post=33127"}],"wp:featuredmedia":[{"embeddable":true,"href":"https:\/\/truckned.nl\/nl\/wp-json\/wp\/v2\/media\/33146"}],"wp:attachment":[{"href":"https:\/\/truckned.nl\/nl\/wp-json\/wp\/v2\/media?parent=33127"}],"wp:term":[{"taxonomy":"product_brand","embeddable":true,"href":"https:\/\/truckned.nl\/nl\/wp-json\/wp\/v2\/product_brand?post=33127"},{"taxonomy":"product_cat","embeddable":true,"href":"https:\/\/truckned.nl\/nl\/wp-json\/wp\/v2\/product_cat?post=33127"},{"taxonomy":"product_tag","embeddable":true,"href":"https:\/\/truckned.nl\/nl\/wp-json\/wp\/v2\/product_tag?post=33127"}],"curies":[{"name":"wp","href":"https:\/\/api.w.org\/{rel}","templated":true}]}}